{"id":21105,"date":"2024-12-11T08:42:47","date_gmt":"2024-12-11T06:42:47","guid":{"rendered":"https:\/\/swissmilitarywatches.ch\/shop\/swiss-military-sm34107-10-reloj-cronografo-clasico-con-correa-de-cuero-negra\/"},"modified":"2025-11-24T00:01:37","modified_gmt":"2025-11-23T22:01:37","slug":"swiss-military-sm34107-10-reloj-cronografo-clasico-con-correa-de-cuero-negra","status":"publish","type":"product","link":"https:\/\/swissmilitarywatches.ch\/es\/tienda\/swiss-military-sm34107-10-reloj-cronografo-clasico-con-correa-de-cuero-negra\/","title":{"rendered":"Swiss Military SM34107.10 &#8211; Reloj Cron\u00f3grafo Cl\u00e1sico con Correa de Cuero Negra"},"content":{"rendered":"<div class=\"flex-shrink-0 flex flex-col relative items-end\">\n<div>\n<div class=\"pt-0\">\n<div class=\"gizmo-bot-avatar flex h-8 w-8 items-center justify-center overflow-hidden rounded-full\">\n<div class=\"relative p-1 rounded-sm flex items-center justify-center bg-token-main-surface-primary text-token-text-primary h-8 w-8\">El reloj cron\u00f3grafo cl\u00e1sico <span style=\"color: #555555;\">Swiss Military SM34107.10<\/span><span style=\"color: #555555;\"> combina un dise\u00f1o atemporal con una sofisticaci\u00f3n deportiva. Presenta una esfera <\/span>negra con acabado sunray<span style=\"color: #555555;\">, que ofrece un aspecto refinado y vers\u00e1til, ideal para cualquier ocasi\u00f3n. Junto con una <\/span>elegante correa de cuero negra, <span style=\"color: #555555;\">este reloj irradia elegancia y comodidad.<\/span><\/div>\n<\/div>\n<\/div>\n<\/div>\n<\/div>\n<div class=\"group\/conversation-turn relative flex w-full min-w-0 flex-col agent-turn\">\n<div class=\"flex-col gap-1 md:gap-3\">\n<div class=\"flex max-w-full flex-col flex-grow\">\n<div class=\"min-h-8 text-message flex w-full flex-col items-end gap-2 whitespace-normal break-words text-start [.text-message+&amp;]:mt-5\" dir=\"auto\" data-message-author-role=\"assistant\" data-message-id=\"9d61e209-3f2f-462b-bfcf-94b598603ae7\" data-message-model-slug=\"gpt-4o\">\n<div class=\"flex w-full flex-col gap-1 empty:hidden first:pt-[3px]\">\n<div class=\"markdown prose w-full break-words dark:prose-invert light\">\n<p>Protegida por un cristal de zafiro resistente a los ara\u00f1azos, la esfera permanece clara e impecable incluso con el uso diario. Las manecillas e indicadores luminiscentes garantizan una excelente legibilidad en todas las condiciones de luz. Equipado con un movimiento cron\u00f3grafo de fabricaci\u00f3n suiza, ofrece precisi\u00f3n y rendimiento confiables. Cada reloj es ensamblado a mano en nuestro atelier suizo, reflejando una artesan\u00eda excepcional y una atenci\u00f3n meticulosa a los detalles. Para brindarte mayor tranquilidad, este reloj incluye una garant\u00eda internacional de 5 a\u00f1os, asegurando una durabilidad en la que puedes confiar.<\/p>\n<p><strong>Caracter\u00edsticas clave:<\/strong><\/p>\n<ul>\n<li><strong>Esfera:<\/strong> Esfera negra con efecto sol brillante, agujas y marcadores luminosos para una lectura f\u00e1cil.<\/li>\n<li><strong>Caja:<\/strong> caja de acero inoxidable de 40 mm con un acabado pulido y atemporal.<\/li>\n<li><strong>Correa:<\/strong> correa de cuero negro suave para m\u00e1xima comodidad y estilo.<\/li>\n<li><strong>Cristal:<\/strong> cristal de zafiro resistente a los ara\u00f1azos para una claridad duradera.<\/li>\n<li><strong>Movimiento:<\/strong> preciso movimiento cron\u00f3grafo de fabricaci\u00f3n suiza para una medici\u00f3n del tiempo confiable.<\/li>\n<li><strong>Ensamblaje:<\/strong> ensamblado a mano con maestr\u00eda en nuestro propio atelier suizo.<\/li>\n<li><strong>Garant\u00eda:<\/strong> incluye una garant\u00eda internacional de 5 a\u00f1os para tu tranquilidad.<\/li>\n<\/ul>\n<\/div>\n<\/div>\n<\/div>\n<\/div>\n<\/div>\n<\/div>\n","protected":false},"excerpt":{"rendered":"<p>El reloj cron\u00f3grafo cl\u00e1sico <strong>Swiss Military SM34107.10<\/strong> cuenta con una esfera negra con acabado sunray, una caja de acero inoxidable y una correa de cuero negra, ofreciendo una elegancia vers\u00e1til.<\/p>\n","protected":false},"featured_media":21020,"comment_status":"open","ping_status":"closed","template":"","meta":[],"product_brand":[],"product_cat":[2972,1813,1816,1823],"product_tag":[],"class_list":{"0":"post-21105","1":"product","2":"type-product","3":"status-publish","4":"has-post-thumbnail","6":"product_cat-sm34107-es","7":"product_cat-todos-los-relojes-es","8":"product_cat-relojes-hombre-es","9":"product_cat-cronografo","10":"product_shipping_class-envio-flexible-es","12":"first","13":"instock","14":"taxable","15":"shipping-taxable","16":"purchasable","17":"product-type-simple"},"yoast_head":"<!-- This site is optimized with the Yoast SEO Premium plugin v26.6 (Yoast SEO v26.6) - https:\/\/yoast.com\/wordpress\/plugins\/seo\/ -->\n<title>Swiss Military SM34107.10 - Reloj Cron\u00f3grafo Cl\u00e1sico con Correa de Cuero Negra<\/title>\n<meta name=\"description\" content=\"Reloj cron\u00f3grafo cl\u00e1sico Swiss Military SM34107.10 con esfera negra con acabado sunray, caja de acero inoxidable, movimiento de fabricaci\u00f3n suiza y correa de cuero negra. Garant\u00eda de 5 a\u00f1os.\" \/>\n<meta name=\"robots\" content=\"index, follow, max-snippet:-1, max-image-preview:large, max-video-preview:-1\" \/>\n<link rel=\"canonical\" href=\"https:\/\/swissmilitarywatches.ch\/es\/tienda\/swiss-military-sm34107-10-reloj-cronografo-clasico-con-correa-de-cuero-negra\/\" \/>\n<meta property=\"og:locale\" content=\"es_ES\" \/>\n<meta property=\"og:type\" content=\"article\" \/>\n<meta property=\"og:title\" content=\"Swiss Military SM34107.10 - Reloj Cron\u00f3grafo Cl\u00e1sico con Correa de Cuero Negra\" \/>\n<meta property=\"og:description\" content=\"Reloj cron\u00f3grafo cl\u00e1sico Swiss Military SM34107.10 con esfera negra con acabado sunray, caja de acero inoxidable, movimiento de fabricaci\u00f3n suiza y correa de cuero negra. Garant\u00eda de 5 a\u00f1os.\" \/>\n<meta property=\"og:url\" content=\"https:\/\/swissmilitarywatches.ch\/es\/tienda\/swiss-military-sm34107-10-reloj-cronografo-clasico-con-correa-de-cuero-negra\/\" \/>\n<meta property=\"og:site_name\" content=\"Swiss Military by Chrono\" \/>\n<meta property=\"article:publisher\" content=\"https:\/\/m.facebook.com\/swissmilitarybychronoofficial\/\" \/>\n<meta property=\"article:modified_time\" content=\"2025-11-23T22:01:37+00:00\" \/>\n<meta property=\"og:image\" content=\"https:\/\/swissmilitarywatches.ch\/wp-content\/uploads\/2024\/12\/SM34107.10.png\" \/>\n\t<meta property=\"og:image:width\" content=\"1300\" \/>\n\t<meta property=\"og:image:height\" content=\"1642\" \/>\n\t<meta property=\"og:image:type\" content=\"image\/png\" \/>\n<meta name=\"twitter:card\" content=\"summary_large_image\" \/>\n<meta name=\"twitter:label1\" content=\"Precio\" \/>\n\t<meta name=\"twitter:data1\" content=\"&euro;349.00 con IVA\" \/>\n\t<meta name=\"twitter:label2\" content=\"Disponibilidad\" \/>\n\t<meta name=\"twitter:data2\" content=\"Disponible\" \/>\n<script type=\"application\/ld+json\" class=\"yoast-schema-graph\">{\"@context\":\"https:\/\/schema.org\",\"@graph\":[{\"@type\":\"WebPage\",\"@id\":\"https:\/\/swissmilitarywatches.ch\/es\/tienda\/swiss-military-sm34107-10-reloj-cronografo-clasico-con-correa-de-cuero-negra\/\",\"url\":\"https:\/\/swissmilitarywatches.ch\/es\/tienda\/swiss-military-sm34107-10-reloj-cronografo-clasico-con-correa-de-cuero-negra\/\",\"name\":\"Swiss Military SM34107.10 - Reloj Cron\u00f3grafo Cl\u00e1sico con Correa de Cuero Negra\",\"isPartOf\":{\"@id\":\"https:\/\/swissmilitarywatches.ch\/es\/#website\"},\"primaryImageOfPage\":{\"@id\":\"https:\/\/swissmilitarywatches.ch\/es\/tienda\/swiss-military-sm34107-10-reloj-cronografo-clasico-con-correa-de-cuero-negra\/#primaryimage\"},\"image\":{\"@id\":\"https:\/\/swissmilitarywatches.ch\/es\/tienda\/swiss-military-sm34107-10-reloj-cronografo-clasico-con-correa-de-cuero-negra\/#primaryimage\"},\"thumbnailUrl\":\"https:\/\/swissmilitarywatches.ch\/wp-content\/uploads\/2024\/12\/SM34107.10.png\",\"datePublished\":\"2024-12-11T06:42:47+00:00\",\"dateModified\":\"2025-11-23T22:01:37+00:00\",\"description\":\"Reloj cron\u00f3grafo cl\u00e1sico Swiss Military SM34107.10 con esfera negra con acabado sunray, caja de acero inoxidable, movimiento de fabricaci\u00f3n suiza y correa de cuero negra. Garant\u00eda de 5 a\u00f1os.\",\"breadcrumb\":{\"@id\":\"https:\/\/swissmilitarywatches.ch\/es\/tienda\/swiss-military-sm34107-10-reloj-cronografo-clasico-con-correa-de-cuero-negra\/#breadcrumb\"},\"inLanguage\":\"es\",\"potentialAction\":[{\"@type\":\"ReadAction\",\"target\":[\"https:\/\/swissmilitarywatches.ch\/es\/tienda\/swiss-military-sm34107-10-reloj-cronografo-clasico-con-correa-de-cuero-negra\/\"]}]},{\"@type\":\"ImageObject\",\"inLanguage\":\"es\",\"@id\":\"https:\/\/swissmilitarywatches.ch\/es\/tienda\/swiss-military-sm34107-10-reloj-cronografo-clasico-con-correa-de-cuero-negra\/#primaryimage\",\"url\":\"https:\/\/swissmilitarywatches.ch\/wp-content\/uploads\/2024\/12\/SM34107.10.png\",\"contentUrl\":\"https:\/\/swissmilitarywatches.ch\/wp-content\/uploads\/2024\/12\/SM34107.10.png\",\"width\":1300,\"height\":1642,\"caption\":\"Swiss Military SM34107.10 - Classic Chronograph Watch featuring a refined black dial and sleek black leather strap for timeless elegance.\"},{\"@type\":\"BreadcrumbList\",\"@id\":\"https:\/\/swissmilitarywatches.ch\/es\/tienda\/swiss-military-sm34107-10-reloj-cronografo-clasico-con-correa-de-cuero-negra\/#breadcrumb\",\"itemListElement\":[{\"@type\":\"ListItem\",\"position\":1,\"name\":\"Home\",\"item\":\"https:\/\/swissmilitarywatches.ch\/es\/pagina-principal-2\/\"},{\"@type\":\"ListItem\",\"position\":2,\"name\":\"Tienda\",\"item\":\"https:\/\/swissmilitarywatches.ch\/es\/tienda\/\"},{\"@type\":\"ListItem\",\"position\":3,\"name\":\"Todos los relojes\",\"item\":\"https:\/\/swissmilitarywatches.ch\/es\/categoria-de-producto\/todos-los-relojes-es\/\"},{\"@type\":\"ListItem\",\"position\":4,\"name\":\"Relojes de hombre\",\"item\":\"https:\/\/swissmilitarywatches.ch\/es\/categoria-de-producto\/todos-los-relojes-es\/relojes-hombre-es\/\"},{\"@type\":\"ListItem\",\"position\":5,\"name\":\"Cron\u00f3grafo\",\"item\":\"https:\/\/swissmilitarywatches.ch\/es\/categoria-de-producto\/todos-los-relojes-es\/relojes-hombre-es\/cronografo\/\"},{\"@type\":\"ListItem\",\"position\":6,\"name\":\"Swiss Military SM34107.10 &#8211; Reloj Cron\u00f3grafo Cl\u00e1sico con Correa de Cuero Negra\"}]},{\"@type\":\"WebSite\",\"@id\":\"https:\/\/swissmilitarywatches.ch\/es\/#website\",\"url\":\"https:\/\/swissmilitarywatches.ch\/es\/\",\"name\":\"Swiss Military by Chrono\",\"description\":\"Official Licensed Product of the Swiss Confederation\",\"publisher\":{\"@id\":\"https:\/\/swissmilitarywatches.ch\/es\/#organization\"},\"potentialAction\":[{\"@type\":\"SearchAction\",\"target\":{\"@type\":\"EntryPoint\",\"urlTemplate\":\"https:\/\/swissmilitarywatches.ch\/es\/?s={search_term_string}\"},\"query-input\":{\"@type\":\"PropertyValueSpecification\",\"valueRequired\":true,\"valueName\":\"search_term_string\"}}],\"inLanguage\":\"es\"},{\"@type\":\"Organization\",\"@id\":\"https:\/\/swissmilitarywatches.ch\/es\/#organization\",\"name\":\"Swiss Military by Chrono\",\"url\":\"https:\/\/swissmilitarywatches.ch\/es\/\",\"logo\":{\"@type\":\"ImageObject\",\"inLanguage\":\"es\",\"@id\":\"https:\/\/swissmilitarywatches.ch\/es\/#\/schema\/logo\/image\/\",\"url\":\"https:\/\/swissmilitarywatches.ch\/wp-content\/uploads\/2020\/04\/cropped-SM_logo_512x512px.jpg\",\"contentUrl\":\"https:\/\/swissmilitarywatches.ch\/wp-content\/uploads\/2020\/04\/cropped-SM_logo_512x512px.jpg\",\"width\":512,\"height\":512,\"caption\":\"Swiss Military by Chrono\"},\"image\":{\"@id\":\"https:\/\/swissmilitarywatches.ch\/es\/#\/schema\/logo\/image\/\"},\"sameAs\":[\"https:\/\/m.facebook.com\/swissmilitarybychronoofficial\/\",\"https:\/\/www.instagram.com\/swissmilitarybychrono\/\",\"https:\/\/www.pinterest.ch\/swissmilitarybychrono\/\"]}]}<\/script>\n<meta property=\"product:brand\" content=\"Swiss Military by Chrono\" \/>\n<meta property=\"product:price:amount\" content=\"349.00\" \/>\n<meta property=\"product:price:currency\" content=\"EUR\" \/>\n<meta property=\"og:availability\" content=\"instock\" \/>\n<meta property=\"product:availability\" content=\"instock\" \/>\n<meta property=\"product:retailer_item_id\" content=\"SM34107.10\" \/>\n<meta property=\"product:condition\" content=\"new\" \/>\n<!-- \/ Yoast SEO Premium plugin. -->","yoast_head_json":{"title":"Swiss Military SM34107.10 - Reloj Cron\u00f3grafo Cl\u00e1sico con Correa de Cuero Negra","description":"Reloj cron\u00f3grafo cl\u00e1sico Swiss Military SM34107.10 con esfera negra con acabado sunray, caja de acero inoxidable, movimiento de fabricaci\u00f3n suiza y correa de cuero negra. Garant\u00eda de 5 a\u00f1os.","robots":{"index":"index","follow":"follow","max-snippet":"max-snippet:-1","max-image-preview":"max-image-preview:large","max-video-preview":"max-video-preview:-1"},"canonical":"https:\/\/swissmilitarywatches.ch\/es\/tienda\/swiss-military-sm34107-10-reloj-cronografo-clasico-con-correa-de-cuero-negra\/","og_locale":"es_ES","og_type":"article","og_title":"Swiss Military SM34107.10 - Reloj Cron\u00f3grafo Cl\u00e1sico con Correa de Cuero Negra","og_description":"Reloj cron\u00f3grafo cl\u00e1sico Swiss Military SM34107.10 con esfera negra con acabado sunray, caja de acero inoxidable, movimiento de fabricaci\u00f3n suiza y correa de cuero negra. Garant\u00eda de 5 a\u00f1os.","og_url":"https:\/\/swissmilitarywatches.ch\/es\/tienda\/swiss-military-sm34107-10-reloj-cronografo-clasico-con-correa-de-cuero-negra\/","og_site_name":"Swiss Military by Chrono","article_publisher":"https:\/\/m.facebook.com\/swissmilitarybychronoofficial\/","article_modified_time":"2025-11-23T22:01:37+00:00","og_image":[{"width":1300,"height":1642,"url":"https:\/\/swissmilitarywatches.ch\/wp-content\/uploads\/2024\/12\/SM34107.10.png","type":"image\/png"}],"twitter_card":"summary_large_image","twitter_misc":{"Precio":"&euro;349.00 con IVA","Disponibilidad":"Disponible"},"schema":{"@context":"https:\/\/schema.org","@graph":[{"@type":"WebPage","@id":"https:\/\/swissmilitarywatches.ch\/es\/tienda\/swiss-military-sm34107-10-reloj-cronografo-clasico-con-correa-de-cuero-negra\/","url":"https:\/\/swissmilitarywatches.ch\/es\/tienda\/swiss-military-sm34107-10-reloj-cronografo-clasico-con-correa-de-cuero-negra\/","name":"Swiss Military SM34107.10 - Reloj Cron\u00f3grafo Cl\u00e1sico con Correa de Cuero Negra","isPartOf":{"@id":"https:\/\/swissmilitarywatches.ch\/es\/#website"},"primaryImageOfPage":{"@id":"https:\/\/swissmilitarywatches.ch\/es\/tienda\/swiss-military-sm34107-10-reloj-cronografo-clasico-con-correa-de-cuero-negra\/#primaryimage"},"image":{"@id":"https:\/\/swissmilitarywatches.ch\/es\/tienda\/swiss-military-sm34107-10-reloj-cronografo-clasico-con-correa-de-cuero-negra\/#primaryimage"},"thumbnailUrl":"https:\/\/swissmilitarywatches.ch\/wp-content\/uploads\/2024\/12\/SM34107.10.png","datePublished":"2024-12-11T06:42:47+00:00","dateModified":"2025-11-23T22:01:37+00:00","description":"Reloj cron\u00f3grafo cl\u00e1sico Swiss Military SM34107.10 con esfera negra con acabado sunray, caja de acero inoxidable, movimiento de fabricaci\u00f3n suiza y correa de cuero negra. Garant\u00eda de 5 a\u00f1os.","breadcrumb":{"@id":"https:\/\/swissmilitarywatches.ch\/es\/tienda\/swiss-military-sm34107-10-reloj-cronografo-clasico-con-correa-de-cuero-negra\/#breadcrumb"},"inLanguage":"es","potentialAction":[{"@type":"ReadAction","target":["https:\/\/swissmilitarywatches.ch\/es\/tienda\/swiss-military-sm34107-10-reloj-cronografo-clasico-con-correa-de-cuero-negra\/"]}]},{"@type":"ImageObject","inLanguage":"es","@id":"https:\/\/swissmilitarywatches.ch\/es\/tienda\/swiss-military-sm34107-10-reloj-cronografo-clasico-con-correa-de-cuero-negra\/#primaryimage","url":"https:\/\/swissmilitarywatches.ch\/wp-content\/uploads\/2024\/12\/SM34107.10.png","contentUrl":"https:\/\/swissmilitarywatches.ch\/wp-content\/uploads\/2024\/12\/SM34107.10.png","width":1300,"height":1642,"caption":"Swiss Military SM34107.10 - Classic Chronograph Watch featuring a refined black dial and sleek black leather strap for timeless elegance."},{"@type":"BreadcrumbList","@id":"https:\/\/swissmilitarywatches.ch\/es\/tienda\/swiss-military-sm34107-10-reloj-cronografo-clasico-con-correa-de-cuero-negra\/#breadcrumb","itemListElement":[{"@type":"ListItem","position":1,"name":"Home","item":"https:\/\/swissmilitarywatches.ch\/es\/pagina-principal-2\/"},{"@type":"ListItem","position":2,"name":"Tienda","item":"https:\/\/swissmilitarywatches.ch\/es\/tienda\/"},{"@type":"ListItem","position":3,"name":"Todos los relojes","item":"https:\/\/swissmilitarywatches.ch\/es\/categoria-de-producto\/todos-los-relojes-es\/"},{"@type":"ListItem","position":4,"name":"Relojes de hombre","item":"https:\/\/swissmilitarywatches.ch\/es\/categoria-de-producto\/todos-los-relojes-es\/relojes-hombre-es\/"},{"@type":"ListItem","position":5,"name":"Cron\u00f3grafo","item":"https:\/\/swissmilitarywatches.ch\/es\/categoria-de-producto\/todos-los-relojes-es\/relojes-hombre-es\/cronografo\/"},{"@type":"ListItem","position":6,"name":"Swiss Military SM34107.10 &#8211; Reloj Cron\u00f3grafo Cl\u00e1sico con Correa de Cuero Negra"}]},{"@type":"WebSite","@id":"https:\/\/swissmilitarywatches.ch\/es\/#website","url":"https:\/\/swissmilitarywatches.ch\/es\/","name":"Swiss Military by Chrono","description":"Official Licensed Product of the Swiss Confederation","publisher":{"@id":"https:\/\/swissmilitarywatches.ch\/es\/#organization"},"potentialAction":[{"@type":"SearchAction","target":{"@type":"EntryPoint","urlTemplate":"https:\/\/swissmilitarywatches.ch\/es\/?s={search_term_string}"},"query-input":{"@type":"PropertyValueSpecification","valueRequired":true,"valueName":"search_term_string"}}],"inLanguage":"es"},{"@type":"Organization","@id":"https:\/\/swissmilitarywatches.ch\/es\/#organization","name":"Swiss Military by Chrono","url":"https:\/\/swissmilitarywatches.ch\/es\/","logo":{"@type":"ImageObject","inLanguage":"es","@id":"https:\/\/swissmilitarywatches.ch\/es\/#\/schema\/logo\/image\/","url":"https:\/\/swissmilitarywatches.ch\/wp-content\/uploads\/2020\/04\/cropped-SM_logo_512x512px.jpg","contentUrl":"https:\/\/swissmilitarywatches.ch\/wp-content\/uploads\/2020\/04\/cropped-SM_logo_512x512px.jpg","width":512,"height":512,"caption":"Swiss Military by Chrono"},"image":{"@id":"https:\/\/swissmilitarywatches.ch\/es\/#\/schema\/logo\/image\/"},"sameAs":["https:\/\/m.facebook.com\/swissmilitarybychronoofficial\/","https:\/\/www.instagram.com\/swissmilitarybychrono\/","https:\/\/www.pinterest.ch\/swissmilitarybychrono\/"]}]},"product_brand":"Swiss Military by Chrono","product_price_amount":"349.00","product_price_currency":"EUR","og_availability":"instock","product_availability":"instock","product_retailer_item_id":"SM34107.10","product_condition":"new"},"jetpack_sharing_enabled":true,"_links":{"self":[{"href":"https:\/\/swissmilitarywatches.ch\/es\/wp-json\/wp\/v2\/product\/21105","targetHints":{"allow":["GET"]}}],"collection":[{"href":"https:\/\/swissmilitarywatches.ch\/es\/wp-json\/wp\/v2\/product"}],"about":[{"href":"https:\/\/swissmilitarywatches.ch\/es\/wp-json\/wp\/v2\/types\/product"}],"replies":[{"embeddable":true,"href":"https:\/\/swissmilitarywatches.ch\/es\/wp-json\/wp\/v2\/comments?post=21105"}],"wp:featuredmedia":[{"embeddable":true,"href":"https:\/\/swissmilitarywatches.ch\/es\/wp-json\/wp\/v2\/media\/21020"}],"wp:attachment":[{"href":"https:\/\/swissmilitarywatches.ch\/es\/wp-json\/wp\/v2\/media?parent=21105"}],"wp:term":[{"taxonomy":"product_brand","embeddable":true,"href":"https:\/\/swissmilitarywatches.ch\/es\/wp-json\/wp\/v2\/product_brand?post=21105"},{"taxonomy":"product_cat","embeddable":true,"href":"https:\/\/swissmilitarywatches.ch\/es\/wp-json\/wp\/v2\/product_cat?post=21105"},{"taxonomy":"product_tag","embeddable":true,"href":"https:\/\/swissmilitarywatches.ch\/es\/wp-json\/wp\/v2\/product_tag?post=21105"}],"curies":[{"name":"wp","href":"https:\/\/api.w.org\/{rel}","templated":true}]}}