{"id":18551,"date":"2024-01-18T12:17:36","date_gmt":"2024-01-18T10:17:36","guid":{"rendered":"https:\/\/swissmilitarywatches.ch\/shop\/swiss-military-sma34106-02-reloj-de-buceo-automatico-200\/"},"modified":"2025-11-24T00:01:29","modified_gmt":"2025-11-23T22:01:29","slug":"swiss-military-sma34106-02-automatic-dive-watch-200-es","status":"publish","type":"product","link":"https:\/\/swissmilitarywatches.ch\/es\/tienda\/swiss-military-sma34106-02-automatic-dive-watch-200-es\/","title":{"rendered":"Swiss Military SMA34106.02 &#8211; Reloj de Buceo Autom\u00e1tico 200"},"content":{"rendered":"<p><span style=\"font-size: 100%;\">Entre en el reino de nuestro Reloj de Buceo Autom\u00e1tico 200 SMA34106, elaborado con la elegancia de la artesan\u00eda suiza y el esp\u00edritu del oc\u00e9ano. El bisel de zafiro giratorio unidireccional abombado con n\u00fameros luminosos verdes aporta al reloj una est\u00e9tica, funcionalidad y robustez impresionante. Fabricado con acero inoxidable y equipado con una corona atornillada, este reloj de buceo para hombre afronta los retos del mundo submarino, pero tambi\u00e9n de la jungla urbana. La esfera azul, complementada con manecillas e \u00edndices luminosos, est\u00e1 protegida por un cristal de zafiro antirreflejos y resistente a rayaduras. Con un di\u00e1metro de 41,5 mm, este reloj de buceo para hombre logra el equilibrio ideal entre tama\u00f1o y comodidad. El fondo transparente de la caja ofrece una sutil mirada al arte de la relojer\u00eda suiza. Para quienes buscan una conexi\u00f3n m\u00e1s profunda con su reloj, el SMA34106 Reloj de buceo autom\u00e1tico 200 tambi\u00e9n est\u00e1 disponible en versi\u00f3n de coraz\u00f3n abierto.<\/span><\/p>\n<p><span style=\"font-size: 100%;\">Adem\u00e1s, este reloj suizo viene repleto de funciones de alta calidad dignas de un reloj de buceo militar. La caja y la correa de este modelo son de resistente acero inoxidable. El SMA34106 Reloj de buceo autom\u00e1tico 200 funciona con un movimiento autom\u00e1tico de fabricaci\u00f3n suiza y se ensambla a mano en nuestro <a href=\"https:\/\/swissmilitarywatches.ch\/es\/marca\/#brand-swiss-made\">propio taller de relojer\u00eda<\/a>. Como promesa de nuestra calidad Swiss Military Swiss Made, este reloj est\u00e1 cubierto por <a href=\"https:\/\/swissmilitarywatches.ch\/es\/garantia\/\">una garant\u00eda internacional de 5 a\u00f1os.<\/a><\/span><\/p>\n","protected":false},"excerpt":{"rendered":"<h2><span style=\"font-size: 80%;\">Bucear con estilo: La artesan\u00eda suiza se une al esp\u00edritu marino<\/span><\/h2>\n<p>El Reloj de buceo autom\u00e1tico 200 SMA34106 combina elegancia y profundidad. Ya sea sumergi\u00e9ndose en el oc\u00e9ano o navegando por la jungla urbana, este reloj es un compa\u00f1ero vers\u00e1til para aquellos que exigen tanto estilo como sustancia. Adem\u00e1s, este reloj autom\u00e1tico para hombre est\u00e1 fabricado con todas nuestras caracter\u00edsticas de calidad de fabricaci\u00f3n suiza:<\/p>\n<ul>\n<li>Bisel de zafiro luminoso, giratorio unidireccional y abombado<\/li>\n<li>Cristal de zafiro antirreflejos y resistente a rayaduras<\/li>\n<li>Corona de tornillo<\/li>\n<li>Resistencia al agua hasta 200M\/20ATM<\/li>\n<li>Caja y pulsera de acero inoxidable<\/li>\n<li>Producci\u00f3n propia Swiss Made<\/li>\n<li>Movimiento autom\u00e1tico Swiss Made<\/li>\n<li>5 a\u00f1os de garant\u00eda internacional<\/li>\n<\/ul>\n","protected":false},"featured_media":18177,"comment_status":"open","ping_status":"closed","template":"","meta":[],"product_brand":[],"product_cat":[2866,1813,1816,1814,2130],"product_tag":[],"class_list":{"0":"post-18551","1":"product","2":"type-product","3":"status-publish","4":"has-post-thumbnail","6":"product_cat-sma34106-es","7":"product_cat-todos-los-relojes-es","8":"product_cat-relojes-hombre-es","9":"product_cat-relojes-automaticos-es","10":"product_cat-relojes-con-funciones-especiales","11":"product_shipping_class-envio-flexible-es","13":"first","14":"instock","15":"taxable","16":"shipping-taxable","17":"purchasable","18":"product-type-simple"},"yoast_head":"<!-- This site is optimized with the Yoast SEO Premium plugin v26.6 (Yoast SEO v26.6) - https:\/\/yoast.com\/wordpress\/plugins\/seo\/ -->\n<title>Swiss Military SMA34106.02 - Reloj de Buceo Autom\u00e1tico 200 - Swiss Military by Chrono<\/title>\n<meta name=\"description\" content=\"Reloj de buceo autom\u00e1tico 200 con bisel de zafiro luminoso, giratorio unidireccional y abombado. Precisi\u00f3n suiza, resistente al agua hasta 200 m, \u00a15 a\u00f1os de garant\u00eda!\" \/>\n<meta name=\"robots\" content=\"index, follow, max-snippet:-1, max-image-preview:large, max-video-preview:-1\" \/>\n<link rel=\"canonical\" href=\"https:\/\/swissmilitarywatches.ch\/es\/tienda\/swiss-military-sma34106-02-automatic-dive-watch-200-es\/\" \/>\n<meta property=\"og:locale\" content=\"es_ES\" \/>\n<meta property=\"og:type\" content=\"article\" \/>\n<meta property=\"og:title\" content=\"Swiss Military SMA34106.02 - Reloj de Buceo Autom\u00e1tico 200\" \/>\n<meta property=\"og:description\" content=\"Reloj de buceo autom\u00e1tico 200 con bisel de zafiro luminoso, giratorio unidireccional y abombado. Precisi\u00f3n suiza, resistente al agua hasta 200 m, \u00a15 a\u00f1os de garant\u00eda!\" \/>\n<meta property=\"og:url\" content=\"https:\/\/swissmilitarywatches.ch\/es\/tienda\/swiss-military-sma34106-02-automatic-dive-watch-200-es\/\" \/>\n<meta property=\"og:site_name\" content=\"Swiss Military by Chrono\" \/>\n<meta property=\"article:publisher\" content=\"https:\/\/m.facebook.com\/swissmilitarybychronoofficial\/\" \/>\n<meta property=\"article:modified_time\" content=\"2025-11-23T22:01:29+00:00\" \/>\n<meta property=\"og:image\" content=\"https:\/\/swissmilitarywatches.ch\/wp-content\/uploads\/2024\/01\/SMA34106.02.png\" \/>\n\t<meta property=\"og:image:width\" content=\"1300\" \/>\n\t<meta property=\"og:image:height\" content=\"1642\" \/>\n\t<meta property=\"og:image:type\" content=\"image\/png\" \/>\n<meta name=\"twitter:card\" content=\"summary_large_image\" \/>\n<meta name=\"twitter:label1\" content=\"Precio\" \/>\n\t<meta name=\"twitter:data1\" content=\"&euro;799.00 con IVA\" \/>\n\t<meta name=\"twitter:label2\" content=\"Disponibilidad\" \/>\n\t<meta name=\"twitter:data2\" content=\"Disponible\" \/>\n<script type=\"application\/ld+json\" class=\"yoast-schema-graph\">{\"@context\":\"https:\/\/schema.org\",\"@graph\":[{\"@type\":\"WebPage\",\"@id\":\"https:\/\/swissmilitarywatches.ch\/es\/tienda\/swiss-military-sma34106-02-automatic-dive-watch-200-es\/\",\"url\":\"https:\/\/swissmilitarywatches.ch\/es\/tienda\/swiss-military-sma34106-02-automatic-dive-watch-200-es\/\",\"name\":\"Swiss Military SMA34106.02 - Reloj de Buceo Autom\u00e1tico 200 - Swiss Military by Chrono\",\"isPartOf\":{\"@id\":\"https:\/\/swissmilitarywatches.ch\/es\/#website\"},\"primaryImageOfPage\":{\"@id\":\"https:\/\/swissmilitarywatches.ch\/es\/tienda\/swiss-military-sma34106-02-automatic-dive-watch-200-es\/#primaryimage\"},\"image\":{\"@id\":\"https:\/\/swissmilitarywatches.ch\/es\/tienda\/swiss-military-sma34106-02-automatic-dive-watch-200-es\/#primaryimage\"},\"thumbnailUrl\":\"https:\/\/swissmilitarywatches.ch\/wp-content\/uploads\/2024\/01\/SMA34106.02.png\",\"datePublished\":\"2024-01-18T10:17:36+00:00\",\"dateModified\":\"2025-11-23T22:01:29+00:00\",\"description\":\"Reloj de buceo autom\u00e1tico 200 con bisel de zafiro luminoso, giratorio unidireccional y abombado. Precisi\u00f3n suiza, resistente al agua hasta 200 m, \u00a15 a\u00f1os de garant\u00eda!\",\"breadcrumb\":{\"@id\":\"https:\/\/swissmilitarywatches.ch\/es\/tienda\/swiss-military-sma34106-02-automatic-dive-watch-200-es\/#breadcrumb\"},\"inLanguage\":\"es\",\"potentialAction\":[{\"@type\":\"ReadAction\",\"target\":[\"https:\/\/swissmilitarywatches.ch\/es\/tienda\/swiss-military-sma34106-02-automatic-dive-watch-200-es\/\"]}]},{\"@type\":\"ImageObject\",\"inLanguage\":\"es\",\"@id\":\"https:\/\/swissmilitarywatches.ch\/es\/tienda\/swiss-military-sma34106-02-automatic-dive-watch-200-es\/#primaryimage\",\"url\":\"https:\/\/swissmilitarywatches.ch\/wp-content\/uploads\/2024\/01\/SMA34106.02.png\",\"contentUrl\":\"https:\/\/swissmilitarywatches.ch\/wp-content\/uploads\/2024\/01\/SMA34106.02.png\",\"width\":1300,\"height\":1642,\"caption\":\"Swiss Military SMS34106.02 - Automatic Dive Watch 200\"},{\"@type\":\"BreadcrumbList\",\"@id\":\"https:\/\/swissmilitarywatches.ch\/es\/tienda\/swiss-military-sma34106-02-automatic-dive-watch-200-es\/#breadcrumb\",\"itemListElement\":[{\"@type\":\"ListItem\",\"position\":1,\"name\":\"Home\",\"item\":\"https:\/\/swissmilitarywatches.ch\/es\/pagina-principal-2\/\"},{\"@type\":\"ListItem\",\"position\":2,\"name\":\"Tienda\",\"item\":\"https:\/\/swissmilitarywatches.ch\/es\/tienda\/\"},{\"@type\":\"ListItem\",\"position\":3,\"name\":\"Todos los relojes\",\"item\":\"https:\/\/swissmilitarywatches.ch\/es\/categoria-de-producto\/todos-los-relojes-es\/\"},{\"@type\":\"ListItem\",\"position\":4,\"name\":\"Relojes de hombre\",\"item\":\"https:\/\/swissmilitarywatches.ch\/es\/categoria-de-producto\/todos-los-relojes-es\/relojes-hombre-es\/\"},{\"@type\":\"ListItem\",\"position\":5,\"name\":\"Relojes autom\u00e1ticos\",\"item\":\"https:\/\/swissmilitarywatches.ch\/es\/categoria-de-producto\/todos-los-relojes-es\/relojes-hombre-es\/relojes-automaticos-es\/\"},{\"@type\":\"ListItem\",\"position\":6,\"name\":\"Swiss Military SMA34106.02 &#8211; Reloj de Buceo Autom\u00e1tico 200\"}]},{\"@type\":\"WebSite\",\"@id\":\"https:\/\/swissmilitarywatches.ch\/es\/#website\",\"url\":\"https:\/\/swissmilitarywatches.ch\/es\/\",\"name\":\"Swiss Military by Chrono\",\"description\":\"Official Licensed Product of the Swiss Confederation\",\"publisher\":{\"@id\":\"https:\/\/swissmilitarywatches.ch\/es\/#organization\"},\"potentialAction\":[{\"@type\":\"SearchAction\",\"target\":{\"@type\":\"EntryPoint\",\"urlTemplate\":\"https:\/\/swissmilitarywatches.ch\/es\/?s={search_term_string}\"},\"query-input\":{\"@type\":\"PropertyValueSpecification\",\"valueRequired\":true,\"valueName\":\"search_term_string\"}}],\"inLanguage\":\"es\"},{\"@type\":\"Organization\",\"@id\":\"https:\/\/swissmilitarywatches.ch\/es\/#organization\",\"name\":\"Swiss Military by Chrono\",\"url\":\"https:\/\/swissmilitarywatches.ch\/es\/\",\"logo\":{\"@type\":\"ImageObject\",\"inLanguage\":\"es\",\"@id\":\"https:\/\/swissmilitarywatches.ch\/es\/#\/schema\/logo\/image\/\",\"url\":\"https:\/\/swissmilitarywatches.ch\/wp-content\/uploads\/2020\/04\/cropped-SM_logo_512x512px.jpg\",\"contentUrl\":\"https:\/\/swissmilitarywatches.ch\/wp-content\/uploads\/2020\/04\/cropped-SM_logo_512x512px.jpg\",\"width\":512,\"height\":512,\"caption\":\"Swiss Military by Chrono\"},\"image\":{\"@id\":\"https:\/\/swissmilitarywatches.ch\/es\/#\/schema\/logo\/image\/\"},\"sameAs\":[\"https:\/\/m.facebook.com\/swissmilitarybychronoofficial\/\",\"https:\/\/www.instagram.com\/swissmilitarybychrono\/\",\"https:\/\/www.pinterest.ch\/swissmilitarybychrono\/\"]}]}<\/script>\n<meta property=\"product:brand\" content=\"Swiss Military by Chrono\" \/>\n<meta property=\"product:price:amount\" content=\"799.00\" \/>\n<meta property=\"product:price:currency\" content=\"EUR\" \/>\n<meta property=\"og:availability\" content=\"instock\" \/>\n<meta property=\"product:availability\" content=\"instock\" \/>\n<meta property=\"product:retailer_item_id\" content=\"SMA34106.02\" \/>\n<meta property=\"product:condition\" content=\"new\" \/>\n<!-- \/ Yoast SEO Premium plugin. -->","yoast_head_json":{"title":"Swiss Military SMA34106.02 - Reloj de Buceo Autom\u00e1tico 200 - Swiss Military by Chrono","description":"Reloj de buceo autom\u00e1tico 200 con bisel de zafiro luminoso, giratorio unidireccional y abombado. Precisi\u00f3n suiza, resistente al agua hasta 200 m, \u00a15 a\u00f1os de garant\u00eda!","robots":{"index":"index","follow":"follow","max-snippet":"max-snippet:-1","max-image-preview":"max-image-preview:large","max-video-preview":"max-video-preview:-1"},"canonical":"https:\/\/swissmilitarywatches.ch\/es\/tienda\/swiss-military-sma34106-02-automatic-dive-watch-200-es\/","og_locale":"es_ES","og_type":"article","og_title":"Swiss Military SMA34106.02 - Reloj de Buceo Autom\u00e1tico 200","og_description":"Reloj de buceo autom\u00e1tico 200 con bisel de zafiro luminoso, giratorio unidireccional y abombado. Precisi\u00f3n suiza, resistente al agua hasta 200 m, \u00a15 a\u00f1os de garant\u00eda!","og_url":"https:\/\/swissmilitarywatches.ch\/es\/tienda\/swiss-military-sma34106-02-automatic-dive-watch-200-es\/","og_site_name":"Swiss Military by Chrono","article_publisher":"https:\/\/m.facebook.com\/swissmilitarybychronoofficial\/","article_modified_time":"2025-11-23T22:01:29+00:00","og_image":[{"width":1300,"height":1642,"url":"https:\/\/swissmilitarywatches.ch\/wp-content\/uploads\/2024\/01\/SMA34106.02.png","type":"image\/png"}],"twitter_card":"summary_large_image","twitter_misc":{"Precio":"&euro;799.00 con IVA","Disponibilidad":"Disponible"},"schema":{"@context":"https:\/\/schema.org","@graph":[{"@type":"WebPage","@id":"https:\/\/swissmilitarywatches.ch\/es\/tienda\/swiss-military-sma34106-02-automatic-dive-watch-200-es\/","url":"https:\/\/swissmilitarywatches.ch\/es\/tienda\/swiss-military-sma34106-02-automatic-dive-watch-200-es\/","name":"Swiss Military SMA34106.02 - Reloj de Buceo Autom\u00e1tico 200 - Swiss Military by Chrono","isPartOf":{"@id":"https:\/\/swissmilitarywatches.ch\/es\/#website"},"primaryImageOfPage":{"@id":"https:\/\/swissmilitarywatches.ch\/es\/tienda\/swiss-military-sma34106-02-automatic-dive-watch-200-es\/#primaryimage"},"image":{"@id":"https:\/\/swissmilitarywatches.ch\/es\/tienda\/swiss-military-sma34106-02-automatic-dive-watch-200-es\/#primaryimage"},"thumbnailUrl":"https:\/\/swissmilitarywatches.ch\/wp-content\/uploads\/2024\/01\/SMA34106.02.png","datePublished":"2024-01-18T10:17:36+00:00","dateModified":"2025-11-23T22:01:29+00:00","description":"Reloj de buceo autom\u00e1tico 200 con bisel de zafiro luminoso, giratorio unidireccional y abombado. Precisi\u00f3n suiza, resistente al agua hasta 200 m, \u00a15 a\u00f1os de garant\u00eda!","breadcrumb":{"@id":"https:\/\/swissmilitarywatches.ch\/es\/tienda\/swiss-military-sma34106-02-automatic-dive-watch-200-es\/#breadcrumb"},"inLanguage":"es","potentialAction":[{"@type":"ReadAction","target":["https:\/\/swissmilitarywatches.ch\/es\/tienda\/swiss-military-sma34106-02-automatic-dive-watch-200-es\/"]}]},{"@type":"ImageObject","inLanguage":"es","@id":"https:\/\/swissmilitarywatches.ch\/es\/tienda\/swiss-military-sma34106-02-automatic-dive-watch-200-es\/#primaryimage","url":"https:\/\/swissmilitarywatches.ch\/wp-content\/uploads\/2024\/01\/SMA34106.02.png","contentUrl":"https:\/\/swissmilitarywatches.ch\/wp-content\/uploads\/2024\/01\/SMA34106.02.png","width":1300,"height":1642,"caption":"Swiss Military SMS34106.02 - Automatic Dive Watch 200"},{"@type":"BreadcrumbList","@id":"https:\/\/swissmilitarywatches.ch\/es\/tienda\/swiss-military-sma34106-02-automatic-dive-watch-200-es\/#breadcrumb","itemListElement":[{"@type":"ListItem","position":1,"name":"Home","item":"https:\/\/swissmilitarywatches.ch\/es\/pagina-principal-2\/"},{"@type":"ListItem","position":2,"name":"Tienda","item":"https:\/\/swissmilitarywatches.ch\/es\/tienda\/"},{"@type":"ListItem","position":3,"name":"Todos los relojes","item":"https:\/\/swissmilitarywatches.ch\/es\/categoria-de-producto\/todos-los-relojes-es\/"},{"@type":"ListItem","position":4,"name":"Relojes de hombre","item":"https:\/\/swissmilitarywatches.ch\/es\/categoria-de-producto\/todos-los-relojes-es\/relojes-hombre-es\/"},{"@type":"ListItem","position":5,"name":"Relojes autom\u00e1ticos","item":"https:\/\/swissmilitarywatches.ch\/es\/categoria-de-producto\/todos-los-relojes-es\/relojes-hombre-es\/relojes-automaticos-es\/"},{"@type":"ListItem","position":6,"name":"Swiss Military SMA34106.02 &#8211; Reloj de Buceo Autom\u00e1tico 200"}]},{"@type":"WebSite","@id":"https:\/\/swissmilitarywatches.ch\/es\/#website","url":"https:\/\/swissmilitarywatches.ch\/es\/","name":"Swiss Military by Chrono","description":"Official Licensed Product of the Swiss Confederation","publisher":{"@id":"https:\/\/swissmilitarywatches.ch\/es\/#organization"},"potentialAction":[{"@type":"SearchAction","target":{"@type":"EntryPoint","urlTemplate":"https:\/\/swissmilitarywatches.ch\/es\/?s={search_term_string}"},"query-input":{"@type":"PropertyValueSpecification","valueRequired":true,"valueName":"search_term_string"}}],"inLanguage":"es"},{"@type":"Organization","@id":"https:\/\/swissmilitarywatches.ch\/es\/#organization","name":"Swiss Military by Chrono","url":"https:\/\/swissmilitarywatches.ch\/es\/","logo":{"@type":"ImageObject","inLanguage":"es","@id":"https:\/\/swissmilitarywatches.ch\/es\/#\/schema\/logo\/image\/","url":"https:\/\/swissmilitarywatches.ch\/wp-content\/uploads\/2020\/04\/cropped-SM_logo_512x512px.jpg","contentUrl":"https:\/\/swissmilitarywatches.ch\/wp-content\/uploads\/2020\/04\/cropped-SM_logo_512x512px.jpg","width":512,"height":512,"caption":"Swiss Military by Chrono"},"image":{"@id":"https:\/\/swissmilitarywatches.ch\/es\/#\/schema\/logo\/image\/"},"sameAs":["https:\/\/m.facebook.com\/swissmilitarybychronoofficial\/","https:\/\/www.instagram.com\/swissmilitarybychrono\/","https:\/\/www.pinterest.ch\/swissmilitarybychrono\/"]}]},"product_brand":"Swiss Military by Chrono","product_price_amount":"799.00","product_price_currency":"EUR","og_availability":"instock","product_availability":"instock","product_retailer_item_id":"SMA34106.02","product_condition":"new"},"jetpack_sharing_enabled":true,"_links":{"self":[{"href":"https:\/\/swissmilitarywatches.ch\/es\/wp-json\/wp\/v2\/product\/18551","targetHints":{"allow":["GET"]}}],"collection":[{"href":"https:\/\/swissmilitarywatches.ch\/es\/wp-json\/wp\/v2\/product"}],"about":[{"href":"https:\/\/swissmilitarywatches.ch\/es\/wp-json\/wp\/v2\/types\/product"}],"replies":[{"embeddable":true,"href":"https:\/\/swissmilitarywatches.ch\/es\/wp-json\/wp\/v2\/comments?post=18551"}],"wp:featuredmedia":[{"embeddable":true,"href":"https:\/\/swissmilitarywatches.ch\/es\/wp-json\/wp\/v2\/media\/18177"}],"wp:attachment":[{"href":"https:\/\/swissmilitarywatches.ch\/es\/wp-json\/wp\/v2\/media?parent=18551"}],"wp:term":[{"taxonomy":"product_brand","embeddable":true,"href":"https:\/\/swissmilitarywatches.ch\/es\/wp-json\/wp\/v2\/product_brand?post=18551"},{"taxonomy":"product_cat","embeddable":true,"href":"https:\/\/swissmilitarywatches.ch\/es\/wp-json\/wp\/v2\/product_cat?post=18551"},{"taxonomy":"product_tag","embeddable":true,"href":"https:\/\/swissmilitarywatches.ch\/es\/wp-json\/wp\/v2\/product_tag?post=18551"}],"curies":[{"name":"wp","href":"https:\/\/api.w.org\/{rel}","templated":true}]}}