{"id":18498,"date":"2024-01-11T10:09:15","date_gmt":"2024-01-11T08:09:15","guid":{"rendered":"https:\/\/swissmilitarywatches.ch\/shop\/swiss-military-sm34103-01-reloj-cronografo-deportivo-suizo\/"},"modified":"2025-11-24T00:01:21","modified_gmt":"2025-11-23T22:01:21","slug":"swiss-military-sm34103-01-swiss-sports-chronograph-watch-es","status":"publish","type":"product","link":"https:\/\/swissmilitarywatches.ch\/es\/tienda\/swiss-military-sm34103-01-swiss-sports-chronograph-watch-es\/","title":{"rendered":"Swiss Military SM34103.01 &#8211; Reloj Cron\u00f3grafo Deportivo Suizo"},"content":{"rendered":"<div class=\"w-full text-token-text-primary\" data-testid=\"conversation-turn-99\">\n<div class=\"px-4 py-2 justify-center text-base md:gap-6 m-auto\">\n<div class=\"flex flex-1 text-base mx-auto gap-3 md:px-5 lg:px-1 xl:px-5 md:max-w-3xl lg:max-w-[40rem] xl:max-w-[48rem] group\">\n<div class=\"relative flex w-full flex-col lg:w-[calc(100%-115px)] agent-turn\">\n<div class=\"flex-col gap-1 md:gap-3\">\n<div class=\"flex flex-grow flex-col max-w-full\">\n<div class=\"min-h-[20px] text-message flex flex-col items-start gap-3 whitespace-pre-wrap break-words [.text-message+&amp;]:mt-5 overflow-x-auto\" data-message-author-role=\"assistant\" data-message-id=\"78873620-aa67-476e-a991-ede79fd50f5c\">\n<div class=\"markdown prose w-full break-words dark:prose-invert light\">\n<p>El reloj cron\u00f3grafo deportivo suizo SM34103 es una fusi\u00f3n din\u00e1mica de estilo y precisi\u00f3n. La esfera negra de rayos de sol, adornada con \u00edndices y manecillas luminosos blancos, est\u00e1 cubierta por un cristal de zafiro resistente a rayaduras. La inclusi\u00f3n de una manecilla de cron\u00f3grafo roja a\u00f1ade un toque atrevido y un aspecto deportivo. Este deportivo reloj para hombre presenta una correa de 5 eslabones con un acabado impecable y dos secciones pulidas y brillantes, que logran el equilibrio perfecto entre robustez y refinamiento. El reloj cuenta con un bisel giratorio negro a juego para una mejor funcionalidad. Con una resistencia al agua de 100 metros, este reloj cron\u00f3grafo deportivo no es s\u00f3lo un reloj; es una declaraci\u00f3n de rendimiento duradero.<\/p>\n<p><span style=\"color: #333333;\">Adem\u00e1s, este reloj para hombre viene repleto de funciones de alta calidad dignas de un reloj deportivo. La caja y la correa de este modelo son de resistente acero inoxidable. El reloj cron\u00f3grafo deportivo suizo est\u00e1 equipado con un movimiento de fabricaci\u00f3n suiza y se ensambla a mano en nuestro <\/span><a href=\"https:\/\/swissmilitarywatches.ch\/es\/marca\/#brand-swiss-made\">propio taller de relojer\u00eda.<\/a><span style=\"color: #333333;\">. Como promesa de nuestra calidad Swiss Military Swiss-made, este reloj est\u00e1 cubierto por una <\/span><a href=\"https:\/\/swissmilitarywatches.ch\/es\/garantia\/\"><span style=\"color: #333333;\">garant\u00eda internacional de 5 a\u00f1os.<\/span><\/a><\/p>\n<\/div>\n<\/div>\n<\/div>\n<\/div>\n<\/div>\n<\/div>\n<\/div>\n<\/div>\n<div class=\"w-full text-token-text-primary\" data-testid=\"conversation-turn-100\">\n<div class=\"px-4 py-2 justify-center text-base md:gap-6 m-auto\">\n<div class=\"flex flex-1 text-base mx-auto gap-3 md:px-5 lg:px-1 xl:px-5 md:max-w-3xl lg:max-w-[40rem] xl:max-w-[48rem] group\">\n<div class=\"flex-shrink-0 flex flex-col relative items-end\">\n<div>\n<div class=\"pt-0.5\">\n<div class=\"gizmo-shadow-stroke flex h-6 w-6 items-center justify-center overflow-hidden rounded-full\"><\/div>\n<\/div>\n<\/div>\n<\/div>\n<\/div>\n<\/div>\n<\/div>\n","protected":false},"excerpt":{"rendered":"<h2>Reloj cron\u00f3grafo deportivo suizo: El estilo se une al rendimiento<\/h2>\n<p>El SM34103 Chronograph no es s\u00f3lo una herramienta de cronometraje; es un testimonio de su estilo de vida activo.<\/p>\n<p>Adem\u00e1s, este reloj para hombre est\u00e1 fabricado con todas nuestras caracter\u00edsticas de calidad Swiss Made:<\/p>\n<ul>\n<li>Producci\u00f3n propia Swiss Made<\/li>\n<li>Caja y pulsera de acero inoxidable<\/li>\n<li>Cristal de zafiro resistente a rayaduras<\/li>\n<li>Bisel giratorio<\/li>\n<li>Resistencia al agua hasta 100M\/10ATM<\/li>\n<li>Movimiento de fabricaci\u00f3n suiza<\/li>\n<li>5 a\u00f1os de garant\u00eda internacional<\/li>\n<\/ul>\n","protected":false},"featured_media":18002,"comment_status":"open","ping_status":"closed","template":"","meta":[],"product_brand":[],"product_cat":[2901,1813,1816,1823],"product_tag":[],"class_list":{"0":"post-18498","1":"product","2":"type-product","3":"status-publish","4":"has-post-thumbnail","6":"product_cat-sm34103-es","7":"product_cat-todos-los-relojes-es","8":"product_cat-relojes-hombre-es","9":"product_cat-cronografo","10":"product_shipping_class-envio-flexible-es","12":"first","13":"instock","14":"taxable","15":"shipping-taxable","16":"purchasable","17":"product-type-simple"},"yoast_head":"<!-- This site is optimized with the Yoast SEO Premium plugin v26.6 (Yoast SEO v26.6) - https:\/\/yoast.com\/wordpress\/plugins\/seo\/ -->\n<title>Swiss Military SM34103.01 - Reloj Cron\u00f3grafo Deportivo Suizo<\/title>\n<meta name=\"description\" content=\"Reloj cron\u00f3grafo deportivo suizo para hombre con esfera y bisel giratorio de color negro y cristal de zafiro. Swiss Made, 5 a\u00f1os de garant\u00eda\" \/>\n<meta name=\"robots\" content=\"index, follow, max-snippet:-1, max-image-preview:large, max-video-preview:-1\" \/>\n<link rel=\"canonical\" href=\"https:\/\/swissmilitarywatches.ch\/es\/tienda\/swiss-military-sm34103-01-swiss-sports-chronograph-watch-es\/\" \/>\n<meta property=\"og:locale\" content=\"es_ES\" \/>\n<meta property=\"og:type\" content=\"article\" \/>\n<meta property=\"og:title\" content=\"Swiss Military SM34103.01 - Reloj Cron\u00f3grafo Deportivo Suizo\" \/>\n<meta property=\"og:description\" content=\"Reloj cron\u00f3grafo deportivo suizo para hombre con esfera y bisel giratorio de color negro y cristal de zafiro. Swiss Made, 5 a\u00f1os de garant\u00eda\" \/>\n<meta property=\"og:url\" content=\"https:\/\/swissmilitarywatches.ch\/es\/tienda\/swiss-military-sm34103-01-swiss-sports-chronograph-watch-es\/\" \/>\n<meta property=\"og:site_name\" content=\"Swiss Military by Chrono\" \/>\n<meta property=\"article:publisher\" content=\"https:\/\/m.facebook.com\/swissmilitarybychronoofficial\/\" \/>\n<meta property=\"article:modified_time\" content=\"2025-11-23T22:01:21+00:00\" \/>\n<meta property=\"og:image\" content=\"https:\/\/swissmilitarywatches.ch\/wp-content\/uploads\/2024\/01\/SM34103.01.png\" \/>\n\t<meta property=\"og:image:width\" content=\"1300\" \/>\n\t<meta property=\"og:image:height\" content=\"1642\" \/>\n\t<meta property=\"og:image:type\" content=\"image\/png\" \/>\n<meta name=\"twitter:card\" content=\"summary_large_image\" \/>\n<meta name=\"twitter:label1\" content=\"Precio\" \/>\n\t<meta name=\"twitter:data1\" content=\"&euro;399.00 con IVA\" \/>\n\t<meta name=\"twitter:label2\" content=\"Disponibilidad\" \/>\n\t<meta name=\"twitter:data2\" content=\"Disponible\" \/>\n<script type=\"application\/ld+json\" class=\"yoast-schema-graph\">{\"@context\":\"https:\/\/schema.org\",\"@graph\":[{\"@type\":\"WebPage\",\"@id\":\"https:\/\/swissmilitarywatches.ch\/es\/tienda\/swiss-military-sm34103-01-swiss-sports-chronograph-watch-es\/\",\"url\":\"https:\/\/swissmilitarywatches.ch\/es\/tienda\/swiss-military-sm34103-01-swiss-sports-chronograph-watch-es\/\",\"name\":\"Swiss Military SM34103.01 - Reloj Cron\u00f3grafo Deportivo Suizo\",\"isPartOf\":{\"@id\":\"https:\/\/swissmilitarywatches.ch\/es\/#website\"},\"primaryImageOfPage\":{\"@id\":\"https:\/\/swissmilitarywatches.ch\/es\/tienda\/swiss-military-sm34103-01-swiss-sports-chronograph-watch-es\/#primaryimage\"},\"image\":{\"@id\":\"https:\/\/swissmilitarywatches.ch\/es\/tienda\/swiss-military-sm34103-01-swiss-sports-chronograph-watch-es\/#primaryimage\"},\"thumbnailUrl\":\"https:\/\/swissmilitarywatches.ch\/wp-content\/uploads\/2024\/01\/SM34103.01.png\",\"datePublished\":\"2024-01-11T08:09:15+00:00\",\"dateModified\":\"2025-11-23T22:01:21+00:00\",\"description\":\"Reloj cron\u00f3grafo deportivo suizo para hombre con esfera y bisel giratorio de color negro y cristal de zafiro. Swiss Made, 5 a\u00f1os de garant\u00eda\",\"breadcrumb\":{\"@id\":\"https:\/\/swissmilitarywatches.ch\/es\/tienda\/swiss-military-sm34103-01-swiss-sports-chronograph-watch-es\/#breadcrumb\"},\"inLanguage\":\"es\",\"potentialAction\":[{\"@type\":\"ReadAction\",\"target\":[\"https:\/\/swissmilitarywatches.ch\/es\/tienda\/swiss-military-sm34103-01-swiss-sports-chronograph-watch-es\/\"]}]},{\"@type\":\"ImageObject\",\"inLanguage\":\"es\",\"@id\":\"https:\/\/swissmilitarywatches.ch\/es\/tienda\/swiss-military-sm34103-01-swiss-sports-chronograph-watch-es\/#primaryimage\",\"url\":\"https:\/\/swissmilitarywatches.ch\/wp-content\/uploads\/2024\/01\/SM34103.01.png\",\"contentUrl\":\"https:\/\/swissmilitarywatches.ch\/wp-content\/uploads\/2024\/01\/SM34103.01.png\",\"width\":1300,\"height\":1642,\"caption\":\"Swiss Military SM34103.01 - Swiss Sports Chronograph Watch\"},{\"@type\":\"BreadcrumbList\",\"@id\":\"https:\/\/swissmilitarywatches.ch\/es\/tienda\/swiss-military-sm34103-01-swiss-sports-chronograph-watch-es\/#breadcrumb\",\"itemListElement\":[{\"@type\":\"ListItem\",\"position\":1,\"name\":\"Home\",\"item\":\"https:\/\/swissmilitarywatches.ch\/es\/pagina-principal-2\/\"},{\"@type\":\"ListItem\",\"position\":2,\"name\":\"Tienda\",\"item\":\"https:\/\/swissmilitarywatches.ch\/es\/tienda\/\"},{\"@type\":\"ListItem\",\"position\":3,\"name\":\"SM34103\",\"item\":\"https:\/\/swissmilitarywatches.ch\/es\/categoria-de-producto\/sm34103-es\/\"},{\"@type\":\"ListItem\",\"position\":4,\"name\":\"Swiss Military SM34103.01 &#8211; Reloj Cron\u00f3grafo Deportivo Suizo\"}]},{\"@type\":\"WebSite\",\"@id\":\"https:\/\/swissmilitarywatches.ch\/es\/#website\",\"url\":\"https:\/\/swissmilitarywatches.ch\/es\/\",\"name\":\"Swiss Military by Chrono\",\"description\":\"Official Licensed Product of the Swiss Confederation\",\"publisher\":{\"@id\":\"https:\/\/swissmilitarywatches.ch\/es\/#organization\"},\"potentialAction\":[{\"@type\":\"SearchAction\",\"target\":{\"@type\":\"EntryPoint\",\"urlTemplate\":\"https:\/\/swissmilitarywatches.ch\/es\/?s={search_term_string}\"},\"query-input\":{\"@type\":\"PropertyValueSpecification\",\"valueRequired\":true,\"valueName\":\"search_term_string\"}}],\"inLanguage\":\"es\"},{\"@type\":\"Organization\",\"@id\":\"https:\/\/swissmilitarywatches.ch\/es\/#organization\",\"name\":\"Swiss Military by Chrono\",\"url\":\"https:\/\/swissmilitarywatches.ch\/es\/\",\"logo\":{\"@type\":\"ImageObject\",\"inLanguage\":\"es\",\"@id\":\"https:\/\/swissmilitarywatches.ch\/es\/#\/schema\/logo\/image\/\",\"url\":\"https:\/\/swissmilitarywatches.ch\/wp-content\/uploads\/2020\/04\/cropped-SM_logo_512x512px.jpg\",\"contentUrl\":\"https:\/\/swissmilitarywatches.ch\/wp-content\/uploads\/2020\/04\/cropped-SM_logo_512x512px.jpg\",\"width\":512,\"height\":512,\"caption\":\"Swiss Military by Chrono\"},\"image\":{\"@id\":\"https:\/\/swissmilitarywatches.ch\/es\/#\/schema\/logo\/image\/\"},\"sameAs\":[\"https:\/\/m.facebook.com\/swissmilitarybychronoofficial\/\",\"https:\/\/www.instagram.com\/swissmilitarybychrono\/\",\"https:\/\/www.pinterest.ch\/swissmilitarybychrono\/\"]}]}<\/script>\n<meta property=\"product:brand\" content=\"Swiss Military by Chrono\" \/>\n<meta property=\"product:price:amount\" content=\"399.00\" \/>\n<meta property=\"product:price:currency\" content=\"EUR\" \/>\n<meta property=\"og:availability\" content=\"instock\" \/>\n<meta property=\"product:availability\" content=\"instock\" \/>\n<meta property=\"product:retailer_item_id\" content=\"SM34103.01\" \/>\n<meta property=\"product:condition\" content=\"new\" \/>\n<!-- \/ Yoast SEO Premium plugin. -->","yoast_head_json":{"title":"Swiss Military SM34103.01 - Reloj Cron\u00f3grafo Deportivo Suizo","description":"Reloj cron\u00f3grafo deportivo suizo para hombre con esfera y bisel giratorio de color negro y cristal de zafiro. Swiss Made, 5 a\u00f1os de garant\u00eda","robots":{"index":"index","follow":"follow","max-snippet":"max-snippet:-1","max-image-preview":"max-image-preview:large","max-video-preview":"max-video-preview:-1"},"canonical":"https:\/\/swissmilitarywatches.ch\/es\/tienda\/swiss-military-sm34103-01-swiss-sports-chronograph-watch-es\/","og_locale":"es_ES","og_type":"article","og_title":"Swiss Military SM34103.01 - Reloj Cron\u00f3grafo Deportivo Suizo","og_description":"Reloj cron\u00f3grafo deportivo suizo para hombre con esfera y bisel giratorio de color negro y cristal de zafiro. Swiss Made, 5 a\u00f1os de garant\u00eda","og_url":"https:\/\/swissmilitarywatches.ch\/es\/tienda\/swiss-military-sm34103-01-swiss-sports-chronograph-watch-es\/","og_site_name":"Swiss Military by Chrono","article_publisher":"https:\/\/m.facebook.com\/swissmilitarybychronoofficial\/","article_modified_time":"2025-11-23T22:01:21+00:00","og_image":[{"width":1300,"height":1642,"url":"https:\/\/swissmilitarywatches.ch\/wp-content\/uploads\/2024\/01\/SM34103.01.png","type":"image\/png"}],"twitter_card":"summary_large_image","twitter_misc":{"Precio":"&euro;399.00 con IVA","Disponibilidad":"Disponible"},"schema":{"@context":"https:\/\/schema.org","@graph":[{"@type":"WebPage","@id":"https:\/\/swissmilitarywatches.ch\/es\/tienda\/swiss-military-sm34103-01-swiss-sports-chronograph-watch-es\/","url":"https:\/\/swissmilitarywatches.ch\/es\/tienda\/swiss-military-sm34103-01-swiss-sports-chronograph-watch-es\/","name":"Swiss Military SM34103.01 - Reloj Cron\u00f3grafo Deportivo Suizo","isPartOf":{"@id":"https:\/\/swissmilitarywatches.ch\/es\/#website"},"primaryImageOfPage":{"@id":"https:\/\/swissmilitarywatches.ch\/es\/tienda\/swiss-military-sm34103-01-swiss-sports-chronograph-watch-es\/#primaryimage"},"image":{"@id":"https:\/\/swissmilitarywatches.ch\/es\/tienda\/swiss-military-sm34103-01-swiss-sports-chronograph-watch-es\/#primaryimage"},"thumbnailUrl":"https:\/\/swissmilitarywatches.ch\/wp-content\/uploads\/2024\/01\/SM34103.01.png","datePublished":"2024-01-11T08:09:15+00:00","dateModified":"2025-11-23T22:01:21+00:00","description":"Reloj cron\u00f3grafo deportivo suizo para hombre con esfera y bisel giratorio de color negro y cristal de zafiro. Swiss Made, 5 a\u00f1os de garant\u00eda","breadcrumb":{"@id":"https:\/\/swissmilitarywatches.ch\/es\/tienda\/swiss-military-sm34103-01-swiss-sports-chronograph-watch-es\/#breadcrumb"},"inLanguage":"es","potentialAction":[{"@type":"ReadAction","target":["https:\/\/swissmilitarywatches.ch\/es\/tienda\/swiss-military-sm34103-01-swiss-sports-chronograph-watch-es\/"]}]},{"@type":"ImageObject","inLanguage":"es","@id":"https:\/\/swissmilitarywatches.ch\/es\/tienda\/swiss-military-sm34103-01-swiss-sports-chronograph-watch-es\/#primaryimage","url":"https:\/\/swissmilitarywatches.ch\/wp-content\/uploads\/2024\/01\/SM34103.01.png","contentUrl":"https:\/\/swissmilitarywatches.ch\/wp-content\/uploads\/2024\/01\/SM34103.01.png","width":1300,"height":1642,"caption":"Swiss Military SM34103.01 - Swiss Sports Chronograph Watch"},{"@type":"BreadcrumbList","@id":"https:\/\/swissmilitarywatches.ch\/es\/tienda\/swiss-military-sm34103-01-swiss-sports-chronograph-watch-es\/#breadcrumb","itemListElement":[{"@type":"ListItem","position":1,"name":"Home","item":"https:\/\/swissmilitarywatches.ch\/es\/pagina-principal-2\/"},{"@type":"ListItem","position":2,"name":"Tienda","item":"https:\/\/swissmilitarywatches.ch\/es\/tienda\/"},{"@type":"ListItem","position":3,"name":"SM34103","item":"https:\/\/swissmilitarywatches.ch\/es\/categoria-de-producto\/sm34103-es\/"},{"@type":"ListItem","position":4,"name":"Swiss Military SM34103.01 &#8211; Reloj Cron\u00f3grafo Deportivo Suizo"}]},{"@type":"WebSite","@id":"https:\/\/swissmilitarywatches.ch\/es\/#website","url":"https:\/\/swissmilitarywatches.ch\/es\/","name":"Swiss Military by Chrono","description":"Official Licensed Product of the Swiss Confederation","publisher":{"@id":"https:\/\/swissmilitarywatches.ch\/es\/#organization"},"potentialAction":[{"@type":"SearchAction","target":{"@type":"EntryPoint","urlTemplate":"https:\/\/swissmilitarywatches.ch\/es\/?s={search_term_string}"},"query-input":{"@type":"PropertyValueSpecification","valueRequired":true,"valueName":"search_term_string"}}],"inLanguage":"es"},{"@type":"Organization","@id":"https:\/\/swissmilitarywatches.ch\/es\/#organization","name":"Swiss Military by Chrono","url":"https:\/\/swissmilitarywatches.ch\/es\/","logo":{"@type":"ImageObject","inLanguage":"es","@id":"https:\/\/swissmilitarywatches.ch\/es\/#\/schema\/logo\/image\/","url":"https:\/\/swissmilitarywatches.ch\/wp-content\/uploads\/2020\/04\/cropped-SM_logo_512x512px.jpg","contentUrl":"https:\/\/swissmilitarywatches.ch\/wp-content\/uploads\/2020\/04\/cropped-SM_logo_512x512px.jpg","width":512,"height":512,"caption":"Swiss Military by Chrono"},"image":{"@id":"https:\/\/swissmilitarywatches.ch\/es\/#\/schema\/logo\/image\/"},"sameAs":["https:\/\/m.facebook.com\/swissmilitarybychronoofficial\/","https:\/\/www.instagram.com\/swissmilitarybychrono\/","https:\/\/www.pinterest.ch\/swissmilitarybychrono\/"]}]},"product_brand":"Swiss Military by Chrono","product_price_amount":"399.00","product_price_currency":"EUR","og_availability":"instock","product_availability":"instock","product_retailer_item_id":"SM34103.01","product_condition":"new"},"jetpack_sharing_enabled":true,"_links":{"self":[{"href":"https:\/\/swissmilitarywatches.ch\/es\/wp-json\/wp\/v2\/product\/18498","targetHints":{"allow":["GET"]}}],"collection":[{"href":"https:\/\/swissmilitarywatches.ch\/es\/wp-json\/wp\/v2\/product"}],"about":[{"href":"https:\/\/swissmilitarywatches.ch\/es\/wp-json\/wp\/v2\/types\/product"}],"replies":[{"embeddable":true,"href":"https:\/\/swissmilitarywatches.ch\/es\/wp-json\/wp\/v2\/comments?post=18498"}],"wp:featuredmedia":[{"embeddable":true,"href":"https:\/\/swissmilitarywatches.ch\/es\/wp-json\/wp\/v2\/media\/18002"}],"wp:attachment":[{"href":"https:\/\/swissmilitarywatches.ch\/es\/wp-json\/wp\/v2\/media?parent=18498"}],"wp:term":[{"taxonomy":"product_brand","embeddable":true,"href":"https:\/\/swissmilitarywatches.ch\/es\/wp-json\/wp\/v2\/product_brand?post=18498"},{"taxonomy":"product_cat","embeddable":true,"href":"https:\/\/swissmilitarywatches.ch\/es\/wp-json\/wp\/v2\/product_cat?post=18498"},{"taxonomy":"product_tag","embeddable":true,"href":"https:\/\/swissmilitarywatches.ch\/es\/wp-json\/wp\/v2\/product_tag?post=18498"}],"curies":[{"name":"wp","href":"https:\/\/api.w.org\/{rel}","templated":true}]}}