{"id":17327,"date":"2023-03-29T09:35:43","date_gmt":"2023-03-29T07:35:43","guid":{"rendered":"https:\/\/swissmilitarywatches.ch\/shop\/swiss-military-sm34094-01-reloj-suizo-de-acero-inoxidable-para-hombre\/"},"modified":"2025-11-24T00:01:14","modified_gmt":"2025-11-23T22:01:14","slug":"swiss-military-sm34094-01-swiss-stainless-steel-watch-for-men-es","status":"publish","type":"product","link":"https:\/\/swissmilitarywatches.ch\/es\/tienda\/swiss-military-sm34094-01-swiss-stainless-steel-watch-for-men-es\/","title":{"rendered":"Swiss Military SM34094.01 &#8211; Reloj suizo de acero inoxidable para hombre"},"content":{"rendered":"<p>Este reloj suizo de acero inoxidable para hombre es perfecto para todos los hombres que deseen a\u00f1adir un fiel compa\u00f1ero cronometrador a su vida diaria. El ADN aventurero pero elegante de este reloj para hombre combina a la perfecci\u00f3n con su estilo de vida, ya sea en los negocios o durante el tiempo libre. El elegante dise\u00f1o exterior totalmente de acero alberga una esfera de reloj de estilo militar deportivo. La esfera negra mate de este reloj de acero para hombre presenta \u00edndices bien legibles y deportivos y una destacada indicaci\u00f3n de la fecha.<\/p>\n<p>La caja y la pulsera de este reloj suizo para hombres est\u00e1n hechas de acero inoxidable duradero. Un robusto cristal mineral cubre la esfera negra del reloj. Todos los indicadores de hora, as\u00ed como las manecillas de la hora y de los minutos, son luminosos y brillan en la oscuridad. Este reloj suizo plateado para hombre funciona con un movimiento de cuarzo Swiss Made y est\u00e1 ensamblado a mano en nuestro <a href=\"https:\/\/swissmilitarywatches.ch\/es\/marca\/#brand-swiss-made\" target=\"_blank\" rel=\"noopener noreferrer\">taller de relojer\u00eda<\/a>. Como promesa de nuestra calidad Swiss Military Swiss Made, este reloj est\u00e1 cubierto por una <a href=\"https:\/\/swissmilitarywatches.ch\/es\/garantia\/\">garant\u00eda de 5 a\u00f1os<\/a>.<\/p>\n","protected":false},"excerpt":{"rendered":"<h2><span style=\"font-size: 80%;\">Atemporal reloj militar de acero para hombre<\/span><\/h2>\n<p>Este reloj suizo de acero para hombre est\u00e1 dise\u00f1ado con una elegante caja y brazalete de acero inoxidable. La esfera negra presenta \u00edndices bien legibles y deportivos y una destacada indicaci\u00f3n de la fecha.<\/p>\n<p>Adem\u00e1s, este reloj militar para hombre est\u00e1 fabricado con todas nuestras caracter\u00edsticas de calidad Swiss Made:<\/p>\n<ul>\n<li>Producci\u00f3n propia Swiss Made<\/li>\n<li>Caja de acero inoxidable<\/li>\n<li>Robusto cristal mineral<\/li>\n<li>Resistencia al agua hasta 50M\/ 5ATM<\/li>\n<li>Indicaci\u00f3n de la fecha<\/li>\n<li>Movimiento de cuarzo Swiss Made<\/li>\n<li>5 a\u00f1os de garant\u00eda internacional<\/li>\n<\/ul>\n","protected":false},"featured_media":13878,"comment_status":"open","ping_status":"closed","template":"","meta":[],"product_brand":[],"product_cat":[2810,1813,1816,1824],"product_tag":[],"class_list":{"0":"post-17327","1":"product","2":"type-product","3":"status-publish","4":"has-post-thumbnail","6":"product_cat-sm34094-es","7":"product_cat-todos-los-relojes-es","8":"product_cat-relojes-hombre-es","9":"product_cat-relojes-de-cuarzo","10":"product_shipping_class-envio-flexible-es","12":"first","13":"instock","14":"taxable","15":"shipping-taxable","16":"purchasable","17":"product-type-simple"},"yoast_head":"<!-- This site is optimized with the Yoast SEO Premium plugin v26.6 (Yoast SEO v26.6) - https:\/\/yoast.com\/wordpress\/plugins\/seo\/ -->\n<title>Swiss Military SM34094.01 - Reloj suizo de acero inoxidable para hombre<\/title>\n<meta name=\"description\" content=\"Este reloj suizo de acero inoxidable para hombre es perfecto para todos los hombres que deseen a\u00f1adir un fiel compa\u00f1ero cronometrador a su vida diaria. 5 a\u00f1os de garant\u00eda\" \/>\n<meta name=\"robots\" content=\"index, follow, max-snippet:-1, max-image-preview:large, max-video-preview:-1\" \/>\n<link rel=\"canonical\" href=\"https:\/\/swissmilitarywatches.ch\/es\/tienda\/swiss-military-sm34094-01-swiss-stainless-steel-watch-for-men-es\/\" \/>\n<meta property=\"og:locale\" content=\"es_ES\" \/>\n<meta property=\"og:type\" content=\"article\" \/>\n<meta property=\"og:title\" content=\"Swiss Military SM34094.01 - Reloj suizo de acero inoxidable para hombre\" \/>\n<meta property=\"og:description\" content=\"Este reloj suizo de acero inoxidable para hombre es perfecto para todos los hombres que deseen a\u00f1adir un fiel compa\u00f1ero cronometrador a su vida diaria. 5 a\u00f1os de garant\u00eda\" \/>\n<meta property=\"og:url\" content=\"https:\/\/swissmilitarywatches.ch\/es\/tienda\/swiss-military-sm34094-01-swiss-stainless-steel-watch-for-men-es\/\" \/>\n<meta property=\"og:site_name\" content=\"Swiss Military by Chrono\" \/>\n<meta property=\"article:publisher\" content=\"https:\/\/m.facebook.com\/swissmilitarybychronoofficial\/\" \/>\n<meta property=\"article:modified_time\" content=\"2025-11-23T22:01:14+00:00\" \/>\n<meta property=\"og:image\" content=\"https:\/\/swissmilitarywatches.ch\/wp-content\/uploads\/2023\/03\/SM34094.01.png\" \/>\n\t<meta property=\"og:image:width\" content=\"1300\" \/>\n\t<meta property=\"og:image:height\" content=\"1642\" \/>\n\t<meta property=\"og:image:type\" content=\"image\/png\" \/>\n<meta name=\"twitter:card\" content=\"summary_large_image\" \/>\n<meta name=\"twitter:label1\" content=\"Precio\" \/>\n\t<meta name=\"twitter:data1\" content=\"&euro;229.00 con IVA\" \/>\n\t<meta name=\"twitter:label2\" content=\"Disponibilidad\" \/>\n\t<meta name=\"twitter:data2\" content=\"Disponible\" \/>\n<script type=\"application\/ld+json\" class=\"yoast-schema-graph\">{\"@context\":\"https:\/\/schema.org\",\"@graph\":[{\"@type\":\"WebPage\",\"@id\":\"https:\/\/swissmilitarywatches.ch\/es\/tienda\/swiss-military-sm34094-01-swiss-stainless-steel-watch-for-men-es\/\",\"url\":\"https:\/\/swissmilitarywatches.ch\/es\/tienda\/swiss-military-sm34094-01-swiss-stainless-steel-watch-for-men-es\/\",\"name\":\"Swiss Military SM34094.01 - Reloj suizo de acero inoxidable para hombre\",\"isPartOf\":{\"@id\":\"https:\/\/swissmilitarywatches.ch\/es\/#website\"},\"primaryImageOfPage\":{\"@id\":\"https:\/\/swissmilitarywatches.ch\/es\/tienda\/swiss-military-sm34094-01-swiss-stainless-steel-watch-for-men-es\/#primaryimage\"},\"image\":{\"@id\":\"https:\/\/swissmilitarywatches.ch\/es\/tienda\/swiss-military-sm34094-01-swiss-stainless-steel-watch-for-men-es\/#primaryimage\"},\"thumbnailUrl\":\"https:\/\/swissmilitarywatches.ch\/wp-content\/uploads\/2023\/03\/SM34094.01.png\",\"datePublished\":\"2023-03-29T07:35:43+00:00\",\"dateModified\":\"2025-11-23T22:01:14+00:00\",\"description\":\"Este reloj suizo de acero inoxidable para hombre es perfecto para todos los hombres que deseen a\u00f1adir un fiel compa\u00f1ero cronometrador a su vida diaria. 5 a\u00f1os de garant\u00eda\",\"breadcrumb\":{\"@id\":\"https:\/\/swissmilitarywatches.ch\/es\/tienda\/swiss-military-sm34094-01-swiss-stainless-steel-watch-for-men-es\/#breadcrumb\"},\"inLanguage\":\"es\",\"potentialAction\":[{\"@type\":\"ReadAction\",\"target\":[\"https:\/\/swissmilitarywatches.ch\/es\/tienda\/swiss-military-sm34094-01-swiss-stainless-steel-watch-for-men-es\/\"]}]},{\"@type\":\"ImageObject\",\"inLanguage\":\"es\",\"@id\":\"https:\/\/swissmilitarywatches.ch\/es\/tienda\/swiss-military-sm34094-01-swiss-stainless-steel-watch-for-men-es\/#primaryimage\",\"url\":\"https:\/\/swissmilitarywatches.ch\/wp-content\/uploads\/2023\/03\/SM34094.01.png\",\"contentUrl\":\"https:\/\/swissmilitarywatches.ch\/wp-content\/uploads\/2023\/03\/SM34094.01.png\",\"width\":1300,\"height\":1642,\"caption\":\"Swiss Military SM34094.01 - Black Swiss Watch for Men\"},{\"@type\":\"BreadcrumbList\",\"@id\":\"https:\/\/swissmilitarywatches.ch\/es\/tienda\/swiss-military-sm34094-01-swiss-stainless-steel-watch-for-men-es\/#breadcrumb\",\"itemListElement\":[{\"@type\":\"ListItem\",\"position\":1,\"name\":\"Home\",\"item\":\"https:\/\/swissmilitarywatches.ch\/es\/pagina-principal-2\/\"},{\"@type\":\"ListItem\",\"position\":2,\"name\":\"Tienda\",\"item\":\"https:\/\/swissmilitarywatches.ch\/es\/tienda\/\"},{\"@type\":\"ListItem\",\"position\":3,\"name\":\"Swiss Military SM34094.01 &#8211; Reloj suizo de acero inoxidable para hombre\"}]},{\"@type\":\"WebSite\",\"@id\":\"https:\/\/swissmilitarywatches.ch\/es\/#website\",\"url\":\"https:\/\/swissmilitarywatches.ch\/es\/\",\"name\":\"Swiss Military by Chrono\",\"description\":\"Official Licensed Product of the Swiss Confederation\",\"publisher\":{\"@id\":\"https:\/\/swissmilitarywatches.ch\/es\/#organization\"},\"potentialAction\":[{\"@type\":\"SearchAction\",\"target\":{\"@type\":\"EntryPoint\",\"urlTemplate\":\"https:\/\/swissmilitarywatches.ch\/es\/?s={search_term_string}\"},\"query-input\":{\"@type\":\"PropertyValueSpecification\",\"valueRequired\":true,\"valueName\":\"search_term_string\"}}],\"inLanguage\":\"es\"},{\"@type\":\"Organization\",\"@id\":\"https:\/\/swissmilitarywatches.ch\/es\/#organization\",\"name\":\"Swiss Military by Chrono\",\"url\":\"https:\/\/swissmilitarywatches.ch\/es\/\",\"logo\":{\"@type\":\"ImageObject\",\"inLanguage\":\"es\",\"@id\":\"https:\/\/swissmilitarywatches.ch\/es\/#\/schema\/logo\/image\/\",\"url\":\"https:\/\/swissmilitarywatches.ch\/wp-content\/uploads\/2020\/04\/cropped-SM_logo_512x512px.jpg\",\"contentUrl\":\"https:\/\/swissmilitarywatches.ch\/wp-content\/uploads\/2020\/04\/cropped-SM_logo_512x512px.jpg\",\"width\":512,\"height\":512,\"caption\":\"Swiss Military by Chrono\"},\"image\":{\"@id\":\"https:\/\/swissmilitarywatches.ch\/es\/#\/schema\/logo\/image\/\"},\"sameAs\":[\"https:\/\/m.facebook.com\/swissmilitarybychronoofficial\/\",\"https:\/\/www.instagram.com\/swissmilitarybychrono\/\",\"https:\/\/www.pinterest.ch\/swissmilitarybychrono\/\"]}]}<\/script>\n<meta property=\"product:brand\" content=\"Swiss Military by Chrono\" \/>\n<meta property=\"product:price:amount\" content=\"229.00\" \/>\n<meta property=\"product:price:currency\" content=\"EUR\" \/>\n<meta property=\"og:availability\" content=\"instock\" \/>\n<meta property=\"product:availability\" content=\"instock\" \/>\n<meta property=\"product:retailer_item_id\" content=\"SM34094.01\" \/>\n<meta property=\"product:condition\" content=\"new\" \/>\n<!-- \/ Yoast SEO Premium plugin. -->","yoast_head_json":{"title":"Swiss Military SM34094.01 - Reloj suizo de acero inoxidable para hombre","description":"Este reloj suizo de acero inoxidable para hombre es perfecto para todos los hombres que deseen a\u00f1adir un fiel compa\u00f1ero cronometrador a su vida diaria. 5 a\u00f1os de garant\u00eda","robots":{"index":"index","follow":"follow","max-snippet":"max-snippet:-1","max-image-preview":"max-image-preview:large","max-video-preview":"max-video-preview:-1"},"canonical":"https:\/\/swissmilitarywatches.ch\/es\/tienda\/swiss-military-sm34094-01-swiss-stainless-steel-watch-for-men-es\/","og_locale":"es_ES","og_type":"article","og_title":"Swiss Military SM34094.01 - Reloj suizo de acero inoxidable para hombre","og_description":"Este reloj suizo de acero inoxidable para hombre es perfecto para todos los hombres que deseen a\u00f1adir un fiel compa\u00f1ero cronometrador a su vida diaria. 5 a\u00f1os de garant\u00eda","og_url":"https:\/\/swissmilitarywatches.ch\/es\/tienda\/swiss-military-sm34094-01-swiss-stainless-steel-watch-for-men-es\/","og_site_name":"Swiss Military by Chrono","article_publisher":"https:\/\/m.facebook.com\/swissmilitarybychronoofficial\/","article_modified_time":"2025-11-23T22:01:14+00:00","og_image":[{"width":1300,"height":1642,"url":"https:\/\/swissmilitarywatches.ch\/wp-content\/uploads\/2023\/03\/SM34094.01.png","type":"image\/png"}],"twitter_card":"summary_large_image","twitter_misc":{"Precio":"&euro;229.00 con IVA","Disponibilidad":"Disponible"},"schema":{"@context":"https:\/\/schema.org","@graph":[{"@type":"WebPage","@id":"https:\/\/swissmilitarywatches.ch\/es\/tienda\/swiss-military-sm34094-01-swiss-stainless-steel-watch-for-men-es\/","url":"https:\/\/swissmilitarywatches.ch\/es\/tienda\/swiss-military-sm34094-01-swiss-stainless-steel-watch-for-men-es\/","name":"Swiss Military SM34094.01 - Reloj suizo de acero inoxidable para hombre","isPartOf":{"@id":"https:\/\/swissmilitarywatches.ch\/es\/#website"},"primaryImageOfPage":{"@id":"https:\/\/swissmilitarywatches.ch\/es\/tienda\/swiss-military-sm34094-01-swiss-stainless-steel-watch-for-men-es\/#primaryimage"},"image":{"@id":"https:\/\/swissmilitarywatches.ch\/es\/tienda\/swiss-military-sm34094-01-swiss-stainless-steel-watch-for-men-es\/#primaryimage"},"thumbnailUrl":"https:\/\/swissmilitarywatches.ch\/wp-content\/uploads\/2023\/03\/SM34094.01.png","datePublished":"2023-03-29T07:35:43+00:00","dateModified":"2025-11-23T22:01:14+00:00","description":"Este reloj suizo de acero inoxidable para hombre es perfecto para todos los hombres que deseen a\u00f1adir un fiel compa\u00f1ero cronometrador a su vida diaria. 5 a\u00f1os de garant\u00eda","breadcrumb":{"@id":"https:\/\/swissmilitarywatches.ch\/es\/tienda\/swiss-military-sm34094-01-swiss-stainless-steel-watch-for-men-es\/#breadcrumb"},"inLanguage":"es","potentialAction":[{"@type":"ReadAction","target":["https:\/\/swissmilitarywatches.ch\/es\/tienda\/swiss-military-sm34094-01-swiss-stainless-steel-watch-for-men-es\/"]}]},{"@type":"ImageObject","inLanguage":"es","@id":"https:\/\/swissmilitarywatches.ch\/es\/tienda\/swiss-military-sm34094-01-swiss-stainless-steel-watch-for-men-es\/#primaryimage","url":"https:\/\/swissmilitarywatches.ch\/wp-content\/uploads\/2023\/03\/SM34094.01.png","contentUrl":"https:\/\/swissmilitarywatches.ch\/wp-content\/uploads\/2023\/03\/SM34094.01.png","width":1300,"height":1642,"caption":"Swiss Military SM34094.01 - Black Swiss Watch for Men"},{"@type":"BreadcrumbList","@id":"https:\/\/swissmilitarywatches.ch\/es\/tienda\/swiss-military-sm34094-01-swiss-stainless-steel-watch-for-men-es\/#breadcrumb","itemListElement":[{"@type":"ListItem","position":1,"name":"Home","item":"https:\/\/swissmilitarywatches.ch\/es\/pagina-principal-2\/"},{"@type":"ListItem","position":2,"name":"Tienda","item":"https:\/\/swissmilitarywatches.ch\/es\/tienda\/"},{"@type":"ListItem","position":3,"name":"Swiss Military SM34094.01 &#8211; Reloj suizo de acero inoxidable para hombre"}]},{"@type":"WebSite","@id":"https:\/\/swissmilitarywatches.ch\/es\/#website","url":"https:\/\/swissmilitarywatches.ch\/es\/","name":"Swiss Military by Chrono","description":"Official Licensed Product of the Swiss Confederation","publisher":{"@id":"https:\/\/swissmilitarywatches.ch\/es\/#organization"},"potentialAction":[{"@type":"SearchAction","target":{"@type":"EntryPoint","urlTemplate":"https:\/\/swissmilitarywatches.ch\/es\/?s={search_term_string}"},"query-input":{"@type":"PropertyValueSpecification","valueRequired":true,"valueName":"search_term_string"}}],"inLanguage":"es"},{"@type":"Organization","@id":"https:\/\/swissmilitarywatches.ch\/es\/#organization","name":"Swiss Military by Chrono","url":"https:\/\/swissmilitarywatches.ch\/es\/","logo":{"@type":"ImageObject","inLanguage":"es","@id":"https:\/\/swissmilitarywatches.ch\/es\/#\/schema\/logo\/image\/","url":"https:\/\/swissmilitarywatches.ch\/wp-content\/uploads\/2020\/04\/cropped-SM_logo_512x512px.jpg","contentUrl":"https:\/\/swissmilitarywatches.ch\/wp-content\/uploads\/2020\/04\/cropped-SM_logo_512x512px.jpg","width":512,"height":512,"caption":"Swiss Military by Chrono"},"image":{"@id":"https:\/\/swissmilitarywatches.ch\/es\/#\/schema\/logo\/image\/"},"sameAs":["https:\/\/m.facebook.com\/swissmilitarybychronoofficial\/","https:\/\/www.instagram.com\/swissmilitarybychrono\/","https:\/\/www.pinterest.ch\/swissmilitarybychrono\/"]}]},"product_brand":"Swiss Military by Chrono","product_price_amount":"229.00","product_price_currency":"EUR","og_availability":"instock","product_availability":"instock","product_retailer_item_id":"SM34094.01","product_condition":"new"},"jetpack_sharing_enabled":true,"_links":{"self":[{"href":"https:\/\/swissmilitarywatches.ch\/es\/wp-json\/wp\/v2\/product\/17327","targetHints":{"allow":["GET"]}}],"collection":[{"href":"https:\/\/swissmilitarywatches.ch\/es\/wp-json\/wp\/v2\/product"}],"about":[{"href":"https:\/\/swissmilitarywatches.ch\/es\/wp-json\/wp\/v2\/types\/product"}],"replies":[{"embeddable":true,"href":"https:\/\/swissmilitarywatches.ch\/es\/wp-json\/wp\/v2\/comments?post=17327"}],"wp:featuredmedia":[{"embeddable":true,"href":"https:\/\/swissmilitarywatches.ch\/es\/wp-json\/wp\/v2\/media\/13878"}],"wp:attachment":[{"href":"https:\/\/swissmilitarywatches.ch\/es\/wp-json\/wp\/v2\/media?parent=17327"}],"wp:term":[{"taxonomy":"product_brand","embeddable":true,"href":"https:\/\/swissmilitarywatches.ch\/es\/wp-json\/wp\/v2\/product_brand?post=17327"},{"taxonomy":"product_cat","embeddable":true,"href":"https:\/\/swissmilitarywatches.ch\/es\/wp-json\/wp\/v2\/product_cat?post=17327"},{"taxonomy":"product_tag","embeddable":true,"href":"https:\/\/swissmilitarywatches.ch\/es\/wp-json\/wp\/v2\/product_tag?post=17327"}],"curies":[{"name":"wp","href":"https:\/\/api.w.org\/{rel}","templated":true}]}}