{"id":11693,"date":"2022-07-11T15:11:44","date_gmt":"2022-07-11T13:11:44","guid":{"rendered":"https:\/\/swissmilitarywatches.ch\/shop\/swiss-military-b-a14092-05-correa-de-caucho-naranja\/"},"modified":"2022-08-09T00:00:24","modified_gmt":"2022-08-08T23:00:24","slug":"swiss-military-b-a14092-05-blue-rubber-strap-es","status":"publish","type":"product","link":"https:\/\/swissmilitarywatches.ch\/es\/tienda\/swiss-military-b-a14092-05-blue-rubber-strap-es\/","title":{"rendered":"Swiss Military B.A14092.05 &#8211; Correa de Caucho Naranja"},"content":{"rendered":"<p>Esta correa de caucho naranja es esencial para todos los que tienen el reloj de buceo Swiss Military SMA34092 1000M. Gracias al sistema de ajuste de la correa f\u00e1cil de poner y quitar, que tienen todas las correas de caucho y los brazaletes de metal, es muy f\u00e1cil adaptar el reloj a sus necesidades diarias. S\u00f3lo tiene que cambiar entre las correas de caucho de diferentes colores o cambiar el brazalete de metal por una correa de caucho cuando le apetezca.<\/p>\n","protected":false},"excerpt":{"rendered":"<h2><span style=\"font-size: 80%;\">\u00bfTe apetece cambiar? <\/span><\/h2>\n<p>Esta correa de caucho naranja es esencial para todos los que tienen el reloj de buceo Swiss Military SMA34092 1000M. Gracias al sistema de ajuste de la correa f\u00e1cil de poner y quitar, que tienen todas las correas de caucho y los brazaletes de metal, es muy f\u00e1cil adaptar el reloj a sus necesidades diarias.<\/p>\n<p><strong>Correa de caucho<\/strong><\/p>\n<ul>\n<li>Anchura de la correa: 22 mm<\/li>\n<li>Sistema de ajuste de pulsera f\u00e1cil de poner y quitar<\/li>\n<\/ul>\n","protected":false},"featured_media":11652,"comment_status":"open","ping_status":"closed","template":"","meta":[],"product_brand":[],"product_cat":[2167],"product_tag":[],"class_list":{"0":"post-11693","1":"product","2":"type-product","3":"status-publish","4":"has-post-thumbnail","6":"product_cat-correas","7":"product_shipping_class-envio-flexible-es","9":"first","10":"instock","11":"taxable","12":"shipping-taxable","13":"purchasable","14":"product-type-simple"},"yoast_head":"<!-- This site is optimized with the Yoast SEO Premium plugin v26.6 (Yoast SEO v26.6) - https:\/\/yoast.com\/wordpress\/plugins\/seo\/ -->\n<title>Swiss Military B.A14092.05 - Correa de Caucho Naranja<\/title>\n<meta name=\"description\" content=\"Correa de caucho naranja con sistema de ajuste de pulsera f\u00e1cil de poner y quitar para adaptar su reloj a sus necesidades diarias. Perfecto para todas las actividades deportivas.\" \/>\n<meta name=\"robots\" content=\"index, follow, max-snippet:-1, max-image-preview:large, max-video-preview:-1\" \/>\n<link rel=\"canonical\" href=\"https:\/\/swissmilitarywatches.ch\/es\/tienda\/swiss-military-b-a14092-05-blue-rubber-strap-es\/\" \/>\n<meta property=\"og:locale\" content=\"es_ES\" \/>\n<meta property=\"og:type\" content=\"article\" \/>\n<meta property=\"og:title\" content=\"Swiss Military B.A14092.05 - Correa de Caucho Naranja\" \/>\n<meta property=\"og:description\" content=\"Correa de caucho naranja con sistema de ajuste de pulsera f\u00e1cil de poner y quitar para adaptar su reloj a sus necesidades diarias. Perfecto para todas las actividades deportivas.\" \/>\n<meta property=\"og:url\" content=\"https:\/\/swissmilitarywatches.ch\/es\/tienda\/swiss-military-b-a14092-05-blue-rubber-strap-es\/\" \/>\n<meta property=\"og:site_name\" content=\"Swiss Military by Chrono\" \/>\n<meta property=\"article:publisher\" content=\"https:\/\/m.facebook.com\/swissmilitarybychronoofficial\/\" \/>\n<meta property=\"article:modified_time\" content=\"2022-08-08T23:00:24+00:00\" \/>\n<meta property=\"og:image\" content=\"https:\/\/swissmilitarywatches.ch\/wp-content\/uploads\/2022\/07\/SMA34092_rubber-orange.png\" \/>\n\t<meta property=\"og:image:width\" content=\"1300\" \/>\n\t<meta property=\"og:image:height\" content=\"1642\" \/>\n\t<meta property=\"og:image:type\" content=\"image\/png\" \/>\n<meta name=\"twitter:card\" content=\"summary_large_image\" \/>\n<meta name=\"twitter:label1\" content=\"Precio\" \/>\n\t<meta name=\"twitter:data1\" content=\"&euro;79.00 con IVA\" \/>\n\t<meta name=\"twitter:label2\" content=\"Disponibilidad\" \/>\n\t<meta name=\"twitter:data2\" content=\"Disponible\" \/>\n<script type=\"application\/ld+json\" class=\"yoast-schema-graph\">{\"@context\":\"https:\/\/schema.org\",\"@graph\":[{\"@type\":\"WebPage\",\"@id\":\"https:\/\/swissmilitarywatches.ch\/es\/tienda\/swiss-military-b-a14092-05-blue-rubber-strap-es\/\",\"url\":\"https:\/\/swissmilitarywatches.ch\/es\/tienda\/swiss-military-b-a14092-05-blue-rubber-strap-es\/\",\"name\":\"Swiss Military B.A14092.05 - Correa de Caucho Naranja\",\"isPartOf\":{\"@id\":\"https:\/\/swissmilitarywatches.ch\/es\/#website\"},\"primaryImageOfPage\":{\"@id\":\"https:\/\/swissmilitarywatches.ch\/es\/tienda\/swiss-military-b-a14092-05-blue-rubber-strap-es\/#primaryimage\"},\"image\":{\"@id\":\"https:\/\/swissmilitarywatches.ch\/es\/tienda\/swiss-military-b-a14092-05-blue-rubber-strap-es\/#primaryimage\"},\"thumbnailUrl\":\"https:\/\/swissmilitarywatches.ch\/wp-content\/uploads\/2022\/07\/SMA34092_rubber-orange.png\",\"datePublished\":\"2022-07-11T13:11:44+00:00\",\"dateModified\":\"2022-08-08T23:00:24+00:00\",\"description\":\"Correa de caucho naranja con sistema de ajuste de pulsera f\u00e1cil de poner y quitar para adaptar su reloj a sus necesidades diarias. Perfecto para todas las actividades deportivas.\",\"breadcrumb\":{\"@id\":\"https:\/\/swissmilitarywatches.ch\/es\/tienda\/swiss-military-b-a14092-05-blue-rubber-strap-es\/#breadcrumb\"},\"inLanguage\":\"es\",\"potentialAction\":[{\"@type\":\"ReadAction\",\"target\":[\"https:\/\/swissmilitarywatches.ch\/es\/tienda\/swiss-military-b-a14092-05-blue-rubber-strap-es\/\"]}]},{\"@type\":\"ImageObject\",\"inLanguage\":\"es\",\"@id\":\"https:\/\/swissmilitarywatches.ch\/es\/tienda\/swiss-military-b-a14092-05-blue-rubber-strap-es\/#primaryimage\",\"url\":\"https:\/\/swissmilitarywatches.ch\/wp-content\/uploads\/2022\/07\/SMA34092_rubber-orange.png\",\"contentUrl\":\"https:\/\/swissmilitarywatches.ch\/wp-content\/uploads\/2022\/07\/SMA34092_rubber-orange.png\",\"width\":1300,\"height\":1642,\"caption\":\"Swiss Military B.A14092.05 - Correa de Caucho Naranja\"},{\"@type\":\"BreadcrumbList\",\"@id\":\"https:\/\/swissmilitarywatches.ch\/es\/tienda\/swiss-military-b-a14092-05-blue-rubber-strap-es\/#breadcrumb\",\"itemListElement\":[{\"@type\":\"ListItem\",\"position\":1,\"name\":\"Home\",\"item\":\"https:\/\/swissmilitarywatches.ch\/es\/pagina-principal-2\/\"},{\"@type\":\"ListItem\",\"position\":2,\"name\":\"Tienda\",\"item\":\"https:\/\/swissmilitarywatches.ch\/es\/tienda\/\"},{\"@type\":\"ListItem\",\"position\":3,\"name\":\"Correas\",\"item\":\"https:\/\/swissmilitarywatches.ch\/es\/categoria-de-producto\/correas\/\"},{\"@type\":\"ListItem\",\"position\":4,\"name\":\"Swiss Military B.A14092.05 &#8211; Correa de Caucho Naranja\"}]},{\"@type\":\"WebSite\",\"@id\":\"https:\/\/swissmilitarywatches.ch\/es\/#website\",\"url\":\"https:\/\/swissmilitarywatches.ch\/es\/\",\"name\":\"Swiss Military by Chrono\",\"description\":\"Official Licensed Product of the Swiss Confederation\",\"publisher\":{\"@id\":\"https:\/\/swissmilitarywatches.ch\/es\/#organization\"},\"potentialAction\":[{\"@type\":\"SearchAction\",\"target\":{\"@type\":\"EntryPoint\",\"urlTemplate\":\"https:\/\/swissmilitarywatches.ch\/es\/?s={search_term_string}\"},\"query-input\":{\"@type\":\"PropertyValueSpecification\",\"valueRequired\":true,\"valueName\":\"search_term_string\"}}],\"inLanguage\":\"es\"},{\"@type\":\"Organization\",\"@id\":\"https:\/\/swissmilitarywatches.ch\/es\/#organization\",\"name\":\"Swiss Military by Chrono\",\"url\":\"https:\/\/swissmilitarywatches.ch\/es\/\",\"logo\":{\"@type\":\"ImageObject\",\"inLanguage\":\"es\",\"@id\":\"https:\/\/swissmilitarywatches.ch\/es\/#\/schema\/logo\/image\/\",\"url\":\"https:\/\/swissmilitarywatches.ch\/wp-content\/uploads\/2020\/04\/cropped-SM_logo_512x512px.jpg\",\"contentUrl\":\"https:\/\/swissmilitarywatches.ch\/wp-content\/uploads\/2020\/04\/cropped-SM_logo_512x512px.jpg\",\"width\":512,\"height\":512,\"caption\":\"Swiss Military by Chrono\"},\"image\":{\"@id\":\"https:\/\/swissmilitarywatches.ch\/es\/#\/schema\/logo\/image\/\"},\"sameAs\":[\"https:\/\/m.facebook.com\/swissmilitarybychronoofficial\/\",\"https:\/\/www.instagram.com\/swissmilitarybychrono\/\",\"https:\/\/www.pinterest.ch\/swissmilitarybychrono\/\"]}]}<\/script>\n<meta property=\"product:brand\" content=\"Swiss Military by Chrono\" \/>\n<meta property=\"product:price:amount\" content=\"79.00\" \/>\n<meta property=\"product:price:currency\" content=\"EUR\" \/>\n<meta property=\"og:availability\" content=\"instock\" \/>\n<meta property=\"product:availability\" content=\"instock\" \/>\n<meta property=\"product:retailer_item_id\" content=\"B.A14092.05\" \/>\n<meta property=\"product:condition\" content=\"new\" \/>\n<!-- \/ Yoast SEO Premium plugin. -->","yoast_head_json":{"title":"Swiss Military B.A14092.05 - Correa de Caucho Naranja","description":"Correa de caucho naranja con sistema de ajuste de pulsera f\u00e1cil de poner y quitar para adaptar su reloj a sus necesidades diarias. Perfecto para todas las actividades deportivas.","robots":{"index":"index","follow":"follow","max-snippet":"max-snippet:-1","max-image-preview":"max-image-preview:large","max-video-preview":"max-video-preview:-1"},"canonical":"https:\/\/swissmilitarywatches.ch\/es\/tienda\/swiss-military-b-a14092-05-blue-rubber-strap-es\/","og_locale":"es_ES","og_type":"article","og_title":"Swiss Military B.A14092.05 - Correa de Caucho Naranja","og_description":"Correa de caucho naranja con sistema de ajuste de pulsera f\u00e1cil de poner y quitar para adaptar su reloj a sus necesidades diarias. Perfecto para todas las actividades deportivas.","og_url":"https:\/\/swissmilitarywatches.ch\/es\/tienda\/swiss-military-b-a14092-05-blue-rubber-strap-es\/","og_site_name":"Swiss Military by Chrono","article_publisher":"https:\/\/m.facebook.com\/swissmilitarybychronoofficial\/","article_modified_time":"2022-08-08T23:00:24+00:00","og_image":[{"width":1300,"height":1642,"url":"https:\/\/swissmilitarywatches.ch\/wp-content\/uploads\/2022\/07\/SMA34092_rubber-orange.png","type":"image\/png"}],"twitter_card":"summary_large_image","twitter_misc":{"Precio":"&euro;79.00 con IVA","Disponibilidad":"Disponible"},"schema":{"@context":"https:\/\/schema.org","@graph":[{"@type":"WebPage","@id":"https:\/\/swissmilitarywatches.ch\/es\/tienda\/swiss-military-b-a14092-05-blue-rubber-strap-es\/","url":"https:\/\/swissmilitarywatches.ch\/es\/tienda\/swiss-military-b-a14092-05-blue-rubber-strap-es\/","name":"Swiss Military B.A14092.05 - Correa de Caucho Naranja","isPartOf":{"@id":"https:\/\/swissmilitarywatches.ch\/es\/#website"},"primaryImageOfPage":{"@id":"https:\/\/swissmilitarywatches.ch\/es\/tienda\/swiss-military-b-a14092-05-blue-rubber-strap-es\/#primaryimage"},"image":{"@id":"https:\/\/swissmilitarywatches.ch\/es\/tienda\/swiss-military-b-a14092-05-blue-rubber-strap-es\/#primaryimage"},"thumbnailUrl":"https:\/\/swissmilitarywatches.ch\/wp-content\/uploads\/2022\/07\/SMA34092_rubber-orange.png","datePublished":"2022-07-11T13:11:44+00:00","dateModified":"2022-08-08T23:00:24+00:00","description":"Correa de caucho naranja con sistema de ajuste de pulsera f\u00e1cil de poner y quitar para adaptar su reloj a sus necesidades diarias. Perfecto para todas las actividades deportivas.","breadcrumb":{"@id":"https:\/\/swissmilitarywatches.ch\/es\/tienda\/swiss-military-b-a14092-05-blue-rubber-strap-es\/#breadcrumb"},"inLanguage":"es","potentialAction":[{"@type":"ReadAction","target":["https:\/\/swissmilitarywatches.ch\/es\/tienda\/swiss-military-b-a14092-05-blue-rubber-strap-es\/"]}]},{"@type":"ImageObject","inLanguage":"es","@id":"https:\/\/swissmilitarywatches.ch\/es\/tienda\/swiss-military-b-a14092-05-blue-rubber-strap-es\/#primaryimage","url":"https:\/\/swissmilitarywatches.ch\/wp-content\/uploads\/2022\/07\/SMA34092_rubber-orange.png","contentUrl":"https:\/\/swissmilitarywatches.ch\/wp-content\/uploads\/2022\/07\/SMA34092_rubber-orange.png","width":1300,"height":1642,"caption":"Swiss Military B.A14092.05 - Correa de Caucho Naranja"},{"@type":"BreadcrumbList","@id":"https:\/\/swissmilitarywatches.ch\/es\/tienda\/swiss-military-b-a14092-05-blue-rubber-strap-es\/#breadcrumb","itemListElement":[{"@type":"ListItem","position":1,"name":"Home","item":"https:\/\/swissmilitarywatches.ch\/es\/pagina-principal-2\/"},{"@type":"ListItem","position":2,"name":"Tienda","item":"https:\/\/swissmilitarywatches.ch\/es\/tienda\/"},{"@type":"ListItem","position":3,"name":"Correas","item":"https:\/\/swissmilitarywatches.ch\/es\/categoria-de-producto\/correas\/"},{"@type":"ListItem","position":4,"name":"Swiss Military B.A14092.05 &#8211; Correa de Caucho Naranja"}]},{"@type":"WebSite","@id":"https:\/\/swissmilitarywatches.ch\/es\/#website","url":"https:\/\/swissmilitarywatches.ch\/es\/","name":"Swiss Military by Chrono","description":"Official Licensed Product of the Swiss Confederation","publisher":{"@id":"https:\/\/swissmilitarywatches.ch\/es\/#organization"},"potentialAction":[{"@type":"SearchAction","target":{"@type":"EntryPoint","urlTemplate":"https:\/\/swissmilitarywatches.ch\/es\/?s={search_term_string}"},"query-input":{"@type":"PropertyValueSpecification","valueRequired":true,"valueName":"search_term_string"}}],"inLanguage":"es"},{"@type":"Organization","@id":"https:\/\/swissmilitarywatches.ch\/es\/#organization","name":"Swiss Military by Chrono","url":"https:\/\/swissmilitarywatches.ch\/es\/","logo":{"@type":"ImageObject","inLanguage":"es","@id":"https:\/\/swissmilitarywatches.ch\/es\/#\/schema\/logo\/image\/","url":"https:\/\/swissmilitarywatches.ch\/wp-content\/uploads\/2020\/04\/cropped-SM_logo_512x512px.jpg","contentUrl":"https:\/\/swissmilitarywatches.ch\/wp-content\/uploads\/2020\/04\/cropped-SM_logo_512x512px.jpg","width":512,"height":512,"caption":"Swiss Military by Chrono"},"image":{"@id":"https:\/\/swissmilitarywatches.ch\/es\/#\/schema\/logo\/image\/"},"sameAs":["https:\/\/m.facebook.com\/swissmilitarybychronoofficial\/","https:\/\/www.instagram.com\/swissmilitarybychrono\/","https:\/\/www.pinterest.ch\/swissmilitarybychrono\/"]}]},"product_brand":"Swiss Military by Chrono","product_price_amount":"79.00","product_price_currency":"EUR","og_availability":"instock","product_availability":"instock","product_retailer_item_id":"B.A14092.05","product_condition":"new"},"jetpack_sharing_enabled":true,"_links":{"self":[{"href":"https:\/\/swissmilitarywatches.ch\/es\/wp-json\/wp\/v2\/product\/11693","targetHints":{"allow":["GET"]}}],"collection":[{"href":"https:\/\/swissmilitarywatches.ch\/es\/wp-json\/wp\/v2\/product"}],"about":[{"href":"https:\/\/swissmilitarywatches.ch\/es\/wp-json\/wp\/v2\/types\/product"}],"replies":[{"embeddable":true,"href":"https:\/\/swissmilitarywatches.ch\/es\/wp-json\/wp\/v2\/comments?post=11693"}],"wp:featuredmedia":[{"embeddable":true,"href":"https:\/\/swissmilitarywatches.ch\/es\/wp-json\/wp\/v2\/media\/11652"}],"wp:attachment":[{"href":"https:\/\/swissmilitarywatches.ch\/es\/wp-json\/wp\/v2\/media?parent=11693"}],"wp:term":[{"taxonomy":"product_brand","embeddable":true,"href":"https:\/\/swissmilitarywatches.ch\/es\/wp-json\/wp\/v2\/product_brand?post=11693"},{"taxonomy":"product_cat","embeddable":true,"href":"https:\/\/swissmilitarywatches.ch\/es\/wp-json\/wp\/v2\/product_cat?post=11693"},{"taxonomy":"product_tag","embeddable":true,"href":"https:\/\/swissmilitarywatches.ch\/es\/wp-json\/wp\/v2\/product_tag?post=11693"}],"curies":[{"name":"wp","href":"https:\/\/api.w.org\/{rel}","templated":true}]}}