{"id":10604,"date":"2022-02-01T12:34:27","date_gmt":"2022-02-01T10:34:27","guid":{"rendered":"https:\/\/swissmilitarywatches.ch\/product\/swiss-military-sm34088-09-reloj-de-buceo-200m\/"},"modified":"2025-11-24T00:00:59","modified_gmt":"2025-11-23T22:00:59","slug":"swiss-military-sm34088-09-es","status":"publish","type":"product","link":"https:\/\/swissmilitarywatches.ch\/es\/tienda\/swiss-military-sm34088-09-es\/","title":{"rendered":"Swiss Military SM34088.09 &#8211; Reloj de buceo 200M"},"content":{"rendered":"<p><span style=\"font-size: 100%;\">Este reloj de buceo es el compa\u00f1ero perfecto para todos los hombres que llevan un estilo de vida activo. Desde el bisel negro de estilo deportivo con marcadores de minutos distintivos hasta la esfera verde con manecillas e indicadores de hora espec\u00edficos para el buceo, todo est\u00e1 dise\u00f1ado para subrayar el car\u00e1cter puramente deportivo de este atractivo reloj de hombre. El dise\u00f1o combina perfectamente con cualquier situaci\u00f3n de vestimenta. Y adem\u00e1s, que este reloj de hombre acompa\u00f1e perfectamente, nunca deja de acentuar el car\u00e1cter masculino de su portador. Como es habitual en cualquier reloj de buceo, la corona puede ser atornillada de forma segura en la caja para que el agua no pueda penetrar en la caja del reloj a bajas profundidades de buceo. Adem\u00e1s, el prominente bisel gira de manera unidireccional para ayudar a los buceadores a gestionar el tiempo.<\/span><\/p>\n<p><span style=\"font-size: 100%;\">De hecho, este reloj suizo viene repleto de caracter\u00edsticas de alta calidad dignas de un reloj militar. La caja de este reloj de buceo es de acero inoxidable resistente y viene con una pulsera de caucho negra. Un cristal de mineral K1 extra endurecido con capa de zafiro cubre la esfera negra del reloj. Las manecillas y los marcadores de hora, bien visibles, son luminosos y brillan en la oscuridad. Este reloj de buceo para hombres est\u00e1 equipado con un movimiento Swiss Made y se ensambla a mano en <a href=\"https:\/\/swissmilitarywatches.ch\/es\/marca\/#brand-swiss-made\">nuestro taller de relojer\u00eda.<\/a> Como promesa de nuestra calidad Swiss Military Swiss Made, este reloj est\u00e1 cubierto por <a href=\"https:\/\/swissmilitarywatches.ch\/es\/garantia\/\">una garant\u00eda internacional de 5 a\u00f1os.<\/a><\/span><\/p>\n","protected":false},"excerpt":{"rendered":"<h2><span style=\"font-size: 80%;\">El deporte comienza con este atractivo reloj de buceo para hombre!<\/span><\/h2>\n<p>Salga a divertirse con este reloj de buceo de hombre. El dise\u00f1o superdeportivo es perfecto para todos los hombres que llevan un estilo de vida activo y buscan un reloj que se adapte a su car\u00e1cter.<\/p>\n<p>Esa es la raz\u00f3n por la que este reloj de buceo est\u00e1 fabricado con todas nuestras caracter\u00edsticas de calidad Swiss Made:<\/p>\n<ul>\n<li>Producci\u00f3n propia Swiss Made<\/li>\n<li>Caja de acero inoxidable<\/li>\n<li>Cristal mineral extra endurecido K1 con capa de zafiro<\/li>\n<li>Resistencia al agua hasta 200M\/20ATM<\/li>\n<li>Corona de tornillo<\/li>\n<li>Swiss Made movement<\/li>\n<li>5 a\u00f1os de garant\u00eda internacional<\/li>\n<\/ul>\n","protected":false},"featured_media":10161,"comment_status":"open","ping_status":"closed","template":"","meta":[],"product_brand":[],"product_cat":[1813,1816,1824,2065],"product_tag":[],"class_list":{"0":"post-10604","1":"product","2":"type-product","3":"status-publish","4":"has-post-thumbnail","6":"product_cat-todos-los-relojes-es","7":"product_cat-relojes-hombre-es","8":"product_cat-relojes-de-cuarzo","9":"product_cat-sm34088-es","10":"product_shipping_class-envio-flexible-es","12":"first","13":"instock","14":"taxable","15":"shipping-taxable","16":"purchasable","17":"product-type-simple"},"yoast_head":"<!-- This site is optimized with the Yoast SEO Premium plugin v26.6 (Yoast SEO v26.6) - https:\/\/yoast.com\/wordpress\/plugins\/seo\/ -->\n<title>Swiss Military SM34088.09 - Reloj de buceo 200M<\/title>\n<meta name=\"description\" content=\"Este reloj militar de buceo es el compa\u00f1ero perfecto para sus aventuras al aire libre. 200 metros de resistencia al agua, corona de tornillo, bisel giratorio!\" \/>\n<meta name=\"robots\" content=\"index, follow, max-snippet:-1, max-image-preview:large, max-video-preview:-1\" \/>\n<link rel=\"canonical\" href=\"https:\/\/swissmilitarywatches.ch\/es\/tienda\/swiss-military-sm34088-09-es\/\" \/>\n<meta property=\"og:locale\" content=\"es_ES\" \/>\n<meta property=\"og:type\" content=\"article\" \/>\n<meta property=\"og:title\" content=\"Swiss Military SM34088.09 - Reloj de buceo 200M\" \/>\n<meta property=\"og:description\" content=\"Este reloj militar de buceo es el compa\u00f1ero perfecto para sus aventuras al aire libre. 200 metros de resistencia al agua, corona de tornillo, bisel giratorio!\" \/>\n<meta property=\"og:url\" content=\"https:\/\/swissmilitarywatches.ch\/es\/tienda\/swiss-military-sm34088-09-es\/\" \/>\n<meta property=\"og:site_name\" content=\"Swiss Military by Chrono\" \/>\n<meta property=\"article:publisher\" content=\"https:\/\/m.facebook.com\/swissmilitarybychronoofficial\/\" \/>\n<meta property=\"article:modified_time\" content=\"2025-11-23T22:00:59+00:00\" \/>\n<meta property=\"og:image\" content=\"https:\/\/swissmilitarywatches.ch\/wp-content\/uploads\/2022\/02\/SM34088.09.png\" \/>\n\t<meta property=\"og:image:width\" content=\"1300\" \/>\n\t<meta property=\"og:image:height\" content=\"1642\" \/>\n\t<meta property=\"og:image:type\" content=\"image\/png\" \/>\n<meta name=\"twitter:card\" content=\"summary_large_image\" \/>\n<meta name=\"twitter:label1\" content=\"Precio\" \/>\n\t<meta name=\"twitter:data1\" content=\"&euro;349.00 con IVA\" \/>\n\t<meta name=\"twitter:label2\" content=\"Disponibilidad\" \/>\n\t<meta name=\"twitter:data2\" content=\"Disponible\" \/>\n<script type=\"application\/ld+json\" class=\"yoast-schema-graph\">{\"@context\":\"https:\/\/schema.org\",\"@graph\":[{\"@type\":\"WebPage\",\"@id\":\"https:\/\/swissmilitarywatches.ch\/es\/tienda\/swiss-military-sm34088-09-es\/\",\"url\":\"https:\/\/swissmilitarywatches.ch\/es\/tienda\/swiss-military-sm34088-09-es\/\",\"name\":\"Swiss Military SM34088.09 - Reloj de buceo 200M\",\"isPartOf\":{\"@id\":\"https:\/\/swissmilitarywatches.ch\/es\/#website\"},\"primaryImageOfPage\":{\"@id\":\"https:\/\/swissmilitarywatches.ch\/es\/tienda\/swiss-military-sm34088-09-es\/#primaryimage\"},\"image\":{\"@id\":\"https:\/\/swissmilitarywatches.ch\/es\/tienda\/swiss-military-sm34088-09-es\/#primaryimage\"},\"thumbnailUrl\":\"https:\/\/swissmilitarywatches.ch\/wp-content\/uploads\/2022\/02\/SM34088.09.png\",\"datePublished\":\"2022-02-01T10:34:27+00:00\",\"dateModified\":\"2025-11-23T22:00:59+00:00\",\"description\":\"Este reloj militar de buceo es el compa\u00f1ero perfecto para sus aventuras al aire libre. 200 metros de resistencia al agua, corona de tornillo, bisel giratorio!\",\"breadcrumb\":{\"@id\":\"https:\/\/swissmilitarywatches.ch\/es\/tienda\/swiss-military-sm34088-09-es\/#breadcrumb\"},\"inLanguage\":\"es\",\"potentialAction\":[{\"@type\":\"ReadAction\",\"target\":[\"https:\/\/swissmilitarywatches.ch\/es\/tienda\/swiss-military-sm34088-09-es\/\"]}]},{\"@type\":\"ImageObject\",\"inLanguage\":\"es\",\"@id\":\"https:\/\/swissmilitarywatches.ch\/es\/tienda\/swiss-military-sm34088-09-es\/#primaryimage\",\"url\":\"https:\/\/swissmilitarywatches.ch\/wp-content\/uploads\/2022\/02\/SM34088.09.png\",\"contentUrl\":\"https:\/\/swissmilitarywatches.ch\/wp-content\/uploads\/2022\/02\/SM34088.09.png\",\"width\":1300,\"height\":1642,\"caption\":\"Swiss Military SM34088.09 - Reloj de buceo 200M\"},{\"@type\":\"BreadcrumbList\",\"@id\":\"https:\/\/swissmilitarywatches.ch\/es\/tienda\/swiss-military-sm34088-09-es\/#breadcrumb\",\"itemListElement\":[{\"@type\":\"ListItem\",\"position\":1,\"name\":\"Home\",\"item\":\"https:\/\/swissmilitarywatches.ch\/es\/pagina-principal-2\/\"},{\"@type\":\"ListItem\",\"position\":2,\"name\":\"Tienda\",\"item\":\"https:\/\/swissmilitarywatches.ch\/es\/tienda\/\"},{\"@type\":\"ListItem\",\"position\":3,\"name\":\"Todos los relojes\",\"item\":\"https:\/\/swissmilitarywatches.ch\/es\/categoria-de-producto\/todos-los-relojes-es\/\"},{\"@type\":\"ListItem\",\"position\":4,\"name\":\"Relojes de hombre\",\"item\":\"https:\/\/swissmilitarywatches.ch\/es\/categoria-de-producto\/todos-los-relojes-es\/relojes-hombre-es\/\"},{\"@type\":\"ListItem\",\"position\":5,\"name\":\"Relojes de cuarzo\",\"item\":\"https:\/\/swissmilitarywatches.ch\/es\/categoria-de-producto\/todos-los-relojes-es\/relojes-hombre-es\/relojes-de-cuarzo\/\"},{\"@type\":\"ListItem\",\"position\":6,\"name\":\"Swiss Military SM34088.09 &#8211; Reloj de buceo 200M\"}]},{\"@type\":\"WebSite\",\"@id\":\"https:\/\/swissmilitarywatches.ch\/es\/#website\",\"url\":\"https:\/\/swissmilitarywatches.ch\/es\/\",\"name\":\"Swiss Military by Chrono\",\"description\":\"Official Licensed Product of the Swiss Confederation\",\"publisher\":{\"@id\":\"https:\/\/swissmilitarywatches.ch\/es\/#organization\"},\"potentialAction\":[{\"@type\":\"SearchAction\",\"target\":{\"@type\":\"EntryPoint\",\"urlTemplate\":\"https:\/\/swissmilitarywatches.ch\/es\/?s={search_term_string}\"},\"query-input\":{\"@type\":\"PropertyValueSpecification\",\"valueRequired\":true,\"valueName\":\"search_term_string\"}}],\"inLanguage\":\"es\"},{\"@type\":\"Organization\",\"@id\":\"https:\/\/swissmilitarywatches.ch\/es\/#organization\",\"name\":\"Swiss Military by Chrono\",\"url\":\"https:\/\/swissmilitarywatches.ch\/es\/\",\"logo\":{\"@type\":\"ImageObject\",\"inLanguage\":\"es\",\"@id\":\"https:\/\/swissmilitarywatches.ch\/es\/#\/schema\/logo\/image\/\",\"url\":\"https:\/\/swissmilitarywatches.ch\/wp-content\/uploads\/2020\/04\/cropped-SM_logo_512x512px.jpg\",\"contentUrl\":\"https:\/\/swissmilitarywatches.ch\/wp-content\/uploads\/2020\/04\/cropped-SM_logo_512x512px.jpg\",\"width\":512,\"height\":512,\"caption\":\"Swiss Military by Chrono\"},\"image\":{\"@id\":\"https:\/\/swissmilitarywatches.ch\/es\/#\/schema\/logo\/image\/\"},\"sameAs\":[\"https:\/\/m.facebook.com\/swissmilitarybychronoofficial\/\",\"https:\/\/www.instagram.com\/swissmilitarybychrono\/\",\"https:\/\/www.pinterest.ch\/swissmilitarybychrono\/\"]}]}<\/script>\n<meta property=\"product:brand\" content=\"Swiss Military by Chrono\" \/>\n<meta property=\"product:price:amount\" content=\"349.00\" \/>\n<meta property=\"product:price:currency\" content=\"EUR\" \/>\n<meta property=\"og:availability\" content=\"instock\" \/>\n<meta property=\"product:availability\" content=\"instock\" \/>\n<meta property=\"product:retailer_item_id\" content=\"SM34088.09\" \/>\n<meta property=\"product:condition\" content=\"new\" \/>\n<!-- \/ Yoast SEO Premium plugin. -->","yoast_head_json":{"title":"Swiss Military SM34088.09 - Reloj de buceo 200M","description":"Este reloj militar de buceo es el compa\u00f1ero perfecto para sus aventuras al aire libre. 200 metros de resistencia al agua, corona de tornillo, bisel giratorio!","robots":{"index":"index","follow":"follow","max-snippet":"max-snippet:-1","max-image-preview":"max-image-preview:large","max-video-preview":"max-video-preview:-1"},"canonical":"https:\/\/swissmilitarywatches.ch\/es\/tienda\/swiss-military-sm34088-09-es\/","og_locale":"es_ES","og_type":"article","og_title":"Swiss Military SM34088.09 - Reloj de buceo 200M","og_description":"Este reloj militar de buceo es el compa\u00f1ero perfecto para sus aventuras al aire libre. 200 metros de resistencia al agua, corona de tornillo, bisel giratorio!","og_url":"https:\/\/swissmilitarywatches.ch\/es\/tienda\/swiss-military-sm34088-09-es\/","og_site_name":"Swiss Military by Chrono","article_publisher":"https:\/\/m.facebook.com\/swissmilitarybychronoofficial\/","article_modified_time":"2025-11-23T22:00:59+00:00","og_image":[{"width":1300,"height":1642,"url":"https:\/\/swissmilitarywatches.ch\/wp-content\/uploads\/2022\/02\/SM34088.09.png","type":"image\/png"}],"twitter_card":"summary_large_image","twitter_misc":{"Precio":"&euro;349.00 con IVA","Disponibilidad":"Disponible"},"schema":{"@context":"https:\/\/schema.org","@graph":[{"@type":"WebPage","@id":"https:\/\/swissmilitarywatches.ch\/es\/tienda\/swiss-military-sm34088-09-es\/","url":"https:\/\/swissmilitarywatches.ch\/es\/tienda\/swiss-military-sm34088-09-es\/","name":"Swiss Military SM34088.09 - Reloj de buceo 200M","isPartOf":{"@id":"https:\/\/swissmilitarywatches.ch\/es\/#website"},"primaryImageOfPage":{"@id":"https:\/\/swissmilitarywatches.ch\/es\/tienda\/swiss-military-sm34088-09-es\/#primaryimage"},"image":{"@id":"https:\/\/swissmilitarywatches.ch\/es\/tienda\/swiss-military-sm34088-09-es\/#primaryimage"},"thumbnailUrl":"https:\/\/swissmilitarywatches.ch\/wp-content\/uploads\/2022\/02\/SM34088.09.png","datePublished":"2022-02-01T10:34:27+00:00","dateModified":"2025-11-23T22:00:59+00:00","description":"Este reloj militar de buceo es el compa\u00f1ero perfecto para sus aventuras al aire libre. 200 metros de resistencia al agua, corona de tornillo, bisel giratorio!","breadcrumb":{"@id":"https:\/\/swissmilitarywatches.ch\/es\/tienda\/swiss-military-sm34088-09-es\/#breadcrumb"},"inLanguage":"es","potentialAction":[{"@type":"ReadAction","target":["https:\/\/swissmilitarywatches.ch\/es\/tienda\/swiss-military-sm34088-09-es\/"]}]},{"@type":"ImageObject","inLanguage":"es","@id":"https:\/\/swissmilitarywatches.ch\/es\/tienda\/swiss-military-sm34088-09-es\/#primaryimage","url":"https:\/\/swissmilitarywatches.ch\/wp-content\/uploads\/2022\/02\/SM34088.09.png","contentUrl":"https:\/\/swissmilitarywatches.ch\/wp-content\/uploads\/2022\/02\/SM34088.09.png","width":1300,"height":1642,"caption":"Swiss Military SM34088.09 - Reloj de buceo 200M"},{"@type":"BreadcrumbList","@id":"https:\/\/swissmilitarywatches.ch\/es\/tienda\/swiss-military-sm34088-09-es\/#breadcrumb","itemListElement":[{"@type":"ListItem","position":1,"name":"Home","item":"https:\/\/swissmilitarywatches.ch\/es\/pagina-principal-2\/"},{"@type":"ListItem","position":2,"name":"Tienda","item":"https:\/\/swissmilitarywatches.ch\/es\/tienda\/"},{"@type":"ListItem","position":3,"name":"Todos los relojes","item":"https:\/\/swissmilitarywatches.ch\/es\/categoria-de-producto\/todos-los-relojes-es\/"},{"@type":"ListItem","position":4,"name":"Relojes de hombre","item":"https:\/\/swissmilitarywatches.ch\/es\/categoria-de-producto\/todos-los-relojes-es\/relojes-hombre-es\/"},{"@type":"ListItem","position":5,"name":"Relojes de cuarzo","item":"https:\/\/swissmilitarywatches.ch\/es\/categoria-de-producto\/todos-los-relojes-es\/relojes-hombre-es\/relojes-de-cuarzo\/"},{"@type":"ListItem","position":6,"name":"Swiss Military SM34088.09 &#8211; Reloj de buceo 200M"}]},{"@type":"WebSite","@id":"https:\/\/swissmilitarywatches.ch\/es\/#website","url":"https:\/\/swissmilitarywatches.ch\/es\/","name":"Swiss Military by Chrono","description":"Official Licensed Product of the Swiss Confederation","publisher":{"@id":"https:\/\/swissmilitarywatches.ch\/es\/#organization"},"potentialAction":[{"@type":"SearchAction","target":{"@type":"EntryPoint","urlTemplate":"https:\/\/swissmilitarywatches.ch\/es\/?s={search_term_string}"},"query-input":{"@type":"PropertyValueSpecification","valueRequired":true,"valueName":"search_term_string"}}],"inLanguage":"es"},{"@type":"Organization","@id":"https:\/\/swissmilitarywatches.ch\/es\/#organization","name":"Swiss Military by Chrono","url":"https:\/\/swissmilitarywatches.ch\/es\/","logo":{"@type":"ImageObject","inLanguage":"es","@id":"https:\/\/swissmilitarywatches.ch\/es\/#\/schema\/logo\/image\/","url":"https:\/\/swissmilitarywatches.ch\/wp-content\/uploads\/2020\/04\/cropped-SM_logo_512x512px.jpg","contentUrl":"https:\/\/swissmilitarywatches.ch\/wp-content\/uploads\/2020\/04\/cropped-SM_logo_512x512px.jpg","width":512,"height":512,"caption":"Swiss Military by Chrono"},"image":{"@id":"https:\/\/swissmilitarywatches.ch\/es\/#\/schema\/logo\/image\/"},"sameAs":["https:\/\/m.facebook.com\/swissmilitarybychronoofficial\/","https:\/\/www.instagram.com\/swissmilitarybychrono\/","https:\/\/www.pinterest.ch\/swissmilitarybychrono\/"]}]},"product_brand":"Swiss Military by Chrono","product_price_amount":"349.00","product_price_currency":"EUR","og_availability":"instock","product_availability":"instock","product_retailer_item_id":"SM34088.09","product_condition":"new"},"jetpack_sharing_enabled":true,"_links":{"self":[{"href":"https:\/\/swissmilitarywatches.ch\/es\/wp-json\/wp\/v2\/product\/10604","targetHints":{"allow":["GET"]}}],"collection":[{"href":"https:\/\/swissmilitarywatches.ch\/es\/wp-json\/wp\/v2\/product"}],"about":[{"href":"https:\/\/swissmilitarywatches.ch\/es\/wp-json\/wp\/v2\/types\/product"}],"replies":[{"embeddable":true,"href":"https:\/\/swissmilitarywatches.ch\/es\/wp-json\/wp\/v2\/comments?post=10604"}],"wp:featuredmedia":[{"embeddable":true,"href":"https:\/\/swissmilitarywatches.ch\/es\/wp-json\/wp\/v2\/media\/10161"}],"wp:attachment":[{"href":"https:\/\/swissmilitarywatches.ch\/es\/wp-json\/wp\/v2\/media?parent=10604"}],"wp:term":[{"taxonomy":"product_brand","embeddable":true,"href":"https:\/\/swissmilitarywatches.ch\/es\/wp-json\/wp\/v2\/product_brand?post=10604"},{"taxonomy":"product_cat","embeddable":true,"href":"https:\/\/swissmilitarywatches.ch\/es\/wp-json\/wp\/v2\/product_cat?post=10604"},{"taxonomy":"product_tag","embeddable":true,"href":"https:\/\/swissmilitarywatches.ch\/es\/wp-json\/wp\/v2\/product_tag?post=10604"}],"curies":[{"name":"wp","href":"https:\/\/api.w.org\/{rel}","templated":true}]}}