{"id":8891,"date":"2021-08-24T07:59:39","date_gmt":"2021-08-24T06:59:39","guid":{"rendered":"https:\/\/swissmilitarywatches.ch\/bloggers-influencers\/"},"modified":"2023-06-27T15:31:13","modified_gmt":"2023-06-27T13:31:13","slug":"bloggers-influencers","status":"publish","type":"page","link":"https:\/\/swissmilitarywatches.ch\/es\/bloggers-influencers\/","title":{"rendered":"Bloggers &amp; Influencers"},"content":{"rendered":"\n<div class=\"row\"  id=\"row-1868981711\">\n\n\n\t<div id=\"col-1513337480\" class=\"col small-12 large-12\"  >\n\t\t\t\t<div class=\"col-inner text-center\"  >\n\t\t\t\n\t\t\t\n\n<h1>Bloggers &amp; influencers<\/h1>\n\n\t\t<\/div>\n\t\t\t\t\t<\/div>\n\n\t\n\n<\/div>\n<div class=\"row row-collapse\"  id=\"row-333290285\">\n\n\n\t<div id=\"col-2112421365\" class=\"col small-12 large-12\"  >\n\t\t\t\t<div class=\"col-inner\"  >\n\t\t\t\n\t\t\t\n\n<p>\u00bfLe apasiona realmente Swiss Military by Chrono y le gustar\u00eda colaborar con nosotros? <br>Env\u00edenos un correo electr\u00f3nico y h\u00e1ganoslo saber: quiz\u00e1s usted ser\u00e1 nuestro pr\u00f3ximo embajador de Swiss Military by Chrono.<\/p>\n<p><a href=\"mailto:hello@crazyseconds.com\" target=\"_top\" rel=\"noopener noreferrer\">mail@swissmilitarywatches.ch<\/a><\/p>\n\n\t\t<\/div>\n\t\t\t\t\t<\/div>\n\n\t\n\n<\/div>\n<div class=\"row\"  id=\"row-1738992596\">\n\n\n\t<div id=\"col-777484809\" class=\"col medium-4 small-12 large-4\"  >\n\t\t\t\t<div class=\"col-inner\"  >\n\t\t\t\n\t\t\t\n\n\t<div class=\"img has-hover x md-x lg-x y md-y lg-y\" id=\"image_564637957\">\n\t\t\t\t\t\t\t\t<div class=\"img-inner image-cover dark\" style=\"padding-top:100%;\">\n\t\t\t<img decoding=\"async\" width=\"1707\" height=\"2560\" src=\"https:\/\/swissmilitarywatches.ch\/wp-content\/uploads\/2023\/06\/P1A7721-scaled.jpg\" class=\"attachment-large size-large\" alt=\"influencers bloggers - Dennis Savescu\" srcset=\"https:\/\/swissmilitarywatches.ch\/wp-content\/uploads\/2023\/06\/P1A7721-scaled.jpg 1707w, https:\/\/swissmilitarywatches.ch\/wp-content\/uploads\/2023\/06\/P1A7721-768x1152.jpg 768w, https:\/\/swissmilitarywatches.ch\/wp-content\/uploads\/2023\/06\/P1A7721-1024x1536.jpg 1024w, https:\/\/swissmilitarywatches.ch\/wp-content\/uploads\/2023\/06\/P1A7721-1365x2048.jpg 1365w, https:\/\/swissmilitarywatches.ch\/wp-content\/uploads\/2023\/06\/P1A7721-600x900.jpg 600w\" sizes=\"(max-width: 1707px) 100vw, 1707px\" \/>\t\t\t\t\t\t\n\t\t\t\t\t<\/div>\n\t\t\t\t\t\t\t\t\n<style>\n#image_564637957 {\n  width: 100%;\n}\n<\/style>\n\t<\/div>\n\t\n\n\n\t\t<\/div>\n\t\t\t\t\t<\/div>\n\n\t\n\n\t<div id=\"col-461131272\" class=\"col medium-4 small-12 large-4\"  >\n\t\t\t\t<div class=\"col-inner\"  >\n\t\t\t\n\t\t\t\n\n\t<div class=\"img has-hover x md-x lg-x y md-y lg-y\" id=\"image_2066712156\">\n\t\t\t\t\t\t\t\t<div class=\"img-inner image-cover dark\" style=\"padding-top:100%;\">\n\t\t\t<img decoding=\"async\" width=\"1708\" height=\"2560\" src=\"https:\/\/swissmilitarywatches.ch\/wp-content\/uploads\/2023\/06\/J9A3914-scaled.jpg\" class=\"attachment-large size-large\" alt=\"Influencer &amp; Bloggers\" srcset=\"https:\/\/swissmilitarywatches.ch\/wp-content\/uploads\/2023\/06\/J9A3914-scaled.jpg 1708w, https:\/\/swissmilitarywatches.ch\/wp-content\/uploads\/2023\/06\/J9A3914-768x1151.jpg 768w, https:\/\/swissmilitarywatches.ch\/wp-content\/uploads\/2023\/06\/J9A3914-1025x1536.jpg 1025w, https:\/\/swissmilitarywatches.ch\/wp-content\/uploads\/2023\/06\/J9A3914-1366x2048.jpg 1366w, https:\/\/swissmilitarywatches.ch\/wp-content\/uploads\/2023\/06\/J9A3914-600x900.jpg 600w\" sizes=\"(max-width: 1708px) 100vw, 1708px\" \/>\t\t\t\t\t\t\n\t\t\t\t\t<\/div>\n\t\t\t\t\t\t\t\t\n<style>\n#image_2066712156 {\n  width: 100%;\n}\n<\/style>\n\t<\/div>\n\t\n\n\n\t\t<\/div>\n\t\t\t\t\t<\/div>\n\n\t\n\n\t<div id=\"col-2136167423\" class=\"col medium-4 small-12 large-4\"  >\n\t\t\t\t<div class=\"col-inner\"  >\n\t\t\t\n\t\t\t\n\n\t<div class=\"img has-hover x md-x lg-x y md-y lg-y\" id=\"image_1797496443\">\n\t\t\t\t\t\t\t\t<div class=\"img-inner image-cover dark\" style=\"padding-top:100%;\">\n\t\t\t<img decoding=\"async\" width=\"1080\" height=\"1231\" src=\"https:\/\/swissmilitarywatches.ch\/wp-content\/uploads\/2023\/06\/Screenshot_20220118-105746_Instagram.jpg\" class=\"attachment-large size-large\" alt=\"influencers bloggers - thomasiceberg\" srcset=\"https:\/\/swissmilitarywatches.ch\/wp-content\/uploads\/2023\/06\/Screenshot_20220118-105746_Instagram.jpg 1080w, https:\/\/swissmilitarywatches.ch\/wp-content\/uploads\/2023\/06\/Screenshot_20220118-105746_Instagram-768x875.jpg 768w, https:\/\/swissmilitarywatches.ch\/wp-content\/uploads\/2023\/06\/Screenshot_20220118-105746_Instagram-600x684.jpg 600w\" sizes=\"(max-width: 1080px) 100vw, 1080px\" \/>\t\t\t\t\t\t\n\t\t\t\t\t<\/div>\n\t\t\t\t\t\t\t\t\n<style>\n#image_1797496443 {\n  width: 100%;\n}\n<\/style>\n\t<\/div>\n\t\n\n\n\t\t<\/div>\n\t\t\t\t\t<\/div>\n\n\t\n\n\t<div id=\"col-1017442678\" class=\"col medium-4 small-12 large-4\"  >\n\t\t\t\t<div class=\"col-inner\"  >\n\t\t\t\n\t\t\t\n\n\t<div class=\"img has-hover x md-x lg-x y md-y lg-y\" id=\"image_1220002765\">\n\t\t\t\t\t\t\t\t<div class=\"img-inner image-cover dark\" style=\"padding-top:100%;\">\n\t\t\t<img decoding=\"async\" width=\"1080\" height=\"1354\" src=\"https:\/\/swissmilitarywatches.ch\/wp-content\/uploads\/2023\/06\/Screenshot_20211115-101504_Instagram.jpg\" class=\"attachment-large size-large\" alt=\"Influencer &amp; Bloggers\" srcset=\"https:\/\/swissmilitarywatches.ch\/wp-content\/uploads\/2023\/06\/Screenshot_20211115-101504_Instagram.jpg 1080w, https:\/\/swissmilitarywatches.ch\/wp-content\/uploads\/2023\/06\/Screenshot_20211115-101504_Instagram-768x963.jpg 768w, https:\/\/swissmilitarywatches.ch\/wp-content\/uploads\/2023\/06\/Screenshot_20211115-101504_Instagram-600x752.jpg 600w\" sizes=\"(max-width: 1080px) 100vw, 1080px\" \/>\t\t\t\t\t\t\n\t\t\t\t\t<\/div>\n\t\t\t\t\t\t\t\t\n<style>\n#image_1220002765 {\n  width: 100%;\n}\n<\/style>\n\t<\/div>\n\t\n\n\n\t\t<\/div>\n\t\t\t\t\t<\/div>\n\n\t\n\n\t<div id=\"col-1850081852\" class=\"col medium-4 small-12 large-4\"  >\n\t\t\t\t<div class=\"col-inner\"  >\n\t\t\t\n\t\t\t\n\n\t<div class=\"img has-hover x md-x lg-x y md-y lg-y\" id=\"image_626685812\">\n\t\t\t\t\t\t\t\t<div class=\"img-inner image-cover dark\" style=\"padding-top:100%;\">\n\t\t\t<img decoding=\"async\" width=\"1707\" height=\"2560\" src=\"https:\/\/swissmilitarywatches.ch\/wp-content\/uploads\/2023\/06\/P1A9436-scaled.jpg\" class=\"attachment-large size-large\" alt=\"influencers bloggers\" srcset=\"https:\/\/swissmilitarywatches.ch\/wp-content\/uploads\/2023\/06\/P1A9436-scaled.jpg 1707w, https:\/\/swissmilitarywatches.ch\/wp-content\/uploads\/2023\/06\/P1A9436-768x1152.jpg 768w, https:\/\/swissmilitarywatches.ch\/wp-content\/uploads\/2023\/06\/P1A9436-1024x1536.jpg 1024w, https:\/\/swissmilitarywatches.ch\/wp-content\/uploads\/2023\/06\/P1A9436-1365x2048.jpg 1365w, https:\/\/swissmilitarywatches.ch\/wp-content\/uploads\/2023\/06\/P1A9436-600x900.jpg 600w\" sizes=\"(max-width: 1707px) 100vw, 1707px\" \/>\t\t\t\t\t\t\n\t\t\t\t\t<\/div>\n\t\t\t\t\t\t\t\t\n<style>\n#image_626685812 {\n  width: 100%;\n}\n<\/style>\n\t<\/div>\n\t\n\n\n\t\t<\/div>\n\t\t\t\t\t<\/div>\n\n\t\n\n\t<div id=\"col-82471165\" class=\"col medium-4 small-12 large-4\"  >\n\t\t\t\t<div class=\"col-inner\"  >\n\t\t\t\n\t\t\t\n\n\t<div class=\"img has-hover x md-x lg-x y md-y lg-y\" id=\"image_1540358779\">\n\t\t\t\t\t\t\t\t<div class=\"img-inner image-cover dark\" style=\"padding-top:100%;\">\n\t\t\t<img decoding=\"async\" width=\"1080\" height=\"1324\" src=\"https:\/\/swissmilitarywatches.ch\/wp-content\/uploads\/2023\/06\/Screenshot_20210601-093013_Instagram.jpg\" class=\"attachment-large size-large\" alt=\"Influencer &amp; Bloggers\" srcset=\"https:\/\/swissmilitarywatches.ch\/wp-content\/uploads\/2023\/06\/Screenshot_20210601-093013_Instagram.jpg 1080w, https:\/\/swissmilitarywatches.ch\/wp-content\/uploads\/2023\/06\/Screenshot_20210601-093013_Instagram-768x942.jpg 768w, https:\/\/swissmilitarywatches.ch\/wp-content\/uploads\/2023\/06\/Screenshot_20210601-093013_Instagram-600x736.jpg 600w\" sizes=\"(max-width: 1080px) 100vw, 1080px\" \/>\t\t\t\t\t\t\n\t\t\t\t\t<\/div>\n\t\t\t\t\t\t\t\t\n<style>\n#image_1540358779 {\n  width: 100%;\n}\n<\/style>\n\t<\/div>\n\t\n\n\n\t\t<\/div>\n\t\t\t\t\t<\/div>\n\n\t\n\n\t<div id=\"col-1348460113\" class=\"col medium-4 small-12 large-4\"  >\n\t\t\t\t<div class=\"col-inner\"  >\n\t\t\t\n\t\t\t\n\n\t<div class=\"img has-hover x md-x lg-x y md-y lg-y\" id=\"image_956338950\">\n\t\t\t\t\t\t\t\t<div class=\"img-inner image-cover dark\" style=\"padding-top:100%;\">\n\t\t\t<img decoding=\"async\" width=\"2048\" height=\"2560\" src=\"https:\/\/swissmilitarywatches.ch\/wp-content\/uploads\/2023\/06\/Swissmilitary-3-scaled.jpg\" class=\"attachment-large size-large\" alt=\"Influencer &amp; Bloggers\" srcset=\"https:\/\/swissmilitarywatches.ch\/wp-content\/uploads\/2023\/06\/Swissmilitary-3-scaled.jpg 2048w, https:\/\/swissmilitarywatches.ch\/wp-content\/uploads\/2023\/06\/Swissmilitary-3-768x960.jpg 768w, https:\/\/swissmilitarywatches.ch\/wp-content\/uploads\/2023\/06\/Swissmilitary-3-1229x1536.jpg 1229w, https:\/\/swissmilitarywatches.ch\/wp-content\/uploads\/2023\/06\/Swissmilitary-3-1638x2048.jpg 1638w, https:\/\/swissmilitarywatches.ch\/wp-content\/uploads\/2023\/06\/Swissmilitary-3-600x750.jpg 600w\" sizes=\"(max-width: 2048px) 100vw, 2048px\" \/>\t\t\t\t\t\t\n\t\t\t\t\t<\/div>\n\t\t\t\t\t\t\t\t\n<style>\n#image_956338950 {\n  width: 100%;\n}\n<\/style>\n\t<\/div>\n\t\n\n\n\t\t<\/div>\n\t\t\t\t\t<\/div>\n\n\t\n\n\t<div id=\"col-342370054\" class=\"col medium-4 small-12 large-4\"  >\n\t\t\t\t<div class=\"col-inner\"  >\n\t\t\t\n\t\t\t\n\n\t<div class=\"img has-hover x md-x lg-x y md-y lg-y\" id=\"image_359776\">\n\t\t\t\t\t\t\t\t<div class=\"img-inner image-cover dark\" style=\"padding-top:100%;\">\n\t\t\t<img decoding=\"async\" width=\"1707\" height=\"2560\" src=\"https:\/\/swissmilitarywatches.ch\/wp-content\/uploads\/2023\/06\/P1A5343-scaled.jpg\" class=\"attachment-large size-large\" alt=\"influencers bloggers - Dennis Savescu\" srcset=\"https:\/\/swissmilitarywatches.ch\/wp-content\/uploads\/2023\/06\/P1A5343-scaled.jpg 1707w, https:\/\/swissmilitarywatches.ch\/wp-content\/uploads\/2023\/06\/P1A5343-768x1152.jpg 768w, https:\/\/swissmilitarywatches.ch\/wp-content\/uploads\/2023\/06\/P1A5343-1024x1536.jpg 1024w, https:\/\/swissmilitarywatches.ch\/wp-content\/uploads\/2023\/06\/P1A5343-1365x2048.jpg 1365w, https:\/\/swissmilitarywatches.ch\/wp-content\/uploads\/2023\/06\/P1A5343-600x900.jpg 600w\" sizes=\"(max-width: 1707px) 100vw, 1707px\" \/>\t\t\t\t\t\t\n\t\t\t\t\t<\/div>\n\t\t\t\t\t\t\t\t\n<style>\n#image_359776 {\n  width: 100%;\n}\n<\/style>\n\t<\/div>\n\t\n\n\n\t\t<\/div>\n\t\t\t\t\t<\/div>\n\n\t\n\n\t<div id=\"col-2065206664\" class=\"col medium-4 small-12 large-4\"  >\n\t\t\t\t<div class=\"col-inner\"  >\n\t\t\t\n\t\t\t\n\n\t<div class=\"img has-hover x md-x lg-x y md-y lg-y\" id=\"image_1039366358\">\n\t\t\t\t\t\t\t\t<div class=\"img-inner image-cover dark\" style=\"padding-top:100%;\">\n\t\t\t<img decoding=\"async\" width=\"1707\" height=\"2560\" src=\"https:\/\/swissmilitarywatches.ch\/wp-content\/uploads\/2023\/06\/P1A8918-scaled.jpg\" class=\"attachment-large size-large\" alt=\"influencers bloggers - Dennis Savescu\" srcset=\"https:\/\/swissmilitarywatches.ch\/wp-content\/uploads\/2023\/06\/P1A8918-scaled.jpg 1707w, https:\/\/swissmilitarywatches.ch\/wp-content\/uploads\/2023\/06\/P1A8918-768x1152.jpg 768w, https:\/\/swissmilitarywatches.ch\/wp-content\/uploads\/2023\/06\/P1A8918-1024x1536.jpg 1024w, https:\/\/swissmilitarywatches.ch\/wp-content\/uploads\/2023\/06\/P1A8918-1365x2048.jpg 1365w, https:\/\/swissmilitarywatches.ch\/wp-content\/uploads\/2023\/06\/P1A8918-600x900.jpg 600w\" sizes=\"(max-width: 1707px) 100vw, 1707px\" \/>\t\t\t\t\t\t\n\t\t\t\t\t<\/div>\n\t\t\t\t\t\t\t\t\n<style>\n#image_1039366358 {\n  width: 100%;\n}\n<\/style>\n\t<\/div>\n\t\n\n\n\t\t<\/div>\n\t\t\t\t\t<\/div>\n\n\t\n\n<\/div>\n\n","protected":false},"excerpt":{"rendered":"","protected":false},"author":2,"featured_media":0,"parent":0,"menu_order":0,"comment_status":"closed","ping_status":"closed","template":"","meta":{"footnotes":""},"class_list":["post-8891","page","type-page","status-publish","hentry"],"yoast_head":"<!-- This site is optimized with the Yoast SEO Premium plugin v26.6 (Yoast SEO v26.6) - https:\/\/yoast.com\/wordpress\/plugins\/seo\/ -->\n<title>Bloggers &amp; Influencers - Swiss Military by Chrono<\/title>\n<meta name=\"robots\" content=\"index, follow, max-snippet:-1, max-image-preview:large, max-video-preview:-1\" \/>\n<link rel=\"canonical\" href=\"https:\/\/swissmilitarywatches.ch\/es\/bloggers-influencers\/\" \/>\n<meta property=\"og:locale\" content=\"es_ES\" \/>\n<meta property=\"og:type\" content=\"article\" \/>\n<meta property=\"og:title\" content=\"Bloggers &amp; Influencers\" \/>\n<meta property=\"og:url\" content=\"https:\/\/swissmilitarywatches.ch\/es\/bloggers-influencers\/\" \/>\n<meta property=\"og:site_name\" content=\"Swiss Military by Chrono\" \/>\n<meta property=\"article:publisher\" content=\"https:\/\/m.facebook.com\/swissmilitarybychronoofficial\/\" \/>\n<meta property=\"article:modified_time\" content=\"2023-06-27T13:31:13+00:00\" \/>\n<meta name=\"twitter:card\" content=\"summary_large_image\" \/>\n<meta name=\"twitter:label1\" content=\"Tiempo de lectura\" \/>\n\t<meta name=\"twitter:data1\" content=\"1 minuto\" \/>\n<script type=\"application\/ld+json\" class=\"yoast-schema-graph\">{\"@context\":\"https:\/\/schema.org\",\"@graph\":[{\"@type\":\"WebPage\",\"@id\":\"https:\/\/swissmilitarywatches.ch\/es\/bloggers-influencers\/\",\"url\":\"https:\/\/swissmilitarywatches.ch\/es\/bloggers-influencers\/\",\"name\":\"Bloggers &amp; Influencers - Swiss Military by Chrono\",\"isPartOf\":{\"@id\":\"https:\/\/swissmilitarywatches.ch\/es\/#website\"},\"datePublished\":\"2021-08-24T06:59:39+00:00\",\"dateModified\":\"2023-06-27T13:31:13+00:00\",\"breadcrumb\":{\"@id\":\"https:\/\/swissmilitarywatches.ch\/es\/bloggers-influencers\/#breadcrumb\"},\"inLanguage\":\"es\",\"potentialAction\":[{\"@type\":\"ReadAction\",\"target\":[\"https:\/\/swissmilitarywatches.ch\/es\/bloggers-influencers\/\"]}]},{\"@type\":\"BreadcrumbList\",\"@id\":\"https:\/\/swissmilitarywatches.ch\/es\/bloggers-influencers\/#breadcrumb\",\"itemListElement\":[{\"@type\":\"ListItem\",\"position\":1,\"name\":\"Home\",\"item\":\"https:\/\/swissmilitarywatches.ch\/es\/pagina-principal-2\/\"},{\"@type\":\"ListItem\",\"position\":2,\"name\":\"Bloggers &amp; Influencers\"}]},{\"@type\":\"WebSite\",\"@id\":\"https:\/\/swissmilitarywatches.ch\/es\/#website\",\"url\":\"https:\/\/swissmilitarywatches.ch\/es\/\",\"name\":\"Swiss Military by Chrono\",\"description\":\"Official Licensed Product of the Swiss Confederation\",\"publisher\":{\"@id\":\"https:\/\/swissmilitarywatches.ch\/es\/#organization\"},\"potentialAction\":[{\"@type\":\"SearchAction\",\"target\":{\"@type\":\"EntryPoint\",\"urlTemplate\":\"https:\/\/swissmilitarywatches.ch\/es\/?s={search_term_string}\"},\"query-input\":{\"@type\":\"PropertyValueSpecification\",\"valueRequired\":true,\"valueName\":\"search_term_string\"}}],\"inLanguage\":\"es\"},{\"@type\":\"Organization\",\"@id\":\"https:\/\/swissmilitarywatches.ch\/es\/#organization\",\"name\":\"Swiss Military by Chrono\",\"url\":\"https:\/\/swissmilitarywatches.ch\/es\/\",\"logo\":{\"@type\":\"ImageObject\",\"inLanguage\":\"es\",\"@id\":\"https:\/\/swissmilitarywatches.ch\/es\/#\/schema\/logo\/image\/\",\"url\":\"https:\/\/swissmilitarywatches.ch\/wp-content\/uploads\/2020\/04\/cropped-SM_logo_512x512px.jpg\",\"contentUrl\":\"https:\/\/swissmilitarywatches.ch\/wp-content\/uploads\/2020\/04\/cropped-SM_logo_512x512px.jpg\",\"width\":512,\"height\":512,\"caption\":\"Swiss Military by Chrono\"},\"image\":{\"@id\":\"https:\/\/swissmilitarywatches.ch\/es\/#\/schema\/logo\/image\/\"},\"sameAs\":[\"https:\/\/m.facebook.com\/swissmilitarybychronoofficial\/\",\"https:\/\/www.instagram.com\/swissmilitarybychrono\/\",\"https:\/\/www.pinterest.ch\/swissmilitarybychrono\/\"]}]}<\/script>\n<!-- \/ Yoast SEO Premium plugin. -->","yoast_head_json":{"title":"Bloggers &amp; Influencers - Swiss Military by Chrono","robots":{"index":"index","follow":"follow","max-snippet":"max-snippet:-1","max-image-preview":"max-image-preview:large","max-video-preview":"max-video-preview:-1"},"canonical":"https:\/\/swissmilitarywatches.ch\/es\/bloggers-influencers\/","og_locale":"es_ES","og_type":"article","og_title":"Bloggers &amp; Influencers","og_url":"https:\/\/swissmilitarywatches.ch\/es\/bloggers-influencers\/","og_site_name":"Swiss Military by Chrono","article_publisher":"https:\/\/m.facebook.com\/swissmilitarybychronoofficial\/","article_modified_time":"2023-06-27T13:31:13+00:00","twitter_card":"summary_large_image","twitter_misc":{"Tiempo de lectura":"1 minuto"},"schema":{"@context":"https:\/\/schema.org","@graph":[{"@type":"WebPage","@id":"https:\/\/swissmilitarywatches.ch\/es\/bloggers-influencers\/","url":"https:\/\/swissmilitarywatches.ch\/es\/bloggers-influencers\/","name":"Bloggers &amp; Influencers - Swiss Military by Chrono","isPartOf":{"@id":"https:\/\/swissmilitarywatches.ch\/es\/#website"},"datePublished":"2021-08-24T06:59:39+00:00","dateModified":"2023-06-27T13:31:13+00:00","breadcrumb":{"@id":"https:\/\/swissmilitarywatches.ch\/es\/bloggers-influencers\/#breadcrumb"},"inLanguage":"es","potentialAction":[{"@type":"ReadAction","target":["https:\/\/swissmilitarywatches.ch\/es\/bloggers-influencers\/"]}]},{"@type":"BreadcrumbList","@id":"https:\/\/swissmilitarywatches.ch\/es\/bloggers-influencers\/#breadcrumb","itemListElement":[{"@type":"ListItem","position":1,"name":"Home","item":"https:\/\/swissmilitarywatches.ch\/es\/pagina-principal-2\/"},{"@type":"ListItem","position":2,"name":"Bloggers &amp; Influencers"}]},{"@type":"WebSite","@id":"https:\/\/swissmilitarywatches.ch\/es\/#website","url":"https:\/\/swissmilitarywatches.ch\/es\/","name":"Swiss Military by Chrono","description":"Official Licensed Product of the Swiss Confederation","publisher":{"@id":"https:\/\/swissmilitarywatches.ch\/es\/#organization"},"potentialAction":[{"@type":"SearchAction","target":{"@type":"EntryPoint","urlTemplate":"https:\/\/swissmilitarywatches.ch\/es\/?s={search_term_string}"},"query-input":{"@type":"PropertyValueSpecification","valueRequired":true,"valueName":"search_term_string"}}],"inLanguage":"es"},{"@type":"Organization","@id":"https:\/\/swissmilitarywatches.ch\/es\/#organization","name":"Swiss Military by Chrono","url":"https:\/\/swissmilitarywatches.ch\/es\/","logo":{"@type":"ImageObject","inLanguage":"es","@id":"https:\/\/swissmilitarywatches.ch\/es\/#\/schema\/logo\/image\/","url":"https:\/\/swissmilitarywatches.ch\/wp-content\/uploads\/2020\/04\/cropped-SM_logo_512x512px.jpg","contentUrl":"https:\/\/swissmilitarywatches.ch\/wp-content\/uploads\/2020\/04\/cropped-SM_logo_512x512px.jpg","width":512,"height":512,"caption":"Swiss Military by Chrono"},"image":{"@id":"https:\/\/swissmilitarywatches.ch\/es\/#\/schema\/logo\/image\/"},"sameAs":["https:\/\/m.facebook.com\/swissmilitarybychronoofficial\/","https:\/\/www.instagram.com\/swissmilitarybychrono\/","https:\/\/www.pinterest.ch\/swissmilitarybychrono\/"]}]}},"jetpack_sharing_enabled":true,"_links":{"self":[{"href":"https:\/\/swissmilitarywatches.ch\/es\/wp-json\/wp\/v2\/pages\/8891","targetHints":{"allow":["GET"]}}],"collection":[{"href":"https:\/\/swissmilitarywatches.ch\/es\/wp-json\/wp\/v2\/pages"}],"about":[{"href":"https:\/\/swissmilitarywatches.ch\/es\/wp-json\/wp\/v2\/types\/page"}],"author":[{"embeddable":true,"href":"https:\/\/swissmilitarywatches.ch\/es\/wp-json\/wp\/v2\/users\/2"}],"replies":[{"embeddable":true,"href":"https:\/\/swissmilitarywatches.ch\/es\/wp-json\/wp\/v2\/comments?post=8891"}],"version-history":[{"count":6,"href":"https:\/\/swissmilitarywatches.ch\/es\/wp-json\/wp\/v2\/pages\/8891\/revisions"}],"predecessor-version":[{"id":16880,"href":"https:\/\/swissmilitarywatches.ch\/es\/wp-json\/wp\/v2\/pages\/8891\/revisions\/16880"}],"wp:attachment":[{"href":"https:\/\/swissmilitarywatches.ch\/es\/wp-json\/wp\/v2\/media?parent=8891"}],"curies":[{"name":"wp","href":"https:\/\/api.w.org\/{rel}","templated":true}]}}