{"id":8877,"date":"2021-08-24T07:53:21","date_gmt":"2021-08-24T06:53:21","guid":{"rendered":"https:\/\/swissmilitarywatches.ch\/condiciones-de-uso\/"},"modified":"2021-08-26T09:48:08","modified_gmt":"2021-08-26T08:48:08","slug":"condiciones-de-uso","status":"publish","type":"page","link":"https:\/\/swissmilitarywatches.ch\/es\/condiciones-de-uso\/","title":{"rendered":"Condiciones de uso"},"content":{"rendered":"\n<h1>Condiciones de uso<\/h1>\n<p> <\/p>\n<p>Este sitio web es proporcionado por Chrono AG, una empresa bajo la ley suiza, ID de empresa CHE-108.009.554, Weissensteinstrasse 49, 4502 Solothurn, Suiza. Chrono AG es el propietario de la marca de relojes Swiss Military by Chrono. Por lo tanto, el propietario del sitio web se referir\u00e1 en lo sucesivo como \u00abSwiss Military by Chrono\u00bb.<\/p>\n<p>Tenga en cuenta que los servicios ofrecidos por Swiss Military by Chrono en Internet no constituyen una oferta para concluir un contrato con los usuarios del sitio web. La conclusi\u00f3n y ejecuci\u00f3n de los contratos de compra est\u00e1n sujetas a las condiciones generales de Swiss Military by Chrono. La versi\u00f3n actual de las mismas est\u00e1 disponible en este sitio web.<\/p>\n<p> <\/p>\n<p>El acceso a este sitio web est\u00e1 sujeto a las siguientes condiciones de uso:<\/p>\n<p> <\/p>\n<p>1.<\/p>\n<p>Todo el contenido del sitio web swissmilitarywatches.ch (incluyendo, sin limitaci\u00f3n, im\u00e1genes, fotos, dise\u00f1o, texto, logotipos, gr\u00e1ficos, iconos, clips de audio\/v\u00eddeo, descargas, interfaces, informaci\u00f3n, materiales, c\u00f3digo y software, as\u00ed como la selecci\u00f3n y disposici\u00f3n) son propiedad exclusiva de Swiss Military by Chrono, al igual que sus licenciantes o sus proveedores de contenido, y est\u00e1n protegidos por derechos de autor, marcas comerciales y otras leyes aplicables.<\/p>\n<p> <\/p>\n<p>2.<\/p>\n<p>Los usuarios del sitio web pueden acceder, copiar, descargar e imprimir el contenido del sitio web \u00fanicamente para uso personal y no comercial, siempre y cuando los usuarios no modifiquen o eliminen ning\u00fan aviso de derechos de autor, marcas comerciales o cualquier otro aviso de propiedad que aparezca en el contenido del sitio web al que los usuarios acceden, copian, descargan o imprimen. Se proh\u00edbe cualquier otro uso de cualquier contenido del sitio web, incluyendo, pero sin limitarse a ello, la modificaci\u00f3n, distribuci\u00f3n, transmisi\u00f3n, emisi\u00f3n, publicaci\u00f3n, recarga, concesi\u00f3n de licencias, ingenier\u00eda inversa, transferencia o venta o creaci\u00f3n de trabajos derivados de contenidos, productos o servicios, que se obtengan del sitio web o el uso del sitio web para fines que compitan con Swiss Military by Chrono.<\/p>\n<p> <\/p>\n<p>3.<\/p>\n<p>Aunque Swiss Military by Chrono se asegura de que este sitio web contiene informaci\u00f3n correcta y actualizada, la empresa no asume ninguna garant\u00eda en cuanto al contenido del sitio web. Swiss Military by Chrono no asume ninguna responsabilidad por la exactitud, actualidad o completitud de la informaci\u00f3n contenida en el sitio web swissmilitarywatches.ch. Swiss Military by Chrono se reserva el derecho de modificar el contenido del sitio web swissmilitarywatches.ch de cualquier manera, en cualquier momento, por cualquier motivo y sin previo aviso, y no se hace responsable de las consecuencias de dichos cambios.<\/p>\n<p> <\/p>\n<p>4.<\/p>\n<p>Swiss Military by Chrono no se responsabiliza de los da\u00f1os, costes o p\u00e9rdidas que se produzcan como consecuencia de la utilizaci\u00f3n del sitio web swissmilitarywatches.ch y\/o de la tienda online, ni del uso de los enlaces y\/o direcciones de correo electr\u00f3nico facilitados por Swiss Military by Chrono.<\/p>\n<p> <\/p>\n<p>5.<\/p>\n<p>En la medida en que lo permita la ley, estas condiciones de uso est\u00e1n sujetas a la ley suiza.<\/p>\n<p>En cuanto lo permita la ley, Solothurn\/Suiza ser\u00e1 el lugar de jurisdicci\u00f3n para todas las disputas que surjan de estas Condiciones de Uso. Swiss Military by Chrono tambi\u00e9n tiene derecho a demandar en el domicilio del cliente.<\/p>\n<p> <\/p>\n","protected":false},"excerpt":{"rendered":"<p>Condiciones de uso Este sitio web es proporcionado por Chrono AG, una empresa bajo la ley suiza, ID de empresa CHE-108.009.554, Weissensteinstrasse 49, 4502 Solothurn, Suiza. Chrono AG es el propietario de la marca de relojes Swiss Military by Chrono. Por lo tanto, el propietario del sitio web se referir\u00e1 en lo sucesivo como \u00abSwiss [&#8230;]\n","protected":false},"author":2,"featured_media":0,"parent":0,"menu_order":0,"comment_status":"closed","ping_status":"closed","template":"","meta":{"footnotes":""},"class_list":["post-8877","page","type-page","status-publish","hentry"],"yoast_head":"<!-- This site is optimized with the Yoast SEO Premium plugin v26.6 (Yoast SEO v26.6) - https:\/\/yoast.com\/wordpress\/plugins\/seo\/ -->\n<title>Condiciones de uso - Swiss Military by Chrono<\/title>\n<meta name=\"robots\" content=\"noindex, nofollow\" \/>\n<meta property=\"og:locale\" content=\"es_ES\" \/>\n<meta property=\"og:type\" content=\"article\" \/>\n<meta property=\"og:title\" content=\"Condiciones de uso\" \/>\n<meta property=\"og:description\" content=\"Condiciones de uso Este sitio web es proporcionado por Chrono AG, una empresa bajo la ley suiza, ID de empresa CHE-108.009.554, Weissensteinstrasse 49, 4502 Solothurn, Suiza. Chrono AG es el propietario de la marca de relojes Swiss Military by Chrono. Por lo tanto, el propietario del sitio web se referir\u00e1 en lo sucesivo como \u00abSwiss [...]\" \/>\n<meta property=\"og:url\" content=\"https:\/\/swissmilitarywatches.ch\/es\/condiciones-de-uso\/\" \/>\n<meta property=\"og:site_name\" content=\"Swiss Military by Chrono\" \/>\n<meta property=\"article:publisher\" content=\"https:\/\/m.facebook.com\/swissmilitarybychronoofficial\/\" \/>\n<meta property=\"article:modified_time\" content=\"2021-08-26T08:48:08+00:00\" \/>\n<meta name=\"twitter:card\" content=\"summary_large_image\" \/>\n<meta name=\"twitter:label1\" content=\"Tiempo de lectura\" \/>\n\t<meta name=\"twitter:data1\" content=\"3 minutos\" \/>\n<script type=\"application\/ld+json\" class=\"yoast-schema-graph\">{\"@context\":\"https:\/\/schema.org\",\"@graph\":[{\"@type\":\"WebPage\",\"@id\":\"https:\/\/swissmilitarywatches.ch\/es\/condiciones-de-uso\/\",\"url\":\"https:\/\/swissmilitarywatches.ch\/es\/condiciones-de-uso\/\",\"name\":\"Condiciones de uso - Swiss Military by Chrono\",\"isPartOf\":{\"@id\":\"https:\/\/swissmilitarywatches.ch\/es\/#website\"},\"datePublished\":\"2021-08-24T06:53:21+00:00\",\"dateModified\":\"2021-08-26T08:48:08+00:00\",\"breadcrumb\":{\"@id\":\"https:\/\/swissmilitarywatches.ch\/es\/condiciones-de-uso\/#breadcrumb\"},\"inLanguage\":\"es\",\"potentialAction\":[{\"@type\":\"ReadAction\",\"target\":[\"https:\/\/swissmilitarywatches.ch\/es\/condiciones-de-uso\/\"]}]},{\"@type\":\"BreadcrumbList\",\"@id\":\"https:\/\/swissmilitarywatches.ch\/es\/condiciones-de-uso\/#breadcrumb\",\"itemListElement\":[{\"@type\":\"ListItem\",\"position\":1,\"name\":\"Home\",\"item\":\"https:\/\/swissmilitarywatches.ch\/es\/pagina-principal-2\/\"},{\"@type\":\"ListItem\",\"position\":2,\"name\":\"Condiciones de uso\"}]},{\"@type\":\"WebSite\",\"@id\":\"https:\/\/swissmilitarywatches.ch\/es\/#website\",\"url\":\"https:\/\/swissmilitarywatches.ch\/es\/\",\"name\":\"Swiss Military by Chrono\",\"description\":\"Official Licensed Product of the Swiss Confederation\",\"publisher\":{\"@id\":\"https:\/\/swissmilitarywatches.ch\/es\/#organization\"},\"potentialAction\":[{\"@type\":\"SearchAction\",\"target\":{\"@type\":\"EntryPoint\",\"urlTemplate\":\"https:\/\/swissmilitarywatches.ch\/es\/?s={search_term_string}\"},\"query-input\":{\"@type\":\"PropertyValueSpecification\",\"valueRequired\":true,\"valueName\":\"search_term_string\"}}],\"inLanguage\":\"es\"},{\"@type\":\"Organization\",\"@id\":\"https:\/\/swissmilitarywatches.ch\/es\/#organization\",\"name\":\"Swiss Military by Chrono\",\"url\":\"https:\/\/swissmilitarywatches.ch\/es\/\",\"logo\":{\"@type\":\"ImageObject\",\"inLanguage\":\"es\",\"@id\":\"https:\/\/swissmilitarywatches.ch\/es\/#\/schema\/logo\/image\/\",\"url\":\"https:\/\/swissmilitarywatches.ch\/wp-content\/uploads\/2020\/04\/cropped-SM_logo_512x512px.jpg\",\"contentUrl\":\"https:\/\/swissmilitarywatches.ch\/wp-content\/uploads\/2020\/04\/cropped-SM_logo_512x512px.jpg\",\"width\":512,\"height\":512,\"caption\":\"Swiss Military by Chrono\"},\"image\":{\"@id\":\"https:\/\/swissmilitarywatches.ch\/es\/#\/schema\/logo\/image\/\"},\"sameAs\":[\"https:\/\/m.facebook.com\/swissmilitarybychronoofficial\/\",\"https:\/\/www.instagram.com\/swissmilitarybychrono\/\",\"https:\/\/www.pinterest.ch\/swissmilitarybychrono\/\"]}]}<\/script>\n<!-- \/ Yoast SEO Premium plugin. -->","yoast_head_json":{"title":"Condiciones de uso - Swiss Military by Chrono","robots":{"index":"noindex","follow":"nofollow"},"og_locale":"es_ES","og_type":"article","og_title":"Condiciones de uso","og_description":"Condiciones de uso Este sitio web es proporcionado por Chrono AG, una empresa bajo la ley suiza, ID de empresa CHE-108.009.554, Weissensteinstrasse 49, 4502 Solothurn, Suiza. Chrono AG es el propietario de la marca de relojes Swiss Military by Chrono. Por lo tanto, el propietario del sitio web se referir\u00e1 en lo sucesivo como \u00abSwiss [...]","og_url":"https:\/\/swissmilitarywatches.ch\/es\/condiciones-de-uso\/","og_site_name":"Swiss Military by Chrono","article_publisher":"https:\/\/m.facebook.com\/swissmilitarybychronoofficial\/","article_modified_time":"2021-08-26T08:48:08+00:00","twitter_card":"summary_large_image","twitter_misc":{"Tiempo de lectura":"3 minutos"},"schema":{"@context":"https:\/\/schema.org","@graph":[{"@type":"WebPage","@id":"https:\/\/swissmilitarywatches.ch\/es\/condiciones-de-uso\/","url":"https:\/\/swissmilitarywatches.ch\/es\/condiciones-de-uso\/","name":"Condiciones de uso - Swiss Military by Chrono","isPartOf":{"@id":"https:\/\/swissmilitarywatches.ch\/es\/#website"},"datePublished":"2021-08-24T06:53:21+00:00","dateModified":"2021-08-26T08:48:08+00:00","breadcrumb":{"@id":"https:\/\/swissmilitarywatches.ch\/es\/condiciones-de-uso\/#breadcrumb"},"inLanguage":"es","potentialAction":[{"@type":"ReadAction","target":["https:\/\/swissmilitarywatches.ch\/es\/condiciones-de-uso\/"]}]},{"@type":"BreadcrumbList","@id":"https:\/\/swissmilitarywatches.ch\/es\/condiciones-de-uso\/#breadcrumb","itemListElement":[{"@type":"ListItem","position":1,"name":"Home","item":"https:\/\/swissmilitarywatches.ch\/es\/pagina-principal-2\/"},{"@type":"ListItem","position":2,"name":"Condiciones de uso"}]},{"@type":"WebSite","@id":"https:\/\/swissmilitarywatches.ch\/es\/#website","url":"https:\/\/swissmilitarywatches.ch\/es\/","name":"Swiss Military by Chrono","description":"Official Licensed Product of the Swiss Confederation","publisher":{"@id":"https:\/\/swissmilitarywatches.ch\/es\/#organization"},"potentialAction":[{"@type":"SearchAction","target":{"@type":"EntryPoint","urlTemplate":"https:\/\/swissmilitarywatches.ch\/es\/?s={search_term_string}"},"query-input":{"@type":"PropertyValueSpecification","valueRequired":true,"valueName":"search_term_string"}}],"inLanguage":"es"},{"@type":"Organization","@id":"https:\/\/swissmilitarywatches.ch\/es\/#organization","name":"Swiss Military by Chrono","url":"https:\/\/swissmilitarywatches.ch\/es\/","logo":{"@type":"ImageObject","inLanguage":"es","@id":"https:\/\/swissmilitarywatches.ch\/es\/#\/schema\/logo\/image\/","url":"https:\/\/swissmilitarywatches.ch\/wp-content\/uploads\/2020\/04\/cropped-SM_logo_512x512px.jpg","contentUrl":"https:\/\/swissmilitarywatches.ch\/wp-content\/uploads\/2020\/04\/cropped-SM_logo_512x512px.jpg","width":512,"height":512,"caption":"Swiss Military by Chrono"},"image":{"@id":"https:\/\/swissmilitarywatches.ch\/es\/#\/schema\/logo\/image\/"},"sameAs":["https:\/\/m.facebook.com\/swissmilitarybychronoofficial\/","https:\/\/www.instagram.com\/swissmilitarybychrono\/","https:\/\/www.pinterest.ch\/swissmilitarybychrono\/"]}]}},"jetpack_sharing_enabled":true,"_links":{"self":[{"href":"https:\/\/swissmilitarywatches.ch\/es\/wp-json\/wp\/v2\/pages\/8877","targetHints":{"allow":["GET"]}}],"collection":[{"href":"https:\/\/swissmilitarywatches.ch\/es\/wp-json\/wp\/v2\/pages"}],"about":[{"href":"https:\/\/swissmilitarywatches.ch\/es\/wp-json\/wp\/v2\/types\/page"}],"author":[{"embeddable":true,"href":"https:\/\/swissmilitarywatches.ch\/es\/wp-json\/wp\/v2\/users\/2"}],"replies":[{"embeddable":true,"href":"https:\/\/swissmilitarywatches.ch\/es\/wp-json\/wp\/v2\/comments?post=8877"}],"version-history":[{"count":0,"href":"https:\/\/swissmilitarywatches.ch\/es\/wp-json\/wp\/v2\/pages\/8877\/revisions"}],"wp:attachment":[{"href":"https:\/\/swissmilitarywatches.ch\/es\/wp-json\/wp\/v2\/media?parent=8877"}],"curies":[{"name":"wp","href":"https:\/\/api.w.org\/{rel}","templated":true}]}}