{"id":8819,"date":"2021-08-17T11:42:49","date_gmt":"2021-08-17T10:42:49","guid":{"rendered":"https:\/\/swissmilitarywatches.ch\/politica-de-envios\/"},"modified":"2025-02-24T12:39:41","modified_gmt":"2025-02-24T10:39:41","slug":"politica-de-envios","status":"publish","type":"page","link":"https:\/\/swissmilitarywatches.ch\/es\/politica-de-envios\/","title":{"rendered":"Pol\u00edtica de env\u00edos"},"content":{"rendered":"\n<h1>Pol\u00edtica de env\u00edos<\/h1>\n<h1> <\/h1>\n<h2>Env\u00edo<\/h2>\n<p>Los productos se enviar\u00e1n a la direcci\u00f3n de entrega que usted indique.<\/p>\n<p>Swiss Military by Chrono ofrece env\u00edo gratuito para todos los productos con un valor m\u00ednimo de pedido de 199\u20ac \/ 199$ \/ 199CHF. Los gastos de env\u00edo para los pedidos inferiores al valor m\u00ednimo del pedido son de 8CHF dentro de Suiza y de 35\u20ac \/ 35$ para los env\u00edos internacionales. Sin embargo, no enviamos a pa\u00edses que no aparecen en la lista al seleccionar la direcci\u00f3n de entrega.<\/p>\n<p>Si no podemos cumplir el tiempo estimado de entrega indicado en la confirmaci\u00f3n del pedido, que es de 5 a 7 d\u00edas laborables dentro de Europa y de 7 a 9 d\u00edas laborables a nivel internacional, nos pondremos en contacto con usted inmediatamente para notificarle una fecha de entrega posterior. Si rechaza la nueva fecha de entrega, puede cancelar el pedido sin coste alguno y se le devolver\u00e1 el precio de la compra.<\/p>\n<p>En caso de que se entreguen productos con da\u00f1os de transporte evidentes, reclame dichos errores lo antes posible al expedidor y p\u00f3ngase en contacto con nosotros inmediatamente. El hecho de no presentar una reclamaci\u00f3n o de no ponerse en contacto con nosotros no tiene ninguna consecuencia sobre sus derechos legales y su aplicaci\u00f3n, en particular sobre sus derechos de garant\u00eda. Sin embargo, usted nos ayuda a poder ejercer nuestras propias reclamaciones contra el transportista o el seguro de transporte.<\/p>\n<p>Para informarse sobre las condiciones completas de entrega, consulte el <a href=\"https:\/\/swissmilitarywatches.ch\/es\/condiciones-y-terminos-generales\/\">art\u00edculo 2 de las CGC.<\/a><\/p>\n<p> <\/p>\n<h2>Lugar de entrega<\/h2>\n<p> <\/p>\n<p><strong>Hacemos env\u00edos a los siguientes pa\u00edses:<\/strong><\/p>\n<p>Andorra, Australia, Austria, B\u00e9lgica, Croacia, Chipre, Rep\u00fablica Checa, Dinamarca, Estonia, Finlandia, Francia, Alemania, Hungr\u00eda, Irlanda, Italia, Letonia, Liechtenstein, Lituania, Luxemburgo, M\u00f3naco, Pa\u00edses Bajos, Noruega, Polonia, Portugal, Rumania, San Marino, Espa\u00f1a, Suecia, Suiza, China, Hong Kong, Indonesia, Jap\u00f3n, Singapur, Eslovenia, Corea del Sur, Taiw\u00e1n, Tailandia, Nueva Zelanda, Sud\u00e1frica, Reino Unido.<\/p>\n<p>Si no realizamos env\u00edos a su pa\u00eds, <a href=\"https:\/\/swissmilitarywatches.ch\/es\/comuniquese-con-nosotros\/\">p\u00f3ngase en contacto<\/a>con nosotros directamente.<\/p>\n<p> <\/p>\n<p><strong>Plazos de env\u00edo<\/strong><\/p>\n<p>&#8211; UE, Suiza y Noruega: 5 &#8211; 7 d\u00edas laborables<\/p>\n<p>&#8211; Internacional: 7 &#8211; 14 d\u00edas laborables<\/p>\n<p> <\/p>\n<p><strong>Proveedor<\/strong><\/p>\n<p>&#8211; UPS: env\u00edos internacionales<\/p>\n<p>&#8211; DHL: Env\u00edos en Suiza<\/p>\n\n","protected":false},"excerpt":{"rendered":"","protected":false},"author":2,"featured_media":0,"parent":0,"menu_order":0,"comment_status":"closed","ping_status":"closed","template":"","meta":{"footnotes":""},"class_list":["post-8819","page","type-page","status-publish","hentry"],"yoast_head":"<!-- This site is optimized with the Yoast SEO Premium plugin v26.6 (Yoast SEO v26.6) - https:\/\/yoast.com\/wordpress\/plugins\/seo\/ -->\n<title>Pol\u00edtica de env\u00edos - Swiss Military by Chrono<\/title>\n<meta name=\"robots\" content=\"index, follow, max-snippet:-1, max-image-preview:large, max-video-preview:-1\" \/>\n<link rel=\"canonical\" href=\"https:\/\/swissmilitarywatches.ch\/es\/politica-de-envios\/\" \/>\n<meta property=\"og:locale\" content=\"es_ES\" \/>\n<meta property=\"og:type\" content=\"article\" \/>\n<meta property=\"og:title\" content=\"Pol\u00edtica de env\u00edos\" \/>\n<meta property=\"og:url\" content=\"https:\/\/swissmilitarywatches.ch\/es\/politica-de-envios\/\" \/>\n<meta property=\"og:site_name\" content=\"Swiss Military by Chrono\" \/>\n<meta property=\"article:publisher\" content=\"https:\/\/m.facebook.com\/swissmilitarybychronoofficial\/\" \/>\n<meta property=\"article:modified_time\" content=\"2025-02-24T10:39:41+00:00\" \/>\n<meta name=\"twitter:card\" content=\"summary_large_image\" \/>\n<meta name=\"twitter:label1\" content=\"Tiempo de lectura\" \/>\n\t<meta name=\"twitter:data1\" content=\"2 minutos\" \/>\n<script type=\"application\/ld+json\" class=\"yoast-schema-graph\">{\"@context\":\"https:\/\/schema.org\",\"@graph\":[{\"@type\":\"WebPage\",\"@id\":\"https:\/\/swissmilitarywatches.ch\/es\/politica-de-envios\/\",\"url\":\"https:\/\/swissmilitarywatches.ch\/es\/politica-de-envios\/\",\"name\":\"Pol\u00edtica de env\u00edos - Swiss Military by Chrono\",\"isPartOf\":{\"@id\":\"https:\/\/swissmilitarywatches.ch\/es\/#website\"},\"datePublished\":\"2021-08-17T10:42:49+00:00\",\"dateModified\":\"2025-02-24T10:39:41+00:00\",\"breadcrumb\":{\"@id\":\"https:\/\/swissmilitarywatches.ch\/es\/politica-de-envios\/#breadcrumb\"},\"inLanguage\":\"es\",\"potentialAction\":[{\"@type\":\"ReadAction\",\"target\":[\"https:\/\/swissmilitarywatches.ch\/es\/politica-de-envios\/\"]}]},{\"@type\":\"BreadcrumbList\",\"@id\":\"https:\/\/swissmilitarywatches.ch\/es\/politica-de-envios\/#breadcrumb\",\"itemListElement\":[{\"@type\":\"ListItem\",\"position\":1,\"name\":\"Home\",\"item\":\"https:\/\/swissmilitarywatches.ch\/es\/pagina-principal-2\/\"},{\"@type\":\"ListItem\",\"position\":2,\"name\":\"Pol\u00edtica de env\u00edos\"}]},{\"@type\":\"WebSite\",\"@id\":\"https:\/\/swissmilitarywatches.ch\/es\/#website\",\"url\":\"https:\/\/swissmilitarywatches.ch\/es\/\",\"name\":\"Swiss Military by Chrono\",\"description\":\"Official Licensed Product of the Swiss Confederation\",\"publisher\":{\"@id\":\"https:\/\/swissmilitarywatches.ch\/es\/#organization\"},\"potentialAction\":[{\"@type\":\"SearchAction\",\"target\":{\"@type\":\"EntryPoint\",\"urlTemplate\":\"https:\/\/swissmilitarywatches.ch\/es\/?s={search_term_string}\"},\"query-input\":{\"@type\":\"PropertyValueSpecification\",\"valueRequired\":true,\"valueName\":\"search_term_string\"}}],\"inLanguage\":\"es\"},{\"@type\":\"Organization\",\"@id\":\"https:\/\/swissmilitarywatches.ch\/es\/#organization\",\"name\":\"Swiss Military by Chrono\",\"url\":\"https:\/\/swissmilitarywatches.ch\/es\/\",\"logo\":{\"@type\":\"ImageObject\",\"inLanguage\":\"es\",\"@id\":\"https:\/\/swissmilitarywatches.ch\/es\/#\/schema\/logo\/image\/\",\"url\":\"https:\/\/swissmilitarywatches.ch\/wp-content\/uploads\/2020\/04\/cropped-SM_logo_512x512px.jpg\",\"contentUrl\":\"https:\/\/swissmilitarywatches.ch\/wp-content\/uploads\/2020\/04\/cropped-SM_logo_512x512px.jpg\",\"width\":512,\"height\":512,\"caption\":\"Swiss Military by Chrono\"},\"image\":{\"@id\":\"https:\/\/swissmilitarywatches.ch\/es\/#\/schema\/logo\/image\/\"},\"sameAs\":[\"https:\/\/m.facebook.com\/swissmilitarybychronoofficial\/\",\"https:\/\/www.instagram.com\/swissmilitarybychrono\/\",\"https:\/\/www.pinterest.ch\/swissmilitarybychrono\/\"]}]}<\/script>\n<!-- \/ Yoast SEO Premium plugin. -->","yoast_head_json":{"title":"Pol\u00edtica de env\u00edos - Swiss Military by Chrono","robots":{"index":"index","follow":"follow","max-snippet":"max-snippet:-1","max-image-preview":"max-image-preview:large","max-video-preview":"max-video-preview:-1"},"canonical":"https:\/\/swissmilitarywatches.ch\/es\/politica-de-envios\/","og_locale":"es_ES","og_type":"article","og_title":"Pol\u00edtica de env\u00edos","og_url":"https:\/\/swissmilitarywatches.ch\/es\/politica-de-envios\/","og_site_name":"Swiss Military by Chrono","article_publisher":"https:\/\/m.facebook.com\/swissmilitarybychronoofficial\/","article_modified_time":"2025-02-24T10:39:41+00:00","twitter_card":"summary_large_image","twitter_misc":{"Tiempo de lectura":"2 minutos"},"schema":{"@context":"https:\/\/schema.org","@graph":[{"@type":"WebPage","@id":"https:\/\/swissmilitarywatches.ch\/es\/politica-de-envios\/","url":"https:\/\/swissmilitarywatches.ch\/es\/politica-de-envios\/","name":"Pol\u00edtica de env\u00edos - Swiss Military by Chrono","isPartOf":{"@id":"https:\/\/swissmilitarywatches.ch\/es\/#website"},"datePublished":"2021-08-17T10:42:49+00:00","dateModified":"2025-02-24T10:39:41+00:00","breadcrumb":{"@id":"https:\/\/swissmilitarywatches.ch\/es\/politica-de-envios\/#breadcrumb"},"inLanguage":"es","potentialAction":[{"@type":"ReadAction","target":["https:\/\/swissmilitarywatches.ch\/es\/politica-de-envios\/"]}]},{"@type":"BreadcrumbList","@id":"https:\/\/swissmilitarywatches.ch\/es\/politica-de-envios\/#breadcrumb","itemListElement":[{"@type":"ListItem","position":1,"name":"Home","item":"https:\/\/swissmilitarywatches.ch\/es\/pagina-principal-2\/"},{"@type":"ListItem","position":2,"name":"Pol\u00edtica de env\u00edos"}]},{"@type":"WebSite","@id":"https:\/\/swissmilitarywatches.ch\/es\/#website","url":"https:\/\/swissmilitarywatches.ch\/es\/","name":"Swiss Military by Chrono","description":"Official Licensed Product of the Swiss Confederation","publisher":{"@id":"https:\/\/swissmilitarywatches.ch\/es\/#organization"},"potentialAction":[{"@type":"SearchAction","target":{"@type":"EntryPoint","urlTemplate":"https:\/\/swissmilitarywatches.ch\/es\/?s={search_term_string}"},"query-input":{"@type":"PropertyValueSpecification","valueRequired":true,"valueName":"search_term_string"}}],"inLanguage":"es"},{"@type":"Organization","@id":"https:\/\/swissmilitarywatches.ch\/es\/#organization","name":"Swiss Military by Chrono","url":"https:\/\/swissmilitarywatches.ch\/es\/","logo":{"@type":"ImageObject","inLanguage":"es","@id":"https:\/\/swissmilitarywatches.ch\/es\/#\/schema\/logo\/image\/","url":"https:\/\/swissmilitarywatches.ch\/wp-content\/uploads\/2020\/04\/cropped-SM_logo_512x512px.jpg","contentUrl":"https:\/\/swissmilitarywatches.ch\/wp-content\/uploads\/2020\/04\/cropped-SM_logo_512x512px.jpg","width":512,"height":512,"caption":"Swiss Military by Chrono"},"image":{"@id":"https:\/\/swissmilitarywatches.ch\/es\/#\/schema\/logo\/image\/"},"sameAs":["https:\/\/m.facebook.com\/swissmilitarybychronoofficial\/","https:\/\/www.instagram.com\/swissmilitarybychrono\/","https:\/\/www.pinterest.ch\/swissmilitarybychrono\/"]}]}},"jetpack_sharing_enabled":true,"_links":{"self":[{"href":"https:\/\/swissmilitarywatches.ch\/es\/wp-json\/wp\/v2\/pages\/8819","targetHints":{"allow":["GET"]}}],"collection":[{"href":"https:\/\/swissmilitarywatches.ch\/es\/wp-json\/wp\/v2\/pages"}],"about":[{"href":"https:\/\/swissmilitarywatches.ch\/es\/wp-json\/wp\/v2\/types\/page"}],"author":[{"embeddable":true,"href":"https:\/\/swissmilitarywatches.ch\/es\/wp-json\/wp\/v2\/users\/2"}],"replies":[{"embeddable":true,"href":"https:\/\/swissmilitarywatches.ch\/es\/wp-json\/wp\/v2\/comments?post=8819"}],"version-history":[{"count":15,"href":"https:\/\/swissmilitarywatches.ch\/es\/wp-json\/wp\/v2\/pages\/8819\/revisions"}],"predecessor-version":[{"id":21460,"href":"https:\/\/swissmilitarywatches.ch\/es\/wp-json\/wp\/v2\/pages\/8819\/revisions\/21460"}],"wp:attachment":[{"href":"https:\/\/swissmilitarywatches.ch\/es\/wp-json\/wp\/v2\/media?parent=8819"}],"curies":[{"name":"wp","href":"https:\/\/api.w.org\/{rel}","templated":true}]}}