{"id":8815,"date":"2021-08-17T11:19:13","date_gmt":"2021-08-17T10:19:13","guid":{"rendered":"https:\/\/swissmilitarywatches.ch\/politica-de-devoluciones\/"},"modified":"2025-09-09T10:21:08","modified_gmt":"2025-09-09T08:21:08","slug":"politica-de-devoluciones","status":"publish","type":"page","link":"https:\/\/swissmilitarywatches.ch\/es\/politica-de-devoluciones\/","title":{"rendered":"Pol\u00edtica de devoluciones"},"content":{"rendered":"\n<h1 style=\"text-align: left;\">Pol\u00edtica de devoluciones<\/h1>\n<p> <\/p>\n<p style=\"text-align: left;\">Tiene el derecho de revocar los contratos de venta ya concluidos en un periodo de 14 d\u00edas sin necesidad de indicar los motivos. El periodo de revocaci\u00f3n es 14 d\u00edas a partir del d\u00eda en que usted o un tercero designado por usted recibi\u00f3 los bienes. El plazo de objeci\u00f3n se cumple si nos env\u00eda el aviso de ejecuci\u00f3n antes de que expire el periodo de revocaci\u00f3n. Usted puede ejercer el derecho de revocaci\u00f3n inform\u00e1ndonos por escrito (por ejemplo, por carta, correo electr\u00f3nico o fax) de que desea rescindir el contrato. Tenga en cuenta que la mercanc\u00eda debe estar sin usar, sin da\u00f1os y embalada originalmente.<\/p>\n<p>Consulte el <a href=\"https:\/\/swissmilitarywatches.ch\/es\/condiciones-y-terminos-generales\/\">art\u00edculo 3 de nuestras Condiciones Generales<\/a> para informarse sobre las normas completas de revocaci\u00f3n.<\/p>\n<p>Por favor, env\u00edenos su declaraci\u00f3n de revocaci\u00f3n:<\/p>\n<p>Swiss Military by Chrono<br>Chrono AG<br>Weissensteinstrasse 49<br>4502 Solothurn<br>Switzerland<\/p>\n<p>Phone +41 032 624 14 14<br>Email: <a href=\"mailto:info@chrono-ag.ch\">info@chrono-ag.ch<\/a><\/p>\n<p> <\/p>\n<p><strong data-start=\"320\" data-end=\"368\">Costes y responsabilidad de la devoluci\u00f3n<\/strong><\/p>\n<p>El cliente asumir\u00e1 los costes directos de la devoluci\u00f3n de los productos. Adem\u00e1s, el cliente es responsable de obtener y proporcionar todos los documentos necesarios para la devoluci\u00f3n (p. ej., formularios de aduana, etiquetas de env\u00edo, facturas, etc.).  Tenga en cuenta que la mercanc\u00eda debe estar sin usar, sin da\u00f1os y embalada originalmente.<\/p>\n<p>Recomendamos lo siguiente para el env\u00edo de vuelta<\/p>\n<p>1. Utilizar el embalaje original proporcionado por nosotros. Esto evitar\u00e1 da\u00f1os durante el transporte.<br><br style=\"text-align: left;\">2. utilizar el <a href=\"https:\/\/swissmilitarywatches.ch\/es\/formulario-de-retorno\/\">formulario de devoluci\u00f3n<\/a> que ponemos a disposici\u00f3n.<br>3. conservar el comprobante de env\u00edo.<\/p>\n<p> <\/p>\n\n","protected":false},"excerpt":{"rendered":"","protected":false},"author":2,"featured_media":0,"parent":0,"menu_order":0,"comment_status":"closed","ping_status":"closed","template":"","meta":{"footnotes":""},"class_list":["post-8815","page","type-page","status-publish","hentry"],"yoast_head":"<!-- This site is optimized with the Yoast SEO Premium plugin v26.6 (Yoast SEO v26.6) - https:\/\/yoast.com\/wordpress\/plugins\/seo\/ -->\n<title>Pol\u00edtica de devoluciones - Swiss Military by Chrono<\/title>\n<meta name=\"robots\" content=\"index, follow, max-snippet:-1, max-image-preview:large, max-video-preview:-1\" \/>\n<link rel=\"canonical\" href=\"https:\/\/swissmilitarywatches.ch\/es\/politica-de-devoluciones\/\" \/>\n<meta property=\"og:locale\" content=\"es_ES\" \/>\n<meta property=\"og:type\" content=\"article\" \/>\n<meta property=\"og:title\" content=\"Pol\u00edtica de devoluciones\" \/>\n<meta property=\"og:url\" content=\"https:\/\/swissmilitarywatches.ch\/es\/politica-de-devoluciones\/\" \/>\n<meta property=\"og:site_name\" content=\"Swiss Military by Chrono\" \/>\n<meta property=\"article:publisher\" content=\"https:\/\/m.facebook.com\/swissmilitarybychronoofficial\/\" \/>\n<meta property=\"article:modified_time\" content=\"2025-09-09T08:21:08+00:00\" \/>\n<meta name=\"twitter:card\" content=\"summary_large_image\" \/>\n<meta name=\"twitter:label1\" content=\"Tiempo de lectura\" \/>\n\t<meta name=\"twitter:data1\" content=\"1 minuto\" \/>\n<script type=\"application\/ld+json\" class=\"yoast-schema-graph\">{\"@context\":\"https:\/\/schema.org\",\"@graph\":[{\"@type\":\"WebPage\",\"@id\":\"https:\/\/swissmilitarywatches.ch\/es\/politica-de-devoluciones\/\",\"url\":\"https:\/\/swissmilitarywatches.ch\/es\/politica-de-devoluciones\/\",\"name\":\"Pol\u00edtica de devoluciones - Swiss Military by Chrono\",\"isPartOf\":{\"@id\":\"https:\/\/swissmilitarywatches.ch\/es\/#website\"},\"datePublished\":\"2021-08-17T10:19:13+00:00\",\"dateModified\":\"2025-09-09T08:21:08+00:00\",\"breadcrumb\":{\"@id\":\"https:\/\/swissmilitarywatches.ch\/es\/politica-de-devoluciones\/#breadcrumb\"},\"inLanguage\":\"es\",\"potentialAction\":[{\"@type\":\"ReadAction\",\"target\":[\"https:\/\/swissmilitarywatches.ch\/es\/politica-de-devoluciones\/\"]}]},{\"@type\":\"BreadcrumbList\",\"@id\":\"https:\/\/swissmilitarywatches.ch\/es\/politica-de-devoluciones\/#breadcrumb\",\"itemListElement\":[{\"@type\":\"ListItem\",\"position\":1,\"name\":\"Home\",\"item\":\"https:\/\/swissmilitarywatches.ch\/es\/pagina-principal-2\/\"},{\"@type\":\"ListItem\",\"position\":2,\"name\":\"Pol\u00edtica de devoluciones\"}]},{\"@type\":\"WebSite\",\"@id\":\"https:\/\/swissmilitarywatches.ch\/es\/#website\",\"url\":\"https:\/\/swissmilitarywatches.ch\/es\/\",\"name\":\"Swiss Military by Chrono\",\"description\":\"Official Licensed Product of the Swiss Confederation\",\"publisher\":{\"@id\":\"https:\/\/swissmilitarywatches.ch\/es\/#organization\"},\"potentialAction\":[{\"@type\":\"SearchAction\",\"target\":{\"@type\":\"EntryPoint\",\"urlTemplate\":\"https:\/\/swissmilitarywatches.ch\/es\/?s={search_term_string}\"},\"query-input\":{\"@type\":\"PropertyValueSpecification\",\"valueRequired\":true,\"valueName\":\"search_term_string\"}}],\"inLanguage\":\"es\"},{\"@type\":\"Organization\",\"@id\":\"https:\/\/swissmilitarywatches.ch\/es\/#organization\",\"name\":\"Swiss Military by Chrono\",\"url\":\"https:\/\/swissmilitarywatches.ch\/es\/\",\"logo\":{\"@type\":\"ImageObject\",\"inLanguage\":\"es\",\"@id\":\"https:\/\/swissmilitarywatches.ch\/es\/#\/schema\/logo\/image\/\",\"url\":\"https:\/\/swissmilitarywatches.ch\/wp-content\/uploads\/2020\/04\/cropped-SM_logo_512x512px.jpg\",\"contentUrl\":\"https:\/\/swissmilitarywatches.ch\/wp-content\/uploads\/2020\/04\/cropped-SM_logo_512x512px.jpg\",\"width\":512,\"height\":512,\"caption\":\"Swiss Military by Chrono\"},\"image\":{\"@id\":\"https:\/\/swissmilitarywatches.ch\/es\/#\/schema\/logo\/image\/\"},\"sameAs\":[\"https:\/\/m.facebook.com\/swissmilitarybychronoofficial\/\",\"https:\/\/www.instagram.com\/swissmilitarybychrono\/\",\"https:\/\/www.pinterest.ch\/swissmilitarybychrono\/\"]}]}<\/script>\n<!-- \/ Yoast SEO Premium plugin. -->","yoast_head_json":{"title":"Pol\u00edtica de devoluciones - Swiss Military by Chrono","robots":{"index":"index","follow":"follow","max-snippet":"max-snippet:-1","max-image-preview":"max-image-preview:large","max-video-preview":"max-video-preview:-1"},"canonical":"https:\/\/swissmilitarywatches.ch\/es\/politica-de-devoluciones\/","og_locale":"es_ES","og_type":"article","og_title":"Pol\u00edtica de devoluciones","og_url":"https:\/\/swissmilitarywatches.ch\/es\/politica-de-devoluciones\/","og_site_name":"Swiss Military by Chrono","article_publisher":"https:\/\/m.facebook.com\/swissmilitarybychronoofficial\/","article_modified_time":"2025-09-09T08:21:08+00:00","twitter_card":"summary_large_image","twitter_misc":{"Tiempo de lectura":"1 minuto"},"schema":{"@context":"https:\/\/schema.org","@graph":[{"@type":"WebPage","@id":"https:\/\/swissmilitarywatches.ch\/es\/politica-de-devoluciones\/","url":"https:\/\/swissmilitarywatches.ch\/es\/politica-de-devoluciones\/","name":"Pol\u00edtica de devoluciones - Swiss Military by Chrono","isPartOf":{"@id":"https:\/\/swissmilitarywatches.ch\/es\/#website"},"datePublished":"2021-08-17T10:19:13+00:00","dateModified":"2025-09-09T08:21:08+00:00","breadcrumb":{"@id":"https:\/\/swissmilitarywatches.ch\/es\/politica-de-devoluciones\/#breadcrumb"},"inLanguage":"es","potentialAction":[{"@type":"ReadAction","target":["https:\/\/swissmilitarywatches.ch\/es\/politica-de-devoluciones\/"]}]},{"@type":"BreadcrumbList","@id":"https:\/\/swissmilitarywatches.ch\/es\/politica-de-devoluciones\/#breadcrumb","itemListElement":[{"@type":"ListItem","position":1,"name":"Home","item":"https:\/\/swissmilitarywatches.ch\/es\/pagina-principal-2\/"},{"@type":"ListItem","position":2,"name":"Pol\u00edtica de devoluciones"}]},{"@type":"WebSite","@id":"https:\/\/swissmilitarywatches.ch\/es\/#website","url":"https:\/\/swissmilitarywatches.ch\/es\/","name":"Swiss Military by Chrono","description":"Official Licensed Product of the Swiss Confederation","publisher":{"@id":"https:\/\/swissmilitarywatches.ch\/es\/#organization"},"potentialAction":[{"@type":"SearchAction","target":{"@type":"EntryPoint","urlTemplate":"https:\/\/swissmilitarywatches.ch\/es\/?s={search_term_string}"},"query-input":{"@type":"PropertyValueSpecification","valueRequired":true,"valueName":"search_term_string"}}],"inLanguage":"es"},{"@type":"Organization","@id":"https:\/\/swissmilitarywatches.ch\/es\/#organization","name":"Swiss Military by Chrono","url":"https:\/\/swissmilitarywatches.ch\/es\/","logo":{"@type":"ImageObject","inLanguage":"es","@id":"https:\/\/swissmilitarywatches.ch\/es\/#\/schema\/logo\/image\/","url":"https:\/\/swissmilitarywatches.ch\/wp-content\/uploads\/2020\/04\/cropped-SM_logo_512x512px.jpg","contentUrl":"https:\/\/swissmilitarywatches.ch\/wp-content\/uploads\/2020\/04\/cropped-SM_logo_512x512px.jpg","width":512,"height":512,"caption":"Swiss Military by Chrono"},"image":{"@id":"https:\/\/swissmilitarywatches.ch\/es\/#\/schema\/logo\/image\/"},"sameAs":["https:\/\/m.facebook.com\/swissmilitarybychronoofficial\/","https:\/\/www.instagram.com\/swissmilitarybychrono\/","https:\/\/www.pinterest.ch\/swissmilitarybychrono\/"]}]}},"jetpack_sharing_enabled":true,"_links":{"self":[{"href":"https:\/\/swissmilitarywatches.ch\/es\/wp-json\/wp\/v2\/pages\/8815","targetHints":{"allow":["GET"]}}],"collection":[{"href":"https:\/\/swissmilitarywatches.ch\/es\/wp-json\/wp\/v2\/pages"}],"about":[{"href":"https:\/\/swissmilitarywatches.ch\/es\/wp-json\/wp\/v2\/types\/page"}],"author":[{"embeddable":true,"href":"https:\/\/swissmilitarywatches.ch\/es\/wp-json\/wp\/v2\/users\/2"}],"replies":[{"embeddable":true,"href":"https:\/\/swissmilitarywatches.ch\/es\/wp-json\/wp\/v2\/comments?post=8815"}],"version-history":[{"count":3,"href":"https:\/\/swissmilitarywatches.ch\/es\/wp-json\/wp\/v2\/pages\/8815\/revisions"}],"predecessor-version":[{"id":22420,"href":"https:\/\/swissmilitarywatches.ch\/es\/wp-json\/wp\/v2\/pages\/8815\/revisions\/22420"}],"wp:attachment":[{"href":"https:\/\/swissmilitarywatches.ch\/es\/wp-json\/wp\/v2\/media?parent=8815"}],"curies":[{"name":"wp","href":"https:\/\/api.w.org\/{rel}","templated":true}]}}