{"id":8541,"date":"2021-07-30T08:49:21","date_gmt":"2021-07-30T07:49:21","guid":{"rendered":"https:\/\/swissmilitarywatches.ch\/suscripcion-al-correo-de-noticias\/"},"modified":"2022-11-29T08:36:12","modified_gmt":"2022-11-29T07:36:12","slug":"suscripcion-al-correo-de-noticias","status":"publish","type":"page","link":"https:\/\/swissmilitarywatches.ch\/es\/suscripcion-al-correo-de-noticias\/","title":{"rendered":"Suscripci\u00f3n al bolet\u00edn de noticias"},"content":{"rendered":"\n<h2 class=\"wp-block-heading\" id=\"h-subscribe-now-and-get-15-off-on-your-first-order-with-swiss-military-by-chrono\">Suscr\u00edbase ahora y obtenga un 15% de descuento en su primer pedido con Swiss Military by Chrono.<\/h2>\n\n<h3 class=\"wp-block-heading\" id=\"h-and-don-t-miss-out-on-novelties-promotions-and-special-offers\">&#8230; y no se pierda las novedades, promociones y ofertas especiales.<br\/><\/h3>\n\n<!-- Begin Mailchimp Signup Form -->\n<div id=\"mc_embed_signup\">\n<form action=\"https:\/\/swissmilitarywatches.us4.list-manage.com\/subscribe\/post?u=0284495186600c478a80d1637&#038;id=0a5887348d\" method=\"post\" id=\"mc-embedded-subscribe-form\" name=\"mc-embedded-subscribe-form\" class=\"validate\" target=\"_blank\" novalidate=\"\">\n    <div id=\"mc_embed_signup_scroll\">\n<div class=\"mc-field-group\">\n\t<label for=\"mce-EMAIL\">Correo electr\u00f3nico <span class=\"asterisk\">*<\/span>\n<\/label>\n\t<input type=\"email\" value=\"\" name=\"EMAIL\" class=\"required email\" id=\"mce-EMAIL\"\/><\/div>\n<div class=\"mc-field-group\">\n\t<label for=\"mce-FNAME\">Nombre <\/label>\n\t<input type=\"text\" value=\"\" name=\"FNAME\" class=\"\" id=\"mce-FNAME\"\/><\/div>\n<div class=\"mc-field-group\">\n\t<label for=\"mce-LNAME\">Apellido <\/label>\n\t<input type=\"text\" value=\"\" name=\"LNAME\" class=\"\" id=\"mce-LNAME\"\/><div class=\"indicates-required\"><span class=\"asterisk\">*<\/span> indica que se requiere<\/div>\n\n<\/div>\n<div id=\"mergeRow-gdpr\" class=\"mergeRow gdpr-mergeRow content__gdprBlock mc-field-group\">\n    <div class=\"content__gdpr\">\n        <label>Permisos de marketing<\/label>\n        <p>Por favor, seleccione todas las formas en que le gustar\u00eda recibir noticias de Swiss Military by Chrono:<\/p>\n        <fieldset class=\"mc_fieldset gdprRequired mc-field-group\" name=\"interestgroup_field\"><label class=\"checkbox subfield\" for=\"gdpr_38743\"><input type=\"checkbox\" id=\"gdpr_38743\" name=\"gdpr[38743]\" value=\"Y\" class=\"av-checkbox gdpr\"\/><span>Correo<\/span> <\/label>\n        <\/fieldset><p>Puede cancelar su suscripci\u00f3n en cualquier momento haciendo clic en el enlace que aparece en el pie de p\u00e1gina de nuestros correos electr\u00f3nicos. Para obtener informaci\u00f3n sobre nuestras normas de privacidad, consulte nuestra pol\u00edtica de privacidad en nuestro sitio web.<\/p>\n    <\/div>\n    <div class=\"content__gdprLegal\">\n        <p>Utilizamos Mailchimp como plataforma de marketing. Al hacer clic abajo para suscribirse, usted reconoce que su informaci\u00f3n ser\u00e1 transferida a Mailchimp para su procesamiento. <a href=\"https:\/\/mailchimp.com\/legal\/\" target=\"_blank\" rel=\"noopener\">Obtenga m\u00e1s informaci\u00f3n sobre las pr\u00e1cticas de privacidad de Mailchimp aqu\u00ed.<\/a><\/p>\n    <\/div>\n<\/div>\n\t<div id=\"mce-responses\" class=\"clear\">\n\t\t<div class=\"response\" id=\"mce-error-response\" style=\"display:none\"><\/div>\n\t\t<div class=\"response\" id=\"mce-success-response\" style=\"display:none\"><\/div>\n\t<\/div>    <!-- real people should not fill this in and expect good things - do not remove this or risk form bot signups-->\n    <div style=\"position: absolute; left: -5000px;\" aria-hidden=\"true\"><input type=\"text\" name=\"b_0284495186600c478a80d1637_0a5887348d\" tabindex=\"-1\" value=\"\"\/><\/div>\n    <div class=\"clear\"><input type=\"submit\" value=\"Suscr\u00edbase\" name=\"subscribe\" id=\"mc-embedded-subscribe\" class=\"button\"\/><\/div>\n    <\/div>\n<\/form>\n<\/div>\n\n<!--End mc_embed_signup-->\n\n<p><\/p>\n","protected":false},"excerpt":{"rendered":"<p>Suscr\u00edbase ahora y obtenga un 15% de descuento en su primer pedido con Swiss Military by Chrono. &#8230; y no se pierda las novedades, promociones y ofertas especiales. Correo electr\u00f3nico * Nombre Apellido * indica que se requiere Permisos de marketing Por favor, seleccione todas las formas en que le gustar\u00eda recibir noticias de Swiss [&#8230;]\n","protected":false},"author":2,"featured_media":0,"parent":0,"menu_order":0,"comment_status":"closed","ping_status":"closed","template":"","meta":{"footnotes":""},"class_list":["post-8541","page","type-page","status-publish","hentry"],"yoast_head":"<!-- This site is optimized with the Yoast SEO Premium plugin v26.6 (Yoast SEO v26.6) - https:\/\/yoast.com\/wordpress\/plugins\/seo\/ -->\n<title>Suscripci\u00f3n al bolet\u00edn de noticias - Swiss Military by Chrono<\/title>\n<meta name=\"robots\" content=\"index, follow, max-snippet:-1, max-image-preview:large, max-video-preview:-1\" \/>\n<link rel=\"canonical\" href=\"https:\/\/swissmilitarywatches.ch\/es\/suscripcion-al-correo-de-noticias\/\" \/>\n<meta property=\"og:locale\" content=\"es_ES\" \/>\n<meta property=\"og:type\" content=\"article\" \/>\n<meta property=\"og:title\" content=\"Suscripci\u00f3n al bolet\u00edn de noticias\" \/>\n<meta property=\"og:description\" content=\"Suscr\u00edbase ahora y obtenga un 15% de descuento en su primer pedido con Swiss Military by Chrono. &#8230; y no se pierda las novedades, promociones y ofertas especiales. Correo electr\u00f3nico * Nombre Apellido * indica que se requiere Permisos de marketing Por favor, seleccione todas las formas en que le gustar\u00eda recibir noticias de Swiss [...]\" \/>\n<meta property=\"og:url\" content=\"https:\/\/swissmilitarywatches.ch\/es\/suscripcion-al-correo-de-noticias\/\" \/>\n<meta property=\"og:site_name\" content=\"Swiss Military by Chrono\" \/>\n<meta property=\"article:publisher\" content=\"https:\/\/m.facebook.com\/swissmilitarybychronoofficial\/\" \/>\n<meta property=\"article:modified_time\" content=\"2022-11-29T07:36:12+00:00\" \/>\n<meta name=\"twitter:card\" content=\"summary_large_image\" \/>\n<meta name=\"twitter:label1\" content=\"Tiempo de lectura\" \/>\n\t<meta name=\"twitter:data1\" content=\"1 minuto\" \/>\n<script type=\"application\/ld+json\" class=\"yoast-schema-graph\">{\"@context\":\"https:\/\/schema.org\",\"@graph\":[{\"@type\":\"WebPage\",\"@id\":\"https:\/\/swissmilitarywatches.ch\/es\/suscripcion-al-correo-de-noticias\/\",\"url\":\"https:\/\/swissmilitarywatches.ch\/es\/suscripcion-al-correo-de-noticias\/\",\"name\":\"Suscripci\u00f3n al bolet\u00edn de noticias - Swiss Military by Chrono\",\"isPartOf\":{\"@id\":\"https:\/\/swissmilitarywatches.ch\/es\/#website\"},\"datePublished\":\"2021-07-30T07:49:21+00:00\",\"dateModified\":\"2022-11-29T07:36:12+00:00\",\"breadcrumb\":{\"@id\":\"https:\/\/swissmilitarywatches.ch\/es\/suscripcion-al-correo-de-noticias\/#breadcrumb\"},\"inLanguage\":\"es\",\"potentialAction\":[{\"@type\":\"ReadAction\",\"target\":[\"https:\/\/swissmilitarywatches.ch\/es\/suscripcion-al-correo-de-noticias\/\"]}]},{\"@type\":\"BreadcrumbList\",\"@id\":\"https:\/\/swissmilitarywatches.ch\/es\/suscripcion-al-correo-de-noticias\/#breadcrumb\",\"itemListElement\":[{\"@type\":\"ListItem\",\"position\":1,\"name\":\"Home\",\"item\":\"https:\/\/swissmilitarywatches.ch\/es\/pagina-principal-2\/\"},{\"@type\":\"ListItem\",\"position\":2,\"name\":\"Suscripci\u00f3n al bolet\u00edn de noticias\"}]},{\"@type\":\"WebSite\",\"@id\":\"https:\/\/swissmilitarywatches.ch\/es\/#website\",\"url\":\"https:\/\/swissmilitarywatches.ch\/es\/\",\"name\":\"Swiss Military by Chrono\",\"description\":\"Official Licensed Product of the Swiss Confederation\",\"publisher\":{\"@id\":\"https:\/\/swissmilitarywatches.ch\/es\/#organization\"},\"potentialAction\":[{\"@type\":\"SearchAction\",\"target\":{\"@type\":\"EntryPoint\",\"urlTemplate\":\"https:\/\/swissmilitarywatches.ch\/es\/?s={search_term_string}\"},\"query-input\":{\"@type\":\"PropertyValueSpecification\",\"valueRequired\":true,\"valueName\":\"search_term_string\"}}],\"inLanguage\":\"es\"},{\"@type\":\"Organization\",\"@id\":\"https:\/\/swissmilitarywatches.ch\/es\/#organization\",\"name\":\"Swiss Military by Chrono\",\"url\":\"https:\/\/swissmilitarywatches.ch\/es\/\",\"logo\":{\"@type\":\"ImageObject\",\"inLanguage\":\"es\",\"@id\":\"https:\/\/swissmilitarywatches.ch\/es\/#\/schema\/logo\/image\/\",\"url\":\"https:\/\/swissmilitarywatches.ch\/wp-content\/uploads\/2020\/04\/cropped-SM_logo_512x512px.jpg\",\"contentUrl\":\"https:\/\/swissmilitarywatches.ch\/wp-content\/uploads\/2020\/04\/cropped-SM_logo_512x512px.jpg\",\"width\":512,\"height\":512,\"caption\":\"Swiss Military by Chrono\"},\"image\":{\"@id\":\"https:\/\/swissmilitarywatches.ch\/es\/#\/schema\/logo\/image\/\"},\"sameAs\":[\"https:\/\/m.facebook.com\/swissmilitarybychronoofficial\/\",\"https:\/\/www.instagram.com\/swissmilitarybychrono\/\",\"https:\/\/www.pinterest.ch\/swissmilitarybychrono\/\"]}]}<\/script>\n<!-- \/ Yoast SEO Premium plugin. -->","yoast_head_json":{"title":"Suscripci\u00f3n al bolet\u00edn de noticias - Swiss Military by Chrono","robots":{"index":"index","follow":"follow","max-snippet":"max-snippet:-1","max-image-preview":"max-image-preview:large","max-video-preview":"max-video-preview:-1"},"canonical":"https:\/\/swissmilitarywatches.ch\/es\/suscripcion-al-correo-de-noticias\/","og_locale":"es_ES","og_type":"article","og_title":"Suscripci\u00f3n al bolet\u00edn de noticias","og_description":"Suscr\u00edbase ahora y obtenga un 15% de descuento en su primer pedido con Swiss Military by Chrono. &#8230; y no se pierda las novedades, promociones y ofertas especiales. Correo electr\u00f3nico * Nombre Apellido * indica que se requiere Permisos de marketing Por favor, seleccione todas las formas en que le gustar\u00eda recibir noticias de Swiss [...]","og_url":"https:\/\/swissmilitarywatches.ch\/es\/suscripcion-al-correo-de-noticias\/","og_site_name":"Swiss Military by Chrono","article_publisher":"https:\/\/m.facebook.com\/swissmilitarybychronoofficial\/","article_modified_time":"2022-11-29T07:36:12+00:00","twitter_card":"summary_large_image","twitter_misc":{"Tiempo de lectura":"1 minuto"},"schema":{"@context":"https:\/\/schema.org","@graph":[{"@type":"WebPage","@id":"https:\/\/swissmilitarywatches.ch\/es\/suscripcion-al-correo-de-noticias\/","url":"https:\/\/swissmilitarywatches.ch\/es\/suscripcion-al-correo-de-noticias\/","name":"Suscripci\u00f3n al bolet\u00edn de noticias - Swiss Military by Chrono","isPartOf":{"@id":"https:\/\/swissmilitarywatches.ch\/es\/#website"},"datePublished":"2021-07-30T07:49:21+00:00","dateModified":"2022-11-29T07:36:12+00:00","breadcrumb":{"@id":"https:\/\/swissmilitarywatches.ch\/es\/suscripcion-al-correo-de-noticias\/#breadcrumb"},"inLanguage":"es","potentialAction":[{"@type":"ReadAction","target":["https:\/\/swissmilitarywatches.ch\/es\/suscripcion-al-correo-de-noticias\/"]}]},{"@type":"BreadcrumbList","@id":"https:\/\/swissmilitarywatches.ch\/es\/suscripcion-al-correo-de-noticias\/#breadcrumb","itemListElement":[{"@type":"ListItem","position":1,"name":"Home","item":"https:\/\/swissmilitarywatches.ch\/es\/pagina-principal-2\/"},{"@type":"ListItem","position":2,"name":"Suscripci\u00f3n al bolet\u00edn de noticias"}]},{"@type":"WebSite","@id":"https:\/\/swissmilitarywatches.ch\/es\/#website","url":"https:\/\/swissmilitarywatches.ch\/es\/","name":"Swiss Military by Chrono","description":"Official Licensed Product of the Swiss Confederation","publisher":{"@id":"https:\/\/swissmilitarywatches.ch\/es\/#organization"},"potentialAction":[{"@type":"SearchAction","target":{"@type":"EntryPoint","urlTemplate":"https:\/\/swissmilitarywatches.ch\/es\/?s={search_term_string}"},"query-input":{"@type":"PropertyValueSpecification","valueRequired":true,"valueName":"search_term_string"}}],"inLanguage":"es"},{"@type":"Organization","@id":"https:\/\/swissmilitarywatches.ch\/es\/#organization","name":"Swiss Military by Chrono","url":"https:\/\/swissmilitarywatches.ch\/es\/","logo":{"@type":"ImageObject","inLanguage":"es","@id":"https:\/\/swissmilitarywatches.ch\/es\/#\/schema\/logo\/image\/","url":"https:\/\/swissmilitarywatches.ch\/wp-content\/uploads\/2020\/04\/cropped-SM_logo_512x512px.jpg","contentUrl":"https:\/\/swissmilitarywatches.ch\/wp-content\/uploads\/2020\/04\/cropped-SM_logo_512x512px.jpg","width":512,"height":512,"caption":"Swiss Military by Chrono"},"image":{"@id":"https:\/\/swissmilitarywatches.ch\/es\/#\/schema\/logo\/image\/"},"sameAs":["https:\/\/m.facebook.com\/swissmilitarybychronoofficial\/","https:\/\/www.instagram.com\/swissmilitarybychrono\/","https:\/\/www.pinterest.ch\/swissmilitarybychrono\/"]}]}},"jetpack_sharing_enabled":true,"_links":{"self":[{"href":"https:\/\/swissmilitarywatches.ch\/es\/wp-json\/wp\/v2\/pages\/8541","targetHints":{"allow":["GET"]}}],"collection":[{"href":"https:\/\/swissmilitarywatches.ch\/es\/wp-json\/wp\/v2\/pages"}],"about":[{"href":"https:\/\/swissmilitarywatches.ch\/es\/wp-json\/wp\/v2\/types\/page"}],"author":[{"embeddable":true,"href":"https:\/\/swissmilitarywatches.ch\/es\/wp-json\/wp\/v2\/users\/2"}],"replies":[{"embeddable":true,"href":"https:\/\/swissmilitarywatches.ch\/es\/wp-json\/wp\/v2\/comments?post=8541"}],"version-history":[{"count":4,"href":"https:\/\/swissmilitarywatches.ch\/es\/wp-json\/wp\/v2\/pages\/8541\/revisions"}],"predecessor-version":[{"id":12320,"href":"https:\/\/swissmilitarywatches.ch\/es\/wp-json\/wp\/v2\/pages\/8541\/revisions\/12320"}],"wp:attachment":[{"href":"https:\/\/swissmilitarywatches.ch\/es\/wp-json\/wp\/v2\/media?parent=8541"}],"curies":[{"name":"wp","href":"https:\/\/api.w.org\/{rel}","templated":true}]}}