{"id":8851,"date":"2020-04-09T08:01:04","date_gmt":"2020-04-09T06:01:04","guid":{"rendered":"https:\/\/swissmilitarywatches.ch\/product\/swiss-military-sm34080-03-taktische-armeeuhr-fuer-maenner\/"},"modified":"2025-12-02T00:00:19","modified_gmt":"2025-12-01T22:00:19","slug":"swiss-military-sm34080-03-de","status":"publish","type":"product","link":"https:\/\/swissmilitarywatches.ch\/de\/shop\/swiss-military-sm34080-03-de\/","title":{"rendered":"Swiss Military SM34080.03 &#8211; Taktische Armeeuhr f\u00fcr M\u00e4nner"},"content":{"rendered":"<p>Diese markante Milit\u00e4ruhr ist ein Muss f\u00fcr alle Outdoor-Abenteuer. Die Special Edition der 200-Meter-Taucheruhr ist vollgepackt mit hochfunktionellen taktischen Funktionen. Das Geh\u00e4use dieses milit\u00e4rischen Zeitmessers f\u00fcr Herren ist aus robustem Edelstahl gefertigt und mit einer hochwertigen schwarzen PVD-Beschichtung versehen. Dar\u00fcber hinaus ist die schwarze Beschichtung fein geb\u00fcrstet, um eine vollst\u00e4ndig matte Oberfl\u00e4che auf dem Geh\u00e4use, der L\u00fcnette und dem Metallband zu erzielen. Die markante L\u00fcnette tr\u00e4gt einen leuchtenden Punkt bei 12 Uhr und ist einseitig drehbar, um Tauchern das Zeitmanagement zu erleichtern. Wie bei jeder Taucheruhr \u00fcblich, kann die Krone sicher im Geh\u00e4use verschraubt werden, damit bei geringeren Tauchtiefen kein Wasser in das Uhrengeh\u00e4use eindringen kann. Was diese Uhr jedoch zu einer funktionalen taktischen Armeeuhr macht, sind die stark leuchtenden Markierungen auf allen Zeigern und Stundenmarkierungen, die eine gute Ablesbarkeit des Ziffernblatts in der Dunkelheit und unter Wasser erm\u00f6glichen. Nat\u00fcrlich verf\u00fcgt diese taktische Armeeuhr \u00fcber ein kratzfestes Saphirglas. Diese Uhr wird von einem Swiss-Made-Chronographenwerk angetrieben und in unsererm <a href=\"https:\/\/swissmilitarywatches.ch\/de\/die-marke\/#brand-swiss-made\" target=\"_blank\" rel=\"noopener noreferrer\">hauseigenen Uhrmacheratelier<\/a>von Hand assembliert. Als Versprechen unserer Swiss-Military-Swiss-Made-Qualit\u00e4t gilt f\u00fcr diese Uhr eine <a href=\"https:\/\/swissmilitarywatches.ch\/de\/garantie\/\" target=\"_blank\" rel=\"noopener noreferrer\">internationale Garantie von 5 Jahren<\/a>.<\/p>\n<p><strong>Trigalight\u00ae Selbstbeleuchtungstechnologie<\/strong><\/p>\n<p>Trigalight\u00ae steht f\u00fcr Selbsbeleuchtungstechnologie mit den weltweit kleinsten Tritium Lichtquellen (GLTS). Die Trigalight\u00ae Glasr\u00f6hrchen bestehen aus hermetisch versiegelten Elementen, die ohne Energiezufuhr \u2013 also ohne Strom, Batterie aber auch ohne Sonnenbestrahlung \u2013 Jahrzente lang sichtbar leuchten. Es ist eine weit verbreitete und bew\u00e4hrte Dauerbeleuchtungstechnologie.<\/p>\n<p>Diese Uhr enth\u00e4lt maximal 1 GigaBecquerel (GBq) Tritiumgas, ein k\u00fcnstlich erzeugtes radioaktives Element, das auch in der Natur vorkommt. Das gasf\u00f6rmige Tritium ist in einem kleinen Hohlk\u00f6rper aus Mineralglas eingeschlossen. Daher ist die Oberfl\u00e4che der Uhr frei von jeglicher Strahlung. Die Elektronen k\u00f6nnen weder die Glaswand der Lichtquelle noch das Uhrengeh\u00e4use durchdringen.<\/p>\n<p>Uhren mit Trigalight\u00ae-Selbstleuchtsystem m\u00fcssen den international g\u00fcltigen Pr\u00fcfanforderungen und Richtlinien entsprechen. Die Lichtquellen in der Uhr sind so installiert, dass unter den zu erwartenden Bedingungen kein Tritiumgas freigesetzt wird.<br \/>\nmechanische und thermische Beanspruchung. Unsere Uhren mit Tritiumquellen erf\u00fcllen die Anforderungen f\u00fcr eine amtliche Zulassung. Deine Uhr ist vom Bundesamt f\u00fcr Gesundheit unter der Nummer BAG 2020-6 zugelassen.<\/p>\n<p>Die Uhr &#8222;NIGHT LIGHTS&#8220; SWISS MILITARY by Chrono muss zur fachgerechten und kostenlosen Entsorgung an den Hersteller zur\u00fcckgeschickt werden.<\/p>\n<p>&nbsp;<\/p>\n","protected":false},"excerpt":{"rendered":"<h2><span style=\"font-size: 80%;\">Bist du ein Abenteurer an Land und im Wasser?<\/span><\/h2>\n<p>Diese markante Milit\u00e4ruhr ist ein Muss f\u00fcr alle Outdoor-Abenteuer. Die Special Edition der 200-Meter-Taucheruhr ist vollgepackt mit hochfunktionellen taktischen Funktionen. Was diesen Zeitmesser jedoch zu einer funktionellen taktischen Armeeuhr macht, sind die stark leuchtenden Markierungen auf allen Zeigern und Stundenmarkierungen, die eine gute Ablesbarkeit des Ziffernblatts in der Dunkelheit und unter Wasser erm\u00f6glichen.<\/p>\n<p>Dar\u00fcber hinaus ist dieser Zeitmesser vollgepackt mit hochwertigen Funktionen, die einer besonders robusten Swiss Made-Sportuhr entsprechen:<\/p>\n<ul>\n<li>Swiss Made Produktion in hauseigenem Uhrmacheratelier<\/li>\n<li>Robustes Geh\u00e4use aus Edelstahl<\/li>\n<li>Kratzfestes Saphirglas<\/li>\n<li>Trigalight\u00ae Selbstbeleuchtungstechnologie<\/li>\n<li>Wasserdicht bis 200M\/20ATM<\/li>\n<li>Verschraubte Krone<\/li>\n<li>Swiss Made Uhrwerk<\/li>\n<li>5 Jahre internationale Garantie<\/li>\n<\/ul>\n<p><strong>Aufgrund der l\u00e4nderspezifischen Einfuhrbestimmungen f\u00fcr Uhren mit Tritium-Lichtquellen kann diese Uhr nur an Adressen in den folgenden L\u00e4ndern geliefert werden: Schweiz, Gro\u00dfbritannien, Italien, Irland, Ungarn, Slowakei, Lettland. <\/strong><\/p>\n","protected":false},"featured_media":12796,"comment_status":"open","ping_status":"closed","template":"","meta":[],"product_brand":[],"product_cat":[1604,1607,1615,2131,1613,1646],"product_tag":[],"class_list":{"0":"post-8851","1":"product","2":"type-product","3":"status-publish","4":"has-post-thumbnail","6":"product_cat-alle-uhren","7":"product_cat-herrenuhren","8":"product_cat-quarzuhren","9":"product_cat-uhren-mit-sonderfunktion","10":"product_cat-night-lights-de","11":"product_cat-sm34080-de","12":"product_shipping_class-flexible-shipping-de","14":"first","15":"instock","16":"taxable","17":"shipping-taxable","18":"purchasable","19":"product-type-simple"},"yoast_head":"<!-- This site is optimized with the Yoast SEO Premium plugin v26.6 (Yoast SEO v26.6) - https:\/\/yoast.com\/wordpress\/plugins\/seo\/ -->\n<title>Swiss Military SM34080.03 - Taktische Armeeuhr f\u00fcr M\u00e4nner<\/title>\n<meta name=\"description\" content=\"Diese 200-Meter-Taucheruhr ist eine robuste taktische Armeeuhr mit stark leuchtenden Markierungen auf allen Zeigern und Stundenmarkierungen, die mit der Trigalight\u00ae-Selbstleuchtsystemtechnologie ausgestattet sind.\" \/>\n<meta name=\"robots\" content=\"index, follow, max-snippet:-1, max-image-preview:large, max-video-preview:-1\" \/>\n<link rel=\"canonical\" href=\"https:\/\/swissmilitarywatches.ch\/de\/shop\/swiss-military-sm34080-03-de\/\" \/>\n<meta property=\"og:locale\" content=\"de_DE\" \/>\n<meta property=\"og:type\" content=\"article\" \/>\n<meta property=\"og:title\" content=\"Swiss Military SM34080.03 - Taktische Armeeuhr f\u00fcr M\u00e4nner\" \/>\n<meta property=\"og:description\" content=\"Diese 200-Meter-Taucheruhr ist eine robuste taktische Armeeuhr mit stark leuchtenden Markierungen auf allen Zeigern und Stundenmarkierungen, die mit der Trigalight\u00ae-Selbstleuchtsystemtechnologie ausgestattet sind.\" \/>\n<meta property=\"og:url\" content=\"https:\/\/swissmilitarywatches.ch\/de\/shop\/swiss-military-sm34080-03-de\/\" \/>\n<meta property=\"og:site_name\" content=\"Swiss Military by Chrono\" \/>\n<meta property=\"article:publisher\" content=\"https:\/\/m.facebook.com\/swissmilitarybychronoofficial\/\" \/>\n<meta property=\"article:modified_time\" content=\"2025-12-01T22:00:19+00:00\" \/>\n<meta property=\"og:image\" content=\"https:\/\/swissmilitarywatches.ch\/wp-content\/uploads\/2020\/04\/SM34080.03.png\" \/>\n\t<meta property=\"og:image:width\" content=\"1300\" \/>\n\t<meta property=\"og:image:height\" content=\"1642\" \/>\n\t<meta property=\"og:image:type\" content=\"image\/png\" \/>\n<meta name=\"twitter:card\" content=\"summary_large_image\" \/>\n<meta name=\"twitter:label1\" content=\"Preis\" \/>\n\t<meta name=\"twitter:data1\" content=\"&euro;549.00 inkl. MwSt.\" \/>\n\t<meta name=\"twitter:label2\" content=\"Verf\u00fcgbarkeit\" \/>\n\t<meta name=\"twitter:data2\" content=\"Auf Lager\" \/>\n<script type=\"application\/ld+json\" class=\"yoast-schema-graph\">{\"@context\":\"https:\/\/schema.org\",\"@graph\":[{\"@type\":\"WebPage\",\"@id\":\"https:\/\/swissmilitarywatches.ch\/de\/shop\/swiss-military-sm34080-03-de\/\",\"url\":\"https:\/\/swissmilitarywatches.ch\/de\/shop\/swiss-military-sm34080-03-de\/\",\"name\":\"Swiss Military SM34080.03 - Taktische Armeeuhr f\u00fcr M\u00e4nner\",\"isPartOf\":{\"@id\":\"https:\/\/swissmilitarywatches.ch\/de\/#website\"},\"primaryImageOfPage\":{\"@id\":\"https:\/\/swissmilitarywatches.ch\/de\/shop\/swiss-military-sm34080-03-de\/#primaryimage\"},\"image\":{\"@id\":\"https:\/\/swissmilitarywatches.ch\/de\/shop\/swiss-military-sm34080-03-de\/#primaryimage\"},\"thumbnailUrl\":\"https:\/\/swissmilitarywatches.ch\/wp-content\/uploads\/2023\/01\/PKG.SM0015_open.png\",\"datePublished\":\"2020-04-09T06:01:04+00:00\",\"dateModified\":\"2025-12-01T22:00:19+00:00\",\"description\":\"Diese 200-Meter-Taucheruhr ist eine robuste taktische Armeeuhr mit stark leuchtenden Markierungen auf allen Zeigern und Stundenmarkierungen, die mit der Trigalight\u00ae-Selbstleuchtsystemtechnologie ausgestattet sind.\",\"breadcrumb\":{\"@id\":\"https:\/\/swissmilitarywatches.ch\/de\/shop\/swiss-military-sm34080-03-de\/#breadcrumb\"},\"inLanguage\":\"de\",\"potentialAction\":[{\"@type\":\"ReadAction\",\"target\":[\"https:\/\/swissmilitarywatches.ch\/de\/shop\/swiss-military-sm34080-03-de\/\"]}]},{\"@type\":\"ImageObject\",\"inLanguage\":\"de\",\"@id\":\"https:\/\/swissmilitarywatches.ch\/de\/shop\/swiss-military-sm34080-03-de\/#primaryimage\",\"url\":\"https:\/\/swissmilitarywatches.ch\/wp-content\/uploads\/2023\/01\/PKG.SM0015_open.png\",\"contentUrl\":\"https:\/\/swissmilitarywatches.ch\/wp-content\/uploads\/2023\/01\/PKG.SM0015_open.png\",\"width\":1300,\"height\":1642,\"caption\":\"PKG.SM0015_open\"},{\"@type\":\"BreadcrumbList\",\"@id\":\"https:\/\/swissmilitarywatches.ch\/de\/shop\/swiss-military-sm34080-03-de\/#breadcrumb\",\"itemListElement\":[{\"@type\":\"ListItem\",\"position\":1,\"name\":\"Home\",\"item\":\"https:\/\/swissmilitarywatches.ch\/de\/home\/\"},{\"@type\":\"ListItem\",\"position\":2,\"name\":\"Shop\",\"item\":\"https:\/\/swissmilitarywatches.ch\/de\/shop\/\"},{\"@type\":\"ListItem\",\"position\":3,\"name\":\"Alle Uhren\",\"item\":\"https:\/\/swissmilitarywatches.ch\/de\/produkt-kategorie\/alle-uhren\/\"},{\"@type\":\"ListItem\",\"position\":4,\"name\":\"Herrenuhren\",\"item\":\"https:\/\/swissmilitarywatches.ch\/de\/produkt-kategorie\/alle-uhren\/herrenuhren\/\"},{\"@type\":\"ListItem\",\"position\":5,\"name\":\"Uhren mit Sonderfunktion\",\"item\":\"https:\/\/swissmilitarywatches.ch\/de\/produkt-kategorie\/alle-uhren\/herrenuhren\/uhren-mit-sonderfunktion\/\"},{\"@type\":\"ListItem\",\"position\":6,\"name\":\"Swiss Military SM34080.03 &#8211; Taktische Armeeuhr f\u00fcr M\u00e4nner\"}]},{\"@type\":\"WebSite\",\"@id\":\"https:\/\/swissmilitarywatches.ch\/de\/#website\",\"url\":\"https:\/\/swissmilitarywatches.ch\/de\/\",\"name\":\"Swiss Military by Chrono\",\"description\":\"Official Licensed Product of the Swiss Confederation\",\"publisher\":{\"@id\":\"https:\/\/swissmilitarywatches.ch\/de\/#organization\"},\"potentialAction\":[{\"@type\":\"SearchAction\",\"target\":{\"@type\":\"EntryPoint\",\"urlTemplate\":\"https:\/\/swissmilitarywatches.ch\/de\/?s={search_term_string}\"},\"query-input\":{\"@type\":\"PropertyValueSpecification\",\"valueRequired\":true,\"valueName\":\"search_term_string\"}}],\"inLanguage\":\"de\"},{\"@type\":\"Organization\",\"@id\":\"https:\/\/swissmilitarywatches.ch\/de\/#organization\",\"name\":\"Swiss Military by Chrono\",\"url\":\"https:\/\/swissmilitarywatches.ch\/de\/\",\"logo\":{\"@type\":\"ImageObject\",\"inLanguage\":\"de\",\"@id\":\"https:\/\/swissmilitarywatches.ch\/de\/#\/schema\/logo\/image\/\",\"url\":\"https:\/\/swissmilitarywatches.ch\/wp-content\/uploads\/2020\/04\/cropped-SM_logo_512x512px.jpg\",\"contentUrl\":\"https:\/\/swissmilitarywatches.ch\/wp-content\/uploads\/2020\/04\/cropped-SM_logo_512x512px.jpg\",\"width\":512,\"height\":512,\"caption\":\"Swiss Military by Chrono\"},\"image\":{\"@id\":\"https:\/\/swissmilitarywatches.ch\/de\/#\/schema\/logo\/image\/\"},\"sameAs\":[\"https:\/\/m.facebook.com\/swissmilitarybychronoofficial\/\",\"https:\/\/www.instagram.com\/swissmilitarybychrono\/\",\"https:\/\/www.pinterest.ch\/swissmilitarybychrono\/\"]}]}<\/script>\n<meta property=\"product:brand\" content=\"Swiss Military by Chrono\" \/>\n<meta property=\"product:price:amount\" content=\"549.00\" \/>\n<meta property=\"product:price:currency\" content=\"EUR\" \/>\n<meta property=\"og:availability\" content=\"instock\" \/>\n<meta property=\"product:availability\" content=\"instock\" \/>\n<meta property=\"product:retailer_item_id\" content=\"SM34080.03\" \/>\n<meta property=\"product:condition\" content=\"new\" \/>\n<!-- \/ Yoast SEO Premium plugin. -->","yoast_head_json":{"title":"Swiss Military SM34080.03 - Taktische Armeeuhr f\u00fcr M\u00e4nner","description":"Diese 200-Meter-Taucheruhr ist eine robuste taktische Armeeuhr mit stark leuchtenden Markierungen auf allen Zeigern und Stundenmarkierungen, die mit der Trigalight\u00ae-Selbstleuchtsystemtechnologie ausgestattet sind.","robots":{"index":"index","follow":"follow","max-snippet":"max-snippet:-1","max-image-preview":"max-image-preview:large","max-video-preview":"max-video-preview:-1"},"canonical":"https:\/\/swissmilitarywatches.ch\/de\/shop\/swiss-military-sm34080-03-de\/","og_locale":"de_DE","og_type":"article","og_title":"Swiss Military SM34080.03 - Taktische Armeeuhr f\u00fcr M\u00e4nner","og_description":"Diese 200-Meter-Taucheruhr ist eine robuste taktische Armeeuhr mit stark leuchtenden Markierungen auf allen Zeigern und Stundenmarkierungen, die mit der Trigalight\u00ae-Selbstleuchtsystemtechnologie ausgestattet sind.","og_url":"https:\/\/swissmilitarywatches.ch\/de\/shop\/swiss-military-sm34080-03-de\/","og_site_name":"Swiss Military by Chrono","article_publisher":"https:\/\/m.facebook.com\/swissmilitarybychronoofficial\/","article_modified_time":"2025-12-01T22:00:19+00:00","og_image":[{"width":1300,"height":1642,"url":"https:\/\/swissmilitarywatches.ch\/wp-content\/uploads\/2020\/04\/SM34080.03.png","type":"image\/png"}],"twitter_card":"summary_large_image","twitter_misc":{"Preis":"&euro;549.00 inkl. MwSt.","Verf\u00fcgbarkeit":"Auf Lager"},"schema":{"@context":"https:\/\/schema.org","@graph":[{"@type":"WebPage","@id":"https:\/\/swissmilitarywatches.ch\/de\/shop\/swiss-military-sm34080-03-de\/","url":"https:\/\/swissmilitarywatches.ch\/de\/shop\/swiss-military-sm34080-03-de\/","name":"Swiss Military SM34080.03 - Taktische Armeeuhr f\u00fcr M\u00e4nner","isPartOf":{"@id":"https:\/\/swissmilitarywatches.ch\/de\/#website"},"primaryImageOfPage":{"@id":"https:\/\/swissmilitarywatches.ch\/de\/shop\/swiss-military-sm34080-03-de\/#primaryimage"},"image":{"@id":"https:\/\/swissmilitarywatches.ch\/de\/shop\/swiss-military-sm34080-03-de\/#primaryimage"},"thumbnailUrl":"https:\/\/swissmilitarywatches.ch\/wp-content\/uploads\/2023\/01\/PKG.SM0015_open.png","datePublished":"2020-04-09T06:01:04+00:00","dateModified":"2025-12-01T22:00:19+00:00","description":"Diese 200-Meter-Taucheruhr ist eine robuste taktische Armeeuhr mit stark leuchtenden Markierungen auf allen Zeigern und Stundenmarkierungen, die mit der Trigalight\u00ae-Selbstleuchtsystemtechnologie ausgestattet sind.","breadcrumb":{"@id":"https:\/\/swissmilitarywatches.ch\/de\/shop\/swiss-military-sm34080-03-de\/#breadcrumb"},"inLanguage":"de","potentialAction":[{"@type":"ReadAction","target":["https:\/\/swissmilitarywatches.ch\/de\/shop\/swiss-military-sm34080-03-de\/"]}]},{"@type":"ImageObject","inLanguage":"de","@id":"https:\/\/swissmilitarywatches.ch\/de\/shop\/swiss-military-sm34080-03-de\/#primaryimage","url":"https:\/\/swissmilitarywatches.ch\/wp-content\/uploads\/2023\/01\/PKG.SM0015_open.png","contentUrl":"https:\/\/swissmilitarywatches.ch\/wp-content\/uploads\/2023\/01\/PKG.SM0015_open.png","width":1300,"height":1642,"caption":"PKG.SM0015_open"},{"@type":"BreadcrumbList","@id":"https:\/\/swissmilitarywatches.ch\/de\/shop\/swiss-military-sm34080-03-de\/#breadcrumb","itemListElement":[{"@type":"ListItem","position":1,"name":"Home","item":"https:\/\/swissmilitarywatches.ch\/de\/home\/"},{"@type":"ListItem","position":2,"name":"Shop","item":"https:\/\/swissmilitarywatches.ch\/de\/shop\/"},{"@type":"ListItem","position":3,"name":"Alle Uhren","item":"https:\/\/swissmilitarywatches.ch\/de\/produkt-kategorie\/alle-uhren\/"},{"@type":"ListItem","position":4,"name":"Herrenuhren","item":"https:\/\/swissmilitarywatches.ch\/de\/produkt-kategorie\/alle-uhren\/herrenuhren\/"},{"@type":"ListItem","position":5,"name":"Uhren mit Sonderfunktion","item":"https:\/\/swissmilitarywatches.ch\/de\/produkt-kategorie\/alle-uhren\/herrenuhren\/uhren-mit-sonderfunktion\/"},{"@type":"ListItem","position":6,"name":"Swiss Military SM34080.03 &#8211; Taktische Armeeuhr f\u00fcr M\u00e4nner"}]},{"@type":"WebSite","@id":"https:\/\/swissmilitarywatches.ch\/de\/#website","url":"https:\/\/swissmilitarywatches.ch\/de\/","name":"Swiss Military by Chrono","description":"Official Licensed Product of the Swiss Confederation","publisher":{"@id":"https:\/\/swissmilitarywatches.ch\/de\/#organization"},"potentialAction":[{"@type":"SearchAction","target":{"@type":"EntryPoint","urlTemplate":"https:\/\/swissmilitarywatches.ch\/de\/?s={search_term_string}"},"query-input":{"@type":"PropertyValueSpecification","valueRequired":true,"valueName":"search_term_string"}}],"inLanguage":"de"},{"@type":"Organization","@id":"https:\/\/swissmilitarywatches.ch\/de\/#organization","name":"Swiss Military by Chrono","url":"https:\/\/swissmilitarywatches.ch\/de\/","logo":{"@type":"ImageObject","inLanguage":"de","@id":"https:\/\/swissmilitarywatches.ch\/de\/#\/schema\/logo\/image\/","url":"https:\/\/swissmilitarywatches.ch\/wp-content\/uploads\/2020\/04\/cropped-SM_logo_512x512px.jpg","contentUrl":"https:\/\/swissmilitarywatches.ch\/wp-content\/uploads\/2020\/04\/cropped-SM_logo_512x512px.jpg","width":512,"height":512,"caption":"Swiss Military by Chrono"},"image":{"@id":"https:\/\/swissmilitarywatches.ch\/de\/#\/schema\/logo\/image\/"},"sameAs":["https:\/\/m.facebook.com\/swissmilitarybychronoofficial\/","https:\/\/www.instagram.com\/swissmilitarybychrono\/","https:\/\/www.pinterest.ch\/swissmilitarybychrono\/"]}]},"product_brand":"Swiss Military by Chrono","product_price_amount":"549.00","product_price_currency":"EUR","og_availability":"instock","product_availability":"instock","product_retailer_item_id":"SM34080.03","product_condition":"new"},"jetpack_sharing_enabled":true,"_links":{"self":[{"href":"https:\/\/swissmilitarywatches.ch\/de\/wp-json\/wp\/v2\/product\/8851","targetHints":{"allow":["GET"]}}],"collection":[{"href":"https:\/\/swissmilitarywatches.ch\/de\/wp-json\/wp\/v2\/product"}],"about":[{"href":"https:\/\/swissmilitarywatches.ch\/de\/wp-json\/wp\/v2\/types\/product"}],"replies":[{"embeddable":true,"href":"https:\/\/swissmilitarywatches.ch\/de\/wp-json\/wp\/v2\/comments?post=8851"}],"wp:featuredmedia":[{"embeddable":true,"href":"https:\/\/swissmilitarywatches.ch\/de\/wp-json\/wp\/v2\/media\/12796"}],"wp:attachment":[{"href":"https:\/\/swissmilitarywatches.ch\/de\/wp-json\/wp\/v2\/media?parent=8851"}],"wp:term":[{"taxonomy":"product_brand","embeddable":true,"href":"https:\/\/swissmilitarywatches.ch\/de\/wp-json\/wp\/v2\/product_brand?post=8851"},{"taxonomy":"product_cat","embeddable":true,"href":"https:\/\/swissmilitarywatches.ch\/de\/wp-json\/wp\/v2\/product_cat?post=8851"},{"taxonomy":"product_tag","embeddable":true,"href":"https:\/\/swissmilitarywatches.ch\/de\/wp-json\/wp\/v2\/product_tag?post=8851"}],"curies":[{"name":"wp","href":"https:\/\/api.w.org\/{rel}","templated":true}]}}