{"id":8790,"date":"2020-04-14T09:37:27","date_gmt":"2020-04-14T07:37:27","guid":{"rendered":"https:\/\/swissmilitarywatches.ch\/product\/swiss-military-sm34040-01-klassische-stahluhr-fuer-frauen\/"},"modified":"2025-12-02T00:01:33","modified_gmt":"2025-12-01T22:01:33","slug":"swiss-military-sm34040-01-de","status":"publish","type":"product","link":"https:\/\/swissmilitarywatches.ch\/de\/shop\/swiss-military-sm34040-01-de\/","title":{"rendered":"Swiss Military SM34040.01 &#8211; Klassische Stahluhr f\u00fcr Frauen"},"content":{"rendered":"","protected":false},"excerpt":{"rendered":"<h2><span style=\"font-size: 80%;\">Die zeitlos klassische Stahluhr f\u00fcr Frauen<\/span><\/h2>\n<p>Diese Edelstahluhr f\u00fcr Frauen ist der perfekte zeitlose Begleiter und ein Muss in der Uhrensammlung einer jeden Frau. Das klassische Design mit einem modernen Twist verf\u00fcgt \u00fcber ein schwarzes Zifferblatt mit traditionellen Index- und Zeigerdesigns.<\/p>\n<p>Diese Swiss Made-Uhr wird in unserem <a href=\"https:\/\/swissmilitarywatches.ch\/brand\/#brand-swiss-made\">hauseigenen Uhrmacheratelier<\/a> von Hand assembliert und verf\u00fcgt \u00fcber eine <a href=\"https:\/\/swissmilitarywatches.ch\/warranty\/\">5-j\u00e4hrige internationale Garantie<\/a>.<\/p>\n<p>Zudem ist diese analoge Damenuhr mit allen unseren Swiss Made-Qualit\u00e4tsmerkmalen ausgestattet:<\/p>\n<ul>\n<li>Swiss Made Produktion in hauseigenem Uhrmacheratelier<\/li>\n<li>Edelstahl Geh\u00e4use<\/li>\n<li>Extra geh\u00e4rtetes K1 Mineralglas mit Saphirbeschichtung<\/li>\n<li>Wasserdicht bis 100M\/10ATM<\/li>\n<li>Hochpr\u00e4zises Quarzuhrwerk Swiss Made<\/li>\n<li>5 Jahre internationale Garantie<\/li>\n<\/ul>\n","protected":false},"featured_media":3949,"comment_status":"open","ping_status":"closed","template":"","meta":[],"product_brand":[],"product_cat":[1604,1611,2154,1631],"product_tag":[],"class_list":{"0":"post-8790","1":"product","2":"type-product","3":"status-publish","4":"has-post-thumbnail","6":"product_cat-alle-uhren","7":"product_cat-damenuhren","8":"product_cat-quarzuhren-w","9":"product_cat-sm34040-de","10":"product_shipping_class-flexible-shipping-de","12":"first","13":"instock","14":"taxable","15":"shipping-taxable","16":"purchasable","17":"product-type-simple"},"yoast_head":"<!-- This site is optimized with the Yoast SEO Premium plugin v26.6 (Yoast SEO v26.6) - https:\/\/yoast.com\/wordpress\/plugins\/seo\/ -->\n<title>Swiss Military SM34040.01 - Klassische Stahluhr f\u00fcr Frauen<\/title>\n<meta name=\"description\" content=\"Das klassische Design mit einem modernen Twist verf\u00fcgt \u00fcber ein schwarzes Zifferblatt mit traditionellen Index- und Zeigerdesigns.\" \/>\n<meta name=\"robots\" content=\"index, follow, max-snippet:-1, max-image-preview:large, max-video-preview:-1\" \/>\n<link rel=\"canonical\" href=\"https:\/\/swissmilitarywatches.ch\/de\/shop\/swiss-military-sm34040-01-de\/\" \/>\n<meta property=\"og:locale\" content=\"de_DE\" \/>\n<meta property=\"og:type\" content=\"article\" \/>\n<meta property=\"og:title\" content=\"Swiss Military SM34040.01 - Klassische Stahluhr f\u00fcr Frauen\" \/>\n<meta property=\"og:description\" content=\"Das klassische Design mit einem modernen Twist verf\u00fcgt \u00fcber ein schwarzes Zifferblatt mit traditionellen Index- und Zeigerdesigns.\" \/>\n<meta property=\"og:url\" content=\"https:\/\/swissmilitarywatches.ch\/de\/shop\/swiss-military-sm34040-01-de\/\" \/>\n<meta property=\"og:site_name\" content=\"Swiss Military by Chrono\" \/>\n<meta property=\"article:publisher\" content=\"https:\/\/m.facebook.com\/swissmilitarybychronoofficial\/\" \/>\n<meta property=\"article:modified_time\" content=\"2025-12-01T22:01:33+00:00\" \/>\n<meta property=\"og:image\" content=\"https:\/\/swissmilitarywatches.ch\/wp-content\/uploads\/2020\/04\/SM34040.01.png\" \/>\n\t<meta property=\"og:image:width\" content=\"1300\" \/>\n\t<meta property=\"og:image:height\" content=\"1642\" \/>\n\t<meta property=\"og:image:type\" content=\"image\/png\" \/>\n<meta name=\"twitter:card\" content=\"summary_large_image\" \/>\n<meta name=\"twitter:label1\" content=\"Preis\" \/>\n\t<meta name=\"twitter:data1\" content=\"&euro;219.00 inkl. MwSt.\" \/>\n\t<meta name=\"twitter:label2\" content=\"Verf\u00fcgbarkeit\" \/>\n\t<meta name=\"twitter:data2\" content=\"Auf Lager\" \/>\n<script type=\"application\/ld+json\" class=\"yoast-schema-graph\">{\"@context\":\"https:\/\/schema.org\",\"@graph\":[{\"@type\":\"WebPage\",\"@id\":\"https:\/\/swissmilitarywatches.ch\/de\/shop\/swiss-military-sm34040-01-de\/\",\"url\":\"https:\/\/swissmilitarywatches.ch\/de\/shop\/swiss-military-sm34040-01-de\/\",\"name\":\"Swiss Military SM34040.01 - Klassische Stahluhr f\u00fcr Frauen\",\"isPartOf\":{\"@id\":\"https:\/\/swissmilitarywatches.ch\/de\/#website\"},\"primaryImageOfPage\":{\"@id\":\"https:\/\/swissmilitarywatches.ch\/de\/shop\/swiss-military-sm34040-01-de\/#primaryimage\"},\"image\":{\"@id\":\"https:\/\/swissmilitarywatches.ch\/de\/shop\/swiss-military-sm34040-01-de\/#primaryimage\"},\"thumbnailUrl\":\"https:\/\/swissmilitarywatches.ch\/wp-content\/uploads\/2020\/04\/SM34040.01.png\",\"datePublished\":\"2020-04-14T07:37:27+00:00\",\"dateModified\":\"2025-12-01T22:01:33+00:00\",\"description\":\"Das klassische Design mit einem modernen Twist verf\u00fcgt \u00fcber ein schwarzes Zifferblatt mit traditionellen Index- und Zeigerdesigns.\",\"breadcrumb\":{\"@id\":\"https:\/\/swissmilitarywatches.ch\/de\/shop\/swiss-military-sm34040-01-de\/#breadcrumb\"},\"inLanguage\":\"de\",\"potentialAction\":[{\"@type\":\"ReadAction\",\"target\":[\"https:\/\/swissmilitarywatches.ch\/de\/shop\/swiss-military-sm34040-01-de\/\"]}]},{\"@type\":\"ImageObject\",\"inLanguage\":\"de\",\"@id\":\"https:\/\/swissmilitarywatches.ch\/de\/shop\/swiss-military-sm34040-01-de\/#primaryimage\",\"url\":\"https:\/\/swissmilitarywatches.ch\/wp-content\/uploads\/2020\/04\/SM34040.01.png\",\"contentUrl\":\"https:\/\/swissmilitarywatches.ch\/wp-content\/uploads\/2020\/04\/SM34040.01.png\",\"width\":1300,\"height\":1642,\"caption\":\"Swiss Military SM34040.01 - Klassische Stahluhr f\u00fcr Frauen\"},{\"@type\":\"BreadcrumbList\",\"@id\":\"https:\/\/swissmilitarywatches.ch\/de\/shop\/swiss-military-sm34040-01-de\/#breadcrumb\",\"itemListElement\":[{\"@type\":\"ListItem\",\"position\":1,\"name\":\"Home\",\"item\":\"https:\/\/swissmilitarywatches.ch\/de\/home\/\"},{\"@type\":\"ListItem\",\"position\":2,\"name\":\"Shop\",\"item\":\"https:\/\/swissmilitarywatches.ch\/de\/shop\/\"},{\"@type\":\"ListItem\",\"position\":3,\"name\":\"Alle Uhren\",\"item\":\"https:\/\/swissmilitarywatches.ch\/de\/produkt-kategorie\/alle-uhren\/\"},{\"@type\":\"ListItem\",\"position\":4,\"name\":\"Damenuhren\",\"item\":\"https:\/\/swissmilitarywatches.ch\/de\/produkt-kategorie\/alle-uhren\/damenuhren\/\"},{\"@type\":\"ListItem\",\"position\":5,\"name\":\"Quarzuhren\",\"item\":\"https:\/\/swissmilitarywatches.ch\/de\/produkt-kategorie\/alle-uhren\/damenuhren\/quarzuhren-w\/\"},{\"@type\":\"ListItem\",\"position\":6,\"name\":\"Swiss Military SM34040.01 &#8211; Klassische Stahluhr f\u00fcr Frauen\"}]},{\"@type\":\"WebSite\",\"@id\":\"https:\/\/swissmilitarywatches.ch\/de\/#website\",\"url\":\"https:\/\/swissmilitarywatches.ch\/de\/\",\"name\":\"Swiss Military by Chrono\",\"description\":\"Official Licensed Product of the Swiss Confederation\",\"publisher\":{\"@id\":\"https:\/\/swissmilitarywatches.ch\/de\/#organization\"},\"potentialAction\":[{\"@type\":\"SearchAction\",\"target\":{\"@type\":\"EntryPoint\",\"urlTemplate\":\"https:\/\/swissmilitarywatches.ch\/de\/?s={search_term_string}\"},\"query-input\":{\"@type\":\"PropertyValueSpecification\",\"valueRequired\":true,\"valueName\":\"search_term_string\"}}],\"inLanguage\":\"de\"},{\"@type\":\"Organization\",\"@id\":\"https:\/\/swissmilitarywatches.ch\/de\/#organization\",\"name\":\"Swiss Military by Chrono\",\"url\":\"https:\/\/swissmilitarywatches.ch\/de\/\",\"logo\":{\"@type\":\"ImageObject\",\"inLanguage\":\"de\",\"@id\":\"https:\/\/swissmilitarywatches.ch\/de\/#\/schema\/logo\/image\/\",\"url\":\"https:\/\/swissmilitarywatches.ch\/wp-content\/uploads\/2020\/04\/cropped-SM_logo_512x512px.jpg\",\"contentUrl\":\"https:\/\/swissmilitarywatches.ch\/wp-content\/uploads\/2020\/04\/cropped-SM_logo_512x512px.jpg\",\"width\":512,\"height\":512,\"caption\":\"Swiss Military by Chrono\"},\"image\":{\"@id\":\"https:\/\/swissmilitarywatches.ch\/de\/#\/schema\/logo\/image\/\"},\"sameAs\":[\"https:\/\/m.facebook.com\/swissmilitarybychronoofficial\/\",\"https:\/\/www.instagram.com\/swissmilitarybychrono\/\",\"https:\/\/www.pinterest.ch\/swissmilitarybychrono\/\"]}]}<\/script>\n<meta property=\"product:brand\" content=\"Swiss Military by Chrono\" \/>\n<meta property=\"product:price:amount\" content=\"219.00\" \/>\n<meta property=\"product:price:currency\" content=\"EUR\" \/>\n<meta property=\"og:availability\" content=\"instock\" \/>\n<meta property=\"product:availability\" content=\"instock\" \/>\n<meta property=\"product:retailer_item_id\" content=\"SM34040.01\" \/>\n<meta property=\"product:condition\" content=\"new\" \/>\n<!-- \/ Yoast SEO Premium plugin. -->","yoast_head_json":{"title":"Swiss Military SM34040.01 - Klassische Stahluhr f\u00fcr Frauen","description":"Das klassische Design mit einem modernen Twist verf\u00fcgt \u00fcber ein schwarzes Zifferblatt mit traditionellen Index- und Zeigerdesigns.","robots":{"index":"index","follow":"follow","max-snippet":"max-snippet:-1","max-image-preview":"max-image-preview:large","max-video-preview":"max-video-preview:-1"},"canonical":"https:\/\/swissmilitarywatches.ch\/de\/shop\/swiss-military-sm34040-01-de\/","og_locale":"de_DE","og_type":"article","og_title":"Swiss Military SM34040.01 - Klassische Stahluhr f\u00fcr Frauen","og_description":"Das klassische Design mit einem modernen Twist verf\u00fcgt \u00fcber ein schwarzes Zifferblatt mit traditionellen Index- und Zeigerdesigns.","og_url":"https:\/\/swissmilitarywatches.ch\/de\/shop\/swiss-military-sm34040-01-de\/","og_site_name":"Swiss Military by Chrono","article_publisher":"https:\/\/m.facebook.com\/swissmilitarybychronoofficial\/","article_modified_time":"2025-12-01T22:01:33+00:00","og_image":[{"width":1300,"height":1642,"url":"https:\/\/swissmilitarywatches.ch\/wp-content\/uploads\/2020\/04\/SM34040.01.png","type":"image\/png"}],"twitter_card":"summary_large_image","twitter_misc":{"Preis":"&euro;219.00 inkl. MwSt.","Verf\u00fcgbarkeit":"Auf Lager"},"schema":{"@context":"https:\/\/schema.org","@graph":[{"@type":"WebPage","@id":"https:\/\/swissmilitarywatches.ch\/de\/shop\/swiss-military-sm34040-01-de\/","url":"https:\/\/swissmilitarywatches.ch\/de\/shop\/swiss-military-sm34040-01-de\/","name":"Swiss Military SM34040.01 - Klassische Stahluhr f\u00fcr Frauen","isPartOf":{"@id":"https:\/\/swissmilitarywatches.ch\/de\/#website"},"primaryImageOfPage":{"@id":"https:\/\/swissmilitarywatches.ch\/de\/shop\/swiss-military-sm34040-01-de\/#primaryimage"},"image":{"@id":"https:\/\/swissmilitarywatches.ch\/de\/shop\/swiss-military-sm34040-01-de\/#primaryimage"},"thumbnailUrl":"https:\/\/swissmilitarywatches.ch\/wp-content\/uploads\/2020\/04\/SM34040.01.png","datePublished":"2020-04-14T07:37:27+00:00","dateModified":"2025-12-01T22:01:33+00:00","description":"Das klassische Design mit einem modernen Twist verf\u00fcgt \u00fcber ein schwarzes Zifferblatt mit traditionellen Index- und Zeigerdesigns.","breadcrumb":{"@id":"https:\/\/swissmilitarywatches.ch\/de\/shop\/swiss-military-sm34040-01-de\/#breadcrumb"},"inLanguage":"de","potentialAction":[{"@type":"ReadAction","target":["https:\/\/swissmilitarywatches.ch\/de\/shop\/swiss-military-sm34040-01-de\/"]}]},{"@type":"ImageObject","inLanguage":"de","@id":"https:\/\/swissmilitarywatches.ch\/de\/shop\/swiss-military-sm34040-01-de\/#primaryimage","url":"https:\/\/swissmilitarywatches.ch\/wp-content\/uploads\/2020\/04\/SM34040.01.png","contentUrl":"https:\/\/swissmilitarywatches.ch\/wp-content\/uploads\/2020\/04\/SM34040.01.png","width":1300,"height":1642,"caption":"Swiss Military SM34040.01 - Klassische Stahluhr f\u00fcr Frauen"},{"@type":"BreadcrumbList","@id":"https:\/\/swissmilitarywatches.ch\/de\/shop\/swiss-military-sm34040-01-de\/#breadcrumb","itemListElement":[{"@type":"ListItem","position":1,"name":"Home","item":"https:\/\/swissmilitarywatches.ch\/de\/home\/"},{"@type":"ListItem","position":2,"name":"Shop","item":"https:\/\/swissmilitarywatches.ch\/de\/shop\/"},{"@type":"ListItem","position":3,"name":"Alle Uhren","item":"https:\/\/swissmilitarywatches.ch\/de\/produkt-kategorie\/alle-uhren\/"},{"@type":"ListItem","position":4,"name":"Damenuhren","item":"https:\/\/swissmilitarywatches.ch\/de\/produkt-kategorie\/alle-uhren\/damenuhren\/"},{"@type":"ListItem","position":5,"name":"Quarzuhren","item":"https:\/\/swissmilitarywatches.ch\/de\/produkt-kategorie\/alle-uhren\/damenuhren\/quarzuhren-w\/"},{"@type":"ListItem","position":6,"name":"Swiss Military SM34040.01 &#8211; Klassische Stahluhr f\u00fcr Frauen"}]},{"@type":"WebSite","@id":"https:\/\/swissmilitarywatches.ch\/de\/#website","url":"https:\/\/swissmilitarywatches.ch\/de\/","name":"Swiss Military by Chrono","description":"Official Licensed Product of the Swiss Confederation","publisher":{"@id":"https:\/\/swissmilitarywatches.ch\/de\/#organization"},"potentialAction":[{"@type":"SearchAction","target":{"@type":"EntryPoint","urlTemplate":"https:\/\/swissmilitarywatches.ch\/de\/?s={search_term_string}"},"query-input":{"@type":"PropertyValueSpecification","valueRequired":true,"valueName":"search_term_string"}}],"inLanguage":"de"},{"@type":"Organization","@id":"https:\/\/swissmilitarywatches.ch\/de\/#organization","name":"Swiss Military by Chrono","url":"https:\/\/swissmilitarywatches.ch\/de\/","logo":{"@type":"ImageObject","inLanguage":"de","@id":"https:\/\/swissmilitarywatches.ch\/de\/#\/schema\/logo\/image\/","url":"https:\/\/swissmilitarywatches.ch\/wp-content\/uploads\/2020\/04\/cropped-SM_logo_512x512px.jpg","contentUrl":"https:\/\/swissmilitarywatches.ch\/wp-content\/uploads\/2020\/04\/cropped-SM_logo_512x512px.jpg","width":512,"height":512,"caption":"Swiss Military by Chrono"},"image":{"@id":"https:\/\/swissmilitarywatches.ch\/de\/#\/schema\/logo\/image\/"},"sameAs":["https:\/\/m.facebook.com\/swissmilitarybychronoofficial\/","https:\/\/www.instagram.com\/swissmilitarybychrono\/","https:\/\/www.pinterest.ch\/swissmilitarybychrono\/"]}]},"product_brand":"Swiss Military by Chrono","product_price_amount":"219.00","product_price_currency":"EUR","og_availability":"instock","product_availability":"instock","product_retailer_item_id":"SM34040.01","product_condition":"new"},"jetpack_sharing_enabled":true,"_links":{"self":[{"href":"https:\/\/swissmilitarywatches.ch\/de\/wp-json\/wp\/v2\/product\/8790","targetHints":{"allow":["GET"]}}],"collection":[{"href":"https:\/\/swissmilitarywatches.ch\/de\/wp-json\/wp\/v2\/product"}],"about":[{"href":"https:\/\/swissmilitarywatches.ch\/de\/wp-json\/wp\/v2\/types\/product"}],"replies":[{"embeddable":true,"href":"https:\/\/swissmilitarywatches.ch\/de\/wp-json\/wp\/v2\/comments?post=8790"}],"wp:featuredmedia":[{"embeddable":true,"href":"https:\/\/swissmilitarywatches.ch\/de\/wp-json\/wp\/v2\/media\/3949"}],"wp:attachment":[{"href":"https:\/\/swissmilitarywatches.ch\/de\/wp-json\/wp\/v2\/media?parent=8790"}],"wp:term":[{"taxonomy":"product_brand","embeddable":true,"href":"https:\/\/swissmilitarywatches.ch\/de\/wp-json\/wp\/v2\/product_brand?post=8790"},{"taxonomy":"product_cat","embeddable":true,"href":"https:\/\/swissmilitarywatches.ch\/de\/wp-json\/wp\/v2\/product_cat?post=8790"},{"taxonomy":"product_tag","embeddable":true,"href":"https:\/\/swissmilitarywatches.ch\/de\/wp-json\/wp\/v2\/product_tag?post=8790"}],"curies":[{"name":"wp","href":"https:\/\/api.w.org\/{rel}","templated":true}]}}