{"id":8721,"date":"2020-04-14T08:37:37","date_gmt":"2021-08-11T08:26:45","guid":{"rendered":"https:\/\/swissmilitarywatches.ch\/product\/swiss-military-sm34071-01-herrenuhr-mit-schwarzem-echtlederband\/"},"modified":"2023-12-05T08:30:59","modified_gmt":"2023-12-05T06:30:59","slug":"swiss-military-sm34071-01-de","status":"publish","type":"product","link":"https:\/\/swissmilitarywatches.ch\/de\/shop\/swiss-military-sm34071-01-de\/","title":{"rendered":"Swiss Military SM34071.01 &#8211; Herrenuhr mit schwarzem Echtlederband"},"content":{"rendered":"","protected":false},"excerpt":{"rendered":"<h2><span style=\"font-size: 80%;\">Zeitlose Milit\u00e4ruhr f\u00fcr M\u00e4nner<\/span><\/h2>\n<p>Diese Schweizer Herrenuhr ist mit einem eleganten Edelstahlgeh\u00e4use und einem schwarzen Lederband ausgestattet. Das schwarze Zifferblatt verf\u00fcgt \u00fcber gut lesbare und leicht sportliche Indexe sowie eine markante Datumsanzeige, die nicht nur das Datum, sondern auch den Wochentag anzeigt.<\/p>\n<p>Au\u00dferdem ist diese Herrenuhr mit allen unseren Swiss Made-Qualit\u00e4tsmerkmalen ausgestattet:<\/p>\n<ul>\n<li>Swiss Made Produktion in hauseigenem Uhrmacheratelier<\/li>\n<li>Edelstahl Geh\u00e4use<\/li>\n<li>Mineralglas<\/li>\n<li>Wasserdicht bis 50M\/ 5ATM<\/li>\n<li>Tag\/Datum Anzeige<\/li>\n<li>Swiss Made Quarzuhrwerk<\/li>\n<li>5 Jahre internationale Garantie<\/li>\n<\/ul>\n","protected":false},"featured_media":0,"comment_status":"open","ping_status":"closed","template":"","meta":[],"product_brand":[],"product_cat":[1604,1607,1615],"product_tag":[],"class_list":{"0":"post-8721","1":"product","2":"type-product","3":"status-publish","5":"product_cat-alle-uhren","6":"product_cat-herrenuhren","7":"product_cat-quarzuhren","9":"first","10":"outofstock","11":"taxable","12":"shipping-taxable","13":"purchasable","14":"product-type-simple"},"yoast_head":"<!-- This site is optimized with the Yoast SEO Premium plugin v26.6 (Yoast SEO v26.6) - https:\/\/yoast.com\/wordpress\/plugins\/seo\/ -->\n<title>Swiss Military SM34071.01 - Herrenuhr mit schwarzem Echtlederband<\/title>\n<meta name=\"description\" content=\"Diese schwarze Schweizer Milit\u00e4ruhr f\u00fcr Herren verf\u00fcgt \u00fcber ein Edelstahlgeh\u00e4use, ein elegantes schwarzes Lederarmband und eine Tag\/Datum-Anzeige. 5 Jahre Internationale Garantie\" \/>\n<meta name=\"robots\" content=\"index, follow, max-snippet:-1, max-image-preview:large, max-video-preview:-1\" \/>\n<link rel=\"canonical\" href=\"https:\/\/swissmilitarywatches.ch\/de\/shop\/swiss-military-sm34071-01-de\/\" \/>\n<meta property=\"og:locale\" content=\"de_DE\" \/>\n<meta property=\"og:type\" content=\"article\" \/>\n<meta property=\"og:title\" content=\"Swiss Military SM34071.01 - Herrenuhr mit schwarzem Echtlederband\" \/>\n<meta property=\"og:description\" content=\"Diese schwarze Schweizer Milit\u00e4ruhr f\u00fcr Herren verf\u00fcgt \u00fcber ein Edelstahlgeh\u00e4use, ein elegantes schwarzes Lederarmband und eine Tag\/Datum-Anzeige. 5 Jahre Internationale Garantie\" \/>\n<meta property=\"og:url\" content=\"https:\/\/swissmilitarywatches.ch\/de\/shop\/swiss-military-sm34071-01-de\/\" \/>\n<meta property=\"og:site_name\" content=\"Swiss Military by Chrono\" \/>\n<meta property=\"article:publisher\" content=\"https:\/\/m.facebook.com\/swissmilitarybychronoofficial\/\" \/>\n<meta property=\"article:modified_time\" content=\"2023-12-05T06:30:59+00:00\" \/>\n<meta property=\"og:image\" content=\"https:\/\/swissmilitarywatches.ch\/wp-content\/uploads\/2020\/04\/SM34071.01.png\" \/>\n\t<meta property=\"og:image:width\" content=\"1300\" \/>\n\t<meta property=\"og:image:height\" content=\"1642\" \/>\n\t<meta property=\"og:image:type\" content=\"image\/png\" \/>\n<meta name=\"twitter:card\" content=\"summary_large_image\" \/>\n<meta name=\"twitter:label1\" content=\"Preis\" \/>\n\t<meta name=\"twitter:data1\" content=\"&euro;159.00 inkl. MwSt.\" \/>\n\t<meta name=\"twitter:label2\" content=\"Verf\u00fcgbarkeit\" \/>\n\t<meta name=\"twitter:data2\" content=\"ausverkauft\" \/>\n<script type=\"application\/ld+json\" class=\"yoast-schema-graph\">{\"@context\":\"https:\/\/schema.org\",\"@graph\":[{\"@type\":\"WebPage\",\"@id\":\"https:\/\/swissmilitarywatches.ch\/de\/shop\/swiss-military-sm34071-01-de\/\",\"url\":\"https:\/\/swissmilitarywatches.ch\/de\/shop\/swiss-military-sm34071-01-de\/\",\"name\":\"Swiss Military SM34071.01 - Herrenuhr mit schwarzem Echtlederband\",\"isPartOf\":{\"@id\":\"https:\/\/swissmilitarywatches.ch\/de\/#website\"},\"datePublished\":\"2021-08-11T08:26:45+00:00\",\"dateModified\":\"2023-12-05T06:30:59+00:00\",\"description\":\"Diese schwarze Schweizer Milit\u00e4ruhr f\u00fcr Herren verf\u00fcgt \u00fcber ein Edelstahlgeh\u00e4use, ein elegantes schwarzes Lederarmband und eine Tag\/Datum-Anzeige. 5 Jahre Internationale Garantie\",\"breadcrumb\":{\"@id\":\"https:\/\/swissmilitarywatches.ch\/de\/shop\/swiss-military-sm34071-01-de\/#breadcrumb\"},\"inLanguage\":\"de\",\"potentialAction\":[{\"@type\":\"ReadAction\",\"target\":[\"https:\/\/swissmilitarywatches.ch\/de\/shop\/swiss-military-sm34071-01-de\/\"]}]},{\"@type\":\"BreadcrumbList\",\"@id\":\"https:\/\/swissmilitarywatches.ch\/de\/shop\/swiss-military-sm34071-01-de\/#breadcrumb\",\"itemListElement\":[{\"@type\":\"ListItem\",\"position\":1,\"name\":\"Home\",\"item\":\"https:\/\/swissmilitarywatches.ch\/de\/home\/\"},{\"@type\":\"ListItem\",\"position\":2,\"name\":\"Shop\",\"item\":\"https:\/\/swissmilitarywatches.ch\/de\/shop\/\"},{\"@type\":\"ListItem\",\"position\":3,\"name\":\"Alle Uhren\",\"item\":\"https:\/\/swissmilitarywatches.ch\/de\/produkt-kategorie\/alle-uhren\/\"},{\"@type\":\"ListItem\",\"position\":4,\"name\":\"Herrenuhren\",\"item\":\"https:\/\/swissmilitarywatches.ch\/de\/produkt-kategorie\/alle-uhren\/herrenuhren\/\"},{\"@type\":\"ListItem\",\"position\":5,\"name\":\"Quarzuhren\",\"item\":\"https:\/\/swissmilitarywatches.ch\/de\/produkt-kategorie\/alle-uhren\/herrenuhren\/quarzuhren\/\"},{\"@type\":\"ListItem\",\"position\":6,\"name\":\"Swiss Military SM34071.01 &#8211; Herrenuhr mit schwarzem Echtlederband\"}]},{\"@type\":\"WebSite\",\"@id\":\"https:\/\/swissmilitarywatches.ch\/de\/#website\",\"url\":\"https:\/\/swissmilitarywatches.ch\/de\/\",\"name\":\"Swiss Military by Chrono\",\"description\":\"Official Licensed Product of the Swiss Confederation\",\"publisher\":{\"@id\":\"https:\/\/swissmilitarywatches.ch\/de\/#organization\"},\"potentialAction\":[{\"@type\":\"SearchAction\",\"target\":{\"@type\":\"EntryPoint\",\"urlTemplate\":\"https:\/\/swissmilitarywatches.ch\/de\/?s={search_term_string}\"},\"query-input\":{\"@type\":\"PropertyValueSpecification\",\"valueRequired\":true,\"valueName\":\"search_term_string\"}}],\"inLanguage\":\"de\"},{\"@type\":\"Organization\",\"@id\":\"https:\/\/swissmilitarywatches.ch\/de\/#organization\",\"name\":\"Swiss Military by Chrono\",\"url\":\"https:\/\/swissmilitarywatches.ch\/de\/\",\"logo\":{\"@type\":\"ImageObject\",\"inLanguage\":\"de\",\"@id\":\"https:\/\/swissmilitarywatches.ch\/de\/#\/schema\/logo\/image\/\",\"url\":\"https:\/\/swissmilitarywatches.ch\/wp-content\/uploads\/2020\/04\/cropped-SM_logo_512x512px.jpg\",\"contentUrl\":\"https:\/\/swissmilitarywatches.ch\/wp-content\/uploads\/2020\/04\/cropped-SM_logo_512x512px.jpg\",\"width\":512,\"height\":512,\"caption\":\"Swiss Military by Chrono\"},\"image\":{\"@id\":\"https:\/\/swissmilitarywatches.ch\/de\/#\/schema\/logo\/image\/\"},\"sameAs\":[\"https:\/\/m.facebook.com\/swissmilitarybychronoofficial\/\",\"https:\/\/www.instagram.com\/swissmilitarybychrono\/\",\"https:\/\/www.pinterest.ch\/swissmilitarybychrono\/\"]}]}<\/script>\n<meta property=\"product:price:amount\" content=\"159.00\" \/>\n<meta property=\"product:price:currency\" content=\"EUR\" \/>\n<meta property=\"og:availability\" content=\"out of stock\" \/>\n<meta property=\"product:availability\" content=\"out of stock\" \/>\n<meta property=\"product:retailer_item_id\" content=\"SM34071.01\" \/>\n<meta property=\"product:condition\" content=\"new\" \/>\n<!-- \/ Yoast SEO Premium plugin. -->","yoast_head_json":{"title":"Swiss Military SM34071.01 - Herrenuhr mit schwarzem Echtlederband","description":"Diese schwarze Schweizer Milit\u00e4ruhr f\u00fcr Herren verf\u00fcgt \u00fcber ein Edelstahlgeh\u00e4use, ein elegantes schwarzes Lederarmband und eine Tag\/Datum-Anzeige. 5 Jahre Internationale Garantie","robots":{"index":"index","follow":"follow","max-snippet":"max-snippet:-1","max-image-preview":"max-image-preview:large","max-video-preview":"max-video-preview:-1"},"canonical":"https:\/\/swissmilitarywatches.ch\/de\/shop\/swiss-military-sm34071-01-de\/","og_locale":"de_DE","og_type":"article","og_title":"Swiss Military SM34071.01 - Herrenuhr mit schwarzem Echtlederband","og_description":"Diese schwarze Schweizer Milit\u00e4ruhr f\u00fcr Herren verf\u00fcgt \u00fcber ein Edelstahlgeh\u00e4use, ein elegantes schwarzes Lederarmband und eine Tag\/Datum-Anzeige. 5 Jahre Internationale Garantie","og_url":"https:\/\/swissmilitarywatches.ch\/de\/shop\/swiss-military-sm34071-01-de\/","og_site_name":"Swiss Military by Chrono","article_publisher":"https:\/\/m.facebook.com\/swissmilitarybychronoofficial\/","article_modified_time":"2023-12-05T06:30:59+00:00","og_image":[{"width":1300,"height":1642,"url":"https:\/\/swissmilitarywatches.ch\/wp-content\/uploads\/2020\/04\/SM34071.01.png","type":"image\/png"}],"twitter_card":"summary_large_image","twitter_misc":{"Preis":"&euro;159.00 inkl. MwSt.","Verf\u00fcgbarkeit":"ausverkauft"},"schema":{"@context":"https:\/\/schema.org","@graph":[{"@type":"WebPage","@id":"https:\/\/swissmilitarywatches.ch\/de\/shop\/swiss-military-sm34071-01-de\/","url":"https:\/\/swissmilitarywatches.ch\/de\/shop\/swiss-military-sm34071-01-de\/","name":"Swiss Military SM34071.01 - Herrenuhr mit schwarzem Echtlederband","isPartOf":{"@id":"https:\/\/swissmilitarywatches.ch\/de\/#website"},"datePublished":"2021-08-11T08:26:45+00:00","dateModified":"2023-12-05T06:30:59+00:00","description":"Diese schwarze Schweizer Milit\u00e4ruhr f\u00fcr Herren verf\u00fcgt \u00fcber ein Edelstahlgeh\u00e4use, ein elegantes schwarzes Lederarmband und eine Tag\/Datum-Anzeige. 5 Jahre Internationale Garantie","breadcrumb":{"@id":"https:\/\/swissmilitarywatches.ch\/de\/shop\/swiss-military-sm34071-01-de\/#breadcrumb"},"inLanguage":"de","potentialAction":[{"@type":"ReadAction","target":["https:\/\/swissmilitarywatches.ch\/de\/shop\/swiss-military-sm34071-01-de\/"]}]},{"@type":"BreadcrumbList","@id":"https:\/\/swissmilitarywatches.ch\/de\/shop\/swiss-military-sm34071-01-de\/#breadcrumb","itemListElement":[{"@type":"ListItem","position":1,"name":"Home","item":"https:\/\/swissmilitarywatches.ch\/de\/home\/"},{"@type":"ListItem","position":2,"name":"Shop","item":"https:\/\/swissmilitarywatches.ch\/de\/shop\/"},{"@type":"ListItem","position":3,"name":"Alle Uhren","item":"https:\/\/swissmilitarywatches.ch\/de\/produkt-kategorie\/alle-uhren\/"},{"@type":"ListItem","position":4,"name":"Herrenuhren","item":"https:\/\/swissmilitarywatches.ch\/de\/produkt-kategorie\/alle-uhren\/herrenuhren\/"},{"@type":"ListItem","position":5,"name":"Quarzuhren","item":"https:\/\/swissmilitarywatches.ch\/de\/produkt-kategorie\/alle-uhren\/herrenuhren\/quarzuhren\/"},{"@type":"ListItem","position":6,"name":"Swiss Military SM34071.01 &#8211; Herrenuhr mit schwarzem Echtlederband"}]},{"@type":"WebSite","@id":"https:\/\/swissmilitarywatches.ch\/de\/#website","url":"https:\/\/swissmilitarywatches.ch\/de\/","name":"Swiss Military by Chrono","description":"Official Licensed Product of the Swiss Confederation","publisher":{"@id":"https:\/\/swissmilitarywatches.ch\/de\/#organization"},"potentialAction":[{"@type":"SearchAction","target":{"@type":"EntryPoint","urlTemplate":"https:\/\/swissmilitarywatches.ch\/de\/?s={search_term_string}"},"query-input":{"@type":"PropertyValueSpecification","valueRequired":true,"valueName":"search_term_string"}}],"inLanguage":"de"},{"@type":"Organization","@id":"https:\/\/swissmilitarywatches.ch\/de\/#organization","name":"Swiss Military by Chrono","url":"https:\/\/swissmilitarywatches.ch\/de\/","logo":{"@type":"ImageObject","inLanguage":"de","@id":"https:\/\/swissmilitarywatches.ch\/de\/#\/schema\/logo\/image\/","url":"https:\/\/swissmilitarywatches.ch\/wp-content\/uploads\/2020\/04\/cropped-SM_logo_512x512px.jpg","contentUrl":"https:\/\/swissmilitarywatches.ch\/wp-content\/uploads\/2020\/04\/cropped-SM_logo_512x512px.jpg","width":512,"height":512,"caption":"Swiss Military by Chrono"},"image":{"@id":"https:\/\/swissmilitarywatches.ch\/de\/#\/schema\/logo\/image\/"},"sameAs":["https:\/\/m.facebook.com\/swissmilitarybychronoofficial\/","https:\/\/www.instagram.com\/swissmilitarybychrono\/","https:\/\/www.pinterest.ch\/swissmilitarybychrono\/"]}]},"product_price_amount":"159.00","product_price_currency":"EUR","og_availability":"out of stock","product_availability":"out of stock","product_retailer_item_id":"SM34071.01","product_condition":"new"},"jetpack_sharing_enabled":true,"_links":{"self":[{"href":"https:\/\/swissmilitarywatches.ch\/de\/wp-json\/wp\/v2\/product\/8721","targetHints":{"allow":["GET"]}}],"collection":[{"href":"https:\/\/swissmilitarywatches.ch\/de\/wp-json\/wp\/v2\/product"}],"about":[{"href":"https:\/\/swissmilitarywatches.ch\/de\/wp-json\/wp\/v2\/types\/product"}],"replies":[{"embeddable":true,"href":"https:\/\/swissmilitarywatches.ch\/de\/wp-json\/wp\/v2\/comments?post=8721"}],"wp:attachment":[{"href":"https:\/\/swissmilitarywatches.ch\/de\/wp-json\/wp\/v2\/media?parent=8721"}],"wp:term":[{"taxonomy":"product_brand","embeddable":true,"href":"https:\/\/swissmilitarywatches.ch\/de\/wp-json\/wp\/v2\/product_brand?post=8721"},{"taxonomy":"product_cat","embeddable":true,"href":"https:\/\/swissmilitarywatches.ch\/de\/wp-json\/wp\/v2\/product_cat?post=8721"},{"taxonomy":"product_tag","embeddable":true,"href":"https:\/\/swissmilitarywatches.ch\/de\/wp-json\/wp\/v2\/product_tag?post=8721"}],"curies":[{"name":"wp","href":"https:\/\/api.w.org\/{rel}","templated":true}]}}