{"id":8702,"date":"2020-04-14T08:37:45","date_gmt":"2021-08-10T13:58:46","guid":{"rendered":"https:\/\/swissmilitarywatches.ch\/product\/swiss-military-sma34070-01-swiss-made-automatik-dual-time-uhr\/"},"modified":"2025-03-10T11:21:22","modified_gmt":"2025-03-10T09:21:22","slug":"swiss-military-sma34070-01-de","status":"publish","type":"product","link":"https:\/\/swissmilitarywatches.ch\/de\/shop\/swiss-military-sma34070-01-de\/","title":{"rendered":"Swiss Military SMA34070.01 &#8211; Swiss Made Automatik-Uhr mit zweiter Zeitzone"},"content":{"rendered":"<p>Mit dieser eleganten Dual-Time-Uhr f\u00fcr Herren wirst Du auf all Deinen Reisen nie wieder die Zeit aus den Augen verlieren. Der zus\u00e4tzliche Zeiger dieser Swiss Made GMT Uhr bietet die M\u00f6glichkeit, zwei verschiedene Zeitzonen auf einem Zifferblatt anzuzeigen. Auf diese Weise wirst Du nie wieder mit der Zeitverschiebung durcheinander kommen. Stelle den zus\u00e4tzlichen Zeiger einfach auf die gew\u00fcnschte Zeitzone ein und die prim\u00e4ren Stunden-, Minuten- und Sekundenzeiger auf die Zeitzone, in der Du Dich gerade befindest. Um die Einstellung der zweiten Zeitzone zu erleichtern, befindet sich auf dem Geh\u00e4useboden eine dekorative Beschriftung verschiedener St\u00e4dte, die jeweils f\u00fcr eine bestimmte Zeitzone stehen. Dies dient als Orientierungshilfe f\u00fcr die Zeitzonenfunktion.<\/p>\n<p>Dar\u00fcber hinaus ist diese Uhr mit Zeitzonenfunktionen vollgepackt mit hochwertigen Funktionen, die sie zu einem zuverl\u00e4ssigen und perfekten Reisebegleiter machen. Das Geh\u00e4use und das Armband dieser modernen Uhr sind aus robustem Edelstahl gefertigt. Die mattschwarze L\u00fcnette ist mit einer hochwertigen PVD-Beschichtung versehen. Ein kratzfestes Saphirglas bedeckt das schwarze Zifferblatt mit seiner modern gestalteten Nummerierung. Auch der attraktive transparente Geh\u00e4useboden ist aus Saphirglas gefertigt. Die gut lesbaren Zeiger und Stundenmarkierungen leuchten im Dunkeln. Dieser Zeitmesser wird von einem Swiss-Made-Automatikwerk angetrieben und in unsererm <a href=\"https:\/\/swissmilitarywatches.ch\/de\/die-marke\/#brand-swiss-made\">hauseigenen Uhrenatelier<\/a> von Hand assembliert. Als Versprechen unserer Swiss-Military-Swiss-Made-Qualit\u00e4t gilt f\u00fcr diese Uhr eine <a href=\"https:\/\/swissmilitarywatches.ch\/de\/garantie\/\">internationale Garantie von 5 Jahren<\/a>.<\/p>\n<p>Jede dieser modernen automatischen Herrenuhren ist Teil einer auf 300 St\u00fcck limitierten Serie. Die Nummerierung der limitierten Auflage ist auf der Krone eingearbeitet.<\/p>\n","protected":false},"excerpt":{"rendered":"<p><strong>Bist Du ein Weltenbummler, der von einer Zeitzone in die andere springt?<\/strong><\/p>\n<p>Mit dieser eleganten Dual-Time-Uhr f\u00fcr Herren wirst Du auf all Deinen Reisen nie wieder die Zeit aus den Augen verlieren. Damit Du nie wieder mit der Zeitverschiebung durcheinander kommst, bietet der zus\u00e4tzliche Zeiger dieser Swiss Made GMT Uhr die M\u00f6glichkeit, zwei verschiedene Zeitzonen auf einem Zifferblatt anzuzeigen. Stelle den zus\u00e4tzlichen Zeiger einfach auf die gew\u00fcnschte Zeitzone ein und die prim\u00e4ren Stunden-, Minuten- und Sekundenzeiger auf die Zeitzone, in der Du Dich gerade befindest. Der Geh\u00e4useboden tr\u00e4gt eine dekorative Gravur verschiedener St\u00e4dte, die jeweils f\u00fcr eine Zeitzone stehen. Dies dient als Orientierungshilfe f\u00fcr die Zeitzonenfunktion. Jede dieser modernen automatischen Herrenuhren in limitierter Auflage ist mit hochwertigen Funktionen der Uhrmacherkunst ausgestattet:<\/p>\n<ul>\n<li>Swiss Made Produktion in hauseigenem Uhrmacheratelier<\/li>\n<li>Robustes Geh\u00e4use aus Edelstahl<\/li>\n<li>Kratzfestes Saphirglas<\/li>\n<li>Wasserdicht bis 100M\/10ATM<\/li>\n<li>Duale Zeitanzeige \/ GMT-Anzeige<\/li>\n<li>Mechanische Swiss-Made-Uhrwerk<\/li>\n<li>Limitierte Auflgae von 300 St\u00fcck<\/li>\n<li>5 Jahre internationale Garantie<\/li>\n<\/ul>\n","protected":false},"featured_media":0,"comment_status":"open","ping_status":"closed","template":"","meta":[],"product_brand":[],"product_cat":[1604,1607,1605],"product_tag":[],"class_list":{"0":"post-8702","1":"product","2":"type-product","3":"status-publish","5":"product_cat-alle-uhren","6":"product_cat-herrenuhren","7":"product_cat-mechanische-uhren","9":"first","10":"outofstock","11":"taxable","12":"shipping-taxable","13":"purchasable","14":"product-type-simple"},"yoast_head":"<!-- This site is optimized with the Yoast SEO Premium plugin v26.6 (Yoast SEO v26.6) - https:\/\/yoast.com\/wordpress\/plugins\/seo\/ -->\n<title>Swiss Military SMA34070.01 - Swiss Made Automatik-Uhr mit zweiter Zeitzone<\/title>\n<meta name=\"description\" content=\"Du verreist viel und gerne? Dann ist diese Swiss Made Dual-Time-Uhr Dein perfekter Begleiter. Die beiden Stundenzeiger zeigen zwei verschiedene Zeitzonen an. Lass Dich nicht durch die Zeitverschieben verwirren!\" \/>\n<meta name=\"robots\" content=\"index, follow, max-snippet:-1, max-image-preview:large, max-video-preview:-1\" \/>\n<link rel=\"canonical\" href=\"https:\/\/swissmilitarywatches.ch\/de\/shop\/swiss-military-sma34070-01-de\/\" \/>\n<meta property=\"og:locale\" content=\"de_DE\" \/>\n<meta property=\"og:type\" content=\"article\" \/>\n<meta property=\"og:title\" content=\"Swiss Military SMA34070.01 - Swiss Made Automatik-Uhr mit zweiter Zeitzone\" \/>\n<meta property=\"og:description\" content=\"Du verreist viel und gerne? Dann ist diese Swiss Made Dual-Time-Uhr Dein perfekter Begleiter. Die beiden Stundenzeiger zeigen zwei verschiedene Zeitzonen an. Lass Dich nicht durch die Zeitverschieben verwirren!\" \/>\n<meta property=\"og:url\" content=\"https:\/\/swissmilitarywatches.ch\/de\/shop\/swiss-military-sma34070-01-de\/\" \/>\n<meta property=\"og:site_name\" content=\"Swiss Military by Chrono\" \/>\n<meta property=\"article:publisher\" content=\"https:\/\/m.facebook.com\/swissmilitarybychronoofficial\/\" \/>\n<meta property=\"article:modified_time\" content=\"2025-03-10T09:21:22+00:00\" \/>\n<meta property=\"og:image\" content=\"https:\/\/swissmilitarywatches.ch\/wp-content\/uploads\/2020\/05\/SM34070.01.png\" \/>\n\t<meta property=\"og:image:width\" content=\"1300\" \/>\n\t<meta property=\"og:image:height\" content=\"1642\" \/>\n\t<meta property=\"og:image:type\" content=\"image\/png\" \/>\n<meta name=\"twitter:card\" content=\"summary_large_image\" \/>\n<meta name=\"twitter:label1\" content=\"Preis\" \/>\n\t<meta name=\"twitter:data1\" content=\"&euro;799.00 inkl. MwSt.\" \/>\n\t<meta name=\"twitter:label2\" content=\"Verf\u00fcgbarkeit\" \/>\n\t<meta name=\"twitter:data2\" content=\"ausverkauft\" \/>\n<script type=\"application\/ld+json\" class=\"yoast-schema-graph\">{\"@context\":\"https:\/\/schema.org\",\"@graph\":[{\"@type\":\"WebPage\",\"@id\":\"https:\/\/swissmilitarywatches.ch\/de\/shop\/swiss-military-sma34070-01-de\/\",\"url\":\"https:\/\/swissmilitarywatches.ch\/de\/shop\/swiss-military-sma34070-01-de\/\",\"name\":\"Swiss Military SMA34070.01 - Swiss Made Automatik-Uhr mit zweiter Zeitzone\",\"isPartOf\":{\"@id\":\"https:\/\/swissmilitarywatches.ch\/de\/#website\"},\"datePublished\":\"2021-08-10T13:58:46+00:00\",\"dateModified\":\"2025-03-10T09:21:22+00:00\",\"description\":\"Du verreist viel und gerne? Dann ist diese Swiss Made Dual-Time-Uhr Dein perfekter Begleiter. Die beiden Stundenzeiger zeigen zwei verschiedene Zeitzonen an. Lass Dich nicht durch die Zeitverschieben verwirren!\",\"breadcrumb\":{\"@id\":\"https:\/\/swissmilitarywatches.ch\/de\/shop\/swiss-military-sma34070-01-de\/#breadcrumb\"},\"inLanguage\":\"de\",\"potentialAction\":[{\"@type\":\"ReadAction\",\"target\":[\"https:\/\/swissmilitarywatches.ch\/de\/shop\/swiss-military-sma34070-01-de\/\"]}]},{\"@type\":\"BreadcrumbList\",\"@id\":\"https:\/\/swissmilitarywatches.ch\/de\/shop\/swiss-military-sma34070-01-de\/#breadcrumb\",\"itemListElement\":[{\"@type\":\"ListItem\",\"position\":1,\"name\":\"Home\",\"item\":\"https:\/\/swissmilitarywatches.ch\/de\/home\/\"},{\"@type\":\"ListItem\",\"position\":2,\"name\":\"Shop\",\"item\":\"https:\/\/swissmilitarywatches.ch\/de\/shop\/\"},{\"@type\":\"ListItem\",\"position\":3,\"name\":\"Alle Uhren\",\"item\":\"https:\/\/swissmilitarywatches.ch\/de\/produkt-kategorie\/alle-uhren\/\"},{\"@type\":\"ListItem\",\"position\":4,\"name\":\"Herrenuhren\",\"item\":\"https:\/\/swissmilitarywatches.ch\/de\/produkt-kategorie\/alle-uhren\/herrenuhren\/\"},{\"@type\":\"ListItem\",\"position\":5,\"name\":\"Mechanische Uhren\",\"item\":\"https:\/\/swissmilitarywatches.ch\/de\/produkt-kategorie\/alle-uhren\/herrenuhren\/mechanische-uhren\/\"},{\"@type\":\"ListItem\",\"position\":6,\"name\":\"Swiss Military SMA34070.01 &#8211; Swiss Made Automatik-Uhr mit zweiter Zeitzone\"}]},{\"@type\":\"WebSite\",\"@id\":\"https:\/\/swissmilitarywatches.ch\/de\/#website\",\"url\":\"https:\/\/swissmilitarywatches.ch\/de\/\",\"name\":\"Swiss Military by Chrono\",\"description\":\"Official Licensed Product of the Swiss Confederation\",\"publisher\":{\"@id\":\"https:\/\/swissmilitarywatches.ch\/de\/#organization\"},\"potentialAction\":[{\"@type\":\"SearchAction\",\"target\":{\"@type\":\"EntryPoint\",\"urlTemplate\":\"https:\/\/swissmilitarywatches.ch\/de\/?s={search_term_string}\"},\"query-input\":{\"@type\":\"PropertyValueSpecification\",\"valueRequired\":true,\"valueName\":\"search_term_string\"}}],\"inLanguage\":\"de\"},{\"@type\":\"Organization\",\"@id\":\"https:\/\/swissmilitarywatches.ch\/de\/#organization\",\"name\":\"Swiss Military by Chrono\",\"url\":\"https:\/\/swissmilitarywatches.ch\/de\/\",\"logo\":{\"@type\":\"ImageObject\",\"inLanguage\":\"de\",\"@id\":\"https:\/\/swissmilitarywatches.ch\/de\/#\/schema\/logo\/image\/\",\"url\":\"https:\/\/swissmilitarywatches.ch\/wp-content\/uploads\/2020\/04\/cropped-SM_logo_512x512px.jpg\",\"contentUrl\":\"https:\/\/swissmilitarywatches.ch\/wp-content\/uploads\/2020\/04\/cropped-SM_logo_512x512px.jpg\",\"width\":512,\"height\":512,\"caption\":\"Swiss Military by Chrono\"},\"image\":{\"@id\":\"https:\/\/swissmilitarywatches.ch\/de\/#\/schema\/logo\/image\/\"},\"sameAs\":[\"https:\/\/m.facebook.com\/swissmilitarybychronoofficial\/\",\"https:\/\/www.instagram.com\/swissmilitarybychrono\/\",\"https:\/\/www.pinterest.ch\/swissmilitarybychrono\/\"]}]}<\/script>\n<meta property=\"product:price:amount\" content=\"799.00\" \/>\n<meta property=\"product:price:currency\" content=\"EUR\" \/>\n<meta property=\"og:availability\" content=\"out of stock\" \/>\n<meta property=\"product:availability\" content=\"out of stock\" \/>\n<meta property=\"product:retailer_item_id\" content=\"SMA34070.01\" \/>\n<meta property=\"product:condition\" content=\"new\" \/>\n<!-- \/ Yoast SEO Premium plugin. -->","yoast_head_json":{"title":"Swiss Military SMA34070.01 - Swiss Made Automatik-Uhr mit zweiter Zeitzone","description":"Du verreist viel und gerne? Dann ist diese Swiss Made Dual-Time-Uhr Dein perfekter Begleiter. Die beiden Stundenzeiger zeigen zwei verschiedene Zeitzonen an. Lass Dich nicht durch die Zeitverschieben verwirren!","robots":{"index":"index","follow":"follow","max-snippet":"max-snippet:-1","max-image-preview":"max-image-preview:large","max-video-preview":"max-video-preview:-1"},"canonical":"https:\/\/swissmilitarywatches.ch\/de\/shop\/swiss-military-sma34070-01-de\/","og_locale":"de_DE","og_type":"article","og_title":"Swiss Military SMA34070.01 - Swiss Made Automatik-Uhr mit zweiter Zeitzone","og_description":"Du verreist viel und gerne? Dann ist diese Swiss Made Dual-Time-Uhr Dein perfekter Begleiter. Die beiden Stundenzeiger zeigen zwei verschiedene Zeitzonen an. Lass Dich nicht durch die Zeitverschieben verwirren!","og_url":"https:\/\/swissmilitarywatches.ch\/de\/shop\/swiss-military-sma34070-01-de\/","og_site_name":"Swiss Military by Chrono","article_publisher":"https:\/\/m.facebook.com\/swissmilitarybychronoofficial\/","article_modified_time":"2025-03-10T09:21:22+00:00","og_image":[{"width":1300,"height":1642,"url":"https:\/\/swissmilitarywatches.ch\/wp-content\/uploads\/2020\/05\/SM34070.01.png","type":"image\/png"}],"twitter_card":"summary_large_image","twitter_misc":{"Preis":"&euro;799.00 inkl. MwSt.","Verf\u00fcgbarkeit":"ausverkauft"},"schema":{"@context":"https:\/\/schema.org","@graph":[{"@type":"WebPage","@id":"https:\/\/swissmilitarywatches.ch\/de\/shop\/swiss-military-sma34070-01-de\/","url":"https:\/\/swissmilitarywatches.ch\/de\/shop\/swiss-military-sma34070-01-de\/","name":"Swiss Military SMA34070.01 - Swiss Made Automatik-Uhr mit zweiter Zeitzone","isPartOf":{"@id":"https:\/\/swissmilitarywatches.ch\/de\/#website"},"datePublished":"2021-08-10T13:58:46+00:00","dateModified":"2025-03-10T09:21:22+00:00","description":"Du verreist viel und gerne? Dann ist diese Swiss Made Dual-Time-Uhr Dein perfekter Begleiter. Die beiden Stundenzeiger zeigen zwei verschiedene Zeitzonen an. Lass Dich nicht durch die Zeitverschieben verwirren!","breadcrumb":{"@id":"https:\/\/swissmilitarywatches.ch\/de\/shop\/swiss-military-sma34070-01-de\/#breadcrumb"},"inLanguage":"de","potentialAction":[{"@type":"ReadAction","target":["https:\/\/swissmilitarywatches.ch\/de\/shop\/swiss-military-sma34070-01-de\/"]}]},{"@type":"BreadcrumbList","@id":"https:\/\/swissmilitarywatches.ch\/de\/shop\/swiss-military-sma34070-01-de\/#breadcrumb","itemListElement":[{"@type":"ListItem","position":1,"name":"Home","item":"https:\/\/swissmilitarywatches.ch\/de\/home\/"},{"@type":"ListItem","position":2,"name":"Shop","item":"https:\/\/swissmilitarywatches.ch\/de\/shop\/"},{"@type":"ListItem","position":3,"name":"Alle Uhren","item":"https:\/\/swissmilitarywatches.ch\/de\/produkt-kategorie\/alle-uhren\/"},{"@type":"ListItem","position":4,"name":"Herrenuhren","item":"https:\/\/swissmilitarywatches.ch\/de\/produkt-kategorie\/alle-uhren\/herrenuhren\/"},{"@type":"ListItem","position":5,"name":"Mechanische Uhren","item":"https:\/\/swissmilitarywatches.ch\/de\/produkt-kategorie\/alle-uhren\/herrenuhren\/mechanische-uhren\/"},{"@type":"ListItem","position":6,"name":"Swiss Military SMA34070.01 &#8211; Swiss Made Automatik-Uhr mit zweiter Zeitzone"}]},{"@type":"WebSite","@id":"https:\/\/swissmilitarywatches.ch\/de\/#website","url":"https:\/\/swissmilitarywatches.ch\/de\/","name":"Swiss Military by Chrono","description":"Official Licensed Product of the Swiss Confederation","publisher":{"@id":"https:\/\/swissmilitarywatches.ch\/de\/#organization"},"potentialAction":[{"@type":"SearchAction","target":{"@type":"EntryPoint","urlTemplate":"https:\/\/swissmilitarywatches.ch\/de\/?s={search_term_string}"},"query-input":{"@type":"PropertyValueSpecification","valueRequired":true,"valueName":"search_term_string"}}],"inLanguage":"de"},{"@type":"Organization","@id":"https:\/\/swissmilitarywatches.ch\/de\/#organization","name":"Swiss Military by Chrono","url":"https:\/\/swissmilitarywatches.ch\/de\/","logo":{"@type":"ImageObject","inLanguage":"de","@id":"https:\/\/swissmilitarywatches.ch\/de\/#\/schema\/logo\/image\/","url":"https:\/\/swissmilitarywatches.ch\/wp-content\/uploads\/2020\/04\/cropped-SM_logo_512x512px.jpg","contentUrl":"https:\/\/swissmilitarywatches.ch\/wp-content\/uploads\/2020\/04\/cropped-SM_logo_512x512px.jpg","width":512,"height":512,"caption":"Swiss Military by Chrono"},"image":{"@id":"https:\/\/swissmilitarywatches.ch\/de\/#\/schema\/logo\/image\/"},"sameAs":["https:\/\/m.facebook.com\/swissmilitarybychronoofficial\/","https:\/\/www.instagram.com\/swissmilitarybychrono\/","https:\/\/www.pinterest.ch\/swissmilitarybychrono\/"]}]},"product_price_amount":"799.00","product_price_currency":"EUR","og_availability":"out of stock","product_availability":"out of stock","product_retailer_item_id":"SMA34070.01","product_condition":"new"},"jetpack_sharing_enabled":true,"_links":{"self":[{"href":"https:\/\/swissmilitarywatches.ch\/de\/wp-json\/wp\/v2\/product\/8702","targetHints":{"allow":["GET"]}}],"collection":[{"href":"https:\/\/swissmilitarywatches.ch\/de\/wp-json\/wp\/v2\/product"}],"about":[{"href":"https:\/\/swissmilitarywatches.ch\/de\/wp-json\/wp\/v2\/types\/product"}],"replies":[{"embeddable":true,"href":"https:\/\/swissmilitarywatches.ch\/de\/wp-json\/wp\/v2\/comments?post=8702"}],"wp:attachment":[{"href":"https:\/\/swissmilitarywatches.ch\/de\/wp-json\/wp\/v2\/media?parent=8702"}],"wp:term":[{"taxonomy":"product_brand","embeddable":true,"href":"https:\/\/swissmilitarywatches.ch\/de\/wp-json\/wp\/v2\/product_brand?post=8702"},{"taxonomy":"product_cat","embeddable":true,"href":"https:\/\/swissmilitarywatches.ch\/de\/wp-json\/wp\/v2\/product_cat?post=8702"},{"taxonomy":"product_tag","embeddable":true,"href":"https:\/\/swissmilitarywatches.ch\/de\/wp-json\/wp\/v2\/product_tag?post=8702"}],"curies":[{"name":"wp","href":"https:\/\/api.w.org\/{rel}","templated":true}]}}