{"id":8565,"date":"2020-04-14T08:37:24","date_gmt":"2021-07-30T09:14:07","guid":{"rendered":"https:\/\/swissmilitarywatches.ch\/product\/swiss-military-sm34038-06-grosser-chronograph-im-military-stil\/"},"modified":"2022-03-28T10:00:03","modified_gmt":"2022-03-28T09:00:03","slug":"swiss-military-sm34038-06-de","status":"publish","type":"product","link":"https:\/\/swissmilitarywatches.ch\/de\/shop\/swiss-military-sm34038-06-de\/","title":{"rendered":"Swiss Military SM34038.06 &#8211; Grosser Chronograph im Military-Stil"},"content":{"rendered":"<p>Mit einem Durchmesser von 48 mm ist dieser markante Milit\u00e4rchronograph f\u00fcr M\u00e4nner der perfekte Begleiter f\u00fcr alle, die gro\u00dfe Uhren im Milit\u00e4rstil sch\u00e4tzen. Das Edelstahlgeh\u00e4use hat nur eine sehr schmale L\u00fcnette, damit das Zifferblatt so gro\u00dfz\u00fcgig wie m\u00f6glich ausf\u00e4llt. Dadurch wird das schwarze Zifferblatt zum Hauptmerkmal dieser Herrenuhr. Das schwarze Zifferblatt ist mit einem sportlichen blauen Sekundenzeiger und blauen Stundenmarkierungen sowie einem Tachymeter zur Geschwindigkeitsmessung ausgestattet. Die drei Hilfszifferbl\u00e4tter des Chronographenzifferblatts z\u00e4hlen Sekunden, Minuten und 1\/10 Sekunden, wenn die Stoppuhrfunktion aktiviert ist. Au\u00dferdem befindet sich zwischen den Chronographenaugen bei 12 Uhr eine Tagesr\u00fcckganganzeige. Auf diese Weise ist nicht nur das Datum bei 6 Uhr, sondern auch der Wochentag auf dem Zifferblatt gut lesbar. Der gro\u00dfe Milit\u00e4r-Chronograph ist mit einem Lederband mit blauen N\u00e4hten versehen.<\/p>\n<p>Getreu unserem Anspruch an eine qualit\u00e4tsorientierte Swiss Made Uhrenfertigung, ist das Geh\u00e4use dieses grossen Chronographen aus robustem Edelstahl gefertigt. Ein extra geh\u00e4rtetes K1-Mineralglas mit Saphirbeschichtung sch\u00fctzt das schwarze Zifferblatt ab. Der Stunden- und Minutenzeiger leuchten im Dunkeln. Dieser Herrenchronograph wird von einem Swiss-Made-Chronographenwerk angetrieben und in unserer <a href=\"https:\/\/swissmilitarywatches.ch\/de\/die-marke\/#brand-swiss-made\">hauseigenen Uhrmacheratelier<\/a> von Hand assembliert. Als Versprechen unserer Swiss-Military-Swiss-Made-Qualit\u00e4t gilt f\u00fcr diese Uhr eine <a href=\"https:\/\/swissmilitarywatches.ch\/de\/garantie\/\">internationale Garantie von 5 Jahren<\/a>.<\/p>\n","protected":false},"excerpt":{"rendered":"<h2><span style=\"font-size: 80%;\">Der XL-Chronograph im Military-Stil<\/span><\/h2>\n<p>Mit einem Durchmesser von 48 mm ist dieser markante Chronograph f\u00fcr Herren der perfekte Begleiter f\u00fcr alle, die gro\u00dfe Uhren im Armee-Stil suchen.<\/p>\n<p>Dieser Sportchronograph ist mit all unseren Swiss Made Qualit\u00e4tsmerkmalen ausgestattet:<\/p>\n<ul>\n<li>Swiss Made Produktion in hauseigenem Uhrmacheratelier<\/li>\n<li>Edelstahl Geh\u00e4use<\/li>\n<li>Extra geh\u00e4rtetes K1 Mineralglas mit Saphirbeschichtung<\/li>\n<li>Wasserdicht bis 100M\/10ATM<\/li>\n<li>Swiss Made 1\/10 Chronographen-Uhrwerk<\/li>\n<li>5 Jahre internationale Garantie<\/li>\n<\/ul>\n","protected":false},"featured_media":0,"comment_status":"open","ping_status":"closed","template":"","meta":[],"product_brand":[],"product_cat":[1669],"product_tag":[],"class_list":{"0":"post-8565","1":"product","2":"type-product","3":"status-publish","5":"product_cat-unkategorisiert","7":"first","8":"instock","9":"taxable","10":"shipping-taxable","11":"purchasable","12":"product-type-simple"},"yoast_head":"<!-- This site is optimized with the Yoast SEO Premium plugin v26.6 (Yoast SEO v26.6) - https:\/\/yoast.com\/wordpress\/plugins\/seo\/ -->\n<title>Swiss Military SM34038.06 - Grosser Chronograph im Military-Stil<\/title>\n<meta name=\"description\" content=\"Mit einem Durchmesser von 48 mm ist dieser markante Milit\u00e4rchronograph der perfekte Begleiter f\u00fcr alle, die gro\u00dfe Uhren lieben.\" \/>\n<meta name=\"robots\" content=\"index, follow, max-snippet:-1, max-image-preview:large, max-video-preview:-1\" \/>\n<link rel=\"canonical\" href=\"https:\/\/swissmilitarywatches.ch\/de\/shop\/swiss-military-sm34038-06-de\/\" \/>\n<meta property=\"og:locale\" content=\"de_DE\" \/>\n<meta property=\"og:type\" content=\"article\" \/>\n<meta property=\"og:title\" content=\"Swiss Military SM34038.06 - Grosser Chronograph im Military-Stil\" \/>\n<meta property=\"og:description\" content=\"Mit einem Durchmesser von 48 mm ist dieser markante Milit\u00e4rchronograph der perfekte Begleiter f\u00fcr alle, die gro\u00dfe Uhren lieben.\" \/>\n<meta property=\"og:url\" content=\"https:\/\/swissmilitarywatches.ch\/de\/shop\/swiss-military-sm34038-06-de\/\" \/>\n<meta property=\"og:site_name\" content=\"Swiss Military by Chrono\" \/>\n<meta property=\"article:publisher\" content=\"https:\/\/m.facebook.com\/swissmilitarybychronoofficial\/\" \/>\n<meta property=\"article:modified_time\" content=\"2022-03-28T09:00:03+00:00\" \/>\n<meta property=\"og:image\" content=\"https:\/\/swissmilitarywatches.ch\/wp-content\/uploads\/2021\/03\/SM34038.06.png\" \/>\n\t<meta property=\"og:image:width\" content=\"1300\" \/>\n\t<meta property=\"og:image:height\" content=\"1642\" \/>\n\t<meta property=\"og:image:type\" content=\"image\/png\" \/>\n<meta name=\"twitter:card\" content=\"summary_large_image\" \/>\n<meta name=\"twitter:label1\" content=\"Preis\" \/>\n\t<meta name=\"twitter:data1\" content=\"&euro;409.00 inkl. MwSt.\" \/>\n\t<meta name=\"twitter:label2\" content=\"Verf\u00fcgbarkeit\" \/>\n\t<meta name=\"twitter:data2\" content=\"Auf Lager\" \/>\n<script type=\"application\/ld+json\" class=\"yoast-schema-graph\">{\"@context\":\"https:\/\/schema.org\",\"@graph\":[{\"@type\":\"WebPage\",\"@id\":\"https:\/\/swissmilitarywatches.ch\/de\/shop\/swiss-military-sm34038-06-de\/\",\"url\":\"https:\/\/swissmilitarywatches.ch\/de\/shop\/swiss-military-sm34038-06-de\/\",\"name\":\"Swiss Military SM34038.06 - Grosser Chronograph im Military-Stil\",\"isPartOf\":{\"@id\":\"https:\/\/swissmilitarywatches.ch\/de\/#website\"},\"datePublished\":\"2021-07-30T09:14:07+00:00\",\"dateModified\":\"2022-03-28T09:00:03+00:00\",\"description\":\"Mit einem Durchmesser von 48 mm ist dieser markante Milit\u00e4rchronograph der perfekte Begleiter f\u00fcr alle, die gro\u00dfe Uhren lieben.\",\"breadcrumb\":{\"@id\":\"https:\/\/swissmilitarywatches.ch\/de\/shop\/swiss-military-sm34038-06-de\/#breadcrumb\"},\"inLanguage\":\"de\",\"potentialAction\":[{\"@type\":\"ReadAction\",\"target\":[\"https:\/\/swissmilitarywatches.ch\/de\/shop\/swiss-military-sm34038-06-de\/\"]}]},{\"@type\":\"BreadcrumbList\",\"@id\":\"https:\/\/swissmilitarywatches.ch\/de\/shop\/swiss-military-sm34038-06-de\/#breadcrumb\",\"itemListElement\":[{\"@type\":\"ListItem\",\"position\":1,\"name\":\"Home\",\"item\":\"https:\/\/swissmilitarywatches.ch\/de\/home\/\"},{\"@type\":\"ListItem\",\"position\":2,\"name\":\"Shop\",\"item\":\"https:\/\/swissmilitarywatches.ch\/de\/shop\/\"},{\"@type\":\"ListItem\",\"position\":3,\"name\":\"Unkategorisiert\",\"item\":\"https:\/\/swissmilitarywatches.ch\/de\/produkt-kategorie\/unkategorisiert\/\"},{\"@type\":\"ListItem\",\"position\":4,\"name\":\"Swiss Military SM34038.06 &#8211; Grosser Chronograph im Military-Stil\"}]},{\"@type\":\"WebSite\",\"@id\":\"https:\/\/swissmilitarywatches.ch\/de\/#website\",\"url\":\"https:\/\/swissmilitarywatches.ch\/de\/\",\"name\":\"Swiss Military by Chrono\",\"description\":\"Official Licensed Product of the Swiss Confederation\",\"publisher\":{\"@id\":\"https:\/\/swissmilitarywatches.ch\/de\/#organization\"},\"potentialAction\":[{\"@type\":\"SearchAction\",\"target\":{\"@type\":\"EntryPoint\",\"urlTemplate\":\"https:\/\/swissmilitarywatches.ch\/de\/?s={search_term_string}\"},\"query-input\":{\"@type\":\"PropertyValueSpecification\",\"valueRequired\":true,\"valueName\":\"search_term_string\"}}],\"inLanguage\":\"de\"},{\"@type\":\"Organization\",\"@id\":\"https:\/\/swissmilitarywatches.ch\/de\/#organization\",\"name\":\"Swiss Military by Chrono\",\"url\":\"https:\/\/swissmilitarywatches.ch\/de\/\",\"logo\":{\"@type\":\"ImageObject\",\"inLanguage\":\"de\",\"@id\":\"https:\/\/swissmilitarywatches.ch\/de\/#\/schema\/logo\/image\/\",\"url\":\"https:\/\/swissmilitarywatches.ch\/wp-content\/uploads\/2020\/04\/cropped-SM_logo_512x512px.jpg\",\"contentUrl\":\"https:\/\/swissmilitarywatches.ch\/wp-content\/uploads\/2020\/04\/cropped-SM_logo_512x512px.jpg\",\"width\":512,\"height\":512,\"caption\":\"Swiss Military by Chrono\"},\"image\":{\"@id\":\"https:\/\/swissmilitarywatches.ch\/de\/#\/schema\/logo\/image\/\"},\"sameAs\":[\"https:\/\/m.facebook.com\/swissmilitarybychronoofficial\/\",\"https:\/\/www.instagram.com\/swissmilitarybychrono\/\",\"https:\/\/www.pinterest.ch\/swissmilitarybychrono\/\"]}]}<\/script>\n<meta property=\"product:price:amount\" content=\"409.00\" \/>\n<meta property=\"product:price:currency\" content=\"EUR\" \/>\n<meta property=\"og:availability\" content=\"instock\" \/>\n<meta property=\"product:availability\" content=\"instock\" \/>\n<meta property=\"product:retailer_item_id\" content=\"SM34038.06\" \/>\n<meta property=\"product:condition\" content=\"new\" \/>\n<!-- \/ Yoast SEO Premium plugin. -->","yoast_head_json":{"title":"Swiss Military SM34038.06 - Grosser Chronograph im Military-Stil","description":"Mit einem Durchmesser von 48 mm ist dieser markante Milit\u00e4rchronograph der perfekte Begleiter f\u00fcr alle, die gro\u00dfe Uhren lieben.","robots":{"index":"index","follow":"follow","max-snippet":"max-snippet:-1","max-image-preview":"max-image-preview:large","max-video-preview":"max-video-preview:-1"},"canonical":"https:\/\/swissmilitarywatches.ch\/de\/shop\/swiss-military-sm34038-06-de\/","og_locale":"de_DE","og_type":"article","og_title":"Swiss Military SM34038.06 - Grosser Chronograph im Military-Stil","og_description":"Mit einem Durchmesser von 48 mm ist dieser markante Milit\u00e4rchronograph der perfekte Begleiter f\u00fcr alle, die gro\u00dfe Uhren lieben.","og_url":"https:\/\/swissmilitarywatches.ch\/de\/shop\/swiss-military-sm34038-06-de\/","og_site_name":"Swiss Military by Chrono","article_publisher":"https:\/\/m.facebook.com\/swissmilitarybychronoofficial\/","article_modified_time":"2022-03-28T09:00:03+00:00","og_image":[{"width":1300,"height":1642,"url":"https:\/\/swissmilitarywatches.ch\/wp-content\/uploads\/2021\/03\/SM34038.06.png","type":"image\/png"}],"twitter_card":"summary_large_image","twitter_misc":{"Preis":"&euro;409.00 inkl. MwSt.","Verf\u00fcgbarkeit":"Auf Lager"},"schema":{"@context":"https:\/\/schema.org","@graph":[{"@type":"WebPage","@id":"https:\/\/swissmilitarywatches.ch\/de\/shop\/swiss-military-sm34038-06-de\/","url":"https:\/\/swissmilitarywatches.ch\/de\/shop\/swiss-military-sm34038-06-de\/","name":"Swiss Military SM34038.06 - Grosser Chronograph im Military-Stil","isPartOf":{"@id":"https:\/\/swissmilitarywatches.ch\/de\/#website"},"datePublished":"2021-07-30T09:14:07+00:00","dateModified":"2022-03-28T09:00:03+00:00","description":"Mit einem Durchmesser von 48 mm ist dieser markante Milit\u00e4rchronograph der perfekte Begleiter f\u00fcr alle, die gro\u00dfe Uhren lieben.","breadcrumb":{"@id":"https:\/\/swissmilitarywatches.ch\/de\/shop\/swiss-military-sm34038-06-de\/#breadcrumb"},"inLanguage":"de","potentialAction":[{"@type":"ReadAction","target":["https:\/\/swissmilitarywatches.ch\/de\/shop\/swiss-military-sm34038-06-de\/"]}]},{"@type":"BreadcrumbList","@id":"https:\/\/swissmilitarywatches.ch\/de\/shop\/swiss-military-sm34038-06-de\/#breadcrumb","itemListElement":[{"@type":"ListItem","position":1,"name":"Home","item":"https:\/\/swissmilitarywatches.ch\/de\/home\/"},{"@type":"ListItem","position":2,"name":"Shop","item":"https:\/\/swissmilitarywatches.ch\/de\/shop\/"},{"@type":"ListItem","position":3,"name":"Unkategorisiert","item":"https:\/\/swissmilitarywatches.ch\/de\/produkt-kategorie\/unkategorisiert\/"},{"@type":"ListItem","position":4,"name":"Swiss Military SM34038.06 &#8211; Grosser Chronograph im Military-Stil"}]},{"@type":"WebSite","@id":"https:\/\/swissmilitarywatches.ch\/de\/#website","url":"https:\/\/swissmilitarywatches.ch\/de\/","name":"Swiss Military by Chrono","description":"Official Licensed Product of the Swiss Confederation","publisher":{"@id":"https:\/\/swissmilitarywatches.ch\/de\/#organization"},"potentialAction":[{"@type":"SearchAction","target":{"@type":"EntryPoint","urlTemplate":"https:\/\/swissmilitarywatches.ch\/de\/?s={search_term_string}"},"query-input":{"@type":"PropertyValueSpecification","valueRequired":true,"valueName":"search_term_string"}}],"inLanguage":"de"},{"@type":"Organization","@id":"https:\/\/swissmilitarywatches.ch\/de\/#organization","name":"Swiss Military by Chrono","url":"https:\/\/swissmilitarywatches.ch\/de\/","logo":{"@type":"ImageObject","inLanguage":"de","@id":"https:\/\/swissmilitarywatches.ch\/de\/#\/schema\/logo\/image\/","url":"https:\/\/swissmilitarywatches.ch\/wp-content\/uploads\/2020\/04\/cropped-SM_logo_512x512px.jpg","contentUrl":"https:\/\/swissmilitarywatches.ch\/wp-content\/uploads\/2020\/04\/cropped-SM_logo_512x512px.jpg","width":512,"height":512,"caption":"Swiss Military by Chrono"},"image":{"@id":"https:\/\/swissmilitarywatches.ch\/de\/#\/schema\/logo\/image\/"},"sameAs":["https:\/\/m.facebook.com\/swissmilitarybychronoofficial\/","https:\/\/www.instagram.com\/swissmilitarybychrono\/","https:\/\/www.pinterest.ch\/swissmilitarybychrono\/"]}]},"product_price_amount":"409.00","product_price_currency":"EUR","og_availability":"instock","product_availability":"instock","product_retailer_item_id":"SM34038.06","product_condition":"new"},"jetpack_sharing_enabled":true,"_links":{"self":[{"href":"https:\/\/swissmilitarywatches.ch\/de\/wp-json\/wp\/v2\/product\/8565","targetHints":{"allow":["GET"]}}],"collection":[{"href":"https:\/\/swissmilitarywatches.ch\/de\/wp-json\/wp\/v2\/product"}],"about":[{"href":"https:\/\/swissmilitarywatches.ch\/de\/wp-json\/wp\/v2\/types\/product"}],"replies":[{"embeddable":true,"href":"https:\/\/swissmilitarywatches.ch\/de\/wp-json\/wp\/v2\/comments?post=8565"}],"wp:attachment":[{"href":"https:\/\/swissmilitarywatches.ch\/de\/wp-json\/wp\/v2\/media?parent=8565"}],"wp:term":[{"taxonomy":"product_brand","embeddable":true,"href":"https:\/\/swissmilitarywatches.ch\/de\/wp-json\/wp\/v2\/product_brand?post=8565"},{"taxonomy":"product_cat","embeddable":true,"href":"https:\/\/swissmilitarywatches.ch\/de\/wp-json\/wp\/v2\/product_cat?post=8565"},{"taxonomy":"product_tag","embeddable":true,"href":"https:\/\/swissmilitarywatches.ch\/de\/wp-json\/wp\/v2\/product_tag?post=8565"}],"curies":[{"name":"wp","href":"https:\/\/api.w.org\/{rel}","templated":true}]}}