{"id":8520,"date":"2020-04-14T09:37:32","date_gmt":"2020-04-14T07:37:32","guid":{"rendered":"https:\/\/swissmilitarywatches.ch\/product\/swiss-military-sm34064-02-groser-sport-chronograph\/"},"modified":"2025-12-02T00:01:57","modified_gmt":"2025-12-01T22:01:57","slug":"swiss-military-sm34064-02-de","status":"publish","type":"product","link":"https:\/\/swissmilitarywatches.ch\/de\/shop\/swiss-military-sm34064-02-de\/","title":{"rendered":"Swiss Military SM34064.02 &#8211; Gro\u00dfer Sport-Chronograph"},"content":{"rendered":"<p>Dieser maskuline Sport-Chronograph ist der perfekte Begleiter f\u00fcr alle, die gro\u00dfe Uhren m\u00f6gen. Das Edelstahlgeh\u00e4use hat nur eine sehr schmale L\u00fcnette, damit das Zifferblatt so gro\u00dfz\u00fcgig wie m\u00f6glich ausf\u00e4llt. Dadurch wird das wei\u00dfe Zifferblatt zum Hauptmerkmal dieser Herrenuhr. Auf diesem finden sich sportliche Designelemente wie ein Tachymeter und blaue Stundenmarkierungen sowie ein blauer Sekundenzeiger und Z\u00e4hlerzeiger. Die drei Hilfszifferbl\u00e4tter des Chronographenzifferblatts z\u00e4hlen Sekunden, Minuten und 1\/10 Sekunden, wenn die Stoppuhrfunktion aktiviert ist. Um dieses maskuline Design abzurunden, ist der gro\u00dfe Sportchronograph mit einem strapazierf\u00e4higen Armband aus Canvas ausgestattet.<\/p>\n<p>Getreu unserem Anspruch an eine qualit\u00e4tsorientierte Swiss Made Uhrenfertigung, ist das Geh\u00e4use dieses grossen Chronographen aus robustem Edelstahl gefertigt. Ein extra geh\u00e4rtetes K1-Mineralglas mit Saphirbeschichtung deckt das blaue Zifferblatt ab. Alle Stundenmarkierungen sowie der Stunden- und Minutenzeiger leuchten im Dunkeln. Dieser Chronograph f\u00fcr Herren wird von einem Swiss-Made-Chronographenwerk angetrieben und in unserem <a href=\"https:\/\/swissmilitarywatches.ch\/de\/die-marke\/#brand-swiss-made\">hauseigenen Uhrenatelier<\/a>handassembliert. Als Versprechen unserer Swiss-Military-Swiss-Made-Qualit\u00e4t gilt f\u00fcr diese Uhr eine <a href=\"https:\/\/swissmilitarywatches.ch\/de\/garantie\/\">internationale Garantie von 5 Jahren<\/a>.<\/p>\n","protected":false},"excerpt":{"rendered":"<h2><span style=\"font-size: 80%;\">Der XL Sport-Chronograph<\/span><\/h2>\n<p>Mit einem Durchmesser von 48 mm ist dieser maskuline Chronograph der perfekte Begleiter f\u00fcr alle, die gro\u00dfe Uhren lieben.<\/p>\n<p>Nat\u00fcrlich ist dieser Sportchronograph mit allen unseren Swiss Made-Qualit\u00e4tsmerkmalen ausgestattet:<\/p>\n<ul>\n<li>Swiss Made Produktion in hauseigenem Uhrmacheratelier<\/li>\n<li>Edelstahl Geh\u00e4use<\/li>\n<li>Extra geh\u00e4rtetes K1 Mineralglas mit Saphirbeschichtung<\/li>\n<li>Wasserdicht bis 100M\/10ATM<\/li>\n<li>Swiss Made 1\/10 Chronographen-Uhrwerk<\/li>\n<li>5 Jahre internationale Garantie<\/li>\n<\/ul>\n","protected":false},"featured_media":12796,"comment_status":"open","ping_status":"closed","template":"","meta":[],"product_brand":[],"product_cat":[1604,1607,1614,1635],"product_tag":[],"class_list":{"0":"post-8520","1":"product","2":"type-product","3":"status-publish","4":"has-post-thumbnail","6":"product_cat-alle-uhren","7":"product_cat-herrenuhren","8":"product_cat-chronographen","9":"product_cat-sm34064-de","10":"product_shipping_class-flexible-shipping-de","12":"first","13":"instock","14":"taxable","15":"shipping-taxable","16":"purchasable","17":"product-type-simple"},"yoast_head":"<!-- This site is optimized with the Yoast SEO Premium plugin v26.6 (Yoast SEO v26.6) - https:\/\/yoast.com\/wordpress\/plugins\/seo\/ -->\n<title>Swiss Military SM34064.02 - Gro\u00dfer Sport-Chronograph<\/title>\n<meta name=\"description\" content=\"Mit einem Durchmesser von 48 mm ist dieser maskuline Chronograph der perfekte Begleiter f\u00fcr alle, die gro\u00dfe Uhren lieben.\" \/>\n<meta name=\"robots\" content=\"index, follow, max-snippet:-1, max-image-preview:large, max-video-preview:-1\" \/>\n<link rel=\"canonical\" href=\"https:\/\/swissmilitarywatches.ch\/de\/shop\/swiss-military-sm34064-02-de\/\" \/>\n<meta property=\"og:locale\" content=\"de_DE\" \/>\n<meta property=\"og:type\" content=\"article\" \/>\n<meta property=\"og:title\" content=\"Swiss Military SM34064.02 - Gro\u00dfer Sport-Chronograph\" \/>\n<meta property=\"og:description\" content=\"Mit einem Durchmesser von 48 mm ist dieser maskuline Chronograph der perfekte Begleiter f\u00fcr alle, die gro\u00dfe Uhren lieben.\" \/>\n<meta property=\"og:url\" content=\"https:\/\/swissmilitarywatches.ch\/de\/shop\/swiss-military-sm34064-02-de\/\" \/>\n<meta property=\"og:site_name\" content=\"Swiss Military by Chrono\" \/>\n<meta property=\"article:publisher\" content=\"https:\/\/m.facebook.com\/swissmilitarybychronoofficial\/\" \/>\n<meta property=\"article:modified_time\" content=\"2025-12-01T22:01:57+00:00\" \/>\n<meta property=\"og:image\" content=\"https:\/\/swissmilitarywatches.ch\/wp-content\/uploads\/2021\/03\/SM34064.02.png\" \/>\n\t<meta property=\"og:image:width\" content=\"1300\" \/>\n\t<meta property=\"og:image:height\" content=\"1642\" \/>\n\t<meta property=\"og:image:type\" content=\"image\/png\" \/>\n<meta name=\"twitter:card\" content=\"summary_large_image\" \/>\n<meta name=\"twitter:label1\" content=\"Preis\" \/>\n\t<meta name=\"twitter:data1\" content=\"&euro;399.00 inkl. MwSt.\" \/>\n\t<meta name=\"twitter:label2\" content=\"Verf\u00fcgbarkeit\" \/>\n\t<meta name=\"twitter:data2\" content=\"Auf Lager\" \/>\n<script type=\"application\/ld+json\" class=\"yoast-schema-graph\">{\"@context\":\"https:\/\/schema.org\",\"@graph\":[{\"@type\":\"WebPage\",\"@id\":\"https:\/\/swissmilitarywatches.ch\/de\/shop\/swiss-military-sm34064-02-de\/\",\"url\":\"https:\/\/swissmilitarywatches.ch\/de\/shop\/swiss-military-sm34064-02-de\/\",\"name\":\"Swiss Military SM34064.02 - Gro\u00dfer Sport-Chronograph\",\"isPartOf\":{\"@id\":\"https:\/\/swissmilitarywatches.ch\/de\/#website\"},\"primaryImageOfPage\":{\"@id\":\"https:\/\/swissmilitarywatches.ch\/de\/shop\/swiss-military-sm34064-02-de\/#primaryimage\"},\"image\":{\"@id\":\"https:\/\/swissmilitarywatches.ch\/de\/shop\/swiss-military-sm34064-02-de\/#primaryimage\"},\"thumbnailUrl\":\"https:\/\/swissmilitarywatches.ch\/wp-content\/uploads\/2023\/01\/PKG.SM0015_open.png\",\"datePublished\":\"2020-04-14T07:37:32+00:00\",\"dateModified\":\"2025-12-01T22:01:57+00:00\",\"description\":\"Mit einem Durchmesser von 48 mm ist dieser maskuline Chronograph der perfekte Begleiter f\u00fcr alle, die gro\u00dfe Uhren lieben.\",\"breadcrumb\":{\"@id\":\"https:\/\/swissmilitarywatches.ch\/de\/shop\/swiss-military-sm34064-02-de\/#breadcrumb\"},\"inLanguage\":\"de\",\"potentialAction\":[{\"@type\":\"ReadAction\",\"target\":[\"https:\/\/swissmilitarywatches.ch\/de\/shop\/swiss-military-sm34064-02-de\/\"]}]},{\"@type\":\"ImageObject\",\"inLanguage\":\"de\",\"@id\":\"https:\/\/swissmilitarywatches.ch\/de\/shop\/swiss-military-sm34064-02-de\/#primaryimage\",\"url\":\"https:\/\/swissmilitarywatches.ch\/wp-content\/uploads\/2023\/01\/PKG.SM0015_open.png\",\"contentUrl\":\"https:\/\/swissmilitarywatches.ch\/wp-content\/uploads\/2023\/01\/PKG.SM0015_open.png\",\"width\":1300,\"height\":1642,\"caption\":\"PKG.SM0015_open\"},{\"@type\":\"BreadcrumbList\",\"@id\":\"https:\/\/swissmilitarywatches.ch\/de\/shop\/swiss-military-sm34064-02-de\/#breadcrumb\",\"itemListElement\":[{\"@type\":\"ListItem\",\"position\":1,\"name\":\"Home\",\"item\":\"https:\/\/swissmilitarywatches.ch\/de\/home\/\"},{\"@type\":\"ListItem\",\"position\":2,\"name\":\"Shop\",\"item\":\"https:\/\/swissmilitarywatches.ch\/de\/shop\/\"},{\"@type\":\"ListItem\",\"position\":3,\"name\":\"Alle Uhren\",\"item\":\"https:\/\/swissmilitarywatches.ch\/de\/produkt-kategorie\/alle-uhren\/\"},{\"@type\":\"ListItem\",\"position\":4,\"name\":\"Herrenuhren\",\"item\":\"https:\/\/swissmilitarywatches.ch\/de\/produkt-kategorie\/alle-uhren\/herrenuhren\/\"},{\"@type\":\"ListItem\",\"position\":5,\"name\":\"Chronographen\",\"item\":\"https:\/\/swissmilitarywatches.ch\/de\/produkt-kategorie\/alle-uhren\/herrenuhren\/chronographen\/\"},{\"@type\":\"ListItem\",\"position\":6,\"name\":\"Swiss Military SM34064.02 &#8211; Gro\u00dfer Sport-Chronograph\"}]},{\"@type\":\"WebSite\",\"@id\":\"https:\/\/swissmilitarywatches.ch\/de\/#website\",\"url\":\"https:\/\/swissmilitarywatches.ch\/de\/\",\"name\":\"Swiss Military by Chrono\",\"description\":\"Official Licensed Product of the Swiss Confederation\",\"publisher\":{\"@id\":\"https:\/\/swissmilitarywatches.ch\/de\/#organization\"},\"potentialAction\":[{\"@type\":\"SearchAction\",\"target\":{\"@type\":\"EntryPoint\",\"urlTemplate\":\"https:\/\/swissmilitarywatches.ch\/de\/?s={search_term_string}\"},\"query-input\":{\"@type\":\"PropertyValueSpecification\",\"valueRequired\":true,\"valueName\":\"search_term_string\"}}],\"inLanguage\":\"de\"},{\"@type\":\"Organization\",\"@id\":\"https:\/\/swissmilitarywatches.ch\/de\/#organization\",\"name\":\"Swiss Military by Chrono\",\"url\":\"https:\/\/swissmilitarywatches.ch\/de\/\",\"logo\":{\"@type\":\"ImageObject\",\"inLanguage\":\"de\",\"@id\":\"https:\/\/swissmilitarywatches.ch\/de\/#\/schema\/logo\/image\/\",\"url\":\"https:\/\/swissmilitarywatches.ch\/wp-content\/uploads\/2020\/04\/cropped-SM_logo_512x512px.jpg\",\"contentUrl\":\"https:\/\/swissmilitarywatches.ch\/wp-content\/uploads\/2020\/04\/cropped-SM_logo_512x512px.jpg\",\"width\":512,\"height\":512,\"caption\":\"Swiss Military by Chrono\"},\"image\":{\"@id\":\"https:\/\/swissmilitarywatches.ch\/de\/#\/schema\/logo\/image\/\"},\"sameAs\":[\"https:\/\/m.facebook.com\/swissmilitarybychronoofficial\/\",\"https:\/\/www.instagram.com\/swissmilitarybychrono\/\",\"https:\/\/www.pinterest.ch\/swissmilitarybychrono\/\"]}]}<\/script>\n<meta property=\"product:brand\" content=\"Swiss Military by Chrono\" \/>\n<meta property=\"product:price:amount\" content=\"399.00\" \/>\n<meta property=\"product:price:currency\" content=\"EUR\" \/>\n<meta property=\"og:availability\" content=\"instock\" \/>\n<meta property=\"product:availability\" content=\"instock\" \/>\n<meta property=\"product:retailer_item_id\" content=\"SM34064.02\" \/>\n<meta property=\"product:condition\" content=\"new\" \/>\n<!-- \/ Yoast SEO Premium plugin. -->","yoast_head_json":{"title":"Swiss Military SM34064.02 - Gro\u00dfer Sport-Chronograph","description":"Mit einem Durchmesser von 48 mm ist dieser maskuline Chronograph der perfekte Begleiter f\u00fcr alle, die gro\u00dfe Uhren lieben.","robots":{"index":"index","follow":"follow","max-snippet":"max-snippet:-1","max-image-preview":"max-image-preview:large","max-video-preview":"max-video-preview:-1"},"canonical":"https:\/\/swissmilitarywatches.ch\/de\/shop\/swiss-military-sm34064-02-de\/","og_locale":"de_DE","og_type":"article","og_title":"Swiss Military SM34064.02 - Gro\u00dfer Sport-Chronograph","og_description":"Mit einem Durchmesser von 48 mm ist dieser maskuline Chronograph der perfekte Begleiter f\u00fcr alle, die gro\u00dfe Uhren lieben.","og_url":"https:\/\/swissmilitarywatches.ch\/de\/shop\/swiss-military-sm34064-02-de\/","og_site_name":"Swiss Military by Chrono","article_publisher":"https:\/\/m.facebook.com\/swissmilitarybychronoofficial\/","article_modified_time":"2025-12-01T22:01:57+00:00","og_image":[{"width":1300,"height":1642,"url":"https:\/\/swissmilitarywatches.ch\/wp-content\/uploads\/2021\/03\/SM34064.02.png","type":"image\/png"}],"twitter_card":"summary_large_image","twitter_misc":{"Preis":"&euro;399.00 inkl. MwSt.","Verf\u00fcgbarkeit":"Auf Lager"},"schema":{"@context":"https:\/\/schema.org","@graph":[{"@type":"WebPage","@id":"https:\/\/swissmilitarywatches.ch\/de\/shop\/swiss-military-sm34064-02-de\/","url":"https:\/\/swissmilitarywatches.ch\/de\/shop\/swiss-military-sm34064-02-de\/","name":"Swiss Military SM34064.02 - Gro\u00dfer Sport-Chronograph","isPartOf":{"@id":"https:\/\/swissmilitarywatches.ch\/de\/#website"},"primaryImageOfPage":{"@id":"https:\/\/swissmilitarywatches.ch\/de\/shop\/swiss-military-sm34064-02-de\/#primaryimage"},"image":{"@id":"https:\/\/swissmilitarywatches.ch\/de\/shop\/swiss-military-sm34064-02-de\/#primaryimage"},"thumbnailUrl":"https:\/\/swissmilitarywatches.ch\/wp-content\/uploads\/2023\/01\/PKG.SM0015_open.png","datePublished":"2020-04-14T07:37:32+00:00","dateModified":"2025-12-01T22:01:57+00:00","description":"Mit einem Durchmesser von 48 mm ist dieser maskuline Chronograph der perfekte Begleiter f\u00fcr alle, die gro\u00dfe Uhren lieben.","breadcrumb":{"@id":"https:\/\/swissmilitarywatches.ch\/de\/shop\/swiss-military-sm34064-02-de\/#breadcrumb"},"inLanguage":"de","potentialAction":[{"@type":"ReadAction","target":["https:\/\/swissmilitarywatches.ch\/de\/shop\/swiss-military-sm34064-02-de\/"]}]},{"@type":"ImageObject","inLanguage":"de","@id":"https:\/\/swissmilitarywatches.ch\/de\/shop\/swiss-military-sm34064-02-de\/#primaryimage","url":"https:\/\/swissmilitarywatches.ch\/wp-content\/uploads\/2023\/01\/PKG.SM0015_open.png","contentUrl":"https:\/\/swissmilitarywatches.ch\/wp-content\/uploads\/2023\/01\/PKG.SM0015_open.png","width":1300,"height":1642,"caption":"PKG.SM0015_open"},{"@type":"BreadcrumbList","@id":"https:\/\/swissmilitarywatches.ch\/de\/shop\/swiss-military-sm34064-02-de\/#breadcrumb","itemListElement":[{"@type":"ListItem","position":1,"name":"Home","item":"https:\/\/swissmilitarywatches.ch\/de\/home\/"},{"@type":"ListItem","position":2,"name":"Shop","item":"https:\/\/swissmilitarywatches.ch\/de\/shop\/"},{"@type":"ListItem","position":3,"name":"Alle Uhren","item":"https:\/\/swissmilitarywatches.ch\/de\/produkt-kategorie\/alle-uhren\/"},{"@type":"ListItem","position":4,"name":"Herrenuhren","item":"https:\/\/swissmilitarywatches.ch\/de\/produkt-kategorie\/alle-uhren\/herrenuhren\/"},{"@type":"ListItem","position":5,"name":"Chronographen","item":"https:\/\/swissmilitarywatches.ch\/de\/produkt-kategorie\/alle-uhren\/herrenuhren\/chronographen\/"},{"@type":"ListItem","position":6,"name":"Swiss Military SM34064.02 &#8211; Gro\u00dfer Sport-Chronograph"}]},{"@type":"WebSite","@id":"https:\/\/swissmilitarywatches.ch\/de\/#website","url":"https:\/\/swissmilitarywatches.ch\/de\/","name":"Swiss Military by Chrono","description":"Official Licensed Product of the Swiss Confederation","publisher":{"@id":"https:\/\/swissmilitarywatches.ch\/de\/#organization"},"potentialAction":[{"@type":"SearchAction","target":{"@type":"EntryPoint","urlTemplate":"https:\/\/swissmilitarywatches.ch\/de\/?s={search_term_string}"},"query-input":{"@type":"PropertyValueSpecification","valueRequired":true,"valueName":"search_term_string"}}],"inLanguage":"de"},{"@type":"Organization","@id":"https:\/\/swissmilitarywatches.ch\/de\/#organization","name":"Swiss Military by Chrono","url":"https:\/\/swissmilitarywatches.ch\/de\/","logo":{"@type":"ImageObject","inLanguage":"de","@id":"https:\/\/swissmilitarywatches.ch\/de\/#\/schema\/logo\/image\/","url":"https:\/\/swissmilitarywatches.ch\/wp-content\/uploads\/2020\/04\/cropped-SM_logo_512x512px.jpg","contentUrl":"https:\/\/swissmilitarywatches.ch\/wp-content\/uploads\/2020\/04\/cropped-SM_logo_512x512px.jpg","width":512,"height":512,"caption":"Swiss Military by Chrono"},"image":{"@id":"https:\/\/swissmilitarywatches.ch\/de\/#\/schema\/logo\/image\/"},"sameAs":["https:\/\/m.facebook.com\/swissmilitarybychronoofficial\/","https:\/\/www.instagram.com\/swissmilitarybychrono\/","https:\/\/www.pinterest.ch\/swissmilitarybychrono\/"]}]},"product_brand":"Swiss Military by Chrono","product_price_amount":"399.00","product_price_currency":"EUR","og_availability":"instock","product_availability":"instock","product_retailer_item_id":"SM34064.02","product_condition":"new"},"jetpack_sharing_enabled":true,"_links":{"self":[{"href":"https:\/\/swissmilitarywatches.ch\/de\/wp-json\/wp\/v2\/product\/8520","targetHints":{"allow":["GET"]}}],"collection":[{"href":"https:\/\/swissmilitarywatches.ch\/de\/wp-json\/wp\/v2\/product"}],"about":[{"href":"https:\/\/swissmilitarywatches.ch\/de\/wp-json\/wp\/v2\/types\/product"}],"replies":[{"embeddable":true,"href":"https:\/\/swissmilitarywatches.ch\/de\/wp-json\/wp\/v2\/comments?post=8520"}],"wp:featuredmedia":[{"embeddable":true,"href":"https:\/\/swissmilitarywatches.ch\/de\/wp-json\/wp\/v2\/media\/12796"}],"wp:attachment":[{"href":"https:\/\/swissmilitarywatches.ch\/de\/wp-json\/wp\/v2\/media?parent=8520"}],"wp:term":[{"taxonomy":"product_brand","embeddable":true,"href":"https:\/\/swissmilitarywatches.ch\/de\/wp-json\/wp\/v2\/product_brand?post=8520"},{"taxonomy":"product_cat","embeddable":true,"href":"https:\/\/swissmilitarywatches.ch\/de\/wp-json\/wp\/v2\/product_cat?post=8520"},{"taxonomy":"product_tag","embeddable":true,"href":"https:\/\/swissmilitarywatches.ch\/de\/wp-json\/wp\/v2\/product_tag?post=8520"}],"curies":[{"name":"wp","href":"https:\/\/api.w.org\/{rel}","templated":true}]}}