{"id":7489,"date":"2020-04-09T07:01:01","date_gmt":"2021-06-15T09:27:03","guid":{"rendered":"https:\/\/swissmilitarywatches.ch\/product\/swiss-military-sm34084-07-r-sport-chronograph-mit-search-rescue-reflektor\/"},"modified":"2022-03-28T09:57:49","modified_gmt":"2022-03-28T08:57:49","slug":"swiss-military-sm34084-07-r-de","status":"publish","type":"product","link":"https:\/\/swissmilitarywatches.ch\/de\/shop\/swiss-military-sm34084-07-r-de\/","title":{"rendered":"Swiss Military SM34084.07.R &#8211; Sport Chronograph Watch mit Search &amp; Rescue Reflektor"},"content":{"rendered":"<p>Dieser Chronograph ist eine stilvolle Sportuhr und ein repr\u00e4sentativer Begleiter auf den Rennstrecken des Lebens. Die markante Anordnung der Chronographenaugen und das Tachymeter zur Geschwindigkeitsmessung auf der L\u00fcnette bilden eine besonders maskuline Stoppuhr. Die drei Subzifferbl\u00e4tter des Chronographenzifferblatts z\u00e4hlen Sekunden, Minuten und 1\/10 Sekunden, w\u00e4hrend das Tachymeter die Geschwindigkeit auf Basis der \u00fcber eine festgelegte Strecke zur\u00fcckgelegten Zeit misst. Dar\u00fcber hinaus verf\u00fcgt diese Chronographenuhr \u00fcber ein Such- und Rettungsarmband mit einem integrierten RECCO-Reflektor. Ein Muss f\u00fcr alle, die sich f\u00fcr Outdoor-Sport begeistern. Diese Milit\u00e4ruhr zeigt sich aber nicht nur von ihrer sportlichen Seite. Das komplett schwarze Design ist wie geschaffen, um sich abzuheben. Dieser Sport-Chronograph macht nicht nur jedes Outfit zum Blickfang, sondern unterstreicht auch die K\u00fchnheit seines Tr\u00e4gers.<\/p>\n<p>Dar\u00fcber hinaus ist diese Schweizer Uhr vollgepackt mit hochwertigen Funktionen, die f\u00fcr eine milit\u00e4rische Sportuhr geeignet sind. Das Geh\u00e4use und das Band dieser Chronographenuhr sind aus robustem Edelstahl gefertigt und schwarz PVD-beschichtet. Ein extra geh\u00e4rtetes K1-Mineralglas mit Saphirbeschichtung sch\u00fctzt das schwarze Zifferblatt ab. Die gut lesbaren Zeiger und arabischen Ziffernindexe leuchten im Dunkeln. Dieser Sportchronograph f\u00fcr Herren wird von einem Swiss-Made-Chronographenwerk angetrieben und in unserem <a href=\"https:\/\/swissmilitarywatches.ch\/de\/die-marke\/#brand-swiss-made\">hauseigenen Uhrenatelier<\/a> handassembliert. Als Versprechen unserer Swiss-Military-Swiss-Made-Qualit\u00e4t gilt f\u00fcr diese Uhr eine <a href=\"https:\/\/swissmilitarywatches.ch\/de\/garantie\/\">internationale Garantie von 5 Jahren<\/a>.<\/p>\n<p><strong>Such- und Rettungsarmband mit integriertem RECCO-Reflektor<\/strong><\/p>\n<p>Der RECCO-Reflektor in diesem Uhrenarmband erm\u00f6glicht es Rettungskr\u00e4ften, Sie bei einem Lawinenunfall oder wenn Sie sich in der freien Natur verirrt haben, mit RECCO-Detektoren zu orten. RECCO Detektoren werden weltweit von Rettungskr\u00e4ften verwendet. Eine komplette Liste aller Gebiete finden Sie auf <a href=\"http:\/\/recco.com\/\" target=\"_blank\" rel=\"noopener noreferrer\">recco.com<\/a>. Das Wichtigste: RECCO-Reflektoren ben\u00f6tigen keinen Strom und keine Aktivierung, um zu funktionieren. Mehrere Reflektoren werden fu\u0308r eine optimale Signalreflektion empfohlen.<\/p>\n<p>F\u00fcr maximale Widerstandsf\u00e4higkeit bei Au\u00dfeneinwirkungen wie Wasser, Schnee, Hitze und K\u00e4lte ist dieses Uhrenarmband aus strapazierf\u00e4higem Schoeller\u00ae Outdoor-Kevlar-Textil gefertigt. F\u00fcr einen einfachen, aber sicheren Sitz der Uhr am Handgelenk ist dieses Uhrenarmband mit einem Velcro\u00ae-Klettverschluss ausgestattet. F\u00fcr einen einfachen und schnellen Bandwechsel an der Uhr, ist dieses mit einem einfachen Click-On\/Off-Bandmontagesystem versehen.<\/p>\n<p><span style=\"font-size: 80%;\">Haftungsausschluss:<\/span><br \/>\n<span style=\"font-size: 80%;\">Die RECCO\u00ae-Technologie ist kein Ersatz f\u00fcr ein Lawinenversch\u00fcttetensuchger\u00e4t. Uhren, welche mit der Recco-Technologie ausgestattet sind wurden entwickelt, um Sie im Fall von Unf\u00e4llen in der Natur mit einer zus\u00e4tzlichen Sicherheitsmassnahme auszustatten. Diese macht es professionellen Rettern, die mit RECCO\u00ae-Detektoren ausgestattet sind m\u00f6glich, Sie zu orten. Die RECCO Technologie kann keine Lawinenverschu\u0308ttung verhindern und weder das \u00dcberleben noch die Ortung eines Lawinenopfers oder einer vermissten Person garantieren. Die Verhaltensregeln im alpinen Gel\u00e4nde m\u00fcssen immer beachtet werden. Beachten Sie, dass die RECCO\u00ae -Technologie unter Wasser nicht funktioniert.<\/span><\/p>\n","protected":false},"excerpt":{"rendered":"<h2><span style=\"font-size: 80%;\">Das ultimative Sportchronographen-Uhrendesign<\/span><\/h2>\n<p>Dieser Sport-Chronograph ist als stilvolles, aber m\u00e4nnliches Zeitmessinstrument konzipiert. Die markante Anordnung der Chronografenaugen gepaart mit arabischen Ziffern und einer L\u00fcnette mit Tachymeter bilden eine m\u00e4nnliche und repr\u00e4sentative Uhr. Das Search &amp; Rescue Uhrenarmband mit integriertem RECCO-Reflektor ist ein Muss f\u00fcr alle, die Outdoor-Sportarten betreiben. Der RECCO-Reflektor in diesem Uhrenarmband erm\u00f6glicht es Rettungskr\u00e4ften, Sie bei einem Lawinenunfall oder wenn Sie sich in der freien Natur verirrt haben, mit RECCO-Detektoren zu orten.<\/p>\n<p>Selbstverst\u00e4ndlich ist diese Chronographenuhr mit allen unseren Swiss Made-Qualit\u00e4tsmerkmalen ausgestattet:<\/p>\n<ul>\n<li>Swiss Made Produktion in hauseigenem Uhrmacheratelier<\/li>\n<li>Edelstahl Geh\u00e4use<\/li>\n<li>Langlebige schwarze PVD-Beschichtung<\/li>\n<li>Extra geh\u00e4rtetes K1 Mineralglas mit Saphirbeschichtung<\/li>\n<li>Wasserdicht bis 100M\/10ATM<\/li>\n<li>Swiss Made 1\/10 Chronographen-Uhrwerk<\/li>\n<li>5 Jahre internationale Garantie<\/li>\n<\/ul>\n","protected":false},"featured_media":0,"comment_status":"open","ping_status":"closed","template":"","meta":[],"product_brand":[],"product_cat":[1604,1607,1614,1650],"product_tag":[],"class_list":{"0":"post-7489","1":"product","2":"type-product","3":"status-publish","5":"product_cat-alle-uhren","6":"product_cat-herrenuhren","7":"product_cat-chronographen","8":"product_cat-sm34084-de","10":"first","11":"outofstock","12":"taxable","13":"shipping-taxable","14":"purchasable","15":"product-type-simple"},"yoast_head":"<!-- This site is optimized with the Yoast SEO Premium plugin v26.6 (Yoast SEO v26.6) - https:\/\/yoast.com\/wordpress\/plugins\/seo\/ -->\n<title>Swiss Military SM34084.07.R - Sport Chronograph Watch mit Search &amp; Rescue Reflektor<\/title>\n<meta name=\"description\" content=\"Diese Sport-Chronographen-Uhr f\u00fcr Herren verf\u00fcgt \u00fcber ein Search &amp; Rescue-Uhrenarmband mit integriertem RECCO-Reflektor und ist ein Muss f\u00fcr alle Sportler.\" \/>\n<meta name=\"robots\" content=\"index, follow, max-snippet:-1, max-image-preview:large, max-video-preview:-1\" \/>\n<link rel=\"canonical\" href=\"https:\/\/swissmilitarywatches.ch\/de\/shop\/swiss-military-sm34084-07-r-de\/\" \/>\n<meta property=\"og:locale\" content=\"de_DE\" \/>\n<meta property=\"og:type\" content=\"article\" \/>\n<meta property=\"og:title\" content=\"Swiss Military SM34084.07.R - Sport Chronograph Watch mit Search &amp; Rescue Reflektor\" \/>\n<meta property=\"og:description\" content=\"Diese Sport-Chronographen-Uhr f\u00fcr Herren verf\u00fcgt \u00fcber ein Search &amp; Rescue-Uhrenarmband mit integriertem RECCO-Reflektor und ist ein Muss f\u00fcr alle Sportler.\" \/>\n<meta property=\"og:url\" content=\"https:\/\/swissmilitarywatches.ch\/de\/shop\/swiss-military-sm34084-07-r-de\/\" \/>\n<meta property=\"og:site_name\" content=\"Swiss Military by Chrono\" \/>\n<meta property=\"article:publisher\" content=\"https:\/\/m.facebook.com\/swissmilitarybychronoofficial\/\" \/>\n<meta property=\"article:modified_time\" content=\"2022-03-28T08:57:49+00:00\" \/>\n<meta property=\"og:image\" content=\"https:\/\/swissmilitarywatches.ch\/wp-content\/uploads\/2020\/05\/SM34084.07.R.png\" \/>\n\t<meta property=\"og:image:width\" content=\"1300\" \/>\n\t<meta property=\"og:image:height\" content=\"1642\" \/>\n\t<meta property=\"og:image:type\" content=\"image\/png\" \/>\n<meta name=\"twitter:card\" content=\"summary_large_image\" \/>\n<meta name=\"twitter:label1\" content=\"Preis\" \/>\n\t<meta name=\"twitter:data1\" content=\"&euro;379.00 inkl. MwSt.\" \/>\n\t<meta name=\"twitter:label2\" content=\"Verf\u00fcgbarkeit\" \/>\n\t<meta name=\"twitter:data2\" content=\"ausverkauft\" \/>\n<script type=\"application\/ld+json\" class=\"yoast-schema-graph\">{\"@context\":\"https:\/\/schema.org\",\"@graph\":[{\"@type\":\"WebPage\",\"@id\":\"https:\/\/swissmilitarywatches.ch\/de\/shop\/swiss-military-sm34084-07-r-de\/\",\"url\":\"https:\/\/swissmilitarywatches.ch\/de\/shop\/swiss-military-sm34084-07-r-de\/\",\"name\":\"Swiss Military SM34084.07.R - Sport Chronograph Watch mit Search &amp; Rescue Reflektor\",\"isPartOf\":{\"@id\":\"https:\/\/swissmilitarywatches.ch\/de\/#website\"},\"datePublished\":\"2021-06-15T09:27:03+00:00\",\"dateModified\":\"2022-03-28T08:57:49+00:00\",\"description\":\"Diese Sport-Chronographen-Uhr f\u00fcr Herren verf\u00fcgt \u00fcber ein Search & Rescue-Uhrenarmband mit integriertem RECCO-Reflektor und ist ein Muss f\u00fcr alle Sportler.\",\"breadcrumb\":{\"@id\":\"https:\/\/swissmilitarywatches.ch\/de\/shop\/swiss-military-sm34084-07-r-de\/#breadcrumb\"},\"inLanguage\":\"de\",\"potentialAction\":[{\"@type\":\"ReadAction\",\"target\":[\"https:\/\/swissmilitarywatches.ch\/de\/shop\/swiss-military-sm34084-07-r-de\/\"]}]},{\"@type\":\"BreadcrumbList\",\"@id\":\"https:\/\/swissmilitarywatches.ch\/de\/shop\/swiss-military-sm34084-07-r-de\/#breadcrumb\",\"itemListElement\":[{\"@type\":\"ListItem\",\"position\":1,\"name\":\"Home\",\"item\":\"https:\/\/swissmilitarywatches.ch\/de\/home\/\"},{\"@type\":\"ListItem\",\"position\":2,\"name\":\"Shop\",\"item\":\"https:\/\/swissmilitarywatches.ch\/de\/shop\/\"},{\"@type\":\"ListItem\",\"position\":3,\"name\":\"Alle Uhren\",\"item\":\"https:\/\/swissmilitarywatches.ch\/de\/produkt-kategorie\/alle-uhren\/\"},{\"@type\":\"ListItem\",\"position\":4,\"name\":\"Herrenuhren\",\"item\":\"https:\/\/swissmilitarywatches.ch\/de\/produkt-kategorie\/alle-uhren\/herrenuhren\/\"},{\"@type\":\"ListItem\",\"position\":5,\"name\":\"Chronographen\",\"item\":\"https:\/\/swissmilitarywatches.ch\/de\/produkt-kategorie\/alle-uhren\/herrenuhren\/chronographen\/\"},{\"@type\":\"ListItem\",\"position\":6,\"name\":\"Swiss Military SM34084.07.R &#8211; Sport Chronograph Watch mit Search &amp; Rescue Reflektor\"}]},{\"@type\":\"WebSite\",\"@id\":\"https:\/\/swissmilitarywatches.ch\/de\/#website\",\"url\":\"https:\/\/swissmilitarywatches.ch\/de\/\",\"name\":\"Swiss Military by Chrono\",\"description\":\"Official Licensed Product of the Swiss Confederation\",\"publisher\":{\"@id\":\"https:\/\/swissmilitarywatches.ch\/de\/#organization\"},\"potentialAction\":[{\"@type\":\"SearchAction\",\"target\":{\"@type\":\"EntryPoint\",\"urlTemplate\":\"https:\/\/swissmilitarywatches.ch\/de\/?s={search_term_string}\"},\"query-input\":{\"@type\":\"PropertyValueSpecification\",\"valueRequired\":true,\"valueName\":\"search_term_string\"}}],\"inLanguage\":\"de\"},{\"@type\":\"Organization\",\"@id\":\"https:\/\/swissmilitarywatches.ch\/de\/#organization\",\"name\":\"Swiss Military by Chrono\",\"url\":\"https:\/\/swissmilitarywatches.ch\/de\/\",\"logo\":{\"@type\":\"ImageObject\",\"inLanguage\":\"de\",\"@id\":\"https:\/\/swissmilitarywatches.ch\/de\/#\/schema\/logo\/image\/\",\"url\":\"https:\/\/swissmilitarywatches.ch\/wp-content\/uploads\/2020\/04\/cropped-SM_logo_512x512px.jpg\",\"contentUrl\":\"https:\/\/swissmilitarywatches.ch\/wp-content\/uploads\/2020\/04\/cropped-SM_logo_512x512px.jpg\",\"width\":512,\"height\":512,\"caption\":\"Swiss Military by Chrono\"},\"image\":{\"@id\":\"https:\/\/swissmilitarywatches.ch\/de\/#\/schema\/logo\/image\/\"},\"sameAs\":[\"https:\/\/m.facebook.com\/swissmilitarybychronoofficial\/\",\"https:\/\/www.instagram.com\/swissmilitarybychrono\/\",\"https:\/\/www.pinterest.ch\/swissmilitarybychrono\/\"]}]}<\/script>\n<meta property=\"product:price:amount\" content=\"379.00\" \/>\n<meta property=\"product:price:currency\" content=\"EUR\" \/>\n<meta property=\"og:availability\" content=\"out of stock\" \/>\n<meta property=\"product:availability\" content=\"out of stock\" \/>\n<meta property=\"product:retailer_item_id\" content=\"SM34084.07.R\" \/>\n<meta property=\"product:condition\" content=\"new\" \/>\n<!-- \/ Yoast SEO Premium plugin. -->","yoast_head_json":{"title":"Swiss Military SM34084.07.R - Sport Chronograph Watch mit Search &amp; Rescue Reflektor","description":"Diese Sport-Chronographen-Uhr f\u00fcr Herren verf\u00fcgt \u00fcber ein Search & Rescue-Uhrenarmband mit integriertem RECCO-Reflektor und ist ein Muss f\u00fcr alle Sportler.","robots":{"index":"index","follow":"follow","max-snippet":"max-snippet:-1","max-image-preview":"max-image-preview:large","max-video-preview":"max-video-preview:-1"},"canonical":"https:\/\/swissmilitarywatches.ch\/de\/shop\/swiss-military-sm34084-07-r-de\/","og_locale":"de_DE","og_type":"article","og_title":"Swiss Military SM34084.07.R - Sport Chronograph Watch mit Search &amp; Rescue Reflektor","og_description":"Diese Sport-Chronographen-Uhr f\u00fcr Herren verf\u00fcgt \u00fcber ein Search & Rescue-Uhrenarmband mit integriertem RECCO-Reflektor und ist ein Muss f\u00fcr alle Sportler.","og_url":"https:\/\/swissmilitarywatches.ch\/de\/shop\/swiss-military-sm34084-07-r-de\/","og_site_name":"Swiss Military by Chrono","article_publisher":"https:\/\/m.facebook.com\/swissmilitarybychronoofficial\/","article_modified_time":"2022-03-28T08:57:49+00:00","og_image":[{"width":1300,"height":1642,"url":"https:\/\/swissmilitarywatches.ch\/wp-content\/uploads\/2020\/05\/SM34084.07.R.png","type":"image\/png"}],"twitter_card":"summary_large_image","twitter_misc":{"Preis":"&euro;379.00 inkl. MwSt.","Verf\u00fcgbarkeit":"ausverkauft"},"schema":{"@context":"https:\/\/schema.org","@graph":[{"@type":"WebPage","@id":"https:\/\/swissmilitarywatches.ch\/de\/shop\/swiss-military-sm34084-07-r-de\/","url":"https:\/\/swissmilitarywatches.ch\/de\/shop\/swiss-military-sm34084-07-r-de\/","name":"Swiss Military SM34084.07.R - Sport Chronograph Watch mit Search &amp; Rescue Reflektor","isPartOf":{"@id":"https:\/\/swissmilitarywatches.ch\/de\/#website"},"datePublished":"2021-06-15T09:27:03+00:00","dateModified":"2022-03-28T08:57:49+00:00","description":"Diese Sport-Chronographen-Uhr f\u00fcr Herren verf\u00fcgt \u00fcber ein Search & Rescue-Uhrenarmband mit integriertem RECCO-Reflektor und ist ein Muss f\u00fcr alle Sportler.","breadcrumb":{"@id":"https:\/\/swissmilitarywatches.ch\/de\/shop\/swiss-military-sm34084-07-r-de\/#breadcrumb"},"inLanguage":"de","potentialAction":[{"@type":"ReadAction","target":["https:\/\/swissmilitarywatches.ch\/de\/shop\/swiss-military-sm34084-07-r-de\/"]}]},{"@type":"BreadcrumbList","@id":"https:\/\/swissmilitarywatches.ch\/de\/shop\/swiss-military-sm34084-07-r-de\/#breadcrumb","itemListElement":[{"@type":"ListItem","position":1,"name":"Home","item":"https:\/\/swissmilitarywatches.ch\/de\/home\/"},{"@type":"ListItem","position":2,"name":"Shop","item":"https:\/\/swissmilitarywatches.ch\/de\/shop\/"},{"@type":"ListItem","position":3,"name":"Alle Uhren","item":"https:\/\/swissmilitarywatches.ch\/de\/produkt-kategorie\/alle-uhren\/"},{"@type":"ListItem","position":4,"name":"Herrenuhren","item":"https:\/\/swissmilitarywatches.ch\/de\/produkt-kategorie\/alle-uhren\/herrenuhren\/"},{"@type":"ListItem","position":5,"name":"Chronographen","item":"https:\/\/swissmilitarywatches.ch\/de\/produkt-kategorie\/alle-uhren\/herrenuhren\/chronographen\/"},{"@type":"ListItem","position":6,"name":"Swiss Military SM34084.07.R &#8211; Sport Chronograph Watch mit Search &amp; Rescue Reflektor"}]},{"@type":"WebSite","@id":"https:\/\/swissmilitarywatches.ch\/de\/#website","url":"https:\/\/swissmilitarywatches.ch\/de\/","name":"Swiss Military by Chrono","description":"Official Licensed Product of the Swiss Confederation","publisher":{"@id":"https:\/\/swissmilitarywatches.ch\/de\/#organization"},"potentialAction":[{"@type":"SearchAction","target":{"@type":"EntryPoint","urlTemplate":"https:\/\/swissmilitarywatches.ch\/de\/?s={search_term_string}"},"query-input":{"@type":"PropertyValueSpecification","valueRequired":true,"valueName":"search_term_string"}}],"inLanguage":"de"},{"@type":"Organization","@id":"https:\/\/swissmilitarywatches.ch\/de\/#organization","name":"Swiss Military by Chrono","url":"https:\/\/swissmilitarywatches.ch\/de\/","logo":{"@type":"ImageObject","inLanguage":"de","@id":"https:\/\/swissmilitarywatches.ch\/de\/#\/schema\/logo\/image\/","url":"https:\/\/swissmilitarywatches.ch\/wp-content\/uploads\/2020\/04\/cropped-SM_logo_512x512px.jpg","contentUrl":"https:\/\/swissmilitarywatches.ch\/wp-content\/uploads\/2020\/04\/cropped-SM_logo_512x512px.jpg","width":512,"height":512,"caption":"Swiss Military by Chrono"},"image":{"@id":"https:\/\/swissmilitarywatches.ch\/de\/#\/schema\/logo\/image\/"},"sameAs":["https:\/\/m.facebook.com\/swissmilitarybychronoofficial\/","https:\/\/www.instagram.com\/swissmilitarybychrono\/","https:\/\/www.pinterest.ch\/swissmilitarybychrono\/"]}]},"product_price_amount":"379.00","product_price_currency":"EUR","og_availability":"out of stock","product_availability":"out of stock","product_retailer_item_id":"SM34084.07.R","product_condition":"new"},"jetpack_sharing_enabled":true,"_links":{"self":[{"href":"https:\/\/swissmilitarywatches.ch\/de\/wp-json\/wp\/v2\/product\/7489","targetHints":{"allow":["GET"]}}],"collection":[{"href":"https:\/\/swissmilitarywatches.ch\/de\/wp-json\/wp\/v2\/product"}],"about":[{"href":"https:\/\/swissmilitarywatches.ch\/de\/wp-json\/wp\/v2\/types\/product"}],"replies":[{"embeddable":true,"href":"https:\/\/swissmilitarywatches.ch\/de\/wp-json\/wp\/v2\/comments?post=7489"}],"wp:attachment":[{"href":"https:\/\/swissmilitarywatches.ch\/de\/wp-json\/wp\/v2\/media?parent=7489"}],"wp:term":[{"taxonomy":"product_brand","embeddable":true,"href":"https:\/\/swissmilitarywatches.ch\/de\/wp-json\/wp\/v2\/product_brand?post=7489"},{"taxonomy":"product_cat","embeddable":true,"href":"https:\/\/swissmilitarywatches.ch\/de\/wp-json\/wp\/v2\/product_cat?post=7489"},{"taxonomy":"product_tag","embeddable":true,"href":"https:\/\/swissmilitarywatches.ch\/de\/wp-json\/wp\/v2\/product_tag?post=7489"}],"curies":[{"name":"wp","href":"https:\/\/api.w.org\/{rel}","templated":true}]}}