{"id":7457,"date":"2021-03-09T09:29:06","date_gmt":"2021-06-14T10:49:43","guid":{"rendered":"https:\/\/swissmilitarywatches.ch\/product\/swiss-military-sma34085-10-elegante-mechanische-herrenuhr\/"},"modified":"2025-11-24T00:00:49","modified_gmt":"2025-11-23T22:00:49","slug":"swiss-military-sma34085-10-de","status":"publish","type":"product","link":"https:\/\/swissmilitarywatches.ch\/de\/shop\/swiss-military-sma34085-10-de\/","title":{"rendered":"Swiss Military SMA34085.10 &#8211; Elegante Mechanische Herrenuhr"},"content":{"rendered":"<p>Diese elegante mechanische Herrenuhr verk\u00f6rpert die traditionellen Werte der Schweizer Uhrmacherkunst sowohl im Inneren als auch im \u00c4u\u00dferen. Der Charme dieser rotgoldenen und silbernen Herrenuhr liegt in der gelungenen Kombination aus klassisch rundem Uhrendesign mit einem schimmernden Sonnenschliff-Zifferblatt. Schlanke und elegante Stundenmarkierungen zusammen mit Zeigern im klassischen Stil, vervollst\u00e4ndigen die elegante Herrenuhr. Das Geh\u00e4use und Armband dieser mechanischen Herrenuhr bestichen zudem mit matten und gl\u00e4nzenden Elementen. W\u00e4hrend die matten Teile an der Au\u00dfenseite von Geh\u00e4use und Band die Uhr einrahmen, dienen die gl\u00e4nzenden Teile dazu, den mittleren Teil der Uhr zu beleuchten und den Blick auf das elegante und perfekt proportionierte blaue Zifferblatt zu lenken.<span style=\"font-size: 14.4px;\"> Es ist eine Kombination, die begeistert.<\/span><\/p>\n<p>Getreu unserem Anspruch an eine qualit\u00e4tsorientierte Swiss Made Uhrenfertigung, ist das Geh\u00e4use und Armband dieser Herrenuhr aus robustem Edelstahl gefertigt und mit einer hochwertigen PVD-Beschichtung versehen. Saphirglas deckt das Zifferblatt sowie den durchsichtigen Geh\u00e4useboden ab. Die Bewegungen des mechanischen Swiss Made-Uhrwerks kann durch den Glasboden des Geh\u00e4uses betrachtet werden. Dieser Zeitmesser wird in unserem <a href=\"https:\/\/swissmilitarywatches.ch\/de\/die-marke\/#brand-swiss-made\">hauseigenen Uhrmacheratelier<\/a>von Hand assembliert und unterliegt einer<a href=\"https:\/\/swissmilitarywatches.ch\/de\/garantie\/\">internationalen Garantie von 5 Jahren<\/a>.<\/p>\n","protected":false},"excerpt":{"rendered":"<p><strong>Traditionelle Schweizer Uhrmacherkunst <\/strong><\/p>\n<p>Diese elegante mechanische Herrenuhr verk\u00f6rpert die traditionellen Werte der Schweizer Uhrmacherkunst sowohl im Inneren als auch im \u00c4u\u00dferen. Der Charme dieser rotgoldenen und silbernen Herrenuhr liegt in der perfekten Kombination aus klassisch rundem Uhrendesign mit einem schimmernden Sonnenschliff-Zifferblatt. Schlanke und elegante Stundenmarkierungen zusammen mit Zeigern im klassischen Stil, vervollst\u00e4ndigen die elegante Herrenuhr. Es ist eine Kombination, die begeistert.<\/p>\n<p>Dar\u00fcber hinaus ist diese elegante mechanische Herrenuhr mit allen unseren Swiss Made-Qualit\u00e4tsmerkmalen ausgestattet:<\/p>\n<ul>\n<li>Swiss Made Produktion in hauseigenem Uhrmacheratelier<\/li>\n<li>Robustes Geh\u00e4use aus Edelstahl<\/li>\n<li>Hochwertige rotgoldene PVD-Beschichtung<\/li>\n<li>Kratzfestes Saphirglas<\/li>\n<li>Wasserdicht bis 100M\/10ATM<\/li>\n<li>Mechanische Swiss-Made-Uhrwerk<\/li>\n<li>5 Jahre internationale Garantie<\/li>\n<\/ul>\n","protected":false},"featured_media":7458,"comment_status":"open","ping_status":"closed","template":"","meta":[],"product_brand":[],"product_cat":[1604,1607,1605,1659],"product_tag":[],"class_list":{"0":"post-7457","1":"product","2":"type-product","3":"status-publish","4":"has-post-thumbnail","6":"product_cat-alle-uhren","7":"product_cat-herrenuhren","8":"product_cat-mechanische-uhren","9":"product_cat-sma34085-de","10":"product_shipping_class-flexible-shipping-de","12":"first","13":"instock","14":"taxable","15":"shipping-taxable","16":"purchasable","17":"product-type-simple"},"yoast_head":"<!-- This site is optimized with the Yoast SEO Premium plugin v26.6 (Yoast SEO v26.6) - https:\/\/yoast.com\/wordpress\/plugins\/seo\/ -->\n<title>Swiss Military SMA34085.10 - Elegante Mechanische Herrenuhr<\/title>\n<meta name=\"description\" content=\"Diese elegante mechanische Herrenuhr verk\u00f6rpert die traditionellen Werte der Schweizer Uhrmacherkunst, sowohl im Inneren als auch im \u00c4u\u00dferen.\" \/>\n<meta name=\"robots\" content=\"index, follow, max-snippet:-1, max-image-preview:large, max-video-preview:-1\" \/>\n<link rel=\"canonical\" href=\"https:\/\/swissmilitarywatches.ch\/de\/shop\/swiss-military-sma34085-10-de\/\" \/>\n<meta property=\"og:locale\" content=\"de_DE\" \/>\n<meta property=\"og:type\" content=\"article\" \/>\n<meta property=\"og:title\" content=\"Swiss Military SMA34085.10 - Elegante Mechanische Herrenuhr\" \/>\n<meta property=\"og:description\" content=\"Diese elegante mechanische Herrenuhr verk\u00f6rpert die traditionellen Werte der Schweizer Uhrmacherkunst, sowohl im Inneren als auch im \u00c4u\u00dferen.\" \/>\n<meta property=\"og:url\" content=\"https:\/\/swissmilitarywatches.ch\/de\/shop\/swiss-military-sma34085-10-de\/\" \/>\n<meta property=\"og:site_name\" content=\"Swiss Military by Chrono\" \/>\n<meta property=\"article:publisher\" content=\"https:\/\/m.facebook.com\/swissmilitarybychronoofficial\/\" \/>\n<meta property=\"article:modified_time\" content=\"2025-11-23T22:00:49+00:00\" \/>\n<meta property=\"og:image\" content=\"https:\/\/swissmilitarywatches.ch\/wp-content\/uploads\/2021\/03\/SMA34085.10.png\" \/>\n\t<meta property=\"og:image:width\" content=\"1300\" \/>\n\t<meta property=\"og:image:height\" content=\"1642\" \/>\n\t<meta property=\"og:image:type\" content=\"image\/png\" \/>\n<meta name=\"twitter:card\" content=\"summary_large_image\" \/>\n<meta name=\"twitter:label1\" content=\"Preis\" \/>\n\t<meta name=\"twitter:data1\" content=\"&euro;729.00 inkl. MwSt.\" \/>\n\t<meta name=\"twitter:label2\" content=\"Verf\u00fcgbarkeit\" \/>\n\t<meta name=\"twitter:data2\" content=\"Auf Lager\" \/>\n<script type=\"application\/ld+json\" class=\"yoast-schema-graph\">{\"@context\":\"https:\/\/schema.org\",\"@graph\":[{\"@type\":\"WebPage\",\"@id\":\"https:\/\/swissmilitarywatches.ch\/de\/shop\/swiss-military-sma34085-10-de\/\",\"url\":\"https:\/\/swissmilitarywatches.ch\/de\/shop\/swiss-military-sma34085-10-de\/\",\"name\":\"Swiss Military SMA34085.10 - Elegante Mechanische Herrenuhr\",\"isPartOf\":{\"@id\":\"https:\/\/swissmilitarywatches.ch\/de\/#website\"},\"primaryImageOfPage\":{\"@id\":\"https:\/\/swissmilitarywatches.ch\/de\/shop\/swiss-military-sma34085-10-de\/#primaryimage\"},\"image\":{\"@id\":\"https:\/\/swissmilitarywatches.ch\/de\/shop\/swiss-military-sma34085-10-de\/#primaryimage\"},\"thumbnailUrl\":\"https:\/\/swissmilitarywatches.ch\/wp-content\/uploads\/2021\/03\/SMA34085.10.png\",\"datePublished\":\"2021-06-14T10:49:43+00:00\",\"dateModified\":\"2025-11-23T22:00:49+00:00\",\"description\":\"Diese elegante mechanische Herrenuhr verk\u00f6rpert die traditionellen Werte der Schweizer Uhrmacherkunst, sowohl im Inneren als auch im \u00c4u\u00dferen.\",\"breadcrumb\":{\"@id\":\"https:\/\/swissmilitarywatches.ch\/de\/shop\/swiss-military-sma34085-10-de\/#breadcrumb\"},\"inLanguage\":\"de\",\"potentialAction\":[{\"@type\":\"ReadAction\",\"target\":[\"https:\/\/swissmilitarywatches.ch\/de\/shop\/swiss-military-sma34085-10-de\/\"]}]},{\"@type\":\"ImageObject\",\"inLanguage\":\"de\",\"@id\":\"https:\/\/swissmilitarywatches.ch\/de\/shop\/swiss-military-sma34085-10-de\/#primaryimage\",\"url\":\"https:\/\/swissmilitarywatches.ch\/wp-content\/uploads\/2021\/03\/SMA34085.10.png\",\"contentUrl\":\"https:\/\/swissmilitarywatches.ch\/wp-content\/uploads\/2021\/03\/SMA34085.10.png\",\"width\":1300,\"height\":1642,\"caption\":\"Swiss Military SMA34085.10 - Elegante Mechanische Herrenuhr\"},{\"@type\":\"BreadcrumbList\",\"@id\":\"https:\/\/swissmilitarywatches.ch\/de\/shop\/swiss-military-sma34085-10-de\/#breadcrumb\",\"itemListElement\":[{\"@type\":\"ListItem\",\"position\":1,\"name\":\"Home\",\"item\":\"https:\/\/swissmilitarywatches.ch\/de\/home\/\"},{\"@type\":\"ListItem\",\"position\":2,\"name\":\"Shop\",\"item\":\"https:\/\/swissmilitarywatches.ch\/de\/shop\/\"},{\"@type\":\"ListItem\",\"position\":3,\"name\":\"Alle Uhren\",\"item\":\"https:\/\/swissmilitarywatches.ch\/de\/produkt-kategorie\/alle-uhren\/\"},{\"@type\":\"ListItem\",\"position\":4,\"name\":\"Herrenuhren\",\"item\":\"https:\/\/swissmilitarywatches.ch\/de\/produkt-kategorie\/alle-uhren\/herrenuhren\/\"},{\"@type\":\"ListItem\",\"position\":5,\"name\":\"Mechanische Uhren\",\"item\":\"https:\/\/swissmilitarywatches.ch\/de\/produkt-kategorie\/alle-uhren\/herrenuhren\/mechanische-uhren\/\"},{\"@type\":\"ListItem\",\"position\":6,\"name\":\"Swiss Military SMA34085.10 &#8211; Elegante Mechanische Herrenuhr\"}]},{\"@type\":\"WebSite\",\"@id\":\"https:\/\/swissmilitarywatches.ch\/de\/#website\",\"url\":\"https:\/\/swissmilitarywatches.ch\/de\/\",\"name\":\"Swiss Military by Chrono\",\"description\":\"Official Licensed Product of the Swiss Confederation\",\"publisher\":{\"@id\":\"https:\/\/swissmilitarywatches.ch\/de\/#organization\"},\"potentialAction\":[{\"@type\":\"SearchAction\",\"target\":{\"@type\":\"EntryPoint\",\"urlTemplate\":\"https:\/\/swissmilitarywatches.ch\/de\/?s={search_term_string}\"},\"query-input\":{\"@type\":\"PropertyValueSpecification\",\"valueRequired\":true,\"valueName\":\"search_term_string\"}}],\"inLanguage\":\"de\"},{\"@type\":\"Organization\",\"@id\":\"https:\/\/swissmilitarywatches.ch\/de\/#organization\",\"name\":\"Swiss Military by Chrono\",\"url\":\"https:\/\/swissmilitarywatches.ch\/de\/\",\"logo\":{\"@type\":\"ImageObject\",\"inLanguage\":\"de\",\"@id\":\"https:\/\/swissmilitarywatches.ch\/de\/#\/schema\/logo\/image\/\",\"url\":\"https:\/\/swissmilitarywatches.ch\/wp-content\/uploads\/2020\/04\/cropped-SM_logo_512x512px.jpg\",\"contentUrl\":\"https:\/\/swissmilitarywatches.ch\/wp-content\/uploads\/2020\/04\/cropped-SM_logo_512x512px.jpg\",\"width\":512,\"height\":512,\"caption\":\"Swiss Military by Chrono\"},\"image\":{\"@id\":\"https:\/\/swissmilitarywatches.ch\/de\/#\/schema\/logo\/image\/\"},\"sameAs\":[\"https:\/\/m.facebook.com\/swissmilitarybychronoofficial\/\",\"https:\/\/www.instagram.com\/swissmilitarybychrono\/\",\"https:\/\/www.pinterest.ch\/swissmilitarybychrono\/\"]}]}<\/script>\n<meta property=\"product:brand\" content=\"Swiss Military by Chrono\" \/>\n<meta property=\"product:price:amount\" content=\"729.00\" \/>\n<meta property=\"product:price:currency\" content=\"EUR\" \/>\n<meta property=\"og:availability\" content=\"instock\" \/>\n<meta property=\"product:availability\" content=\"instock\" \/>\n<meta property=\"product:retailer_item_id\" content=\"SMA34085.10\" \/>\n<meta property=\"product:condition\" content=\"new\" \/>\n<!-- \/ Yoast SEO Premium plugin. -->","yoast_head_json":{"title":"Swiss Military SMA34085.10 - Elegante Mechanische Herrenuhr","description":"Diese elegante mechanische Herrenuhr verk\u00f6rpert die traditionellen Werte der Schweizer Uhrmacherkunst, sowohl im Inneren als auch im \u00c4u\u00dferen.","robots":{"index":"index","follow":"follow","max-snippet":"max-snippet:-1","max-image-preview":"max-image-preview:large","max-video-preview":"max-video-preview:-1"},"canonical":"https:\/\/swissmilitarywatches.ch\/de\/shop\/swiss-military-sma34085-10-de\/","og_locale":"de_DE","og_type":"article","og_title":"Swiss Military SMA34085.10 - Elegante Mechanische Herrenuhr","og_description":"Diese elegante mechanische Herrenuhr verk\u00f6rpert die traditionellen Werte der Schweizer Uhrmacherkunst, sowohl im Inneren als auch im \u00c4u\u00dferen.","og_url":"https:\/\/swissmilitarywatches.ch\/de\/shop\/swiss-military-sma34085-10-de\/","og_site_name":"Swiss Military by Chrono","article_publisher":"https:\/\/m.facebook.com\/swissmilitarybychronoofficial\/","article_modified_time":"2025-11-23T22:00:49+00:00","og_image":[{"width":1300,"height":1642,"url":"https:\/\/swissmilitarywatches.ch\/wp-content\/uploads\/2021\/03\/SMA34085.10.png","type":"image\/png"}],"twitter_card":"summary_large_image","twitter_misc":{"Preis":"&euro;729.00 inkl. MwSt.","Verf\u00fcgbarkeit":"Auf Lager"},"schema":{"@context":"https:\/\/schema.org","@graph":[{"@type":"WebPage","@id":"https:\/\/swissmilitarywatches.ch\/de\/shop\/swiss-military-sma34085-10-de\/","url":"https:\/\/swissmilitarywatches.ch\/de\/shop\/swiss-military-sma34085-10-de\/","name":"Swiss Military SMA34085.10 - Elegante Mechanische Herrenuhr","isPartOf":{"@id":"https:\/\/swissmilitarywatches.ch\/de\/#website"},"primaryImageOfPage":{"@id":"https:\/\/swissmilitarywatches.ch\/de\/shop\/swiss-military-sma34085-10-de\/#primaryimage"},"image":{"@id":"https:\/\/swissmilitarywatches.ch\/de\/shop\/swiss-military-sma34085-10-de\/#primaryimage"},"thumbnailUrl":"https:\/\/swissmilitarywatches.ch\/wp-content\/uploads\/2021\/03\/SMA34085.10.png","datePublished":"2021-06-14T10:49:43+00:00","dateModified":"2025-11-23T22:00:49+00:00","description":"Diese elegante mechanische Herrenuhr verk\u00f6rpert die traditionellen Werte der Schweizer Uhrmacherkunst, sowohl im Inneren als auch im \u00c4u\u00dferen.","breadcrumb":{"@id":"https:\/\/swissmilitarywatches.ch\/de\/shop\/swiss-military-sma34085-10-de\/#breadcrumb"},"inLanguage":"de","potentialAction":[{"@type":"ReadAction","target":["https:\/\/swissmilitarywatches.ch\/de\/shop\/swiss-military-sma34085-10-de\/"]}]},{"@type":"ImageObject","inLanguage":"de","@id":"https:\/\/swissmilitarywatches.ch\/de\/shop\/swiss-military-sma34085-10-de\/#primaryimage","url":"https:\/\/swissmilitarywatches.ch\/wp-content\/uploads\/2021\/03\/SMA34085.10.png","contentUrl":"https:\/\/swissmilitarywatches.ch\/wp-content\/uploads\/2021\/03\/SMA34085.10.png","width":1300,"height":1642,"caption":"Swiss Military SMA34085.10 - Elegante Mechanische Herrenuhr"},{"@type":"BreadcrumbList","@id":"https:\/\/swissmilitarywatches.ch\/de\/shop\/swiss-military-sma34085-10-de\/#breadcrumb","itemListElement":[{"@type":"ListItem","position":1,"name":"Home","item":"https:\/\/swissmilitarywatches.ch\/de\/home\/"},{"@type":"ListItem","position":2,"name":"Shop","item":"https:\/\/swissmilitarywatches.ch\/de\/shop\/"},{"@type":"ListItem","position":3,"name":"Alle Uhren","item":"https:\/\/swissmilitarywatches.ch\/de\/produkt-kategorie\/alle-uhren\/"},{"@type":"ListItem","position":4,"name":"Herrenuhren","item":"https:\/\/swissmilitarywatches.ch\/de\/produkt-kategorie\/alle-uhren\/herrenuhren\/"},{"@type":"ListItem","position":5,"name":"Mechanische Uhren","item":"https:\/\/swissmilitarywatches.ch\/de\/produkt-kategorie\/alle-uhren\/herrenuhren\/mechanische-uhren\/"},{"@type":"ListItem","position":6,"name":"Swiss Military SMA34085.10 &#8211; Elegante Mechanische Herrenuhr"}]},{"@type":"WebSite","@id":"https:\/\/swissmilitarywatches.ch\/de\/#website","url":"https:\/\/swissmilitarywatches.ch\/de\/","name":"Swiss Military by Chrono","description":"Official Licensed Product of the Swiss Confederation","publisher":{"@id":"https:\/\/swissmilitarywatches.ch\/de\/#organization"},"potentialAction":[{"@type":"SearchAction","target":{"@type":"EntryPoint","urlTemplate":"https:\/\/swissmilitarywatches.ch\/de\/?s={search_term_string}"},"query-input":{"@type":"PropertyValueSpecification","valueRequired":true,"valueName":"search_term_string"}}],"inLanguage":"de"},{"@type":"Organization","@id":"https:\/\/swissmilitarywatches.ch\/de\/#organization","name":"Swiss Military by Chrono","url":"https:\/\/swissmilitarywatches.ch\/de\/","logo":{"@type":"ImageObject","inLanguage":"de","@id":"https:\/\/swissmilitarywatches.ch\/de\/#\/schema\/logo\/image\/","url":"https:\/\/swissmilitarywatches.ch\/wp-content\/uploads\/2020\/04\/cropped-SM_logo_512x512px.jpg","contentUrl":"https:\/\/swissmilitarywatches.ch\/wp-content\/uploads\/2020\/04\/cropped-SM_logo_512x512px.jpg","width":512,"height":512,"caption":"Swiss Military by Chrono"},"image":{"@id":"https:\/\/swissmilitarywatches.ch\/de\/#\/schema\/logo\/image\/"},"sameAs":["https:\/\/m.facebook.com\/swissmilitarybychronoofficial\/","https:\/\/www.instagram.com\/swissmilitarybychrono\/","https:\/\/www.pinterest.ch\/swissmilitarybychrono\/"]}]},"product_brand":"Swiss Military by Chrono","product_price_amount":"729.00","product_price_currency":"EUR","og_availability":"instock","product_availability":"instock","product_retailer_item_id":"SMA34085.10","product_condition":"new"},"jetpack_sharing_enabled":true,"_links":{"self":[{"href":"https:\/\/swissmilitarywatches.ch\/de\/wp-json\/wp\/v2\/product\/7457","targetHints":{"allow":["GET"]}}],"collection":[{"href":"https:\/\/swissmilitarywatches.ch\/de\/wp-json\/wp\/v2\/product"}],"about":[{"href":"https:\/\/swissmilitarywatches.ch\/de\/wp-json\/wp\/v2\/types\/product"}],"replies":[{"embeddable":true,"href":"https:\/\/swissmilitarywatches.ch\/de\/wp-json\/wp\/v2\/comments?post=7457"}],"wp:featuredmedia":[{"embeddable":true,"href":"https:\/\/swissmilitarywatches.ch\/de\/wp-json\/wp\/v2\/media\/7458"}],"wp:attachment":[{"href":"https:\/\/swissmilitarywatches.ch\/de\/wp-json\/wp\/v2\/media?parent=7457"}],"wp:term":[{"taxonomy":"product_brand","embeddable":true,"href":"https:\/\/swissmilitarywatches.ch\/de\/wp-json\/wp\/v2\/product_brand?post=7457"},{"taxonomy":"product_cat","embeddable":true,"href":"https:\/\/swissmilitarywatches.ch\/de\/wp-json\/wp\/v2\/product_cat?post=7457"},{"taxonomy":"product_tag","embeddable":true,"href":"https:\/\/swissmilitarywatches.ch\/de\/wp-json\/wp\/v2\/product_tag?post=7457"}],"curies":[{"name":"wp","href":"https:\/\/api.w.org\/{rel}","templated":true}]}}