{"id":7410,"date":"2020-04-14T09:37:46","date_gmt":"2020-04-14T07:37:46","guid":{"rendered":"https:\/\/swissmilitarywatches.ch\/product\/swiss-military-sma34075-01-swiss-made-mechanische-taucheruhr-500m\/"},"modified":"2025-11-24T00:00:43","modified_gmt":"2025-11-23T22:00:43","slug":"swiss-military-sma34075-01-de","status":"publish","type":"product","link":"https:\/\/swissmilitarywatches.ch\/de\/shop\/swiss-military-sma34075-01-de\/","title":{"rendered":"Swiss Military SMA34075.01 &#8211; Swiss Made Mechanische Taucheruhr 500M"},"content":{"rendered":"<p>Diese robuste Profi-Taucheruhr ist der perfekte Begleiter f\u00fcr Ihre Abenteuer an Land und im Wasser. Diese beeindruckende Swiss Made-Herrenuhr eignet sich nicht nur perfekt f\u00fcr Ihre Outdoor-Aktivit\u00e4ten, sie ist auch ein zuverl\u00e4ssiger Partner f\u00fcr den Alltag. Egal ob casual, sportlich oder elegant, diese hochwertige mechanische Uhr mit klassischem Taucheruhren-Design \u00fcberzeugt immer.<\/p>\n<p>Dar\u00fcber hinaus ist dieser Zeitmesser vollgepackt mit hochwertigen Funktionen, die f\u00fcr eine wirklich robuste Sportuhr erforderlich sind. Das Geh\u00e4use und das Band dieser Outdoor-Uhr sind aus robustem Edelstahl gefertigt und sind mit einer kratzfesten drehbaren Keramikl\u00fcnette kombiniert. Ein kratzfestes Saphirglas sch\u00fctzt das klassisch schwarze Zifferblatt. Die gut lesbaren Zeiger und Stundenmarkierungen leuchten im Dunkeln. Am wichtigsten ist aber, dass diese professionelle Taucheruhr bis zu 500M\/50ATM wasserdicht ist. Um die Funktionsf\u00e4higkeit in diesen gro\u00dfen Tiefen zu gew\u00e4hrleisten, fungiert ein Heliumablassventil an der Seite des Uhrengeh\u00e4uses als Druckkompensator.<\/p>\n<p>Dieser Zeitmesser wird von einem mechanischen Swiss Made-Uhrwerk von Ronda oder Sellita angetrieben und in unserem <a href=\"https:\/\/swissmilitarywatches.ch\/de\/die-marke\/#brand-swiss-made\">hauseigenen Uhrmacheratelier<\/a> von Hand montiert. Als Versprechen unserer Swiss-Military-Swiss-Made-Qualit\u00e4t gilt f\u00fcr diese Uhr eine <a href=\"https:\/\/swissmilitarywatches.ch\/de\/garantie\/\">internationale Garantie von 5 Jahren<\/a>.<\/p>\n<p>&nbsp;<\/p>\n","protected":false},"excerpt":{"rendered":"<p><strong>Sind Sie auf der Suche nach der perfekten Outdoor-Uhr?<\/strong><\/p>\n<p>Diese robuste Profi-Taucheruhr ist der perfekte Begleiter f\u00fcr Ihre Abenteuer an Land und im Wasser. Doch diese beeindruckende Swiss Made-Herrenuhr eignet sich nicht nur perfekt f\u00fcr Ihre Outdoor-Aktivit\u00e4ten, sie ist auch ein zuverl\u00e4ssiger Partner f\u00fcr den Alltag. Egal ob casual, sportlich oder elegant, diese hochwertige mechanische Uhr mit klassischem Taucheruhren-Design \u00fcberzeugt immer. Dar\u00fcber hinaus ist dieser Zeitmesser vollgepackt mit hochwertigen Funktionen, die zu einer wirklich robusten Swiss Made-Sportuhr passen:<\/p>\n<ul>\n<li>Swiss Made Produktion in hauseigenem Uhrmacheratelier<\/li>\n<li>Robustes Geh\u00e4use aus Edelstahl<\/li>\n<li>Keramiklunette<\/li>\n<li>Kratzfestes Saphirglas<\/li>\n<li>Wasserdicht bis 500M\/50ATM<\/li>\n<li>Verschraubte Krone<\/li>\n<li>Heliumventil<\/li>\n<li>Mechanische Swiss-Made-Uhrwerk<\/li>\n<li>5 Jahre internationale Garantie<\/li>\n<\/ul>\n","protected":false},"featured_media":5612,"comment_status":"open","ping_status":"closed","template":"","meta":[],"product_brand":[],"product_cat":[3067,1604,1607,1605,2131,1657],"product_tag":[],"class_list":{"0":"post-7410","1":"product","2":"type-product","3":"status-publish","4":"has-post-thumbnail","6":"product_cat-outdoor-uhren","7":"product_cat-alle-uhren","8":"product_cat-herrenuhren","9":"product_cat-mechanische-uhren","10":"product_cat-uhren-mit-sonderfunktion","11":"product_cat-sma34075-de","12":"product_shipping_class-flexible-shipping-de","14":"first","15":"instock","16":"taxable","17":"shipping-taxable","18":"purchasable","19":"product-type-simple"},"yoast_head":"<!-- This site is optimized with the Yoast SEO Premium plugin v26.6 (Yoast SEO v26.6) - https:\/\/yoast.com\/wordpress\/plugins\/seo\/ -->\n<title>Swiss Military SMA34075.01 - Swiss Made Mechanische Taucheruhr 500M<\/title>\n<meta name=\"description\" content=\"Diese robuste Profi-Taucheruhr ist der perfekte Begleiter f\u00fcr Ihre Outdoor-Abenteuer. 500 Meter Wasserdichte, Mechanikwerk, Saphirglas!\" \/>\n<meta name=\"robots\" content=\"index, follow, max-snippet:-1, max-image-preview:large, max-video-preview:-1\" \/>\n<link rel=\"canonical\" href=\"https:\/\/swissmilitarywatches.ch\/de\/shop\/swiss-military-sma34075-01-de\/\" \/>\n<meta property=\"og:locale\" content=\"de_DE\" \/>\n<meta property=\"og:type\" content=\"article\" \/>\n<meta property=\"og:title\" content=\"Swiss Military SMA34075.01 - Swiss Made Mechanische Taucheruhr 500M\" \/>\n<meta property=\"og:description\" content=\"Diese robuste Profi-Taucheruhr ist der perfekte Begleiter f\u00fcr Ihre Outdoor-Abenteuer. 500 Meter Wasserdichte, Mechanikwerk, Saphirglas!\" \/>\n<meta property=\"og:url\" content=\"https:\/\/swissmilitarywatches.ch\/de\/shop\/swiss-military-sma34075-01-de\/\" \/>\n<meta property=\"og:site_name\" content=\"Swiss Military by Chrono\" \/>\n<meta property=\"article:publisher\" content=\"https:\/\/m.facebook.com\/swissmilitarybychronoofficial\/\" \/>\n<meta property=\"article:modified_time\" content=\"2025-11-23T22:00:43+00:00\" \/>\n<meta property=\"og:image\" content=\"https:\/\/swissmilitarywatches.ch\/wp-content\/uploads\/2020\/05\/SMA34075.01.png\" \/>\n\t<meta property=\"og:image:width\" content=\"1300\" \/>\n\t<meta property=\"og:image:height\" content=\"1642\" \/>\n\t<meta property=\"og:image:type\" content=\"image\/png\" \/>\n<meta name=\"twitter:card\" content=\"summary_large_image\" \/>\n<meta name=\"twitter:label1\" content=\"Preis\" \/>\n\t<meta name=\"twitter:data1\" content=\"&euro;949.00 inkl. MwSt.\" \/>\n\t<meta name=\"twitter:label2\" content=\"Verf\u00fcgbarkeit\" \/>\n\t<meta name=\"twitter:data2\" content=\"Auf Lager\" \/>\n<script type=\"application\/ld+json\" class=\"yoast-schema-graph\">{\"@context\":\"https:\/\/schema.org\",\"@graph\":[{\"@type\":\"WebPage\",\"@id\":\"https:\/\/swissmilitarywatches.ch\/de\/shop\/swiss-military-sma34075-01-de\/\",\"url\":\"https:\/\/swissmilitarywatches.ch\/de\/shop\/swiss-military-sma34075-01-de\/\",\"name\":\"Swiss Military SMA34075.01 - Swiss Made Mechanische Taucheruhr 500M\",\"isPartOf\":{\"@id\":\"https:\/\/swissmilitarywatches.ch\/de\/#website\"},\"primaryImageOfPage\":{\"@id\":\"https:\/\/swissmilitarywatches.ch\/de\/shop\/swiss-military-sma34075-01-de\/#primaryimage\"},\"image\":{\"@id\":\"https:\/\/swissmilitarywatches.ch\/de\/shop\/swiss-military-sma34075-01-de\/#primaryimage\"},\"thumbnailUrl\":\"https:\/\/swissmilitarywatches.ch\/wp-content\/uploads\/2020\/05\/SMA34075.01.png\",\"datePublished\":\"2020-04-14T07:37:46+00:00\",\"dateModified\":\"2025-11-23T22:00:43+00:00\",\"description\":\"Diese robuste Profi-Taucheruhr ist der perfekte Begleiter f\u00fcr Ihre Outdoor-Abenteuer. 500 Meter Wasserdichte, Mechanikwerk, Saphirglas!\",\"breadcrumb\":{\"@id\":\"https:\/\/swissmilitarywatches.ch\/de\/shop\/swiss-military-sma34075-01-de\/#breadcrumb\"},\"inLanguage\":\"de\",\"potentialAction\":[{\"@type\":\"ReadAction\",\"target\":[\"https:\/\/swissmilitarywatches.ch\/de\/shop\/swiss-military-sma34075-01-de\/\"]}]},{\"@type\":\"ImageObject\",\"inLanguage\":\"de\",\"@id\":\"https:\/\/swissmilitarywatches.ch\/de\/shop\/swiss-military-sma34075-01-de\/#primaryimage\",\"url\":\"https:\/\/swissmilitarywatches.ch\/wp-content\/uploads\/2020\/05\/SMA34075.01.png\",\"contentUrl\":\"https:\/\/swissmilitarywatches.ch\/wp-content\/uploads\/2020\/05\/SMA34075.01.png\",\"width\":1300,\"height\":1642,\"caption\":\"Swiss Military SMA34075.01 - Swiss Made Mechanische Taucheruhr 500M\"},{\"@type\":\"BreadcrumbList\",\"@id\":\"https:\/\/swissmilitarywatches.ch\/de\/shop\/swiss-military-sma34075-01-de\/#breadcrumb\",\"itemListElement\":[{\"@type\":\"ListItem\",\"position\":1,\"name\":\"Home\",\"item\":\"https:\/\/swissmilitarywatches.ch\/de\/home\/\"},{\"@type\":\"ListItem\",\"position\":2,\"name\":\"Shop\",\"item\":\"https:\/\/swissmilitarywatches.ch\/de\/shop\/\"},{\"@type\":\"ListItem\",\"position\":3,\"name\":\"Alle Uhren\",\"item\":\"https:\/\/swissmilitarywatches.ch\/de\/produkt-kategorie\/alle-uhren\/\"},{\"@type\":\"ListItem\",\"position\":4,\"name\":\"Herrenuhren\",\"item\":\"https:\/\/swissmilitarywatches.ch\/de\/produkt-kategorie\/alle-uhren\/herrenuhren\/\"},{\"@type\":\"ListItem\",\"position\":5,\"name\":\"Mechanische Uhren\",\"item\":\"https:\/\/swissmilitarywatches.ch\/de\/produkt-kategorie\/alle-uhren\/herrenuhren\/mechanische-uhren\/\"},{\"@type\":\"ListItem\",\"position\":6,\"name\":\"Swiss Military SMA34075.01 &#8211; Swiss Made Mechanische Taucheruhr 500M\"}]},{\"@type\":\"WebSite\",\"@id\":\"https:\/\/swissmilitarywatches.ch\/de\/#website\",\"url\":\"https:\/\/swissmilitarywatches.ch\/de\/\",\"name\":\"Swiss Military by Chrono\",\"description\":\"Official Licensed Product of the Swiss Confederation\",\"publisher\":{\"@id\":\"https:\/\/swissmilitarywatches.ch\/de\/#organization\"},\"potentialAction\":[{\"@type\":\"SearchAction\",\"target\":{\"@type\":\"EntryPoint\",\"urlTemplate\":\"https:\/\/swissmilitarywatches.ch\/de\/?s={search_term_string}\"},\"query-input\":{\"@type\":\"PropertyValueSpecification\",\"valueRequired\":true,\"valueName\":\"search_term_string\"}}],\"inLanguage\":\"de\"},{\"@type\":\"Organization\",\"@id\":\"https:\/\/swissmilitarywatches.ch\/de\/#organization\",\"name\":\"Swiss Military by Chrono\",\"url\":\"https:\/\/swissmilitarywatches.ch\/de\/\",\"logo\":{\"@type\":\"ImageObject\",\"inLanguage\":\"de\",\"@id\":\"https:\/\/swissmilitarywatches.ch\/de\/#\/schema\/logo\/image\/\",\"url\":\"https:\/\/swissmilitarywatches.ch\/wp-content\/uploads\/2020\/04\/cropped-SM_logo_512x512px.jpg\",\"contentUrl\":\"https:\/\/swissmilitarywatches.ch\/wp-content\/uploads\/2020\/04\/cropped-SM_logo_512x512px.jpg\",\"width\":512,\"height\":512,\"caption\":\"Swiss Military by Chrono\"},\"image\":{\"@id\":\"https:\/\/swissmilitarywatches.ch\/de\/#\/schema\/logo\/image\/\"},\"sameAs\":[\"https:\/\/m.facebook.com\/swissmilitarybychronoofficial\/\",\"https:\/\/www.instagram.com\/swissmilitarybychrono\/\",\"https:\/\/www.pinterest.ch\/swissmilitarybychrono\/\"]}]}<\/script>\n<meta property=\"product:brand\" content=\"Swiss Military by Chrono\" \/>\n<meta property=\"product:price:amount\" content=\"949.00\" \/>\n<meta property=\"product:price:currency\" content=\"EUR\" \/>\n<meta property=\"og:availability\" content=\"instock\" \/>\n<meta property=\"product:availability\" content=\"instock\" \/>\n<meta property=\"product:retailer_item_id\" content=\"SMA34075.01\" \/>\n<meta property=\"product:condition\" content=\"new\" \/>\n<!-- \/ Yoast SEO Premium plugin. -->","yoast_head_json":{"title":"Swiss Military SMA34075.01 - Swiss Made Mechanische Taucheruhr 500M","description":"Diese robuste Profi-Taucheruhr ist der perfekte Begleiter f\u00fcr Ihre Outdoor-Abenteuer. 500 Meter Wasserdichte, Mechanikwerk, Saphirglas!","robots":{"index":"index","follow":"follow","max-snippet":"max-snippet:-1","max-image-preview":"max-image-preview:large","max-video-preview":"max-video-preview:-1"},"canonical":"https:\/\/swissmilitarywatches.ch\/de\/shop\/swiss-military-sma34075-01-de\/","og_locale":"de_DE","og_type":"article","og_title":"Swiss Military SMA34075.01 - Swiss Made Mechanische Taucheruhr 500M","og_description":"Diese robuste Profi-Taucheruhr ist der perfekte Begleiter f\u00fcr Ihre Outdoor-Abenteuer. 500 Meter Wasserdichte, Mechanikwerk, Saphirglas!","og_url":"https:\/\/swissmilitarywatches.ch\/de\/shop\/swiss-military-sma34075-01-de\/","og_site_name":"Swiss Military by Chrono","article_publisher":"https:\/\/m.facebook.com\/swissmilitarybychronoofficial\/","article_modified_time":"2025-11-23T22:00:43+00:00","og_image":[{"width":1300,"height":1642,"url":"https:\/\/swissmilitarywatches.ch\/wp-content\/uploads\/2020\/05\/SMA34075.01.png","type":"image\/png"}],"twitter_card":"summary_large_image","twitter_misc":{"Preis":"&euro;949.00 inkl. MwSt.","Verf\u00fcgbarkeit":"Auf Lager"},"schema":{"@context":"https:\/\/schema.org","@graph":[{"@type":"WebPage","@id":"https:\/\/swissmilitarywatches.ch\/de\/shop\/swiss-military-sma34075-01-de\/","url":"https:\/\/swissmilitarywatches.ch\/de\/shop\/swiss-military-sma34075-01-de\/","name":"Swiss Military SMA34075.01 - Swiss Made Mechanische Taucheruhr 500M","isPartOf":{"@id":"https:\/\/swissmilitarywatches.ch\/de\/#website"},"primaryImageOfPage":{"@id":"https:\/\/swissmilitarywatches.ch\/de\/shop\/swiss-military-sma34075-01-de\/#primaryimage"},"image":{"@id":"https:\/\/swissmilitarywatches.ch\/de\/shop\/swiss-military-sma34075-01-de\/#primaryimage"},"thumbnailUrl":"https:\/\/swissmilitarywatches.ch\/wp-content\/uploads\/2020\/05\/SMA34075.01.png","datePublished":"2020-04-14T07:37:46+00:00","dateModified":"2025-11-23T22:00:43+00:00","description":"Diese robuste Profi-Taucheruhr ist der perfekte Begleiter f\u00fcr Ihre Outdoor-Abenteuer. 500 Meter Wasserdichte, Mechanikwerk, Saphirglas!","breadcrumb":{"@id":"https:\/\/swissmilitarywatches.ch\/de\/shop\/swiss-military-sma34075-01-de\/#breadcrumb"},"inLanguage":"de","potentialAction":[{"@type":"ReadAction","target":["https:\/\/swissmilitarywatches.ch\/de\/shop\/swiss-military-sma34075-01-de\/"]}]},{"@type":"ImageObject","inLanguage":"de","@id":"https:\/\/swissmilitarywatches.ch\/de\/shop\/swiss-military-sma34075-01-de\/#primaryimage","url":"https:\/\/swissmilitarywatches.ch\/wp-content\/uploads\/2020\/05\/SMA34075.01.png","contentUrl":"https:\/\/swissmilitarywatches.ch\/wp-content\/uploads\/2020\/05\/SMA34075.01.png","width":1300,"height":1642,"caption":"Swiss Military SMA34075.01 - Swiss Made Mechanische Taucheruhr 500M"},{"@type":"BreadcrumbList","@id":"https:\/\/swissmilitarywatches.ch\/de\/shop\/swiss-military-sma34075-01-de\/#breadcrumb","itemListElement":[{"@type":"ListItem","position":1,"name":"Home","item":"https:\/\/swissmilitarywatches.ch\/de\/home\/"},{"@type":"ListItem","position":2,"name":"Shop","item":"https:\/\/swissmilitarywatches.ch\/de\/shop\/"},{"@type":"ListItem","position":3,"name":"Alle Uhren","item":"https:\/\/swissmilitarywatches.ch\/de\/produkt-kategorie\/alle-uhren\/"},{"@type":"ListItem","position":4,"name":"Herrenuhren","item":"https:\/\/swissmilitarywatches.ch\/de\/produkt-kategorie\/alle-uhren\/herrenuhren\/"},{"@type":"ListItem","position":5,"name":"Mechanische Uhren","item":"https:\/\/swissmilitarywatches.ch\/de\/produkt-kategorie\/alle-uhren\/herrenuhren\/mechanische-uhren\/"},{"@type":"ListItem","position":6,"name":"Swiss Military SMA34075.01 &#8211; Swiss Made Mechanische Taucheruhr 500M"}]},{"@type":"WebSite","@id":"https:\/\/swissmilitarywatches.ch\/de\/#website","url":"https:\/\/swissmilitarywatches.ch\/de\/","name":"Swiss Military by Chrono","description":"Official Licensed Product of the Swiss Confederation","publisher":{"@id":"https:\/\/swissmilitarywatches.ch\/de\/#organization"},"potentialAction":[{"@type":"SearchAction","target":{"@type":"EntryPoint","urlTemplate":"https:\/\/swissmilitarywatches.ch\/de\/?s={search_term_string}"},"query-input":{"@type":"PropertyValueSpecification","valueRequired":true,"valueName":"search_term_string"}}],"inLanguage":"de"},{"@type":"Organization","@id":"https:\/\/swissmilitarywatches.ch\/de\/#organization","name":"Swiss Military by Chrono","url":"https:\/\/swissmilitarywatches.ch\/de\/","logo":{"@type":"ImageObject","inLanguage":"de","@id":"https:\/\/swissmilitarywatches.ch\/de\/#\/schema\/logo\/image\/","url":"https:\/\/swissmilitarywatches.ch\/wp-content\/uploads\/2020\/04\/cropped-SM_logo_512x512px.jpg","contentUrl":"https:\/\/swissmilitarywatches.ch\/wp-content\/uploads\/2020\/04\/cropped-SM_logo_512x512px.jpg","width":512,"height":512,"caption":"Swiss Military by Chrono"},"image":{"@id":"https:\/\/swissmilitarywatches.ch\/de\/#\/schema\/logo\/image\/"},"sameAs":["https:\/\/m.facebook.com\/swissmilitarybychronoofficial\/","https:\/\/www.instagram.com\/swissmilitarybychrono\/","https:\/\/www.pinterest.ch\/swissmilitarybychrono\/"]}]},"product_brand":"Swiss Military by Chrono","product_price_amount":"949.00","product_price_currency":"EUR","og_availability":"instock","product_availability":"instock","product_retailer_item_id":"SMA34075.01","product_condition":"new"},"jetpack_sharing_enabled":true,"_links":{"self":[{"href":"https:\/\/swissmilitarywatches.ch\/de\/wp-json\/wp\/v2\/product\/7410","targetHints":{"allow":["GET"]}}],"collection":[{"href":"https:\/\/swissmilitarywatches.ch\/de\/wp-json\/wp\/v2\/product"}],"about":[{"href":"https:\/\/swissmilitarywatches.ch\/de\/wp-json\/wp\/v2\/types\/product"}],"replies":[{"embeddable":true,"href":"https:\/\/swissmilitarywatches.ch\/de\/wp-json\/wp\/v2\/comments?post=7410"}],"wp:featuredmedia":[{"embeddable":true,"href":"https:\/\/swissmilitarywatches.ch\/de\/wp-json\/wp\/v2\/media\/5612"}],"wp:attachment":[{"href":"https:\/\/swissmilitarywatches.ch\/de\/wp-json\/wp\/v2\/media?parent=7410"}],"wp:term":[{"taxonomy":"product_brand","embeddable":true,"href":"https:\/\/swissmilitarywatches.ch\/de\/wp-json\/wp\/v2\/product_brand?post=7410"},{"taxonomy":"product_cat","embeddable":true,"href":"https:\/\/swissmilitarywatches.ch\/de\/wp-json\/wp\/v2\/product_cat?post=7410"},{"taxonomy":"product_tag","embeddable":true,"href":"https:\/\/swissmilitarywatches.ch\/de\/wp-json\/wp\/v2\/product_tag?post=7410"}],"curies":[{"name":"wp","href":"https:\/\/api.w.org\/{rel}","templated":true}]}}