{"id":24762,"date":"2026-02-02T12:47:39","date_gmt":"2026-02-02T10:47:39","guid":{"rendered":"https:\/\/swissmilitarywatches.ch\/shop\/swiss-military-classic-herrenuhr-silber-gold-stahl-sm34116-06\/"},"modified":"2026-02-16T15:02:05","modified_gmt":"2026-02-16T13:02:05","slug":"swiss-military-classic-herrenuhr-silber-gold-stahl-sm34116-06","status":"publish","type":"product","link":"https:\/\/swissmilitarywatches.ch\/de\/shop\/swiss-military-classic-herrenuhr-silber-gold-stahl-sm34116-06\/","title":{"rendered":"Swiss Military Classic Herrenuhr &#8211; Silber, Gold Stahl | SM34116.06"},"content":{"rendered":"<h2>Swiss Military Classic Herrenuhr &#8211; Gold Pr\u00e4zision und raffinierte St\u00e4rke<\/h2>\n<p>&nbsp;<\/p>\n<div>\n<p id=\"message\">Die <strong>Swiss Military Classic Herrenuhr &#8211; SM34116.06<\/strong> verbindet zeitloses Design mit einem Hauch von Luxus. Das strahlend <strong>silberne Zifferblatt mit Sonnenschliff<\/strong> wird durch <strong>goldfarbene Zeiger und Indexe<\/strong> erg\u00e4nzt, die einen perfekten Kontrast und eine tadellose Ablesbarkeit bieten. Die <strong>Tag\/Datum-Funktion<\/strong> macht die Uhr alltagstauglich und sorgt gleichzeitig f\u00fcr einen klaren, ausgewogenen Stil.  <\/p>\n<\/div>\n<div><\/div>\n<div>\n<p id=\"message\">Da das <strong>Geh\u00e4use aus goldfarbenem PVD-beschichtetem Edelstahl<\/strong> gefertigt und durch ein <strong>Saphirglas<\/strong> gesch\u00fctzt ist, ist sie kratzfest und beh\u00e4lt ihren edlen Glanz \u00fcber die Zeit. Ihre <strong>100-Meter-Wasserdichtigkeit<\/strong> garantiert Zuverl\u00e4ssigkeit im Beruf und in der Freizeit. <\/p>\n<\/div>\n<div><\/div>\n<div>\n<p id=\"message\">Das <strong>Schweizer Ronda 517 Quarzwerk<\/strong> ist das Herzst\u00fcck der Uhr und garantiert eine pr\u00e4zise Zeitmessung. Das <strong>schwarze Lederarmband<\/strong> sorgt f\u00fcr einen eleganten, bequemen Sitz und macht diese Uhr ideal f\u00fcr formelle Anl\u00e4sse oder f\u00fcr das t\u00e4gliche Tragen. So verk\u00f6rpert die SM34116.06 die f\u00fcr Swiss Military typische Balance aus St\u00e4rke, Pr\u00e4zision und edlem Design.  <\/p>\n<h3><div class=\"is-divider divider clearfix\" style=\"max-width:small;\"><\/div><\/h3>\n<\/div>\n<div>\n<div>\n<h3 style=\"font-size: 20.16px;\"><strong>Hauptmerkmale<\/strong><\/h3>\n<\/div>\n<div>\n<ul>\n<li>Schweizer Quarzwerk Ronda 517 f\u00fcr pr\u00e4zise Genauigkeit<\/li>\n<li>Silbernes Sonnenschliff-Zifferblatt mit goldfarbenen Zeigern und Indizes<\/li>\n<li>Kratzfestes Saphirglas f\u00fcr Langlebigkeit<\/li>\n<li>Gold PVD-beschichtetes Geh\u00e4use aus Edelstahl<\/li>\n<li>Echtes schwarzes Lederband f\u00fcr Komfort und Eleganz<\/li>\n<li>Tag &amp; Datum Funktion f\u00fcr die t\u00e4gliche Praxis<\/li>\n<li>100M \/ 10 ATM Wasserdichtigkeit<\/li>\n<li>Swiss Made mit 5 Jahren internationaler Garantie<\/li>\n<\/ul>\n<\/div>\n<\/div>\n<div>\n<h3><div class=\"is-divider divider clearfix\" style=\"max-width:small;\"><\/div><\/h3>\n<p id=\"message\"><strong>Von der Schweizerischen Eidgenossenschaft lizenziert, in der Schweiz handmontiert und durch eine 5-j\u00e4hrige internationale Garantie gesch\u00fctzt.<\/strong><\/p>\n<div class=\"row hide-for-small\"  id=\"row-1644070178\">\n\n\n\t<div id=\"col-1640659767\" class=\"col small-12 large-12\"  >\n\t\t\t\t<div class=\"col-inner\"  >\n\t\t\t\n\t\t\t\n\n\t<div class=\"img has-hover x md-x lg-x y md-y lg-y\" id=\"image_583130280\">\n\t\t\t\t\t\t\t\t<div class=\"img-inner dark\" >\n\t\t\t<img decoding=\"async\" width=\"2560\" height=\"1280\" src=\"https:\/\/swissmilitarywatches.ch\/wp-content\/uploads\/2026\/01\/UX-Block-Images-DESKTOP-LTD-Edition-scaled.jpg\" class=\"attachment-large size-large\" alt=\"Swiss watchmaker assembling a watch movement \u2013 hand\u2011crafted Swiss Military by Chrono timepiece made in Switzerland.\" srcset=\"https:\/\/swissmilitarywatches.ch\/wp-content\/uploads\/2026\/01\/UX-Block-Images-DESKTOP-LTD-Edition-scaled.jpg 2560w, https:\/\/swissmilitarywatches.ch\/wp-content\/uploads\/2026\/01\/UX-Block-Images-DESKTOP-LTD-Edition-768x384.jpg 768w, https:\/\/swissmilitarywatches.ch\/wp-content\/uploads\/2026\/01\/UX-Block-Images-DESKTOP-LTD-Edition-1536x768.jpg 1536w, https:\/\/swissmilitarywatches.ch\/wp-content\/uploads\/2026\/01\/UX-Block-Images-DESKTOP-LTD-Edition-2048x1024.jpg 2048w, https:\/\/swissmilitarywatches.ch\/wp-content\/uploads\/2026\/01\/UX-Block-Images-DESKTOP-LTD-Edition-600x300.jpg 600w\" sizes=\"(max-width: 2560px) 100vw, 2560px\" \/>\t\t\t\t\t\t\n\t\t\t\t\t<\/div>\n\t\t\t\t\t\t\t\t\n<style>\n#image_583130280 {\n  width: 100%;\n}\n<\/style>\n\t<\/div>\n\t\n\n\n\t\t<\/div>\n\t\t\t\t\t<\/div>\n\n\t\n\n\t<div id=\"col-524666444\" class=\"col small-12 large-12\"  >\n\t\t\t\t<div class=\"col-inner\"  >\n\t\t\t\n\t\t\t\n\n\t<div class=\"img has-hover x md-x lg-x y md-y lg-y\" id=\"image_1941691640\">\n\t\t\t\t\t\t\t\t<div class=\"img-inner dark\" >\n\t\t\t<img decoding=\"async\" width=\"2560\" height=\"640\" src=\"https:\/\/swissmilitarywatches.ch\/wp-content\/uploads\/2026\/01\/Trust-Desktop-ALL-scaled.jpg\" class=\"attachment-large size-large\" alt=\"Swiss Military by Chrono official license and 5\u2011year international warranty badge \u2013 authentic Swiss Made watch quality guaranteed.\" srcset=\"https:\/\/swissmilitarywatches.ch\/wp-content\/uploads\/2026\/01\/Trust-Desktop-ALL-scaled.jpg 2560w, https:\/\/swissmilitarywatches.ch\/wp-content\/uploads\/2026\/01\/Trust-Desktop-ALL-768x192.jpg 768w, https:\/\/swissmilitarywatches.ch\/wp-content\/uploads\/2026\/01\/Trust-Desktop-ALL-1536x384.jpg 1536w, https:\/\/swissmilitarywatches.ch\/wp-content\/uploads\/2026\/01\/Trust-Desktop-ALL-2048x512.jpg 2048w, https:\/\/swissmilitarywatches.ch\/wp-content\/uploads\/2026\/01\/Trust-Desktop-ALL-600x150.jpg 600w\" sizes=\"(max-width: 2560px) 100vw, 2560px\" \/>\t\t\t\t\t\t\n\t\t\t\t\t<\/div>\n\t\t\t\t\t\t\t\t\n<style>\n#image_1941691640 {\n  width: 100%;\n}\n<\/style>\n\t<\/div>\n\t\n\n\n\t\t<\/div>\n\t\t\t\t\t<\/div>\n\n\t\n\n<\/div>\n<div class=\"row show-for-small\"  id=\"row-264167946\">\n\n\n\t<div id=\"col-849644526\" class=\"col small-12 large-12\"  >\n\t\t\t\t<div class=\"col-inner\"  >\n\t\t\t\n\t\t\t\n\n\t<div class=\"img has-hover x md-x lg-x y md-y lg-y\" id=\"image_542001568\">\n\t\t\t\t\t\t\t\t<div class=\"img-inner dark\" >\n\t\t\t<img decoding=\"async\" width=\"2560\" height=\"2560\" src=\"https:\/\/swissmilitarywatches.ch\/wp-content\/uploads\/2026\/01\/UX-Block-Images-MOBILE-LTD-Edtion-scaled.jpg\" class=\"attachment-large size-large\" alt=\"Swiss Military by Chrono watchmaker assembling a watch movement \u2013 hand\u2011crafted Swiss Military timepiece made in Switzerland\" srcset=\"https:\/\/swissmilitarywatches.ch\/wp-content\/uploads\/2026\/01\/UX-Block-Images-MOBILE-LTD-Edtion-scaled.jpg 2560w, https:\/\/swissmilitarywatches.ch\/wp-content\/uploads\/2026\/01\/UX-Block-Images-MOBILE-LTD-Edtion-768x768.jpg 768w, https:\/\/swissmilitarywatches.ch\/wp-content\/uploads\/2026\/01\/UX-Block-Images-MOBILE-LTD-Edtion-1536x1536.jpg 1536w, https:\/\/swissmilitarywatches.ch\/wp-content\/uploads\/2026\/01\/UX-Block-Images-MOBILE-LTD-Edtion-2048x2048.jpg 2048w, https:\/\/swissmilitarywatches.ch\/wp-content\/uploads\/2026\/01\/UX-Block-Images-MOBILE-LTD-Edtion-600x600.jpg 600w, https:\/\/swissmilitarywatches.ch\/wp-content\/uploads\/2026\/01\/UX-Block-Images-MOBILE-LTD-Edtion-100x100.jpg 100w\" sizes=\"(max-width: 2560px) 100vw, 2560px\" \/>\t\t\t\t\t\t\n\t\t\t\t\t<\/div>\n\t\t\t\t\t\t\t\t\n<style>\n#image_542001568 {\n  width: 100%;\n}\n<\/style>\n\t<\/div>\n\t\n\n\n\t\t<\/div>\n\t\t\t\t\t<\/div>\n\n\t\n\n\t<div id=\"col-913672963\" class=\"col small-12 large-12\"  >\n\t\t\t\t<div class=\"col-inner\"  >\n\t\t\t\n\t\t\t\n\n\t<div class=\"img has-hover x md-x lg-x y md-y lg-y\" id=\"image_1252121460\">\n\t\t\t\t\t\t\t\t<div class=\"img-inner dark\" >\n\t\t\t<img decoding=\"async\" width=\"2560\" height=\"1280\" src=\"https:\/\/swissmilitarywatches.ch\/wp-content\/uploads\/2026\/01\/Trust-MOBILE-All-scaled.jpg\" class=\"attachment-large size-large\" alt=\"Swiss Military by Chrono official license and 5\u2011year international warranty badge \u2013 authentic Swiss Made watch quality guaranteed.\" srcset=\"https:\/\/swissmilitarywatches.ch\/wp-content\/uploads\/2026\/01\/Trust-MOBILE-All-scaled.jpg 2560w, https:\/\/swissmilitarywatches.ch\/wp-content\/uploads\/2026\/01\/Trust-MOBILE-All-768x384.jpg 768w, https:\/\/swissmilitarywatches.ch\/wp-content\/uploads\/2026\/01\/Trust-MOBILE-All-1536x768.jpg 1536w, https:\/\/swissmilitarywatches.ch\/wp-content\/uploads\/2026\/01\/Trust-MOBILE-All-2048x1024.jpg 2048w, https:\/\/swissmilitarywatches.ch\/wp-content\/uploads\/2026\/01\/Trust-MOBILE-All-600x300.jpg 600w\" sizes=\"(max-width: 2560px) 100vw, 2560px\" \/>\t\t\t\t\t\t\n\t\t\t\t\t<\/div>\n\t\t\t\t\t\t\t\t\n<style>\n#image_1252121460 {\n  width: 100%;\n}\n<\/style>\n\t<\/div>\n\t\n\n\n\t\t<\/div>\n\t\t\t\t\t<\/div>\n\n\t\n\n<\/div>\n<\/div>\n<div><\/div>\n<div><\/div>\n","protected":false},"excerpt":{"rendered":"<p>Die <strong>Swiss Military Classic Herrenuhr<\/strong> kombiniert ein silbernes Sonnenschliff-Zifferblatt mit einem goldgl\u00e4nzenden PVD-Geh\u00e4use und einem schwarzen Lederarmband. Das Saphirglas sorgt f\u00fcr dauerhafte Klarheit, die Schweizer Quarzpr\u00e4zision f\u00fcr zuverl\u00e4ssige Leistung. Elegant, selbstbewusst und langlebig &#8211; ein wahrer Ausdruck von Schweizer Handwerkskunst.  <\/p>\n","protected":false},"featured_media":24765,"comment_status":"open","ping_status":"closed","template":"","meta":[],"product_brand":[],"product_cat":[3126,1604,1607,1615,1612],"product_tag":[],"class_list":{"0":"post-24762","1":"product","2":"type-product","3":"status-publish","4":"has-post-thumbnail","6":"product_cat-sm34116","7":"product_cat-alle-uhren","8":"product_cat-herrenuhren","9":"product_cat-quarzuhren","10":"product_cat-neuheiten","11":"product_shipping_class-flexible-shipping-de","13":"first","14":"instock","15":"featured","16":"taxable","17":"shipping-taxable","18":"purchasable","19":"product-type-simple"},"yoast_head":"<!-- This site is optimized with the Yoast SEO Premium plugin v26.6 (Yoast SEO v26.6) - https:\/\/yoast.com\/wordpress\/plugins\/seo\/ -->\n<title>Swiss Military Classic Herrenuhr - Silber, Gold Stahl | SM34116.06 - Swiss Military by Chrono<\/title>\n<meta name=\"description\" content=\"Klassische Swiss Military Herrenuhr mit goldenem PVD-Geh\u00e4use, silbernem Zifferblatt und Saphirglas. Schweizer Herstellung, 100M wasserdicht, 5 Jahre internationale Garantie.\" \/>\n<meta name=\"robots\" content=\"index, follow, max-snippet:-1, max-image-preview:large, max-video-preview:-1\" \/>\n<link rel=\"canonical\" href=\"https:\/\/swissmilitarywatches.ch\/de\/shop\/swiss-military-classic-herrenuhr-silber-gold-stahl-sm34116-06\/\" \/>\n<meta property=\"og:locale\" content=\"de_DE\" \/>\n<meta property=\"og:type\" content=\"article\" \/>\n<meta property=\"og:title\" content=\"Swiss Military Classic Herrenuhr - Silber, Gold Stahl | SM34116.06\" \/>\n<meta property=\"og:description\" content=\"Klassische Swiss Military Herrenuhr mit goldenem PVD-Geh\u00e4use, silbernem Zifferblatt und Saphirglas. Schweizer Herstellung, 100M wasserdicht, 5 Jahre internationale Garantie.\" \/>\n<meta property=\"og:url\" content=\"https:\/\/swissmilitarywatches.ch\/de\/shop\/swiss-military-classic-herrenuhr-silber-gold-stahl-sm34116-06\/\" \/>\n<meta property=\"og:site_name\" content=\"Swiss Military by Chrono\" \/>\n<meta property=\"article:publisher\" content=\"https:\/\/m.facebook.com\/swissmilitarybychronoofficial\/\" \/>\n<meta property=\"article:modified_time\" content=\"2026-02-16T13:02:05+00:00\" \/>\n<meta property=\"og:image\" content=\"https:\/\/swissmilitarywatches.ch\/wp-content\/uploads\/2026\/02\/SM34116.06.png\" \/>\n\t<meta property=\"og:image:width\" content=\"1300\" \/>\n\t<meta property=\"og:image:height\" content=\"1642\" \/>\n\t<meta property=\"og:image:type\" content=\"image\/png\" \/>\n<meta name=\"twitter:card\" content=\"summary_large_image\" \/>\n<meta name=\"twitter:label1\" content=\"Preis\" \/>\n\t<meta name=\"twitter:data1\" content=\"&euro;229.00 inkl. MwSt.\" \/>\n\t<meta name=\"twitter:label2\" content=\"Verf\u00fcgbarkeit\" \/>\n\t<meta name=\"twitter:data2\" content=\"Auf Lager\" \/>\n<script type=\"application\/ld+json\" class=\"yoast-schema-graph\">{\"@context\":\"https:\/\/schema.org\",\"@graph\":[{\"@type\":\"WebPage\",\"@id\":\"https:\/\/swissmilitarywatches.ch\/de\/shop\/swiss-military-classic-herrenuhr-silber-gold-stahl-sm34116-06\/\",\"url\":\"https:\/\/swissmilitarywatches.ch\/de\/shop\/swiss-military-classic-herrenuhr-silber-gold-stahl-sm34116-06\/\",\"name\":\"Swiss Military Classic Herrenuhr - Silber, Gold Stahl | SM34116.06 - Swiss Military by Chrono\",\"isPartOf\":{\"@id\":\"https:\/\/swissmilitarywatches.ch\/de\/#website\"},\"primaryImageOfPage\":{\"@id\":\"https:\/\/swissmilitarywatches.ch\/de\/shop\/swiss-military-classic-herrenuhr-silber-gold-stahl-sm34116-06\/#primaryimage\"},\"image\":{\"@id\":\"https:\/\/swissmilitarywatches.ch\/de\/shop\/swiss-military-classic-herrenuhr-silber-gold-stahl-sm34116-06\/#primaryimage\"},\"thumbnailUrl\":\"https:\/\/swissmilitarywatches.ch\/wp-content\/uploads\/2026\/02\/SM34116.06.png\",\"datePublished\":\"2026-02-02T10:47:39+00:00\",\"dateModified\":\"2026-02-16T13:02:05+00:00\",\"description\":\"Klassische Swiss Military Herrenuhr mit goldenem PVD-Geh\u00e4use, silbernem Zifferblatt und Saphirglas. Schweizer Herstellung, 100M wasserdicht, 5 Jahre internationale Garantie.\",\"breadcrumb\":{\"@id\":\"https:\/\/swissmilitarywatches.ch\/de\/shop\/swiss-military-classic-herrenuhr-silber-gold-stahl-sm34116-06\/#breadcrumb\"},\"inLanguage\":\"de\",\"potentialAction\":[{\"@type\":\"ReadAction\",\"target\":[\"https:\/\/swissmilitarywatches.ch\/de\/shop\/swiss-military-classic-herrenuhr-silber-gold-stahl-sm34116-06\/\"]}]},{\"@type\":\"ImageObject\",\"inLanguage\":\"de\",\"@id\":\"https:\/\/swissmilitarywatches.ch\/de\/shop\/swiss-military-classic-herrenuhr-silber-gold-stahl-sm34116-06\/#primaryimage\",\"url\":\"https:\/\/swissmilitarywatches.ch\/wp-content\/uploads\/2026\/02\/SM34116.06.png\",\"contentUrl\":\"https:\/\/swissmilitarywatches.ch\/wp-content\/uploads\/2026\/02\/SM34116.06.png\",\"width\":1300,\"height\":1642,\"caption\":\"Schweizer Milit\u00e4ruhr mit Goldakzent, die Pr\u00e4zision und Eleganz vereint.\"},{\"@type\":\"BreadcrumbList\",\"@id\":\"https:\/\/swissmilitarywatches.ch\/de\/shop\/swiss-military-classic-herrenuhr-silber-gold-stahl-sm34116-06\/#breadcrumb\",\"itemListElement\":[{\"@type\":\"ListItem\",\"position\":1,\"name\":\"Home\",\"item\":\"https:\/\/swissmilitarywatches.ch\/de\/home\/\"},{\"@type\":\"ListItem\",\"position\":2,\"name\":\"Shop\",\"item\":\"https:\/\/swissmilitarywatches.ch\/de\/shop\/\"},{\"@type\":\"ListItem\",\"position\":3,\"name\":\"Swiss Military Classic Herrenuhr &#8211; Silber, Gold Stahl | SM34116.06\"}]},{\"@type\":\"WebSite\",\"@id\":\"https:\/\/swissmilitarywatches.ch\/de\/#website\",\"url\":\"https:\/\/swissmilitarywatches.ch\/de\/\",\"name\":\"Swiss Military by Chrono\",\"description\":\"Official Licensed Product of the Swiss Confederation\",\"publisher\":{\"@id\":\"https:\/\/swissmilitarywatches.ch\/de\/#organization\"},\"potentialAction\":[{\"@type\":\"SearchAction\",\"target\":{\"@type\":\"EntryPoint\",\"urlTemplate\":\"https:\/\/swissmilitarywatches.ch\/de\/?s={search_term_string}\"},\"query-input\":{\"@type\":\"PropertyValueSpecification\",\"valueRequired\":true,\"valueName\":\"search_term_string\"}}],\"inLanguage\":\"de\"},{\"@type\":\"Organization\",\"@id\":\"https:\/\/swissmilitarywatches.ch\/de\/#organization\",\"name\":\"Swiss Military by Chrono\",\"url\":\"https:\/\/swissmilitarywatches.ch\/de\/\",\"logo\":{\"@type\":\"ImageObject\",\"inLanguage\":\"de\",\"@id\":\"https:\/\/swissmilitarywatches.ch\/de\/#\/schema\/logo\/image\/\",\"url\":\"https:\/\/swissmilitarywatches.ch\/wp-content\/uploads\/2020\/04\/cropped-SM_logo_512x512px.jpg\",\"contentUrl\":\"https:\/\/swissmilitarywatches.ch\/wp-content\/uploads\/2020\/04\/cropped-SM_logo_512x512px.jpg\",\"width\":512,\"height\":512,\"caption\":\"Swiss Military by Chrono\"},\"image\":{\"@id\":\"https:\/\/swissmilitarywatches.ch\/de\/#\/schema\/logo\/image\/\"},\"sameAs\":[\"https:\/\/m.facebook.com\/swissmilitarybychronoofficial\/\",\"https:\/\/www.instagram.com\/swissmilitarybychrono\/\",\"https:\/\/www.pinterest.ch\/swissmilitarybychrono\/\"]}]}<\/script>\n<meta property=\"product:brand\" content=\"Swiss Military by Chrono\" \/>\n<meta property=\"product:price:amount\" content=\"229.00\" \/>\n<meta property=\"product:price:currency\" content=\"EUR\" \/>\n<meta property=\"og:availability\" content=\"instock\" \/>\n<meta property=\"product:availability\" content=\"instock\" \/>\n<meta property=\"product:retailer_item_id\" content=\"SM34116.06\" \/>\n<meta property=\"product:condition\" content=\"new\" \/>\n<!-- \/ Yoast SEO Premium plugin. -->","yoast_head_json":{"title":"Swiss Military Classic Herrenuhr - Silber, Gold Stahl | SM34116.06 - Swiss Military by Chrono","description":"Klassische Swiss Military Herrenuhr mit goldenem PVD-Geh\u00e4use, silbernem Zifferblatt und Saphirglas. Schweizer Herstellung, 100M wasserdicht, 5 Jahre internationale Garantie.","robots":{"index":"index","follow":"follow","max-snippet":"max-snippet:-1","max-image-preview":"max-image-preview:large","max-video-preview":"max-video-preview:-1"},"canonical":"https:\/\/swissmilitarywatches.ch\/de\/shop\/swiss-military-classic-herrenuhr-silber-gold-stahl-sm34116-06\/","og_locale":"de_DE","og_type":"article","og_title":"Swiss Military Classic Herrenuhr - Silber, Gold Stahl | SM34116.06","og_description":"Klassische Swiss Military Herrenuhr mit goldenem PVD-Geh\u00e4use, silbernem Zifferblatt und Saphirglas. Schweizer Herstellung, 100M wasserdicht, 5 Jahre internationale Garantie.","og_url":"https:\/\/swissmilitarywatches.ch\/de\/shop\/swiss-military-classic-herrenuhr-silber-gold-stahl-sm34116-06\/","og_site_name":"Swiss Military by Chrono","article_publisher":"https:\/\/m.facebook.com\/swissmilitarybychronoofficial\/","article_modified_time":"2026-02-16T13:02:05+00:00","og_image":[{"width":1300,"height":1642,"url":"https:\/\/swissmilitarywatches.ch\/wp-content\/uploads\/2026\/02\/SM34116.06.png","type":"image\/png"}],"twitter_card":"summary_large_image","twitter_misc":{"Preis":"&euro;229.00 inkl. MwSt.","Verf\u00fcgbarkeit":"Auf Lager"},"schema":{"@context":"https:\/\/schema.org","@graph":[{"@type":"WebPage","@id":"https:\/\/swissmilitarywatches.ch\/de\/shop\/swiss-military-classic-herrenuhr-silber-gold-stahl-sm34116-06\/","url":"https:\/\/swissmilitarywatches.ch\/de\/shop\/swiss-military-classic-herrenuhr-silber-gold-stahl-sm34116-06\/","name":"Swiss Military Classic Herrenuhr - Silber, Gold Stahl | SM34116.06 - Swiss Military by Chrono","isPartOf":{"@id":"https:\/\/swissmilitarywatches.ch\/de\/#website"},"primaryImageOfPage":{"@id":"https:\/\/swissmilitarywatches.ch\/de\/shop\/swiss-military-classic-herrenuhr-silber-gold-stahl-sm34116-06\/#primaryimage"},"image":{"@id":"https:\/\/swissmilitarywatches.ch\/de\/shop\/swiss-military-classic-herrenuhr-silber-gold-stahl-sm34116-06\/#primaryimage"},"thumbnailUrl":"https:\/\/swissmilitarywatches.ch\/wp-content\/uploads\/2026\/02\/SM34116.06.png","datePublished":"2026-02-02T10:47:39+00:00","dateModified":"2026-02-16T13:02:05+00:00","description":"Klassische Swiss Military Herrenuhr mit goldenem PVD-Geh\u00e4use, silbernem Zifferblatt und Saphirglas. Schweizer Herstellung, 100M wasserdicht, 5 Jahre internationale Garantie.","breadcrumb":{"@id":"https:\/\/swissmilitarywatches.ch\/de\/shop\/swiss-military-classic-herrenuhr-silber-gold-stahl-sm34116-06\/#breadcrumb"},"inLanguage":"de","potentialAction":[{"@type":"ReadAction","target":["https:\/\/swissmilitarywatches.ch\/de\/shop\/swiss-military-classic-herrenuhr-silber-gold-stahl-sm34116-06\/"]}]},{"@type":"ImageObject","inLanguage":"de","@id":"https:\/\/swissmilitarywatches.ch\/de\/shop\/swiss-military-classic-herrenuhr-silber-gold-stahl-sm34116-06\/#primaryimage","url":"https:\/\/swissmilitarywatches.ch\/wp-content\/uploads\/2026\/02\/SM34116.06.png","contentUrl":"https:\/\/swissmilitarywatches.ch\/wp-content\/uploads\/2026\/02\/SM34116.06.png","width":1300,"height":1642,"caption":"Schweizer Milit\u00e4ruhr mit Goldakzent, die Pr\u00e4zision und Eleganz vereint."},{"@type":"BreadcrumbList","@id":"https:\/\/swissmilitarywatches.ch\/de\/shop\/swiss-military-classic-herrenuhr-silber-gold-stahl-sm34116-06\/#breadcrumb","itemListElement":[{"@type":"ListItem","position":1,"name":"Home","item":"https:\/\/swissmilitarywatches.ch\/de\/home\/"},{"@type":"ListItem","position":2,"name":"Shop","item":"https:\/\/swissmilitarywatches.ch\/de\/shop\/"},{"@type":"ListItem","position":3,"name":"Swiss Military Classic Herrenuhr &#8211; Silber, Gold Stahl | SM34116.06"}]},{"@type":"WebSite","@id":"https:\/\/swissmilitarywatches.ch\/de\/#website","url":"https:\/\/swissmilitarywatches.ch\/de\/","name":"Swiss Military by Chrono","description":"Official Licensed Product of the Swiss Confederation","publisher":{"@id":"https:\/\/swissmilitarywatches.ch\/de\/#organization"},"potentialAction":[{"@type":"SearchAction","target":{"@type":"EntryPoint","urlTemplate":"https:\/\/swissmilitarywatches.ch\/de\/?s={search_term_string}"},"query-input":{"@type":"PropertyValueSpecification","valueRequired":true,"valueName":"search_term_string"}}],"inLanguage":"de"},{"@type":"Organization","@id":"https:\/\/swissmilitarywatches.ch\/de\/#organization","name":"Swiss Military by Chrono","url":"https:\/\/swissmilitarywatches.ch\/de\/","logo":{"@type":"ImageObject","inLanguage":"de","@id":"https:\/\/swissmilitarywatches.ch\/de\/#\/schema\/logo\/image\/","url":"https:\/\/swissmilitarywatches.ch\/wp-content\/uploads\/2020\/04\/cropped-SM_logo_512x512px.jpg","contentUrl":"https:\/\/swissmilitarywatches.ch\/wp-content\/uploads\/2020\/04\/cropped-SM_logo_512x512px.jpg","width":512,"height":512,"caption":"Swiss Military by Chrono"},"image":{"@id":"https:\/\/swissmilitarywatches.ch\/de\/#\/schema\/logo\/image\/"},"sameAs":["https:\/\/m.facebook.com\/swissmilitarybychronoofficial\/","https:\/\/www.instagram.com\/swissmilitarybychrono\/","https:\/\/www.pinterest.ch\/swissmilitarybychrono\/"]}]},"product_brand":"Swiss Military by Chrono","product_price_amount":"229.00","product_price_currency":"EUR","og_availability":"instock","product_availability":"instock","product_retailer_item_id":"SM34116.06","product_condition":"new"},"jetpack_sharing_enabled":true,"_links":{"self":[{"href":"https:\/\/swissmilitarywatches.ch\/de\/wp-json\/wp\/v2\/product\/24762","targetHints":{"allow":["GET"]}}],"collection":[{"href":"https:\/\/swissmilitarywatches.ch\/de\/wp-json\/wp\/v2\/product"}],"about":[{"href":"https:\/\/swissmilitarywatches.ch\/de\/wp-json\/wp\/v2\/types\/product"}],"replies":[{"embeddable":true,"href":"https:\/\/swissmilitarywatches.ch\/de\/wp-json\/wp\/v2\/comments?post=24762"}],"wp:featuredmedia":[{"embeddable":true,"href":"https:\/\/swissmilitarywatches.ch\/de\/wp-json\/wp\/v2\/media\/24765"}],"wp:attachment":[{"href":"https:\/\/swissmilitarywatches.ch\/de\/wp-json\/wp\/v2\/media?parent=24762"}],"wp:term":[{"taxonomy":"product_brand","embeddable":true,"href":"https:\/\/swissmilitarywatches.ch\/de\/wp-json\/wp\/v2\/product_brand?post=24762"},{"taxonomy":"product_cat","embeddable":true,"href":"https:\/\/swissmilitarywatches.ch\/de\/wp-json\/wp\/v2\/product_cat?post=24762"},{"taxonomy":"product_tag","embeddable":true,"href":"https:\/\/swissmilitarywatches.ch\/de\/wp-json\/wp\/v2\/product_tag?post=24762"}],"curies":[{"name":"wp","href":"https:\/\/api.w.org\/{rel}","templated":true}]}}