{"id":24676,"date":"2026-01-27T12:38:54","date_gmt":"2026-01-27T10:38:54","guid":{"rendered":"https:\/\/swissmilitarywatches.ch\/shop\/schweizer-militaer-speed-chronograph-uhr-blau-silber-stahl-sm34115-04\/"},"modified":"2026-02-16T15:01:35","modified_gmt":"2026-02-16T13:01:35","slug":"schweizer-militaer-speed-chronograph-uhr-blau-silber-stahl-sm34115-04","status":"publish","type":"product","link":"https:\/\/swissmilitarywatches.ch\/de\/shop\/schweizer-militaer-speed-chronograph-uhr-blau-silber-stahl-sm34115-04\/","title":{"rendered":"Schweizer Milit\u00e4r Speed Chronograph Uhr &#8211; Blau Silber Stahl | SM34115.04"},"content":{"rendered":"<div>\n<h2><strong>Schweizer Milit\u00e4r Speed Chronograph Uhr &#8211; Blaues Zifferblatt Leistung und Pr\u00e4zision<\/strong><\/h2>\n<\/div>\n<div>\n<p id=\"message\">Die <strong>Swiss Military Speed Chronograph Uhr SM34115.04<\/strong> verk\u00f6rpert Schweizer Ingenieurskunst mit einem modernen, kontrastreichen Design. Sie l\u00e4uft mit einem Schweizer Chronographen-Quarzwerk, das f\u00fcr gleichbleibende Genauigkeit und Zuverl\u00e4ssigkeit sorgt. Die silberne Tachymeterl\u00fcnette erlaubt es Ihnen, die Geschwindigkeit mit Zuversicht zu messen, w\u00e4hrend das 43-mm-Edelstahlgeh\u00e4use gleicherma\u00dfen St\u00e4rke und Stil bietet.  <\/p>\n<\/div>\n<div>\n<p id=\"message\">Das blaue Zifferblatt mit den roten Sekundenzeigern setzt einen dynamischen Akzent, und die Leuchtindexe verbessern die Ablesbarkeit bei jedem Licht. Dar\u00fcber hinaus sch\u00fctzt das Saphirglas das Zifferblatt vor Kratzern und bewahrt die Klarheit bei jeder Herausforderung. Das Stahlarmband sorgt f\u00fcr Komfort und einen sicheren Sitz, so dass diese Uhr sowohl f\u00fcr das t\u00e4gliche Tragen als auch f\u00fcr Abenteuer bereit ist.  <\/p>\n<\/div>\n<div><\/div>\n<div>\n<p id=\"message\">Mit ihren Chronographen- und Datumsfunktionen vereint diese Schweizer Tachymeter-Uhr Funktionalit\u00e4t und Eleganz. Mit 10 ATM Wasserdichtigkeit ist sie f\u00fcr Bewegung und Ausdauer gebaut. Damit verk\u00f6rpert die SM34115.04 die Essenz der Leistung des Schweizer Milit\u00e4rs &#8211; Pr\u00e4zision, die Sie sehen, und St\u00e4rke, die Sie f\u00fchlen k\u00f6nnen.  <\/p>\n<div class=\"is-divider divider clearfix\" style=\"max-width:small;\"><\/div>\n<\/div>\n<h3>Hauptmerkmale:<\/h3>\n<div>\n<div>\n<ul>\n<li><strong>Schweizer Chronographen-Quarzwerk ETA G10.212<\/strong><\/li>\n<li><strong>Silberne Tachymeter-L\u00fcnette<\/strong> f\u00fcr die Geschwindigkeitsmessung<\/li>\n<li><strong>Saphirglas<\/strong> &#8211; kratzfeste Klarheit<\/li>\n<li><strong>43 mm Geh\u00e4use aus Edelstahl<\/strong> mit blauem Zifferblatt<\/li>\n<li><strong>Rote Chronographenzeiger<\/strong> f\u00fcr sportlichen Kontrast<\/li>\n<li><strong>Chronograph + Tag-Datum-Funktionen<\/strong><\/li>\n<li><strong>Stahlarmband<\/strong> mit sicherer Schlie\u00dfe<\/li>\n<li><strong>10 ATM Wasserdichtigkeit<\/strong>, Swiss Made, 5 Jahre Garantie<\/li>\n<\/ul>\n<\/div>\n<div class=\"is-divider divider clearfix\" style=\"max-width:small;\"><\/div>\n<div><\/div>\n<\/div>\n<div>\n<p id=\"message\"><strong>Von der Schweizerischen Eidgenossenschaft lizenziert, in der Schweiz handmontiert und durch eine 5-j\u00e4hrige internationale Garantie gesch\u00fctzt.<\/strong><\/p>\n<\/div>\n<div class=\"row hide-for-small\"  id=\"row-2134255577\">\n\n\n\t<div id=\"col-1725605202\" class=\"col small-12 large-12\"  >\n\t\t\t\t<div class=\"col-inner\"  >\n\t\t\t\n\t\t\t\n\n\t<div class=\"img has-hover x md-x lg-x y md-y lg-y\" id=\"image_777397513\">\n\t\t\t\t\t\t\t\t<div class=\"img-inner dark\" >\n\t\t\t<img decoding=\"async\" width=\"2560\" height=\"1280\" src=\"https:\/\/swissmilitarywatches.ch\/wp-content\/uploads\/2026\/01\/UX-Block-Images-DESKTOP-LTD-Edition-scaled.jpg\" class=\"attachment-large size-large\" alt=\"Swiss watchmaker assembling a watch movement \u2013 hand\u2011crafted Swiss Military by Chrono timepiece made in Switzerland.\" srcset=\"https:\/\/swissmilitarywatches.ch\/wp-content\/uploads\/2026\/01\/UX-Block-Images-DESKTOP-LTD-Edition-scaled.jpg 2560w, https:\/\/swissmilitarywatches.ch\/wp-content\/uploads\/2026\/01\/UX-Block-Images-DESKTOP-LTD-Edition-768x384.jpg 768w, https:\/\/swissmilitarywatches.ch\/wp-content\/uploads\/2026\/01\/UX-Block-Images-DESKTOP-LTD-Edition-1536x768.jpg 1536w, https:\/\/swissmilitarywatches.ch\/wp-content\/uploads\/2026\/01\/UX-Block-Images-DESKTOP-LTD-Edition-2048x1024.jpg 2048w, https:\/\/swissmilitarywatches.ch\/wp-content\/uploads\/2026\/01\/UX-Block-Images-DESKTOP-LTD-Edition-600x300.jpg 600w\" sizes=\"(max-width: 2560px) 100vw, 2560px\" \/>\t\t\t\t\t\t\n\t\t\t\t\t<\/div>\n\t\t\t\t\t\t\t\t\n<style>\n#image_777397513 {\n  width: 100%;\n}\n<\/style>\n\t<\/div>\n\t\n\n\n\t\t<\/div>\n\t\t\t\t\t<\/div>\n\n\t\n\n\t<div id=\"col-1318259770\" class=\"col small-12 large-12\"  >\n\t\t\t\t<div class=\"col-inner\"  >\n\t\t\t\n\t\t\t\n\n\t<div class=\"img has-hover x md-x lg-x y md-y lg-y\" id=\"image_395531572\">\n\t\t\t\t\t\t\t\t<div class=\"img-inner dark\" >\n\t\t\t<img decoding=\"async\" width=\"2560\" height=\"640\" src=\"https:\/\/swissmilitarywatches.ch\/wp-content\/uploads\/2026\/01\/Trust-Desktop-ALL-scaled.jpg\" class=\"attachment-large size-large\" alt=\"Swiss Military by Chrono official license and 5\u2011year international warranty badge \u2013 authentic Swiss Made watch quality guaranteed.\" srcset=\"https:\/\/swissmilitarywatches.ch\/wp-content\/uploads\/2026\/01\/Trust-Desktop-ALL-scaled.jpg 2560w, https:\/\/swissmilitarywatches.ch\/wp-content\/uploads\/2026\/01\/Trust-Desktop-ALL-768x192.jpg 768w, https:\/\/swissmilitarywatches.ch\/wp-content\/uploads\/2026\/01\/Trust-Desktop-ALL-1536x384.jpg 1536w, https:\/\/swissmilitarywatches.ch\/wp-content\/uploads\/2026\/01\/Trust-Desktop-ALL-2048x512.jpg 2048w, https:\/\/swissmilitarywatches.ch\/wp-content\/uploads\/2026\/01\/Trust-Desktop-ALL-600x150.jpg 600w\" sizes=\"(max-width: 2560px) 100vw, 2560px\" \/>\t\t\t\t\t\t\n\t\t\t\t\t<\/div>\n\t\t\t\t\t\t\t\t\n<style>\n#image_395531572 {\n  width: 100%;\n}\n<\/style>\n\t<\/div>\n\t\n\n\n\t\t<\/div>\n\t\t\t\t\t<\/div>\n\n\t\n\n<\/div>\n<div class=\"row show-for-small\"  id=\"row-1285451554\">\n\n\n\t<div id=\"col-851587103\" class=\"col small-12 large-12\"  >\n\t\t\t\t<div class=\"col-inner\"  >\n\t\t\t\n\t\t\t\n\n\t<div class=\"img has-hover x md-x lg-x y md-y lg-y\" id=\"image_781576281\">\n\t\t\t\t\t\t\t\t<div class=\"img-inner dark\" >\n\t\t\t<img decoding=\"async\" width=\"2560\" height=\"2560\" src=\"https:\/\/swissmilitarywatches.ch\/wp-content\/uploads\/2026\/01\/UX-Block-Images-MOBILE-LTD-Edtion-scaled.jpg\" class=\"attachment-large size-large\" alt=\"Swiss Military by Chrono watchmaker assembling a watch movement \u2013 hand\u2011crafted Swiss Military timepiece made in Switzerland\" srcset=\"https:\/\/swissmilitarywatches.ch\/wp-content\/uploads\/2026\/01\/UX-Block-Images-MOBILE-LTD-Edtion-scaled.jpg 2560w, https:\/\/swissmilitarywatches.ch\/wp-content\/uploads\/2026\/01\/UX-Block-Images-MOBILE-LTD-Edtion-768x768.jpg 768w, https:\/\/swissmilitarywatches.ch\/wp-content\/uploads\/2026\/01\/UX-Block-Images-MOBILE-LTD-Edtion-1536x1536.jpg 1536w, https:\/\/swissmilitarywatches.ch\/wp-content\/uploads\/2026\/01\/UX-Block-Images-MOBILE-LTD-Edtion-2048x2048.jpg 2048w, https:\/\/swissmilitarywatches.ch\/wp-content\/uploads\/2026\/01\/UX-Block-Images-MOBILE-LTD-Edtion-600x600.jpg 600w, https:\/\/swissmilitarywatches.ch\/wp-content\/uploads\/2026\/01\/UX-Block-Images-MOBILE-LTD-Edtion-100x100.jpg 100w\" sizes=\"(max-width: 2560px) 100vw, 2560px\" \/>\t\t\t\t\t\t\n\t\t\t\t\t<\/div>\n\t\t\t\t\t\t\t\t\n<style>\n#image_781576281 {\n  width: 100%;\n}\n<\/style>\n\t<\/div>\n\t\n\n\n\t\t<\/div>\n\t\t\t\t\t<\/div>\n\n\t\n\n\t<div id=\"col-678474702\" class=\"col small-12 large-12\"  >\n\t\t\t\t<div class=\"col-inner\"  >\n\t\t\t\n\t\t\t\n\n\t<div class=\"img has-hover x md-x lg-x y md-y lg-y\" id=\"image_1132244734\">\n\t\t\t\t\t\t\t\t<div class=\"img-inner dark\" >\n\t\t\t<img decoding=\"async\" width=\"2560\" height=\"1280\" src=\"https:\/\/swissmilitarywatches.ch\/wp-content\/uploads\/2026\/01\/Trust-MOBILE-All-scaled.jpg\" class=\"attachment-large size-large\" alt=\"Swiss Military by Chrono official license and 5\u2011year international warranty badge \u2013 authentic Swiss Made watch quality guaranteed.\" srcset=\"https:\/\/swissmilitarywatches.ch\/wp-content\/uploads\/2026\/01\/Trust-MOBILE-All-scaled.jpg 2560w, https:\/\/swissmilitarywatches.ch\/wp-content\/uploads\/2026\/01\/Trust-MOBILE-All-768x384.jpg 768w, https:\/\/swissmilitarywatches.ch\/wp-content\/uploads\/2026\/01\/Trust-MOBILE-All-1536x768.jpg 1536w, https:\/\/swissmilitarywatches.ch\/wp-content\/uploads\/2026\/01\/Trust-MOBILE-All-2048x1024.jpg 2048w, https:\/\/swissmilitarywatches.ch\/wp-content\/uploads\/2026\/01\/Trust-MOBILE-All-600x300.jpg 600w\" sizes=\"(max-width: 2560px) 100vw, 2560px\" \/>\t\t\t\t\t\t\n\t\t\t\t\t<\/div>\n\t\t\t\t\t\t\t\t\n<style>\n#image_1132244734 {\n  width: 100%;\n}\n<\/style>\n\t<\/div>\n\t\n\n\n\t\t<\/div>\n\t\t\t\t\t<\/div>\n\n\t\n\n<\/div>\n","protected":false},"excerpt":{"rendered":"<p>Die <strong>Swiss Military Speed Chronograph Uhr<\/strong> aus blauem Silberstahl kombiniert Schweizer Handwerkskunst mit k\u00fchnem Rennsportstil. Ihre <strong>Tachymeterl\u00fcnette<\/strong> misst die Geschwindigkeit pr\u00e4zise, w\u00e4hrend das <strong>Saphirglas<\/strong> f\u00fcr Best\u00e4ndigkeit sorgt. Mit einem blauen Zifferblatt, roten Akzenten und einer silbernen L\u00fcnette spiegelt sie sowohl Energie als auch zeitloses Schweizer Design wider.  <\/p>\n","protected":false},"featured_media":24615,"comment_status":"open","ping_status":"closed","template":"","meta":[],"product_brand":[],"product_cat":[3174,1604,1607,1614,1612],"product_tag":[],"class_list":{"0":"post-24676","1":"product","2":"type-product","3":"status-publish","4":"has-post-thumbnail","6":"product_cat-sm34115","7":"product_cat-alle-uhren","8":"product_cat-herrenuhren","9":"product_cat-chronographen","10":"product_cat-neuheiten","11":"product_shipping_class-flexible-shipping-de","13":"first","14":"instock","15":"featured","16":"taxable","17":"shipping-taxable","18":"purchasable","19":"product-type-simple"},"yoast_head":"<!-- This site is optimized with the Yoast SEO Premium plugin v26.6 (Yoast SEO v26.6) - https:\/\/yoast.com\/wordpress\/plugins\/seo\/ -->\n<title>Schweizer Milit\u00e4r Speed Chronograph Uhr - Blau Silber Stahl | SM34115.04<\/title>\n<meta name=\"description\" content=\"Swiss Military Speed Chronograph Watch - blau-silbernes Stahldesign, Tachymeter-L\u00fcnette, Schweizer Pr\u00e4zision, Saphirglas, 10 ATM, 5 Jahre Garantie.\" \/>\n<meta name=\"robots\" content=\"index, follow, max-snippet:-1, max-image-preview:large, max-video-preview:-1\" \/>\n<link rel=\"canonical\" href=\"https:\/\/swissmilitarywatches.ch\/de\/shop\/schweizer-militaer-speed-chronograph-uhr-blau-silber-stahl-sm34115-04\/\" \/>\n<meta property=\"og:locale\" content=\"de_DE\" \/>\n<meta property=\"og:type\" content=\"article\" \/>\n<meta property=\"og:title\" content=\"Schweizer Milit\u00e4r Speed Chronograph Uhr - Blau Silber Stahl | SM34115.04\" \/>\n<meta property=\"og:description\" content=\"Swiss Military Speed Chronograph Watch - blau-silbernes Stahldesign, Tachymeter-L\u00fcnette, Schweizer Pr\u00e4zision, Saphirglas, 10 ATM, 5 Jahre Garantie.\" \/>\n<meta property=\"og:url\" content=\"https:\/\/swissmilitarywatches.ch\/de\/shop\/schweizer-militaer-speed-chronograph-uhr-blau-silber-stahl-sm34115-04\/\" \/>\n<meta property=\"og:site_name\" content=\"Swiss Military by Chrono\" \/>\n<meta property=\"article:publisher\" content=\"https:\/\/m.facebook.com\/swissmilitarybychronoofficial\/\" \/>\n<meta property=\"article:modified_time\" content=\"2026-02-16T13:01:35+00:00\" \/>\n<meta property=\"og:image\" content=\"https:\/\/swissmilitarywatches.ch\/wp-content\/uploads\/2026\/01\/SM34115.04-1.png\" \/>\n\t<meta property=\"og:image:width\" content=\"1300\" \/>\n\t<meta property=\"og:image:height\" content=\"1642\" \/>\n\t<meta property=\"og:image:type\" content=\"image\/png\" \/>\n<meta name=\"twitter:card\" content=\"summary_large_image\" \/>\n<meta name=\"twitter:label1\" content=\"Preis\" \/>\n\t<meta name=\"twitter:data1\" content=\"&euro;399.00 inkl. MwSt.\" \/>\n\t<meta name=\"twitter:label2\" content=\"Verf\u00fcgbarkeit\" \/>\n\t<meta name=\"twitter:data2\" content=\"Auf Lager\" \/>\n<script type=\"application\/ld+json\" class=\"yoast-schema-graph\">{\"@context\":\"https:\/\/schema.org\",\"@graph\":[{\"@type\":\"WebPage\",\"@id\":\"https:\/\/swissmilitarywatches.ch\/de\/shop\/schweizer-militaer-speed-chronograph-uhr-blau-silber-stahl-sm34115-04\/\",\"url\":\"https:\/\/swissmilitarywatches.ch\/de\/shop\/schweizer-militaer-speed-chronograph-uhr-blau-silber-stahl-sm34115-04\/\",\"name\":\"Schweizer Milit\u00e4r Speed Chronograph Uhr - Blau Silber Stahl | SM34115.04\",\"isPartOf\":{\"@id\":\"https:\/\/swissmilitarywatches.ch\/de\/#website\"},\"primaryImageOfPage\":{\"@id\":\"https:\/\/swissmilitarywatches.ch\/de\/shop\/schweizer-militaer-speed-chronograph-uhr-blau-silber-stahl-sm34115-04\/#primaryimage\"},\"image\":{\"@id\":\"https:\/\/swissmilitarywatches.ch\/de\/shop\/schweizer-militaer-speed-chronograph-uhr-blau-silber-stahl-sm34115-04\/#primaryimage\"},\"thumbnailUrl\":\"https:\/\/swissmilitarywatches.ch\/wp-content\/uploads\/2026\/01\/SM34115.04-1.png\",\"datePublished\":\"2026-01-27T10:38:54+00:00\",\"dateModified\":\"2026-02-16T13:01:35+00:00\",\"description\":\"Swiss Military Speed Chronograph Watch - blau-silbernes Stahldesign, Tachymeter-L\u00fcnette, Schweizer Pr\u00e4zision, Saphirglas, 10 ATM, 5 Jahre Garantie.\",\"breadcrumb\":{\"@id\":\"https:\/\/swissmilitarywatches.ch\/de\/shop\/schweizer-militaer-speed-chronograph-uhr-blau-silber-stahl-sm34115-04\/#breadcrumb\"},\"inLanguage\":\"de\",\"potentialAction\":[{\"@type\":\"ReadAction\",\"target\":[\"https:\/\/swissmilitarywatches.ch\/de\/shop\/schweizer-militaer-speed-chronograph-uhr-blau-silber-stahl-sm34115-04\/\"]}]},{\"@type\":\"ImageObject\",\"inLanguage\":\"de\",\"@id\":\"https:\/\/swissmilitarywatches.ch\/de\/shop\/schweizer-militaer-speed-chronograph-uhr-blau-silber-stahl-sm34115-04\/#primaryimage\",\"url\":\"https:\/\/swissmilitarywatches.ch\/wp-content\/uploads\/2026\/01\/SM34115.04-1.png\",\"contentUrl\":\"https:\/\/swissmilitarywatches.ch\/wp-content\/uploads\/2026\/01\/SM34115.04-1.png\",\"width\":1300,\"height\":1642,\"caption\":\"Schweizer Pr\u00e4zision in blauem und silbernem Stahl.\"},{\"@type\":\"BreadcrumbList\",\"@id\":\"https:\/\/swissmilitarywatches.ch\/de\/shop\/schweizer-militaer-speed-chronograph-uhr-blau-silber-stahl-sm34115-04\/#breadcrumb\",\"itemListElement\":[{\"@type\":\"ListItem\",\"position\":1,\"name\":\"Home\",\"item\":\"https:\/\/swissmilitarywatches.ch\/de\/home\/\"},{\"@type\":\"ListItem\",\"position\":2,\"name\":\"Shop\",\"item\":\"https:\/\/swissmilitarywatches.ch\/de\/shop\/\"},{\"@type\":\"ListItem\",\"position\":3,\"name\":\"Schweizer Milit\u00e4r Speed Chronograph Uhr &#8211; Blau Silber Stahl | SM34115.04\"}]},{\"@type\":\"WebSite\",\"@id\":\"https:\/\/swissmilitarywatches.ch\/de\/#website\",\"url\":\"https:\/\/swissmilitarywatches.ch\/de\/\",\"name\":\"Swiss Military by Chrono\",\"description\":\"Official Licensed Product of the Swiss Confederation\",\"publisher\":{\"@id\":\"https:\/\/swissmilitarywatches.ch\/de\/#organization\"},\"potentialAction\":[{\"@type\":\"SearchAction\",\"target\":{\"@type\":\"EntryPoint\",\"urlTemplate\":\"https:\/\/swissmilitarywatches.ch\/de\/?s={search_term_string}\"},\"query-input\":{\"@type\":\"PropertyValueSpecification\",\"valueRequired\":true,\"valueName\":\"search_term_string\"}}],\"inLanguage\":\"de\"},{\"@type\":\"Organization\",\"@id\":\"https:\/\/swissmilitarywatches.ch\/de\/#organization\",\"name\":\"Swiss Military by Chrono\",\"url\":\"https:\/\/swissmilitarywatches.ch\/de\/\",\"logo\":{\"@type\":\"ImageObject\",\"inLanguage\":\"de\",\"@id\":\"https:\/\/swissmilitarywatches.ch\/de\/#\/schema\/logo\/image\/\",\"url\":\"https:\/\/swissmilitarywatches.ch\/wp-content\/uploads\/2020\/04\/cropped-SM_logo_512x512px.jpg\",\"contentUrl\":\"https:\/\/swissmilitarywatches.ch\/wp-content\/uploads\/2020\/04\/cropped-SM_logo_512x512px.jpg\",\"width\":512,\"height\":512,\"caption\":\"Swiss Military by Chrono\"},\"image\":{\"@id\":\"https:\/\/swissmilitarywatches.ch\/de\/#\/schema\/logo\/image\/\"},\"sameAs\":[\"https:\/\/m.facebook.com\/swissmilitarybychronoofficial\/\",\"https:\/\/www.instagram.com\/swissmilitarybychrono\/\",\"https:\/\/www.pinterest.ch\/swissmilitarybychrono\/\"]}]}<\/script>\n<meta property=\"product:brand\" content=\"Swiss Military by Chrono\" \/>\n<meta property=\"product:price:amount\" content=\"399.00\" \/>\n<meta property=\"product:price:currency\" content=\"EUR\" \/>\n<meta property=\"og:availability\" content=\"instock\" \/>\n<meta property=\"product:availability\" content=\"instock\" \/>\n<meta property=\"product:retailer_item_id\" content=\"SM34115.04\" \/>\n<meta property=\"product:condition\" content=\"new\" \/>\n<!-- \/ Yoast SEO Premium plugin. -->","yoast_head_json":{"title":"Schweizer Milit\u00e4r Speed Chronograph Uhr - Blau Silber Stahl | SM34115.04","description":"Swiss Military Speed Chronograph Watch - blau-silbernes Stahldesign, Tachymeter-L\u00fcnette, Schweizer Pr\u00e4zision, Saphirglas, 10 ATM, 5 Jahre Garantie.","robots":{"index":"index","follow":"follow","max-snippet":"max-snippet:-1","max-image-preview":"max-image-preview:large","max-video-preview":"max-video-preview:-1"},"canonical":"https:\/\/swissmilitarywatches.ch\/de\/shop\/schweizer-militaer-speed-chronograph-uhr-blau-silber-stahl-sm34115-04\/","og_locale":"de_DE","og_type":"article","og_title":"Schweizer Milit\u00e4r Speed Chronograph Uhr - Blau Silber Stahl | SM34115.04","og_description":"Swiss Military Speed Chronograph Watch - blau-silbernes Stahldesign, Tachymeter-L\u00fcnette, Schweizer Pr\u00e4zision, Saphirglas, 10 ATM, 5 Jahre Garantie.","og_url":"https:\/\/swissmilitarywatches.ch\/de\/shop\/schweizer-militaer-speed-chronograph-uhr-blau-silber-stahl-sm34115-04\/","og_site_name":"Swiss Military by Chrono","article_publisher":"https:\/\/m.facebook.com\/swissmilitarybychronoofficial\/","article_modified_time":"2026-02-16T13:01:35+00:00","og_image":[{"width":1300,"height":1642,"url":"https:\/\/swissmilitarywatches.ch\/wp-content\/uploads\/2026\/01\/SM34115.04-1.png","type":"image\/png"}],"twitter_card":"summary_large_image","twitter_misc":{"Preis":"&euro;399.00 inkl. MwSt.","Verf\u00fcgbarkeit":"Auf Lager"},"schema":{"@context":"https:\/\/schema.org","@graph":[{"@type":"WebPage","@id":"https:\/\/swissmilitarywatches.ch\/de\/shop\/schweizer-militaer-speed-chronograph-uhr-blau-silber-stahl-sm34115-04\/","url":"https:\/\/swissmilitarywatches.ch\/de\/shop\/schweizer-militaer-speed-chronograph-uhr-blau-silber-stahl-sm34115-04\/","name":"Schweizer Milit\u00e4r Speed Chronograph Uhr - Blau Silber Stahl | SM34115.04","isPartOf":{"@id":"https:\/\/swissmilitarywatches.ch\/de\/#website"},"primaryImageOfPage":{"@id":"https:\/\/swissmilitarywatches.ch\/de\/shop\/schweizer-militaer-speed-chronograph-uhr-blau-silber-stahl-sm34115-04\/#primaryimage"},"image":{"@id":"https:\/\/swissmilitarywatches.ch\/de\/shop\/schweizer-militaer-speed-chronograph-uhr-blau-silber-stahl-sm34115-04\/#primaryimage"},"thumbnailUrl":"https:\/\/swissmilitarywatches.ch\/wp-content\/uploads\/2026\/01\/SM34115.04-1.png","datePublished":"2026-01-27T10:38:54+00:00","dateModified":"2026-02-16T13:01:35+00:00","description":"Swiss Military Speed Chronograph Watch - blau-silbernes Stahldesign, Tachymeter-L\u00fcnette, Schweizer Pr\u00e4zision, Saphirglas, 10 ATM, 5 Jahre Garantie.","breadcrumb":{"@id":"https:\/\/swissmilitarywatches.ch\/de\/shop\/schweizer-militaer-speed-chronograph-uhr-blau-silber-stahl-sm34115-04\/#breadcrumb"},"inLanguage":"de","potentialAction":[{"@type":"ReadAction","target":["https:\/\/swissmilitarywatches.ch\/de\/shop\/schweizer-militaer-speed-chronograph-uhr-blau-silber-stahl-sm34115-04\/"]}]},{"@type":"ImageObject","inLanguage":"de","@id":"https:\/\/swissmilitarywatches.ch\/de\/shop\/schweizer-militaer-speed-chronograph-uhr-blau-silber-stahl-sm34115-04\/#primaryimage","url":"https:\/\/swissmilitarywatches.ch\/wp-content\/uploads\/2026\/01\/SM34115.04-1.png","contentUrl":"https:\/\/swissmilitarywatches.ch\/wp-content\/uploads\/2026\/01\/SM34115.04-1.png","width":1300,"height":1642,"caption":"Schweizer Pr\u00e4zision in blauem und silbernem Stahl."},{"@type":"BreadcrumbList","@id":"https:\/\/swissmilitarywatches.ch\/de\/shop\/schweizer-militaer-speed-chronograph-uhr-blau-silber-stahl-sm34115-04\/#breadcrumb","itemListElement":[{"@type":"ListItem","position":1,"name":"Home","item":"https:\/\/swissmilitarywatches.ch\/de\/home\/"},{"@type":"ListItem","position":2,"name":"Shop","item":"https:\/\/swissmilitarywatches.ch\/de\/shop\/"},{"@type":"ListItem","position":3,"name":"Schweizer Milit\u00e4r Speed Chronograph Uhr &#8211; Blau Silber Stahl | SM34115.04"}]},{"@type":"WebSite","@id":"https:\/\/swissmilitarywatches.ch\/de\/#website","url":"https:\/\/swissmilitarywatches.ch\/de\/","name":"Swiss Military by Chrono","description":"Official Licensed Product of the Swiss Confederation","publisher":{"@id":"https:\/\/swissmilitarywatches.ch\/de\/#organization"},"potentialAction":[{"@type":"SearchAction","target":{"@type":"EntryPoint","urlTemplate":"https:\/\/swissmilitarywatches.ch\/de\/?s={search_term_string}"},"query-input":{"@type":"PropertyValueSpecification","valueRequired":true,"valueName":"search_term_string"}}],"inLanguage":"de"},{"@type":"Organization","@id":"https:\/\/swissmilitarywatches.ch\/de\/#organization","name":"Swiss Military by Chrono","url":"https:\/\/swissmilitarywatches.ch\/de\/","logo":{"@type":"ImageObject","inLanguage":"de","@id":"https:\/\/swissmilitarywatches.ch\/de\/#\/schema\/logo\/image\/","url":"https:\/\/swissmilitarywatches.ch\/wp-content\/uploads\/2020\/04\/cropped-SM_logo_512x512px.jpg","contentUrl":"https:\/\/swissmilitarywatches.ch\/wp-content\/uploads\/2020\/04\/cropped-SM_logo_512x512px.jpg","width":512,"height":512,"caption":"Swiss Military by Chrono"},"image":{"@id":"https:\/\/swissmilitarywatches.ch\/de\/#\/schema\/logo\/image\/"},"sameAs":["https:\/\/m.facebook.com\/swissmilitarybychronoofficial\/","https:\/\/www.instagram.com\/swissmilitarybychrono\/","https:\/\/www.pinterest.ch\/swissmilitarybychrono\/"]}]},"product_brand":"Swiss Military by Chrono","product_price_amount":"399.00","product_price_currency":"EUR","og_availability":"instock","product_availability":"instock","product_retailer_item_id":"SM34115.04","product_condition":"new"},"jetpack_sharing_enabled":true,"_links":{"self":[{"href":"https:\/\/swissmilitarywatches.ch\/de\/wp-json\/wp\/v2\/product\/24676","targetHints":{"allow":["GET"]}}],"collection":[{"href":"https:\/\/swissmilitarywatches.ch\/de\/wp-json\/wp\/v2\/product"}],"about":[{"href":"https:\/\/swissmilitarywatches.ch\/de\/wp-json\/wp\/v2\/types\/product"}],"replies":[{"embeddable":true,"href":"https:\/\/swissmilitarywatches.ch\/de\/wp-json\/wp\/v2\/comments?post=24676"}],"wp:featuredmedia":[{"embeddable":true,"href":"https:\/\/swissmilitarywatches.ch\/de\/wp-json\/wp\/v2\/media\/24615"}],"wp:attachment":[{"href":"https:\/\/swissmilitarywatches.ch\/de\/wp-json\/wp\/v2\/media?parent=24676"}],"wp:term":[{"taxonomy":"product_brand","embeddable":true,"href":"https:\/\/swissmilitarywatches.ch\/de\/wp-json\/wp\/v2\/product_brand?post=24676"},{"taxonomy":"product_cat","embeddable":true,"href":"https:\/\/swissmilitarywatches.ch\/de\/wp-json\/wp\/v2\/product_cat?post=24676"},{"taxonomy":"product_tag","embeddable":true,"href":"https:\/\/swissmilitarywatches.ch\/de\/wp-json\/wp\/v2\/product_tag?post=24676"}],"curies":[{"name":"wp","href":"https:\/\/api.w.org\/{rel}","templated":true}]}}