{"id":24604,"date":"2026-01-27T12:38:55","date_gmt":"2026-01-27T10:38:55","guid":{"rendered":"https:\/\/swissmilitarywatches.ch\/shop\/schweizer-militaer-speed-chronograph-uhr-schwarzer-stahl-sm34115-01\/"},"modified":"2026-04-23T10:20:21","modified_gmt":"2026-04-23T08:20:21","slug":"schweizer-militaer-speed-chronograph-uhr-schwarzer-stahl-sm34115-01","status":"publish","type":"product","link":"https:\/\/swissmilitarywatches.ch\/de\/shop\/schweizer-militaer-speed-chronograph-uhr-schwarzer-stahl-sm34115-01\/","title":{"rendered":"Swiss Military Speed Chronograph &#8211; Schwarzer Stahl | SM34115.01"},"content":{"rendered":"<h2>Designt f\u00fcr Geschwindigkeit &#8211; die Tachymeterl\u00fcnette verwandelt Schweizer Pr\u00e4zision in pure Leistung.<\/h2>\n<h2><div class=\"is-divider divider clearfix\" style=\"max-width:small;\"><\/div><\/h2>\n<p>Der <strong>Swiss Military Speed Chronograph SM34115.01<\/strong> ist f\u00fcr M\u00e4nner gemacht, die auf Schritt und Tritt auf Pr\u00e4zision achten. Sie l\u00e4uft mit einem zuverl\u00e4ssigen Schweizer Chronographenwerk, das Tag f\u00fcr Tag f\u00fcr gleichbleibende Genauigkeit sorgt. Mit der Tachymeterl\u00fcnette k\u00f6nnen Sie au\u00dferdem m\u00fchelos die Geschwindigkeit messen und die Zeit in Leistung umwandeln.  <\/p>\n<div>\n<div>\n<p id=\"message\">Das schwarze Zifferblatt verf\u00fcgt \u00fcber leuchtend rote Chronographenzeiger, die sich deutlich abheben, w\u00e4hrend die Leuchtmarkierungen die Sichtbarkeit bei schlechten Lichtverh\u00e4ltnissen verbessern. Dar\u00fcber hinaus sch\u00fctzt das Saphirglas das Zifferblatt vor Kratzern und sorgt f\u00fcr eine scharfe Sicht. Das 43-mm-Edelstahlgeh\u00e4use und das Stahlarmband sorgen f\u00fcr Langlebigkeit und Komfort, so dass Sie die Uhr auch bei der Arbeit oder bei schnellen Bewegungen sicher tragen k\u00f6nnen.  <\/p>\n<\/div>\n<div>\n<p id=\"message\">Mit ihren Chronographen- und Datumsfunktionen ist diese Schweizer Tachymeteruhr ebenso praktisch wie gewagt. Mit 10 ATM Wasserdichtigkeit ist sie bereit zum Schwimmen oder zum t\u00e4glichen Tragen. Jedes Detail spiegelt den Geist von Swiss Military wider &#8211; Pr\u00e4zision im Design, Kraft in der Bewegung und Vertrauen in jede Sekunde.  <\/p>\n<div class=\"is-divider divider clearfix\" style=\"max-width:small;\"><\/div>\n<\/div>\n<h3>Hauptmerkmale:<\/h3>\n<\/div>\n<div>\n<ul>\n<li><strong>Schweizer Chronographenwerk ETA G10.212<\/strong><\/li>\n<li>Funktionale <strong>Tachymeter-L\u00fcnette<\/strong> f\u00fcr die Geschwindigkeitsmessung<\/li>\n<li><strong>Saphirglas<\/strong> &#8211; kratzfeste Klarheit<\/li>\n<li><strong>43 mm Geh\u00e4use aus Edelstahl<\/strong> mit schwarzem Zifferblatt<\/li>\n<li><strong>Chronograph + Tag-Datum-Funktion<\/strong> <\/li>\n<li><strong>Stahlarmband<\/strong> mit sicherer Faltschlie\u00dfe<\/li>\n<li><strong>10 ATM Wasserdichtigkeit<\/strong><\/li>\n<li><strong>Swiss Made<\/strong>, 5 Jahre internationale Garantie<\/li>\n<\/ul>\n<\/div>\n<div>\n<div class=\"is-divider divider clearfix\" style=\"max-width:small;\"><\/div>\n<p id=\"message\">Von der Schweizerischen Eidgenossenschaft lizenziert, in der Schweiz handmontiert und durch eine 5-j\u00e4hrige internationale Garantie gesch\u00fctzt.<\/p>\n<\/div>\n<div class=\"row hide-for-small\"  id=\"row-323395776\">\n\n\n\t<div id=\"col-306186700\" class=\"col small-12 large-12\"  >\n\t\t\t\t<div class=\"col-inner\"  >\n\t\t\t\n\t\t\t\n\n\t<div class=\"img has-hover x md-x lg-x y md-y lg-y\" id=\"image_102504644\">\n\t\t\t\t\t\t\t\t<div class=\"img-inner dark\" >\n\t\t\t<img decoding=\"async\" width=\"2560\" height=\"1280\" src=\"https:\/\/swissmilitarywatches.ch\/wp-content\/uploads\/2026\/01\/UX-Block-Images-DESKTOP-LTD-Edition-scaled.jpg\" class=\"attachment-large size-large\" alt=\"Swiss watchmaker assembling a watch movement \u2013 hand\u2011crafted Swiss Military by Chrono timepiece made in Switzerland.\" srcset=\"https:\/\/swissmilitarywatches.ch\/wp-content\/uploads\/2026\/01\/UX-Block-Images-DESKTOP-LTD-Edition-scaled.jpg 2560w, https:\/\/swissmilitarywatches.ch\/wp-content\/uploads\/2026\/01\/UX-Block-Images-DESKTOP-LTD-Edition-768x384.jpg 768w, https:\/\/swissmilitarywatches.ch\/wp-content\/uploads\/2026\/01\/UX-Block-Images-DESKTOP-LTD-Edition-1536x768.jpg 1536w, https:\/\/swissmilitarywatches.ch\/wp-content\/uploads\/2026\/01\/UX-Block-Images-DESKTOP-LTD-Edition-2048x1024.jpg 2048w, https:\/\/swissmilitarywatches.ch\/wp-content\/uploads\/2026\/01\/UX-Block-Images-DESKTOP-LTD-Edition-600x300.jpg 600w\" sizes=\"(max-width: 2560px) 100vw, 2560px\" \/>\t\t\t\t\t\t\n\t\t\t\t\t<\/div>\n\t\t\t\t\t\t\t\t\n<style>\n#image_102504644 {\n  width: 100%;\n}\n<\/style>\n\t<\/div>\n\t\n\n\n\t\t<\/div>\n\t\t\t\t\t<\/div>\n\n\t\n\n\t<div id=\"col-400721265\" class=\"col small-12 large-12\"  >\n\t\t\t\t<div class=\"col-inner\"  >\n\t\t\t\n\t\t\t\n\n\t<div class=\"img has-hover x md-x lg-x y md-y lg-y\" id=\"image_561230381\">\n\t\t\t\t\t\t\t\t<div class=\"img-inner dark\" >\n\t\t\t<img decoding=\"async\" width=\"2560\" height=\"640\" src=\"https:\/\/swissmilitarywatches.ch\/wp-content\/uploads\/2026\/01\/Trust-Desktop-ALL-scaled.jpg\" class=\"attachment-large size-large\" alt=\"Swiss Military by Chrono official license and 5\u2011year international warranty badge \u2013 authentic Swiss Made watch quality guaranteed.\" srcset=\"https:\/\/swissmilitarywatches.ch\/wp-content\/uploads\/2026\/01\/Trust-Desktop-ALL-scaled.jpg 2560w, https:\/\/swissmilitarywatches.ch\/wp-content\/uploads\/2026\/01\/Trust-Desktop-ALL-768x192.jpg 768w, https:\/\/swissmilitarywatches.ch\/wp-content\/uploads\/2026\/01\/Trust-Desktop-ALL-1536x384.jpg 1536w, https:\/\/swissmilitarywatches.ch\/wp-content\/uploads\/2026\/01\/Trust-Desktop-ALL-2048x512.jpg 2048w, https:\/\/swissmilitarywatches.ch\/wp-content\/uploads\/2026\/01\/Trust-Desktop-ALL-600x150.jpg 600w\" sizes=\"(max-width: 2560px) 100vw, 2560px\" \/>\t\t\t\t\t\t\n\t\t\t\t\t<\/div>\n\t\t\t\t\t\t\t\t\n<style>\n#image_561230381 {\n  width: 100%;\n}\n<\/style>\n\t<\/div>\n\t\n\n\n\t\t<\/div>\n\t\t\t\t\t<\/div>\n\n\t\n\n<\/div>\n<div class=\"row show-for-small\"  id=\"row-47857723\">\n\n\n\t<div id=\"col-1334801297\" class=\"col small-12 large-12\"  >\n\t\t\t\t<div class=\"col-inner\"  >\n\t\t\t\n\t\t\t\n\n\t<div class=\"img has-hover x md-x lg-x y md-y lg-y\" id=\"image_853691513\">\n\t\t\t\t\t\t\t\t<div class=\"img-inner dark\" >\n\t\t\t<img decoding=\"async\" width=\"2560\" height=\"2560\" src=\"https:\/\/swissmilitarywatches.ch\/wp-content\/uploads\/2026\/01\/UX-Block-Images-MOBILE-LTD-Edtion-scaled.jpg\" class=\"attachment-large size-large\" alt=\"Swiss Military by Chrono watchmaker assembling a watch movement \u2013 hand\u2011crafted Swiss Military timepiece made in Switzerland\" srcset=\"https:\/\/swissmilitarywatches.ch\/wp-content\/uploads\/2026\/01\/UX-Block-Images-MOBILE-LTD-Edtion-scaled.jpg 2560w, https:\/\/swissmilitarywatches.ch\/wp-content\/uploads\/2026\/01\/UX-Block-Images-MOBILE-LTD-Edtion-768x768.jpg 768w, https:\/\/swissmilitarywatches.ch\/wp-content\/uploads\/2026\/01\/UX-Block-Images-MOBILE-LTD-Edtion-1536x1536.jpg 1536w, https:\/\/swissmilitarywatches.ch\/wp-content\/uploads\/2026\/01\/UX-Block-Images-MOBILE-LTD-Edtion-2048x2048.jpg 2048w, https:\/\/swissmilitarywatches.ch\/wp-content\/uploads\/2026\/01\/UX-Block-Images-MOBILE-LTD-Edtion-600x600.jpg 600w, https:\/\/swissmilitarywatches.ch\/wp-content\/uploads\/2026\/01\/UX-Block-Images-MOBILE-LTD-Edtion-100x100.jpg 100w\" sizes=\"(max-width: 2560px) 100vw, 2560px\" \/>\t\t\t\t\t\t\n\t\t\t\t\t<\/div>\n\t\t\t\t\t\t\t\t\n<style>\n#image_853691513 {\n  width: 100%;\n}\n<\/style>\n\t<\/div>\n\t\n\n\n\t\t<\/div>\n\t\t\t\t\t<\/div>\n\n\t\n\n\t<div id=\"col-334886849\" class=\"col small-12 large-12\"  >\n\t\t\t\t<div class=\"col-inner\"  >\n\t\t\t\n\t\t\t\n\n\t<div class=\"img has-hover x md-x lg-x y md-y lg-y\" id=\"image_1032431339\">\n\t\t\t\t\t\t\t\t<div class=\"img-inner dark\" >\n\t\t\t<img decoding=\"async\" width=\"2560\" height=\"1280\" src=\"https:\/\/swissmilitarywatches.ch\/wp-content\/uploads\/2026\/01\/Trust-MOBILE-All-scaled.jpg\" class=\"attachment-large size-large\" alt=\"Swiss Military by Chrono official license and 5\u2011year international warranty badge \u2013 authentic Swiss Made watch quality guaranteed.\" srcset=\"https:\/\/swissmilitarywatches.ch\/wp-content\/uploads\/2026\/01\/Trust-MOBILE-All-scaled.jpg 2560w, https:\/\/swissmilitarywatches.ch\/wp-content\/uploads\/2026\/01\/Trust-MOBILE-All-768x384.jpg 768w, https:\/\/swissmilitarywatches.ch\/wp-content\/uploads\/2026\/01\/Trust-MOBILE-All-1536x768.jpg 1536w, https:\/\/swissmilitarywatches.ch\/wp-content\/uploads\/2026\/01\/Trust-MOBILE-All-2048x1024.jpg 2048w, https:\/\/swissmilitarywatches.ch\/wp-content\/uploads\/2026\/01\/Trust-MOBILE-All-600x300.jpg 600w\" sizes=\"(max-width: 2560px) 100vw, 2560px\" \/>\t\t\t\t\t\t\n\t\t\t\t\t<\/div>\n\t\t\t\t\t\t\t\t\n<style>\n#image_1032431339 {\n  width: 100%;\n}\n<\/style>\n\t<\/div>\n\t\n\n\n\t\t<\/div>\n\t\t\t\t\t<\/div>\n\n\t\n\n<\/div>\n","protected":false},"excerpt":{"rendered":"<p>Der <strong>Swiss Military Speed Chronograph<\/strong> verbindet Schweizer Pr\u00e4zision mit Rennsportleistung. Ihre <strong>Tachymeterl\u00fcnette<\/strong> misst die Geschwindigkeit pr\u00e4zise, w\u00e4hrend das <strong>Saphirglas<\/strong> auch unter Belastung klar bleibt. Durch die Kombination eines schwarzen Zifferblatts mit einem massiven Stahlarmband bietet sie sowohl St\u00e4rke als auch zeitlosen Stil f\u00fcr M\u00e4nner in Bewegung.  <\/p>\n","protected":false},"featured_media":24631,"comment_status":"open","ping_status":"closed","template":"","meta":[],"product_brand":[],"product_cat":[3174,1604,1607,1614,1612],"product_tag":[],"class_list":{"0":"post-24604","1":"product","2":"type-product","3":"status-publish","4":"has-post-thumbnail","6":"product_cat-sm34115","7":"product_cat-alle-uhren","8":"product_cat-herrenuhren","9":"product_cat-chronographen","10":"product_cat-neuheiten","11":"product_shipping_class-flexible-shipping-de","13":"first","14":"instock","15":"featured","16":"taxable","17":"shipping-taxable","18":"purchasable","19":"product-type-simple"},"yoast_head":"<!-- This site is optimized with the Yoast SEO Premium plugin v26.6 (Yoast SEO v26.6) - https:\/\/yoast.com\/wordpress\/plugins\/seo\/ -->\n<title>Swiss Military Speed Chronograph - Schwarzer Stahl | SM34115.01<\/title>\n<meta name=\"description\" content=\"Swiss Military Speed Chronograph - schwarzes Stahldesign, Tachymeterl\u00fcnette, Schweizer Pr\u00e4zision, Saphirglas, 10 ATM, 5 Jahre Garantie.\" \/>\n<meta name=\"robots\" content=\"index, follow, max-snippet:-1, max-image-preview:large, max-video-preview:-1\" \/>\n<link rel=\"canonical\" href=\"https:\/\/swissmilitarywatches.ch\/de\/shop\/schweizer-militaer-speed-chronograph-uhr-schwarzer-stahl-sm34115-01\/\" \/>\n<meta property=\"og:locale\" content=\"de_DE\" \/>\n<meta property=\"og:type\" content=\"article\" \/>\n<meta property=\"og:title\" content=\"Swiss Military Speed Chronograph - Schwarzer Stahl | SM34115.01\" \/>\n<meta property=\"og:description\" content=\"Swiss Military Speed Chronograph - schwarzes Stahldesign, Tachymeterl\u00fcnette, Schweizer Pr\u00e4zision, Saphirglas, 10 ATM, 5 Jahre Garantie.\" \/>\n<meta property=\"og:url\" content=\"https:\/\/swissmilitarywatches.ch\/de\/shop\/schweizer-militaer-speed-chronograph-uhr-schwarzer-stahl-sm34115-01\/\" \/>\n<meta property=\"og:site_name\" content=\"Swiss Military by Chrono\" \/>\n<meta property=\"article:publisher\" content=\"https:\/\/m.facebook.com\/swissmilitarybychronoofficial\/\" \/>\n<meta property=\"article:modified_time\" content=\"2026-04-23T08:20:21+00:00\" \/>\n<meta property=\"og:image\" content=\"https:\/\/swissmilitarywatches.ch\/wp-content\/uploads\/2026\/01\/SM34115.01-1.png\" \/>\n\t<meta property=\"og:image:width\" content=\"1300\" \/>\n\t<meta property=\"og:image:height\" content=\"1642\" \/>\n\t<meta property=\"og:image:type\" content=\"image\/png\" \/>\n<meta name=\"twitter:card\" content=\"summary_large_image\" \/>\n<meta name=\"twitter:label1\" content=\"Preis\" \/>\n\t<meta name=\"twitter:data1\" content=\"&euro;399.00 inkl. MwSt.\" \/>\n\t<meta name=\"twitter:label2\" content=\"Verf\u00fcgbarkeit\" \/>\n\t<meta name=\"twitter:data2\" content=\"Auf Lager\" \/>\n<script type=\"application\/ld+json\" class=\"yoast-schema-graph\">{\"@context\":\"https:\/\/schema.org\",\"@graph\":[{\"@type\":\"WebPage\",\"@id\":\"https:\/\/swissmilitarywatches.ch\/de\/shop\/schweizer-militaer-speed-chronograph-uhr-schwarzer-stahl-sm34115-01\/\",\"url\":\"https:\/\/swissmilitarywatches.ch\/de\/shop\/schweizer-militaer-speed-chronograph-uhr-schwarzer-stahl-sm34115-01\/\",\"name\":\"Swiss Military Speed Chronograph - Schwarzer Stahl | SM34115.01\",\"isPartOf\":{\"@id\":\"https:\/\/swissmilitarywatches.ch\/de\/#website\"},\"primaryImageOfPage\":{\"@id\":\"https:\/\/swissmilitarywatches.ch\/de\/shop\/schweizer-militaer-speed-chronograph-uhr-schwarzer-stahl-sm34115-01\/#primaryimage\"},\"image\":{\"@id\":\"https:\/\/swissmilitarywatches.ch\/de\/shop\/schweizer-militaer-speed-chronograph-uhr-schwarzer-stahl-sm34115-01\/#primaryimage\"},\"thumbnailUrl\":\"https:\/\/swissmilitarywatches.ch\/wp-content\/uploads\/2026\/01\/SM34115.01-1.png\",\"datePublished\":\"2026-01-27T10:38:55+00:00\",\"dateModified\":\"2026-04-23T08:20:21+00:00\",\"description\":\"Swiss Military Speed Chronograph - schwarzes Stahldesign, Tachymeterl\u00fcnette, Schweizer Pr\u00e4zision, Saphirglas, 10 ATM, 5 Jahre Garantie.\",\"breadcrumb\":{\"@id\":\"https:\/\/swissmilitarywatches.ch\/de\/shop\/schweizer-militaer-speed-chronograph-uhr-schwarzer-stahl-sm34115-01\/#breadcrumb\"},\"inLanguage\":\"de\",\"potentialAction\":[{\"@type\":\"ReadAction\",\"target\":[\"https:\/\/swissmilitarywatches.ch\/de\/shop\/schweizer-militaer-speed-chronograph-uhr-schwarzer-stahl-sm34115-01\/\"]}]},{\"@type\":\"ImageObject\",\"inLanguage\":\"de\",\"@id\":\"https:\/\/swissmilitarywatches.ch\/de\/shop\/schweizer-militaer-speed-chronograph-uhr-schwarzer-stahl-sm34115-01\/#primaryimage\",\"url\":\"https:\/\/swissmilitarywatches.ch\/wp-content\/uploads\/2026\/01\/SM34115.01-1.png\",\"contentUrl\":\"https:\/\/swissmilitarywatches.ch\/wp-content\/uploads\/2026\/01\/SM34115.01-1.png\",\"width\":1300,\"height\":1642,\"caption\":\"Schweizer Pr\u00e4zision trifft auf Geschwindigkeit und Stil.\"},{\"@type\":\"BreadcrumbList\",\"@id\":\"https:\/\/swissmilitarywatches.ch\/de\/shop\/schweizer-militaer-speed-chronograph-uhr-schwarzer-stahl-sm34115-01\/#breadcrumb\",\"itemListElement\":[{\"@type\":\"ListItem\",\"position\":1,\"name\":\"Home\",\"item\":\"https:\/\/swissmilitarywatches.ch\/de\/home\/\"},{\"@type\":\"ListItem\",\"position\":2,\"name\":\"Shop\",\"item\":\"https:\/\/swissmilitarywatches.ch\/de\/shop\/\"},{\"@type\":\"ListItem\",\"position\":3,\"name\":\"Alle Uhren\",\"item\":\"https:\/\/swissmilitarywatches.ch\/de\/produkt-kategorie\/alle-uhren\/\"},{\"@type\":\"ListItem\",\"position\":4,\"name\":\"Herrenuhren\",\"item\":\"https:\/\/swissmilitarywatches.ch\/de\/produkt-kategorie\/alle-uhren\/herrenuhren\/\"},{\"@type\":\"ListItem\",\"position\":5,\"name\":\"Chronographen\",\"item\":\"https:\/\/swissmilitarywatches.ch\/de\/produkt-kategorie\/alle-uhren\/herrenuhren\/chronographen\/\"},{\"@type\":\"ListItem\",\"position\":6,\"name\":\"Swiss Military Speed Chronograph &#8211; Schwarzer Stahl | SM34115.01\"}]},{\"@type\":\"WebSite\",\"@id\":\"https:\/\/swissmilitarywatches.ch\/de\/#website\",\"url\":\"https:\/\/swissmilitarywatches.ch\/de\/\",\"name\":\"Swiss Military by Chrono\",\"description\":\"Official Licensed Product of the Swiss Confederation\",\"publisher\":{\"@id\":\"https:\/\/swissmilitarywatches.ch\/de\/#organization\"},\"potentialAction\":[{\"@type\":\"SearchAction\",\"target\":{\"@type\":\"EntryPoint\",\"urlTemplate\":\"https:\/\/swissmilitarywatches.ch\/de\/?s={search_term_string}\"},\"query-input\":{\"@type\":\"PropertyValueSpecification\",\"valueRequired\":true,\"valueName\":\"search_term_string\"}}],\"inLanguage\":\"de\"},{\"@type\":\"Organization\",\"@id\":\"https:\/\/swissmilitarywatches.ch\/de\/#organization\",\"name\":\"Swiss Military by Chrono\",\"url\":\"https:\/\/swissmilitarywatches.ch\/de\/\",\"logo\":{\"@type\":\"ImageObject\",\"inLanguage\":\"de\",\"@id\":\"https:\/\/swissmilitarywatches.ch\/de\/#\/schema\/logo\/image\/\",\"url\":\"https:\/\/swissmilitarywatches.ch\/wp-content\/uploads\/2020\/04\/cropped-SM_logo_512x512px.jpg\",\"contentUrl\":\"https:\/\/swissmilitarywatches.ch\/wp-content\/uploads\/2020\/04\/cropped-SM_logo_512x512px.jpg\",\"width\":512,\"height\":512,\"caption\":\"Swiss Military by Chrono\"},\"image\":{\"@id\":\"https:\/\/swissmilitarywatches.ch\/de\/#\/schema\/logo\/image\/\"},\"sameAs\":[\"https:\/\/m.facebook.com\/swissmilitarybychronoofficial\/\",\"https:\/\/www.instagram.com\/swissmilitarybychrono\/\",\"https:\/\/www.pinterest.ch\/swissmilitarybychrono\/\"]}]}<\/script>\n<meta property=\"product:brand\" content=\"Swiss Military by Chrono\" \/>\n<meta property=\"product:price:amount\" content=\"399.00\" \/>\n<meta property=\"product:price:currency\" content=\"EUR\" \/>\n<meta property=\"og:availability\" content=\"instock\" \/>\n<meta property=\"product:availability\" content=\"instock\" \/>\n<meta property=\"product:retailer_item_id\" content=\"SM34115.01\" \/>\n<meta property=\"product:condition\" content=\"new\" \/>\n<!-- \/ Yoast SEO Premium plugin. -->","yoast_head_json":{"title":"Swiss Military Speed Chronograph - Schwarzer Stahl | SM34115.01","description":"Swiss Military Speed Chronograph - schwarzes Stahldesign, Tachymeterl\u00fcnette, Schweizer Pr\u00e4zision, Saphirglas, 10 ATM, 5 Jahre Garantie.","robots":{"index":"index","follow":"follow","max-snippet":"max-snippet:-1","max-image-preview":"max-image-preview:large","max-video-preview":"max-video-preview:-1"},"canonical":"https:\/\/swissmilitarywatches.ch\/de\/shop\/schweizer-militaer-speed-chronograph-uhr-schwarzer-stahl-sm34115-01\/","og_locale":"de_DE","og_type":"article","og_title":"Swiss Military Speed Chronograph - Schwarzer Stahl | SM34115.01","og_description":"Swiss Military Speed Chronograph - schwarzes Stahldesign, Tachymeterl\u00fcnette, Schweizer Pr\u00e4zision, Saphirglas, 10 ATM, 5 Jahre Garantie.","og_url":"https:\/\/swissmilitarywatches.ch\/de\/shop\/schweizer-militaer-speed-chronograph-uhr-schwarzer-stahl-sm34115-01\/","og_site_name":"Swiss Military by Chrono","article_publisher":"https:\/\/m.facebook.com\/swissmilitarybychronoofficial\/","article_modified_time":"2026-04-23T08:20:21+00:00","og_image":[{"width":1300,"height":1642,"url":"https:\/\/swissmilitarywatches.ch\/wp-content\/uploads\/2026\/01\/SM34115.01-1.png","type":"image\/png"}],"twitter_card":"summary_large_image","twitter_misc":{"Preis":"&euro;399.00 inkl. MwSt.","Verf\u00fcgbarkeit":"Auf Lager"},"schema":{"@context":"https:\/\/schema.org","@graph":[{"@type":"WebPage","@id":"https:\/\/swissmilitarywatches.ch\/de\/shop\/schweizer-militaer-speed-chronograph-uhr-schwarzer-stahl-sm34115-01\/","url":"https:\/\/swissmilitarywatches.ch\/de\/shop\/schweizer-militaer-speed-chronograph-uhr-schwarzer-stahl-sm34115-01\/","name":"Swiss Military Speed Chronograph - Schwarzer Stahl | SM34115.01","isPartOf":{"@id":"https:\/\/swissmilitarywatches.ch\/de\/#website"},"primaryImageOfPage":{"@id":"https:\/\/swissmilitarywatches.ch\/de\/shop\/schweizer-militaer-speed-chronograph-uhr-schwarzer-stahl-sm34115-01\/#primaryimage"},"image":{"@id":"https:\/\/swissmilitarywatches.ch\/de\/shop\/schweizer-militaer-speed-chronograph-uhr-schwarzer-stahl-sm34115-01\/#primaryimage"},"thumbnailUrl":"https:\/\/swissmilitarywatches.ch\/wp-content\/uploads\/2026\/01\/SM34115.01-1.png","datePublished":"2026-01-27T10:38:55+00:00","dateModified":"2026-04-23T08:20:21+00:00","description":"Swiss Military Speed Chronograph - schwarzes Stahldesign, Tachymeterl\u00fcnette, Schweizer Pr\u00e4zision, Saphirglas, 10 ATM, 5 Jahre Garantie.","breadcrumb":{"@id":"https:\/\/swissmilitarywatches.ch\/de\/shop\/schweizer-militaer-speed-chronograph-uhr-schwarzer-stahl-sm34115-01\/#breadcrumb"},"inLanguage":"de","potentialAction":[{"@type":"ReadAction","target":["https:\/\/swissmilitarywatches.ch\/de\/shop\/schweizer-militaer-speed-chronograph-uhr-schwarzer-stahl-sm34115-01\/"]}]},{"@type":"ImageObject","inLanguage":"de","@id":"https:\/\/swissmilitarywatches.ch\/de\/shop\/schweizer-militaer-speed-chronograph-uhr-schwarzer-stahl-sm34115-01\/#primaryimage","url":"https:\/\/swissmilitarywatches.ch\/wp-content\/uploads\/2026\/01\/SM34115.01-1.png","contentUrl":"https:\/\/swissmilitarywatches.ch\/wp-content\/uploads\/2026\/01\/SM34115.01-1.png","width":1300,"height":1642,"caption":"Schweizer Pr\u00e4zision trifft auf Geschwindigkeit und Stil."},{"@type":"BreadcrumbList","@id":"https:\/\/swissmilitarywatches.ch\/de\/shop\/schweizer-militaer-speed-chronograph-uhr-schwarzer-stahl-sm34115-01\/#breadcrumb","itemListElement":[{"@type":"ListItem","position":1,"name":"Home","item":"https:\/\/swissmilitarywatches.ch\/de\/home\/"},{"@type":"ListItem","position":2,"name":"Shop","item":"https:\/\/swissmilitarywatches.ch\/de\/shop\/"},{"@type":"ListItem","position":3,"name":"Alle Uhren","item":"https:\/\/swissmilitarywatches.ch\/de\/produkt-kategorie\/alle-uhren\/"},{"@type":"ListItem","position":4,"name":"Herrenuhren","item":"https:\/\/swissmilitarywatches.ch\/de\/produkt-kategorie\/alle-uhren\/herrenuhren\/"},{"@type":"ListItem","position":5,"name":"Chronographen","item":"https:\/\/swissmilitarywatches.ch\/de\/produkt-kategorie\/alle-uhren\/herrenuhren\/chronographen\/"},{"@type":"ListItem","position":6,"name":"Swiss Military Speed Chronograph &#8211; Schwarzer Stahl | SM34115.01"}]},{"@type":"WebSite","@id":"https:\/\/swissmilitarywatches.ch\/de\/#website","url":"https:\/\/swissmilitarywatches.ch\/de\/","name":"Swiss Military by Chrono","description":"Official Licensed Product of the Swiss Confederation","publisher":{"@id":"https:\/\/swissmilitarywatches.ch\/de\/#organization"},"potentialAction":[{"@type":"SearchAction","target":{"@type":"EntryPoint","urlTemplate":"https:\/\/swissmilitarywatches.ch\/de\/?s={search_term_string}"},"query-input":{"@type":"PropertyValueSpecification","valueRequired":true,"valueName":"search_term_string"}}],"inLanguage":"de"},{"@type":"Organization","@id":"https:\/\/swissmilitarywatches.ch\/de\/#organization","name":"Swiss Military by Chrono","url":"https:\/\/swissmilitarywatches.ch\/de\/","logo":{"@type":"ImageObject","inLanguage":"de","@id":"https:\/\/swissmilitarywatches.ch\/de\/#\/schema\/logo\/image\/","url":"https:\/\/swissmilitarywatches.ch\/wp-content\/uploads\/2020\/04\/cropped-SM_logo_512x512px.jpg","contentUrl":"https:\/\/swissmilitarywatches.ch\/wp-content\/uploads\/2020\/04\/cropped-SM_logo_512x512px.jpg","width":512,"height":512,"caption":"Swiss Military by Chrono"},"image":{"@id":"https:\/\/swissmilitarywatches.ch\/de\/#\/schema\/logo\/image\/"},"sameAs":["https:\/\/m.facebook.com\/swissmilitarybychronoofficial\/","https:\/\/www.instagram.com\/swissmilitarybychrono\/","https:\/\/www.pinterest.ch\/swissmilitarybychrono\/"]}]},"product_brand":"Swiss Military by Chrono","product_price_amount":"399.00","product_price_currency":"EUR","og_availability":"instock","product_availability":"instock","product_retailer_item_id":"SM34115.01","product_condition":"new"},"jetpack_sharing_enabled":true,"_links":{"self":[{"href":"https:\/\/swissmilitarywatches.ch\/de\/wp-json\/wp\/v2\/product\/24604","targetHints":{"allow":["GET"]}}],"collection":[{"href":"https:\/\/swissmilitarywatches.ch\/de\/wp-json\/wp\/v2\/product"}],"about":[{"href":"https:\/\/swissmilitarywatches.ch\/de\/wp-json\/wp\/v2\/types\/product"}],"replies":[{"embeddable":true,"href":"https:\/\/swissmilitarywatches.ch\/de\/wp-json\/wp\/v2\/comments?post=24604"}],"wp:featuredmedia":[{"embeddable":true,"href":"https:\/\/swissmilitarywatches.ch\/de\/wp-json\/wp\/v2\/media\/24631"}],"wp:attachment":[{"href":"https:\/\/swissmilitarywatches.ch\/de\/wp-json\/wp\/v2\/media?parent=24604"}],"wp:term":[{"taxonomy":"product_brand","embeddable":true,"href":"https:\/\/swissmilitarywatches.ch\/de\/wp-json\/wp\/v2\/product_brand?post=24604"},{"taxonomy":"product_cat","embeddable":true,"href":"https:\/\/swissmilitarywatches.ch\/de\/wp-json\/wp\/v2\/product_cat?post=24604"},{"taxonomy":"product_tag","embeddable":true,"href":"https:\/\/swissmilitarywatches.ch\/de\/wp-json\/wp\/v2\/product_tag?post=24604"}],"curies":[{"name":"wp","href":"https:\/\/api.w.org\/{rel}","templated":true}]}}