{"id":24342,"date":"2026-02-02T12:47:40","date_gmt":"2026-02-02T10:47:40","guid":{"rendered":"https:\/\/swissmilitarywatches.ch\/shop\/swiss-military-classic-herrenuhr-schwarz-stahl-sm34116-01\/"},"modified":"2026-02-16T15:00:16","modified_gmt":"2026-02-16T13:00:16","slug":"swiss-military-classic-herrenuhr-schwarz-stahl-sm34116-01","status":"publish","type":"product","link":"https:\/\/swissmilitarywatches.ch\/de\/shop\/swiss-military-classic-herrenuhr-schwarz-stahl-sm34116-01\/","title":{"rendered":"Swiss Military Classic Herrenuhr &#8211; Schwarz, Stahl | SM34116.01"},"content":{"rendered":"<div>\n<h2 id=\"message\">Swiss Military Classic Herrenuhr &#8211; Entworfen f\u00fcr allt\u00e4gliche Pr\u00e4zision<\/h2>\n<p>Die mit Schweizer Pr\u00e4zision gefertigte Swiss Military Classic Herrenuhr &#8211; SM34116.01 ist die Definition von funktioneller Eleganz. Das k\u00fchne schwarze Zifferblatt verbessert die Lesbarkeit, w\u00e4hrend die Leuchtzeiger und -markierungen f\u00fcr klare Ablesbarkeit bei jedem Licht sorgen. Die Tages-\/Datumsanzeige sorgt f\u00fcr praktischen Komfort in Ihrem Tagesrhythmus.  <\/p>\n<\/div>\n<div><\/div>\n<div>\n<p id=\"message\">Dieser Zeitmesser ist aus massivem Edelstahl gefertigt und wird durch ein kratzfestes Saphirglas gesch\u00fctzt, das den Strapazen eines aktiven Lebens standh\u00e4lt. Dank ihrer 100-Meter-Wasserdichtigkeit k\u00f6nnen Sie nahtlos von Meetings zu Momenten am Meer \u00fcbergehen, ohne Kompromisse einzugehen. <\/p>\n<\/div>\n<div><\/div>\n<div>\n<p id=\"message\">Das Schweizer Ronda-Quarzwerk sorgt f\u00fcr unersch\u00fctterliche Genauigkeit, w\u00e4hrend das Stahlarmband ein sicheres, maskulines Gef\u00fchl am Handgelenk vermittelt. Dieses Modell vereint urbane Raffinesse mit Schweizer Langlebigkeit &#8211; eine Uhr, die nicht nur die Zeit misst, sondern jeden Moment aufwertet. <\/p>\n<h3><div class=\"is-divider divider clearfix\" style=\"max-width:small;\"><\/div><\/h3>\n<\/div>\n<div>\n<div>\n<h3><strong>Hauptmerkmale<\/strong><\/h3>\n<\/div>\n<div>\n<ul>\n<li>Swiss Made Pr\u00e4zision mit Ronda 517 Quarzwerk<\/li>\n<li>Kratzfestes Saphirglas f\u00fcr lang anhaltende Klarheit<\/li>\n<li>Solides Edelstahlgeh\u00e4use und -armband f\u00fcr langlebigen Stil<\/li>\n<li>Tag &amp; Datum Funktion f\u00fcr die t\u00e4gliche Praxis<\/li>\n<li>100M \/ 10 ATM Wasserdichtigkeit f\u00fcr einen aktiven Lebensstil<\/li>\n<li>Leuchtzeiger und -markierungen f\u00fcr bessere Sichtbarkeit bei schlechten Lichtverh\u00e4ltnissen<\/li>\n<li>Schweizer Design und Montage mit 5 Jahren internationaler Garantie<\/li>\n<\/ul>\n<\/div>\n<\/div>\n<div>\n<h3><div class=\"is-divider divider clearfix\" style=\"max-width:small;\"><\/div><\/h3>\n<p id=\"message\">Von der Schweizerischen Eidgenossenschaft lizenziert, in der Schweiz handmontiert und durch eine 5-j\u00e4hrige internationale Garantie gesch\u00fctzt.<\/p>\n<div class=\"row hide-for-small\"  id=\"row-1713033493\">\n\n\n\t<div id=\"col-1621248346\" class=\"col small-12 large-12\"  >\n\t\t\t\t<div class=\"col-inner\"  >\n\t\t\t\n\t\t\t\n\n\t<div class=\"img has-hover x md-x lg-x y md-y lg-y\" id=\"image_1318572291\">\n\t\t\t\t\t\t\t\t<div class=\"img-inner dark\" >\n\t\t\t<img decoding=\"async\" width=\"2560\" height=\"1280\" src=\"https:\/\/swissmilitarywatches.ch\/wp-content\/uploads\/2026\/01\/UX-Block-Images-DESKTOP-LTD-Edition-scaled.jpg\" class=\"attachment-large size-large\" alt=\"Swiss watchmaker assembling a watch movement \u2013 hand\u2011crafted Swiss Military by Chrono timepiece made in Switzerland.\" srcset=\"https:\/\/swissmilitarywatches.ch\/wp-content\/uploads\/2026\/01\/UX-Block-Images-DESKTOP-LTD-Edition-scaled.jpg 2560w, https:\/\/swissmilitarywatches.ch\/wp-content\/uploads\/2026\/01\/UX-Block-Images-DESKTOP-LTD-Edition-768x384.jpg 768w, https:\/\/swissmilitarywatches.ch\/wp-content\/uploads\/2026\/01\/UX-Block-Images-DESKTOP-LTD-Edition-1536x768.jpg 1536w, https:\/\/swissmilitarywatches.ch\/wp-content\/uploads\/2026\/01\/UX-Block-Images-DESKTOP-LTD-Edition-2048x1024.jpg 2048w, https:\/\/swissmilitarywatches.ch\/wp-content\/uploads\/2026\/01\/UX-Block-Images-DESKTOP-LTD-Edition-600x300.jpg 600w\" sizes=\"(max-width: 2560px) 100vw, 2560px\" \/>\t\t\t\t\t\t\n\t\t\t\t\t<\/div>\n\t\t\t\t\t\t\t\t\n<style>\n#image_1318572291 {\n  width: 100%;\n}\n<\/style>\n\t<\/div>\n\t\n\n\n\t\t<\/div>\n\t\t\t\t\t<\/div>\n\n\t\n\n\t<div id=\"col-890400577\" class=\"col small-12 large-12\"  >\n\t\t\t\t<div class=\"col-inner\"  >\n\t\t\t\n\t\t\t\n\n\t<div class=\"img has-hover x md-x lg-x y md-y lg-y\" id=\"image_1426073534\">\n\t\t\t\t\t\t\t\t<div class=\"img-inner dark\" >\n\t\t\t<img decoding=\"async\" width=\"2560\" height=\"640\" src=\"https:\/\/swissmilitarywatches.ch\/wp-content\/uploads\/2026\/01\/Trust-Desktop-ALL-scaled.jpg\" class=\"attachment-large size-large\" alt=\"Swiss Military by Chrono official license and 5\u2011year international warranty badge \u2013 authentic Swiss Made watch quality guaranteed.\" srcset=\"https:\/\/swissmilitarywatches.ch\/wp-content\/uploads\/2026\/01\/Trust-Desktop-ALL-scaled.jpg 2560w, https:\/\/swissmilitarywatches.ch\/wp-content\/uploads\/2026\/01\/Trust-Desktop-ALL-768x192.jpg 768w, https:\/\/swissmilitarywatches.ch\/wp-content\/uploads\/2026\/01\/Trust-Desktop-ALL-1536x384.jpg 1536w, https:\/\/swissmilitarywatches.ch\/wp-content\/uploads\/2026\/01\/Trust-Desktop-ALL-2048x512.jpg 2048w, https:\/\/swissmilitarywatches.ch\/wp-content\/uploads\/2026\/01\/Trust-Desktop-ALL-600x150.jpg 600w\" sizes=\"(max-width: 2560px) 100vw, 2560px\" \/>\t\t\t\t\t\t\n\t\t\t\t\t<\/div>\n\t\t\t\t\t\t\t\t\n<style>\n#image_1426073534 {\n  width: 100%;\n}\n<\/style>\n\t<\/div>\n\t\n\n\n\t\t<\/div>\n\t\t\t\t\t<\/div>\n\n\t\n\n<\/div>\n<div class=\"row show-for-small\"  id=\"row-1772470306\">\n\n\n\t<div id=\"col-1854834655\" class=\"col small-12 large-12\"  >\n\t\t\t\t<div class=\"col-inner\"  >\n\t\t\t\n\t\t\t\n\n\t<div class=\"img has-hover x md-x lg-x y md-y lg-y\" id=\"image_1680670977\">\n\t\t\t\t\t\t\t\t<div class=\"img-inner dark\" >\n\t\t\t<img decoding=\"async\" width=\"2560\" height=\"2560\" src=\"https:\/\/swissmilitarywatches.ch\/wp-content\/uploads\/2026\/01\/UX-Block-Images-MOBILE-LTD-Edtion-scaled.jpg\" class=\"attachment-large size-large\" alt=\"Swiss Military by Chrono watchmaker assembling a watch movement \u2013 hand\u2011crafted Swiss Military timepiece made in Switzerland\" srcset=\"https:\/\/swissmilitarywatches.ch\/wp-content\/uploads\/2026\/01\/UX-Block-Images-MOBILE-LTD-Edtion-scaled.jpg 2560w, https:\/\/swissmilitarywatches.ch\/wp-content\/uploads\/2026\/01\/UX-Block-Images-MOBILE-LTD-Edtion-768x768.jpg 768w, https:\/\/swissmilitarywatches.ch\/wp-content\/uploads\/2026\/01\/UX-Block-Images-MOBILE-LTD-Edtion-1536x1536.jpg 1536w, https:\/\/swissmilitarywatches.ch\/wp-content\/uploads\/2026\/01\/UX-Block-Images-MOBILE-LTD-Edtion-2048x2048.jpg 2048w, https:\/\/swissmilitarywatches.ch\/wp-content\/uploads\/2026\/01\/UX-Block-Images-MOBILE-LTD-Edtion-600x600.jpg 600w, https:\/\/swissmilitarywatches.ch\/wp-content\/uploads\/2026\/01\/UX-Block-Images-MOBILE-LTD-Edtion-100x100.jpg 100w\" sizes=\"(max-width: 2560px) 100vw, 2560px\" \/>\t\t\t\t\t\t\n\t\t\t\t\t<\/div>\n\t\t\t\t\t\t\t\t\n<style>\n#image_1680670977 {\n  width: 100%;\n}\n<\/style>\n\t<\/div>\n\t\n\n\n\t\t<\/div>\n\t\t\t\t\t<\/div>\n\n\t\n\n\t<div id=\"col-9469999\" class=\"col small-12 large-12\"  >\n\t\t\t\t<div class=\"col-inner\"  >\n\t\t\t\n\t\t\t\n\n\t<div class=\"img has-hover x md-x lg-x y md-y lg-y\" id=\"image_1532121646\">\n\t\t\t\t\t\t\t\t<div class=\"img-inner dark\" >\n\t\t\t<img decoding=\"async\" width=\"2560\" height=\"1280\" src=\"https:\/\/swissmilitarywatches.ch\/wp-content\/uploads\/2026\/01\/Trust-MOBILE-All-scaled.jpg\" class=\"attachment-large size-large\" alt=\"Swiss Military by Chrono official license and 5\u2011year international warranty badge \u2013 authentic Swiss Made watch quality guaranteed.\" srcset=\"https:\/\/swissmilitarywatches.ch\/wp-content\/uploads\/2026\/01\/Trust-MOBILE-All-scaled.jpg 2560w, https:\/\/swissmilitarywatches.ch\/wp-content\/uploads\/2026\/01\/Trust-MOBILE-All-768x384.jpg 768w, https:\/\/swissmilitarywatches.ch\/wp-content\/uploads\/2026\/01\/Trust-MOBILE-All-1536x768.jpg 1536w, https:\/\/swissmilitarywatches.ch\/wp-content\/uploads\/2026\/01\/Trust-MOBILE-All-2048x1024.jpg 2048w, https:\/\/swissmilitarywatches.ch\/wp-content\/uploads\/2026\/01\/Trust-MOBILE-All-600x300.jpg 600w\" sizes=\"(max-width: 2560px) 100vw, 2560px\" \/>\t\t\t\t\t\t\n\t\t\t\t\t<\/div>\n\t\t\t\t\t\t\t\t\n<style>\n#image_1532121646 {\n  width: 100%;\n}\n<\/style>\n\t<\/div>\n\t\n\n\n\t\t<\/div>\n\t\t\t\t\t<\/div>\n\n\t\n\n<\/div>\n<\/div>\n","protected":false},"excerpt":{"rendered":"<p>Die <strong>Swiss Military Classic Herrenuhr<\/strong> vereint die Eleganz eines schwarzen Zifferblatts mit der Robustheit von Edelstahl. Das Saphirglas sorgt f\u00fcr Klarheit, und die Pr\u00e4zision von Tag und Datum h\u00e4lt Sie auf Kurs. Die Uhr ist f\u00fcr den Einsatz gebaut, aber dennoch stilvoll und sorgt f\u00fcr Vertrauen im B\u00fcro und im Freien.  <\/p>\n","protected":false},"featured_media":24358,"comment_status":"open","ping_status":"closed","template":"","meta":[],"product_brand":[],"product_cat":[3126,1604,1607,1615,1612],"product_tag":[],"class_list":{"0":"post-24342","1":"product","2":"type-product","3":"status-publish","4":"has-post-thumbnail","6":"product_cat-sm34116","7":"product_cat-alle-uhren","8":"product_cat-herrenuhren","9":"product_cat-quarzuhren","10":"product_cat-neuheiten","11":"product_shipping_class-flexible-shipping-de","13":"first","14":"instock","15":"featured","16":"taxable","17":"shipping-taxable","18":"purchasable","19":"product-type-simple"},"yoast_head":"<!-- This site is optimized with the Yoast SEO Premium plugin v26.6 (Yoast SEO v26.6) - https:\/\/yoast.com\/wordpress\/plugins\/seo\/ -->\n<title>Swiss Military Classic Herrenuhr - Schwarz, Stahl | SM34116.01 - Swiss Military by Chrono<\/title>\n<meta name=\"description\" content=\"Klassische Swiss Military Herrenuhr mit schwarzem Zifferblatt, Saphirglas und 100M Wasserdichtigkeit. Schweizer Herstellung mit 5 Jahren internationaler Garantie.\" \/>\n<meta name=\"robots\" content=\"index, follow, max-snippet:-1, max-image-preview:large, max-video-preview:-1\" \/>\n<link rel=\"canonical\" href=\"https:\/\/swissmilitarywatches.ch\/de\/shop\/swiss-military-classic-herrenuhr-schwarz-stahl-sm34116-01\/\" \/>\n<meta property=\"og:locale\" content=\"de_DE\" \/>\n<meta property=\"og:type\" content=\"article\" \/>\n<meta property=\"og:title\" content=\"Swiss Military Classic Herrenuhr - Schwarz, Stahl | SM34116.01\" \/>\n<meta property=\"og:description\" content=\"Klassische Swiss Military Herrenuhr mit schwarzem Zifferblatt, Saphirglas und 100M Wasserdichtigkeit. Schweizer Herstellung mit 5 Jahren internationaler Garantie.\" \/>\n<meta property=\"og:url\" content=\"https:\/\/swissmilitarywatches.ch\/de\/shop\/swiss-military-classic-herrenuhr-schwarz-stahl-sm34116-01\/\" \/>\n<meta property=\"og:site_name\" content=\"Swiss Military by Chrono\" \/>\n<meta property=\"article:publisher\" content=\"https:\/\/m.facebook.com\/swissmilitarybychronoofficial\/\" \/>\n<meta property=\"article:modified_time\" content=\"2026-02-16T13:00:16+00:00\" \/>\n<meta property=\"og:image\" content=\"https:\/\/swissmilitarywatches.ch\/wp-content\/uploads\/2026\/02\/SM34116.01.png\" \/>\n\t<meta property=\"og:image:width\" content=\"1300\" \/>\n\t<meta property=\"og:image:height\" content=\"1642\" \/>\n\t<meta property=\"og:image:type\" content=\"image\/png\" \/>\n<meta name=\"twitter:card\" content=\"summary_large_image\" \/>\n<meta name=\"twitter:label1\" content=\"Preis\" \/>\n\t<meta name=\"twitter:data1\" content=\"&euro;249.00 inkl. MwSt.\" \/>\n\t<meta name=\"twitter:label2\" content=\"Verf\u00fcgbarkeit\" \/>\n\t<meta name=\"twitter:data2\" content=\"Auf Lager\" \/>\n<script type=\"application\/ld+json\" class=\"yoast-schema-graph\">{\"@context\":\"https:\/\/schema.org\",\"@graph\":[{\"@type\":\"WebPage\",\"@id\":\"https:\/\/swissmilitarywatches.ch\/de\/shop\/swiss-military-classic-herrenuhr-schwarz-stahl-sm34116-01\/\",\"url\":\"https:\/\/swissmilitarywatches.ch\/de\/shop\/swiss-military-classic-herrenuhr-schwarz-stahl-sm34116-01\/\",\"name\":\"Swiss Military Classic Herrenuhr - Schwarz, Stahl | SM34116.01 - Swiss Military by Chrono\",\"isPartOf\":{\"@id\":\"https:\/\/swissmilitarywatches.ch\/de\/#website\"},\"primaryImageOfPage\":{\"@id\":\"https:\/\/swissmilitarywatches.ch\/de\/shop\/swiss-military-classic-herrenuhr-schwarz-stahl-sm34116-01\/#primaryimage\"},\"image\":{\"@id\":\"https:\/\/swissmilitarywatches.ch\/de\/shop\/swiss-military-classic-herrenuhr-schwarz-stahl-sm34116-01\/#primaryimage\"},\"thumbnailUrl\":\"https:\/\/swissmilitarywatches.ch\/wp-content\/uploads\/2026\/02\/SM34116.01.png\",\"datePublished\":\"2026-02-02T10:47:40+00:00\",\"dateModified\":\"2026-02-16T13:00:16+00:00\",\"description\":\"Klassische Swiss Military Herrenuhr mit schwarzem Zifferblatt, Saphirglas und 100M Wasserdichtigkeit. Schweizer Herstellung mit 5 Jahren internationaler Garantie.\",\"breadcrumb\":{\"@id\":\"https:\/\/swissmilitarywatches.ch\/de\/shop\/swiss-military-classic-herrenuhr-schwarz-stahl-sm34116-01\/#breadcrumb\"},\"inLanguage\":\"de\",\"potentialAction\":[{\"@type\":\"ReadAction\",\"target\":[\"https:\/\/swissmilitarywatches.ch\/de\/shop\/swiss-military-classic-herrenuhr-schwarz-stahl-sm34116-01\/\"]}]},{\"@type\":\"ImageObject\",\"inLanguage\":\"de\",\"@id\":\"https:\/\/swissmilitarywatches.ch\/de\/shop\/swiss-military-classic-herrenuhr-schwarz-stahl-sm34116-01\/#primaryimage\",\"url\":\"https:\/\/swissmilitarywatches.ch\/wp-content\/uploads\/2026\/02\/SM34116.01.png\",\"contentUrl\":\"https:\/\/swissmilitarywatches.ch\/wp-content\/uploads\/2026\/02\/SM34116.01.png\",\"width\":1300,\"height\":1642,\"caption\":\"Schweizer Milit\u00e4ruhr mit schwarzem Zifferblatt, die Klarheit und St\u00e4rke vereint.\"},{\"@type\":\"BreadcrumbList\",\"@id\":\"https:\/\/swissmilitarywatches.ch\/de\/shop\/swiss-military-classic-herrenuhr-schwarz-stahl-sm34116-01\/#breadcrumb\",\"itemListElement\":[{\"@type\":\"ListItem\",\"position\":1,\"name\":\"Home\",\"item\":\"https:\/\/swissmilitarywatches.ch\/de\/home\/\"},{\"@type\":\"ListItem\",\"position\":2,\"name\":\"Shop\",\"item\":\"https:\/\/swissmilitarywatches.ch\/de\/shop\/\"},{\"@type\":\"ListItem\",\"position\":3,\"name\":\"Swiss Military Classic Herrenuhr &#8211; Schwarz, Stahl | SM34116.01\"}]},{\"@type\":\"WebSite\",\"@id\":\"https:\/\/swissmilitarywatches.ch\/de\/#website\",\"url\":\"https:\/\/swissmilitarywatches.ch\/de\/\",\"name\":\"Swiss Military by Chrono\",\"description\":\"Official Licensed Product of the Swiss Confederation\",\"publisher\":{\"@id\":\"https:\/\/swissmilitarywatches.ch\/de\/#organization\"},\"potentialAction\":[{\"@type\":\"SearchAction\",\"target\":{\"@type\":\"EntryPoint\",\"urlTemplate\":\"https:\/\/swissmilitarywatches.ch\/de\/?s={search_term_string}\"},\"query-input\":{\"@type\":\"PropertyValueSpecification\",\"valueRequired\":true,\"valueName\":\"search_term_string\"}}],\"inLanguage\":\"de\"},{\"@type\":\"Organization\",\"@id\":\"https:\/\/swissmilitarywatches.ch\/de\/#organization\",\"name\":\"Swiss Military by Chrono\",\"url\":\"https:\/\/swissmilitarywatches.ch\/de\/\",\"logo\":{\"@type\":\"ImageObject\",\"inLanguage\":\"de\",\"@id\":\"https:\/\/swissmilitarywatches.ch\/de\/#\/schema\/logo\/image\/\",\"url\":\"https:\/\/swissmilitarywatches.ch\/wp-content\/uploads\/2020\/04\/cropped-SM_logo_512x512px.jpg\",\"contentUrl\":\"https:\/\/swissmilitarywatches.ch\/wp-content\/uploads\/2020\/04\/cropped-SM_logo_512x512px.jpg\",\"width\":512,\"height\":512,\"caption\":\"Swiss Military by Chrono\"},\"image\":{\"@id\":\"https:\/\/swissmilitarywatches.ch\/de\/#\/schema\/logo\/image\/\"},\"sameAs\":[\"https:\/\/m.facebook.com\/swissmilitarybychronoofficial\/\",\"https:\/\/www.instagram.com\/swissmilitarybychrono\/\",\"https:\/\/www.pinterest.ch\/swissmilitarybychrono\/\"]}]}<\/script>\n<meta property=\"product:brand\" content=\"Swiss Military by Chrono\" \/>\n<meta property=\"product:price:amount\" content=\"249.00\" \/>\n<meta property=\"product:price:currency\" content=\"EUR\" \/>\n<meta property=\"og:availability\" content=\"instock\" \/>\n<meta property=\"product:availability\" content=\"instock\" \/>\n<meta property=\"product:retailer_item_id\" content=\"SM34116.01\" \/>\n<meta property=\"product:condition\" content=\"new\" \/>\n<!-- \/ Yoast SEO Premium plugin. -->","yoast_head_json":{"title":"Swiss Military Classic Herrenuhr - Schwarz, Stahl | SM34116.01 - Swiss Military by Chrono","description":"Klassische Swiss Military Herrenuhr mit schwarzem Zifferblatt, Saphirglas und 100M Wasserdichtigkeit. Schweizer Herstellung mit 5 Jahren internationaler Garantie.","robots":{"index":"index","follow":"follow","max-snippet":"max-snippet:-1","max-image-preview":"max-image-preview:large","max-video-preview":"max-video-preview:-1"},"canonical":"https:\/\/swissmilitarywatches.ch\/de\/shop\/swiss-military-classic-herrenuhr-schwarz-stahl-sm34116-01\/","og_locale":"de_DE","og_type":"article","og_title":"Swiss Military Classic Herrenuhr - Schwarz, Stahl | SM34116.01","og_description":"Klassische Swiss Military Herrenuhr mit schwarzem Zifferblatt, Saphirglas und 100M Wasserdichtigkeit. Schweizer Herstellung mit 5 Jahren internationaler Garantie.","og_url":"https:\/\/swissmilitarywatches.ch\/de\/shop\/swiss-military-classic-herrenuhr-schwarz-stahl-sm34116-01\/","og_site_name":"Swiss Military by Chrono","article_publisher":"https:\/\/m.facebook.com\/swissmilitarybychronoofficial\/","article_modified_time":"2026-02-16T13:00:16+00:00","og_image":[{"width":1300,"height":1642,"url":"https:\/\/swissmilitarywatches.ch\/wp-content\/uploads\/2026\/02\/SM34116.01.png","type":"image\/png"}],"twitter_card":"summary_large_image","twitter_misc":{"Preis":"&euro;249.00 inkl. MwSt.","Verf\u00fcgbarkeit":"Auf Lager"},"schema":{"@context":"https:\/\/schema.org","@graph":[{"@type":"WebPage","@id":"https:\/\/swissmilitarywatches.ch\/de\/shop\/swiss-military-classic-herrenuhr-schwarz-stahl-sm34116-01\/","url":"https:\/\/swissmilitarywatches.ch\/de\/shop\/swiss-military-classic-herrenuhr-schwarz-stahl-sm34116-01\/","name":"Swiss Military Classic Herrenuhr - Schwarz, Stahl | SM34116.01 - Swiss Military by Chrono","isPartOf":{"@id":"https:\/\/swissmilitarywatches.ch\/de\/#website"},"primaryImageOfPage":{"@id":"https:\/\/swissmilitarywatches.ch\/de\/shop\/swiss-military-classic-herrenuhr-schwarz-stahl-sm34116-01\/#primaryimage"},"image":{"@id":"https:\/\/swissmilitarywatches.ch\/de\/shop\/swiss-military-classic-herrenuhr-schwarz-stahl-sm34116-01\/#primaryimage"},"thumbnailUrl":"https:\/\/swissmilitarywatches.ch\/wp-content\/uploads\/2026\/02\/SM34116.01.png","datePublished":"2026-02-02T10:47:40+00:00","dateModified":"2026-02-16T13:00:16+00:00","description":"Klassische Swiss Military Herrenuhr mit schwarzem Zifferblatt, Saphirglas und 100M Wasserdichtigkeit. Schweizer Herstellung mit 5 Jahren internationaler Garantie.","breadcrumb":{"@id":"https:\/\/swissmilitarywatches.ch\/de\/shop\/swiss-military-classic-herrenuhr-schwarz-stahl-sm34116-01\/#breadcrumb"},"inLanguage":"de","potentialAction":[{"@type":"ReadAction","target":["https:\/\/swissmilitarywatches.ch\/de\/shop\/swiss-military-classic-herrenuhr-schwarz-stahl-sm34116-01\/"]}]},{"@type":"ImageObject","inLanguage":"de","@id":"https:\/\/swissmilitarywatches.ch\/de\/shop\/swiss-military-classic-herrenuhr-schwarz-stahl-sm34116-01\/#primaryimage","url":"https:\/\/swissmilitarywatches.ch\/wp-content\/uploads\/2026\/02\/SM34116.01.png","contentUrl":"https:\/\/swissmilitarywatches.ch\/wp-content\/uploads\/2026\/02\/SM34116.01.png","width":1300,"height":1642,"caption":"Schweizer Milit\u00e4ruhr mit schwarzem Zifferblatt, die Klarheit und St\u00e4rke vereint."},{"@type":"BreadcrumbList","@id":"https:\/\/swissmilitarywatches.ch\/de\/shop\/swiss-military-classic-herrenuhr-schwarz-stahl-sm34116-01\/#breadcrumb","itemListElement":[{"@type":"ListItem","position":1,"name":"Home","item":"https:\/\/swissmilitarywatches.ch\/de\/home\/"},{"@type":"ListItem","position":2,"name":"Shop","item":"https:\/\/swissmilitarywatches.ch\/de\/shop\/"},{"@type":"ListItem","position":3,"name":"Swiss Military Classic Herrenuhr &#8211; Schwarz, Stahl | SM34116.01"}]},{"@type":"WebSite","@id":"https:\/\/swissmilitarywatches.ch\/de\/#website","url":"https:\/\/swissmilitarywatches.ch\/de\/","name":"Swiss Military by Chrono","description":"Official Licensed Product of the Swiss Confederation","publisher":{"@id":"https:\/\/swissmilitarywatches.ch\/de\/#organization"},"potentialAction":[{"@type":"SearchAction","target":{"@type":"EntryPoint","urlTemplate":"https:\/\/swissmilitarywatches.ch\/de\/?s={search_term_string}"},"query-input":{"@type":"PropertyValueSpecification","valueRequired":true,"valueName":"search_term_string"}}],"inLanguage":"de"},{"@type":"Organization","@id":"https:\/\/swissmilitarywatches.ch\/de\/#organization","name":"Swiss Military by Chrono","url":"https:\/\/swissmilitarywatches.ch\/de\/","logo":{"@type":"ImageObject","inLanguage":"de","@id":"https:\/\/swissmilitarywatches.ch\/de\/#\/schema\/logo\/image\/","url":"https:\/\/swissmilitarywatches.ch\/wp-content\/uploads\/2020\/04\/cropped-SM_logo_512x512px.jpg","contentUrl":"https:\/\/swissmilitarywatches.ch\/wp-content\/uploads\/2020\/04\/cropped-SM_logo_512x512px.jpg","width":512,"height":512,"caption":"Swiss Military by Chrono"},"image":{"@id":"https:\/\/swissmilitarywatches.ch\/de\/#\/schema\/logo\/image\/"},"sameAs":["https:\/\/m.facebook.com\/swissmilitarybychronoofficial\/","https:\/\/www.instagram.com\/swissmilitarybychrono\/","https:\/\/www.pinterest.ch\/swissmilitarybychrono\/"]}]},"product_brand":"Swiss Military by Chrono","product_price_amount":"249.00","product_price_currency":"EUR","og_availability":"instock","product_availability":"instock","product_retailer_item_id":"SM34116.01","product_condition":"new"},"jetpack_sharing_enabled":true,"_links":{"self":[{"href":"https:\/\/swissmilitarywatches.ch\/de\/wp-json\/wp\/v2\/product\/24342","targetHints":{"allow":["GET"]}}],"collection":[{"href":"https:\/\/swissmilitarywatches.ch\/de\/wp-json\/wp\/v2\/product"}],"about":[{"href":"https:\/\/swissmilitarywatches.ch\/de\/wp-json\/wp\/v2\/types\/product"}],"replies":[{"embeddable":true,"href":"https:\/\/swissmilitarywatches.ch\/de\/wp-json\/wp\/v2\/comments?post=24342"}],"wp:featuredmedia":[{"embeddable":true,"href":"https:\/\/swissmilitarywatches.ch\/de\/wp-json\/wp\/v2\/media\/24358"}],"wp:attachment":[{"href":"https:\/\/swissmilitarywatches.ch\/de\/wp-json\/wp\/v2\/media?parent=24342"}],"wp:term":[{"taxonomy":"product_brand","embeddable":true,"href":"https:\/\/swissmilitarywatches.ch\/de\/wp-json\/wp\/v2\/product_brand?post=24342"},{"taxonomy":"product_cat","embeddable":true,"href":"https:\/\/swissmilitarywatches.ch\/de\/wp-json\/wp\/v2\/product_cat?post=24342"},{"taxonomy":"product_tag","embeddable":true,"href":"https:\/\/swissmilitarywatches.ch\/de\/wp-json\/wp\/v2\/product_tag?post=24342"}],"curies":[{"name":"wp","href":"https:\/\/api.w.org\/{rel}","templated":true}]}}