{"id":24280,"date":"2026-01-12T10:35:32","date_gmt":"2026-01-12T08:35:32","guid":{"rendered":"https:\/\/swissmilitarywatches.ch\/shop\/swiss-military-minimalistischer-chronograph-fkm-kautschuk-schwarz-sm34114-12\/"},"modified":"2026-02-16T12:00:11","modified_gmt":"2026-02-16T10:00:11","slug":"swiss-military-minimalistischer-chronograph-fkm-kautschuk-schwarz-sm34114-12","status":"publish","type":"product","link":"https:\/\/swissmilitarywatches.ch\/de\/shop\/swiss-military-minimalistischer-chronograph-fkm-kautschuk-schwarz-sm34114-12\/","title":{"rendered":"Swiss Military Minimalistischer Chronograph \u2013 FKM\u2011Kautschuk, schwarz | SM34114.12"},"content":{"rendered":"<div>\n<h2><strong>Bereit f\u00fcr Action \u2013 der Swiss Military Minimalistischer Chronograph mit FKM\u2011Kautschukarmband.<\/strong><\/h2>\n<\/div>\n<div>\n<p id=\"message\">Die <strong>Swiss Military Minimalist Chronograph Watch<\/strong> in mattem Schwarz wurde f\u00fcr Menschen geschaffen, die aktiv leben und Wert auf Best\u00e4ndigkeit legen. Ihr <strong>schwarzes Zifferblatt<\/strong> und das <strong>Geh\u00e4use aus geb\u00fcrstetem Stahl<\/strong> verleihen ihr einen pr\u00e4zisen und kraftvollen Look, der zu ihrem Zweck passt. Da das FKM-Kautschukarmband st\u00e4rker und widerstandsf\u00e4higer ist als gew\u00f6hnliches Silikon, bietet es auch mehr Weichheit und dauerhaften Komfort &#8211; so k\u00f6nnen Sie ohne Ablenkung trainieren, reisen oder arbeiten.  <\/p>\n<\/div>\n<div><\/div>\n<div>\n<p id=\"message\">Im Inneren sorgt das Schweizer Quarz-Chronographenwerk f\u00fcr eine pr\u00e4zise Zeitmessung, und mit der Stoppfunktion k\u00f6nnen Sie jeden Moment m\u00fchelos messen. Dar\u00fcber hinaus sch\u00fctzt das Saphirglas Ihren Blick auf die Zeit und bleibt auch bei aktivem Gebrauch klar und kratzfrei. Und dank der Wasserdichtigkeit von 10 ATM (100 m) ist die Uhr in jeder Umgebung verl\u00e4sslich. So verbindet sie Schweizer Pr\u00e4zision mit echtem Abenteuerkomfort.   <\/p>\n<\/div>\n<div><\/div>\n<div><div class=\"is-divider divider clearfix\" style=\"max-width:small;\"><\/div><\/div>\n<div>\n<h3 id=\"message\"><strong>Produkt-Highlights:<\/strong><\/h3>\n<ul>\n<li><strong>Uhrwerk:<\/strong> Schweizer Quarz-Chronograph mit Stoppfunktion<\/li>\n<li><strong>Glas:<\/strong> Kratzfestes Saphirglas<\/li>\n<li><strong>Geh\u00e4use:<\/strong> Schwarzer Edelstahl (41 mm)<\/li>\n<li><strong>Zifferblatt:<\/strong> Schwarz mit wei\u00dfen Markierungen und Datumsanzeige<\/li>\n<li><strong>Armband:<\/strong> Hochleistungs-FKM-Gummi &#8211; hitze-, schwei\u00df- und verschlei\u00dfbest\u00e4ndig<\/li>\n<li><strong>Wasserdichtigkeit:<\/strong> 10 ATM \/ 100 m<\/li>\n<li><strong>Garantie:<\/strong> 5 Jahre internationale Garantie<\/li>\n<li><strong>Hergestellt in der Schweiz:<\/strong> In der Schweiz lizenziert und handgefertigt<\/li>\n<\/ul>\n<div class=\"is-divider divider clearfix\" style=\"max-width:small;\"><\/div>\n<p>Jedes Modell ist von der Schweizerischen Eidgenossenschaft offiziell lizenziert und wird von unseren Uhrmachern in unserem Schweizer Atelier von Hand zusammengesetzt. Daher wird jede Uhr mit einer internationalen 5-Jahres-Garantie geliefert, die Ihnen Vertrauen in die authentische Swiss Made-Qualit\u00e4t und langfristige Zuverl\u00e4ssigkeit gibt. <\/p>\n<\/div>\n<div class=\"row hide-for-small\"  id=\"row-38688940\">\n\n\n\t<div id=\"col-2139469530\" class=\"col small-12 large-12\"  >\n\t\t\t\t<div class=\"col-inner\"  >\n\t\t\t\n\t\t\t\n\n\t<div class=\"img has-hover x md-x lg-x y md-y lg-y\" id=\"image_1134257746\">\n\t\t\t\t\t\t\t\t<div class=\"img-inner dark\" >\n\t\t\t<img decoding=\"async\" width=\"2560\" height=\"1280\" src=\"https:\/\/swissmilitarywatches.ch\/wp-content\/uploads\/2026\/01\/UX-Block-Images-DESKTOP-LTD-Edition-scaled.jpg\" class=\"attachment-large size-large\" alt=\"Swiss watchmaker assembling a watch movement \u2013 hand\u2011crafted Swiss Military by Chrono timepiece made in Switzerland.\" srcset=\"https:\/\/swissmilitarywatches.ch\/wp-content\/uploads\/2026\/01\/UX-Block-Images-DESKTOP-LTD-Edition-scaled.jpg 2560w, https:\/\/swissmilitarywatches.ch\/wp-content\/uploads\/2026\/01\/UX-Block-Images-DESKTOP-LTD-Edition-768x384.jpg 768w, https:\/\/swissmilitarywatches.ch\/wp-content\/uploads\/2026\/01\/UX-Block-Images-DESKTOP-LTD-Edition-1536x768.jpg 1536w, https:\/\/swissmilitarywatches.ch\/wp-content\/uploads\/2026\/01\/UX-Block-Images-DESKTOP-LTD-Edition-2048x1024.jpg 2048w, https:\/\/swissmilitarywatches.ch\/wp-content\/uploads\/2026\/01\/UX-Block-Images-DESKTOP-LTD-Edition-600x300.jpg 600w\" sizes=\"(max-width: 2560px) 100vw, 2560px\" \/>\t\t\t\t\t\t\n\t\t\t\t\t<\/div>\n\t\t\t\t\t\t\t\t\n<style>\n#image_1134257746 {\n  width: 100%;\n}\n<\/style>\n\t<\/div>\n\t\n\n\n\t\t<\/div>\n\t\t\t\t\t<\/div>\n\n\t\n\n\t<div id=\"col-32617473\" class=\"col small-12 large-12\"  >\n\t\t\t\t<div class=\"col-inner\"  >\n\t\t\t\n\t\t\t\n\n\t<div class=\"img has-hover x md-x lg-x y md-y lg-y\" id=\"image_1795712517\">\n\t\t\t\t\t\t\t\t<div class=\"img-inner dark\" >\n\t\t\t<img decoding=\"async\" width=\"2560\" height=\"640\" src=\"https:\/\/swissmilitarywatches.ch\/wp-content\/uploads\/2026\/01\/Trust-Desktop-ALL-scaled.jpg\" class=\"attachment-large size-large\" alt=\"Swiss Military by Chrono official license and 5\u2011year international warranty badge \u2013 authentic Swiss Made watch quality guaranteed.\" srcset=\"https:\/\/swissmilitarywatches.ch\/wp-content\/uploads\/2026\/01\/Trust-Desktop-ALL-scaled.jpg 2560w, https:\/\/swissmilitarywatches.ch\/wp-content\/uploads\/2026\/01\/Trust-Desktop-ALL-768x192.jpg 768w, https:\/\/swissmilitarywatches.ch\/wp-content\/uploads\/2026\/01\/Trust-Desktop-ALL-1536x384.jpg 1536w, https:\/\/swissmilitarywatches.ch\/wp-content\/uploads\/2026\/01\/Trust-Desktop-ALL-2048x512.jpg 2048w, https:\/\/swissmilitarywatches.ch\/wp-content\/uploads\/2026\/01\/Trust-Desktop-ALL-600x150.jpg 600w\" sizes=\"(max-width: 2560px) 100vw, 2560px\" \/>\t\t\t\t\t\t\n\t\t\t\t\t<\/div>\n\t\t\t\t\t\t\t\t\n<style>\n#image_1795712517 {\n  width: 100%;\n}\n<\/style>\n\t<\/div>\n\t\n\n\n\t\t<\/div>\n\t\t\t\t\t<\/div>\n\n\t\n\n<\/div>\n<div class=\"row show-for-small\"  id=\"row-1915008827\">\n\n\n\t<div id=\"col-345993482\" class=\"col small-12 large-12\"  >\n\t\t\t\t<div class=\"col-inner\"  >\n\t\t\t\n\t\t\t\n\n\t<div class=\"img has-hover x md-x lg-x y md-y lg-y\" id=\"image_485125602\">\n\t\t\t\t\t\t\t\t<div class=\"img-inner dark\" >\n\t\t\t<img decoding=\"async\" width=\"2560\" height=\"2560\" src=\"https:\/\/swissmilitarywatches.ch\/wp-content\/uploads\/2026\/01\/UX-Block-Images-MOBILE-LTD-Edtion-scaled.jpg\" class=\"attachment-large size-large\" alt=\"Swiss Military by Chrono watchmaker assembling a watch movement \u2013 hand\u2011crafted Swiss Military timepiece made in Switzerland\" srcset=\"https:\/\/swissmilitarywatches.ch\/wp-content\/uploads\/2026\/01\/UX-Block-Images-MOBILE-LTD-Edtion-scaled.jpg 2560w, https:\/\/swissmilitarywatches.ch\/wp-content\/uploads\/2026\/01\/UX-Block-Images-MOBILE-LTD-Edtion-768x768.jpg 768w, https:\/\/swissmilitarywatches.ch\/wp-content\/uploads\/2026\/01\/UX-Block-Images-MOBILE-LTD-Edtion-1536x1536.jpg 1536w, https:\/\/swissmilitarywatches.ch\/wp-content\/uploads\/2026\/01\/UX-Block-Images-MOBILE-LTD-Edtion-2048x2048.jpg 2048w, https:\/\/swissmilitarywatches.ch\/wp-content\/uploads\/2026\/01\/UX-Block-Images-MOBILE-LTD-Edtion-600x600.jpg 600w, https:\/\/swissmilitarywatches.ch\/wp-content\/uploads\/2026\/01\/UX-Block-Images-MOBILE-LTD-Edtion-100x100.jpg 100w\" sizes=\"(max-width: 2560px) 100vw, 2560px\" \/>\t\t\t\t\t\t\n\t\t\t\t\t<\/div>\n\t\t\t\t\t\t\t\t\n<style>\n#image_485125602 {\n  width: 100%;\n}\n<\/style>\n\t<\/div>\n\t\n\n\n\t\t<\/div>\n\t\t\t\t\t<\/div>\n\n\t\n\n\t<div id=\"col-704147084\" class=\"col small-12 large-12\"  >\n\t\t\t\t<div class=\"col-inner\"  >\n\t\t\t\n\t\t\t\n\n\t<div class=\"img has-hover x md-x lg-x y md-y lg-y\" id=\"image_1231536698\">\n\t\t\t\t\t\t\t\t<div class=\"img-inner dark\" >\n\t\t\t<img decoding=\"async\" width=\"2560\" height=\"1280\" src=\"https:\/\/swissmilitarywatches.ch\/wp-content\/uploads\/2026\/01\/Trust-MOBILE-All-scaled.jpg\" class=\"attachment-large size-large\" alt=\"Swiss Military by Chrono official license and 5\u2011year international warranty badge \u2013 authentic Swiss Made watch quality guaranteed.\" srcset=\"https:\/\/swissmilitarywatches.ch\/wp-content\/uploads\/2026\/01\/Trust-MOBILE-All-scaled.jpg 2560w, https:\/\/swissmilitarywatches.ch\/wp-content\/uploads\/2026\/01\/Trust-MOBILE-All-768x384.jpg 768w, https:\/\/swissmilitarywatches.ch\/wp-content\/uploads\/2026\/01\/Trust-MOBILE-All-1536x768.jpg 1536w, https:\/\/swissmilitarywatches.ch\/wp-content\/uploads\/2026\/01\/Trust-MOBILE-All-2048x1024.jpg 2048w, https:\/\/swissmilitarywatches.ch\/wp-content\/uploads\/2026\/01\/Trust-MOBILE-All-600x300.jpg 600w\" sizes=\"(max-width: 2560px) 100vw, 2560px\" \/>\t\t\t\t\t\t\n\t\t\t\t\t<\/div>\n\t\t\t\t\t\t\t\t\n<style>\n#image_1231536698 {\n  width: 100%;\n}\n<\/style>\n\t<\/div>\n\t\n\n\n\t\t<\/div>\n\t\t\t\t\t<\/div>\n\n\t\n\n<\/div>\n","protected":false},"excerpt":{"rendered":"<p>Entwickelt f\u00fcr Action. Die <strong>Swiss Military Minimalist Chronograph Watch<\/strong> ist ein Schweizer Pr\u00e4zisionswerkzeug, gebaut f\u00fcr Leistung und Komfort mit einem strapazierf\u00e4higen FKM-Armband, das dort mith\u00e4lt, wo andere es nicht k\u00f6nnen. <\/p>\n","protected":false},"featured_media":24275,"comment_status":"open","ping_status":"closed","template":"","meta":[],"product_brand":[],"product_cat":[3117,1604,1607,1614,1612],"product_tag":[],"class_list":{"0":"post-24280","1":"product","2":"type-product","3":"status-publish","4":"has-post-thumbnail","6":"product_cat-sm34114","7":"product_cat-alle-uhren","8":"product_cat-herrenuhren","9":"product_cat-chronographen","10":"product_cat-neuheiten","11":"product_shipping_class-flexible-shipping-de","13":"first","14":"instock","15":"featured","16":"taxable","17":"shipping-taxable","18":"purchasable","19":"product-type-simple"},"yoast_head":"<!-- This site is optimized with the Yoast SEO Premium plugin v26.6 (Yoast SEO v26.6) - https:\/\/yoast.com\/wordpress\/plugins\/seo\/ -->\n<title>Swiss Military Minimalistischer Chronograph \u2013 FKM\u2011Kautschuk, schwarz | SM34114.12<\/title>\n<meta name=\"description\" content=\"Minimalistische Schweizer Milit\u00e4r-Chronographenuhr mit FKM-Kautschukarmband - weich, hitzebest\u00e4ndig und verschlei\u00dffest f\u00fcr dauerhaften Komfort und Schweizer Pr\u00e4zision. 5 Jahre Garantie.\" \/>\n<meta name=\"robots\" content=\"index, follow, max-snippet:-1, max-image-preview:large, max-video-preview:-1\" \/>\n<link rel=\"canonical\" href=\"https:\/\/swissmilitarywatches.ch\/de\/shop\/swiss-military-minimalistischer-chronograph-fkm-kautschuk-schwarz-sm34114-12\/\" \/>\n<meta property=\"og:locale\" content=\"de_DE\" \/>\n<meta property=\"og:type\" content=\"article\" \/>\n<meta property=\"og:title\" content=\"Swiss Military Minimalistischer Chronograph \u2013 FKM\u2011Kautschuk, schwarz | SM34114.12\" \/>\n<meta property=\"og:description\" content=\"Minimalistische Schweizer Milit\u00e4r-Chronographenuhr mit FKM-Kautschukarmband - weich, hitzebest\u00e4ndig und verschlei\u00dffest f\u00fcr dauerhaften Komfort und Schweizer Pr\u00e4zision. 5 Jahre Garantie.\" \/>\n<meta property=\"og:url\" content=\"https:\/\/swissmilitarywatches.ch\/de\/shop\/swiss-military-minimalistischer-chronograph-fkm-kautschuk-schwarz-sm34114-12\/\" \/>\n<meta property=\"og:site_name\" content=\"Swiss Military by Chrono\" \/>\n<meta property=\"article:publisher\" content=\"https:\/\/m.facebook.com\/swissmilitarybychronoofficial\/\" \/>\n<meta property=\"article:modified_time\" content=\"2026-02-16T10:00:11+00:00\" \/>\n<meta property=\"og:image\" content=\"https:\/\/swissmilitarywatches.ch\/wp-content\/uploads\/2026\/01\/SM34114.12.png\" \/>\n\t<meta property=\"og:image:width\" content=\"1300\" \/>\n\t<meta property=\"og:image:height\" content=\"1642\" \/>\n\t<meta property=\"og:image:type\" content=\"image\/png\" \/>\n<meta name=\"twitter:card\" content=\"summary_large_image\" \/>\n<meta name=\"twitter:label1\" content=\"Preis\" \/>\n\t<meta name=\"twitter:data1\" content=\"&euro;349.00 inkl. MwSt.\" \/>\n\t<meta name=\"twitter:label2\" content=\"Verf\u00fcgbarkeit\" \/>\n\t<meta name=\"twitter:data2\" content=\"Auf Lager\" \/>\n<script type=\"application\/ld+json\" class=\"yoast-schema-graph\">{\"@context\":\"https:\/\/schema.org\",\"@graph\":[{\"@type\":\"WebPage\",\"@id\":\"https:\/\/swissmilitarywatches.ch\/de\/shop\/swiss-military-minimalistischer-chronograph-fkm-kautschuk-schwarz-sm34114-12\/\",\"url\":\"https:\/\/swissmilitarywatches.ch\/de\/shop\/swiss-military-minimalistischer-chronograph-fkm-kautschuk-schwarz-sm34114-12\/\",\"name\":\"Swiss Military Minimalistischer Chronograph \u2013 FKM\u2011Kautschuk, schwarz | SM34114.12\",\"isPartOf\":{\"@id\":\"https:\/\/swissmilitarywatches.ch\/de\/#website\"},\"primaryImageOfPage\":{\"@id\":\"https:\/\/swissmilitarywatches.ch\/de\/shop\/swiss-military-minimalistischer-chronograph-fkm-kautschuk-schwarz-sm34114-12\/#primaryimage\"},\"image\":{\"@id\":\"https:\/\/swissmilitarywatches.ch\/de\/shop\/swiss-military-minimalistischer-chronograph-fkm-kautschuk-schwarz-sm34114-12\/#primaryimage\"},\"thumbnailUrl\":\"https:\/\/swissmilitarywatches.ch\/wp-content\/uploads\/2026\/01\/SM34114.12.png\",\"datePublished\":\"2026-01-12T08:35:32+00:00\",\"dateModified\":\"2026-02-16T10:00:11+00:00\",\"description\":\"Minimalistische Schweizer Milit\u00e4r-Chronographenuhr mit FKM-Kautschukarmband - weich, hitzebest\u00e4ndig und verschlei\u00dffest f\u00fcr dauerhaften Komfort und Schweizer Pr\u00e4zision. 5 Jahre Garantie.\",\"breadcrumb\":{\"@id\":\"https:\/\/swissmilitarywatches.ch\/de\/shop\/swiss-military-minimalistischer-chronograph-fkm-kautschuk-schwarz-sm34114-12\/#breadcrumb\"},\"inLanguage\":\"de\",\"potentialAction\":[{\"@type\":\"ReadAction\",\"target\":[\"https:\/\/swissmilitarywatches.ch\/de\/shop\/swiss-military-minimalistischer-chronograph-fkm-kautschuk-schwarz-sm34114-12\/\"]}]},{\"@type\":\"ImageObject\",\"inLanguage\":\"de\",\"@id\":\"https:\/\/swissmilitarywatches.ch\/de\/shop\/swiss-military-minimalistischer-chronograph-fkm-kautschuk-schwarz-sm34114-12\/#primaryimage\",\"url\":\"https:\/\/swissmilitarywatches.ch\/wp-content\/uploads\/2026\/01\/SM34114.12.png\",\"contentUrl\":\"https:\/\/swissmilitarywatches.ch\/wp-content\/uploads\/2026\/01\/SM34114.12.png\",\"width\":1300,\"height\":1642,\"caption\":\"Bereit f\u00fcr Action - der Swiss Military Minimalistische Chronograph in Schwarz kombiniert St\u00e4rke, Pr\u00e4zision und lang anhaltenden FKM-Komfort.\"},{\"@type\":\"BreadcrumbList\",\"@id\":\"https:\/\/swissmilitarywatches.ch\/de\/shop\/swiss-military-minimalistischer-chronograph-fkm-kautschuk-schwarz-sm34114-12\/#breadcrumb\",\"itemListElement\":[{\"@type\":\"ListItem\",\"position\":1,\"name\":\"Home\",\"item\":\"https:\/\/swissmilitarywatches.ch\/de\/home\/\"},{\"@type\":\"ListItem\",\"position\":2,\"name\":\"Shop\",\"item\":\"https:\/\/swissmilitarywatches.ch\/de\/shop\/\"},{\"@type\":\"ListItem\",\"position\":3,\"name\":\"Swiss Military Minimalistischer Chronograph \u2013 FKM\u2011Kautschuk, schwarz | SM34114.12\"}]},{\"@type\":\"WebSite\",\"@id\":\"https:\/\/swissmilitarywatches.ch\/de\/#website\",\"url\":\"https:\/\/swissmilitarywatches.ch\/de\/\",\"name\":\"Swiss Military by Chrono\",\"description\":\"Official Licensed Product of the Swiss Confederation\",\"publisher\":{\"@id\":\"https:\/\/swissmilitarywatches.ch\/de\/#organization\"},\"potentialAction\":[{\"@type\":\"SearchAction\",\"target\":{\"@type\":\"EntryPoint\",\"urlTemplate\":\"https:\/\/swissmilitarywatches.ch\/de\/?s={search_term_string}\"},\"query-input\":{\"@type\":\"PropertyValueSpecification\",\"valueRequired\":true,\"valueName\":\"search_term_string\"}}],\"inLanguage\":\"de\"},{\"@type\":\"Organization\",\"@id\":\"https:\/\/swissmilitarywatches.ch\/de\/#organization\",\"name\":\"Swiss Military by Chrono\",\"url\":\"https:\/\/swissmilitarywatches.ch\/de\/\",\"logo\":{\"@type\":\"ImageObject\",\"inLanguage\":\"de\",\"@id\":\"https:\/\/swissmilitarywatches.ch\/de\/#\/schema\/logo\/image\/\",\"url\":\"https:\/\/swissmilitarywatches.ch\/wp-content\/uploads\/2020\/04\/cropped-SM_logo_512x512px.jpg\",\"contentUrl\":\"https:\/\/swissmilitarywatches.ch\/wp-content\/uploads\/2020\/04\/cropped-SM_logo_512x512px.jpg\",\"width\":512,\"height\":512,\"caption\":\"Swiss Military by Chrono\"},\"image\":{\"@id\":\"https:\/\/swissmilitarywatches.ch\/de\/#\/schema\/logo\/image\/\"},\"sameAs\":[\"https:\/\/m.facebook.com\/swissmilitarybychronoofficial\/\",\"https:\/\/www.instagram.com\/swissmilitarybychrono\/\",\"https:\/\/www.pinterest.ch\/swissmilitarybychrono\/\"]}]}<\/script>\n<meta property=\"product:brand\" content=\"Swiss Military by Chrono\" \/>\n<meta property=\"product:price:amount\" content=\"349.00\" \/>\n<meta property=\"product:price:currency\" content=\"EUR\" \/>\n<meta property=\"og:availability\" content=\"instock\" \/>\n<meta property=\"product:availability\" content=\"instock\" \/>\n<meta property=\"product:retailer_item_id\" content=\"SM34114.12\" \/>\n<meta property=\"product:condition\" content=\"new\" \/>\n<!-- \/ Yoast SEO Premium plugin. -->","yoast_head_json":{"title":"Swiss Military Minimalistischer Chronograph \u2013 FKM\u2011Kautschuk, schwarz | SM34114.12","description":"Minimalistische Schweizer Milit\u00e4r-Chronographenuhr mit FKM-Kautschukarmband - weich, hitzebest\u00e4ndig und verschlei\u00dffest f\u00fcr dauerhaften Komfort und Schweizer Pr\u00e4zision. 5 Jahre Garantie.","robots":{"index":"index","follow":"follow","max-snippet":"max-snippet:-1","max-image-preview":"max-image-preview:large","max-video-preview":"max-video-preview:-1"},"canonical":"https:\/\/swissmilitarywatches.ch\/de\/shop\/swiss-military-minimalistischer-chronograph-fkm-kautschuk-schwarz-sm34114-12\/","og_locale":"de_DE","og_type":"article","og_title":"Swiss Military Minimalistischer Chronograph \u2013 FKM\u2011Kautschuk, schwarz | SM34114.12","og_description":"Minimalistische Schweizer Milit\u00e4r-Chronographenuhr mit FKM-Kautschukarmband - weich, hitzebest\u00e4ndig und verschlei\u00dffest f\u00fcr dauerhaften Komfort und Schweizer Pr\u00e4zision. 5 Jahre Garantie.","og_url":"https:\/\/swissmilitarywatches.ch\/de\/shop\/swiss-military-minimalistischer-chronograph-fkm-kautschuk-schwarz-sm34114-12\/","og_site_name":"Swiss Military by Chrono","article_publisher":"https:\/\/m.facebook.com\/swissmilitarybychronoofficial\/","article_modified_time":"2026-02-16T10:00:11+00:00","og_image":[{"width":1300,"height":1642,"url":"https:\/\/swissmilitarywatches.ch\/wp-content\/uploads\/2026\/01\/SM34114.12.png","type":"image\/png"}],"twitter_card":"summary_large_image","twitter_misc":{"Preis":"&euro;349.00 inkl. MwSt.","Verf\u00fcgbarkeit":"Auf Lager"},"schema":{"@context":"https:\/\/schema.org","@graph":[{"@type":"WebPage","@id":"https:\/\/swissmilitarywatches.ch\/de\/shop\/swiss-military-minimalistischer-chronograph-fkm-kautschuk-schwarz-sm34114-12\/","url":"https:\/\/swissmilitarywatches.ch\/de\/shop\/swiss-military-minimalistischer-chronograph-fkm-kautschuk-schwarz-sm34114-12\/","name":"Swiss Military Minimalistischer Chronograph \u2013 FKM\u2011Kautschuk, schwarz | SM34114.12","isPartOf":{"@id":"https:\/\/swissmilitarywatches.ch\/de\/#website"},"primaryImageOfPage":{"@id":"https:\/\/swissmilitarywatches.ch\/de\/shop\/swiss-military-minimalistischer-chronograph-fkm-kautschuk-schwarz-sm34114-12\/#primaryimage"},"image":{"@id":"https:\/\/swissmilitarywatches.ch\/de\/shop\/swiss-military-minimalistischer-chronograph-fkm-kautschuk-schwarz-sm34114-12\/#primaryimage"},"thumbnailUrl":"https:\/\/swissmilitarywatches.ch\/wp-content\/uploads\/2026\/01\/SM34114.12.png","datePublished":"2026-01-12T08:35:32+00:00","dateModified":"2026-02-16T10:00:11+00:00","description":"Minimalistische Schweizer Milit\u00e4r-Chronographenuhr mit FKM-Kautschukarmband - weich, hitzebest\u00e4ndig und verschlei\u00dffest f\u00fcr dauerhaften Komfort und Schweizer Pr\u00e4zision. 5 Jahre Garantie.","breadcrumb":{"@id":"https:\/\/swissmilitarywatches.ch\/de\/shop\/swiss-military-minimalistischer-chronograph-fkm-kautschuk-schwarz-sm34114-12\/#breadcrumb"},"inLanguage":"de","potentialAction":[{"@type":"ReadAction","target":["https:\/\/swissmilitarywatches.ch\/de\/shop\/swiss-military-minimalistischer-chronograph-fkm-kautschuk-schwarz-sm34114-12\/"]}]},{"@type":"ImageObject","inLanguage":"de","@id":"https:\/\/swissmilitarywatches.ch\/de\/shop\/swiss-military-minimalistischer-chronograph-fkm-kautschuk-schwarz-sm34114-12\/#primaryimage","url":"https:\/\/swissmilitarywatches.ch\/wp-content\/uploads\/2026\/01\/SM34114.12.png","contentUrl":"https:\/\/swissmilitarywatches.ch\/wp-content\/uploads\/2026\/01\/SM34114.12.png","width":1300,"height":1642,"caption":"Bereit f\u00fcr Action - der Swiss Military Minimalistische Chronograph in Schwarz kombiniert St\u00e4rke, Pr\u00e4zision und lang anhaltenden FKM-Komfort."},{"@type":"BreadcrumbList","@id":"https:\/\/swissmilitarywatches.ch\/de\/shop\/swiss-military-minimalistischer-chronograph-fkm-kautschuk-schwarz-sm34114-12\/#breadcrumb","itemListElement":[{"@type":"ListItem","position":1,"name":"Home","item":"https:\/\/swissmilitarywatches.ch\/de\/home\/"},{"@type":"ListItem","position":2,"name":"Shop","item":"https:\/\/swissmilitarywatches.ch\/de\/shop\/"},{"@type":"ListItem","position":3,"name":"Swiss Military Minimalistischer Chronograph \u2013 FKM\u2011Kautschuk, schwarz | SM34114.12"}]},{"@type":"WebSite","@id":"https:\/\/swissmilitarywatches.ch\/de\/#website","url":"https:\/\/swissmilitarywatches.ch\/de\/","name":"Swiss Military by Chrono","description":"Official Licensed Product of the Swiss Confederation","publisher":{"@id":"https:\/\/swissmilitarywatches.ch\/de\/#organization"},"potentialAction":[{"@type":"SearchAction","target":{"@type":"EntryPoint","urlTemplate":"https:\/\/swissmilitarywatches.ch\/de\/?s={search_term_string}"},"query-input":{"@type":"PropertyValueSpecification","valueRequired":true,"valueName":"search_term_string"}}],"inLanguage":"de"},{"@type":"Organization","@id":"https:\/\/swissmilitarywatches.ch\/de\/#organization","name":"Swiss Military by Chrono","url":"https:\/\/swissmilitarywatches.ch\/de\/","logo":{"@type":"ImageObject","inLanguage":"de","@id":"https:\/\/swissmilitarywatches.ch\/de\/#\/schema\/logo\/image\/","url":"https:\/\/swissmilitarywatches.ch\/wp-content\/uploads\/2020\/04\/cropped-SM_logo_512x512px.jpg","contentUrl":"https:\/\/swissmilitarywatches.ch\/wp-content\/uploads\/2020\/04\/cropped-SM_logo_512x512px.jpg","width":512,"height":512,"caption":"Swiss Military by Chrono"},"image":{"@id":"https:\/\/swissmilitarywatches.ch\/de\/#\/schema\/logo\/image\/"},"sameAs":["https:\/\/m.facebook.com\/swissmilitarybychronoofficial\/","https:\/\/www.instagram.com\/swissmilitarybychrono\/","https:\/\/www.pinterest.ch\/swissmilitarybychrono\/"]}]},"product_brand":"Swiss Military by Chrono","product_price_amount":"349.00","product_price_currency":"EUR","og_availability":"instock","product_availability":"instock","product_retailer_item_id":"SM34114.12","product_condition":"new"},"jetpack_sharing_enabled":true,"_links":{"self":[{"href":"https:\/\/swissmilitarywatches.ch\/de\/wp-json\/wp\/v2\/product\/24280","targetHints":{"allow":["GET"]}}],"collection":[{"href":"https:\/\/swissmilitarywatches.ch\/de\/wp-json\/wp\/v2\/product"}],"about":[{"href":"https:\/\/swissmilitarywatches.ch\/de\/wp-json\/wp\/v2\/types\/product"}],"replies":[{"embeddable":true,"href":"https:\/\/swissmilitarywatches.ch\/de\/wp-json\/wp\/v2\/comments?post=24280"}],"wp:featuredmedia":[{"embeddable":true,"href":"https:\/\/swissmilitarywatches.ch\/de\/wp-json\/wp\/v2\/media\/24275"}],"wp:attachment":[{"href":"https:\/\/swissmilitarywatches.ch\/de\/wp-json\/wp\/v2\/media?parent=24280"}],"wp:term":[{"taxonomy":"product_brand","embeddable":true,"href":"https:\/\/swissmilitarywatches.ch\/de\/wp-json\/wp\/v2\/product_brand?post=24280"},{"taxonomy":"product_cat","embeddable":true,"href":"https:\/\/swissmilitarywatches.ch\/de\/wp-json\/wp\/v2\/product_cat?post=24280"},{"taxonomy":"product_tag","embeddable":true,"href":"https:\/\/swissmilitarywatches.ch\/de\/wp-json\/wp\/v2\/product_tag?post=24280"}],"curies":[{"name":"wp","href":"https:\/\/api.w.org\/{rel}","templated":true}]}}