{"id":22394,"date":"2025-09-01T07:47:44","date_gmt":"2025-09-01T05:47:44","guid":{"rendered":"https:\/\/swissmilitarywatches.ch\/?post_type=product&#038;p=22394"},"modified":"2026-02-16T15:08:53","modified_gmt":"2026-02-16T13:08:53","slug":"swiss-military-solar-chronograph-schwarz-pvd-kautschuk-sms34113-05","status":"publish","type":"product","link":"https:\/\/swissmilitarywatches.ch\/de\/shop\/swiss-military-solar-chronograph-schwarz-pvd-kautschuk-sms34113-05\/","title":{"rendered":"Swiss Military Solar Chronograph &#8211; Schwarz, PVD, Kautschuk | SMS34113.05"},"content":{"rendered":"<p data-start=\"213\" data-end=\"707\"><strong data-start=\"213\" data-end=\"292\">Swiss Military Solar Chronograph \u2013 Kein Batteriewechsel, betrieben durch Licht<\/strong><\/p>\n<p data-start=\"302\" data-end=\"702\">Die Swiss Military SMS34113.05 ist ein Swiss Military Solar Chronograph, der keinen Batteriewechsel erfordert. Vollst\u00e4ndig durch Licht betrieben, bietet er eine kontinuierliche, umweltfreundliche Leistung \u2013 ganz ohne Batteriewechsel. Mit seinem Full-Black-Design \u2013 schwarzes PVD-beschichtetes Geh\u00e4use, schwarzes Sunray-Zifferblatt und passendes Kautschukband \u2013 vereint dieser Swiss Solar Chronograph modernen Stil mit robuster Langlebigkeit..  <\/p>\n<p data-start=\"704\" data-end=\"1085\">Das 42-mm-Edelstahlgeh\u00e4use ist mit widerstandsf\u00e4higem schwarzem PVD beschichtet und bietet so zus\u00e4tzliche Robustheit sowie ein elegantes, dezentes Finish. Zudem sch\u00fctzt das kratzfeste Saphirglas das Zifferblatt, w\u00e4hrend die einseitig drehbare L\u00fcnette den sportlichen Charakter der Uhr betont. Au\u00dferdem macht der monochrome Black-Look diese Uhr zu einem markanten Statement f\u00fcr M\u00e4nner, die modernes Design sch\u00e4tzen.  <\/p>\n<p data-start=\"1087\" data-end=\"1428\">Im Inneren nutzt diese Swiss Military Solar Uhr fortschrittliche Solartechnologie. Eine Solarzelle unter dem Zifferblatt wandelt nat\u00fcrliches und k\u00fcnstliches Licht in Energie um und l\u00e4dt eine Batterie auf, die bis zu 5 Monate l\u00e4uft \u2013 selbst in v\u00f6lliger Dunkelheit. Das Ergebnis ist eine umweltfreundliche, zuverl\u00e4ssige Leistung \u2013 ganz ohne jemals einen Batteriewechsel zu ben\u00f6tigen.  <\/p>\n<p data-start=\"1430\" data-end=\"1754\">Mit dem easy-click Bandsystem kannst du ganz einfach zwischen dem schwarzen Kautschukband und einem Edelstahlarmband wechseln. Damit passt sich diese Swiss Military Chronographen-Uhr nahtlos jedem Lebensstil an. Mit 100 m Wasserdichtigkeit ist dieser Swiss Military Chronograph f\u00fcr Herren ebenso praktisch wie markant.  <\/p>\n<p data-start=\"1756\" data-end=\"1775\"><strong data-start=\"1756\" data-end=\"1773\">Hauptmerkmale:<\/strong><\/p>\n<ul data-start=\"1776\" data-end=\"2250\">\n<li data-start=\"1776\" data-end=\"1832\">\n<p data-start=\"1778\" data-end=\"1832\">Schwarzes Sunray-Zifferblatt mit lumin\u00f6sen Zeigern &amp; Stundenmarkierungen<\/p>\n<\/li>\n<li data-start=\"1776\" data-end=\"1832\">\n<p data-start=\"1778\" data-end=\"1832\">\u2300 42 mm Schwarz PVD-beschichtetes Edelstahlgeh\u00e4use<\/p>\n<\/li>\n<li data-start=\"1776\" data-end=\"1832\">\n<p data-start=\"1778\" data-end=\"1832\">Schwarzes Kautschukband mit easy-click Bandsystem<\/p>\n<\/li>\n<li data-start=\"1776\" data-end=\"1832\">\n<p data-start=\"1778\" data-end=\"1832\">Kratzfestes Saphirglas<\/p>\n<\/li>\n<li data-start=\"1776\" data-end=\"1832\">\n<p data-start=\"1778\" data-end=\"1832\">Einseitig drehbare L\u00fcnette<\/p>\n<\/li>\n<li data-start=\"1776\" data-end=\"1832\">\n<p data-start=\"1778\" data-end=\"1832\">Schweizer Solar Chronographen-Uhrwerk<\/p>\n<\/li>\n<li data-start=\"1776\" data-end=\"1832\">\n<p data-start=\"1778\" data-end=\"1832\">Bis zu 5 Monate Gangreserve<\/p>\n<\/li>\n<li data-start=\"1776\" data-end=\"1832\">\n<p data-start=\"1778\" data-end=\"1832\">100 m Wasserdichtigkeit<\/p>\n<\/li>\n<li data-start=\"1776\" data-end=\"1832\">\n<p data-start=\"1778\" data-end=\"1832\">Swiss Made &amp; von Hand montiert<\/p>\n<\/li>\n<li data-start=\"1776\" data-end=\"1832\">\n<p data-start=\"1778\" data-end=\"1832\">5 Jahre internationale Garantie<\/p>\n<\/li>\n<\/ul>\n","protected":false},"excerpt":{"rendered":"<h3 class=\"ai-optimize-25\" data-start=\"228\" data-end=\"270\"><strong data-start=\"228\" data-end=\"268\">Kein Batteriewechsel mehr \u2013 Angebetrieben durch Licht<\/strong><\/h3>\n<ul>\n<li class=\"ai-optimize-27\" data-start=\"273\" data-end=\"312\">Swiss Made Solar Chronograph Uhrwerk<\/li>\n<li class=\"ai-optimize-29\" data-start=\"315\" data-end=\"357\">Schwarzes Zifferblatt mit leuchtenden Zeigern und Markierungen<\/li>\n<li class=\"ai-optimize-31\" data-start=\"360\" data-end=\"445\">Schwarzes Edelstahlgeh\u00e4use und schwarzes Kautschukband mit Easy-Click Wechselbandsystem<\/li>\n<li class=\"ai-optimize-33\" data-start=\"448\" data-end=\"484\">Kratzfestes Saphirglas<\/li>\n<li class=\"ai-optimize-35\" data-start=\"487\" data-end=\"511\">100 m wasserdicht<\/li>\n<li class=\"ai-optimize-37\" data-start=\"514\" data-end=\"545\">5 Jahre internationale Garantie<\/li>\n<\/ul>\n<p>&nbsp;<\/p>\n","protected":false},"featured_media":22279,"comment_status":"open","ping_status":"closed","template":"","meta":[],"product_brand":[],"product_cat":[3066,1604,1607,1614,2131,1668],"product_tag":[],"class_list":{"0":"post-22394","1":"product","2":"type-product","3":"status-publish","4":"has-post-thumbnail","6":"product_cat-swiss-military-solar-chronographen-sms34113","7":"product_cat-alle-uhren","8":"product_cat-herrenuhren","9":"product_cat-chronographen","10":"product_cat-uhren-mit-sonderfunktion","11":"product_cat-solar-power-de","12":"product_shipping_class-flexible-shipping-de","14":"first","15":"instock","16":"taxable","17":"shipping-taxable","18":"purchasable","19":"product-type-simple"},"yoast_head":"<!-- This site is optimized with the Yoast SEO Premium plugin v26.6 (Yoast SEO v26.6) - https:\/\/yoast.com\/wordpress\/plugins\/seo\/ -->\n<title>Swiss Military Solar Chronograph - Schwarz, PVD, Kautschuk | SMS34113.05<\/title>\n<meta name=\"description\" content=\"Swiss Military Solar Chronograph SMS34113.05 \u2013 betrieben durch Licht, ganz ohne Batteriewechsel. Schwarzes Zifferblatt, schwarzes PVD-Geh\u00e4use, Kautschukband, Swiss Made, 5 Jahre Garantie.\" \/>\n<meta name=\"robots\" content=\"index, follow, max-snippet:-1, max-image-preview:large, max-video-preview:-1\" \/>\n<link rel=\"canonical\" href=\"https:\/\/swissmilitarywatches.ch\/de\/shop\/swiss-military-solar-chronograph-schwarz-pvd-kautschuk-sms34113-05\/\" \/>\n<meta property=\"og:locale\" content=\"de_DE\" \/>\n<meta property=\"og:type\" content=\"article\" \/>\n<meta property=\"og:title\" content=\"Swiss Military Solar Chronograph - Schwarz, PVD, Kautschuk | SMS34113.05\" \/>\n<meta property=\"og:description\" content=\"Swiss Military Solar Chronograph SMS34113.05 \u2013 betrieben durch Licht, ganz ohne Batteriewechsel. Schwarzes Zifferblatt, schwarzes PVD-Geh\u00e4use, Kautschukband, Swiss Made, 5 Jahre Garantie.\" \/>\n<meta property=\"og:url\" content=\"https:\/\/swissmilitarywatches.ch\/de\/shop\/swiss-military-solar-chronograph-schwarz-pvd-kautschuk-sms34113-05\/\" \/>\n<meta property=\"og:site_name\" content=\"Swiss Military by Chrono\" \/>\n<meta property=\"article:publisher\" content=\"https:\/\/m.facebook.com\/swissmilitarybychronoofficial\/\" \/>\n<meta property=\"article:modified_time\" content=\"2026-02-16T13:08:53+00:00\" \/>\n<meta property=\"og:image\" content=\"https:\/\/swissmilitarywatches.ch\/wp-content\/uploads\/2025\/09\/SMS34113.05.png\" \/>\n\t<meta property=\"og:image:width\" content=\"1300\" \/>\n\t<meta property=\"og:image:height\" content=\"1642\" \/>\n\t<meta property=\"og:image:type\" content=\"image\/png\" \/>\n<meta name=\"twitter:card\" content=\"summary_large_image\" \/>\n<meta name=\"twitter:label1\" content=\"Preis\" \/>\n\t<meta name=\"twitter:data1\" content=\"&euro;549.00 inkl. MwSt.\" \/>\n\t<meta name=\"twitter:label2\" content=\"Verf\u00fcgbarkeit\" \/>\n\t<meta name=\"twitter:data2\" content=\"Auf Lager\" \/>\n<script type=\"application\/ld+json\" class=\"yoast-schema-graph\">{\"@context\":\"https:\/\/schema.org\",\"@graph\":[{\"@type\":\"WebPage\",\"@id\":\"https:\/\/swissmilitarywatches.ch\/de\/shop\/swiss-military-solar-chronograph-schwarz-pvd-kautschuk-sms34113-05\/\",\"url\":\"https:\/\/swissmilitarywatches.ch\/de\/shop\/swiss-military-solar-chronograph-schwarz-pvd-kautschuk-sms34113-05\/\",\"name\":\"Swiss Military Solar Chronograph - Schwarz, PVD, Kautschuk | SMS34113.05\",\"isPartOf\":{\"@id\":\"https:\/\/swissmilitarywatches.ch\/de\/#website\"},\"primaryImageOfPage\":{\"@id\":\"https:\/\/swissmilitarywatches.ch\/de\/shop\/swiss-military-solar-chronograph-schwarz-pvd-kautschuk-sms34113-05\/#primaryimage\"},\"image\":{\"@id\":\"https:\/\/swissmilitarywatches.ch\/de\/shop\/swiss-military-solar-chronograph-schwarz-pvd-kautschuk-sms34113-05\/#primaryimage\"},\"thumbnailUrl\":\"https:\/\/swissmilitarywatches.ch\/wp-content\/uploads\/2025\/09\/SMS34113.05.png\",\"datePublished\":\"2025-09-01T05:47:44+00:00\",\"dateModified\":\"2026-02-16T13:08:53+00:00\",\"description\":\"Swiss Military Solar Chronograph SMS34113.05 \u2013 betrieben durch Licht, ganz ohne Batteriewechsel. Schwarzes Zifferblatt, schwarzes PVD-Geh\u00e4use, Kautschukband, Swiss Made, 5 Jahre Garantie.\",\"breadcrumb\":{\"@id\":\"https:\/\/swissmilitarywatches.ch\/de\/shop\/swiss-military-solar-chronograph-schwarz-pvd-kautschuk-sms34113-05\/#breadcrumb\"},\"inLanguage\":\"de\",\"potentialAction\":[{\"@type\":\"ReadAction\",\"target\":[\"https:\/\/swissmilitarywatches.ch\/de\/shop\/swiss-military-solar-chronograph-schwarz-pvd-kautschuk-sms34113-05\/\"]}]},{\"@type\":\"ImageObject\",\"inLanguage\":\"de\",\"@id\":\"https:\/\/swissmilitarywatches.ch\/de\/shop\/swiss-military-solar-chronograph-schwarz-pvd-kautschuk-sms34113-05\/#primaryimage\",\"url\":\"https:\/\/swissmilitarywatches.ch\/wp-content\/uploads\/2025\/09\/SMS34113.05.png\",\"contentUrl\":\"https:\/\/swissmilitarywatches.ch\/wp-content\/uploads\/2025\/09\/SMS34113.05.png\",\"width\":1300,\"height\":1642,\"caption\":\"Schweizer Milit\u00e4r-Solar-Chronograph SMS34113.05 wird durch Licht angetrieben, kein Batteriewechsel erforderlich. Mit schwarzem Zifferblatt, schwarzem PVD-Geh\u00e4use und Kautschukarmband.\"},{\"@type\":\"BreadcrumbList\",\"@id\":\"https:\/\/swissmilitarywatches.ch\/de\/shop\/swiss-military-solar-chronograph-schwarz-pvd-kautschuk-sms34113-05\/#breadcrumb\",\"itemListElement\":[{\"@type\":\"ListItem\",\"position\":1,\"name\":\"Home\",\"item\":\"https:\/\/swissmilitarywatches.ch\/de\/home\/\"},{\"@type\":\"ListItem\",\"position\":2,\"name\":\"Shop\",\"item\":\"https:\/\/swissmilitarywatches.ch\/de\/shop\/\"},{\"@type\":\"ListItem\",\"position\":3,\"name\":\"Alle Uhren\",\"item\":\"https:\/\/swissmilitarywatches.ch\/de\/produkt-kategorie\/alle-uhren\/\"},{\"@type\":\"ListItem\",\"position\":4,\"name\":\"Swiss Military Solar Chronograph &#8211; Schwarz, PVD, Kautschuk | SMS34113.05\"}]},{\"@type\":\"WebSite\",\"@id\":\"https:\/\/swissmilitarywatches.ch\/de\/#website\",\"url\":\"https:\/\/swissmilitarywatches.ch\/de\/\",\"name\":\"Swiss Military by Chrono\",\"description\":\"Official Licensed Product of the Swiss Confederation\",\"publisher\":{\"@id\":\"https:\/\/swissmilitarywatches.ch\/de\/#organization\"},\"potentialAction\":[{\"@type\":\"SearchAction\",\"target\":{\"@type\":\"EntryPoint\",\"urlTemplate\":\"https:\/\/swissmilitarywatches.ch\/de\/?s={search_term_string}\"},\"query-input\":{\"@type\":\"PropertyValueSpecification\",\"valueRequired\":true,\"valueName\":\"search_term_string\"}}],\"inLanguage\":\"de\"},{\"@type\":\"Organization\",\"@id\":\"https:\/\/swissmilitarywatches.ch\/de\/#organization\",\"name\":\"Swiss Military by Chrono\",\"url\":\"https:\/\/swissmilitarywatches.ch\/de\/\",\"logo\":{\"@type\":\"ImageObject\",\"inLanguage\":\"de\",\"@id\":\"https:\/\/swissmilitarywatches.ch\/de\/#\/schema\/logo\/image\/\",\"url\":\"https:\/\/swissmilitarywatches.ch\/wp-content\/uploads\/2020\/04\/cropped-SM_logo_512x512px.jpg\",\"contentUrl\":\"https:\/\/swissmilitarywatches.ch\/wp-content\/uploads\/2020\/04\/cropped-SM_logo_512x512px.jpg\",\"width\":512,\"height\":512,\"caption\":\"Swiss Military by Chrono\"},\"image\":{\"@id\":\"https:\/\/swissmilitarywatches.ch\/de\/#\/schema\/logo\/image\/\"},\"sameAs\":[\"https:\/\/m.facebook.com\/swissmilitarybychronoofficial\/\",\"https:\/\/www.instagram.com\/swissmilitarybychrono\/\",\"https:\/\/www.pinterest.ch\/swissmilitarybychrono\/\"]}]}<\/script>\n<meta property=\"product:price:amount\" content=\"549.00\" \/>\n<meta property=\"product:price:currency\" content=\"EUR\" \/>\n<meta property=\"og:availability\" content=\"instock\" \/>\n<meta property=\"product:availability\" content=\"instock\" \/>\n<meta property=\"product:retailer_item_id\" content=\"SMS34113.05\" \/>\n<meta property=\"product:condition\" content=\"new\" \/>\n<!-- \/ Yoast SEO Premium plugin. -->","yoast_head_json":{"title":"Swiss Military Solar Chronograph - Schwarz, PVD, Kautschuk | SMS34113.05","description":"Swiss Military Solar Chronograph SMS34113.05 \u2013 betrieben durch Licht, ganz ohne Batteriewechsel. Schwarzes Zifferblatt, schwarzes PVD-Geh\u00e4use, Kautschukband, Swiss Made, 5 Jahre Garantie.","robots":{"index":"index","follow":"follow","max-snippet":"max-snippet:-1","max-image-preview":"max-image-preview:large","max-video-preview":"max-video-preview:-1"},"canonical":"https:\/\/swissmilitarywatches.ch\/de\/shop\/swiss-military-solar-chronograph-schwarz-pvd-kautschuk-sms34113-05\/","og_locale":"de_DE","og_type":"article","og_title":"Swiss Military Solar Chronograph - Schwarz, PVD, Kautschuk | SMS34113.05","og_description":"Swiss Military Solar Chronograph SMS34113.05 \u2013 betrieben durch Licht, ganz ohne Batteriewechsel. Schwarzes Zifferblatt, schwarzes PVD-Geh\u00e4use, Kautschukband, Swiss Made, 5 Jahre Garantie.","og_url":"https:\/\/swissmilitarywatches.ch\/de\/shop\/swiss-military-solar-chronograph-schwarz-pvd-kautschuk-sms34113-05\/","og_site_name":"Swiss Military by Chrono","article_publisher":"https:\/\/m.facebook.com\/swissmilitarybychronoofficial\/","article_modified_time":"2026-02-16T13:08:53+00:00","og_image":[{"width":1300,"height":1642,"url":"https:\/\/swissmilitarywatches.ch\/wp-content\/uploads\/2025\/09\/SMS34113.05.png","type":"image\/png"}],"twitter_card":"summary_large_image","twitter_misc":{"Preis":"&euro;549.00 inkl. MwSt.","Verf\u00fcgbarkeit":"Auf Lager"},"schema":{"@context":"https:\/\/schema.org","@graph":[{"@type":"WebPage","@id":"https:\/\/swissmilitarywatches.ch\/de\/shop\/swiss-military-solar-chronograph-schwarz-pvd-kautschuk-sms34113-05\/","url":"https:\/\/swissmilitarywatches.ch\/de\/shop\/swiss-military-solar-chronograph-schwarz-pvd-kautschuk-sms34113-05\/","name":"Swiss Military Solar Chronograph - Schwarz, PVD, Kautschuk | SMS34113.05","isPartOf":{"@id":"https:\/\/swissmilitarywatches.ch\/de\/#website"},"primaryImageOfPage":{"@id":"https:\/\/swissmilitarywatches.ch\/de\/shop\/swiss-military-solar-chronograph-schwarz-pvd-kautschuk-sms34113-05\/#primaryimage"},"image":{"@id":"https:\/\/swissmilitarywatches.ch\/de\/shop\/swiss-military-solar-chronograph-schwarz-pvd-kautschuk-sms34113-05\/#primaryimage"},"thumbnailUrl":"https:\/\/swissmilitarywatches.ch\/wp-content\/uploads\/2025\/09\/SMS34113.05.png","datePublished":"2025-09-01T05:47:44+00:00","dateModified":"2026-02-16T13:08:53+00:00","description":"Swiss Military Solar Chronograph SMS34113.05 \u2013 betrieben durch Licht, ganz ohne Batteriewechsel. Schwarzes Zifferblatt, schwarzes PVD-Geh\u00e4use, Kautschukband, Swiss Made, 5 Jahre Garantie.","breadcrumb":{"@id":"https:\/\/swissmilitarywatches.ch\/de\/shop\/swiss-military-solar-chronograph-schwarz-pvd-kautschuk-sms34113-05\/#breadcrumb"},"inLanguage":"de","potentialAction":[{"@type":"ReadAction","target":["https:\/\/swissmilitarywatches.ch\/de\/shop\/swiss-military-solar-chronograph-schwarz-pvd-kautschuk-sms34113-05\/"]}]},{"@type":"ImageObject","inLanguage":"de","@id":"https:\/\/swissmilitarywatches.ch\/de\/shop\/swiss-military-solar-chronograph-schwarz-pvd-kautschuk-sms34113-05\/#primaryimage","url":"https:\/\/swissmilitarywatches.ch\/wp-content\/uploads\/2025\/09\/SMS34113.05.png","contentUrl":"https:\/\/swissmilitarywatches.ch\/wp-content\/uploads\/2025\/09\/SMS34113.05.png","width":1300,"height":1642,"caption":"Schweizer Milit\u00e4r-Solar-Chronograph SMS34113.05 wird durch Licht angetrieben, kein Batteriewechsel erforderlich. Mit schwarzem Zifferblatt, schwarzem PVD-Geh\u00e4use und Kautschukarmband."},{"@type":"BreadcrumbList","@id":"https:\/\/swissmilitarywatches.ch\/de\/shop\/swiss-military-solar-chronograph-schwarz-pvd-kautschuk-sms34113-05\/#breadcrumb","itemListElement":[{"@type":"ListItem","position":1,"name":"Home","item":"https:\/\/swissmilitarywatches.ch\/de\/home\/"},{"@type":"ListItem","position":2,"name":"Shop","item":"https:\/\/swissmilitarywatches.ch\/de\/shop\/"},{"@type":"ListItem","position":3,"name":"Alle Uhren","item":"https:\/\/swissmilitarywatches.ch\/de\/produkt-kategorie\/alle-uhren\/"},{"@type":"ListItem","position":4,"name":"Swiss Military Solar Chronograph &#8211; Schwarz, PVD, Kautschuk | SMS34113.05"}]},{"@type":"WebSite","@id":"https:\/\/swissmilitarywatches.ch\/de\/#website","url":"https:\/\/swissmilitarywatches.ch\/de\/","name":"Swiss Military by Chrono","description":"Official Licensed Product of the Swiss Confederation","publisher":{"@id":"https:\/\/swissmilitarywatches.ch\/de\/#organization"},"potentialAction":[{"@type":"SearchAction","target":{"@type":"EntryPoint","urlTemplate":"https:\/\/swissmilitarywatches.ch\/de\/?s={search_term_string}"},"query-input":{"@type":"PropertyValueSpecification","valueRequired":true,"valueName":"search_term_string"}}],"inLanguage":"de"},{"@type":"Organization","@id":"https:\/\/swissmilitarywatches.ch\/de\/#organization","name":"Swiss Military by Chrono","url":"https:\/\/swissmilitarywatches.ch\/de\/","logo":{"@type":"ImageObject","inLanguage":"de","@id":"https:\/\/swissmilitarywatches.ch\/de\/#\/schema\/logo\/image\/","url":"https:\/\/swissmilitarywatches.ch\/wp-content\/uploads\/2020\/04\/cropped-SM_logo_512x512px.jpg","contentUrl":"https:\/\/swissmilitarywatches.ch\/wp-content\/uploads\/2020\/04\/cropped-SM_logo_512x512px.jpg","width":512,"height":512,"caption":"Swiss Military by Chrono"},"image":{"@id":"https:\/\/swissmilitarywatches.ch\/de\/#\/schema\/logo\/image\/"},"sameAs":["https:\/\/m.facebook.com\/swissmilitarybychronoofficial\/","https:\/\/www.instagram.com\/swissmilitarybychrono\/","https:\/\/www.pinterest.ch\/swissmilitarybychrono\/"]}]},"product_price_amount":"549.00","product_price_currency":"EUR","og_availability":"instock","product_availability":"instock","product_retailer_item_id":"SMS34113.05","product_condition":"new"},"jetpack_sharing_enabled":true,"_links":{"self":[{"href":"https:\/\/swissmilitarywatches.ch\/de\/wp-json\/wp\/v2\/product\/22394","targetHints":{"allow":["GET"]}}],"collection":[{"href":"https:\/\/swissmilitarywatches.ch\/de\/wp-json\/wp\/v2\/product"}],"about":[{"href":"https:\/\/swissmilitarywatches.ch\/de\/wp-json\/wp\/v2\/types\/product"}],"replies":[{"embeddable":true,"href":"https:\/\/swissmilitarywatches.ch\/de\/wp-json\/wp\/v2\/comments?post=22394"}],"wp:featuredmedia":[{"embeddable":true,"href":"https:\/\/swissmilitarywatches.ch\/de\/wp-json\/wp\/v2\/media\/22279"}],"wp:attachment":[{"href":"https:\/\/swissmilitarywatches.ch\/de\/wp-json\/wp\/v2\/media?parent=22394"}],"wp:term":[{"taxonomy":"product_brand","embeddable":true,"href":"https:\/\/swissmilitarywatches.ch\/de\/wp-json\/wp\/v2\/product_brand?post=22394"},{"taxonomy":"product_cat","embeddable":true,"href":"https:\/\/swissmilitarywatches.ch\/de\/wp-json\/wp\/v2\/product_cat?post=22394"},{"taxonomy":"product_tag","embeddable":true,"href":"https:\/\/swissmilitarywatches.ch\/de\/wp-json\/wp\/v2\/product_tag?post=22394"}],"curies":[{"name":"wp","href":"https:\/\/api.w.org\/{rel}","templated":true}]}}