{"id":22384,"date":"2025-09-01T07:47:44","date_gmt":"2025-09-01T05:47:44","guid":{"rendered":"https:\/\/swissmilitarywatches.ch\/?post_type=product&#038;p=22384"},"modified":"2026-02-16T15:08:51","modified_gmt":"2026-02-16T13:08:51","slug":"swiss-military-solar-chronograph-gruen-stahl-sms34113-04","status":"publish","type":"product","link":"https:\/\/swissmilitarywatches.ch\/de\/shop\/swiss-military-solar-chronograph-gruen-stahl-sms34113-04\/","title":{"rendered":"Gr\u00fcnes Zifferblatt, Stahlgeh\u00e4use, Kautschukband, Swiss Made, 5 Jahre Garantie."},"content":{"rendered":"<p data-start=\"264\" data-end=\"647\"><strong>Swiss Military Solar Chronograph \u2013 Kein Batteriewechsel, betrieben durch Licht<\/strong><\/p>\n<p data-start=\"264\" data-end=\"647\">Die Swiss Military SMS34113.04 ist ein Swiss Military Solar Chronograph, der keinen Batteriewechsel erfordert. Vollst\u00e4ndig durch Licht betrieben, bietet er eine kontinuierliche, umweltfreundliche Leistung \u2013 ganz ohne Batteriewechsel. Mit seinem gr\u00fcnen Sunray-Zifferblatt, lumin\u00f6sen Zeigern und dem Kautschukband verk\u00f6rpert dieser Swiss Solar Chronograph den Geist des Abenteuers in einem frischen, modernen Design.  <\/p>\n<p data-start=\"649\" data-end=\"1002\">Das 42-mm-Edelstahlgeh\u00e4use kombiniert mit dem gr\u00fcnen Kautschukband sorgt f\u00fcr einen robusten und zugleich vielseitigen Stil. Zudem sch\u00fctzt das kratzfeste Saphirglas das Zifferblatt, w\u00e4hrend die einseitig drehbare L\u00fcnette seine sportliche Funktion betont. Au\u00dferdem l\u00e4sst die lebhafte gr\u00fcne Farbgebung diese Uhr hervorstechen und spiegelt einen abenteuerlichen Lebensstil wider.  <\/p>\n<p data-start=\"1004\" data-end=\"1350\">Im Inneren setzt diese Swiss Military Solar Uhr auf fortschrittliche Solartechnologie. Eine Solarzelle unter dem Zifferblatt wandelt nat\u00fcrliches und k\u00fcnstliches Licht in Energie um und l\u00e4dt eine Batterie auf, die bis zu 5 Monate l\u00e4uft \u2013 selbst in v\u00f6lliger Dunkelheit. Das Ergebnis: Die Uhr bietet eine zuverl\u00e4ssige, umweltfreundliche Leistung \u2013 ganz ohne jemals einen Batteriewechsel zu ben\u00f6tigen.  <\/p>\n<p data-start=\"1352\" data-end=\"1714\">Dank des easy-click Bandsystems kannst du jederzeit zwischen dem Kautschukband und einem Edelstahlarmband wechseln. Damit passt sich diese Swiss Military Chronographen-Uhr m\u00fchelos an verschiedene Anl\u00e4sse an. Mit 100 m Wasserdichtigkeit ist dieser Swiss Military Chronograph f\u00fcr Herren ein zuverl\u00e4ssiger Begleiter f\u00fcr Outdoor- und Alltagsabenteuer.  <\/p>\n<p data-start=\"1716\" data-end=\"1735\"><strong data-start=\"1716\" data-end=\"1733\">Hauptmerkmale:<\/strong><\/p>\n<ul data-start=\"1736\" data-end=\"2193\">\n<li data-start=\"1736\" data-end=\"1792\">\n<p data-start=\"1738\" data-end=\"1792\">Gr\u00fcnes Sunray-Zifferblatt mit lumin\u00f6sen Zeigern &amp; Stundenmarkierungen<\/p>\n<\/li>\n<li data-start=\"1793\" data-end=\"1849\">\n<p data-start=\"1795\" data-end=\"1849\"><span style=\"color: #333333;\">\u2300 42 mm Edelstahlgeh\u00e4use<\/span><\/p>\n<\/li>\n<li data-start=\"1850\" data-end=\"1895\">\n<p data-start=\"1852\" data-end=\"1895\">Gr\u00fcnes Kautschukband Easy-Click System<\/p>\n<\/li>\n<li data-start=\"1896\" data-end=\"1934\">\n<p data-start=\"1898\" data-end=\"1934\">Kratzfestes Saphirglas<\/p>\n<\/li>\n<li data-start=\"1935\" data-end=\"1968\">\n<p data-start=\"1937\" data-end=\"1968\">Einseitig drehbare L\u00fcnette<\/p>\n<\/li>\n<li data-start=\"1969\" data-end=\"2013\">\n<p data-start=\"1971\" data-end=\"2013\">Schweizer Solar Chronographen-Uhrwerk<\/p>\n<\/li>\n<li data-start=\"2014\" data-end=\"2046\">\n<p data-start=\"2016\" data-end=\"2046\">Bis zu 5 Monate Gangreserve<\/p>\n<\/li>\n<li data-start=\"2047\" data-end=\"2073\">\n<p data-start=\"2049\" data-end=\"2073\">100 m Wasserdichtigkeit<\/p>\n<\/li>\n<li data-start=\"2124\" data-end=\"2155\">\n<p data-start=\"2126\" data-end=\"2155\">Swiss Made &amp; von Hand montiert<\/p>\n<\/li>\n<li data-start=\"2156\" data-end=\"2193\">\n<p data-start=\"2158\" data-end=\"2193\"><strong data-start=\"2158\" data-end=\"2191\">5 Jahre internationale Garantie<\/strong><\/p>\n<\/li>\n<\/ul>\n","protected":false},"excerpt":{"rendered":"<h3 class=\"ai-optimize-25 ai-optimize-introduction\" data-start=\"256\" data-end=\"298\"><strong data-start=\"256\" data-end=\"296\">Kein Batteriewechsel mehr \u2013 Angebetrieben durch Licht<\/strong><\/h3>\n<ul>\n<li class=\"ai-optimize-27\" data-start=\"301\" data-end=\"340\">Swiss Made Solar Chronograph Uhrwerk<\/li>\n<li class=\"ai-optimize-29\" data-start=\"343\" data-end=\"385\">Gr\u00fcnes Zifferblatt mit leuchtenden Zeigern und Markierungen<\/li>\n<li class=\"ai-optimize-31\" data-start=\"388\" data-end=\"467\">Edelstahlgeh\u00e4use und gr\u00fcnes Kautschukband mit Easy-Click Wechselbandsystem<\/li>\n<li class=\"ai-optimize-33\" data-start=\"470\" data-end=\"506\">Kratzfestes Saphirglas<\/li>\n<li class=\"ai-optimize-35\" data-start=\"509\" data-end=\"533\">100 m wasserdicht<\/li>\n<li class=\"ai-optimize-37\" data-start=\"536\" data-end=\"567\">5 Jahre internationale Garantie<\/li>\n<\/ul>\n<p>&nbsp;<\/p>\n","protected":false},"featured_media":22274,"comment_status":"open","ping_status":"closed","template":"","meta":[],"product_brand":[],"product_cat":[3066,1604,1607,1614,2131,1668],"product_tag":[],"class_list":{"0":"post-22384","1":"product","2":"type-product","3":"status-publish","4":"has-post-thumbnail","6":"product_cat-swiss-military-solar-chronographen-sms34113","7":"product_cat-alle-uhren","8":"product_cat-herrenuhren","9":"product_cat-chronographen","10":"product_cat-uhren-mit-sonderfunktion","11":"product_cat-solar-power-de","12":"product_shipping_class-flexible-shipping-de","14":"first","15":"instock","16":"taxable","17":"shipping-taxable","18":"purchasable","19":"product-type-simple"},"yoast_head":"<!-- This site is optimized with the Yoast SEO Premium plugin v26.6 (Yoast SEO v26.6) - https:\/\/yoast.com\/wordpress\/plugins\/seo\/ -->\n<title>Gr\u00fcnes Zifferblatt, Stahlgeh\u00e4use, Kautschukband, Swiss Made, 5 Jahre Garantie.<\/title>\n<meta name=\"description\" content=\"Swiss Military Solar Chronograph SMS34113.04 \u2013 betrieben durch Licht, ganz ohne Batteriewechsel. Gr\u00fcnes Zifferblatt, Stahlgeh\u00e4use, Kautschukband, Swiss Made, 5 Jahre Garantie.\" \/>\n<meta name=\"robots\" content=\"index, follow, max-snippet:-1, max-image-preview:large, max-video-preview:-1\" \/>\n<link rel=\"canonical\" href=\"https:\/\/swissmilitarywatches.ch\/de\/shop\/swiss-military-solar-chronograph-gruen-stahl-sms34113-04\/\" \/>\n<meta property=\"og:locale\" content=\"de_DE\" \/>\n<meta property=\"og:type\" content=\"article\" \/>\n<meta property=\"og:title\" content=\"Gr\u00fcnes Zifferblatt, Stahlgeh\u00e4use, Kautschukband, Swiss Made, 5 Jahre Garantie.\" \/>\n<meta property=\"og:description\" content=\"Swiss Military Solar Chronograph SMS34113.04 \u2013 betrieben durch Licht, ganz ohne Batteriewechsel. Gr\u00fcnes Zifferblatt, Stahlgeh\u00e4use, Kautschukband, Swiss Made, 5 Jahre Garantie.\" \/>\n<meta property=\"og:url\" content=\"https:\/\/swissmilitarywatches.ch\/de\/shop\/swiss-military-solar-chronograph-gruen-stahl-sms34113-04\/\" \/>\n<meta property=\"og:site_name\" content=\"Swiss Military by Chrono\" \/>\n<meta property=\"article:publisher\" content=\"https:\/\/m.facebook.com\/swissmilitarybychronoofficial\/\" \/>\n<meta property=\"article:modified_time\" content=\"2026-02-16T13:08:51+00:00\" \/>\n<meta property=\"og:image\" content=\"https:\/\/swissmilitarywatches.ch\/wp-content\/uploads\/2025\/09\/SMS34113.04.png\" \/>\n\t<meta property=\"og:image:width\" content=\"1300\" \/>\n\t<meta property=\"og:image:height\" content=\"1642\" \/>\n\t<meta property=\"og:image:type\" content=\"image\/png\" \/>\n<meta name=\"twitter:card\" content=\"summary_large_image\" \/>\n<meta name=\"twitter:label1\" content=\"Preis\" \/>\n\t<meta name=\"twitter:data1\" content=\"&euro;529.00 inkl. MwSt.\" \/>\n\t<meta name=\"twitter:label2\" content=\"Verf\u00fcgbarkeit\" \/>\n\t<meta name=\"twitter:data2\" content=\"Auf Lager\" \/>\n<script type=\"application\/ld+json\" class=\"yoast-schema-graph\">{\"@context\":\"https:\/\/schema.org\",\"@graph\":[{\"@type\":\"WebPage\",\"@id\":\"https:\/\/swissmilitarywatches.ch\/de\/shop\/swiss-military-solar-chronograph-gruen-stahl-sms34113-04\/\",\"url\":\"https:\/\/swissmilitarywatches.ch\/de\/shop\/swiss-military-solar-chronograph-gruen-stahl-sms34113-04\/\",\"name\":\"Gr\u00fcnes Zifferblatt, Stahlgeh\u00e4use, Kautschukband, Swiss Made, 5 Jahre Garantie.\",\"isPartOf\":{\"@id\":\"https:\/\/swissmilitarywatches.ch\/de\/#website\"},\"primaryImageOfPage\":{\"@id\":\"https:\/\/swissmilitarywatches.ch\/de\/shop\/swiss-military-solar-chronograph-gruen-stahl-sms34113-04\/#primaryimage\"},\"image\":{\"@id\":\"https:\/\/swissmilitarywatches.ch\/de\/shop\/swiss-military-solar-chronograph-gruen-stahl-sms34113-04\/#primaryimage\"},\"thumbnailUrl\":\"https:\/\/swissmilitarywatches.ch\/wp-content\/uploads\/2025\/09\/SMS34113.04.png\",\"datePublished\":\"2025-09-01T05:47:44+00:00\",\"dateModified\":\"2026-02-16T13:08:51+00:00\",\"description\":\"Swiss Military Solar Chronograph SMS34113.04 \u2013 betrieben durch Licht, ganz ohne Batteriewechsel. Gr\u00fcnes Zifferblatt, Stahlgeh\u00e4use, Kautschukband, Swiss Made, 5 Jahre Garantie.\",\"breadcrumb\":{\"@id\":\"https:\/\/swissmilitarywatches.ch\/de\/shop\/swiss-military-solar-chronograph-gruen-stahl-sms34113-04\/#breadcrumb\"},\"inLanguage\":\"de\",\"potentialAction\":[{\"@type\":\"ReadAction\",\"target\":[\"https:\/\/swissmilitarywatches.ch\/de\/shop\/swiss-military-solar-chronograph-gruen-stahl-sms34113-04\/\"]}]},{\"@type\":\"ImageObject\",\"inLanguage\":\"de\",\"@id\":\"https:\/\/swissmilitarywatches.ch\/de\/shop\/swiss-military-solar-chronograph-gruen-stahl-sms34113-04\/#primaryimage\",\"url\":\"https:\/\/swissmilitarywatches.ch\/wp-content\/uploads\/2025\/09\/SMS34113.04.png\",\"contentUrl\":\"https:\/\/swissmilitarywatches.ch\/wp-content\/uploads\/2025\/09\/SMS34113.04.png\",\"width\":1300,\"height\":1642,\"caption\":\"Swiss Military Solar Chronograph SMS34113.04 powered by light, no battery change needed. With green dial and rubber strap.\"},{\"@type\":\"BreadcrumbList\",\"@id\":\"https:\/\/swissmilitarywatches.ch\/de\/shop\/swiss-military-solar-chronograph-gruen-stahl-sms34113-04\/#breadcrumb\",\"itemListElement\":[{\"@type\":\"ListItem\",\"position\":1,\"name\":\"Home\",\"item\":\"https:\/\/swissmilitarywatches.ch\/de\/home\/\"},{\"@type\":\"ListItem\",\"position\":2,\"name\":\"Shop\",\"item\":\"https:\/\/swissmilitarywatches.ch\/de\/shop\/\"},{\"@type\":\"ListItem\",\"position\":3,\"name\":\"Alle Uhren\",\"item\":\"https:\/\/swissmilitarywatches.ch\/de\/produkt-kategorie\/alle-uhren\/\"},{\"@type\":\"ListItem\",\"position\":4,\"name\":\"Gr\u00fcnes Zifferblatt, Stahlgeh\u00e4use, Kautschukband, Swiss Made, 5 Jahre Garantie.\"}]},{\"@type\":\"WebSite\",\"@id\":\"https:\/\/swissmilitarywatches.ch\/de\/#website\",\"url\":\"https:\/\/swissmilitarywatches.ch\/de\/\",\"name\":\"Swiss Military by Chrono\",\"description\":\"Official Licensed Product of the Swiss Confederation\",\"publisher\":{\"@id\":\"https:\/\/swissmilitarywatches.ch\/de\/#organization\"},\"potentialAction\":[{\"@type\":\"SearchAction\",\"target\":{\"@type\":\"EntryPoint\",\"urlTemplate\":\"https:\/\/swissmilitarywatches.ch\/de\/?s={search_term_string}\"},\"query-input\":{\"@type\":\"PropertyValueSpecification\",\"valueRequired\":true,\"valueName\":\"search_term_string\"}}],\"inLanguage\":\"de\"},{\"@type\":\"Organization\",\"@id\":\"https:\/\/swissmilitarywatches.ch\/de\/#organization\",\"name\":\"Swiss Military by Chrono\",\"url\":\"https:\/\/swissmilitarywatches.ch\/de\/\",\"logo\":{\"@type\":\"ImageObject\",\"inLanguage\":\"de\",\"@id\":\"https:\/\/swissmilitarywatches.ch\/de\/#\/schema\/logo\/image\/\",\"url\":\"https:\/\/swissmilitarywatches.ch\/wp-content\/uploads\/2020\/04\/cropped-SM_logo_512x512px.jpg\",\"contentUrl\":\"https:\/\/swissmilitarywatches.ch\/wp-content\/uploads\/2020\/04\/cropped-SM_logo_512x512px.jpg\",\"width\":512,\"height\":512,\"caption\":\"Swiss Military by Chrono\"},\"image\":{\"@id\":\"https:\/\/swissmilitarywatches.ch\/de\/#\/schema\/logo\/image\/\"},\"sameAs\":[\"https:\/\/m.facebook.com\/swissmilitarybychronoofficial\/\",\"https:\/\/www.instagram.com\/swissmilitarybychrono\/\",\"https:\/\/www.pinterest.ch\/swissmilitarybychrono\/\"]}]}<\/script>\n<meta property=\"product:price:amount\" content=\"529.00\" \/>\n<meta property=\"product:price:currency\" content=\"EUR\" \/>\n<meta property=\"og:availability\" content=\"instock\" \/>\n<meta property=\"product:availability\" content=\"instock\" \/>\n<meta property=\"product:retailer_item_id\" content=\"SMS34113.04\" \/>\n<meta property=\"product:condition\" content=\"new\" \/>\n<!-- \/ Yoast SEO Premium plugin. -->","yoast_head_json":{"title":"Gr\u00fcnes Zifferblatt, Stahlgeh\u00e4use, Kautschukband, Swiss Made, 5 Jahre Garantie.","description":"Swiss Military Solar Chronograph SMS34113.04 \u2013 betrieben durch Licht, ganz ohne Batteriewechsel. Gr\u00fcnes Zifferblatt, Stahlgeh\u00e4use, Kautschukband, Swiss Made, 5 Jahre Garantie.","robots":{"index":"index","follow":"follow","max-snippet":"max-snippet:-1","max-image-preview":"max-image-preview:large","max-video-preview":"max-video-preview:-1"},"canonical":"https:\/\/swissmilitarywatches.ch\/de\/shop\/swiss-military-solar-chronograph-gruen-stahl-sms34113-04\/","og_locale":"de_DE","og_type":"article","og_title":"Gr\u00fcnes Zifferblatt, Stahlgeh\u00e4use, Kautschukband, Swiss Made, 5 Jahre Garantie.","og_description":"Swiss Military Solar Chronograph SMS34113.04 \u2013 betrieben durch Licht, ganz ohne Batteriewechsel. Gr\u00fcnes Zifferblatt, Stahlgeh\u00e4use, Kautschukband, Swiss Made, 5 Jahre Garantie.","og_url":"https:\/\/swissmilitarywatches.ch\/de\/shop\/swiss-military-solar-chronograph-gruen-stahl-sms34113-04\/","og_site_name":"Swiss Military by Chrono","article_publisher":"https:\/\/m.facebook.com\/swissmilitarybychronoofficial\/","article_modified_time":"2026-02-16T13:08:51+00:00","og_image":[{"width":1300,"height":1642,"url":"https:\/\/swissmilitarywatches.ch\/wp-content\/uploads\/2025\/09\/SMS34113.04.png","type":"image\/png"}],"twitter_card":"summary_large_image","twitter_misc":{"Preis":"&euro;529.00 inkl. MwSt.","Verf\u00fcgbarkeit":"Auf Lager"},"schema":{"@context":"https:\/\/schema.org","@graph":[{"@type":"WebPage","@id":"https:\/\/swissmilitarywatches.ch\/de\/shop\/swiss-military-solar-chronograph-gruen-stahl-sms34113-04\/","url":"https:\/\/swissmilitarywatches.ch\/de\/shop\/swiss-military-solar-chronograph-gruen-stahl-sms34113-04\/","name":"Gr\u00fcnes Zifferblatt, Stahlgeh\u00e4use, Kautschukband, Swiss Made, 5 Jahre Garantie.","isPartOf":{"@id":"https:\/\/swissmilitarywatches.ch\/de\/#website"},"primaryImageOfPage":{"@id":"https:\/\/swissmilitarywatches.ch\/de\/shop\/swiss-military-solar-chronograph-gruen-stahl-sms34113-04\/#primaryimage"},"image":{"@id":"https:\/\/swissmilitarywatches.ch\/de\/shop\/swiss-military-solar-chronograph-gruen-stahl-sms34113-04\/#primaryimage"},"thumbnailUrl":"https:\/\/swissmilitarywatches.ch\/wp-content\/uploads\/2025\/09\/SMS34113.04.png","datePublished":"2025-09-01T05:47:44+00:00","dateModified":"2026-02-16T13:08:51+00:00","description":"Swiss Military Solar Chronograph SMS34113.04 \u2013 betrieben durch Licht, ganz ohne Batteriewechsel. Gr\u00fcnes Zifferblatt, Stahlgeh\u00e4use, Kautschukband, Swiss Made, 5 Jahre Garantie.","breadcrumb":{"@id":"https:\/\/swissmilitarywatches.ch\/de\/shop\/swiss-military-solar-chronograph-gruen-stahl-sms34113-04\/#breadcrumb"},"inLanguage":"de","potentialAction":[{"@type":"ReadAction","target":["https:\/\/swissmilitarywatches.ch\/de\/shop\/swiss-military-solar-chronograph-gruen-stahl-sms34113-04\/"]}]},{"@type":"ImageObject","inLanguage":"de","@id":"https:\/\/swissmilitarywatches.ch\/de\/shop\/swiss-military-solar-chronograph-gruen-stahl-sms34113-04\/#primaryimage","url":"https:\/\/swissmilitarywatches.ch\/wp-content\/uploads\/2025\/09\/SMS34113.04.png","contentUrl":"https:\/\/swissmilitarywatches.ch\/wp-content\/uploads\/2025\/09\/SMS34113.04.png","width":1300,"height":1642,"caption":"Swiss Military Solar Chronograph SMS34113.04 powered by light, no battery change needed. With green dial and rubber strap."},{"@type":"BreadcrumbList","@id":"https:\/\/swissmilitarywatches.ch\/de\/shop\/swiss-military-solar-chronograph-gruen-stahl-sms34113-04\/#breadcrumb","itemListElement":[{"@type":"ListItem","position":1,"name":"Home","item":"https:\/\/swissmilitarywatches.ch\/de\/home\/"},{"@type":"ListItem","position":2,"name":"Shop","item":"https:\/\/swissmilitarywatches.ch\/de\/shop\/"},{"@type":"ListItem","position":3,"name":"Alle Uhren","item":"https:\/\/swissmilitarywatches.ch\/de\/produkt-kategorie\/alle-uhren\/"},{"@type":"ListItem","position":4,"name":"Gr\u00fcnes Zifferblatt, Stahlgeh\u00e4use, Kautschukband, Swiss Made, 5 Jahre Garantie."}]},{"@type":"WebSite","@id":"https:\/\/swissmilitarywatches.ch\/de\/#website","url":"https:\/\/swissmilitarywatches.ch\/de\/","name":"Swiss Military by Chrono","description":"Official Licensed Product of the Swiss Confederation","publisher":{"@id":"https:\/\/swissmilitarywatches.ch\/de\/#organization"},"potentialAction":[{"@type":"SearchAction","target":{"@type":"EntryPoint","urlTemplate":"https:\/\/swissmilitarywatches.ch\/de\/?s={search_term_string}"},"query-input":{"@type":"PropertyValueSpecification","valueRequired":true,"valueName":"search_term_string"}}],"inLanguage":"de"},{"@type":"Organization","@id":"https:\/\/swissmilitarywatches.ch\/de\/#organization","name":"Swiss Military by Chrono","url":"https:\/\/swissmilitarywatches.ch\/de\/","logo":{"@type":"ImageObject","inLanguage":"de","@id":"https:\/\/swissmilitarywatches.ch\/de\/#\/schema\/logo\/image\/","url":"https:\/\/swissmilitarywatches.ch\/wp-content\/uploads\/2020\/04\/cropped-SM_logo_512x512px.jpg","contentUrl":"https:\/\/swissmilitarywatches.ch\/wp-content\/uploads\/2020\/04\/cropped-SM_logo_512x512px.jpg","width":512,"height":512,"caption":"Swiss Military by Chrono"},"image":{"@id":"https:\/\/swissmilitarywatches.ch\/de\/#\/schema\/logo\/image\/"},"sameAs":["https:\/\/m.facebook.com\/swissmilitarybychronoofficial\/","https:\/\/www.instagram.com\/swissmilitarybychrono\/","https:\/\/www.pinterest.ch\/swissmilitarybychrono\/"]}]},"product_price_amount":"529.00","product_price_currency":"EUR","og_availability":"instock","product_availability":"instock","product_retailer_item_id":"SMS34113.04","product_condition":"new"},"jetpack_sharing_enabled":true,"_links":{"self":[{"href":"https:\/\/swissmilitarywatches.ch\/de\/wp-json\/wp\/v2\/product\/22384","targetHints":{"allow":["GET"]}}],"collection":[{"href":"https:\/\/swissmilitarywatches.ch\/de\/wp-json\/wp\/v2\/product"}],"about":[{"href":"https:\/\/swissmilitarywatches.ch\/de\/wp-json\/wp\/v2\/types\/product"}],"replies":[{"embeddable":true,"href":"https:\/\/swissmilitarywatches.ch\/de\/wp-json\/wp\/v2\/comments?post=22384"}],"wp:featuredmedia":[{"embeddable":true,"href":"https:\/\/swissmilitarywatches.ch\/de\/wp-json\/wp\/v2\/media\/22274"}],"wp:attachment":[{"href":"https:\/\/swissmilitarywatches.ch\/de\/wp-json\/wp\/v2\/media?parent=22384"}],"wp:term":[{"taxonomy":"product_brand","embeddable":true,"href":"https:\/\/swissmilitarywatches.ch\/de\/wp-json\/wp\/v2\/product_brand?post=22384"},{"taxonomy":"product_cat","embeddable":true,"href":"https:\/\/swissmilitarywatches.ch\/de\/wp-json\/wp\/v2\/product_cat?post=22384"},{"taxonomy":"product_tag","embeddable":true,"href":"https:\/\/swissmilitarywatches.ch\/de\/wp-json\/wp\/v2\/product_tag?post=22384"}],"curies":[{"name":"wp","href":"https:\/\/api.w.org\/{rel}","templated":true}]}}