{"id":22383,"date":"2025-09-01T07:47:44","date_gmt":"2025-09-01T05:47:44","guid":{"rendered":"https:\/\/swissmilitarywatches.ch\/?post_type=product&#038;p=22383"},"modified":"2026-02-16T15:08:59","modified_gmt":"2026-02-16T13:08:59","slug":"swiss-military-solar-chronograph-blau-kautschuk-sms34113-03","status":"publish","type":"product","link":"https:\/\/swissmilitarywatches.ch\/de\/shop\/swiss-military-solar-chronograph-blau-kautschuk-sms34113-03\/","title":{"rendered":"Swiss Military Solar Chronograph \u2013 Blau, Kautschuk | SMS34113.03"},"content":{"rendered":"<p data-start=\"2387\" data-end=\"2790\"><strong data-start=\"2387\" data-end=\"2462\">Swiss Military Solar Chronograph \u2013 Kein Batteriewechsel, betrieben durch Licht<\/strong><\/p>\n<p data-start=\"219\" data-end=\"628\">Die Swiss Military SMS34113.03 ist ein Swiss Military Solar Chronograph, der keinen Batteriewechsel erfordert. Vollst\u00e4ndig durch Licht betrieben, l\u00e4dt er sich automatisch auf und liefert eine kontinuierliche Leistung \u2013 ganz ohne Batteriewechsel. Mit seinem markanten blauen Sunray-Zifferblatt, lumin\u00f6sen Zeigern und dem leichten Kautschukband ist dieser Swiss Solar Chronograph auf sportlichen Komfort und einen aktiven Lebensstil ausgelegt.  <\/p>\n<p data-start=\"630\" data-end=\"974\">Das 42-mm-Edelstahlgeh\u00e4use in Kombination mit dem strapazierf\u00e4higen blauen Kautschukband sorgt f\u00fcr einen modernen, dynamischen Look. Zudem sch\u00fctzt das kratzfeste Saphirglas das Zifferblatt, w\u00e4hrend die einseitig drehbare L\u00fcnette seinen abenteuerlichen Charakter unterstreicht. Au\u00dferdem sorgt das markante blaue Zifferblatt in jeder Situation f\u00fcr eine ausgezeichnete Lesbarkeit.  <\/p>\n<p data-start=\"976\" data-end=\"1311\">Im Inneren nutzt diese Swiss Military Solar Uhr fortschrittliche Solartechnologie. Eine Solarzelle unter dem Zifferblatt f\u00e4ngt nat\u00fcrliches und k\u00fcnstliches Licht ein und l\u00e4dt eine wiederaufladbare Batterie, die bis zu 5 Monate l\u00e4uft \u2013 selbst in v\u00f6lliger Dunkelheit. Das Ergebnis: Du genie\u00dft eine zuverl\u00e4ssige, umweltfreundliche Leistung \u2013 ganz ohne jemals einen Batteriewechsel zu ben\u00f6tigen.  <\/p>\n<p data-start=\"1313\" data-end=\"1671\">Dank des easy-click Bandsystems kannst du ganz einfach zwischen dem Kautschukband und einem Edelstahlarmband wechseln. Damit passt sich diese Swiss Military Chronographen-Uhr nahtlos sowohl sportlichen als auch legeren Outfits an. Mit bis zu 100 m Wasserdichtigkeit ist dieser Swiss Military Chronograph f\u00fcr Herren der perfekte Begleiter f\u00fcr allt\u00e4gliche Abenteuer.  <\/p>\n<p data-start=\"3686\" data-end=\"3705\"><strong data-start=\"3686\" data-end=\"3703\">Hauptmerkmale:<\/strong><\/p>\n<ul data-start=\"3706\" data-end=\"4118\">\n<li data-start=\"3706\" data-end=\"3761\">\n<p data-start=\"3708\" data-end=\"3761\">Blaues Sunray-Zifferblatt mit lumin\u00f6sen Zeigern &amp; Stundenmarkierungen<\/p>\n<\/li>\n<li data-start=\"3762\" data-end=\"3820\">\n<p data-start=\"3764\" data-end=\"3820\"><span style=\"color: #333333;\">\u2300 42 mm Edelstahlgeh\u00e4use<\/span><\/p>\n<\/li>\n<li data-start=\"3821\" data-end=\"3859\">\n<p data-start=\"3823\" data-end=\"3859\">Kratzfestes Saphirglas<\/p>\n<\/li>\n<li data-start=\"3860\" data-end=\"3893\">\n<p data-start=\"3862\" data-end=\"3893\">Einseitig drehbare L\u00fcnette<\/p>\n<\/li>\n<li data-start=\"3894\" data-end=\"3938\">\n<p data-start=\"3896\" data-end=\"3938\">Schweizer Solar Chronographen-Uhrwerk<\/p>\n<\/li>\n<li data-start=\"3939\" data-end=\"3971\">\n<p data-start=\"3941\" data-end=\"3971\">Bis zu 5 Monate Gangreserve<\/p>\n<\/li>\n<li data-start=\"3972\" data-end=\"3998\">\n<p data-start=\"3974\" data-end=\"3998\">100 m Wasserdichtigkeit<\/p>\n<\/li>\n<li data-start=\"3999\" data-end=\"4048\">\n<p data-start=\"4001\" data-end=\"4048\">Swiss Made &amp; von Hand montiert<\/p>\n<\/li>\n<li data-start=\"4081\" data-end=\"4118\">\n<p data-start=\"4083\" data-end=\"4118\">5 Jahre internationale Garantie<\/p>\n<\/li>\n<\/ul>\n","protected":false},"excerpt":{"rendered":"<h3 class=\"ai-optimize-29 ai-optimize-introduction\" data-start=\"205\" data-end=\"247\"><strong data-start=\"205\" data-end=\"245\">Kein Batteriewechsel mehr \u2013 Angebetrieben durch Licht<\/strong><\/h3>\n<ul>\n<li class=\"ai-optimize-29 ai-optimize-introduction\" data-start=\"205\" data-end=\"247\">Swiss Made Solar Chronograph Uhrwerk<\/li>\n<li class=\"ai-optimize-29 ai-optimize-introduction\" data-start=\"205\" data-end=\"247\">Blaues Sonnenschliff-Zifferblatt mit leuchtenden Zeigern und Markierungen<\/li>\n<li class=\"ai-optimize-29 ai-optimize-introduction\" data-start=\"205\" data-end=\"247\">Edelstahlgeh\u00e4use und blaues Kautschukband mit Easy-Click Wechselbandsystem<\/li>\n<li class=\"ai-optimize-29 ai-optimize-introduction\" data-start=\"205\" data-end=\"247\">Kratzfestes Saphirglas<\/li>\n<li class=\"ai-optimize-29 ai-optimize-introduction\" data-start=\"205\" data-end=\"247\">100 m wasserdicht<\/li>\n<li class=\"ai-optimize-29 ai-optimize-introduction\" data-start=\"205\" data-end=\"247\">5 Jahre internationale Garantie<\/li>\n<\/ul>\n<p>&nbsp;<\/p>\n","protected":false},"featured_media":22269,"comment_status":"open","ping_status":"closed","template":"","meta":[],"product_brand":[],"product_cat":[3066,1604,1607,1614,2131,1668],"product_tag":[],"class_list":{"0":"post-22383","1":"product","2":"type-product","3":"status-publish","4":"has-post-thumbnail","6":"product_cat-swiss-military-solar-chronographen-sms34113","7":"product_cat-alle-uhren","8":"product_cat-herrenuhren","9":"product_cat-chronographen","10":"product_cat-uhren-mit-sonderfunktion","11":"product_cat-solar-power-de","12":"product_shipping_class-flexible-shipping-de","14":"first","15":"instock","16":"taxable","17":"shipping-taxable","18":"purchasable","19":"product-type-simple"},"yoast_head":"<!-- This site is optimized with the Yoast SEO Premium plugin v26.6 (Yoast SEO v26.6) - https:\/\/yoast.com\/wordpress\/plugins\/seo\/ -->\n<title>Swiss Military Solar Chronograph \u2013 Blau, Kautschuk | SMS34113.03<\/title>\n<meta name=\"description\" content=\"Swiss Military Solar Chronograph SMS34113.03 \u2013 betrieben durch Licht, ganz ohne Batteriewechsel. Blaues Zifferblatt, Stahlgeh\u00e4use, Kautschukband, Swiss Made, 5 Jahre Garantie.\" \/>\n<meta name=\"robots\" content=\"index, follow, max-snippet:-1, max-image-preview:large, max-video-preview:-1\" \/>\n<link rel=\"canonical\" href=\"https:\/\/swissmilitarywatches.ch\/de\/shop\/swiss-military-solar-chronograph-blau-kautschuk-sms34113-03\/\" \/>\n<meta property=\"og:locale\" content=\"de_DE\" \/>\n<meta property=\"og:type\" content=\"article\" \/>\n<meta property=\"og:title\" content=\"Swiss Military Solar Chronograph \u2013 Blau, Kautschuk | SMS34113.03\" \/>\n<meta property=\"og:description\" content=\"Swiss Military Solar Chronograph SMS34113.03 \u2013 betrieben durch Licht, ganz ohne Batteriewechsel. Blaues Zifferblatt, Stahlgeh\u00e4use, Kautschukband, Swiss Made, 5 Jahre Garantie.\" \/>\n<meta property=\"og:url\" content=\"https:\/\/swissmilitarywatches.ch\/de\/shop\/swiss-military-solar-chronograph-blau-kautschuk-sms34113-03\/\" \/>\n<meta property=\"og:site_name\" content=\"Swiss Military by Chrono\" \/>\n<meta property=\"article:publisher\" content=\"https:\/\/m.facebook.com\/swissmilitarybychronoofficial\/\" \/>\n<meta property=\"article:modified_time\" content=\"2026-02-16T13:08:59+00:00\" \/>\n<meta property=\"og:image\" content=\"https:\/\/swissmilitarywatches.ch\/wp-content\/uploads\/2025\/09\/SMS34113.03.png\" \/>\n\t<meta property=\"og:image:width\" content=\"1300\" \/>\n\t<meta property=\"og:image:height\" content=\"1642\" \/>\n\t<meta property=\"og:image:type\" content=\"image\/png\" \/>\n<meta name=\"twitter:card\" content=\"summary_large_image\" \/>\n<meta name=\"twitter:label1\" content=\"Preis\" \/>\n\t<meta name=\"twitter:data1\" content=\"&euro;529.00 inkl. MwSt.\" \/>\n\t<meta name=\"twitter:label2\" content=\"Verf\u00fcgbarkeit\" \/>\n\t<meta name=\"twitter:data2\" content=\"Auf Lager\" \/>\n<script type=\"application\/ld+json\" class=\"yoast-schema-graph\">{\"@context\":\"https:\/\/schema.org\",\"@graph\":[{\"@type\":\"WebPage\",\"@id\":\"https:\/\/swissmilitarywatches.ch\/de\/shop\/swiss-military-solar-chronograph-blau-kautschuk-sms34113-03\/\",\"url\":\"https:\/\/swissmilitarywatches.ch\/de\/shop\/swiss-military-solar-chronograph-blau-kautschuk-sms34113-03\/\",\"name\":\"Swiss Military Solar Chronograph \u2013 Blau, Kautschuk | SMS34113.03\",\"isPartOf\":{\"@id\":\"https:\/\/swissmilitarywatches.ch\/de\/#website\"},\"primaryImageOfPage\":{\"@id\":\"https:\/\/swissmilitarywatches.ch\/de\/shop\/swiss-military-solar-chronograph-blau-kautschuk-sms34113-03\/#primaryimage\"},\"image\":{\"@id\":\"https:\/\/swissmilitarywatches.ch\/de\/shop\/swiss-military-solar-chronograph-blau-kautschuk-sms34113-03\/#primaryimage\"},\"thumbnailUrl\":\"https:\/\/swissmilitarywatches.ch\/wp-content\/uploads\/2025\/09\/SMS34113.03.png\",\"datePublished\":\"2025-09-01T05:47:44+00:00\",\"dateModified\":\"2026-02-16T13:08:59+00:00\",\"description\":\"Swiss Military Solar Chronograph SMS34113.03 \u2013 betrieben durch Licht, ganz ohne Batteriewechsel. Blaues Zifferblatt, Stahlgeh\u00e4use, Kautschukband, Swiss Made, 5 Jahre Garantie.\",\"breadcrumb\":{\"@id\":\"https:\/\/swissmilitarywatches.ch\/de\/shop\/swiss-military-solar-chronograph-blau-kautschuk-sms34113-03\/#breadcrumb\"},\"inLanguage\":\"de\",\"potentialAction\":[{\"@type\":\"ReadAction\",\"target\":[\"https:\/\/swissmilitarywatches.ch\/de\/shop\/swiss-military-solar-chronograph-blau-kautschuk-sms34113-03\/\"]}]},{\"@type\":\"ImageObject\",\"inLanguage\":\"de\",\"@id\":\"https:\/\/swissmilitarywatches.ch\/de\/shop\/swiss-military-solar-chronograph-blau-kautschuk-sms34113-03\/#primaryimage\",\"url\":\"https:\/\/swissmilitarywatches.ch\/wp-content\/uploads\/2025\/09\/SMS34113.03.png\",\"contentUrl\":\"https:\/\/swissmilitarywatches.ch\/wp-content\/uploads\/2025\/09\/SMS34113.03.png\",\"width\":1300,\"height\":1642,\"caption\":\"Schweizer Milit\u00e4r-Solar-Chronograph SMS34113.03 wird durch Licht angetrieben, kein Batteriewechsel erforderlich. Mit blauem Zifferblatt und Kautschukarmband.\"},{\"@type\":\"BreadcrumbList\",\"@id\":\"https:\/\/swissmilitarywatches.ch\/de\/shop\/swiss-military-solar-chronograph-blau-kautschuk-sms34113-03\/#breadcrumb\",\"itemListElement\":[{\"@type\":\"ListItem\",\"position\":1,\"name\":\"Home\",\"item\":\"https:\/\/swissmilitarywatches.ch\/de\/home\/\"},{\"@type\":\"ListItem\",\"position\":2,\"name\":\"Shop\",\"item\":\"https:\/\/swissmilitarywatches.ch\/de\/shop\/\"},{\"@type\":\"ListItem\",\"position\":3,\"name\":\"Alle Uhren\",\"item\":\"https:\/\/swissmilitarywatches.ch\/de\/produkt-kategorie\/alle-uhren\/\"},{\"@type\":\"ListItem\",\"position\":4,\"name\":\"Swiss Military Solar Chronograph \u2013 Blau, Kautschuk | SMS34113.03\"}]},{\"@type\":\"WebSite\",\"@id\":\"https:\/\/swissmilitarywatches.ch\/de\/#website\",\"url\":\"https:\/\/swissmilitarywatches.ch\/de\/\",\"name\":\"Swiss Military by Chrono\",\"description\":\"Official Licensed Product of the Swiss Confederation\",\"publisher\":{\"@id\":\"https:\/\/swissmilitarywatches.ch\/de\/#organization\"},\"potentialAction\":[{\"@type\":\"SearchAction\",\"target\":{\"@type\":\"EntryPoint\",\"urlTemplate\":\"https:\/\/swissmilitarywatches.ch\/de\/?s={search_term_string}\"},\"query-input\":{\"@type\":\"PropertyValueSpecification\",\"valueRequired\":true,\"valueName\":\"search_term_string\"}}],\"inLanguage\":\"de\"},{\"@type\":\"Organization\",\"@id\":\"https:\/\/swissmilitarywatches.ch\/de\/#organization\",\"name\":\"Swiss Military by Chrono\",\"url\":\"https:\/\/swissmilitarywatches.ch\/de\/\",\"logo\":{\"@type\":\"ImageObject\",\"inLanguage\":\"de\",\"@id\":\"https:\/\/swissmilitarywatches.ch\/de\/#\/schema\/logo\/image\/\",\"url\":\"https:\/\/swissmilitarywatches.ch\/wp-content\/uploads\/2020\/04\/cropped-SM_logo_512x512px.jpg\",\"contentUrl\":\"https:\/\/swissmilitarywatches.ch\/wp-content\/uploads\/2020\/04\/cropped-SM_logo_512x512px.jpg\",\"width\":512,\"height\":512,\"caption\":\"Swiss Military by Chrono\"},\"image\":{\"@id\":\"https:\/\/swissmilitarywatches.ch\/de\/#\/schema\/logo\/image\/\"},\"sameAs\":[\"https:\/\/m.facebook.com\/swissmilitarybychronoofficial\/\",\"https:\/\/www.instagram.com\/swissmilitarybychrono\/\",\"https:\/\/www.pinterest.ch\/swissmilitarybychrono\/\"]}]}<\/script>\n<meta property=\"product:price:amount\" content=\"529.00\" \/>\n<meta property=\"product:price:currency\" content=\"EUR\" \/>\n<meta property=\"og:availability\" content=\"instock\" \/>\n<meta property=\"product:availability\" content=\"instock\" \/>\n<meta property=\"product:retailer_item_id\" content=\"SMS34113.03\" \/>\n<meta property=\"product:condition\" content=\"new\" \/>\n<!-- \/ Yoast SEO Premium plugin. -->","yoast_head_json":{"title":"Swiss Military Solar Chronograph \u2013 Blau, Kautschuk | SMS34113.03","description":"Swiss Military Solar Chronograph SMS34113.03 \u2013 betrieben durch Licht, ganz ohne Batteriewechsel. Blaues Zifferblatt, Stahlgeh\u00e4use, Kautschukband, Swiss Made, 5 Jahre Garantie.","robots":{"index":"index","follow":"follow","max-snippet":"max-snippet:-1","max-image-preview":"max-image-preview:large","max-video-preview":"max-video-preview:-1"},"canonical":"https:\/\/swissmilitarywatches.ch\/de\/shop\/swiss-military-solar-chronograph-blau-kautschuk-sms34113-03\/","og_locale":"de_DE","og_type":"article","og_title":"Swiss Military Solar Chronograph \u2013 Blau, Kautschuk | SMS34113.03","og_description":"Swiss Military Solar Chronograph SMS34113.03 \u2013 betrieben durch Licht, ganz ohne Batteriewechsel. Blaues Zifferblatt, Stahlgeh\u00e4use, Kautschukband, Swiss Made, 5 Jahre Garantie.","og_url":"https:\/\/swissmilitarywatches.ch\/de\/shop\/swiss-military-solar-chronograph-blau-kautschuk-sms34113-03\/","og_site_name":"Swiss Military by Chrono","article_publisher":"https:\/\/m.facebook.com\/swissmilitarybychronoofficial\/","article_modified_time":"2026-02-16T13:08:59+00:00","og_image":[{"width":1300,"height":1642,"url":"https:\/\/swissmilitarywatches.ch\/wp-content\/uploads\/2025\/09\/SMS34113.03.png","type":"image\/png"}],"twitter_card":"summary_large_image","twitter_misc":{"Preis":"&euro;529.00 inkl. MwSt.","Verf\u00fcgbarkeit":"Auf Lager"},"schema":{"@context":"https:\/\/schema.org","@graph":[{"@type":"WebPage","@id":"https:\/\/swissmilitarywatches.ch\/de\/shop\/swiss-military-solar-chronograph-blau-kautschuk-sms34113-03\/","url":"https:\/\/swissmilitarywatches.ch\/de\/shop\/swiss-military-solar-chronograph-blau-kautschuk-sms34113-03\/","name":"Swiss Military Solar Chronograph \u2013 Blau, Kautschuk | SMS34113.03","isPartOf":{"@id":"https:\/\/swissmilitarywatches.ch\/de\/#website"},"primaryImageOfPage":{"@id":"https:\/\/swissmilitarywatches.ch\/de\/shop\/swiss-military-solar-chronograph-blau-kautschuk-sms34113-03\/#primaryimage"},"image":{"@id":"https:\/\/swissmilitarywatches.ch\/de\/shop\/swiss-military-solar-chronograph-blau-kautschuk-sms34113-03\/#primaryimage"},"thumbnailUrl":"https:\/\/swissmilitarywatches.ch\/wp-content\/uploads\/2025\/09\/SMS34113.03.png","datePublished":"2025-09-01T05:47:44+00:00","dateModified":"2026-02-16T13:08:59+00:00","description":"Swiss Military Solar Chronograph SMS34113.03 \u2013 betrieben durch Licht, ganz ohne Batteriewechsel. Blaues Zifferblatt, Stahlgeh\u00e4use, Kautschukband, Swiss Made, 5 Jahre Garantie.","breadcrumb":{"@id":"https:\/\/swissmilitarywatches.ch\/de\/shop\/swiss-military-solar-chronograph-blau-kautschuk-sms34113-03\/#breadcrumb"},"inLanguage":"de","potentialAction":[{"@type":"ReadAction","target":["https:\/\/swissmilitarywatches.ch\/de\/shop\/swiss-military-solar-chronograph-blau-kautschuk-sms34113-03\/"]}]},{"@type":"ImageObject","inLanguage":"de","@id":"https:\/\/swissmilitarywatches.ch\/de\/shop\/swiss-military-solar-chronograph-blau-kautschuk-sms34113-03\/#primaryimage","url":"https:\/\/swissmilitarywatches.ch\/wp-content\/uploads\/2025\/09\/SMS34113.03.png","contentUrl":"https:\/\/swissmilitarywatches.ch\/wp-content\/uploads\/2025\/09\/SMS34113.03.png","width":1300,"height":1642,"caption":"Schweizer Milit\u00e4r-Solar-Chronograph SMS34113.03 wird durch Licht angetrieben, kein Batteriewechsel erforderlich. Mit blauem Zifferblatt und Kautschukarmband."},{"@type":"BreadcrumbList","@id":"https:\/\/swissmilitarywatches.ch\/de\/shop\/swiss-military-solar-chronograph-blau-kautschuk-sms34113-03\/#breadcrumb","itemListElement":[{"@type":"ListItem","position":1,"name":"Home","item":"https:\/\/swissmilitarywatches.ch\/de\/home\/"},{"@type":"ListItem","position":2,"name":"Shop","item":"https:\/\/swissmilitarywatches.ch\/de\/shop\/"},{"@type":"ListItem","position":3,"name":"Alle Uhren","item":"https:\/\/swissmilitarywatches.ch\/de\/produkt-kategorie\/alle-uhren\/"},{"@type":"ListItem","position":4,"name":"Swiss Military Solar Chronograph \u2013 Blau, Kautschuk | SMS34113.03"}]},{"@type":"WebSite","@id":"https:\/\/swissmilitarywatches.ch\/de\/#website","url":"https:\/\/swissmilitarywatches.ch\/de\/","name":"Swiss Military by Chrono","description":"Official Licensed Product of the Swiss Confederation","publisher":{"@id":"https:\/\/swissmilitarywatches.ch\/de\/#organization"},"potentialAction":[{"@type":"SearchAction","target":{"@type":"EntryPoint","urlTemplate":"https:\/\/swissmilitarywatches.ch\/de\/?s={search_term_string}"},"query-input":{"@type":"PropertyValueSpecification","valueRequired":true,"valueName":"search_term_string"}}],"inLanguage":"de"},{"@type":"Organization","@id":"https:\/\/swissmilitarywatches.ch\/de\/#organization","name":"Swiss Military by Chrono","url":"https:\/\/swissmilitarywatches.ch\/de\/","logo":{"@type":"ImageObject","inLanguage":"de","@id":"https:\/\/swissmilitarywatches.ch\/de\/#\/schema\/logo\/image\/","url":"https:\/\/swissmilitarywatches.ch\/wp-content\/uploads\/2020\/04\/cropped-SM_logo_512x512px.jpg","contentUrl":"https:\/\/swissmilitarywatches.ch\/wp-content\/uploads\/2020\/04\/cropped-SM_logo_512x512px.jpg","width":512,"height":512,"caption":"Swiss Military by Chrono"},"image":{"@id":"https:\/\/swissmilitarywatches.ch\/de\/#\/schema\/logo\/image\/"},"sameAs":["https:\/\/m.facebook.com\/swissmilitarybychronoofficial\/","https:\/\/www.instagram.com\/swissmilitarybychrono\/","https:\/\/www.pinterest.ch\/swissmilitarybychrono\/"]}]},"product_price_amount":"529.00","product_price_currency":"EUR","og_availability":"instock","product_availability":"instock","product_retailer_item_id":"SMS34113.03","product_condition":"new"},"jetpack_sharing_enabled":true,"_links":{"self":[{"href":"https:\/\/swissmilitarywatches.ch\/de\/wp-json\/wp\/v2\/product\/22383","targetHints":{"allow":["GET"]}}],"collection":[{"href":"https:\/\/swissmilitarywatches.ch\/de\/wp-json\/wp\/v2\/product"}],"about":[{"href":"https:\/\/swissmilitarywatches.ch\/de\/wp-json\/wp\/v2\/types\/product"}],"replies":[{"embeddable":true,"href":"https:\/\/swissmilitarywatches.ch\/de\/wp-json\/wp\/v2\/comments?post=22383"}],"wp:featuredmedia":[{"embeddable":true,"href":"https:\/\/swissmilitarywatches.ch\/de\/wp-json\/wp\/v2\/media\/22269"}],"wp:attachment":[{"href":"https:\/\/swissmilitarywatches.ch\/de\/wp-json\/wp\/v2\/media?parent=22383"}],"wp:term":[{"taxonomy":"product_brand","embeddable":true,"href":"https:\/\/swissmilitarywatches.ch\/de\/wp-json\/wp\/v2\/product_brand?post=22383"},{"taxonomy":"product_cat","embeddable":true,"href":"https:\/\/swissmilitarywatches.ch\/de\/wp-json\/wp\/v2\/product_cat?post=22383"},{"taxonomy":"product_tag","embeddable":true,"href":"https:\/\/swissmilitarywatches.ch\/de\/wp-json\/wp\/v2\/product_tag?post=22383"}],"curies":[{"name":"wp","href":"https:\/\/api.w.org\/{rel}","templated":true}]}}