{"id":22379,"date":"2025-09-01T07:47:45","date_gmt":"2025-09-01T05:47:45","guid":{"rendered":"https:\/\/swissmilitarywatches.ch\/?post_type=product&#038;p=22379"},"modified":"2026-02-16T15:10:37","modified_gmt":"2026-02-16T13:10:37","slug":"swiss-military-solar-chronograph-gruen-pvd-kautschuk-sms34113-06","status":"publish","type":"product","link":"https:\/\/swissmilitarywatches.ch\/de\/shop\/swiss-military-solar-chronograph-gruen-pvd-kautschuk-sms34113-06\/","title":{"rendered":"Swiss Military Solar Chronograph \u2013 Gr\u00fcn, PVD, Kautschuk | SMS34113.06"},"content":{"rendered":"<p data-start=\"230\" data-end=\"700\"><strong data-start=\"230\" data-end=\"314\">Swiss Military Solar Chronograph \u2013 Kein Batteriewechsel, betrieben durch Licht<\/strong><\/p>\n<p data-start=\"849\" data-end=\"1263\">Die Swiss Military SMS34113.06 ist ein Swiss Military Solar Chronograph, der keinen Batteriewechsel erfordert. Vollst\u00e4ndig durch Licht betrieben, bietet er eine kontinuierliche Leistung \u2013 ganz ohne l\u00e4stigen Batteriewechsel. Sein markantes gr\u00fcnes Sunray-Zifferblatt, die lumin\u00f6sen Zeiger und das schwarz PVD-beschichtete Edelstahlgeh\u00e4use verleihen diesem Swiss Solar Chronographen einen robusten und zugleich modernen Look \u2013 perfekt f\u00fcr abenteuerlustige M\u00e4nner.  <\/p>\n<p data-start=\"1265\" data-end=\"1636\">Das 42-mm-Edelstahlgeh\u00e4use ist mit einer robusten schwarzen PVD-Beschichtung versehen, die f\u00fcr zus\u00e4tzliche Widerstandsf\u00e4higkeit und ein elegantes, dezentes Finish sorgt. Zudem sch\u00fctzt das kratzfeste Saphirglas das Zifferblatt, w\u00e4hrend die einseitig drehbare L\u00fcnette das sportliche Design der Uhr unterstreicht. Au\u00dferdem macht die einzigartige Kombination aus Gr\u00fcn und Schwarz diese Uhr zu einem echten Statement am Handgelenk.  <\/p>\n<p data-start=\"1638\" data-end=\"2001\">Im Inneren setzt diese Swiss Military Solar Uhr auf fortschrittliche Solartechnologie. Eine Solarzelle unter dem Zifferblatt wandelt nat\u00fcrliches und k\u00fcnstliches Licht in Energie um und l\u00e4dt eine wiederaufladbare Batterie, die bis zu 5 Monate l\u00e4uft \u2013 selbst in v\u00f6lliger Dunkelheit. Das Ergebnis ist eine umweltfreundliche, zuverl\u00e4ssige Leistung \u2013 ganz ohne jemals einen Batteriewechsel zu ben\u00f6tigen.  <\/p>\n<p data-start=\"2003\" data-end=\"2373\">Dank des easy-click Bandsystems kannst du ganz einfach zwischen dem gr\u00fcnen Kautschukband und einer Edelstahl-Pulsera wechseln. Damit passt sich diese Swiss Military Chronographen-Uhr nahtlos an unterschiedliche Lebensstile an \u2013 von Outdoor-Abenteuern bis zum t\u00e4glichen Tragen. Mit 100 m Wasserdichtigkeit ist dieser Swiss Military Chronograph f\u00fcr Herren genauso zuverl\u00e4ssig wie markant.  <\/p>\n<h4 data-start=\"1773\" data-end=\"1792\"><strong data-start=\"1773\" data-end=\"1790\">Hauptmerkmale:<\/strong><\/h4>\n<ul data-start=\"1793\" data-end=\"2236\">\n<li data-start=\"1793\" data-end=\"1849\">\n<p data-start=\"1795\" data-end=\"1849\">Gr\u00fcnes Sunray-Zifferblatt mit lumin\u00f6sen Zeigern &amp; Stundenmarkierungen<\/p>\n<\/li>\n<li data-start=\"1850\" data-end=\"1938\">\n<p data-start=\"1852\" data-end=\"1938\"><span style=\"color: #333333;\">\u2300 42 mm Schwarz PVD-beschichtetes Edelstahlgeh\u00e4use<\/span><\/p>\n<\/li>\n<li data-start=\"1850\" data-end=\"1938\">Gr\u00fcnes Kautschukband Easy-Click System<\/li>\n<li data-start=\"1939\" data-end=\"1977\">\n<p data-start=\"1941\" data-end=\"1977\">Kratzfestes Saphirglas<\/p>\n<\/li>\n<li data-start=\"1978\" data-end=\"2011\">\n<p data-start=\"1980\" data-end=\"2011\">Einseitig drehbare L\u00fcnette<\/p>\n<\/li>\n<li data-start=\"2012\" data-end=\"2056\">\n<p data-start=\"2014\" data-end=\"2056\">Schweizer Solar Chronographen-Uhrwerk<\/p>\n<\/li>\n<li data-start=\"2057\" data-end=\"2089\">\n<p data-start=\"2059\" data-end=\"2089\">Bis zu 5 Monate Gangreserve<\/p>\n<\/li>\n<li data-start=\"2090\" data-end=\"2116\">\n<p data-start=\"2092\" data-end=\"2116\">100 m Wasserdichtigkeit<\/p>\n<\/li>\n<li data-start=\"2167\" data-end=\"2198\">\n<p data-start=\"2169\" data-end=\"2198\">Swiss Made &amp; von Hand montiert<\/p>\n<\/li>\n<li data-start=\"2199\" data-end=\"2236\">\n<p data-start=\"2201\" data-end=\"2236\">5 Jahre internationale Garantie<\/p>\n<\/li>\n<\/ul>\n","protected":false},"excerpt":{"rendered":"<h3 class=\"ai-optimize-33 ai-optimize-introduction\" data-start=\"246\" data-end=\"288\"><strong data-start=\"246\" data-end=\"286\">Kein Batteriewechsel mehr \u2013 Angebetrieben durch Licht<\/strong><\/h3>\n<ul>\n<li class=\"ai-optimize-35\" data-start=\"291\" data-end=\"330\">Swiss Made Solar Chronograph Uhrwerk<\/li>\n<li class=\"ai-optimize-35\" data-start=\"291\" data-end=\"330\">Gr\u00fcnes Zifferblatt mit leuchtenden Zeigern und Markierungen<\/li>\n<li class=\"ai-optimize-35\" data-start=\"291\" data-end=\"330\">Schwarzes Edelstahlgeh\u00e4use &amp; gr\u00fcnes Kautschukband mit Easy-Click Wechselbandsystem<\/li>\n<li class=\"ai-optimize-35\" data-start=\"291\" data-end=\"330\">Kratzfestes Saphirglas<\/li>\n<li class=\"ai-optimize-35\" data-start=\"291\" data-end=\"330\">100 m wasserdicht<\/li>\n<li class=\"ai-optimize-35\" data-start=\"291\" data-end=\"330\">5 Jahre internationale Garantie<\/li>\n<\/ul>\n<p>&nbsp;<\/p>\n<p>&nbsp;<\/p>\n","protected":false},"featured_media":22284,"comment_status":"open","ping_status":"closed","template":"","meta":[],"product_brand":[],"product_cat":[3066,1604,1607,1614,2131,1668],"product_tag":[],"class_list":{"0":"post-22379","1":"product","2":"type-product","3":"status-publish","4":"has-post-thumbnail","6":"product_cat-swiss-military-solar-chronographen-sms34113","7":"product_cat-alle-uhren","8":"product_cat-herrenuhren","9":"product_cat-chronographen","10":"product_cat-uhren-mit-sonderfunktion","11":"product_cat-solar-power-de","12":"product_shipping_class-flexible-shipping-de","14":"first","15":"instock","16":"taxable","17":"shipping-taxable","18":"purchasable","19":"product-type-simple"},"yoast_head":"<!-- This site is optimized with the Yoast SEO Premium plugin v26.6 (Yoast SEO v26.6) - https:\/\/yoast.com\/wordpress\/plugins\/seo\/ -->\n<title>Swiss Military Solar Chronograph \u2013 Gr\u00fcn, PVD, Kautschuk | SMS34113.06<\/title>\n<meta name=\"description\" content=\"Schweizer Milit\u00e4r-Solar-Chronograph SMS34113.06 wird durch Licht angetrieben, ohne Batteriewechsel. Gr\u00fcnes Zifferblatt, schwarzes PVD-Geh\u00e4use, Kautschukband, Swiss Made &amp; 5 Jahre Garantie.\" \/>\n<meta name=\"robots\" content=\"index, follow, max-snippet:-1, max-image-preview:large, max-video-preview:-1\" \/>\n<link rel=\"canonical\" href=\"https:\/\/swissmilitarywatches.ch\/de\/shop\/swiss-military-solar-chronograph-gruen-pvd-kautschuk-sms34113-06\/\" \/>\n<meta property=\"og:locale\" content=\"de_DE\" \/>\n<meta property=\"og:type\" content=\"article\" \/>\n<meta property=\"og:title\" content=\"Swiss Military Solar Chronograph \u2013 Gr\u00fcn, PVD, Kautschuk | SMS34113.06\" \/>\n<meta property=\"og:description\" content=\"Schweizer Milit\u00e4r-Solar-Chronograph SMS34113.06 wird durch Licht angetrieben, ohne Batteriewechsel. Gr\u00fcnes Zifferblatt, schwarzes PVD-Geh\u00e4use, Kautschukband, Swiss Made &amp; 5 Jahre Garantie.\" \/>\n<meta property=\"og:url\" content=\"https:\/\/swissmilitarywatches.ch\/de\/shop\/swiss-military-solar-chronograph-gruen-pvd-kautschuk-sms34113-06\/\" \/>\n<meta property=\"og:site_name\" content=\"Swiss Military by Chrono\" \/>\n<meta property=\"article:publisher\" content=\"https:\/\/m.facebook.com\/swissmilitarybychronoofficial\/\" \/>\n<meta property=\"article:modified_time\" content=\"2026-02-16T13:10:37+00:00\" \/>\n<meta property=\"og:image\" content=\"https:\/\/swissmilitarywatches.ch\/wp-content\/uploads\/2025\/09\/SMS34113.06.png\" \/>\n\t<meta property=\"og:image:width\" content=\"1300\" \/>\n\t<meta property=\"og:image:height\" content=\"1642\" \/>\n\t<meta property=\"og:image:type\" content=\"image\/png\" \/>\n<meta name=\"twitter:card\" content=\"summary_large_image\" \/>\n<meta name=\"twitter:label1\" content=\"Preis\" \/>\n\t<meta name=\"twitter:data1\" content=\"&euro;549.00 inkl. MwSt.\" \/>\n\t<meta name=\"twitter:label2\" content=\"Verf\u00fcgbarkeit\" \/>\n\t<meta name=\"twitter:data2\" content=\"Auf Lager\" \/>\n<script type=\"application\/ld+json\" class=\"yoast-schema-graph\">{\"@context\":\"https:\/\/schema.org\",\"@graph\":[{\"@type\":\"WebPage\",\"@id\":\"https:\/\/swissmilitarywatches.ch\/de\/shop\/swiss-military-solar-chronograph-gruen-pvd-kautschuk-sms34113-06\/\",\"url\":\"https:\/\/swissmilitarywatches.ch\/de\/shop\/swiss-military-solar-chronograph-gruen-pvd-kautschuk-sms34113-06\/\",\"name\":\"Swiss Military Solar Chronograph \u2013 Gr\u00fcn, PVD, Kautschuk | SMS34113.06\",\"isPartOf\":{\"@id\":\"https:\/\/swissmilitarywatches.ch\/de\/#website\"},\"primaryImageOfPage\":{\"@id\":\"https:\/\/swissmilitarywatches.ch\/de\/shop\/swiss-military-solar-chronograph-gruen-pvd-kautschuk-sms34113-06\/#primaryimage\"},\"image\":{\"@id\":\"https:\/\/swissmilitarywatches.ch\/de\/shop\/swiss-military-solar-chronograph-gruen-pvd-kautschuk-sms34113-06\/#primaryimage\"},\"thumbnailUrl\":\"https:\/\/swissmilitarywatches.ch\/wp-content\/uploads\/2025\/09\/SMS34113.06.png\",\"datePublished\":\"2025-09-01T05:47:45+00:00\",\"dateModified\":\"2026-02-16T13:10:37+00:00\",\"description\":\"Schweizer Milit\u00e4r-Solar-Chronograph SMS34113.06 wird durch Licht angetrieben, ohne Batteriewechsel. Gr\u00fcnes Zifferblatt, schwarzes PVD-Geh\u00e4use, Kautschukband, Swiss Made & 5 Jahre Garantie.\",\"breadcrumb\":{\"@id\":\"https:\/\/swissmilitarywatches.ch\/de\/shop\/swiss-military-solar-chronograph-gruen-pvd-kautschuk-sms34113-06\/#breadcrumb\"},\"inLanguage\":\"de\",\"potentialAction\":[{\"@type\":\"ReadAction\",\"target\":[\"https:\/\/swissmilitarywatches.ch\/de\/shop\/swiss-military-solar-chronograph-gruen-pvd-kautschuk-sms34113-06\/\"]}]},{\"@type\":\"ImageObject\",\"inLanguage\":\"de\",\"@id\":\"https:\/\/swissmilitarywatches.ch\/de\/shop\/swiss-military-solar-chronograph-gruen-pvd-kautschuk-sms34113-06\/#primaryimage\",\"url\":\"https:\/\/swissmilitarywatches.ch\/wp-content\/uploads\/2025\/09\/SMS34113.06.png\",\"contentUrl\":\"https:\/\/swissmilitarywatches.ch\/wp-content\/uploads\/2025\/09\/SMS34113.06.png\",\"width\":1300,\"height\":1642,\"caption\":\"Schweizer Milit\u00e4r-Solar-Chronograph SMS34113.06 - wird durch Licht betrieben, kein Batteriewechsel erforderlich. Mit gr\u00fcnem Zifferblatt, schwarzem PVD-Geh\u00e4use und Kautschukarmband.\"},{\"@type\":\"BreadcrumbList\",\"@id\":\"https:\/\/swissmilitarywatches.ch\/de\/shop\/swiss-military-solar-chronograph-gruen-pvd-kautschuk-sms34113-06\/#breadcrumb\",\"itemListElement\":[{\"@type\":\"ListItem\",\"position\":1,\"name\":\"Home\",\"item\":\"https:\/\/swissmilitarywatches.ch\/de\/home\/\"},{\"@type\":\"ListItem\",\"position\":2,\"name\":\"Shop\",\"item\":\"https:\/\/swissmilitarywatches.ch\/de\/shop\/\"},{\"@type\":\"ListItem\",\"position\":3,\"name\":\"Alle Uhren\",\"item\":\"https:\/\/swissmilitarywatches.ch\/de\/produkt-kategorie\/alle-uhren\/\"},{\"@type\":\"ListItem\",\"position\":4,\"name\":\"Herrenuhren\",\"item\":\"https:\/\/swissmilitarywatches.ch\/de\/produkt-kategorie\/alle-uhren\/herrenuhren\/\"},{\"@type\":\"ListItem\",\"position\":5,\"name\":\"Uhren mit Sonderfunktion\",\"item\":\"https:\/\/swissmilitarywatches.ch\/de\/produkt-kategorie\/alle-uhren\/herrenuhren\/uhren-mit-sonderfunktion\/\"},{\"@type\":\"ListItem\",\"position\":6,\"name\":\"Solar Power\",\"item\":\"https:\/\/swissmilitarywatches.ch\/de\/produkt-kategorie\/alle-uhren\/herrenuhren\/uhren-mit-sonderfunktion\/solar-power-de\/\"},{\"@type\":\"ListItem\",\"position\":7,\"name\":\"Swiss Military Solar Chronograph \u2013 Gr\u00fcn, PVD, Kautschuk | SMS34113.06\"}]},{\"@type\":\"WebSite\",\"@id\":\"https:\/\/swissmilitarywatches.ch\/de\/#website\",\"url\":\"https:\/\/swissmilitarywatches.ch\/de\/\",\"name\":\"Swiss Military by Chrono\",\"description\":\"Official Licensed Product of the Swiss Confederation\",\"publisher\":{\"@id\":\"https:\/\/swissmilitarywatches.ch\/de\/#organization\"},\"potentialAction\":[{\"@type\":\"SearchAction\",\"target\":{\"@type\":\"EntryPoint\",\"urlTemplate\":\"https:\/\/swissmilitarywatches.ch\/de\/?s={search_term_string}\"},\"query-input\":{\"@type\":\"PropertyValueSpecification\",\"valueRequired\":true,\"valueName\":\"search_term_string\"}}],\"inLanguage\":\"de\"},{\"@type\":\"Organization\",\"@id\":\"https:\/\/swissmilitarywatches.ch\/de\/#organization\",\"name\":\"Swiss Military by Chrono\",\"url\":\"https:\/\/swissmilitarywatches.ch\/de\/\",\"logo\":{\"@type\":\"ImageObject\",\"inLanguage\":\"de\",\"@id\":\"https:\/\/swissmilitarywatches.ch\/de\/#\/schema\/logo\/image\/\",\"url\":\"https:\/\/swissmilitarywatches.ch\/wp-content\/uploads\/2020\/04\/cropped-SM_logo_512x512px.jpg\",\"contentUrl\":\"https:\/\/swissmilitarywatches.ch\/wp-content\/uploads\/2020\/04\/cropped-SM_logo_512x512px.jpg\",\"width\":512,\"height\":512,\"caption\":\"Swiss Military by Chrono\"},\"image\":{\"@id\":\"https:\/\/swissmilitarywatches.ch\/de\/#\/schema\/logo\/image\/\"},\"sameAs\":[\"https:\/\/m.facebook.com\/swissmilitarybychronoofficial\/\",\"https:\/\/www.instagram.com\/swissmilitarybychrono\/\",\"https:\/\/www.pinterest.ch\/swissmilitarybychrono\/\"]}]}<\/script>\n<meta property=\"product:price:amount\" content=\"549.00\" \/>\n<meta property=\"product:price:currency\" content=\"EUR\" \/>\n<meta property=\"og:availability\" content=\"instock\" \/>\n<meta property=\"product:availability\" content=\"instock\" \/>\n<meta property=\"product:retailer_item_id\" content=\"SMS34113.06\" \/>\n<meta property=\"product:condition\" content=\"new\" \/>\n<!-- \/ Yoast SEO Premium plugin. -->","yoast_head_json":{"title":"Swiss Military Solar Chronograph \u2013 Gr\u00fcn, PVD, Kautschuk | SMS34113.06","description":"Schweizer Milit\u00e4r-Solar-Chronograph SMS34113.06 wird durch Licht angetrieben, ohne Batteriewechsel. Gr\u00fcnes Zifferblatt, schwarzes PVD-Geh\u00e4use, Kautschukband, Swiss Made & 5 Jahre Garantie.","robots":{"index":"index","follow":"follow","max-snippet":"max-snippet:-1","max-image-preview":"max-image-preview:large","max-video-preview":"max-video-preview:-1"},"canonical":"https:\/\/swissmilitarywatches.ch\/de\/shop\/swiss-military-solar-chronograph-gruen-pvd-kautschuk-sms34113-06\/","og_locale":"de_DE","og_type":"article","og_title":"Swiss Military Solar Chronograph \u2013 Gr\u00fcn, PVD, Kautschuk | SMS34113.06","og_description":"Schweizer Milit\u00e4r-Solar-Chronograph SMS34113.06 wird durch Licht angetrieben, ohne Batteriewechsel. Gr\u00fcnes Zifferblatt, schwarzes PVD-Geh\u00e4use, Kautschukband, Swiss Made & 5 Jahre Garantie.","og_url":"https:\/\/swissmilitarywatches.ch\/de\/shop\/swiss-military-solar-chronograph-gruen-pvd-kautschuk-sms34113-06\/","og_site_name":"Swiss Military by Chrono","article_publisher":"https:\/\/m.facebook.com\/swissmilitarybychronoofficial\/","article_modified_time":"2026-02-16T13:10:37+00:00","og_image":[{"width":1300,"height":1642,"url":"https:\/\/swissmilitarywatches.ch\/wp-content\/uploads\/2025\/09\/SMS34113.06.png","type":"image\/png"}],"twitter_card":"summary_large_image","twitter_misc":{"Preis":"&euro;549.00 inkl. MwSt.","Verf\u00fcgbarkeit":"Auf Lager"},"schema":{"@context":"https:\/\/schema.org","@graph":[{"@type":"WebPage","@id":"https:\/\/swissmilitarywatches.ch\/de\/shop\/swiss-military-solar-chronograph-gruen-pvd-kautschuk-sms34113-06\/","url":"https:\/\/swissmilitarywatches.ch\/de\/shop\/swiss-military-solar-chronograph-gruen-pvd-kautschuk-sms34113-06\/","name":"Swiss Military Solar Chronograph \u2013 Gr\u00fcn, PVD, Kautschuk | SMS34113.06","isPartOf":{"@id":"https:\/\/swissmilitarywatches.ch\/de\/#website"},"primaryImageOfPage":{"@id":"https:\/\/swissmilitarywatches.ch\/de\/shop\/swiss-military-solar-chronograph-gruen-pvd-kautschuk-sms34113-06\/#primaryimage"},"image":{"@id":"https:\/\/swissmilitarywatches.ch\/de\/shop\/swiss-military-solar-chronograph-gruen-pvd-kautschuk-sms34113-06\/#primaryimage"},"thumbnailUrl":"https:\/\/swissmilitarywatches.ch\/wp-content\/uploads\/2025\/09\/SMS34113.06.png","datePublished":"2025-09-01T05:47:45+00:00","dateModified":"2026-02-16T13:10:37+00:00","description":"Schweizer Milit\u00e4r-Solar-Chronograph SMS34113.06 wird durch Licht angetrieben, ohne Batteriewechsel. Gr\u00fcnes Zifferblatt, schwarzes PVD-Geh\u00e4use, Kautschukband, Swiss Made & 5 Jahre Garantie.","breadcrumb":{"@id":"https:\/\/swissmilitarywatches.ch\/de\/shop\/swiss-military-solar-chronograph-gruen-pvd-kautschuk-sms34113-06\/#breadcrumb"},"inLanguage":"de","potentialAction":[{"@type":"ReadAction","target":["https:\/\/swissmilitarywatches.ch\/de\/shop\/swiss-military-solar-chronograph-gruen-pvd-kautschuk-sms34113-06\/"]}]},{"@type":"ImageObject","inLanguage":"de","@id":"https:\/\/swissmilitarywatches.ch\/de\/shop\/swiss-military-solar-chronograph-gruen-pvd-kautschuk-sms34113-06\/#primaryimage","url":"https:\/\/swissmilitarywatches.ch\/wp-content\/uploads\/2025\/09\/SMS34113.06.png","contentUrl":"https:\/\/swissmilitarywatches.ch\/wp-content\/uploads\/2025\/09\/SMS34113.06.png","width":1300,"height":1642,"caption":"Schweizer Milit\u00e4r-Solar-Chronograph SMS34113.06 - wird durch Licht betrieben, kein Batteriewechsel erforderlich. Mit gr\u00fcnem Zifferblatt, schwarzem PVD-Geh\u00e4use und Kautschukarmband."},{"@type":"BreadcrumbList","@id":"https:\/\/swissmilitarywatches.ch\/de\/shop\/swiss-military-solar-chronograph-gruen-pvd-kautschuk-sms34113-06\/#breadcrumb","itemListElement":[{"@type":"ListItem","position":1,"name":"Home","item":"https:\/\/swissmilitarywatches.ch\/de\/home\/"},{"@type":"ListItem","position":2,"name":"Shop","item":"https:\/\/swissmilitarywatches.ch\/de\/shop\/"},{"@type":"ListItem","position":3,"name":"Alle Uhren","item":"https:\/\/swissmilitarywatches.ch\/de\/produkt-kategorie\/alle-uhren\/"},{"@type":"ListItem","position":4,"name":"Herrenuhren","item":"https:\/\/swissmilitarywatches.ch\/de\/produkt-kategorie\/alle-uhren\/herrenuhren\/"},{"@type":"ListItem","position":5,"name":"Uhren mit Sonderfunktion","item":"https:\/\/swissmilitarywatches.ch\/de\/produkt-kategorie\/alle-uhren\/herrenuhren\/uhren-mit-sonderfunktion\/"},{"@type":"ListItem","position":6,"name":"Solar Power","item":"https:\/\/swissmilitarywatches.ch\/de\/produkt-kategorie\/alle-uhren\/herrenuhren\/uhren-mit-sonderfunktion\/solar-power-de\/"},{"@type":"ListItem","position":7,"name":"Swiss Military Solar Chronograph \u2013 Gr\u00fcn, PVD, Kautschuk | SMS34113.06"}]},{"@type":"WebSite","@id":"https:\/\/swissmilitarywatches.ch\/de\/#website","url":"https:\/\/swissmilitarywatches.ch\/de\/","name":"Swiss Military by Chrono","description":"Official Licensed Product of the Swiss Confederation","publisher":{"@id":"https:\/\/swissmilitarywatches.ch\/de\/#organization"},"potentialAction":[{"@type":"SearchAction","target":{"@type":"EntryPoint","urlTemplate":"https:\/\/swissmilitarywatches.ch\/de\/?s={search_term_string}"},"query-input":{"@type":"PropertyValueSpecification","valueRequired":true,"valueName":"search_term_string"}}],"inLanguage":"de"},{"@type":"Organization","@id":"https:\/\/swissmilitarywatches.ch\/de\/#organization","name":"Swiss Military by Chrono","url":"https:\/\/swissmilitarywatches.ch\/de\/","logo":{"@type":"ImageObject","inLanguage":"de","@id":"https:\/\/swissmilitarywatches.ch\/de\/#\/schema\/logo\/image\/","url":"https:\/\/swissmilitarywatches.ch\/wp-content\/uploads\/2020\/04\/cropped-SM_logo_512x512px.jpg","contentUrl":"https:\/\/swissmilitarywatches.ch\/wp-content\/uploads\/2020\/04\/cropped-SM_logo_512x512px.jpg","width":512,"height":512,"caption":"Swiss Military by Chrono"},"image":{"@id":"https:\/\/swissmilitarywatches.ch\/de\/#\/schema\/logo\/image\/"},"sameAs":["https:\/\/m.facebook.com\/swissmilitarybychronoofficial\/","https:\/\/www.instagram.com\/swissmilitarybychrono\/","https:\/\/www.pinterest.ch\/swissmilitarybychrono\/"]}]},"product_price_amount":"549.00","product_price_currency":"EUR","og_availability":"instock","product_availability":"instock","product_retailer_item_id":"SMS34113.06","product_condition":"new"},"jetpack_sharing_enabled":true,"_links":{"self":[{"href":"https:\/\/swissmilitarywatches.ch\/de\/wp-json\/wp\/v2\/product\/22379","targetHints":{"allow":["GET"]}}],"collection":[{"href":"https:\/\/swissmilitarywatches.ch\/de\/wp-json\/wp\/v2\/product"}],"about":[{"href":"https:\/\/swissmilitarywatches.ch\/de\/wp-json\/wp\/v2\/types\/product"}],"replies":[{"embeddable":true,"href":"https:\/\/swissmilitarywatches.ch\/de\/wp-json\/wp\/v2\/comments?post=22379"}],"wp:featuredmedia":[{"embeddable":true,"href":"https:\/\/swissmilitarywatches.ch\/de\/wp-json\/wp\/v2\/media\/22284"}],"wp:attachment":[{"href":"https:\/\/swissmilitarywatches.ch\/de\/wp-json\/wp\/v2\/media?parent=22379"}],"wp:term":[{"taxonomy":"product_brand","embeddable":true,"href":"https:\/\/swissmilitarywatches.ch\/de\/wp-json\/wp\/v2\/product_brand?post=22379"},{"taxonomy":"product_cat","embeddable":true,"href":"https:\/\/swissmilitarywatches.ch\/de\/wp-json\/wp\/v2\/product_cat?post=22379"},{"taxonomy":"product_tag","embeddable":true,"href":"https:\/\/swissmilitarywatches.ch\/de\/wp-json\/wp\/v2\/product_tag?post=22379"}],"curies":[{"name":"wp","href":"https:\/\/api.w.org\/{rel}","templated":true}]}}