{"id":21356,"date":"2025-01-09T16:03:31","date_gmt":"2025-01-09T14:03:31","guid":{"rendered":"https:\/\/swissmilitarywatches.ch\/shop\/swiss-military-sm34108-06-klassische-army-style-uhr-canvas-schwarz\/"},"modified":"2025-11-24T00:01:41","modified_gmt":"2025-11-23T22:01:41","slug":"swiss-military-sm34108-06-klassische-army-style-uhr-canvas-schwarz","status":"publish","type":"product","link":"https:\/\/swissmilitarywatches.ch\/de\/shop\/swiss-military-sm34108-06-klassische-army-style-uhr-canvas-schwarz\/","title":{"rendered":"Swiss Military SM34108.06 &#8211; Klassische Army-Style Uhr Canvas Schwarz"},"content":{"rendered":"<h3 data-start=\"274\" data-end=\"349\"><strong data-start=\"274\" data-end=\"347\">Warum die Swiss Military SM34108.06 Army-Style Uhr w\u00e4hlen?<\/strong><\/h3>\n<p data-start=\"351\" data-end=\"668\">Die Swiss Military SM34108.06 klassische Army-Style Uhr vereint robuste Haltbarkeit mit einem durchdachten, taktischen Design. So sorgt das matte schwarze Zifferblatt mit lumin\u00f6sen arabischen Ziffern, beigen Milit\u00e4rzeitstunden (13-23) und klaren Stundenmarkierungen f\u00fcr eine optimale Lesbarkeit \u2013 bei Tag und Nacht.<\/p>\n<p data-start=\"670\" data-end=\"939\">Zudem \u00fcberzeugt das sandgestrahlte Edelstahlgeh\u00e4use mit schwarzer PVD-Beschichtung durch seine Kombination aus Stil und Widerstandsf\u00e4higkeit. Erg\u00e4nzt wird das Design durch ein schwarzes Canvas-Armband mit Lederakzenten, das sowohl bequem als auch strapazierf\u00e4hig ist.<\/p>\n<p data-start=\"941\" data-end=\"1177\">Nicht zuletzt bietet diese klassische Army-Style Uhr praktische Features: Dank kratzfestem Saphirglas und einer Wasserdichtigkeit von bis zu 100 m bleibt sie auch bei Outdoor-Abenteuern und im Alltag stets zuverl\u00e4ssig an deiner Seite.<\/p>\n<h4 data-start=\"1184\" data-end=\"1204\">Hauptmerkmale:<\/h4>\n<ul data-start=\"1205\" data-end=\"1900\">\n<li data-start=\"1205\" data-end=\"1293\"><strong data-start=\"1207\" data-end=\"1239\">Lumin\u00f6se Ziffern und Zeiger:<\/strong> Sorgen f\u00fcr beste Ablesbarkeit, auch bei Dunkelheit.<\/li>\n<li data-start=\"1294\" data-end=\"1404\"><strong data-start=\"1296\" data-end=\"1329\">Mattes schwarzes Zifferblatt:<\/strong> Mit beigen Milit\u00e4rzeitstunden und Stundenmarkierungen f\u00fcr klares Design.<\/li>\n<li data-start=\"1405\" data-end=\"1498\"><strong data-start=\"1407\" data-end=\"1449\">Edelstahlgeh\u00e4use mit PVD-Beschichtung:<\/strong> Sandgestrahlt f\u00fcr eine moderne, robuste Optik.<\/li>\n<li data-start=\"1499\" data-end=\"1603\"><strong data-start=\"1501\" data-end=\"1548\">Schwarzes Canvas-Armband mit Lederakzenten:<\/strong> Komfortabel und langlebig f\u00fcr den t\u00e4glichen Einsatz.<\/li>\n<li data-start=\"1604\" data-end=\"1669\"><strong data-start=\"1606\" data-end=\"1633\">Kratzfestes Saphirglas:<\/strong> Garantiert dauerhaft klare Sicht.<\/li>\n<li data-start=\"1670\" data-end=\"1745\"><strong data-start=\"1672\" data-end=\"1698\">Wasserdicht bis 100 m:<\/strong> Ideal f\u00fcr Abenteuer und Outdoor-Aktivit\u00e4ten.<\/li>\n<li data-start=\"1746\" data-end=\"1821\"><strong data-start=\"1748\" data-end=\"1770\">Schweizer Uhrwerk:<\/strong> Pr\u00e4zises Quarzwerk f\u00fcr zuverl\u00e4ssige Zeitmessung.<\/li>\n<li data-start=\"1822\" data-end=\"1900\"><strong data-start=\"1824\" data-end=\"1845\">5 Jahre Garantie:<\/strong> F\u00fcr langfristige Sicherheit und sorgenfreies Tragen.<\/li>\n<\/ul>\n<p data-start=\"1907\" data-end=\"2167\">Die Swiss Military SM34108.06 klassische Army-Style Uhr ist die perfekte Wahl f\u00fcr M\u00e4nner, die auf Pr\u00e4zision sowie zeitlose Schweizer Handwerkskunst setzen. Egal ob im Alltag oder bei Abenteuern in der Natur \u2013 auf diese Uhr kannst du dich immer verlassen.<\/p>\n","protected":false},"excerpt":{"rendered":"<p>Die Swiss Military SM34108.06 ist eine langlebige klassische Army-Style Uhr mit mattem schwarzem Zifferblatt, sandgestrahltem Geh\u00e4use und schwarzem Canvas-Armband. Mit Milit\u00e4rzeitstunden, kratzfestem Saphirglas und Schweizer Qualit\u00e4t ist sie f\u00fcr jede Herausforderung gemacht.<\/p>\n","protected":false},"featured_media":21158,"comment_status":"open","ping_status":"closed","template":"","meta":[],"product_brand":[],"product_cat":[3020,1604,1607],"product_tag":[],"class_list":{"0":"post-21356","1":"product","2":"type-product","3":"status-publish","4":"has-post-thumbnail","6":"product_cat-sm34108-klassische-army-style-uhren","7":"product_cat-alle-uhren","8":"product_cat-herrenuhren","9":"product_shipping_class-flexible-shipping-de","11":"first","12":"instock","13":"taxable","14":"shipping-taxable","15":"purchasable","16":"product-type-simple"},"yoast_head":"<!-- This site is optimized with the Yoast SEO Premium plugin v26.6 (Yoast SEO v26.6) - https:\/\/yoast.com\/wordpress\/plugins\/seo\/ -->\n<title>Swiss Military SM34108.06 - Klassische Army-Style Uhr Canvas Schwarz<\/title>\n<meta name=\"description\" content=\"Klassische Army-Style Uhr mit schwarzem Zifferblatt, PVD-beschichtetem Geh\u00e4use und Canvas-Armband bereit f\u00fcr deine Abenteuer! Swiss Made, 5 Jahre Garantie.\" \/>\n<meta name=\"robots\" content=\"index, follow, max-snippet:-1, max-image-preview:large, max-video-preview:-1\" \/>\n<link rel=\"canonical\" href=\"https:\/\/swissmilitarywatches.ch\/de\/shop\/swiss-military-sm34108-06-klassische-army-style-uhr-canvas-schwarz\/\" \/>\n<meta property=\"og:locale\" content=\"de_DE\" \/>\n<meta property=\"og:type\" content=\"article\" \/>\n<meta property=\"og:title\" content=\"Swiss Military SM34108.06 - Klassische Army-Style Uhr Canvas Schwarz\" \/>\n<meta property=\"og:description\" content=\"Klassische Army-Style Uhr mit schwarzem Zifferblatt, PVD-beschichtetem Geh\u00e4use und Canvas-Armband bereit f\u00fcr deine Abenteuer! Swiss Made, 5 Jahre Garantie.\" \/>\n<meta property=\"og:url\" content=\"https:\/\/swissmilitarywatches.ch\/de\/shop\/swiss-military-sm34108-06-klassische-army-style-uhr-canvas-schwarz\/\" \/>\n<meta property=\"og:site_name\" content=\"Swiss Military by Chrono\" \/>\n<meta property=\"article:publisher\" content=\"https:\/\/m.facebook.com\/swissmilitarybychronoofficial\/\" \/>\n<meta property=\"article:modified_time\" content=\"2025-11-23T22:01:41+00:00\" \/>\n<meta property=\"og:image\" content=\"https:\/\/swissmilitarywatches.ch\/wp-content\/uploads\/2025\/01\/SM34108.06.png\" \/>\n\t<meta property=\"og:image:width\" content=\"1300\" \/>\n\t<meta property=\"og:image:height\" content=\"1642\" \/>\n\t<meta property=\"og:image:type\" content=\"image\/png\" \/>\n<meta name=\"twitter:card\" content=\"summary_large_image\" \/>\n<meta name=\"twitter:label1\" content=\"Preis\" \/>\n\t<meta name=\"twitter:data1\" content=\"&euro;259.00 inkl. MwSt.\" \/>\n\t<meta name=\"twitter:label2\" content=\"Verf\u00fcgbarkeit\" \/>\n\t<meta name=\"twitter:data2\" content=\"Auf Lager\" \/>\n<script type=\"application\/ld+json\" class=\"yoast-schema-graph\">{\"@context\":\"https:\/\/schema.org\",\"@graph\":[{\"@type\":\"WebPage\",\"@id\":\"https:\/\/swissmilitarywatches.ch\/de\/shop\/swiss-military-sm34108-06-klassische-army-style-uhr-canvas-schwarz\/\",\"url\":\"https:\/\/swissmilitarywatches.ch\/de\/shop\/swiss-military-sm34108-06-klassische-army-style-uhr-canvas-schwarz\/\",\"name\":\"Swiss Military SM34108.06 - Klassische Army-Style Uhr Canvas Schwarz\",\"isPartOf\":{\"@id\":\"https:\/\/swissmilitarywatches.ch\/de\/#website\"},\"primaryImageOfPage\":{\"@id\":\"https:\/\/swissmilitarywatches.ch\/de\/shop\/swiss-military-sm34108-06-klassische-army-style-uhr-canvas-schwarz\/#primaryimage\"},\"image\":{\"@id\":\"https:\/\/swissmilitarywatches.ch\/de\/shop\/swiss-military-sm34108-06-klassische-army-style-uhr-canvas-schwarz\/#primaryimage\"},\"thumbnailUrl\":\"https:\/\/swissmilitarywatches.ch\/wp-content\/uploads\/2025\/01\/SM34108.06.png\",\"datePublished\":\"2025-01-09T14:03:31+00:00\",\"dateModified\":\"2025-11-23T22:01:41+00:00\",\"description\":\"Klassische Army-Style Uhr mit schwarzem Zifferblatt, PVD-beschichtetem Geh\u00e4use und Canvas-Armband bereit f\u00fcr deine Abenteuer! Swiss Made, 5 Jahre Garantie.\",\"breadcrumb\":{\"@id\":\"https:\/\/swissmilitarywatches.ch\/de\/shop\/swiss-military-sm34108-06-klassische-army-style-uhr-canvas-schwarz\/#breadcrumb\"},\"inLanguage\":\"de\",\"potentialAction\":[{\"@type\":\"ReadAction\",\"target\":[\"https:\/\/swissmilitarywatches.ch\/de\/shop\/swiss-military-sm34108-06-klassische-army-style-uhr-canvas-schwarz\/\"]}]},{\"@type\":\"ImageObject\",\"inLanguage\":\"de\",\"@id\":\"https:\/\/swissmilitarywatches.ch\/de\/shop\/swiss-military-sm34108-06-klassische-army-style-uhr-canvas-schwarz\/#primaryimage\",\"url\":\"https:\/\/swissmilitarywatches.ch\/wp-content\/uploads\/2025\/01\/SM34108.06.png\",\"contentUrl\":\"https:\/\/swissmilitarywatches.ch\/wp-content\/uploads\/2025\/01\/SM34108.06.png\",\"width\":1300,\"height\":1642,\"caption\":\"Swiss Military SM34108.06 \u2013 Klassische Army-Style Uhr mit mattem schwarzen Zifferblatt, sandgestrahltem Geh\u00e4use und schwarzem Canvas-Armband mit Lederakzenten.\"},{\"@type\":\"BreadcrumbList\",\"@id\":\"https:\/\/swissmilitarywatches.ch\/de\/shop\/swiss-military-sm34108-06-klassische-army-style-uhr-canvas-schwarz\/#breadcrumb\",\"itemListElement\":[{\"@type\":\"ListItem\",\"position\":1,\"name\":\"Home\",\"item\":\"https:\/\/swissmilitarywatches.ch\/de\/home\/\"},{\"@type\":\"ListItem\",\"position\":2,\"name\":\"Shop\",\"item\":\"https:\/\/swissmilitarywatches.ch\/de\/shop\/\"},{\"@type\":\"ListItem\",\"position\":3,\"name\":\"Alle Uhren\",\"item\":\"https:\/\/swissmilitarywatches.ch\/de\/produkt-kategorie\/alle-uhren\/\"},{\"@type\":\"ListItem\",\"position\":4,\"name\":\"Herrenuhren\",\"item\":\"https:\/\/swissmilitarywatches.ch\/de\/produkt-kategorie\/alle-uhren\/herrenuhren\/\"},{\"@type\":\"ListItem\",\"position\":5,\"name\":\"Quarzuhren\",\"item\":\"https:\/\/swissmilitarywatches.ch\/de\/produkt-kategorie\/alle-uhren\/herrenuhren\/quarzuhren\/\"},{\"@type\":\"ListItem\",\"position\":6,\"name\":\"Swiss Military SM34108.06 &#8211; Klassische Army-Style Uhr Canvas Schwarz\"}]},{\"@type\":\"WebSite\",\"@id\":\"https:\/\/swissmilitarywatches.ch\/de\/#website\",\"url\":\"https:\/\/swissmilitarywatches.ch\/de\/\",\"name\":\"Swiss Military by Chrono\",\"description\":\"Official Licensed Product of the Swiss Confederation\",\"publisher\":{\"@id\":\"https:\/\/swissmilitarywatches.ch\/de\/#organization\"},\"potentialAction\":[{\"@type\":\"SearchAction\",\"target\":{\"@type\":\"EntryPoint\",\"urlTemplate\":\"https:\/\/swissmilitarywatches.ch\/de\/?s={search_term_string}\"},\"query-input\":{\"@type\":\"PropertyValueSpecification\",\"valueRequired\":true,\"valueName\":\"search_term_string\"}}],\"inLanguage\":\"de\"},{\"@type\":\"Organization\",\"@id\":\"https:\/\/swissmilitarywatches.ch\/de\/#organization\",\"name\":\"Swiss Military by Chrono\",\"url\":\"https:\/\/swissmilitarywatches.ch\/de\/\",\"logo\":{\"@type\":\"ImageObject\",\"inLanguage\":\"de\",\"@id\":\"https:\/\/swissmilitarywatches.ch\/de\/#\/schema\/logo\/image\/\",\"url\":\"https:\/\/swissmilitarywatches.ch\/wp-content\/uploads\/2020\/04\/cropped-SM_logo_512x512px.jpg\",\"contentUrl\":\"https:\/\/swissmilitarywatches.ch\/wp-content\/uploads\/2020\/04\/cropped-SM_logo_512x512px.jpg\",\"width\":512,\"height\":512,\"caption\":\"Swiss Military by Chrono\"},\"image\":{\"@id\":\"https:\/\/swissmilitarywatches.ch\/de\/#\/schema\/logo\/image\/\"},\"sameAs\":[\"https:\/\/m.facebook.com\/swissmilitarybychronoofficial\/\",\"https:\/\/www.instagram.com\/swissmilitarybychrono\/\",\"https:\/\/www.pinterest.ch\/swissmilitarybychrono\/\"]}]}<\/script>\n<meta property=\"product:brand\" content=\"Swiss Military by Chrono\" \/>\n<meta property=\"product:price:amount\" content=\"259.00\" \/>\n<meta property=\"product:price:currency\" content=\"EUR\" \/>\n<meta property=\"og:availability\" content=\"instock\" \/>\n<meta property=\"product:availability\" content=\"instock\" \/>\n<meta property=\"product:retailer_item_id\" content=\"SM34108.06\" \/>\n<meta property=\"product:condition\" content=\"new\" \/>\n<!-- \/ Yoast SEO Premium plugin. -->","yoast_head_json":{"title":"Swiss Military SM34108.06 - Klassische Army-Style Uhr Canvas Schwarz","description":"Klassische Army-Style Uhr mit schwarzem Zifferblatt, PVD-beschichtetem Geh\u00e4use und Canvas-Armband bereit f\u00fcr deine Abenteuer! Swiss Made, 5 Jahre Garantie.","robots":{"index":"index","follow":"follow","max-snippet":"max-snippet:-1","max-image-preview":"max-image-preview:large","max-video-preview":"max-video-preview:-1"},"canonical":"https:\/\/swissmilitarywatches.ch\/de\/shop\/swiss-military-sm34108-06-klassische-army-style-uhr-canvas-schwarz\/","og_locale":"de_DE","og_type":"article","og_title":"Swiss Military SM34108.06 - Klassische Army-Style Uhr Canvas Schwarz","og_description":"Klassische Army-Style Uhr mit schwarzem Zifferblatt, PVD-beschichtetem Geh\u00e4use und Canvas-Armband bereit f\u00fcr deine Abenteuer! Swiss Made, 5 Jahre Garantie.","og_url":"https:\/\/swissmilitarywatches.ch\/de\/shop\/swiss-military-sm34108-06-klassische-army-style-uhr-canvas-schwarz\/","og_site_name":"Swiss Military by Chrono","article_publisher":"https:\/\/m.facebook.com\/swissmilitarybychronoofficial\/","article_modified_time":"2025-11-23T22:01:41+00:00","og_image":[{"width":1300,"height":1642,"url":"https:\/\/swissmilitarywatches.ch\/wp-content\/uploads\/2025\/01\/SM34108.06.png","type":"image\/png"}],"twitter_card":"summary_large_image","twitter_misc":{"Preis":"&euro;259.00 inkl. MwSt.","Verf\u00fcgbarkeit":"Auf Lager"},"schema":{"@context":"https:\/\/schema.org","@graph":[{"@type":"WebPage","@id":"https:\/\/swissmilitarywatches.ch\/de\/shop\/swiss-military-sm34108-06-klassische-army-style-uhr-canvas-schwarz\/","url":"https:\/\/swissmilitarywatches.ch\/de\/shop\/swiss-military-sm34108-06-klassische-army-style-uhr-canvas-schwarz\/","name":"Swiss Military SM34108.06 - Klassische Army-Style Uhr Canvas Schwarz","isPartOf":{"@id":"https:\/\/swissmilitarywatches.ch\/de\/#website"},"primaryImageOfPage":{"@id":"https:\/\/swissmilitarywatches.ch\/de\/shop\/swiss-military-sm34108-06-klassische-army-style-uhr-canvas-schwarz\/#primaryimage"},"image":{"@id":"https:\/\/swissmilitarywatches.ch\/de\/shop\/swiss-military-sm34108-06-klassische-army-style-uhr-canvas-schwarz\/#primaryimage"},"thumbnailUrl":"https:\/\/swissmilitarywatches.ch\/wp-content\/uploads\/2025\/01\/SM34108.06.png","datePublished":"2025-01-09T14:03:31+00:00","dateModified":"2025-11-23T22:01:41+00:00","description":"Klassische Army-Style Uhr mit schwarzem Zifferblatt, PVD-beschichtetem Geh\u00e4use und Canvas-Armband bereit f\u00fcr deine Abenteuer! Swiss Made, 5 Jahre Garantie.","breadcrumb":{"@id":"https:\/\/swissmilitarywatches.ch\/de\/shop\/swiss-military-sm34108-06-klassische-army-style-uhr-canvas-schwarz\/#breadcrumb"},"inLanguage":"de","potentialAction":[{"@type":"ReadAction","target":["https:\/\/swissmilitarywatches.ch\/de\/shop\/swiss-military-sm34108-06-klassische-army-style-uhr-canvas-schwarz\/"]}]},{"@type":"ImageObject","inLanguage":"de","@id":"https:\/\/swissmilitarywatches.ch\/de\/shop\/swiss-military-sm34108-06-klassische-army-style-uhr-canvas-schwarz\/#primaryimage","url":"https:\/\/swissmilitarywatches.ch\/wp-content\/uploads\/2025\/01\/SM34108.06.png","contentUrl":"https:\/\/swissmilitarywatches.ch\/wp-content\/uploads\/2025\/01\/SM34108.06.png","width":1300,"height":1642,"caption":"Swiss Military SM34108.06 \u2013 Klassische Army-Style Uhr mit mattem schwarzen Zifferblatt, sandgestrahltem Geh\u00e4use und schwarzem Canvas-Armband mit Lederakzenten."},{"@type":"BreadcrumbList","@id":"https:\/\/swissmilitarywatches.ch\/de\/shop\/swiss-military-sm34108-06-klassische-army-style-uhr-canvas-schwarz\/#breadcrumb","itemListElement":[{"@type":"ListItem","position":1,"name":"Home","item":"https:\/\/swissmilitarywatches.ch\/de\/home\/"},{"@type":"ListItem","position":2,"name":"Shop","item":"https:\/\/swissmilitarywatches.ch\/de\/shop\/"},{"@type":"ListItem","position":3,"name":"Alle Uhren","item":"https:\/\/swissmilitarywatches.ch\/de\/produkt-kategorie\/alle-uhren\/"},{"@type":"ListItem","position":4,"name":"Herrenuhren","item":"https:\/\/swissmilitarywatches.ch\/de\/produkt-kategorie\/alle-uhren\/herrenuhren\/"},{"@type":"ListItem","position":5,"name":"Quarzuhren","item":"https:\/\/swissmilitarywatches.ch\/de\/produkt-kategorie\/alle-uhren\/herrenuhren\/quarzuhren\/"},{"@type":"ListItem","position":6,"name":"Swiss Military SM34108.06 &#8211; Klassische Army-Style Uhr Canvas Schwarz"}]},{"@type":"WebSite","@id":"https:\/\/swissmilitarywatches.ch\/de\/#website","url":"https:\/\/swissmilitarywatches.ch\/de\/","name":"Swiss Military by Chrono","description":"Official Licensed Product of the Swiss Confederation","publisher":{"@id":"https:\/\/swissmilitarywatches.ch\/de\/#organization"},"potentialAction":[{"@type":"SearchAction","target":{"@type":"EntryPoint","urlTemplate":"https:\/\/swissmilitarywatches.ch\/de\/?s={search_term_string}"},"query-input":{"@type":"PropertyValueSpecification","valueRequired":true,"valueName":"search_term_string"}}],"inLanguage":"de"},{"@type":"Organization","@id":"https:\/\/swissmilitarywatches.ch\/de\/#organization","name":"Swiss Military by Chrono","url":"https:\/\/swissmilitarywatches.ch\/de\/","logo":{"@type":"ImageObject","inLanguage":"de","@id":"https:\/\/swissmilitarywatches.ch\/de\/#\/schema\/logo\/image\/","url":"https:\/\/swissmilitarywatches.ch\/wp-content\/uploads\/2020\/04\/cropped-SM_logo_512x512px.jpg","contentUrl":"https:\/\/swissmilitarywatches.ch\/wp-content\/uploads\/2020\/04\/cropped-SM_logo_512x512px.jpg","width":512,"height":512,"caption":"Swiss Military by Chrono"},"image":{"@id":"https:\/\/swissmilitarywatches.ch\/de\/#\/schema\/logo\/image\/"},"sameAs":["https:\/\/m.facebook.com\/swissmilitarybychronoofficial\/","https:\/\/www.instagram.com\/swissmilitarybychrono\/","https:\/\/www.pinterest.ch\/swissmilitarybychrono\/"]}]},"product_brand":"Swiss Military by Chrono","product_price_amount":"259.00","product_price_currency":"EUR","og_availability":"instock","product_availability":"instock","product_retailer_item_id":"SM34108.06","product_condition":"new"},"jetpack_sharing_enabled":true,"_links":{"self":[{"href":"https:\/\/swissmilitarywatches.ch\/de\/wp-json\/wp\/v2\/product\/21356","targetHints":{"allow":["GET"]}}],"collection":[{"href":"https:\/\/swissmilitarywatches.ch\/de\/wp-json\/wp\/v2\/product"}],"about":[{"href":"https:\/\/swissmilitarywatches.ch\/de\/wp-json\/wp\/v2\/types\/product"}],"replies":[{"embeddable":true,"href":"https:\/\/swissmilitarywatches.ch\/de\/wp-json\/wp\/v2\/comments?post=21356"}],"wp:featuredmedia":[{"embeddable":true,"href":"https:\/\/swissmilitarywatches.ch\/de\/wp-json\/wp\/v2\/media\/21158"}],"wp:attachment":[{"href":"https:\/\/swissmilitarywatches.ch\/de\/wp-json\/wp\/v2\/media?parent=21356"}],"wp:term":[{"taxonomy":"product_brand","embeddable":true,"href":"https:\/\/swissmilitarywatches.ch\/de\/wp-json\/wp\/v2\/product_brand?post=21356"},{"taxonomy":"product_cat","embeddable":true,"href":"https:\/\/swissmilitarywatches.ch\/de\/wp-json\/wp\/v2\/product_cat?post=21356"},{"taxonomy":"product_tag","embeddable":true,"href":"https:\/\/swissmilitarywatches.ch\/de\/wp-json\/wp\/v2\/product_tag?post=21356"}],"curies":[{"name":"wp","href":"https:\/\/api.w.org\/{rel}","templated":true}]}}