{"id":21353,"date":"2025-01-09T16:03:31","date_gmt":"2025-01-09T14:03:31","guid":{"rendered":"https:\/\/swissmilitarywatches.ch\/shop\/swiss-military-sm34108-03-klassische-army-style-uhr-stahl-blau\/"},"modified":"2025-11-24T00:01:39","modified_gmt":"2025-11-23T22:01:39","slug":"swiss-military-sm34108-03-army-style-uhr-stahl-blau","status":"publish","type":"product","link":"https:\/\/swissmilitarywatches.ch\/de\/shop\/swiss-military-sm34108-03-army-style-uhr-stahl-blau\/","title":{"rendered":"Swiss Military SM34108.03 &#8211; Klassische Army-Style Uhr Stahl Blau"},"content":{"rendered":"<h3 data-start=\"106\" data-end=\"648\">Warum die Swiss Military SM34108.03 Army-Style Uhr w\u00e4hlen?<\/h3>\n<p data-start=\"106\" data-end=\"648\">Die Swiss Military SM34108.03 ist die perfekte klassische Army-Style Uhr f\u00fcr M\u00e4nner, die sowohl Stil als auch Langlebigkeit suchen.<\/p>\n<p data-start=\"106\" data-end=\"648\">Mit einem matten blauen Zifferblatt, das gro\u00dfe arabische Ziffern und lumin\u00f6se Zeiger enth\u00e4lt, bietet diese Uhr eine ausgezeichnete Lesbarkeit, selbst bei schwachem Licht. Beige Stundenmarkierungen und ein beiger Sekundenzeiger erh\u00f6hen die Funktionalit\u00e4t. Zudem sorgen die Milit\u00e4rzeitstunden (13-23) f\u00fcr ein praktisches und funktionales Design.<\/p>\n<p data-start=\"650\" data-end=\"893\">Handgefertigt in unserem Schweizer Uhrenatelier kombiniert diese Uhr im Milit\u00e4rstil robuste Eigenschaften mit exzellenter Handwerkskunst. Sie ist ideal f\u00fcr M\u00e4nner, die eine zuverl\u00e4ssige Uhr brauchen, die auch den aktivsten Lebensstil meistert.<\/p>\n<h4 data-start=\"895\" data-end=\"913\"><strong data-start=\"895\" data-end=\"913\">Hauptmerkmale:<\/strong><\/h4>\n<ul data-start=\"914\" data-end=\"1617\">\n<li data-start=\"914\" data-end=\"1062\"><strong data-start=\"916\" data-end=\"946\">Mattes blaues Zifferblatt:<\/strong> Gro\u00dfe arabische Ziffern, lumin\u00f6se Zeiger, beige Stundenmarkierungen und beiger Sekundenzeiger f\u00fcr beste Lesbarkeit.<\/li>\n<li data-start=\"1063\" data-end=\"1185\"><strong data-start=\"1065\" data-end=\"1094\">Handgefertigte Exzellenz:<\/strong> Pr\u00e4zise in unserem Schweizer Uhrenatelier gefertigt, um h\u00f6chste Qualit\u00e4t zu gew\u00e4hrleisten.<\/li>\n<li data-start=\"1186\" data-end=\"1275\"><strong data-start=\"1188\" data-end=\"1218\">Robustes Edelstahlgeh\u00e4use:<\/strong> Geschliffenes Finish f\u00fcr ein elegantes, robustes Design.<\/li>\n<li data-start=\"1276\" data-end=\"1373\"><strong data-start=\"1278\" data-end=\"1305\">Kratzfestes Saphirglas:<\/strong> Sch\u00fctzt das Zifferblatt vor Kratzern und gew\u00e4hrleistet klare Sicht.<\/li>\n<li data-start=\"1374\" data-end=\"1454\"><strong data-start=\"1376\" data-end=\"1402\">Wasserdicht bis 100 m:<\/strong> Ideal f\u00fcr Outdoor-Abenteuer und den aktiven Alltag.<\/li>\n<li data-start=\"1455\" data-end=\"1528\"><strong data-start=\"1457\" data-end=\"1479\">Schweizer Uhrwerk:<\/strong> Pr\u00e4zises Quarzwerk f\u00fcr zuverl\u00e4ssige Zeitmessung.<\/li>\n<li data-start=\"1529\" data-end=\"1617\"><strong data-start=\"1531\" data-end=\"1552\">5 Jahre Garantie:<\/strong> Profitieren Sie von einer internationalen Garantie \u00fcber 5 Jahre.<\/li>\n<\/ul>\n<p data-start=\"1619\" data-end=\"1872\">Die Swiss Military SM34108.03 ist die ideale Wahl f\u00fcr M\u00e4nner, die eine klassische Army-Style Uhr mit robuster Haltbarkeit und Schweizer Handwerkskunst suchen. Mit ihren lumin\u00f6sen Zeigern und der stabilen Bauweise ist sie f\u00fcr jede Herausforderung bereit.<\/p>\n","protected":false},"excerpt":{"rendered":"<p>Die Swiss Military SM34108.03 ist eine robuste und zuverl\u00e4ssige klassische Army-Style Uhr f\u00fcr M\u00e4nner. Sie verf\u00fcgt \u00fcber ein mattes blaues Zifferblatt mit beige Milit\u00e4rzeitstunden (13-23), lumin\u00f6sen Zeigern und einem beigen Sekundenzeiger. Das geschliffene Edelstahlgeh\u00e4use und die Wasserdichtigkeit von 100 m machen die Uhr im Milit\u00e4rstil bereit f\u00fcr jedes Abenteuer.<\/p>\n","protected":false},"featured_media":21143,"comment_status":"open","ping_status":"closed","template":"","meta":[],"product_brand":[],"product_cat":[3020,1604,1607],"product_tag":[],"class_list":{"0":"post-21353","1":"product","2":"type-product","3":"status-publish","4":"has-post-thumbnail","6":"product_cat-sm34108-klassische-army-style-uhren","7":"product_cat-alle-uhren","8":"product_cat-herrenuhren","9":"product_shipping_class-flexible-shipping-de","11":"first","12":"instock","13":"taxable","14":"shipping-taxable","15":"purchasable","16":"product-type-simple"},"yoast_head":"<!-- This site is optimized with the Yoast SEO Premium plugin v26.6 (Yoast SEO v26.6) - https:\/\/yoast.com\/wordpress\/plugins\/seo\/ -->\n<title>Swiss Military SM34108.03 - Klassische Army-Style Uhr Stahl Blau<\/title>\n<meta name=\"description\" content=\"Klassische Army-Style Uhr mit mattem blauen Zifferblatt, Milit\u00e4rzeitstunden und lumin\u00f6sen Zeigern. Swiss Made &amp; 5 Jahre Garantie.\" \/>\n<meta name=\"robots\" content=\"index, follow, max-snippet:-1, max-image-preview:large, max-video-preview:-1\" \/>\n<link rel=\"canonical\" href=\"https:\/\/swissmilitarywatches.ch\/de\/shop\/swiss-military-sm34108-03-army-style-uhr-stahl-blau\/\" \/>\n<meta property=\"og:locale\" content=\"de_DE\" \/>\n<meta property=\"og:type\" content=\"article\" \/>\n<meta property=\"og:title\" content=\"Swiss Military SM34108.03 - Klassische Army-Style Uhr Stahl Blau\" \/>\n<meta property=\"og:description\" content=\"Klassische Army-Style Uhr mit mattem blauen Zifferblatt, Milit\u00e4rzeitstunden und lumin\u00f6sen Zeigern. Swiss Made &amp; 5 Jahre Garantie.\" \/>\n<meta property=\"og:url\" content=\"https:\/\/swissmilitarywatches.ch\/de\/shop\/swiss-military-sm34108-03-army-style-uhr-stahl-blau\/\" \/>\n<meta property=\"og:site_name\" content=\"Swiss Military by Chrono\" \/>\n<meta property=\"article:publisher\" content=\"https:\/\/m.facebook.com\/swissmilitarybychronoofficial\/\" \/>\n<meta property=\"article:modified_time\" content=\"2025-11-23T22:01:39+00:00\" \/>\n<meta property=\"og:image\" content=\"https:\/\/swissmilitarywatches.ch\/wp-content\/uploads\/2025\/01\/SM34108.03.png\" \/>\n\t<meta property=\"og:image:width\" content=\"1300\" \/>\n\t<meta property=\"og:image:height\" content=\"1642\" \/>\n\t<meta property=\"og:image:type\" content=\"image\/png\" \/>\n<meta name=\"twitter:card\" content=\"summary_large_image\" \/>\n<meta name=\"twitter:label1\" content=\"Preis\" \/>\n\t<meta name=\"twitter:data1\" content=\"&euro;279.00 inkl. MwSt.\" \/>\n\t<meta name=\"twitter:label2\" content=\"Verf\u00fcgbarkeit\" \/>\n\t<meta name=\"twitter:data2\" content=\"Auf Lager\" \/>\n<script type=\"application\/ld+json\" class=\"yoast-schema-graph\">{\"@context\":\"https:\/\/schema.org\",\"@graph\":[{\"@type\":\"WebPage\",\"@id\":\"https:\/\/swissmilitarywatches.ch\/de\/shop\/swiss-military-sm34108-03-army-style-uhr-stahl-blau\/\",\"url\":\"https:\/\/swissmilitarywatches.ch\/de\/shop\/swiss-military-sm34108-03-army-style-uhr-stahl-blau\/\",\"name\":\"Swiss Military SM34108.03 - Klassische Army-Style Uhr Stahl Blau\",\"isPartOf\":{\"@id\":\"https:\/\/swissmilitarywatches.ch\/de\/#website\"},\"primaryImageOfPage\":{\"@id\":\"https:\/\/swissmilitarywatches.ch\/de\/shop\/swiss-military-sm34108-03-army-style-uhr-stahl-blau\/#primaryimage\"},\"image\":{\"@id\":\"https:\/\/swissmilitarywatches.ch\/de\/shop\/swiss-military-sm34108-03-army-style-uhr-stahl-blau\/#primaryimage\"},\"thumbnailUrl\":\"https:\/\/swissmilitarywatches.ch\/wp-content\/uploads\/2025\/01\/SM34108.03.png\",\"datePublished\":\"2025-01-09T14:03:31+00:00\",\"dateModified\":\"2025-11-23T22:01:39+00:00\",\"description\":\"Klassische Army-Style Uhr mit mattem blauen Zifferblatt, Milit\u00e4rzeitstunden und lumin\u00f6sen Zeigern. Swiss Made & 5 Jahre Garantie.\",\"breadcrumb\":{\"@id\":\"https:\/\/swissmilitarywatches.ch\/de\/shop\/swiss-military-sm34108-03-army-style-uhr-stahl-blau\/#breadcrumb\"},\"inLanguage\":\"de\",\"potentialAction\":[{\"@type\":\"ReadAction\",\"target\":[\"https:\/\/swissmilitarywatches.ch\/de\/shop\/swiss-military-sm34108-03-army-style-uhr-stahl-blau\/\"]}]},{\"@type\":\"ImageObject\",\"inLanguage\":\"de\",\"@id\":\"https:\/\/swissmilitarywatches.ch\/de\/shop\/swiss-military-sm34108-03-army-style-uhr-stahl-blau\/#primaryimage\",\"url\":\"https:\/\/swissmilitarywatches.ch\/wp-content\/uploads\/2025\/01\/SM34108.03.png\",\"contentUrl\":\"https:\/\/swissmilitarywatches.ch\/wp-content\/uploads\/2025\/01\/SM34108.03.png\",\"width\":1300,\"height\":1642,\"caption\":\"Swiss Military SM34108.03: Robust, zuverl\u00e4ssig und f\u00fcr den aktiven Mann entworfen. Mit einem matten blauen Zifferblatt, beigen Milit\u00e4rzeitstunden, leuchtenden Zeigern und einer Wasserdichtigkeit von 100 m.\"},{\"@type\":\"BreadcrumbList\",\"@id\":\"https:\/\/swissmilitarywatches.ch\/de\/shop\/swiss-military-sm34108-03-army-style-uhr-stahl-blau\/#breadcrumb\",\"itemListElement\":[{\"@type\":\"ListItem\",\"position\":1,\"name\":\"Home\",\"item\":\"https:\/\/swissmilitarywatches.ch\/de\/home\/\"},{\"@type\":\"ListItem\",\"position\":2,\"name\":\"Shop\",\"item\":\"https:\/\/swissmilitarywatches.ch\/de\/shop\/\"},{\"@type\":\"ListItem\",\"position\":3,\"name\":\"Alle Uhren\",\"item\":\"https:\/\/swissmilitarywatches.ch\/de\/produkt-kategorie\/alle-uhren\/\"},{\"@type\":\"ListItem\",\"position\":4,\"name\":\"Herrenuhren\",\"item\":\"https:\/\/swissmilitarywatches.ch\/de\/produkt-kategorie\/alle-uhren\/herrenuhren\/\"},{\"@type\":\"ListItem\",\"position\":5,\"name\":\"Quarzuhren\",\"item\":\"https:\/\/swissmilitarywatches.ch\/de\/produkt-kategorie\/alle-uhren\/herrenuhren\/quarzuhren\/\"},{\"@type\":\"ListItem\",\"position\":6,\"name\":\"Swiss Military SM34108.03 &#8211; Klassische Army-Style Uhr Stahl Blau\"}]},{\"@type\":\"WebSite\",\"@id\":\"https:\/\/swissmilitarywatches.ch\/de\/#website\",\"url\":\"https:\/\/swissmilitarywatches.ch\/de\/\",\"name\":\"Swiss Military by Chrono\",\"description\":\"Official Licensed Product of the Swiss Confederation\",\"publisher\":{\"@id\":\"https:\/\/swissmilitarywatches.ch\/de\/#organization\"},\"potentialAction\":[{\"@type\":\"SearchAction\",\"target\":{\"@type\":\"EntryPoint\",\"urlTemplate\":\"https:\/\/swissmilitarywatches.ch\/de\/?s={search_term_string}\"},\"query-input\":{\"@type\":\"PropertyValueSpecification\",\"valueRequired\":true,\"valueName\":\"search_term_string\"}}],\"inLanguage\":\"de\"},{\"@type\":\"Organization\",\"@id\":\"https:\/\/swissmilitarywatches.ch\/de\/#organization\",\"name\":\"Swiss Military by Chrono\",\"url\":\"https:\/\/swissmilitarywatches.ch\/de\/\",\"logo\":{\"@type\":\"ImageObject\",\"inLanguage\":\"de\",\"@id\":\"https:\/\/swissmilitarywatches.ch\/de\/#\/schema\/logo\/image\/\",\"url\":\"https:\/\/swissmilitarywatches.ch\/wp-content\/uploads\/2020\/04\/cropped-SM_logo_512x512px.jpg\",\"contentUrl\":\"https:\/\/swissmilitarywatches.ch\/wp-content\/uploads\/2020\/04\/cropped-SM_logo_512x512px.jpg\",\"width\":512,\"height\":512,\"caption\":\"Swiss Military by Chrono\"},\"image\":{\"@id\":\"https:\/\/swissmilitarywatches.ch\/de\/#\/schema\/logo\/image\/\"},\"sameAs\":[\"https:\/\/m.facebook.com\/swissmilitarybychronoofficial\/\",\"https:\/\/www.instagram.com\/swissmilitarybychrono\/\",\"https:\/\/www.pinterest.ch\/swissmilitarybychrono\/\"]}]}<\/script>\n<meta property=\"product:brand\" content=\"Swiss Military by Chrono\" \/>\n<meta property=\"product:price:amount\" content=\"279.00\" \/>\n<meta property=\"product:price:currency\" content=\"EUR\" \/>\n<meta property=\"og:availability\" content=\"instock\" \/>\n<meta property=\"product:availability\" content=\"instock\" \/>\n<meta property=\"product:retailer_item_id\" content=\"SM34108.03\" \/>\n<meta property=\"product:condition\" content=\"new\" \/>\n<!-- \/ Yoast SEO Premium plugin. -->","yoast_head_json":{"title":"Swiss Military SM34108.03 - Klassische Army-Style Uhr Stahl Blau","description":"Klassische Army-Style Uhr mit mattem blauen Zifferblatt, Milit\u00e4rzeitstunden und lumin\u00f6sen Zeigern. Swiss Made & 5 Jahre Garantie.","robots":{"index":"index","follow":"follow","max-snippet":"max-snippet:-1","max-image-preview":"max-image-preview:large","max-video-preview":"max-video-preview:-1"},"canonical":"https:\/\/swissmilitarywatches.ch\/de\/shop\/swiss-military-sm34108-03-army-style-uhr-stahl-blau\/","og_locale":"de_DE","og_type":"article","og_title":"Swiss Military SM34108.03 - Klassische Army-Style Uhr Stahl Blau","og_description":"Klassische Army-Style Uhr mit mattem blauen Zifferblatt, Milit\u00e4rzeitstunden und lumin\u00f6sen Zeigern. Swiss Made & 5 Jahre Garantie.","og_url":"https:\/\/swissmilitarywatches.ch\/de\/shop\/swiss-military-sm34108-03-army-style-uhr-stahl-blau\/","og_site_name":"Swiss Military by Chrono","article_publisher":"https:\/\/m.facebook.com\/swissmilitarybychronoofficial\/","article_modified_time":"2025-11-23T22:01:39+00:00","og_image":[{"width":1300,"height":1642,"url":"https:\/\/swissmilitarywatches.ch\/wp-content\/uploads\/2025\/01\/SM34108.03.png","type":"image\/png"}],"twitter_card":"summary_large_image","twitter_misc":{"Preis":"&euro;279.00 inkl. MwSt.","Verf\u00fcgbarkeit":"Auf Lager"},"schema":{"@context":"https:\/\/schema.org","@graph":[{"@type":"WebPage","@id":"https:\/\/swissmilitarywatches.ch\/de\/shop\/swiss-military-sm34108-03-army-style-uhr-stahl-blau\/","url":"https:\/\/swissmilitarywatches.ch\/de\/shop\/swiss-military-sm34108-03-army-style-uhr-stahl-blau\/","name":"Swiss Military SM34108.03 - Klassische Army-Style Uhr Stahl Blau","isPartOf":{"@id":"https:\/\/swissmilitarywatches.ch\/de\/#website"},"primaryImageOfPage":{"@id":"https:\/\/swissmilitarywatches.ch\/de\/shop\/swiss-military-sm34108-03-army-style-uhr-stahl-blau\/#primaryimage"},"image":{"@id":"https:\/\/swissmilitarywatches.ch\/de\/shop\/swiss-military-sm34108-03-army-style-uhr-stahl-blau\/#primaryimage"},"thumbnailUrl":"https:\/\/swissmilitarywatches.ch\/wp-content\/uploads\/2025\/01\/SM34108.03.png","datePublished":"2025-01-09T14:03:31+00:00","dateModified":"2025-11-23T22:01:39+00:00","description":"Klassische Army-Style Uhr mit mattem blauen Zifferblatt, Milit\u00e4rzeitstunden und lumin\u00f6sen Zeigern. Swiss Made & 5 Jahre Garantie.","breadcrumb":{"@id":"https:\/\/swissmilitarywatches.ch\/de\/shop\/swiss-military-sm34108-03-army-style-uhr-stahl-blau\/#breadcrumb"},"inLanguage":"de","potentialAction":[{"@type":"ReadAction","target":["https:\/\/swissmilitarywatches.ch\/de\/shop\/swiss-military-sm34108-03-army-style-uhr-stahl-blau\/"]}]},{"@type":"ImageObject","inLanguage":"de","@id":"https:\/\/swissmilitarywatches.ch\/de\/shop\/swiss-military-sm34108-03-army-style-uhr-stahl-blau\/#primaryimage","url":"https:\/\/swissmilitarywatches.ch\/wp-content\/uploads\/2025\/01\/SM34108.03.png","contentUrl":"https:\/\/swissmilitarywatches.ch\/wp-content\/uploads\/2025\/01\/SM34108.03.png","width":1300,"height":1642,"caption":"Swiss Military SM34108.03: Robust, zuverl\u00e4ssig und f\u00fcr den aktiven Mann entworfen. Mit einem matten blauen Zifferblatt, beigen Milit\u00e4rzeitstunden, leuchtenden Zeigern und einer Wasserdichtigkeit von 100 m."},{"@type":"BreadcrumbList","@id":"https:\/\/swissmilitarywatches.ch\/de\/shop\/swiss-military-sm34108-03-army-style-uhr-stahl-blau\/#breadcrumb","itemListElement":[{"@type":"ListItem","position":1,"name":"Home","item":"https:\/\/swissmilitarywatches.ch\/de\/home\/"},{"@type":"ListItem","position":2,"name":"Shop","item":"https:\/\/swissmilitarywatches.ch\/de\/shop\/"},{"@type":"ListItem","position":3,"name":"Alle Uhren","item":"https:\/\/swissmilitarywatches.ch\/de\/produkt-kategorie\/alle-uhren\/"},{"@type":"ListItem","position":4,"name":"Herrenuhren","item":"https:\/\/swissmilitarywatches.ch\/de\/produkt-kategorie\/alle-uhren\/herrenuhren\/"},{"@type":"ListItem","position":5,"name":"Quarzuhren","item":"https:\/\/swissmilitarywatches.ch\/de\/produkt-kategorie\/alle-uhren\/herrenuhren\/quarzuhren\/"},{"@type":"ListItem","position":6,"name":"Swiss Military SM34108.03 &#8211; Klassische Army-Style Uhr Stahl Blau"}]},{"@type":"WebSite","@id":"https:\/\/swissmilitarywatches.ch\/de\/#website","url":"https:\/\/swissmilitarywatches.ch\/de\/","name":"Swiss Military by Chrono","description":"Official Licensed Product of the Swiss Confederation","publisher":{"@id":"https:\/\/swissmilitarywatches.ch\/de\/#organization"},"potentialAction":[{"@type":"SearchAction","target":{"@type":"EntryPoint","urlTemplate":"https:\/\/swissmilitarywatches.ch\/de\/?s={search_term_string}"},"query-input":{"@type":"PropertyValueSpecification","valueRequired":true,"valueName":"search_term_string"}}],"inLanguage":"de"},{"@type":"Organization","@id":"https:\/\/swissmilitarywatches.ch\/de\/#organization","name":"Swiss Military by Chrono","url":"https:\/\/swissmilitarywatches.ch\/de\/","logo":{"@type":"ImageObject","inLanguage":"de","@id":"https:\/\/swissmilitarywatches.ch\/de\/#\/schema\/logo\/image\/","url":"https:\/\/swissmilitarywatches.ch\/wp-content\/uploads\/2020\/04\/cropped-SM_logo_512x512px.jpg","contentUrl":"https:\/\/swissmilitarywatches.ch\/wp-content\/uploads\/2020\/04\/cropped-SM_logo_512x512px.jpg","width":512,"height":512,"caption":"Swiss Military by Chrono"},"image":{"@id":"https:\/\/swissmilitarywatches.ch\/de\/#\/schema\/logo\/image\/"},"sameAs":["https:\/\/m.facebook.com\/swissmilitarybychronoofficial\/","https:\/\/www.instagram.com\/swissmilitarybychrono\/","https:\/\/www.pinterest.ch\/swissmilitarybychrono\/"]}]},"product_brand":"Swiss Military by Chrono","product_price_amount":"279.00","product_price_currency":"EUR","og_availability":"instock","product_availability":"instock","product_retailer_item_id":"SM34108.03","product_condition":"new"},"jetpack_sharing_enabled":true,"_links":{"self":[{"href":"https:\/\/swissmilitarywatches.ch\/de\/wp-json\/wp\/v2\/product\/21353","targetHints":{"allow":["GET"]}}],"collection":[{"href":"https:\/\/swissmilitarywatches.ch\/de\/wp-json\/wp\/v2\/product"}],"about":[{"href":"https:\/\/swissmilitarywatches.ch\/de\/wp-json\/wp\/v2\/types\/product"}],"replies":[{"embeddable":true,"href":"https:\/\/swissmilitarywatches.ch\/de\/wp-json\/wp\/v2\/comments?post=21353"}],"wp:featuredmedia":[{"embeddable":true,"href":"https:\/\/swissmilitarywatches.ch\/de\/wp-json\/wp\/v2\/media\/21143"}],"wp:attachment":[{"href":"https:\/\/swissmilitarywatches.ch\/de\/wp-json\/wp\/v2\/media?parent=21353"}],"wp:term":[{"taxonomy":"product_brand","embeddable":true,"href":"https:\/\/swissmilitarywatches.ch\/de\/wp-json\/wp\/v2\/product_brand?post=21353"},{"taxonomy":"product_cat","embeddable":true,"href":"https:\/\/swissmilitarywatches.ch\/de\/wp-json\/wp\/v2\/product_cat?post=21353"},{"taxonomy":"product_tag","embeddable":true,"href":"https:\/\/swissmilitarywatches.ch\/de\/wp-json\/wp\/v2\/product_tag?post=21353"}],"curies":[{"name":"wp","href":"https:\/\/api.w.org\/{rel}","templated":true}]}}