{"id":21111,"date":"2024-12-11T08:42:47","date_gmt":"2024-12-11T06:42:47","guid":{"rendered":"https:\/\/swissmilitarywatches.ch\/shop\/swiss-military-sm34107-10-klassischer-chronograph-schwarz-leder\/"},"modified":"2025-11-24T00:01:37","modified_gmt":"2025-11-23T22:01:37","slug":"swiss-military-sm34107-10-klassischer-chronograph-schwarz-leder","status":"publish","type":"product","link":"https:\/\/swissmilitarywatches.ch\/de\/shop\/swiss-military-sm34107-10-klassischer-chronograph-schwarz-leder\/","title":{"rendered":"Swiss Military SM34107.10 &#8211; Klassischer Chronograph Schwarz Leder"},"content":{"rendered":"<div class=\"flex-shrink-0 flex flex-col relative items-end\">\n<div>\n<div class=\"pt-0\">\n<div class=\"gizmo-bot-avatar flex h-8 w-8 items-center justify-center overflow-hidden rounded-full\">\n<div class=\"relative p-1 rounded-sm flex items-center justify-center bg-token-main-surface-primary text-token-text-primary h-8 w-8\">Der <span style=\"color: #555555;\">Swiss Military SM34107.10<\/span><span style=\"color: #555555;\"> Klassischer Chronograph vereint ein zeitloses Design mit sportlicher Raffinesse. Er verf\u00fcgt \u00fcber ein <\/span>schwarzes Sonnenschliff-Zifferblatt,<span style=\"color: #555555;\">das einen eleganten und vielseitigen Look bietet, der f\u00fcr jede Gelegenheit geeignet ist. <\/span>In Kombination mit einem schlichten schwarzen Lederarmband s<span style=\"color: #555555;\">trahlt dieser Klassische Chronograph sowohl Eleganz als auch Komfort aus.<\/span><\/div>\n<\/div>\n<\/div>\n<\/div>\n<\/div>\n<div class=\"group\/conversation-turn relative flex w-full min-w-0 flex-col agent-turn\">\n<div class=\"flex-col gap-1 md:gap-3\">\n<div class=\"flex max-w-full flex-col flex-grow\">\n<div class=\"min-h-8 text-message flex w-full flex-col items-end gap-2 whitespace-normal break-words text-start [.text-message+&amp;]:mt-5\" dir=\"auto\" data-message-author-role=\"assistant\" data-message-id=\"9d61e209-3f2f-462b-bfcf-94b598603ae7\" data-message-model-slug=\"gpt-4o\">\n<div class=\"flex w-full flex-col gap-1 empty:hidden first:pt-[3px]\">\n<div class=\"markdown prose w-full break-words dark:prose-invert light\">\n<p>Gesch\u00fctzt durch kratzfestes Saphirglas bleibt das Zifferblatt klar und makellos, selbst bei t\u00e4glichem Gebrauch. Die leuchtenden Zeiger und Indizes garantieren hervorragende Lesbarkeit bei allen Lichtverh\u00e4ltnissen. Mit einem Schweizer Chronographen-Uhrwerk bietet der Swiss Military Klassische Chronograph zuverl\u00e4ssige Pr\u00e4zision und Leistung. Jede Uhr wird in unserem Schweizer Atelier von Hand montiert, was au\u00dfergew\u00f6hnliche Handwerkskunst und Liebe zum Detail widerspiegelt. Um dir zus\u00e4tzliches Vertrauen zu geben, wird dieses Zeitmesser mit einer 5-j\u00e4hrigen internationalen Garantie geliefert, die Langlebigkeit garantiert, auf die du dich verlassen kannst.<\/p>\n<p><strong>Hauptmerkmale:<\/strong><\/p>\n<ul>\n<li><strong>Zifferblatt:<\/strong> Schwarzes Sonnenschliff-Zifferblatt mit leuchtenden Zeigern und Indizes f\u00fcr eine einfache Lesbarkeit.<\/li>\n<li><strong>Geh\u00e4use:<\/strong> 40 mm Edelstahlgeh\u00e4use mit polierter und zeitloser Oberfl\u00e4che.<\/li>\n<li><strong>Armband:<\/strong> Schlichtes schwarzes Lederarmband f\u00fcr h\u00f6chsten Komfort und Stil.<\/li>\n<li><strong>Glas:<\/strong> Kratzfestes Saphirglas f\u00fcr langanhaltende Klarheit.<\/li>\n<li><strong>Werk:<\/strong> Pr\u00e4zises Schweizer Chronographen-Uhrwerk f\u00fcr zuverl\u00e4ssige Zeitmessung.<\/li>\n<li>\n<strong>Montage:<\/strong> Fachm\u00e4nnisch von Hand in unserem hauseigenen Schweizer Atelier montiert.<\/li>\n<li><strong>Warranty:<\/strong> Garantie: Wird mit einer 5-j\u00e4hrigen internationalen Garantie geliefert.<\/li>\n<\/ul>\n<\/div>\n<\/div>\n<\/div>\n<\/div>\n<\/div>\n<\/div>\n","protected":false},"excerpt":{"rendered":"<p>Die <strong>Swiss Military SM34107.10 <\/strong>Klassischer Chronograph verf\u00fcgt \u00fcber ein schwarzes Sonnenschliff-Zifferblatt, ein Edelstahlgeh\u00e4use und ein schwarzes Lederarmband f\u00fcr elegante Vielseitigkeit.<\/p>\n","protected":false},"featured_media":21018,"comment_status":"open","ping_status":"closed","template":"","meta":[],"product_brand":[],"product_cat":[2968,1604,1607,1614],"product_tag":[],"class_list":{"0":"post-21111","1":"product","2":"type-product","3":"status-publish","4":"has-post-thumbnail","6":"product_cat-sm34107-de","7":"product_cat-alle-uhren","8":"product_cat-herrenuhren","9":"product_cat-chronographen","10":"product_shipping_class-flexible-shipping-de","12":"first","13":"instock","14":"taxable","15":"shipping-taxable","16":"purchasable","17":"product-type-simple"},"yoast_head":"<!-- This site is optimized with the Yoast SEO Premium plugin v26.6 (Yoast SEO v26.6) - https:\/\/yoast.com\/wordpress\/plugins\/seo\/ -->\n<title>Swiss Military SM34107.10 - Klassischer Chronograph Schwarz Leder<\/title>\n<meta name=\"description\" content=\"Swiss Military SM34107.10 Klassischer Chronograph mit schwarzem Sonnenschliff-Zifferblatt, Edelstahlgeh\u00e4use, Schweizer Uhrwerk und schwarzem Lederarmband. 5 Jahre Garantie.\" \/>\n<meta name=\"robots\" content=\"index, follow, max-snippet:-1, max-image-preview:large, max-video-preview:-1\" \/>\n<link rel=\"canonical\" href=\"https:\/\/swissmilitarywatches.ch\/de\/shop\/swiss-military-sm34107-10-klassischer-chronograph-schwarz-leder\/\" \/>\n<meta property=\"og:locale\" content=\"de_DE\" \/>\n<meta property=\"og:type\" content=\"article\" \/>\n<meta property=\"og:title\" content=\"Swiss Military SM34107.10 - Klassischer Chronograph Schwarz Leder\" \/>\n<meta property=\"og:description\" content=\"Swiss Military SM34107.10 Klassischer Chronograph mit schwarzem Sonnenschliff-Zifferblatt, Edelstahlgeh\u00e4use, Schweizer Uhrwerk und schwarzem Lederarmband. 5 Jahre Garantie.\" \/>\n<meta property=\"og:url\" content=\"https:\/\/swissmilitarywatches.ch\/de\/shop\/swiss-military-sm34107-10-klassischer-chronograph-schwarz-leder\/\" \/>\n<meta property=\"og:site_name\" content=\"Swiss Military by Chrono\" \/>\n<meta property=\"article:publisher\" content=\"https:\/\/m.facebook.com\/swissmilitarybychronoofficial\/\" \/>\n<meta property=\"article:modified_time\" content=\"2025-11-23T22:01:37+00:00\" \/>\n<meta property=\"og:image\" content=\"https:\/\/swissmilitarywatches.ch\/wp-content\/uploads\/2024\/12\/SM34107.10.png\" \/>\n\t<meta property=\"og:image:width\" content=\"1300\" \/>\n\t<meta property=\"og:image:height\" content=\"1642\" \/>\n\t<meta property=\"og:image:type\" content=\"image\/png\" \/>\n<meta name=\"twitter:card\" content=\"summary_large_image\" \/>\n<meta name=\"twitter:label1\" content=\"Preis\" \/>\n\t<meta name=\"twitter:data1\" content=\"&euro;349.00 inkl. MwSt.\" \/>\n\t<meta name=\"twitter:label2\" content=\"Verf\u00fcgbarkeit\" \/>\n\t<meta name=\"twitter:data2\" content=\"Auf Lager\" \/>\n<script type=\"application\/ld+json\" class=\"yoast-schema-graph\">{\"@context\":\"https:\/\/schema.org\",\"@graph\":[{\"@type\":\"WebPage\",\"@id\":\"https:\/\/swissmilitarywatches.ch\/de\/shop\/swiss-military-sm34107-10-klassischer-chronograph-schwarz-leder\/\",\"url\":\"https:\/\/swissmilitarywatches.ch\/de\/shop\/swiss-military-sm34107-10-klassischer-chronograph-schwarz-leder\/\",\"name\":\"Swiss Military SM34107.10 - Klassischer Chronograph Schwarz Leder\",\"isPartOf\":{\"@id\":\"https:\/\/swissmilitarywatches.ch\/de\/#website\"},\"primaryImageOfPage\":{\"@id\":\"https:\/\/swissmilitarywatches.ch\/de\/shop\/swiss-military-sm34107-10-klassischer-chronograph-schwarz-leder\/#primaryimage\"},\"image\":{\"@id\":\"https:\/\/swissmilitarywatches.ch\/de\/shop\/swiss-military-sm34107-10-klassischer-chronograph-schwarz-leder\/#primaryimage\"},\"thumbnailUrl\":\"https:\/\/swissmilitarywatches.ch\/wp-content\/uploads\/2024\/12\/SM34107.10.png\",\"datePublished\":\"2024-12-11T06:42:47+00:00\",\"dateModified\":\"2025-11-23T22:01:37+00:00\",\"description\":\"Swiss Military SM34107.10 Klassischer Chronograph mit schwarzem Sonnenschliff-Zifferblatt, Edelstahlgeh\u00e4use, Schweizer Uhrwerk und schwarzem Lederarmband. 5 Jahre Garantie.\",\"breadcrumb\":{\"@id\":\"https:\/\/swissmilitarywatches.ch\/de\/shop\/swiss-military-sm34107-10-klassischer-chronograph-schwarz-leder\/#breadcrumb\"},\"inLanguage\":\"de\",\"potentialAction\":[{\"@type\":\"ReadAction\",\"target\":[\"https:\/\/swissmilitarywatches.ch\/de\/shop\/swiss-military-sm34107-10-klassischer-chronograph-schwarz-leder\/\"]}]},{\"@type\":\"ImageObject\",\"inLanguage\":\"de\",\"@id\":\"https:\/\/swissmilitarywatches.ch\/de\/shop\/swiss-military-sm34107-10-klassischer-chronograph-schwarz-leder\/#primaryimage\",\"url\":\"https:\/\/swissmilitarywatches.ch\/wp-content\/uploads\/2024\/12\/SM34107.10.png\",\"contentUrl\":\"https:\/\/swissmilitarywatches.ch\/wp-content\/uploads\/2024\/12\/SM34107.10.png\",\"width\":1300,\"height\":1642,\"caption\":\"Swiss Military SM34107.10 - Classic Chronograph Watch featuring a refined black dial and sleek black leather strap for timeless elegance.\"},{\"@type\":\"BreadcrumbList\",\"@id\":\"https:\/\/swissmilitarywatches.ch\/de\/shop\/swiss-military-sm34107-10-klassischer-chronograph-schwarz-leder\/#breadcrumb\",\"itemListElement\":[{\"@type\":\"ListItem\",\"position\":1,\"name\":\"Home\",\"item\":\"https:\/\/swissmilitarywatches.ch\/de\/home\/\"},{\"@type\":\"ListItem\",\"position\":2,\"name\":\"Shop\",\"item\":\"https:\/\/swissmilitarywatches.ch\/de\/shop\/\"},{\"@type\":\"ListItem\",\"position\":3,\"name\":\"Alle Uhren\",\"item\":\"https:\/\/swissmilitarywatches.ch\/de\/produkt-kategorie\/alle-uhren\/\"},{\"@type\":\"ListItem\",\"position\":4,\"name\":\"Herrenuhren\",\"item\":\"https:\/\/swissmilitarywatches.ch\/de\/produkt-kategorie\/alle-uhren\/herrenuhren\/\"},{\"@type\":\"ListItem\",\"position\":5,\"name\":\"Chronographen\",\"item\":\"https:\/\/swissmilitarywatches.ch\/de\/produkt-kategorie\/alle-uhren\/herrenuhren\/chronographen\/\"},{\"@type\":\"ListItem\",\"position\":6,\"name\":\"Swiss Military SM34107.10 &#8211; Klassischer Chronograph Schwarz Leder\"}]},{\"@type\":\"WebSite\",\"@id\":\"https:\/\/swissmilitarywatches.ch\/de\/#website\",\"url\":\"https:\/\/swissmilitarywatches.ch\/de\/\",\"name\":\"Swiss Military by Chrono\",\"description\":\"Official Licensed Product of the Swiss Confederation\",\"publisher\":{\"@id\":\"https:\/\/swissmilitarywatches.ch\/de\/#organization\"},\"potentialAction\":[{\"@type\":\"SearchAction\",\"target\":{\"@type\":\"EntryPoint\",\"urlTemplate\":\"https:\/\/swissmilitarywatches.ch\/de\/?s={search_term_string}\"},\"query-input\":{\"@type\":\"PropertyValueSpecification\",\"valueRequired\":true,\"valueName\":\"search_term_string\"}}],\"inLanguage\":\"de\"},{\"@type\":\"Organization\",\"@id\":\"https:\/\/swissmilitarywatches.ch\/de\/#organization\",\"name\":\"Swiss Military by Chrono\",\"url\":\"https:\/\/swissmilitarywatches.ch\/de\/\",\"logo\":{\"@type\":\"ImageObject\",\"inLanguage\":\"de\",\"@id\":\"https:\/\/swissmilitarywatches.ch\/de\/#\/schema\/logo\/image\/\",\"url\":\"https:\/\/swissmilitarywatches.ch\/wp-content\/uploads\/2020\/04\/cropped-SM_logo_512x512px.jpg\",\"contentUrl\":\"https:\/\/swissmilitarywatches.ch\/wp-content\/uploads\/2020\/04\/cropped-SM_logo_512x512px.jpg\",\"width\":512,\"height\":512,\"caption\":\"Swiss Military by Chrono\"},\"image\":{\"@id\":\"https:\/\/swissmilitarywatches.ch\/de\/#\/schema\/logo\/image\/\"},\"sameAs\":[\"https:\/\/m.facebook.com\/swissmilitarybychronoofficial\/\",\"https:\/\/www.instagram.com\/swissmilitarybychrono\/\",\"https:\/\/www.pinterest.ch\/swissmilitarybychrono\/\"]}]}<\/script>\n<meta property=\"product:brand\" content=\"Swiss Military by Chrono\" \/>\n<meta property=\"product:price:amount\" content=\"349.00\" \/>\n<meta property=\"product:price:currency\" content=\"EUR\" \/>\n<meta property=\"og:availability\" content=\"instock\" \/>\n<meta property=\"product:availability\" content=\"instock\" \/>\n<meta property=\"product:retailer_item_id\" content=\"SM34107.10\" \/>\n<meta property=\"product:condition\" content=\"new\" \/>\n<!-- \/ Yoast SEO Premium plugin. -->","yoast_head_json":{"title":"Swiss Military SM34107.10 - Klassischer Chronograph Schwarz Leder","description":"Swiss Military SM34107.10 Klassischer Chronograph mit schwarzem Sonnenschliff-Zifferblatt, Edelstahlgeh\u00e4use, Schweizer Uhrwerk und schwarzem Lederarmband. 5 Jahre Garantie.","robots":{"index":"index","follow":"follow","max-snippet":"max-snippet:-1","max-image-preview":"max-image-preview:large","max-video-preview":"max-video-preview:-1"},"canonical":"https:\/\/swissmilitarywatches.ch\/de\/shop\/swiss-military-sm34107-10-klassischer-chronograph-schwarz-leder\/","og_locale":"de_DE","og_type":"article","og_title":"Swiss Military SM34107.10 - Klassischer Chronograph Schwarz Leder","og_description":"Swiss Military SM34107.10 Klassischer Chronograph mit schwarzem Sonnenschliff-Zifferblatt, Edelstahlgeh\u00e4use, Schweizer Uhrwerk und schwarzem Lederarmband. 5 Jahre Garantie.","og_url":"https:\/\/swissmilitarywatches.ch\/de\/shop\/swiss-military-sm34107-10-klassischer-chronograph-schwarz-leder\/","og_site_name":"Swiss Military by Chrono","article_publisher":"https:\/\/m.facebook.com\/swissmilitarybychronoofficial\/","article_modified_time":"2025-11-23T22:01:37+00:00","og_image":[{"width":1300,"height":1642,"url":"https:\/\/swissmilitarywatches.ch\/wp-content\/uploads\/2024\/12\/SM34107.10.png","type":"image\/png"}],"twitter_card":"summary_large_image","twitter_misc":{"Preis":"&euro;349.00 inkl. MwSt.","Verf\u00fcgbarkeit":"Auf Lager"},"schema":{"@context":"https:\/\/schema.org","@graph":[{"@type":"WebPage","@id":"https:\/\/swissmilitarywatches.ch\/de\/shop\/swiss-military-sm34107-10-klassischer-chronograph-schwarz-leder\/","url":"https:\/\/swissmilitarywatches.ch\/de\/shop\/swiss-military-sm34107-10-klassischer-chronograph-schwarz-leder\/","name":"Swiss Military SM34107.10 - Klassischer Chronograph Schwarz Leder","isPartOf":{"@id":"https:\/\/swissmilitarywatches.ch\/de\/#website"},"primaryImageOfPage":{"@id":"https:\/\/swissmilitarywatches.ch\/de\/shop\/swiss-military-sm34107-10-klassischer-chronograph-schwarz-leder\/#primaryimage"},"image":{"@id":"https:\/\/swissmilitarywatches.ch\/de\/shop\/swiss-military-sm34107-10-klassischer-chronograph-schwarz-leder\/#primaryimage"},"thumbnailUrl":"https:\/\/swissmilitarywatches.ch\/wp-content\/uploads\/2024\/12\/SM34107.10.png","datePublished":"2024-12-11T06:42:47+00:00","dateModified":"2025-11-23T22:01:37+00:00","description":"Swiss Military SM34107.10 Klassischer Chronograph mit schwarzem Sonnenschliff-Zifferblatt, Edelstahlgeh\u00e4use, Schweizer Uhrwerk und schwarzem Lederarmband. 5 Jahre Garantie.","breadcrumb":{"@id":"https:\/\/swissmilitarywatches.ch\/de\/shop\/swiss-military-sm34107-10-klassischer-chronograph-schwarz-leder\/#breadcrumb"},"inLanguage":"de","potentialAction":[{"@type":"ReadAction","target":["https:\/\/swissmilitarywatches.ch\/de\/shop\/swiss-military-sm34107-10-klassischer-chronograph-schwarz-leder\/"]}]},{"@type":"ImageObject","inLanguage":"de","@id":"https:\/\/swissmilitarywatches.ch\/de\/shop\/swiss-military-sm34107-10-klassischer-chronograph-schwarz-leder\/#primaryimage","url":"https:\/\/swissmilitarywatches.ch\/wp-content\/uploads\/2024\/12\/SM34107.10.png","contentUrl":"https:\/\/swissmilitarywatches.ch\/wp-content\/uploads\/2024\/12\/SM34107.10.png","width":1300,"height":1642,"caption":"Swiss Military SM34107.10 - Classic Chronograph Watch featuring a refined black dial and sleek black leather strap for timeless elegance."},{"@type":"BreadcrumbList","@id":"https:\/\/swissmilitarywatches.ch\/de\/shop\/swiss-military-sm34107-10-klassischer-chronograph-schwarz-leder\/#breadcrumb","itemListElement":[{"@type":"ListItem","position":1,"name":"Home","item":"https:\/\/swissmilitarywatches.ch\/de\/home\/"},{"@type":"ListItem","position":2,"name":"Shop","item":"https:\/\/swissmilitarywatches.ch\/de\/shop\/"},{"@type":"ListItem","position":3,"name":"Alle Uhren","item":"https:\/\/swissmilitarywatches.ch\/de\/produkt-kategorie\/alle-uhren\/"},{"@type":"ListItem","position":4,"name":"Herrenuhren","item":"https:\/\/swissmilitarywatches.ch\/de\/produkt-kategorie\/alle-uhren\/herrenuhren\/"},{"@type":"ListItem","position":5,"name":"Chronographen","item":"https:\/\/swissmilitarywatches.ch\/de\/produkt-kategorie\/alle-uhren\/herrenuhren\/chronographen\/"},{"@type":"ListItem","position":6,"name":"Swiss Military SM34107.10 &#8211; Klassischer Chronograph Schwarz Leder"}]},{"@type":"WebSite","@id":"https:\/\/swissmilitarywatches.ch\/de\/#website","url":"https:\/\/swissmilitarywatches.ch\/de\/","name":"Swiss Military by Chrono","description":"Official Licensed Product of the Swiss Confederation","publisher":{"@id":"https:\/\/swissmilitarywatches.ch\/de\/#organization"},"potentialAction":[{"@type":"SearchAction","target":{"@type":"EntryPoint","urlTemplate":"https:\/\/swissmilitarywatches.ch\/de\/?s={search_term_string}"},"query-input":{"@type":"PropertyValueSpecification","valueRequired":true,"valueName":"search_term_string"}}],"inLanguage":"de"},{"@type":"Organization","@id":"https:\/\/swissmilitarywatches.ch\/de\/#organization","name":"Swiss Military by Chrono","url":"https:\/\/swissmilitarywatches.ch\/de\/","logo":{"@type":"ImageObject","inLanguage":"de","@id":"https:\/\/swissmilitarywatches.ch\/de\/#\/schema\/logo\/image\/","url":"https:\/\/swissmilitarywatches.ch\/wp-content\/uploads\/2020\/04\/cropped-SM_logo_512x512px.jpg","contentUrl":"https:\/\/swissmilitarywatches.ch\/wp-content\/uploads\/2020\/04\/cropped-SM_logo_512x512px.jpg","width":512,"height":512,"caption":"Swiss Military by Chrono"},"image":{"@id":"https:\/\/swissmilitarywatches.ch\/de\/#\/schema\/logo\/image\/"},"sameAs":["https:\/\/m.facebook.com\/swissmilitarybychronoofficial\/","https:\/\/www.instagram.com\/swissmilitarybychrono\/","https:\/\/www.pinterest.ch\/swissmilitarybychrono\/"]}]},"product_brand":"Swiss Military by Chrono","product_price_amount":"349.00","product_price_currency":"EUR","og_availability":"instock","product_availability":"instock","product_retailer_item_id":"SM34107.10","product_condition":"new"},"jetpack_sharing_enabled":true,"_links":{"self":[{"href":"https:\/\/swissmilitarywatches.ch\/de\/wp-json\/wp\/v2\/product\/21111","targetHints":{"allow":["GET"]}}],"collection":[{"href":"https:\/\/swissmilitarywatches.ch\/de\/wp-json\/wp\/v2\/product"}],"about":[{"href":"https:\/\/swissmilitarywatches.ch\/de\/wp-json\/wp\/v2\/types\/product"}],"replies":[{"embeddable":true,"href":"https:\/\/swissmilitarywatches.ch\/de\/wp-json\/wp\/v2\/comments?post=21111"}],"wp:featuredmedia":[{"embeddable":true,"href":"https:\/\/swissmilitarywatches.ch\/de\/wp-json\/wp\/v2\/media\/21018"}],"wp:attachment":[{"href":"https:\/\/swissmilitarywatches.ch\/de\/wp-json\/wp\/v2\/media?parent=21111"}],"wp:term":[{"taxonomy":"product_brand","embeddable":true,"href":"https:\/\/swissmilitarywatches.ch\/de\/wp-json\/wp\/v2\/product_brand?post=21111"},{"taxonomy":"product_cat","embeddable":true,"href":"https:\/\/swissmilitarywatches.ch\/de\/wp-json\/wp\/v2\/product_cat?post=21111"},{"taxonomy":"product_tag","embeddable":true,"href":"https:\/\/swissmilitarywatches.ch\/de\/wp-json\/wp\/v2\/product_tag?post=21111"}],"curies":[{"name":"wp","href":"https:\/\/api.w.org\/{rel}","templated":true}]}}