{"id":18607,"date":"2024-01-18T12:17:34","date_gmt":"2024-01-18T15:35:19","guid":{"rendered":"https:\/\/swissmilitarywatches.ch\/shop\/swiss-military-sma34106-04-automatik-taucheruhr-200\/"},"modified":"2025-11-24T00:01:27","modified_gmt":"2025-11-23T22:01:27","slug":"swiss-military-sma34106-04-automatic-dive-watch-200-de","status":"publish","type":"product","link":"https:\/\/swissmilitarywatches.ch\/de\/shop\/swiss-military-sma34106-04-automatic-dive-watch-200-de\/","title":{"rendered":"Swiss Military SMA34106.04 &#8211; Automatik Taucheruhr 200"},"content":{"rendered":"<p><span style=\"font-size: 100%;\">Treten Sie ein in das Reich unserer SMA34106 Automatic Dive Watch 200, die mit der Eleganz der Schweizer Handwerkskunst und dem Geist des Ozeans gefertigt wurde. Die gew\u00f6lbte, einseitig drehbare L\u00fcnette aus Saphir mit gr\u00fcnen Leuchtziffern verleiht der Uhr eine beeindruckende \u00c4sthetik, Funktionalit\u00e4t und Robustheit. Die aus PVD-beschichtetem Edelstahl gefertigte und mit einer verschraubten Krone ausgestattete Herren-Taucheruhr stellt sich den Herausforderungen der Unterwasserwelt, aber auch des Gro\u00dfstadtdschungels. Das schwarze Zifferblatt, das mit goldenen Leuchtzeigern und -Indizes versehen ist, wird von einem entspiegelten und kratzfesten Saphirglas gesch\u00fctzt. Mit einem Durchmesser von 41,5 mm bietet diese Herren-Taucheruhr das ideale Gleichgewicht zwischen Gr\u00f6\u00dfe und Komfort. Der transparente Geh\u00e4useboden gew\u00e4hrt einen subtilen Einblick in die Schweizer Uhrmacherkunst. F\u00fcr diejenigen, die eine st\u00e4rkere Bindung zu ihrem Zeitmesser suchen, ist die SMA34106 Automatik Taucheruhr 200 auch in einer Open-Heart-Version erh\u00e4ltlich.<\/span><\/p>\n<p><span style=\"font-size: 100%;\">Dar\u00fcber hinaus ist diese Schweizer Uhr vollgepackt mit hochwertigen Funktionen, die einer milit\u00e4rischen Taucheruhr angemessen sind. Das Geh\u00e4use und das Band dieses Modells sind aus robustem Edelstahl gefertigt. Die SMA34106 Automatik-Taucheruhr 200 wird von einem Schweizer Automatikwerk angetrieben und in unserer <a href=\"https:\/\/swissmilitarywatches.ch\/de\/die-marke\/\">hauseigenen Uhrenmanufaktur<\/a> von Hand zusammengesetzt. Als Versprechen unserer Swiss-Military-Swiss-Made-Qualit\u00e4t gilt f\u00fcr diese Uhr eine <a href=\"https:\/\/swissmilitarywatches.ch\/de\/garantie\/\">internationale Garantie von 5 Jahren<\/a>.<\/span><\/p>\n","protected":false},"excerpt":{"rendered":"<h2><span style=\"font-size: 80%;\">Dive in Style: Schweizer Handwerkskunst trifft auf den Spirit des Meeres<\/span><\/h2>\n<p>Die SMA34106 Automatik-Tauchuhr 200 verbindet Eleganz mit Tiefe. Ob beim Tauchen im Ozean oder beim Navigieren im Gro\u00dfstadtdschungel, dieser Zeitmesser ist ein vielseitiger Begleiter f\u00fcr alle, die sowohl Stil als auch Substanz verlangen. Dar\u00fcber hinaus ist diese Automatikuhr f\u00fcr Herren mit all unseren Schweizer Qualit\u00e4tsmerkmalen ausgestattet:<\/p>\n<ul>\n<li>Einseitig drehbare, gew\u00f6lbte Saphir-L\u00fcnette mit Leuchtziffern<\/li>\n<li>Antireflektierendes und kratzfestes Saphirglas<\/li>\n<li>Verschraubte Krone<\/li>\n<li>Wasserdichtigkeit bis zu 200M\/20ATM<\/li>\n<li>Geh\u00e4use und Armband aus Edelstahl<\/li>\n<li>Swiss-made in-house Produktion<\/li>\n<li>Mechanisches Swiss-Made-Uhrwerk<\/li>\n<li>5 Jahre internationale Garantie<\/li>\n<\/ul>\n","protected":false},"featured_media":18185,"comment_status":"open","ping_status":"closed","template":"","meta":[],"product_brand":[],"product_cat":[2858,1604,1607,1605,2131],"product_tag":[],"class_list":{"0":"post-18607","1":"product","2":"type-product","3":"status-publish","4":"has-post-thumbnail","6":"product_cat-sma34106-de","7":"product_cat-alle-uhren","8":"product_cat-herrenuhren","9":"product_cat-mechanische-uhren","10":"product_cat-uhren-mit-sonderfunktion","11":"product_shipping_class-flexible-shipping-de","13":"first","14":"instock","15":"taxable","16":"shipping-taxable","17":"purchasable","18":"product-type-simple"},"yoast_head":"<!-- This site is optimized with the Yoast SEO Premium plugin v26.6 (Yoast SEO v26.6) - https:\/\/yoast.com\/wordpress\/plugins\/seo\/ -->\n<title>Swiss Military SMA34106.04 - Automatik Taucheruhr 200 - Swiss Military by Chrono<\/title>\n<meta name=\"description\" content=\"Automatik-Tauchuhr 200 mit leuchtender, einseitig drehbarer, gew\u00f6lbter Saphir-L\u00fcnette. Schweizer Pr\u00e4zision, wasserdicht bis zu 200m, 5-Jahres-Garantie!\" \/>\n<meta name=\"robots\" content=\"index, follow, max-snippet:-1, max-image-preview:large, max-video-preview:-1\" \/>\n<link rel=\"canonical\" href=\"https:\/\/swissmilitarywatches.ch\/de\/shop\/swiss-military-sma34106-04-automatic-dive-watch-200-de\/\" \/>\n<meta property=\"og:locale\" content=\"de_DE\" \/>\n<meta property=\"og:type\" content=\"article\" \/>\n<meta property=\"og:title\" content=\"Swiss Military SMA34106.04 - Automatik Taucheruhr 200\" \/>\n<meta property=\"og:description\" content=\"Automatik-Tauchuhr 200 mit leuchtender, einseitig drehbarer, gew\u00f6lbter Saphir-L\u00fcnette. Schweizer Pr\u00e4zision, wasserdicht bis zu 200m, 5-Jahres-Garantie!\" \/>\n<meta property=\"og:url\" content=\"https:\/\/swissmilitarywatches.ch\/de\/shop\/swiss-military-sma34106-04-automatic-dive-watch-200-de\/\" \/>\n<meta property=\"og:site_name\" content=\"Swiss Military by Chrono\" \/>\n<meta property=\"article:publisher\" content=\"https:\/\/m.facebook.com\/swissmilitarybychronoofficial\/\" \/>\n<meta property=\"article:modified_time\" content=\"2025-11-23T22:01:27+00:00\" \/>\n<meta property=\"og:image\" content=\"https:\/\/swissmilitarywatches.ch\/wp-content\/uploads\/2024\/01\/SMA34106.04.png\" \/>\n\t<meta property=\"og:image:width\" content=\"1300\" \/>\n\t<meta property=\"og:image:height\" content=\"1642\" \/>\n\t<meta property=\"og:image:type\" content=\"image\/png\" \/>\n<meta name=\"twitter:card\" content=\"summary_large_image\" \/>\n<meta name=\"twitter:label1\" content=\"Preis\" \/>\n\t<meta name=\"twitter:data1\" content=\"&euro;899.00 inkl. MwSt.\" \/>\n\t<meta name=\"twitter:label2\" content=\"Verf\u00fcgbarkeit\" \/>\n\t<meta name=\"twitter:data2\" content=\"Auf Lager\" \/>\n<script type=\"application\/ld+json\" class=\"yoast-schema-graph\">{\"@context\":\"https:\/\/schema.org\",\"@graph\":[{\"@type\":\"WebPage\",\"@id\":\"https:\/\/swissmilitarywatches.ch\/de\/shop\/swiss-military-sma34106-04-automatic-dive-watch-200-de\/\",\"url\":\"https:\/\/swissmilitarywatches.ch\/de\/shop\/swiss-military-sma34106-04-automatic-dive-watch-200-de\/\",\"name\":\"Swiss Military SMA34106.04 - Automatik Taucheruhr 200 - Swiss Military by Chrono\",\"isPartOf\":{\"@id\":\"https:\/\/swissmilitarywatches.ch\/de\/#website\"},\"primaryImageOfPage\":{\"@id\":\"https:\/\/swissmilitarywatches.ch\/de\/shop\/swiss-military-sma34106-04-automatic-dive-watch-200-de\/#primaryimage\"},\"image\":{\"@id\":\"https:\/\/swissmilitarywatches.ch\/de\/shop\/swiss-military-sma34106-04-automatic-dive-watch-200-de\/#primaryimage\"},\"thumbnailUrl\":\"https:\/\/swissmilitarywatches.ch\/wp-content\/uploads\/2024\/01\/SMA34106.04.png\",\"datePublished\":\"2024-01-18T15:35:19+00:00\",\"dateModified\":\"2025-11-23T22:01:27+00:00\",\"description\":\"Automatik-Tauchuhr 200 mit leuchtender, einseitig drehbarer, gew\u00f6lbter Saphir-L\u00fcnette. Schweizer Pr\u00e4zision, wasserdicht bis zu 200m, 5-Jahres-Garantie!\",\"breadcrumb\":{\"@id\":\"https:\/\/swissmilitarywatches.ch\/de\/shop\/swiss-military-sma34106-04-automatic-dive-watch-200-de\/#breadcrumb\"},\"inLanguage\":\"de\",\"potentialAction\":[{\"@type\":\"ReadAction\",\"target\":[\"https:\/\/swissmilitarywatches.ch\/de\/shop\/swiss-military-sma34106-04-automatic-dive-watch-200-de\/\"]}]},{\"@type\":\"ImageObject\",\"inLanguage\":\"de\",\"@id\":\"https:\/\/swissmilitarywatches.ch\/de\/shop\/swiss-military-sma34106-04-automatic-dive-watch-200-de\/#primaryimage\",\"url\":\"https:\/\/swissmilitarywatches.ch\/wp-content\/uploads\/2024\/01\/SMA34106.04.png\",\"contentUrl\":\"https:\/\/swissmilitarywatches.ch\/wp-content\/uploads\/2024\/01\/SMA34106.04.png\",\"width\":1300,\"height\":1642,\"caption\":\"Swiss Military SMS34106.04 - Automatic Dive Watch 200\"},{\"@type\":\"BreadcrumbList\",\"@id\":\"https:\/\/swissmilitarywatches.ch\/de\/shop\/swiss-military-sma34106-04-automatic-dive-watch-200-de\/#breadcrumb\",\"itemListElement\":[{\"@type\":\"ListItem\",\"position\":1,\"name\":\"Home\",\"item\":\"https:\/\/swissmilitarywatches.ch\/de\/home\/\"},{\"@type\":\"ListItem\",\"position\":2,\"name\":\"Shop\",\"item\":\"https:\/\/swissmilitarywatches.ch\/de\/shop\/\"},{\"@type\":\"ListItem\",\"position\":3,\"name\":\"Alle Uhren\",\"item\":\"https:\/\/swissmilitarywatches.ch\/de\/produkt-kategorie\/alle-uhren\/\"},{\"@type\":\"ListItem\",\"position\":4,\"name\":\"Herrenuhren\",\"item\":\"https:\/\/swissmilitarywatches.ch\/de\/produkt-kategorie\/alle-uhren\/herrenuhren\/\"},{\"@type\":\"ListItem\",\"position\":5,\"name\":\"Mechanische Uhren\",\"item\":\"https:\/\/swissmilitarywatches.ch\/de\/produkt-kategorie\/alle-uhren\/herrenuhren\/mechanische-uhren\/\"},{\"@type\":\"ListItem\",\"position\":6,\"name\":\"Swiss Military SMA34106.04 &#8211; Automatik Taucheruhr 200\"}]},{\"@type\":\"WebSite\",\"@id\":\"https:\/\/swissmilitarywatches.ch\/de\/#website\",\"url\":\"https:\/\/swissmilitarywatches.ch\/de\/\",\"name\":\"Swiss Military by Chrono\",\"description\":\"Official Licensed Product of the Swiss Confederation\",\"publisher\":{\"@id\":\"https:\/\/swissmilitarywatches.ch\/de\/#organization\"},\"potentialAction\":[{\"@type\":\"SearchAction\",\"target\":{\"@type\":\"EntryPoint\",\"urlTemplate\":\"https:\/\/swissmilitarywatches.ch\/de\/?s={search_term_string}\"},\"query-input\":{\"@type\":\"PropertyValueSpecification\",\"valueRequired\":true,\"valueName\":\"search_term_string\"}}],\"inLanguage\":\"de\"},{\"@type\":\"Organization\",\"@id\":\"https:\/\/swissmilitarywatches.ch\/de\/#organization\",\"name\":\"Swiss Military by Chrono\",\"url\":\"https:\/\/swissmilitarywatches.ch\/de\/\",\"logo\":{\"@type\":\"ImageObject\",\"inLanguage\":\"de\",\"@id\":\"https:\/\/swissmilitarywatches.ch\/de\/#\/schema\/logo\/image\/\",\"url\":\"https:\/\/swissmilitarywatches.ch\/wp-content\/uploads\/2020\/04\/cropped-SM_logo_512x512px.jpg\",\"contentUrl\":\"https:\/\/swissmilitarywatches.ch\/wp-content\/uploads\/2020\/04\/cropped-SM_logo_512x512px.jpg\",\"width\":512,\"height\":512,\"caption\":\"Swiss Military by Chrono\"},\"image\":{\"@id\":\"https:\/\/swissmilitarywatches.ch\/de\/#\/schema\/logo\/image\/\"},\"sameAs\":[\"https:\/\/m.facebook.com\/swissmilitarybychronoofficial\/\",\"https:\/\/www.instagram.com\/swissmilitarybychrono\/\",\"https:\/\/www.pinterest.ch\/swissmilitarybychrono\/\"]}]}<\/script>\n<meta property=\"product:brand\" content=\"Swiss Military by Chrono\" \/>\n<meta property=\"product:price:amount\" content=\"899.00\" \/>\n<meta property=\"product:price:currency\" content=\"EUR\" \/>\n<meta property=\"og:availability\" content=\"instock\" \/>\n<meta property=\"product:availability\" content=\"instock\" \/>\n<meta property=\"product:retailer_item_id\" content=\"SMA34106.04\" \/>\n<meta property=\"product:condition\" content=\"new\" \/>\n<!-- \/ Yoast SEO Premium plugin. -->","yoast_head_json":{"title":"Swiss Military SMA34106.04 - Automatik Taucheruhr 200 - Swiss Military by Chrono","description":"Automatik-Tauchuhr 200 mit leuchtender, einseitig drehbarer, gew\u00f6lbter Saphir-L\u00fcnette. Schweizer Pr\u00e4zision, wasserdicht bis zu 200m, 5-Jahres-Garantie!","robots":{"index":"index","follow":"follow","max-snippet":"max-snippet:-1","max-image-preview":"max-image-preview:large","max-video-preview":"max-video-preview:-1"},"canonical":"https:\/\/swissmilitarywatches.ch\/de\/shop\/swiss-military-sma34106-04-automatic-dive-watch-200-de\/","og_locale":"de_DE","og_type":"article","og_title":"Swiss Military SMA34106.04 - Automatik Taucheruhr 200","og_description":"Automatik-Tauchuhr 200 mit leuchtender, einseitig drehbarer, gew\u00f6lbter Saphir-L\u00fcnette. Schweizer Pr\u00e4zision, wasserdicht bis zu 200m, 5-Jahres-Garantie!","og_url":"https:\/\/swissmilitarywatches.ch\/de\/shop\/swiss-military-sma34106-04-automatic-dive-watch-200-de\/","og_site_name":"Swiss Military by Chrono","article_publisher":"https:\/\/m.facebook.com\/swissmilitarybychronoofficial\/","article_modified_time":"2025-11-23T22:01:27+00:00","og_image":[{"width":1300,"height":1642,"url":"https:\/\/swissmilitarywatches.ch\/wp-content\/uploads\/2024\/01\/SMA34106.04.png","type":"image\/png"}],"twitter_card":"summary_large_image","twitter_misc":{"Preis":"&euro;899.00 inkl. MwSt.","Verf\u00fcgbarkeit":"Auf Lager"},"schema":{"@context":"https:\/\/schema.org","@graph":[{"@type":"WebPage","@id":"https:\/\/swissmilitarywatches.ch\/de\/shop\/swiss-military-sma34106-04-automatic-dive-watch-200-de\/","url":"https:\/\/swissmilitarywatches.ch\/de\/shop\/swiss-military-sma34106-04-automatic-dive-watch-200-de\/","name":"Swiss Military SMA34106.04 - Automatik Taucheruhr 200 - Swiss Military by Chrono","isPartOf":{"@id":"https:\/\/swissmilitarywatches.ch\/de\/#website"},"primaryImageOfPage":{"@id":"https:\/\/swissmilitarywatches.ch\/de\/shop\/swiss-military-sma34106-04-automatic-dive-watch-200-de\/#primaryimage"},"image":{"@id":"https:\/\/swissmilitarywatches.ch\/de\/shop\/swiss-military-sma34106-04-automatic-dive-watch-200-de\/#primaryimage"},"thumbnailUrl":"https:\/\/swissmilitarywatches.ch\/wp-content\/uploads\/2024\/01\/SMA34106.04.png","datePublished":"2024-01-18T15:35:19+00:00","dateModified":"2025-11-23T22:01:27+00:00","description":"Automatik-Tauchuhr 200 mit leuchtender, einseitig drehbarer, gew\u00f6lbter Saphir-L\u00fcnette. Schweizer Pr\u00e4zision, wasserdicht bis zu 200m, 5-Jahres-Garantie!","breadcrumb":{"@id":"https:\/\/swissmilitarywatches.ch\/de\/shop\/swiss-military-sma34106-04-automatic-dive-watch-200-de\/#breadcrumb"},"inLanguage":"de","potentialAction":[{"@type":"ReadAction","target":["https:\/\/swissmilitarywatches.ch\/de\/shop\/swiss-military-sma34106-04-automatic-dive-watch-200-de\/"]}]},{"@type":"ImageObject","inLanguage":"de","@id":"https:\/\/swissmilitarywatches.ch\/de\/shop\/swiss-military-sma34106-04-automatic-dive-watch-200-de\/#primaryimage","url":"https:\/\/swissmilitarywatches.ch\/wp-content\/uploads\/2024\/01\/SMA34106.04.png","contentUrl":"https:\/\/swissmilitarywatches.ch\/wp-content\/uploads\/2024\/01\/SMA34106.04.png","width":1300,"height":1642,"caption":"Swiss Military SMS34106.04 - Automatic Dive Watch 200"},{"@type":"BreadcrumbList","@id":"https:\/\/swissmilitarywatches.ch\/de\/shop\/swiss-military-sma34106-04-automatic-dive-watch-200-de\/#breadcrumb","itemListElement":[{"@type":"ListItem","position":1,"name":"Home","item":"https:\/\/swissmilitarywatches.ch\/de\/home\/"},{"@type":"ListItem","position":2,"name":"Shop","item":"https:\/\/swissmilitarywatches.ch\/de\/shop\/"},{"@type":"ListItem","position":3,"name":"Alle Uhren","item":"https:\/\/swissmilitarywatches.ch\/de\/produkt-kategorie\/alle-uhren\/"},{"@type":"ListItem","position":4,"name":"Herrenuhren","item":"https:\/\/swissmilitarywatches.ch\/de\/produkt-kategorie\/alle-uhren\/herrenuhren\/"},{"@type":"ListItem","position":5,"name":"Mechanische Uhren","item":"https:\/\/swissmilitarywatches.ch\/de\/produkt-kategorie\/alle-uhren\/herrenuhren\/mechanische-uhren\/"},{"@type":"ListItem","position":6,"name":"Swiss Military SMA34106.04 &#8211; Automatik Taucheruhr 200"}]},{"@type":"WebSite","@id":"https:\/\/swissmilitarywatches.ch\/de\/#website","url":"https:\/\/swissmilitarywatches.ch\/de\/","name":"Swiss Military by Chrono","description":"Official Licensed Product of the Swiss Confederation","publisher":{"@id":"https:\/\/swissmilitarywatches.ch\/de\/#organization"},"potentialAction":[{"@type":"SearchAction","target":{"@type":"EntryPoint","urlTemplate":"https:\/\/swissmilitarywatches.ch\/de\/?s={search_term_string}"},"query-input":{"@type":"PropertyValueSpecification","valueRequired":true,"valueName":"search_term_string"}}],"inLanguage":"de"},{"@type":"Organization","@id":"https:\/\/swissmilitarywatches.ch\/de\/#organization","name":"Swiss Military by Chrono","url":"https:\/\/swissmilitarywatches.ch\/de\/","logo":{"@type":"ImageObject","inLanguage":"de","@id":"https:\/\/swissmilitarywatches.ch\/de\/#\/schema\/logo\/image\/","url":"https:\/\/swissmilitarywatches.ch\/wp-content\/uploads\/2020\/04\/cropped-SM_logo_512x512px.jpg","contentUrl":"https:\/\/swissmilitarywatches.ch\/wp-content\/uploads\/2020\/04\/cropped-SM_logo_512x512px.jpg","width":512,"height":512,"caption":"Swiss Military by Chrono"},"image":{"@id":"https:\/\/swissmilitarywatches.ch\/de\/#\/schema\/logo\/image\/"},"sameAs":["https:\/\/m.facebook.com\/swissmilitarybychronoofficial\/","https:\/\/www.instagram.com\/swissmilitarybychrono\/","https:\/\/www.pinterest.ch\/swissmilitarybychrono\/"]}]},"product_brand":"Swiss Military by Chrono","product_price_amount":"899.00","product_price_currency":"EUR","og_availability":"instock","product_availability":"instock","product_retailer_item_id":"SMA34106.04","product_condition":"new"},"jetpack_sharing_enabled":true,"_links":{"self":[{"href":"https:\/\/swissmilitarywatches.ch\/de\/wp-json\/wp\/v2\/product\/18607","targetHints":{"allow":["GET"]}}],"collection":[{"href":"https:\/\/swissmilitarywatches.ch\/de\/wp-json\/wp\/v2\/product"}],"about":[{"href":"https:\/\/swissmilitarywatches.ch\/de\/wp-json\/wp\/v2\/types\/product"}],"replies":[{"embeddable":true,"href":"https:\/\/swissmilitarywatches.ch\/de\/wp-json\/wp\/v2\/comments?post=18607"}],"wp:featuredmedia":[{"embeddable":true,"href":"https:\/\/swissmilitarywatches.ch\/de\/wp-json\/wp\/v2\/media\/18185"}],"wp:attachment":[{"href":"https:\/\/swissmilitarywatches.ch\/de\/wp-json\/wp\/v2\/media?parent=18607"}],"wp:term":[{"taxonomy":"product_brand","embeddable":true,"href":"https:\/\/swissmilitarywatches.ch\/de\/wp-json\/wp\/v2\/product_brand?post=18607"},{"taxonomy":"product_cat","embeddable":true,"href":"https:\/\/swissmilitarywatches.ch\/de\/wp-json\/wp\/v2\/product_cat?post=18607"},{"taxonomy":"product_tag","embeddable":true,"href":"https:\/\/swissmilitarywatches.ch\/de\/wp-json\/wp\/v2\/product_tag?post=18607"}],"curies":[{"name":"wp","href":"https:\/\/api.w.org\/{rel}","templated":true}]}}