{"id":18493,"date":"2024-01-11T10:09:15","date_gmt":"2024-01-11T08:09:15","guid":{"rendered":"https:\/\/swissmilitarywatches.ch\/shop\/swiss-military-sm34103-01-schweizer-sport-chronographen-uhr\/"},"modified":"2025-11-24T00:01:21","modified_gmt":"2025-11-23T22:01:21","slug":"swiss-military-sm34103-01-swiss-sports-chronograph-watch-de","status":"publish","type":"product","link":"https:\/\/swissmilitarywatches.ch\/de\/shop\/swiss-military-sm34103-01-swiss-sports-chronograph-watch-de\/","title":{"rendered":"Swiss Military SM34103.01 &#8211; Schweizer Sport Chronographen-Uhr"},"content":{"rendered":"<div class=\"w-full text-token-text-primary\" data-testid=\"conversation-turn-99\">\n<div class=\"px-4 py-2 justify-center text-base md:gap-6 m-auto\">\n<div class=\"flex flex-1 text-base mx-auto gap-3 md:px-5 lg:px-1 xl:px-5 md:max-w-3xl lg:max-w-[40rem] xl:max-w-[48rem] group\">\n<div class=\"relative flex w-full flex-col lg:w-[calc(100%-115px)] agent-turn\">\n<div class=\"flex-col gap-1 md:gap-3\">\n<div class=\"flex flex-grow flex-col max-w-full\">\n<div class=\"min-h-[20px] text-message flex flex-col items-start gap-3 whitespace-pre-wrap break-words [.text-message+&amp;]:mt-5 overflow-x-auto\" data-message-author-role=\"assistant\" data-message-id=\"78873620-aa67-476e-a991-ede79fd50f5c\">\n<div class=\"markdown prose w-full break-words dark:prose-invert light\">\n<p>Die Schweizer Sport Chronographen-Uhr SM34103 ist eine dynamische Verschmelzung von Stil und Pr\u00e4zision. Das schwarze Sonnenschliff-Zifferblatt mit wei\u00df leuchtenden Indizes und Zeigern wird durch kratzfestes Saphirglas gesch\u00fctzt. Die Erg\u00e4nzung eines roten Chronographen- Sekundenzeigers verleiht der Uhr einen k\u00fchnen Touch und ein sportliches Aussehen. Die Erg\u00e4nzung eines roten Chronographen- Sekundenzeigers verleiht der Uhr einen k\u00fchnen Touch und ein sportliches Aussehen. Die Uhr ist mit einer farblich abgestimmten schwarzen Drehl\u00fcnette ausgestattet, die f\u00fcr zus\u00e4tzliche Funktionalit\u00e4t sorgt. Mit einer Wasserdichtigkeit von 100 Metern ist diese sportliche Chronographen-Uhr nicht nur ein reiner Zeitmesser, sondern auch ein Statement f\u00fcr dauerhafte Leistung.<\/p>\n<p><span style=\"color: #333333;\">Dar\u00fcber hinaus ist diese Herrenuhr vollgepackt mit hochwertigen Funktionen, die f\u00fcr eine Sportuhr angemessen sind. Das Geh\u00e4use und das Band dieses Modells sind aus robustem Edelstahl gefertigt. Die Swiss Sports Chronographen-Uhr wird von einem Schweizer Uhrwerk angetrieben und in unserer <\/span><a href=\"https:\/\/swissmilitarywatches.ch\/de\/die-marke\/\">hauseigenen Uhrenanufaktur von Hand assembliert.<\/a><span style=\"color: #333333;\">. Als Versprechen f\u00fcr unsere Swiss Military Swiss-made Qualit\u00e4t ist diese Uhr mit einer <\/span><a href=\"https:\/\/swissmilitarywatches.ch\/de\/garantie\/\"><span style=\"color: #333333;\">5-Jahres-Garantie abgedeckt.<\/span><\/a><\/p>\n<\/div>\n<\/div>\n<\/div>\n<\/div>\n<\/div>\n<\/div>\n<\/div>\n<\/div>\n<div class=\"w-full text-token-text-primary\" data-testid=\"conversation-turn-100\">\n<div class=\"px-4 py-2 justify-center text-base md:gap-6 m-auto\">\n<div class=\"flex flex-1 text-base mx-auto gap-3 md:px-5 lg:px-1 xl:px-5 md:max-w-3xl lg:max-w-[40rem] xl:max-w-[48rem] group\">\n<div class=\"flex-shrink-0 flex flex-col relative items-end\">\n<div>\n<div class=\"pt-0.5\">\n<div class=\"gizmo-shadow-stroke flex h-6 w-6 items-center justify-center overflow-hidden rounded-full\"><\/div>\n<\/div>\n<\/div>\n<\/div>\n<\/div>\n<\/div>\n<\/div>\n","protected":false},"excerpt":{"rendered":"<h2>Schweizer Sport Chronographen-Uhr: Stil trifft auf Leistung<\/h2>\n<p>Der SM34103 Chronograph ist nicht nur ein reiner Zeitmesser, sondern auch ein Symbol f\u00fcr Ihren aktiven Lebensstil.<\/p>\n<p>Dar\u00fcber hinaus ist diese Herrenuhr mit allen unseren Swiss Made-Qualit\u00e4tsmerkmalen ausgestattet:<\/p>\n<ul>\n<li>Swiss-made in-house Produktion<\/li>\n<li>Geh\u00e4use und Armband aus Edelstahl<\/li>\n<li>Kratzfestes Saphirglas<\/li>\n<li>Drehbare L\u00fcnette<\/li>\n<li>Wasserdichtigkeit bis zu 100M\/10ATM<\/li>\n<li>Swiss-made Uhrwerk<\/li>\n<li>5 Jahre internationale Garantie<\/li>\n<\/ul>\n","protected":false},"featured_media":18000,"comment_status":"open","ping_status":"closed","template":"","meta":[],"product_brand":[],"product_cat":[2897,1604,1607,1614],"product_tag":[],"class_list":{"0":"post-18493","1":"product","2":"type-product","3":"status-publish","4":"has-post-thumbnail","6":"product_cat-sm34103-de","7":"product_cat-alle-uhren","8":"product_cat-herrenuhren","9":"product_cat-chronographen","10":"product_shipping_class-flexible-shipping-de","12":"first","13":"instock","14":"taxable","15":"shipping-taxable","16":"purchasable","17":"product-type-simple"},"yoast_head":"<!-- This site is optimized with the Yoast SEO Premium plugin v26.6 (Yoast SEO v26.6) - https:\/\/yoast.com\/wordpress\/plugins\/seo\/ -->\n<title>Swiss Military SM34103.01 - Schweizer Sport Chronographen-Uhr<\/title>\n<meta name=\"description\" content=\"Schweizer Sport Chronographen-Uhr f\u00fcr Herren mit schwarzem Zifferblatt, farblich abgestimmter Drehl\u00fcnette und Saphirglas. Swiss Made, 5-Jahres-Garantie\" \/>\n<meta name=\"robots\" content=\"index, follow, max-snippet:-1, max-image-preview:large, max-video-preview:-1\" \/>\n<link rel=\"canonical\" href=\"https:\/\/swissmilitarywatches.ch\/de\/shop\/swiss-military-sm34103-01-swiss-sports-chronograph-watch-de\/\" \/>\n<meta property=\"og:locale\" content=\"de_DE\" \/>\n<meta property=\"og:type\" content=\"article\" \/>\n<meta property=\"og:title\" content=\"Swiss Military SM34103.01 - Schweizer Sport Chronographen-Uhr\" \/>\n<meta property=\"og:description\" content=\"Schweizer Sport Chronographen-Uhr f\u00fcr Herren mit schwarzem Zifferblatt, farblich abgestimmter Drehl\u00fcnette und Saphirglas. Swiss Made, 5-Jahres-Garantie\" \/>\n<meta property=\"og:url\" content=\"https:\/\/swissmilitarywatches.ch\/de\/shop\/swiss-military-sm34103-01-swiss-sports-chronograph-watch-de\/\" \/>\n<meta property=\"og:site_name\" content=\"Swiss Military by Chrono\" \/>\n<meta property=\"article:publisher\" content=\"https:\/\/m.facebook.com\/swissmilitarybychronoofficial\/\" \/>\n<meta property=\"article:modified_time\" content=\"2025-11-23T22:01:21+00:00\" \/>\n<meta property=\"og:image\" content=\"https:\/\/swissmilitarywatches.ch\/wp-content\/uploads\/2024\/01\/SM34103.01.png\" \/>\n\t<meta property=\"og:image:width\" content=\"1300\" \/>\n\t<meta property=\"og:image:height\" content=\"1642\" \/>\n\t<meta property=\"og:image:type\" content=\"image\/png\" \/>\n<meta name=\"twitter:card\" content=\"summary_large_image\" \/>\n<meta name=\"twitter:label1\" content=\"Preis\" \/>\n\t<meta name=\"twitter:data1\" content=\"&euro;399.00 inkl. MwSt.\" \/>\n\t<meta name=\"twitter:label2\" content=\"Verf\u00fcgbarkeit\" \/>\n\t<meta name=\"twitter:data2\" content=\"Auf Lager\" \/>\n<script type=\"application\/ld+json\" class=\"yoast-schema-graph\">{\"@context\":\"https:\/\/schema.org\",\"@graph\":[{\"@type\":\"WebPage\",\"@id\":\"https:\/\/swissmilitarywatches.ch\/de\/shop\/swiss-military-sm34103-01-swiss-sports-chronograph-watch-de\/\",\"url\":\"https:\/\/swissmilitarywatches.ch\/de\/shop\/swiss-military-sm34103-01-swiss-sports-chronograph-watch-de\/\",\"name\":\"Swiss Military SM34103.01 - Schweizer Sport Chronographen-Uhr\",\"isPartOf\":{\"@id\":\"https:\/\/swissmilitarywatches.ch\/de\/#website\"},\"primaryImageOfPage\":{\"@id\":\"https:\/\/swissmilitarywatches.ch\/de\/shop\/swiss-military-sm34103-01-swiss-sports-chronograph-watch-de\/#primaryimage\"},\"image\":{\"@id\":\"https:\/\/swissmilitarywatches.ch\/de\/shop\/swiss-military-sm34103-01-swiss-sports-chronograph-watch-de\/#primaryimage\"},\"thumbnailUrl\":\"https:\/\/swissmilitarywatches.ch\/wp-content\/uploads\/2024\/01\/SM34103.01.png\",\"datePublished\":\"2024-01-11T08:09:15+00:00\",\"dateModified\":\"2025-11-23T22:01:21+00:00\",\"description\":\"Schweizer Sport Chronographen-Uhr f\u00fcr Herren mit schwarzem Zifferblatt, farblich abgestimmter Drehl\u00fcnette und Saphirglas. Swiss Made, 5-Jahres-Garantie\",\"breadcrumb\":{\"@id\":\"https:\/\/swissmilitarywatches.ch\/de\/shop\/swiss-military-sm34103-01-swiss-sports-chronograph-watch-de\/#breadcrumb\"},\"inLanguage\":\"de\",\"potentialAction\":[{\"@type\":\"ReadAction\",\"target\":[\"https:\/\/swissmilitarywatches.ch\/de\/shop\/swiss-military-sm34103-01-swiss-sports-chronograph-watch-de\/\"]}]},{\"@type\":\"ImageObject\",\"inLanguage\":\"de\",\"@id\":\"https:\/\/swissmilitarywatches.ch\/de\/shop\/swiss-military-sm34103-01-swiss-sports-chronograph-watch-de\/#primaryimage\",\"url\":\"https:\/\/swissmilitarywatches.ch\/wp-content\/uploads\/2024\/01\/SM34103.01.png\",\"contentUrl\":\"https:\/\/swissmilitarywatches.ch\/wp-content\/uploads\/2024\/01\/SM34103.01.png\",\"width\":1300,\"height\":1642,\"caption\":\"Swiss Military SM34103.01 - Swiss Sports Chronograph Watch\"},{\"@type\":\"BreadcrumbList\",\"@id\":\"https:\/\/swissmilitarywatches.ch\/de\/shop\/swiss-military-sm34103-01-swiss-sports-chronograph-watch-de\/#breadcrumb\",\"itemListElement\":[{\"@type\":\"ListItem\",\"position\":1,\"name\":\"Home\",\"item\":\"https:\/\/swissmilitarywatches.ch\/de\/home\/\"},{\"@type\":\"ListItem\",\"position\":2,\"name\":\"Shop\",\"item\":\"https:\/\/swissmilitarywatches.ch\/de\/shop\/\"},{\"@type\":\"ListItem\",\"position\":3,\"name\":\"SM34103\",\"item\":\"https:\/\/swissmilitarywatches.ch\/de\/produkt-kategorie\/sm34103-de\/\"},{\"@type\":\"ListItem\",\"position\":4,\"name\":\"Swiss Military SM34103.01 &#8211; Schweizer Sport Chronographen-Uhr\"}]},{\"@type\":\"WebSite\",\"@id\":\"https:\/\/swissmilitarywatches.ch\/de\/#website\",\"url\":\"https:\/\/swissmilitarywatches.ch\/de\/\",\"name\":\"Swiss Military by Chrono\",\"description\":\"Official Licensed Product of the Swiss Confederation\",\"publisher\":{\"@id\":\"https:\/\/swissmilitarywatches.ch\/de\/#organization\"},\"potentialAction\":[{\"@type\":\"SearchAction\",\"target\":{\"@type\":\"EntryPoint\",\"urlTemplate\":\"https:\/\/swissmilitarywatches.ch\/de\/?s={search_term_string}\"},\"query-input\":{\"@type\":\"PropertyValueSpecification\",\"valueRequired\":true,\"valueName\":\"search_term_string\"}}],\"inLanguage\":\"de\"},{\"@type\":\"Organization\",\"@id\":\"https:\/\/swissmilitarywatches.ch\/de\/#organization\",\"name\":\"Swiss Military by Chrono\",\"url\":\"https:\/\/swissmilitarywatches.ch\/de\/\",\"logo\":{\"@type\":\"ImageObject\",\"inLanguage\":\"de\",\"@id\":\"https:\/\/swissmilitarywatches.ch\/de\/#\/schema\/logo\/image\/\",\"url\":\"https:\/\/swissmilitarywatches.ch\/wp-content\/uploads\/2020\/04\/cropped-SM_logo_512x512px.jpg\",\"contentUrl\":\"https:\/\/swissmilitarywatches.ch\/wp-content\/uploads\/2020\/04\/cropped-SM_logo_512x512px.jpg\",\"width\":512,\"height\":512,\"caption\":\"Swiss Military by Chrono\"},\"image\":{\"@id\":\"https:\/\/swissmilitarywatches.ch\/de\/#\/schema\/logo\/image\/\"},\"sameAs\":[\"https:\/\/m.facebook.com\/swissmilitarybychronoofficial\/\",\"https:\/\/www.instagram.com\/swissmilitarybychrono\/\",\"https:\/\/www.pinterest.ch\/swissmilitarybychrono\/\"]}]}<\/script>\n<meta property=\"product:brand\" content=\"Swiss Military by Chrono\" \/>\n<meta property=\"product:price:amount\" content=\"399.00\" \/>\n<meta property=\"product:price:currency\" content=\"EUR\" \/>\n<meta property=\"og:availability\" content=\"instock\" \/>\n<meta property=\"product:availability\" content=\"instock\" \/>\n<meta property=\"product:retailer_item_id\" content=\"SM34103.01\" \/>\n<meta property=\"product:condition\" content=\"new\" \/>\n<!-- \/ Yoast SEO Premium plugin. -->","yoast_head_json":{"title":"Swiss Military SM34103.01 - Schweizer Sport Chronographen-Uhr","description":"Schweizer Sport Chronographen-Uhr f\u00fcr Herren mit schwarzem Zifferblatt, farblich abgestimmter Drehl\u00fcnette und Saphirglas. Swiss Made, 5-Jahres-Garantie","robots":{"index":"index","follow":"follow","max-snippet":"max-snippet:-1","max-image-preview":"max-image-preview:large","max-video-preview":"max-video-preview:-1"},"canonical":"https:\/\/swissmilitarywatches.ch\/de\/shop\/swiss-military-sm34103-01-swiss-sports-chronograph-watch-de\/","og_locale":"de_DE","og_type":"article","og_title":"Swiss Military SM34103.01 - Schweizer Sport Chronographen-Uhr","og_description":"Schweizer Sport Chronographen-Uhr f\u00fcr Herren mit schwarzem Zifferblatt, farblich abgestimmter Drehl\u00fcnette und Saphirglas. Swiss Made, 5-Jahres-Garantie","og_url":"https:\/\/swissmilitarywatches.ch\/de\/shop\/swiss-military-sm34103-01-swiss-sports-chronograph-watch-de\/","og_site_name":"Swiss Military by Chrono","article_publisher":"https:\/\/m.facebook.com\/swissmilitarybychronoofficial\/","article_modified_time":"2025-11-23T22:01:21+00:00","og_image":[{"width":1300,"height":1642,"url":"https:\/\/swissmilitarywatches.ch\/wp-content\/uploads\/2024\/01\/SM34103.01.png","type":"image\/png"}],"twitter_card":"summary_large_image","twitter_misc":{"Preis":"&euro;399.00 inkl. MwSt.","Verf\u00fcgbarkeit":"Auf Lager"},"schema":{"@context":"https:\/\/schema.org","@graph":[{"@type":"WebPage","@id":"https:\/\/swissmilitarywatches.ch\/de\/shop\/swiss-military-sm34103-01-swiss-sports-chronograph-watch-de\/","url":"https:\/\/swissmilitarywatches.ch\/de\/shop\/swiss-military-sm34103-01-swiss-sports-chronograph-watch-de\/","name":"Swiss Military SM34103.01 - Schweizer Sport Chronographen-Uhr","isPartOf":{"@id":"https:\/\/swissmilitarywatches.ch\/de\/#website"},"primaryImageOfPage":{"@id":"https:\/\/swissmilitarywatches.ch\/de\/shop\/swiss-military-sm34103-01-swiss-sports-chronograph-watch-de\/#primaryimage"},"image":{"@id":"https:\/\/swissmilitarywatches.ch\/de\/shop\/swiss-military-sm34103-01-swiss-sports-chronograph-watch-de\/#primaryimage"},"thumbnailUrl":"https:\/\/swissmilitarywatches.ch\/wp-content\/uploads\/2024\/01\/SM34103.01.png","datePublished":"2024-01-11T08:09:15+00:00","dateModified":"2025-11-23T22:01:21+00:00","description":"Schweizer Sport Chronographen-Uhr f\u00fcr Herren mit schwarzem Zifferblatt, farblich abgestimmter Drehl\u00fcnette und Saphirglas. Swiss Made, 5-Jahres-Garantie","breadcrumb":{"@id":"https:\/\/swissmilitarywatches.ch\/de\/shop\/swiss-military-sm34103-01-swiss-sports-chronograph-watch-de\/#breadcrumb"},"inLanguage":"de","potentialAction":[{"@type":"ReadAction","target":["https:\/\/swissmilitarywatches.ch\/de\/shop\/swiss-military-sm34103-01-swiss-sports-chronograph-watch-de\/"]}]},{"@type":"ImageObject","inLanguage":"de","@id":"https:\/\/swissmilitarywatches.ch\/de\/shop\/swiss-military-sm34103-01-swiss-sports-chronograph-watch-de\/#primaryimage","url":"https:\/\/swissmilitarywatches.ch\/wp-content\/uploads\/2024\/01\/SM34103.01.png","contentUrl":"https:\/\/swissmilitarywatches.ch\/wp-content\/uploads\/2024\/01\/SM34103.01.png","width":1300,"height":1642,"caption":"Swiss Military SM34103.01 - Swiss Sports Chronograph Watch"},{"@type":"BreadcrumbList","@id":"https:\/\/swissmilitarywatches.ch\/de\/shop\/swiss-military-sm34103-01-swiss-sports-chronograph-watch-de\/#breadcrumb","itemListElement":[{"@type":"ListItem","position":1,"name":"Home","item":"https:\/\/swissmilitarywatches.ch\/de\/home\/"},{"@type":"ListItem","position":2,"name":"Shop","item":"https:\/\/swissmilitarywatches.ch\/de\/shop\/"},{"@type":"ListItem","position":3,"name":"SM34103","item":"https:\/\/swissmilitarywatches.ch\/de\/produkt-kategorie\/sm34103-de\/"},{"@type":"ListItem","position":4,"name":"Swiss Military SM34103.01 &#8211; Schweizer Sport Chronographen-Uhr"}]},{"@type":"WebSite","@id":"https:\/\/swissmilitarywatches.ch\/de\/#website","url":"https:\/\/swissmilitarywatches.ch\/de\/","name":"Swiss Military by Chrono","description":"Official Licensed Product of the Swiss Confederation","publisher":{"@id":"https:\/\/swissmilitarywatches.ch\/de\/#organization"},"potentialAction":[{"@type":"SearchAction","target":{"@type":"EntryPoint","urlTemplate":"https:\/\/swissmilitarywatches.ch\/de\/?s={search_term_string}"},"query-input":{"@type":"PropertyValueSpecification","valueRequired":true,"valueName":"search_term_string"}}],"inLanguage":"de"},{"@type":"Organization","@id":"https:\/\/swissmilitarywatches.ch\/de\/#organization","name":"Swiss Military by Chrono","url":"https:\/\/swissmilitarywatches.ch\/de\/","logo":{"@type":"ImageObject","inLanguage":"de","@id":"https:\/\/swissmilitarywatches.ch\/de\/#\/schema\/logo\/image\/","url":"https:\/\/swissmilitarywatches.ch\/wp-content\/uploads\/2020\/04\/cropped-SM_logo_512x512px.jpg","contentUrl":"https:\/\/swissmilitarywatches.ch\/wp-content\/uploads\/2020\/04\/cropped-SM_logo_512x512px.jpg","width":512,"height":512,"caption":"Swiss Military by Chrono"},"image":{"@id":"https:\/\/swissmilitarywatches.ch\/de\/#\/schema\/logo\/image\/"},"sameAs":["https:\/\/m.facebook.com\/swissmilitarybychronoofficial\/","https:\/\/www.instagram.com\/swissmilitarybychrono\/","https:\/\/www.pinterest.ch\/swissmilitarybychrono\/"]}]},"product_brand":"Swiss Military by Chrono","product_price_amount":"399.00","product_price_currency":"EUR","og_availability":"instock","product_availability":"instock","product_retailer_item_id":"SM34103.01","product_condition":"new"},"jetpack_sharing_enabled":true,"_links":{"self":[{"href":"https:\/\/swissmilitarywatches.ch\/de\/wp-json\/wp\/v2\/product\/18493","targetHints":{"allow":["GET"]}}],"collection":[{"href":"https:\/\/swissmilitarywatches.ch\/de\/wp-json\/wp\/v2\/product"}],"about":[{"href":"https:\/\/swissmilitarywatches.ch\/de\/wp-json\/wp\/v2\/types\/product"}],"replies":[{"embeddable":true,"href":"https:\/\/swissmilitarywatches.ch\/de\/wp-json\/wp\/v2\/comments?post=18493"}],"wp:featuredmedia":[{"embeddable":true,"href":"https:\/\/swissmilitarywatches.ch\/de\/wp-json\/wp\/v2\/media\/18000"}],"wp:attachment":[{"href":"https:\/\/swissmilitarywatches.ch\/de\/wp-json\/wp\/v2\/media?parent=18493"}],"wp:term":[{"taxonomy":"product_brand","embeddable":true,"href":"https:\/\/swissmilitarywatches.ch\/de\/wp-json\/wp\/v2\/product_brand?post=18493"},{"taxonomy":"product_cat","embeddable":true,"href":"https:\/\/swissmilitarywatches.ch\/de\/wp-json\/wp\/v2\/product_cat?post=18493"},{"taxonomy":"product_tag","embeddable":true,"href":"https:\/\/swissmilitarywatches.ch\/de\/wp-json\/wp\/v2\/product_tag?post=18493"}],"curies":[{"name":"wp","href":"https:\/\/api.w.org\/{rel}","templated":true}]}}