{"id":18411,"date":"2024-01-11T10:09:18","date_gmt":"2024-01-11T08:09:18","guid":{"rendered":"https:\/\/swissmilitarywatches.ch\/shop\/swiss-military-sm34105-07-klassische-stahluhr-fuer-damen\/"},"modified":"2025-11-24T00:01:25","modified_gmt":"2025-11-23T22:01:25","slug":"swiss-military-sm34105-07-classic-steel-watch-for-women-de","status":"publish","type":"product","link":"https:\/\/swissmilitarywatches.ch\/de\/shop\/swiss-military-sm34105-07-classic-steel-watch-for-women-de\/","title":{"rendered":"Swiss Military SM34105.07 &#8211; Klassische Stahluhr f\u00fcr Damen"},"content":{"rendered":"<p>Die SM34105 Klassische Stahluhr f\u00fcr Damen ist ein zeitloses St\u00fcck, das Stil und Funktionalit\u00e4t nahtlos miteinander verbindet. Das Sonnenschliff-Zifferblatt im perfekten Silberton mit ros\u00e9goldenen Indizes und Zeigern wird durch ein robustes Saphirglas gesch\u00fctzt. Das schlichte zweifarbige Geh\u00e4use ist mit einem eleganten Uhrenarmband kombiniert, das in der Mitte mit einem gl\u00e4nzenden ros\u00e9goldenen Mesh-Design besticht und der Uhr einen Hauch von femininem Glamour und subtilem Kontrast verleiht. Mit einer Wasserdichtigkeit von bis zu 100 Metern ist diese zeitlose Damenuhr nicht nur ein modisches Accessoire, sondern ein zuverl\u00e4ssiger und eleganter Begleiter f\u00fcr jeden Moment.<\/p>\n<p>Getreu unserer Schweizer Uhrmacherkunst sind Geh\u00e4use und Armband dieser klassischen Bicolor-Uhr aus robustem Edelstahl gefertigt. Alle Stundenmarkierungen sowie der Stunden- und Minutenzeiger leuchten im Dunkeln. Diese klassische Steel Watch f\u00fcr Damen wird von einem Schweizer Quarzwerk angetrieben und in unserer <a href=\"https:\/\/swissmilitarywatches.ch\/de\/die-marke\/\">hauseigenen Uhrenmanufaktur<\/a> von Hand montiert. Als Versprechen unserer Swiss-Military-Swiss-Made-Qualit\u00e4t gilt f\u00fcr diese Uhr eine <a href=\"https:\/\/swissmilitarywatches.ch\/de\/garantie\/\">internationale Garantie von 5 Jahren<\/a>.<\/p>\n<p>&nbsp;<\/p>\n","protected":false},"excerpt":{"rendered":"<h2>Definieren Sie Ihre Eleganz neu mit unserer Klassischen Damenuhr<\/h2>\n<p>Diese zeitlose Damenuhr ist nicht nur ein modisches Accessoire, sondern ein zuverl\u00e4ssiger und eleganter Begleiter f\u00fcr jeden Moment. Das elegante Bicolor-Design verf\u00fcgt \u00fcber ein silbernes Zifferblatt mit klassischen Index- und Zeigermotiven.<\/p>\n<p>Dar\u00fcber hinaus ist diese traditionelle Damenuhr mit all unseren Swiss-made-Qualit\u00e4tsmerkmalen ausgestattet:<\/p>\n<ul>\n<li>Swiss-made in-house Produktion<\/li>\n<li>Geh\u00e4use und Armband aus Edelstahl<\/li>\n<li>Saphirglas<\/li>\n<li>Wasserdichtigkeit bis zu 100M\/10ATM<\/li>\n<li>Schweizer Quarzwerk<\/li>\n<li>5 Jahre internationale Garantie<\/li>\n<\/ul>\n","protected":false},"featured_media":18100,"comment_status":"open","ping_status":"closed","template":"","meta":[],"product_brand":[],"product_cat":[2877,1604,1611,2154],"product_tag":[],"class_list":{"0":"post-18411","1":"product","2":"type-product","3":"status-publish","4":"has-post-thumbnail","6":"product_cat-sm34105-de","7":"product_cat-alle-uhren","8":"product_cat-damenuhren","9":"product_cat-quarzuhren-w","10":"product_shipping_class-flexible-shipping-de","12":"first","13":"instock","14":"taxable","15":"shipping-taxable","16":"purchasable","17":"product-type-simple"},"yoast_head":"<!-- This site is optimized with the Yoast SEO Premium plugin v26.6 (Yoast SEO v26.6) - https:\/\/yoast.com\/wordpress\/plugins\/seo\/ -->\n<title>Swiss Military SM34105.07 - Klassische Stahluhr f\u00fcr Damen<\/title>\n<meta name=\"description\" content=\"Diese klassische Stahluhr f\u00fcr Frauen ist der perfekte zeitlose Begleiter und ein Muss in jeder Damenuhrensammlung. Swiss-made, 5-Jahres-Garantie.\" \/>\n<meta name=\"robots\" content=\"index, follow, max-snippet:-1, max-image-preview:large, max-video-preview:-1\" \/>\n<link rel=\"canonical\" href=\"https:\/\/swissmilitarywatches.ch\/de\/shop\/swiss-military-sm34105-07-classic-steel-watch-for-women-de\/\" \/>\n<meta property=\"og:locale\" content=\"de_DE\" \/>\n<meta property=\"og:type\" content=\"article\" \/>\n<meta property=\"og:title\" content=\"Swiss Military SM34105.07 - Klassische Stahluhr f\u00fcr Damen\" \/>\n<meta property=\"og:description\" content=\"Diese klassische Stahluhr f\u00fcr Frauen ist der perfekte zeitlose Begleiter und ein Muss in jeder Damenuhrensammlung. Swiss-made, 5-Jahres-Garantie.\" \/>\n<meta property=\"og:url\" content=\"https:\/\/swissmilitarywatches.ch\/de\/shop\/swiss-military-sm34105-07-classic-steel-watch-for-women-de\/\" \/>\n<meta property=\"og:site_name\" content=\"Swiss Military by Chrono\" \/>\n<meta property=\"article:publisher\" content=\"https:\/\/m.facebook.com\/swissmilitarybychronoofficial\/\" \/>\n<meta property=\"article:modified_time\" content=\"2025-11-23T22:01:25+00:00\" \/>\n<meta property=\"og:image\" content=\"https:\/\/swissmilitarywatches.ch\/wp-content\/uploads\/2024\/01\/SM34105.07.png\" \/>\n\t<meta property=\"og:image:width\" content=\"1300\" \/>\n\t<meta property=\"og:image:height\" content=\"1642\" \/>\n\t<meta property=\"og:image:type\" content=\"image\/png\" \/>\n<meta name=\"twitter:card\" content=\"summary_large_image\" \/>\n<meta name=\"twitter:label1\" content=\"Preis\" \/>\n\t<meta name=\"twitter:data1\" content=\"&euro;259.00 inkl. MwSt.\" \/>\n\t<meta name=\"twitter:label2\" content=\"Verf\u00fcgbarkeit\" \/>\n\t<meta name=\"twitter:data2\" content=\"Auf Lager\" \/>\n<script type=\"application\/ld+json\" class=\"yoast-schema-graph\">{\"@context\":\"https:\/\/schema.org\",\"@graph\":[{\"@type\":\"WebPage\",\"@id\":\"https:\/\/swissmilitarywatches.ch\/de\/shop\/swiss-military-sm34105-07-classic-steel-watch-for-women-de\/\",\"url\":\"https:\/\/swissmilitarywatches.ch\/de\/shop\/swiss-military-sm34105-07-classic-steel-watch-for-women-de\/\",\"name\":\"Swiss Military SM34105.07 - Klassische Stahluhr f\u00fcr Damen\",\"isPartOf\":{\"@id\":\"https:\/\/swissmilitarywatches.ch\/de\/#website\"},\"primaryImageOfPage\":{\"@id\":\"https:\/\/swissmilitarywatches.ch\/de\/shop\/swiss-military-sm34105-07-classic-steel-watch-for-women-de\/#primaryimage\"},\"image\":{\"@id\":\"https:\/\/swissmilitarywatches.ch\/de\/shop\/swiss-military-sm34105-07-classic-steel-watch-for-women-de\/#primaryimage\"},\"thumbnailUrl\":\"https:\/\/swissmilitarywatches.ch\/wp-content\/uploads\/2024\/01\/SM34105.07.png\",\"datePublished\":\"2024-01-11T08:09:18+00:00\",\"dateModified\":\"2025-11-23T22:01:25+00:00\",\"description\":\"Diese klassische Stahluhr f\u00fcr Frauen ist der perfekte zeitlose Begleiter und ein Muss in jeder Damenuhrensammlung. Swiss-made, 5-Jahres-Garantie.\",\"breadcrumb\":{\"@id\":\"https:\/\/swissmilitarywatches.ch\/de\/shop\/swiss-military-sm34105-07-classic-steel-watch-for-women-de\/#breadcrumb\"},\"inLanguage\":\"de\",\"potentialAction\":[{\"@type\":\"ReadAction\",\"target\":[\"https:\/\/swissmilitarywatches.ch\/de\/shop\/swiss-military-sm34105-07-classic-steel-watch-for-women-de\/\"]}]},{\"@type\":\"ImageObject\",\"inLanguage\":\"de\",\"@id\":\"https:\/\/swissmilitarywatches.ch\/de\/shop\/swiss-military-sm34105-07-classic-steel-watch-for-women-de\/#primaryimage\",\"url\":\"https:\/\/swissmilitarywatches.ch\/wp-content\/uploads\/2024\/01\/SM34105.07.png\",\"contentUrl\":\"https:\/\/swissmilitarywatches.ch\/wp-content\/uploads\/2024\/01\/SM34105.07.png\",\"width\":1300,\"height\":1642,\"caption\":\"Swiss Military SM34105.07 - Classic Steel Watch for Women\"},{\"@type\":\"BreadcrumbList\",\"@id\":\"https:\/\/swissmilitarywatches.ch\/de\/shop\/swiss-military-sm34105-07-classic-steel-watch-for-women-de\/#breadcrumb\",\"itemListElement\":[{\"@type\":\"ListItem\",\"position\":1,\"name\":\"Home\",\"item\":\"https:\/\/swissmilitarywatches.ch\/de\/home\/\"},{\"@type\":\"ListItem\",\"position\":2,\"name\":\"Shop\",\"item\":\"https:\/\/swissmilitarywatches.ch\/de\/shop\/\"},{\"@type\":\"ListItem\",\"position\":3,\"name\":\"SM34105\",\"item\":\"https:\/\/swissmilitarywatches.ch\/de\/produkt-kategorie\/sm34105-de\/\"},{\"@type\":\"ListItem\",\"position\":4,\"name\":\"Swiss Military SM34105.07 &#8211; Klassische Stahluhr f\u00fcr Damen\"}]},{\"@type\":\"WebSite\",\"@id\":\"https:\/\/swissmilitarywatches.ch\/de\/#website\",\"url\":\"https:\/\/swissmilitarywatches.ch\/de\/\",\"name\":\"Swiss Military by Chrono\",\"description\":\"Official Licensed Product of the Swiss Confederation\",\"publisher\":{\"@id\":\"https:\/\/swissmilitarywatches.ch\/de\/#organization\"},\"potentialAction\":[{\"@type\":\"SearchAction\",\"target\":{\"@type\":\"EntryPoint\",\"urlTemplate\":\"https:\/\/swissmilitarywatches.ch\/de\/?s={search_term_string}\"},\"query-input\":{\"@type\":\"PropertyValueSpecification\",\"valueRequired\":true,\"valueName\":\"search_term_string\"}}],\"inLanguage\":\"de\"},{\"@type\":\"Organization\",\"@id\":\"https:\/\/swissmilitarywatches.ch\/de\/#organization\",\"name\":\"Swiss Military by Chrono\",\"url\":\"https:\/\/swissmilitarywatches.ch\/de\/\",\"logo\":{\"@type\":\"ImageObject\",\"inLanguage\":\"de\",\"@id\":\"https:\/\/swissmilitarywatches.ch\/de\/#\/schema\/logo\/image\/\",\"url\":\"https:\/\/swissmilitarywatches.ch\/wp-content\/uploads\/2020\/04\/cropped-SM_logo_512x512px.jpg\",\"contentUrl\":\"https:\/\/swissmilitarywatches.ch\/wp-content\/uploads\/2020\/04\/cropped-SM_logo_512x512px.jpg\",\"width\":512,\"height\":512,\"caption\":\"Swiss Military by Chrono\"},\"image\":{\"@id\":\"https:\/\/swissmilitarywatches.ch\/de\/#\/schema\/logo\/image\/\"},\"sameAs\":[\"https:\/\/m.facebook.com\/swissmilitarybychronoofficial\/\",\"https:\/\/www.instagram.com\/swissmilitarybychrono\/\",\"https:\/\/www.pinterest.ch\/swissmilitarybychrono\/\"]}]}<\/script>\n<meta property=\"product:brand\" content=\"Swiss Military by Chrono\" \/>\n<meta property=\"product:price:amount\" content=\"259.00\" \/>\n<meta property=\"product:price:currency\" content=\"EUR\" \/>\n<meta property=\"og:availability\" content=\"instock\" \/>\n<meta property=\"product:availability\" content=\"instock\" \/>\n<meta property=\"product:retailer_item_id\" content=\"SM34105.07\" \/>\n<meta property=\"product:condition\" content=\"new\" \/>\n<!-- \/ Yoast SEO Premium plugin. -->","yoast_head_json":{"title":"Swiss Military SM34105.07 - Klassische Stahluhr f\u00fcr Damen","description":"Diese klassische Stahluhr f\u00fcr Frauen ist der perfekte zeitlose Begleiter und ein Muss in jeder Damenuhrensammlung. Swiss-made, 5-Jahres-Garantie.","robots":{"index":"index","follow":"follow","max-snippet":"max-snippet:-1","max-image-preview":"max-image-preview:large","max-video-preview":"max-video-preview:-1"},"canonical":"https:\/\/swissmilitarywatches.ch\/de\/shop\/swiss-military-sm34105-07-classic-steel-watch-for-women-de\/","og_locale":"de_DE","og_type":"article","og_title":"Swiss Military SM34105.07 - Klassische Stahluhr f\u00fcr Damen","og_description":"Diese klassische Stahluhr f\u00fcr Frauen ist der perfekte zeitlose Begleiter und ein Muss in jeder Damenuhrensammlung. Swiss-made, 5-Jahres-Garantie.","og_url":"https:\/\/swissmilitarywatches.ch\/de\/shop\/swiss-military-sm34105-07-classic-steel-watch-for-women-de\/","og_site_name":"Swiss Military by Chrono","article_publisher":"https:\/\/m.facebook.com\/swissmilitarybychronoofficial\/","article_modified_time":"2025-11-23T22:01:25+00:00","og_image":[{"width":1300,"height":1642,"url":"https:\/\/swissmilitarywatches.ch\/wp-content\/uploads\/2024\/01\/SM34105.07.png","type":"image\/png"}],"twitter_card":"summary_large_image","twitter_misc":{"Preis":"&euro;259.00 inkl. MwSt.","Verf\u00fcgbarkeit":"Auf Lager"},"schema":{"@context":"https:\/\/schema.org","@graph":[{"@type":"WebPage","@id":"https:\/\/swissmilitarywatches.ch\/de\/shop\/swiss-military-sm34105-07-classic-steel-watch-for-women-de\/","url":"https:\/\/swissmilitarywatches.ch\/de\/shop\/swiss-military-sm34105-07-classic-steel-watch-for-women-de\/","name":"Swiss Military SM34105.07 - Klassische Stahluhr f\u00fcr Damen","isPartOf":{"@id":"https:\/\/swissmilitarywatches.ch\/de\/#website"},"primaryImageOfPage":{"@id":"https:\/\/swissmilitarywatches.ch\/de\/shop\/swiss-military-sm34105-07-classic-steel-watch-for-women-de\/#primaryimage"},"image":{"@id":"https:\/\/swissmilitarywatches.ch\/de\/shop\/swiss-military-sm34105-07-classic-steel-watch-for-women-de\/#primaryimage"},"thumbnailUrl":"https:\/\/swissmilitarywatches.ch\/wp-content\/uploads\/2024\/01\/SM34105.07.png","datePublished":"2024-01-11T08:09:18+00:00","dateModified":"2025-11-23T22:01:25+00:00","description":"Diese klassische Stahluhr f\u00fcr Frauen ist der perfekte zeitlose Begleiter und ein Muss in jeder Damenuhrensammlung. Swiss-made, 5-Jahres-Garantie.","breadcrumb":{"@id":"https:\/\/swissmilitarywatches.ch\/de\/shop\/swiss-military-sm34105-07-classic-steel-watch-for-women-de\/#breadcrumb"},"inLanguage":"de","potentialAction":[{"@type":"ReadAction","target":["https:\/\/swissmilitarywatches.ch\/de\/shop\/swiss-military-sm34105-07-classic-steel-watch-for-women-de\/"]}]},{"@type":"ImageObject","inLanguage":"de","@id":"https:\/\/swissmilitarywatches.ch\/de\/shop\/swiss-military-sm34105-07-classic-steel-watch-for-women-de\/#primaryimage","url":"https:\/\/swissmilitarywatches.ch\/wp-content\/uploads\/2024\/01\/SM34105.07.png","contentUrl":"https:\/\/swissmilitarywatches.ch\/wp-content\/uploads\/2024\/01\/SM34105.07.png","width":1300,"height":1642,"caption":"Swiss Military SM34105.07 - Classic Steel Watch for Women"},{"@type":"BreadcrumbList","@id":"https:\/\/swissmilitarywatches.ch\/de\/shop\/swiss-military-sm34105-07-classic-steel-watch-for-women-de\/#breadcrumb","itemListElement":[{"@type":"ListItem","position":1,"name":"Home","item":"https:\/\/swissmilitarywatches.ch\/de\/home\/"},{"@type":"ListItem","position":2,"name":"Shop","item":"https:\/\/swissmilitarywatches.ch\/de\/shop\/"},{"@type":"ListItem","position":3,"name":"SM34105","item":"https:\/\/swissmilitarywatches.ch\/de\/produkt-kategorie\/sm34105-de\/"},{"@type":"ListItem","position":4,"name":"Swiss Military SM34105.07 &#8211; Klassische Stahluhr f\u00fcr Damen"}]},{"@type":"WebSite","@id":"https:\/\/swissmilitarywatches.ch\/de\/#website","url":"https:\/\/swissmilitarywatches.ch\/de\/","name":"Swiss Military by Chrono","description":"Official Licensed Product of the Swiss Confederation","publisher":{"@id":"https:\/\/swissmilitarywatches.ch\/de\/#organization"},"potentialAction":[{"@type":"SearchAction","target":{"@type":"EntryPoint","urlTemplate":"https:\/\/swissmilitarywatches.ch\/de\/?s={search_term_string}"},"query-input":{"@type":"PropertyValueSpecification","valueRequired":true,"valueName":"search_term_string"}}],"inLanguage":"de"},{"@type":"Organization","@id":"https:\/\/swissmilitarywatches.ch\/de\/#organization","name":"Swiss Military by Chrono","url":"https:\/\/swissmilitarywatches.ch\/de\/","logo":{"@type":"ImageObject","inLanguage":"de","@id":"https:\/\/swissmilitarywatches.ch\/de\/#\/schema\/logo\/image\/","url":"https:\/\/swissmilitarywatches.ch\/wp-content\/uploads\/2020\/04\/cropped-SM_logo_512x512px.jpg","contentUrl":"https:\/\/swissmilitarywatches.ch\/wp-content\/uploads\/2020\/04\/cropped-SM_logo_512x512px.jpg","width":512,"height":512,"caption":"Swiss Military by Chrono"},"image":{"@id":"https:\/\/swissmilitarywatches.ch\/de\/#\/schema\/logo\/image\/"},"sameAs":["https:\/\/m.facebook.com\/swissmilitarybychronoofficial\/","https:\/\/www.instagram.com\/swissmilitarybychrono\/","https:\/\/www.pinterest.ch\/swissmilitarybychrono\/"]}]},"product_brand":"Swiss Military by Chrono","product_price_amount":"259.00","product_price_currency":"EUR","og_availability":"instock","product_availability":"instock","product_retailer_item_id":"SM34105.07","product_condition":"new"},"jetpack_sharing_enabled":true,"_links":{"self":[{"href":"https:\/\/swissmilitarywatches.ch\/de\/wp-json\/wp\/v2\/product\/18411","targetHints":{"allow":["GET"]}}],"collection":[{"href":"https:\/\/swissmilitarywatches.ch\/de\/wp-json\/wp\/v2\/product"}],"about":[{"href":"https:\/\/swissmilitarywatches.ch\/de\/wp-json\/wp\/v2\/types\/product"}],"replies":[{"embeddable":true,"href":"https:\/\/swissmilitarywatches.ch\/de\/wp-json\/wp\/v2\/comments?post=18411"}],"wp:featuredmedia":[{"embeddable":true,"href":"https:\/\/swissmilitarywatches.ch\/de\/wp-json\/wp\/v2\/media\/18100"}],"wp:attachment":[{"href":"https:\/\/swissmilitarywatches.ch\/de\/wp-json\/wp\/v2\/media?parent=18411"}],"wp:term":[{"taxonomy":"product_brand","embeddable":true,"href":"https:\/\/swissmilitarywatches.ch\/de\/wp-json\/wp\/v2\/product_brand?post=18411"},{"taxonomy":"product_cat","embeddable":true,"href":"https:\/\/swissmilitarywatches.ch\/de\/wp-json\/wp\/v2\/product_cat?post=18411"},{"taxonomy":"product_tag","embeddable":true,"href":"https:\/\/swissmilitarywatches.ch\/de\/wp-json\/wp\/v2\/product_tag?post=18411"}],"curies":[{"name":"wp","href":"https:\/\/api.w.org\/{rel}","templated":true}]}}