{"id":15350,"date":"2023-06-06T11:38:30","date_gmt":"2023-06-06T09:38:30","guid":{"rendered":"https:\/\/swissmilitarywatches.ch\/?post_type=product&#038;p=15350"},"modified":"2024-01-24T12:17:52","modified_gmt":"2024-01-24T10:17:52","slug":"swiss-military-b-a14100-05-white-rubber-strap-titanium-de","status":"publish","type":"product","link":"https:\/\/swissmilitarywatches.ch\/de\/shop\/swiss-military-b-a14100-05-white-rubber-strap-titanium-de\/","title":{"rendered":"Swiss Military B.A14100.05 &#8211; Weisses Titan Kautschukband"},"content":{"rendered":"<p>Dieses wei\u00dfe Kautschukarmband mit Titanschlie\u00dfe ist ein Muss f\u00fcr jeden, der die Swiss Military TITANIUM 300 Special Edition besitzt. Dank des einfachen Click-on\/Off-Armbandsystems, mit dem alle Kautschuk- und Titanarmb\u00e4nder ausgestattet sind, k\u00f6nnen Sie die Uhr ganz einfach an Ihre t\u00e4glichen Bed\u00fcrfnisse anpassen. Wechseln Sie einfach zwischen verschiedenfarbigen Kautschukarmb\u00e4ndern oder tauschen Sie das Metallarmband gegen ein Kautschukarmband aus, wann immer Sie Lust dazu haben.<\/p>\n","protected":false},"excerpt":{"rendered":"<h2><span style=\"font-size: 80%;\">Lust auf Abwechslung? <\/span><\/h2>\n<p>Dieses wei\u00dfe Kautschukarmband mit Titanschlie\u00dfe ist ein Muss f\u00fcr jeden, der die Swiss Military TITANIUM 300 Special Edition besitzt. Dank des einfachen Click-on\/Off-Armbandsystems, mit dem alle Kautschuk- und Titanarmb\u00e4nder ausgestattet sind, k\u00f6nnen Sie die Uhr ganz einfach an Ihre t\u00e4glichen Bed\u00fcrfnisse anpassen.<\/p>\n<p><strong>Kautschukarmband:<\/strong><\/p>\n<ul>\n<li>Armband Breite: 22 mm<\/li>\n<li>Titanium buckle<\/li>\n<li>Einfaches Bandwechselsystem<\/li>\n<\/ul>\n","protected":false},"featured_media":14698,"comment_status":"open","ping_status":"closed","template":"","meta":[],"product_brand":[],"product_cat":[2166],"product_tag":[],"class_list":{"0":"post-15350","1":"product","2":"type-product","3":"status-publish","4":"has-post-thumbnail","6":"product_cat-uhrenarmbaender-de","7":"product_shipping_class-flexible-shipping-de","9":"first","10":"instock","11":"taxable","12":"shipping-taxable","13":"purchasable","14":"product-type-simple"},"yoast_head":"<!-- This site is optimized with the Yoast SEO Premium plugin v26.6 (Yoast SEO v26.6) - https:\/\/yoast.com\/wordpress\/plugins\/seo\/ -->\n<title>Swiss Military B.A14100.05 - Weisses Titan Kautschukband<\/title>\n<meta name=\"description\" content=\"Wei\u00dfes Kautschukarmband mit einfachem Klicksystem zum An- und Ablegen, um Ihre TITANIUM 300 Uhr an Ihre t\u00e4glichen Bed\u00fcrfnisse anzupassen. Perfekt f\u00fcr alle sportlichen Aktivit\u00e4ten.\" \/>\n<meta name=\"robots\" content=\"index, follow, max-snippet:-1, max-image-preview:large, max-video-preview:-1\" \/>\n<link rel=\"canonical\" href=\"https:\/\/swissmilitarywatches.ch\/de\/shop\/swiss-military-b-a14100-05-white-rubber-strap-titanium-de\/\" \/>\n<meta property=\"og:locale\" content=\"de_DE\" \/>\n<meta property=\"og:type\" content=\"article\" \/>\n<meta property=\"og:title\" content=\"Swiss Military B.A14100.05 - Weisses Titan Kautschukband\" \/>\n<meta property=\"og:description\" content=\"Wei\u00dfes Kautschukarmband mit einfachem Klicksystem zum An- und Ablegen, um Ihre TITANIUM 300 Uhr an Ihre t\u00e4glichen Bed\u00fcrfnisse anzupassen. Perfekt f\u00fcr alle sportlichen Aktivit\u00e4ten.\" \/>\n<meta property=\"og:url\" content=\"https:\/\/swissmilitarywatches.ch\/de\/shop\/swiss-military-b-a14100-05-white-rubber-strap-titanium-de\/\" \/>\n<meta property=\"og:site_name\" content=\"Swiss Military by Chrono\" \/>\n<meta property=\"article:publisher\" content=\"https:\/\/m.facebook.com\/swissmilitarybychronoofficial\/\" \/>\n<meta property=\"article:modified_time\" content=\"2024-01-24T10:17:52+00:00\" \/>\n<meta property=\"og:image\" content=\"https:\/\/swissmilitarywatches.ch\/wp-content\/uploads\/2023\/03\/B.A14100.05.png\" \/>\n\t<meta property=\"og:image:width\" content=\"1300\" \/>\n\t<meta property=\"og:image:height\" content=\"1642\" \/>\n\t<meta property=\"og:image:type\" content=\"image\/png\" \/>\n<meta name=\"twitter:card\" content=\"summary_large_image\" \/>\n<meta name=\"twitter:label1\" content=\"Preis\" \/>\n\t<meta name=\"twitter:data1\" content=\"&euro;79.00 inkl. MwSt.\" \/>\n\t<meta name=\"twitter:label2\" content=\"Verf\u00fcgbarkeit\" \/>\n\t<meta name=\"twitter:data2\" content=\"Auf Lager\" \/>\n<script type=\"application\/ld+json\" class=\"yoast-schema-graph\">{\"@context\":\"https:\/\/schema.org\",\"@graph\":[{\"@type\":\"WebPage\",\"@id\":\"https:\/\/swissmilitarywatches.ch\/de\/shop\/swiss-military-b-a14100-05-white-rubber-strap-titanium-de\/\",\"url\":\"https:\/\/swissmilitarywatches.ch\/de\/shop\/swiss-military-b-a14100-05-white-rubber-strap-titanium-de\/\",\"name\":\"Swiss Military B.A14100.05 - Weisses Titan Kautschukband\",\"isPartOf\":{\"@id\":\"https:\/\/swissmilitarywatches.ch\/de\/#website\"},\"primaryImageOfPage\":{\"@id\":\"https:\/\/swissmilitarywatches.ch\/de\/shop\/swiss-military-b-a14100-05-white-rubber-strap-titanium-de\/#primaryimage\"},\"image\":{\"@id\":\"https:\/\/swissmilitarywatches.ch\/de\/shop\/swiss-military-b-a14100-05-white-rubber-strap-titanium-de\/#primaryimage\"},\"thumbnailUrl\":\"https:\/\/swissmilitarywatches.ch\/wp-content\/uploads\/2023\/03\/B.A14100.05.png\",\"datePublished\":\"2023-06-06T09:38:30+00:00\",\"dateModified\":\"2024-01-24T10:17:52+00:00\",\"description\":\"Wei\u00dfes Kautschukarmband mit einfachem Klicksystem zum An- und Ablegen, um Ihre TITANIUM 300 Uhr an Ihre t\u00e4glichen Bed\u00fcrfnisse anzupassen. Perfekt f\u00fcr alle sportlichen Aktivit\u00e4ten.\",\"breadcrumb\":{\"@id\":\"https:\/\/swissmilitarywatches.ch\/de\/shop\/swiss-military-b-a14100-05-white-rubber-strap-titanium-de\/#breadcrumb\"},\"inLanguage\":\"de\",\"potentialAction\":[{\"@type\":\"ReadAction\",\"target\":[\"https:\/\/swissmilitarywatches.ch\/de\/shop\/swiss-military-b-a14100-05-white-rubber-strap-titanium-de\/\"]}]},{\"@type\":\"ImageObject\",\"inLanguage\":\"de\",\"@id\":\"https:\/\/swissmilitarywatches.ch\/de\/shop\/swiss-military-b-a14100-05-white-rubber-strap-titanium-de\/#primaryimage\",\"url\":\"https:\/\/swissmilitarywatches.ch\/wp-content\/uploads\/2023\/03\/B.A14100.05.png\",\"contentUrl\":\"https:\/\/swissmilitarywatches.ch\/wp-content\/uploads\/2023\/03\/B.A14100.05.png\",\"width\":1300,\"height\":1642,\"caption\":\"Titanium 300 yellow rubber band\"},{\"@type\":\"BreadcrumbList\",\"@id\":\"https:\/\/swissmilitarywatches.ch\/de\/shop\/swiss-military-b-a14100-05-white-rubber-strap-titanium-de\/#breadcrumb\",\"itemListElement\":[{\"@type\":\"ListItem\",\"position\":1,\"name\":\"Home\",\"item\":\"https:\/\/swissmilitarywatches.ch\/de\/home\/\"},{\"@type\":\"ListItem\",\"position\":2,\"name\":\"Shop\",\"item\":\"https:\/\/swissmilitarywatches.ch\/de\/shop\/\"},{\"@type\":\"ListItem\",\"position\":3,\"name\":\"Uhrenarmb\u00e4nder\",\"item\":\"https:\/\/swissmilitarywatches.ch\/de\/produkt-kategorie\/uhrenarmbaender-de\/\"},{\"@type\":\"ListItem\",\"position\":4,\"name\":\"Swiss Military B.A14100.05 &#8211; Weisses Titan Kautschukband\"}]},{\"@type\":\"WebSite\",\"@id\":\"https:\/\/swissmilitarywatches.ch\/de\/#website\",\"url\":\"https:\/\/swissmilitarywatches.ch\/de\/\",\"name\":\"Swiss Military by Chrono\",\"description\":\"Official Licensed Product of the Swiss Confederation\",\"publisher\":{\"@id\":\"https:\/\/swissmilitarywatches.ch\/de\/#organization\"},\"potentialAction\":[{\"@type\":\"SearchAction\",\"target\":{\"@type\":\"EntryPoint\",\"urlTemplate\":\"https:\/\/swissmilitarywatches.ch\/de\/?s={search_term_string}\"},\"query-input\":{\"@type\":\"PropertyValueSpecification\",\"valueRequired\":true,\"valueName\":\"search_term_string\"}}],\"inLanguage\":\"de\"},{\"@type\":\"Organization\",\"@id\":\"https:\/\/swissmilitarywatches.ch\/de\/#organization\",\"name\":\"Swiss Military by Chrono\",\"url\":\"https:\/\/swissmilitarywatches.ch\/de\/\",\"logo\":{\"@type\":\"ImageObject\",\"inLanguage\":\"de\",\"@id\":\"https:\/\/swissmilitarywatches.ch\/de\/#\/schema\/logo\/image\/\",\"url\":\"https:\/\/swissmilitarywatches.ch\/wp-content\/uploads\/2020\/04\/cropped-SM_logo_512x512px.jpg\",\"contentUrl\":\"https:\/\/swissmilitarywatches.ch\/wp-content\/uploads\/2020\/04\/cropped-SM_logo_512x512px.jpg\",\"width\":512,\"height\":512,\"caption\":\"Swiss Military by Chrono\"},\"image\":{\"@id\":\"https:\/\/swissmilitarywatches.ch\/de\/#\/schema\/logo\/image\/\"},\"sameAs\":[\"https:\/\/m.facebook.com\/swissmilitarybychronoofficial\/\",\"https:\/\/www.instagram.com\/swissmilitarybychrono\/\",\"https:\/\/www.pinterest.ch\/swissmilitarybychrono\/\"]}]}<\/script>\n<meta property=\"product:brand\" content=\"Swiss Military by Chrono\" \/>\n<meta property=\"product:price:amount\" content=\"79.00\" \/>\n<meta property=\"product:price:currency\" content=\"EUR\" \/>\n<meta property=\"og:availability\" content=\"instock\" \/>\n<meta property=\"product:availability\" content=\"instock\" \/>\n<meta property=\"product:retailer_item_id\" content=\"B.A14100.05\" \/>\n<meta property=\"product:condition\" content=\"new\" \/>\n<!-- \/ Yoast SEO Premium plugin. -->","yoast_head_json":{"title":"Swiss Military B.A14100.05 - Weisses Titan Kautschukband","description":"Wei\u00dfes Kautschukarmband mit einfachem Klicksystem zum An- und Ablegen, um Ihre TITANIUM 300 Uhr an Ihre t\u00e4glichen Bed\u00fcrfnisse anzupassen. Perfekt f\u00fcr alle sportlichen Aktivit\u00e4ten.","robots":{"index":"index","follow":"follow","max-snippet":"max-snippet:-1","max-image-preview":"max-image-preview:large","max-video-preview":"max-video-preview:-1"},"canonical":"https:\/\/swissmilitarywatches.ch\/de\/shop\/swiss-military-b-a14100-05-white-rubber-strap-titanium-de\/","og_locale":"de_DE","og_type":"article","og_title":"Swiss Military B.A14100.05 - Weisses Titan Kautschukband","og_description":"Wei\u00dfes Kautschukarmband mit einfachem Klicksystem zum An- und Ablegen, um Ihre TITANIUM 300 Uhr an Ihre t\u00e4glichen Bed\u00fcrfnisse anzupassen. Perfekt f\u00fcr alle sportlichen Aktivit\u00e4ten.","og_url":"https:\/\/swissmilitarywatches.ch\/de\/shop\/swiss-military-b-a14100-05-white-rubber-strap-titanium-de\/","og_site_name":"Swiss Military by Chrono","article_publisher":"https:\/\/m.facebook.com\/swissmilitarybychronoofficial\/","article_modified_time":"2024-01-24T10:17:52+00:00","og_image":[{"width":1300,"height":1642,"url":"https:\/\/swissmilitarywatches.ch\/wp-content\/uploads\/2023\/03\/B.A14100.05.png","type":"image\/png"}],"twitter_card":"summary_large_image","twitter_misc":{"Preis":"&euro;79.00 inkl. MwSt.","Verf\u00fcgbarkeit":"Auf Lager"},"schema":{"@context":"https:\/\/schema.org","@graph":[{"@type":"WebPage","@id":"https:\/\/swissmilitarywatches.ch\/de\/shop\/swiss-military-b-a14100-05-white-rubber-strap-titanium-de\/","url":"https:\/\/swissmilitarywatches.ch\/de\/shop\/swiss-military-b-a14100-05-white-rubber-strap-titanium-de\/","name":"Swiss Military B.A14100.05 - Weisses Titan Kautschukband","isPartOf":{"@id":"https:\/\/swissmilitarywatches.ch\/de\/#website"},"primaryImageOfPage":{"@id":"https:\/\/swissmilitarywatches.ch\/de\/shop\/swiss-military-b-a14100-05-white-rubber-strap-titanium-de\/#primaryimage"},"image":{"@id":"https:\/\/swissmilitarywatches.ch\/de\/shop\/swiss-military-b-a14100-05-white-rubber-strap-titanium-de\/#primaryimage"},"thumbnailUrl":"https:\/\/swissmilitarywatches.ch\/wp-content\/uploads\/2023\/03\/B.A14100.05.png","datePublished":"2023-06-06T09:38:30+00:00","dateModified":"2024-01-24T10:17:52+00:00","description":"Wei\u00dfes Kautschukarmband mit einfachem Klicksystem zum An- und Ablegen, um Ihre TITANIUM 300 Uhr an Ihre t\u00e4glichen Bed\u00fcrfnisse anzupassen. Perfekt f\u00fcr alle sportlichen Aktivit\u00e4ten.","breadcrumb":{"@id":"https:\/\/swissmilitarywatches.ch\/de\/shop\/swiss-military-b-a14100-05-white-rubber-strap-titanium-de\/#breadcrumb"},"inLanguage":"de","potentialAction":[{"@type":"ReadAction","target":["https:\/\/swissmilitarywatches.ch\/de\/shop\/swiss-military-b-a14100-05-white-rubber-strap-titanium-de\/"]}]},{"@type":"ImageObject","inLanguage":"de","@id":"https:\/\/swissmilitarywatches.ch\/de\/shop\/swiss-military-b-a14100-05-white-rubber-strap-titanium-de\/#primaryimage","url":"https:\/\/swissmilitarywatches.ch\/wp-content\/uploads\/2023\/03\/B.A14100.05.png","contentUrl":"https:\/\/swissmilitarywatches.ch\/wp-content\/uploads\/2023\/03\/B.A14100.05.png","width":1300,"height":1642,"caption":"Titanium 300 yellow rubber band"},{"@type":"BreadcrumbList","@id":"https:\/\/swissmilitarywatches.ch\/de\/shop\/swiss-military-b-a14100-05-white-rubber-strap-titanium-de\/#breadcrumb","itemListElement":[{"@type":"ListItem","position":1,"name":"Home","item":"https:\/\/swissmilitarywatches.ch\/de\/home\/"},{"@type":"ListItem","position":2,"name":"Shop","item":"https:\/\/swissmilitarywatches.ch\/de\/shop\/"},{"@type":"ListItem","position":3,"name":"Uhrenarmb\u00e4nder","item":"https:\/\/swissmilitarywatches.ch\/de\/produkt-kategorie\/uhrenarmbaender-de\/"},{"@type":"ListItem","position":4,"name":"Swiss Military B.A14100.05 &#8211; Weisses Titan Kautschukband"}]},{"@type":"WebSite","@id":"https:\/\/swissmilitarywatches.ch\/de\/#website","url":"https:\/\/swissmilitarywatches.ch\/de\/","name":"Swiss Military by Chrono","description":"Official Licensed Product of the Swiss Confederation","publisher":{"@id":"https:\/\/swissmilitarywatches.ch\/de\/#organization"},"potentialAction":[{"@type":"SearchAction","target":{"@type":"EntryPoint","urlTemplate":"https:\/\/swissmilitarywatches.ch\/de\/?s={search_term_string}"},"query-input":{"@type":"PropertyValueSpecification","valueRequired":true,"valueName":"search_term_string"}}],"inLanguage":"de"},{"@type":"Organization","@id":"https:\/\/swissmilitarywatches.ch\/de\/#organization","name":"Swiss Military by Chrono","url":"https:\/\/swissmilitarywatches.ch\/de\/","logo":{"@type":"ImageObject","inLanguage":"de","@id":"https:\/\/swissmilitarywatches.ch\/de\/#\/schema\/logo\/image\/","url":"https:\/\/swissmilitarywatches.ch\/wp-content\/uploads\/2020\/04\/cropped-SM_logo_512x512px.jpg","contentUrl":"https:\/\/swissmilitarywatches.ch\/wp-content\/uploads\/2020\/04\/cropped-SM_logo_512x512px.jpg","width":512,"height":512,"caption":"Swiss Military by Chrono"},"image":{"@id":"https:\/\/swissmilitarywatches.ch\/de\/#\/schema\/logo\/image\/"},"sameAs":["https:\/\/m.facebook.com\/swissmilitarybychronoofficial\/","https:\/\/www.instagram.com\/swissmilitarybychrono\/","https:\/\/www.pinterest.ch\/swissmilitarybychrono\/"]}]},"product_brand":"Swiss Military by Chrono","product_price_amount":"79.00","product_price_currency":"EUR","og_availability":"instock","product_availability":"instock","product_retailer_item_id":"B.A14100.05","product_condition":"new"},"jetpack_sharing_enabled":true,"_links":{"self":[{"href":"https:\/\/swissmilitarywatches.ch\/de\/wp-json\/wp\/v2\/product\/15350","targetHints":{"allow":["GET"]}}],"collection":[{"href":"https:\/\/swissmilitarywatches.ch\/de\/wp-json\/wp\/v2\/product"}],"about":[{"href":"https:\/\/swissmilitarywatches.ch\/de\/wp-json\/wp\/v2\/types\/product"}],"replies":[{"embeddable":true,"href":"https:\/\/swissmilitarywatches.ch\/de\/wp-json\/wp\/v2\/comments?post=15350"}],"wp:featuredmedia":[{"embeddable":true,"href":"https:\/\/swissmilitarywatches.ch\/de\/wp-json\/wp\/v2\/media\/14698"}],"wp:attachment":[{"href":"https:\/\/swissmilitarywatches.ch\/de\/wp-json\/wp\/v2\/media?parent=15350"}],"wp:term":[{"taxonomy":"product_brand","embeddable":true,"href":"https:\/\/swissmilitarywatches.ch\/de\/wp-json\/wp\/v2\/product_brand?post=15350"},{"taxonomy":"product_cat","embeddable":true,"href":"https:\/\/swissmilitarywatches.ch\/de\/wp-json\/wp\/v2\/product_cat?post=15350"},{"taxonomy":"product_tag","embeddable":true,"href":"https:\/\/swissmilitarywatches.ch\/de\/wp-json\/wp\/v2\/product_tag?post=15350"}],"curies":[{"name":"wp","href":"https:\/\/api.w.org\/{rel}","templated":true}]}}