{"id":14664,"date":"2023-03-29T09:35:43","date_gmt":"2023-03-29T07:35:43","guid":{"rendered":"https:\/\/swissmilitarywatches.ch\/?post_type=product&#038;p=14664"},"modified":"2025-11-24T00:01:15","modified_gmt":"2025-11-23T22:01:15","slug":"swiss-military-sma34100-03-titanium-300-outdoor-watch-de","status":"publish","type":"product","link":"https:\/\/swissmilitarywatches.ch\/de\/shop\/swiss-military-sma34100-03-titanium-300-outdoor-watch-de\/","title":{"rendered":"Swiss Military SMA34100.03 &#8211; Titanium 300 Outdoor-Uhr"},"content":{"rendered":"<p>Die neue SMA34100 Titanium 300 ist aus ultrarobustem und leichtem Titan gefertigt und ist die perfekte Outdoor-Uhr. Das geringe Gewicht verspricht ein absolut angenehmes Tragegef\u00fchl, insbesondere bei sportlichen Aktivit\u00e4ten oder l\u00e4ngerem Tragen, w\u00e4hrend die Festigkeit des Materials diese Titanuhr zu einem \u00fcberaus robusten Begleiter macht. Das bis zu 300M druckbest\u00e4ndige Geh\u00e4use mit verschraubter Krone ist mit einer einseitig drehbaren Keramikl\u00fcnette ausgestattet. Diese Sportuhr aus Titan wird mit einem ultraleichten Titanarmband mit Sicherheitsverschluss geliefert. Das blaue Zifferblatt ist durch kratzfestes Saphirglas gesch\u00fctzt. Au\u00dferdem sind die Zeiger und Stundenmarkierungen dieser robusten Titanuhr mit hellgr\u00fcnem SuperLuminova beschichtet und erleichtern das Ablesen der Zeit unter Wasser oder bei schlechten Lichtverh\u00e4ltnissen. Der helle Grauton des Titans sorgt f\u00fcr eine au\u00dfergew\u00f6hnliche Optik und unterstreicht die technische Raffinesse dieser leichten Automatikuhr.<\/p>\n<p>Die SMA34100 Titanium 300 ist in verschiedenen auff\u00e4lligen Farbkombinationen und wahlweise mit Titan- oder Kautschukband erh\u00e4ltlich. Beide Armb\u00e4nder k\u00f6nnen dank eines Easy-Click-Systems leicht ausgetauscht werden, um eine maximale Anpassung an Deine t\u00e4glichen Bed\u00fcrfnisse zu gew\u00e4hrleisten.<\/p>\n<p>Diese robuste, leichte Titanuhr wird von einem Swiss Made-Automatikwerk von Sellita angetrieben und in unserem <a href=\"https:\/\/swissmilitarywatches.ch\/de\/die-marke\/#brand-swiss-made\">hauseigenen Uhrenatelier<\/a> von Hand montiert. Als Versprechen f\u00fcr unsere Swiss Military Swiss Made-Qualit\u00e4t unterliegt diese Titan-Outdoor-Uhr einer <a href=\"https:\/\/swissmilitarywatches.ch\/de\/garantie\/\">5-j\u00e4hrigen internationalen Garantie.<\/a><\/p>\n","protected":false},"excerpt":{"rendered":"<h2><span style=\"font-size: 80%;\"><strong>Ultra-robuste Titan-Leichtgewicht-Uhr<\/strong><\/span><\/h2>\n<p>Die neue SMA34100 Titanium 300 ist die perfekte Outdoor-Uhr aus ultra-robustem und leichtem Titanium. Dar\u00fcber hinaus ist dieser Zeitmesser mit Titanband vollgepackt mit hochwertigen Funktionen, die einer wirklich robusten Swiss Made-Outdoor-Uhr angemessen sind:<\/p>\n<ul>\n<li>Swiss-made in-house Produktion<\/li>\n<li>Hochdruckbest\u00e4ndiges Titangeh\u00e4use<\/li>\n<li>Keramiklunette<\/li>\n<li>Kratzfestes Saphirglas<\/li>\n<li>Wasserdicht bis zu 300\/1000FT<\/li>\n<li>Verschraubte Krone<\/li>\n<li>Mechanische Swiss-Made-Uhrwerk<\/li>\n<li>5 Jahre internationale Garantie<\/li>\n<\/ul>\n","protected":false},"featured_media":14072,"comment_status":"open","ping_status":"closed","template":"","meta":[],"product_brand":[],"product_cat":[3067,2507,1604,1607,1605,2131],"product_tag":[],"class_list":{"0":"post-14664","1":"product","2":"type-product","3":"status-publish","4":"has-post-thumbnail","6":"product_cat-outdoor-uhren","7":"product_cat-sma34100-titanium300-spezialedition","8":"product_cat-alle-uhren","9":"product_cat-herrenuhren","10":"product_cat-mechanische-uhren","11":"product_cat-uhren-mit-sonderfunktion","12":"product_shipping_class-flexible-shipping-de","14":"first","15":"instock","16":"taxable","17":"shipping-taxable","18":"purchasable","19":"product-type-simple"},"yoast_head":"<!-- This site is optimized with the Yoast SEO Premium plugin v26.6 (Yoast SEO v26.6) - https:\/\/yoast.com\/wordpress\/plugins\/seo\/ -->\n<title>Swiss Military SMA34100.03 - Titanium 300 Outdoor-Uhr - Swiss Military by Chrono<\/title>\n<meta name=\"description\" content=\"Die automatische Titanium 300 Lightweight Outdoor Uhr ist aus ultra-robustem Titan gefertigt und verf\u00fcgt \u00fcber eine Keramikl\u00fcnette und Saphirglas. 5-Jahre-Garantie\" \/>\n<meta name=\"robots\" content=\"index, follow, max-snippet:-1, max-image-preview:large, max-video-preview:-1\" \/>\n<link rel=\"canonical\" href=\"https:\/\/swissmilitarywatches.ch\/de\/shop\/swiss-military-sma34100-03-titanium-300-outdoor-watch-de\/\" \/>\n<meta property=\"og:locale\" content=\"de_DE\" \/>\n<meta property=\"og:type\" content=\"article\" \/>\n<meta property=\"og:title\" content=\"Swiss Military SMA34100.03 - Titanium 300 Outdoor-Uhr\" \/>\n<meta property=\"og:description\" content=\"Die automatische Titanium 300 Lightweight Outdoor Uhr ist aus ultra-robustem Titan gefertigt und verf\u00fcgt \u00fcber eine Keramikl\u00fcnette und Saphirglas. 5-Jahre-Garantie\" \/>\n<meta property=\"og:url\" content=\"https:\/\/swissmilitarywatches.ch\/de\/shop\/swiss-military-sma34100-03-titanium-300-outdoor-watch-de\/\" \/>\n<meta property=\"og:site_name\" content=\"Swiss Military by Chrono\" \/>\n<meta property=\"article:publisher\" content=\"https:\/\/m.facebook.com\/swissmilitarybychronoofficial\/\" \/>\n<meta property=\"article:modified_time\" content=\"2025-11-23T22:01:15+00:00\" \/>\n<meta property=\"og:image\" content=\"https:\/\/swissmilitarywatches.ch\/wp-content\/uploads\/2023\/03\/SMA34100.03.png\" \/>\n\t<meta property=\"og:image:width\" content=\"1300\" \/>\n\t<meta property=\"og:image:height\" content=\"1642\" \/>\n\t<meta property=\"og:image:type\" content=\"image\/png\" \/>\n<meta name=\"twitter:card\" content=\"summary_large_image\" \/>\n<meta name=\"twitter:label1\" content=\"Preis\" \/>\n\t<meta name=\"twitter:data1\" content=\"&euro;1,099.00 inkl. MwSt.\" \/>\n\t<meta name=\"twitter:label2\" content=\"Verf\u00fcgbarkeit\" \/>\n\t<meta name=\"twitter:data2\" content=\"Auf Lager\" \/>\n<script type=\"application\/ld+json\" class=\"yoast-schema-graph\">{\"@context\":\"https:\/\/schema.org\",\"@graph\":[{\"@type\":\"WebPage\",\"@id\":\"https:\/\/swissmilitarywatches.ch\/de\/shop\/swiss-military-sma34100-03-titanium-300-outdoor-watch-de\/\",\"url\":\"https:\/\/swissmilitarywatches.ch\/de\/shop\/swiss-military-sma34100-03-titanium-300-outdoor-watch-de\/\",\"name\":\"Swiss Military SMA34100.03 - Titanium 300 Outdoor-Uhr - Swiss Military by Chrono\",\"isPartOf\":{\"@id\":\"https:\/\/swissmilitarywatches.ch\/de\/#website\"},\"primaryImageOfPage\":{\"@id\":\"https:\/\/swissmilitarywatches.ch\/de\/shop\/swiss-military-sma34100-03-titanium-300-outdoor-watch-de\/#primaryimage\"},\"image\":{\"@id\":\"https:\/\/swissmilitarywatches.ch\/de\/shop\/swiss-military-sma34100-03-titanium-300-outdoor-watch-de\/#primaryimage\"},\"thumbnailUrl\":\"https:\/\/swissmilitarywatches.ch\/wp-content\/uploads\/2023\/03\/SMA34100.03.png\",\"datePublished\":\"2023-03-29T07:35:43+00:00\",\"dateModified\":\"2025-11-23T22:01:15+00:00\",\"description\":\"Die automatische Titanium 300 Lightweight Outdoor Uhr ist aus ultra-robustem Titan gefertigt und verf\u00fcgt \u00fcber eine Keramikl\u00fcnette und Saphirglas. 5-Jahre-Garantie\",\"breadcrumb\":{\"@id\":\"https:\/\/swissmilitarywatches.ch\/de\/shop\/swiss-military-sma34100-03-titanium-300-outdoor-watch-de\/#breadcrumb\"},\"inLanguage\":\"de\",\"potentialAction\":[{\"@type\":\"ReadAction\",\"target\":[\"https:\/\/swissmilitarywatches.ch\/de\/shop\/swiss-military-sma34100-03-titanium-300-outdoor-watch-de\/\"]}]},{\"@type\":\"ImageObject\",\"inLanguage\":\"de\",\"@id\":\"https:\/\/swissmilitarywatches.ch\/de\/shop\/swiss-military-sma34100-03-titanium-300-outdoor-watch-de\/#primaryimage\",\"url\":\"https:\/\/swissmilitarywatches.ch\/wp-content\/uploads\/2023\/03\/SMA34100.03.png\",\"contentUrl\":\"https:\/\/swissmilitarywatches.ch\/wp-content\/uploads\/2023\/03\/SMA34100.03.png\",\"width\":1300,\"height\":1642,\"caption\":\"SMA34100.03 - Titanium Lightweight Outdoor Watch\"},{\"@type\":\"BreadcrumbList\",\"@id\":\"https:\/\/swissmilitarywatches.ch\/de\/shop\/swiss-military-sma34100-03-titanium-300-outdoor-watch-de\/#breadcrumb\",\"itemListElement\":[{\"@type\":\"ListItem\",\"position\":1,\"name\":\"Home\",\"item\":\"https:\/\/swissmilitarywatches.ch\/de\/home\/\"},{\"@type\":\"ListItem\",\"position\":2,\"name\":\"Shop\",\"item\":\"https:\/\/swissmilitarywatches.ch\/de\/shop\/\"},{\"@type\":\"ListItem\",\"position\":3,\"name\":\"Alle Uhren\",\"item\":\"https:\/\/swissmilitarywatches.ch\/de\/produkt-kategorie\/alle-uhren\/\"},{\"@type\":\"ListItem\",\"position\":4,\"name\":\"Herrenuhren\",\"item\":\"https:\/\/swissmilitarywatches.ch\/de\/produkt-kategorie\/alle-uhren\/herrenuhren\/\"},{\"@type\":\"ListItem\",\"position\":5,\"name\":\"Mechanische Uhren\",\"item\":\"https:\/\/swissmilitarywatches.ch\/de\/produkt-kategorie\/alle-uhren\/herrenuhren\/mechanische-uhren\/\"},{\"@type\":\"ListItem\",\"position\":6,\"name\":\"Swiss Military SMA34100.03 &#8211; Titanium 300 Outdoor-Uhr\"}]},{\"@type\":\"WebSite\",\"@id\":\"https:\/\/swissmilitarywatches.ch\/de\/#website\",\"url\":\"https:\/\/swissmilitarywatches.ch\/de\/\",\"name\":\"Swiss Military by Chrono\",\"description\":\"Official Licensed Product of the Swiss Confederation\",\"publisher\":{\"@id\":\"https:\/\/swissmilitarywatches.ch\/de\/#organization\"},\"potentialAction\":[{\"@type\":\"SearchAction\",\"target\":{\"@type\":\"EntryPoint\",\"urlTemplate\":\"https:\/\/swissmilitarywatches.ch\/de\/?s={search_term_string}\"},\"query-input\":{\"@type\":\"PropertyValueSpecification\",\"valueRequired\":true,\"valueName\":\"search_term_string\"}}],\"inLanguage\":\"de\"},{\"@type\":\"Organization\",\"@id\":\"https:\/\/swissmilitarywatches.ch\/de\/#organization\",\"name\":\"Swiss Military by Chrono\",\"url\":\"https:\/\/swissmilitarywatches.ch\/de\/\",\"logo\":{\"@type\":\"ImageObject\",\"inLanguage\":\"de\",\"@id\":\"https:\/\/swissmilitarywatches.ch\/de\/#\/schema\/logo\/image\/\",\"url\":\"https:\/\/swissmilitarywatches.ch\/wp-content\/uploads\/2020\/04\/cropped-SM_logo_512x512px.jpg\",\"contentUrl\":\"https:\/\/swissmilitarywatches.ch\/wp-content\/uploads\/2020\/04\/cropped-SM_logo_512x512px.jpg\",\"width\":512,\"height\":512,\"caption\":\"Swiss Military by Chrono\"},\"image\":{\"@id\":\"https:\/\/swissmilitarywatches.ch\/de\/#\/schema\/logo\/image\/\"},\"sameAs\":[\"https:\/\/m.facebook.com\/swissmilitarybychronoofficial\/\",\"https:\/\/www.instagram.com\/swissmilitarybychrono\/\",\"https:\/\/www.pinterest.ch\/swissmilitarybychrono\/\"]}]}<\/script>\n<meta property=\"product:brand\" content=\"Swiss Military by Chrono\" \/>\n<meta property=\"product:price:amount\" content=\"1099.00\" \/>\n<meta property=\"product:price:currency\" content=\"EUR\" \/>\n<meta property=\"og:availability\" content=\"instock\" \/>\n<meta property=\"product:availability\" content=\"instock\" \/>\n<meta property=\"product:retailer_item_id\" content=\"SMA34100.03\" \/>\n<meta property=\"product:condition\" content=\"new\" \/>\n<!-- \/ Yoast SEO Premium plugin. -->","yoast_head_json":{"title":"Swiss Military SMA34100.03 - Titanium 300 Outdoor-Uhr - Swiss Military by Chrono","description":"Die automatische Titanium 300 Lightweight Outdoor Uhr ist aus ultra-robustem Titan gefertigt und verf\u00fcgt \u00fcber eine Keramikl\u00fcnette und Saphirglas. 5-Jahre-Garantie","robots":{"index":"index","follow":"follow","max-snippet":"max-snippet:-1","max-image-preview":"max-image-preview:large","max-video-preview":"max-video-preview:-1"},"canonical":"https:\/\/swissmilitarywatches.ch\/de\/shop\/swiss-military-sma34100-03-titanium-300-outdoor-watch-de\/","og_locale":"de_DE","og_type":"article","og_title":"Swiss Military SMA34100.03 - Titanium 300 Outdoor-Uhr","og_description":"Die automatische Titanium 300 Lightweight Outdoor Uhr ist aus ultra-robustem Titan gefertigt und verf\u00fcgt \u00fcber eine Keramikl\u00fcnette und Saphirglas. 5-Jahre-Garantie","og_url":"https:\/\/swissmilitarywatches.ch\/de\/shop\/swiss-military-sma34100-03-titanium-300-outdoor-watch-de\/","og_site_name":"Swiss Military by Chrono","article_publisher":"https:\/\/m.facebook.com\/swissmilitarybychronoofficial\/","article_modified_time":"2025-11-23T22:01:15+00:00","og_image":[{"width":1300,"height":1642,"url":"https:\/\/swissmilitarywatches.ch\/wp-content\/uploads\/2023\/03\/SMA34100.03.png","type":"image\/png"}],"twitter_card":"summary_large_image","twitter_misc":{"Preis":"&euro;1,099.00 inkl. MwSt.","Verf\u00fcgbarkeit":"Auf Lager"},"schema":{"@context":"https:\/\/schema.org","@graph":[{"@type":"WebPage","@id":"https:\/\/swissmilitarywatches.ch\/de\/shop\/swiss-military-sma34100-03-titanium-300-outdoor-watch-de\/","url":"https:\/\/swissmilitarywatches.ch\/de\/shop\/swiss-military-sma34100-03-titanium-300-outdoor-watch-de\/","name":"Swiss Military SMA34100.03 - Titanium 300 Outdoor-Uhr - Swiss Military by Chrono","isPartOf":{"@id":"https:\/\/swissmilitarywatches.ch\/de\/#website"},"primaryImageOfPage":{"@id":"https:\/\/swissmilitarywatches.ch\/de\/shop\/swiss-military-sma34100-03-titanium-300-outdoor-watch-de\/#primaryimage"},"image":{"@id":"https:\/\/swissmilitarywatches.ch\/de\/shop\/swiss-military-sma34100-03-titanium-300-outdoor-watch-de\/#primaryimage"},"thumbnailUrl":"https:\/\/swissmilitarywatches.ch\/wp-content\/uploads\/2023\/03\/SMA34100.03.png","datePublished":"2023-03-29T07:35:43+00:00","dateModified":"2025-11-23T22:01:15+00:00","description":"Die automatische Titanium 300 Lightweight Outdoor Uhr ist aus ultra-robustem Titan gefertigt und verf\u00fcgt \u00fcber eine Keramikl\u00fcnette und Saphirglas. 5-Jahre-Garantie","breadcrumb":{"@id":"https:\/\/swissmilitarywatches.ch\/de\/shop\/swiss-military-sma34100-03-titanium-300-outdoor-watch-de\/#breadcrumb"},"inLanguage":"de","potentialAction":[{"@type":"ReadAction","target":["https:\/\/swissmilitarywatches.ch\/de\/shop\/swiss-military-sma34100-03-titanium-300-outdoor-watch-de\/"]}]},{"@type":"ImageObject","inLanguage":"de","@id":"https:\/\/swissmilitarywatches.ch\/de\/shop\/swiss-military-sma34100-03-titanium-300-outdoor-watch-de\/#primaryimage","url":"https:\/\/swissmilitarywatches.ch\/wp-content\/uploads\/2023\/03\/SMA34100.03.png","contentUrl":"https:\/\/swissmilitarywatches.ch\/wp-content\/uploads\/2023\/03\/SMA34100.03.png","width":1300,"height":1642,"caption":"SMA34100.03 - Titanium Lightweight Outdoor Watch"},{"@type":"BreadcrumbList","@id":"https:\/\/swissmilitarywatches.ch\/de\/shop\/swiss-military-sma34100-03-titanium-300-outdoor-watch-de\/#breadcrumb","itemListElement":[{"@type":"ListItem","position":1,"name":"Home","item":"https:\/\/swissmilitarywatches.ch\/de\/home\/"},{"@type":"ListItem","position":2,"name":"Shop","item":"https:\/\/swissmilitarywatches.ch\/de\/shop\/"},{"@type":"ListItem","position":3,"name":"Alle Uhren","item":"https:\/\/swissmilitarywatches.ch\/de\/produkt-kategorie\/alle-uhren\/"},{"@type":"ListItem","position":4,"name":"Herrenuhren","item":"https:\/\/swissmilitarywatches.ch\/de\/produkt-kategorie\/alle-uhren\/herrenuhren\/"},{"@type":"ListItem","position":5,"name":"Mechanische Uhren","item":"https:\/\/swissmilitarywatches.ch\/de\/produkt-kategorie\/alle-uhren\/herrenuhren\/mechanische-uhren\/"},{"@type":"ListItem","position":6,"name":"Swiss Military SMA34100.03 &#8211; Titanium 300 Outdoor-Uhr"}]},{"@type":"WebSite","@id":"https:\/\/swissmilitarywatches.ch\/de\/#website","url":"https:\/\/swissmilitarywatches.ch\/de\/","name":"Swiss Military by Chrono","description":"Official Licensed Product of the Swiss Confederation","publisher":{"@id":"https:\/\/swissmilitarywatches.ch\/de\/#organization"},"potentialAction":[{"@type":"SearchAction","target":{"@type":"EntryPoint","urlTemplate":"https:\/\/swissmilitarywatches.ch\/de\/?s={search_term_string}"},"query-input":{"@type":"PropertyValueSpecification","valueRequired":true,"valueName":"search_term_string"}}],"inLanguage":"de"},{"@type":"Organization","@id":"https:\/\/swissmilitarywatches.ch\/de\/#organization","name":"Swiss Military by Chrono","url":"https:\/\/swissmilitarywatches.ch\/de\/","logo":{"@type":"ImageObject","inLanguage":"de","@id":"https:\/\/swissmilitarywatches.ch\/de\/#\/schema\/logo\/image\/","url":"https:\/\/swissmilitarywatches.ch\/wp-content\/uploads\/2020\/04\/cropped-SM_logo_512x512px.jpg","contentUrl":"https:\/\/swissmilitarywatches.ch\/wp-content\/uploads\/2020\/04\/cropped-SM_logo_512x512px.jpg","width":512,"height":512,"caption":"Swiss Military by Chrono"},"image":{"@id":"https:\/\/swissmilitarywatches.ch\/de\/#\/schema\/logo\/image\/"},"sameAs":["https:\/\/m.facebook.com\/swissmilitarybychronoofficial\/","https:\/\/www.instagram.com\/swissmilitarybychrono\/","https:\/\/www.pinterest.ch\/swissmilitarybychrono\/"]}]},"product_brand":"Swiss Military by Chrono","product_price_amount":"1099.00","product_price_currency":"EUR","og_availability":"instock","product_availability":"instock","product_retailer_item_id":"SMA34100.03","product_condition":"new"},"jetpack_sharing_enabled":true,"_links":{"self":[{"href":"https:\/\/swissmilitarywatches.ch\/de\/wp-json\/wp\/v2\/product\/14664","targetHints":{"allow":["GET"]}}],"collection":[{"href":"https:\/\/swissmilitarywatches.ch\/de\/wp-json\/wp\/v2\/product"}],"about":[{"href":"https:\/\/swissmilitarywatches.ch\/de\/wp-json\/wp\/v2\/types\/product"}],"replies":[{"embeddable":true,"href":"https:\/\/swissmilitarywatches.ch\/de\/wp-json\/wp\/v2\/comments?post=14664"}],"wp:featuredmedia":[{"embeddable":true,"href":"https:\/\/swissmilitarywatches.ch\/de\/wp-json\/wp\/v2\/media\/14072"}],"wp:attachment":[{"href":"https:\/\/swissmilitarywatches.ch\/de\/wp-json\/wp\/v2\/media?parent=14664"}],"wp:term":[{"taxonomy":"product_brand","embeddable":true,"href":"https:\/\/swissmilitarywatches.ch\/de\/wp-json\/wp\/v2\/product_brand?post=14664"},{"taxonomy":"product_cat","embeddable":true,"href":"https:\/\/swissmilitarywatches.ch\/de\/wp-json\/wp\/v2\/product_cat?post=14664"},{"taxonomy":"product_tag","embeddable":true,"href":"https:\/\/swissmilitarywatches.ch\/de\/wp-json\/wp\/v2\/product_tag?post=14664"}],"curies":[{"name":"wp","href":"https:\/\/api.w.org\/{rel}","templated":true}]}}