{"id":14124,"date":"2023-03-29T09:35:43","date_gmt":"2023-03-29T07:35:43","guid":{"rendered":"https:\/\/swissmilitarywatches.ch\/shop\/swiss-military-sm34094-01-schweizer-edelstahluhr-fuer-herren\/"},"modified":"2025-11-24T00:01:14","modified_gmt":"2025-11-23T22:01:14","slug":"swiss-military-sm34094-01-swiss-stainless-steel-watch-for-men-de","status":"publish","type":"product","link":"https:\/\/swissmilitarywatches.ch\/de\/shop\/swiss-military-sm34094-01-swiss-stainless-steel-watch-for-men-de\/","title":{"rendered":"Swiss Military SM34094.01 &#8211; Schweizer Edelstahluhr f\u00fcr Herren"},"content":{"rendered":"<p>Diese Schweizer Herrenuhr aus Edelstahl ist perfekt f\u00fcr alle M\u00e4nner, die einen zuverl\u00e4ssigen Zeitmesser f\u00fcr ihr t\u00e4gliches Leben suchen. Die abenteuerliche, aber m\u00fchelos elegante DNA dieser Herrenuhr passt perfekt zu Ihrem Lebensstil, ob im Beruf oder in der Freizeit. Das \u00e4u\u00dferlich schlanke Ganzstahldesign tr\u00e4gt ein sportliches Zifferblatt im Milit\u00e4rstil. Das mattschwarze Zifferblatt dieser Herrenuhr aus Stahl verf\u00fcgt \u00fcber gut ablesbare, sportliche Indexe und eine markante Datumsanzeige.<\/p>\n<p>Das Geh\u00e4use und das Armband dieser Schweizer Herrenuhr sind aus robustem Edelstahl gefertigt. Ein robustes Mineralglas sch\u00fctzt das silberne Zifferblatt. Alle Stundenmarkierungen sowie der Stunden- und Minutenzeiger leuchten im Dunkeln. Diese blaue Schweizer Herrenuhr wird von einem Swiss Made-Quarzwerk angetrieben und in unserem <a href=\"https:\/\/swissmilitarywatches.ch\/de\/die-marke\/#brand-swiss-made\" target=\"_blank\" rel=\"noopener noreferrer\">hauseigenen Uhrenatelier<\/a> von Hand zusammengesetzt. Als Versprechen f\u00fcr unsere Swiss Military Swiss Made-Qualit\u00e4t unterliegt diese Uhr einer <a href=\"https:\/\/swissmilitarywatches.ch\/de\/garantie\/\">5-Jahres-Garantie<\/a>.<\/p>\n","protected":false},"excerpt":{"rendered":"<h2><span style=\"font-size: 80%;\">Zeitlose Military Stahluhr f\u00fcr M\u00e4nner<\/span><\/h2>\n<p>Diese Schweizer Stahluhr f\u00fcr Herren ist mit einem eleganten Edelstahlgeh\u00e4use und -armband ausgestattet. Das schwarze Zifferblatt verf\u00fcgt \u00fcber gut ablesbare, sportliche Indexe und eine markante Datumsanzeige.<\/p>\n<p>Dar\u00fcber hinaus ist diese milit\u00e4rische Herrenuhr mit allen unseren Swiss Made Qualit\u00e4tsmerkmalen ausgestattet:<\/p>\n<ul>\n<li>Swiss-made in-house Produktion<\/li>\n<li>Edelstahl Geh\u00e4use<\/li>\n<li>Robustes Mineralglas<\/li>\n<li>Wasserdicht bis zu 50M\/ 5ATM<\/li>\n<li>Datumsanzeige<\/li>\n<li>Swiss Made Quarzuhrwerk<\/li>\n<li>5 Jahre internationale Garantie<\/li>\n<\/ul>\n","protected":false},"featured_media":13877,"comment_status":"open","ping_status":"closed","template":"","meta":[],"product_brand":[],"product_cat":[2488,1604,1607,1615],"product_tag":[],"class_list":{"0":"post-14124","1":"product","2":"type-product","3":"status-publish","4":"has-post-thumbnail","6":"product_cat-sm34094-de","7":"product_cat-alle-uhren","8":"product_cat-herrenuhren","9":"product_cat-quarzuhren","10":"product_shipping_class-flexible-shipping-de","12":"first","13":"instock","14":"taxable","15":"shipping-taxable","16":"purchasable","17":"product-type-simple"},"yoast_head":"<!-- This site is optimized with the Yoast SEO Premium plugin v26.6 (Yoast SEO v26.6) - https:\/\/yoast.com\/wordpress\/plugins\/seo\/ -->\n<title>Swiss Military SM34094.01 - Schweizer Edelstahluhr f\u00fcr Herren<\/title>\n<meta name=\"description\" content=\"Diese Schweizer Herrenuhr aus Edelstahl ist perfekt f\u00fcr alle M\u00e4nner, die einen zuverl\u00e4ssigen Zeitmesser f\u00fcr ihr t\u00e4gliches Leben suchen. 5-Jahre-Garantie\" \/>\n<meta name=\"robots\" content=\"index, follow, max-snippet:-1, max-image-preview:large, max-video-preview:-1\" \/>\n<link rel=\"canonical\" href=\"https:\/\/swissmilitarywatches.ch\/de\/shop\/swiss-military-sm34094-01-swiss-stainless-steel-watch-for-men-de\/\" \/>\n<meta property=\"og:locale\" content=\"de_DE\" \/>\n<meta property=\"og:type\" content=\"article\" \/>\n<meta property=\"og:title\" content=\"Swiss Military SM34094.01 - Schweizer Edelstahluhr f\u00fcr Herren\" \/>\n<meta property=\"og:description\" content=\"Diese Schweizer Herrenuhr aus Edelstahl ist perfekt f\u00fcr alle M\u00e4nner, die einen zuverl\u00e4ssigen Zeitmesser f\u00fcr ihr t\u00e4gliches Leben suchen. 5-Jahre-Garantie\" \/>\n<meta property=\"og:url\" content=\"https:\/\/swissmilitarywatches.ch\/de\/shop\/swiss-military-sm34094-01-swiss-stainless-steel-watch-for-men-de\/\" \/>\n<meta property=\"og:site_name\" content=\"Swiss Military by Chrono\" \/>\n<meta property=\"article:publisher\" content=\"https:\/\/m.facebook.com\/swissmilitarybychronoofficial\/\" \/>\n<meta property=\"article:modified_time\" content=\"2025-11-23T22:01:14+00:00\" \/>\n<meta property=\"og:image\" content=\"https:\/\/swissmilitarywatches.ch\/wp-content\/uploads\/2023\/03\/SM34094.01.png\" \/>\n\t<meta property=\"og:image:width\" content=\"1300\" \/>\n\t<meta property=\"og:image:height\" content=\"1642\" \/>\n\t<meta property=\"og:image:type\" content=\"image\/png\" \/>\n<meta name=\"twitter:card\" content=\"summary_large_image\" \/>\n<meta name=\"twitter:label1\" content=\"Preis\" \/>\n\t<meta name=\"twitter:data1\" content=\"&euro;229.00 inkl. MwSt.\" \/>\n\t<meta name=\"twitter:label2\" content=\"Verf\u00fcgbarkeit\" \/>\n\t<meta name=\"twitter:data2\" content=\"Auf Lager\" \/>\n<script type=\"application\/ld+json\" class=\"yoast-schema-graph\">{\"@context\":\"https:\/\/schema.org\",\"@graph\":[{\"@type\":\"WebPage\",\"@id\":\"https:\/\/swissmilitarywatches.ch\/de\/shop\/swiss-military-sm34094-01-swiss-stainless-steel-watch-for-men-de\/\",\"url\":\"https:\/\/swissmilitarywatches.ch\/de\/shop\/swiss-military-sm34094-01-swiss-stainless-steel-watch-for-men-de\/\",\"name\":\"Swiss Military SM34094.01 - Schweizer Edelstahluhr f\u00fcr Herren\",\"isPartOf\":{\"@id\":\"https:\/\/swissmilitarywatches.ch\/de\/#website\"},\"primaryImageOfPage\":{\"@id\":\"https:\/\/swissmilitarywatches.ch\/de\/shop\/swiss-military-sm34094-01-swiss-stainless-steel-watch-for-men-de\/#primaryimage\"},\"image\":{\"@id\":\"https:\/\/swissmilitarywatches.ch\/de\/shop\/swiss-military-sm34094-01-swiss-stainless-steel-watch-for-men-de\/#primaryimage\"},\"thumbnailUrl\":\"https:\/\/swissmilitarywatches.ch\/wp-content\/uploads\/2023\/03\/SM34094.01.png\",\"datePublished\":\"2023-03-29T07:35:43+00:00\",\"dateModified\":\"2025-11-23T22:01:14+00:00\",\"description\":\"Diese Schweizer Herrenuhr aus Edelstahl ist perfekt f\u00fcr alle M\u00e4nner, die einen zuverl\u00e4ssigen Zeitmesser f\u00fcr ihr t\u00e4gliches Leben suchen. 5-Jahre-Garantie\",\"breadcrumb\":{\"@id\":\"https:\/\/swissmilitarywatches.ch\/de\/shop\/swiss-military-sm34094-01-swiss-stainless-steel-watch-for-men-de\/#breadcrumb\"},\"inLanguage\":\"de\",\"potentialAction\":[{\"@type\":\"ReadAction\",\"target\":[\"https:\/\/swissmilitarywatches.ch\/de\/shop\/swiss-military-sm34094-01-swiss-stainless-steel-watch-for-men-de\/\"]}]},{\"@type\":\"ImageObject\",\"inLanguage\":\"de\",\"@id\":\"https:\/\/swissmilitarywatches.ch\/de\/shop\/swiss-military-sm34094-01-swiss-stainless-steel-watch-for-men-de\/#primaryimage\",\"url\":\"https:\/\/swissmilitarywatches.ch\/wp-content\/uploads\/2023\/03\/SM34094.01.png\",\"contentUrl\":\"https:\/\/swissmilitarywatches.ch\/wp-content\/uploads\/2023\/03\/SM34094.01.png\",\"width\":1300,\"height\":1642,\"caption\":\"Swiss Military SM34094.01 - Black Swiss Watch for Men\"},{\"@type\":\"BreadcrumbList\",\"@id\":\"https:\/\/swissmilitarywatches.ch\/de\/shop\/swiss-military-sm34094-01-swiss-stainless-steel-watch-for-men-de\/#breadcrumb\",\"itemListElement\":[{\"@type\":\"ListItem\",\"position\":1,\"name\":\"Home\",\"item\":\"https:\/\/swissmilitarywatches.ch\/de\/home\/\"},{\"@type\":\"ListItem\",\"position\":2,\"name\":\"Shop\",\"item\":\"https:\/\/swissmilitarywatches.ch\/de\/shop\/\"},{\"@type\":\"ListItem\",\"position\":3,\"name\":\"Alle Uhren\",\"item\":\"https:\/\/swissmilitarywatches.ch\/de\/produkt-kategorie\/alle-uhren\/\"},{\"@type\":\"ListItem\",\"position\":4,\"name\":\"Herrenuhren\",\"item\":\"https:\/\/swissmilitarywatches.ch\/de\/produkt-kategorie\/alle-uhren\/herrenuhren\/\"},{\"@type\":\"ListItem\",\"position\":5,\"name\":\"Quarzuhren\",\"item\":\"https:\/\/swissmilitarywatches.ch\/de\/produkt-kategorie\/alle-uhren\/herrenuhren\/quarzuhren\/\"},{\"@type\":\"ListItem\",\"position\":6,\"name\":\"Swiss Military SM34094.01 &#8211; Schweizer Edelstahluhr f\u00fcr Herren\"}]},{\"@type\":\"WebSite\",\"@id\":\"https:\/\/swissmilitarywatches.ch\/de\/#website\",\"url\":\"https:\/\/swissmilitarywatches.ch\/de\/\",\"name\":\"Swiss Military by Chrono\",\"description\":\"Official Licensed Product of the Swiss Confederation\",\"publisher\":{\"@id\":\"https:\/\/swissmilitarywatches.ch\/de\/#organization\"},\"potentialAction\":[{\"@type\":\"SearchAction\",\"target\":{\"@type\":\"EntryPoint\",\"urlTemplate\":\"https:\/\/swissmilitarywatches.ch\/de\/?s={search_term_string}\"},\"query-input\":{\"@type\":\"PropertyValueSpecification\",\"valueRequired\":true,\"valueName\":\"search_term_string\"}}],\"inLanguage\":\"de\"},{\"@type\":\"Organization\",\"@id\":\"https:\/\/swissmilitarywatches.ch\/de\/#organization\",\"name\":\"Swiss Military by Chrono\",\"url\":\"https:\/\/swissmilitarywatches.ch\/de\/\",\"logo\":{\"@type\":\"ImageObject\",\"inLanguage\":\"de\",\"@id\":\"https:\/\/swissmilitarywatches.ch\/de\/#\/schema\/logo\/image\/\",\"url\":\"https:\/\/swissmilitarywatches.ch\/wp-content\/uploads\/2020\/04\/cropped-SM_logo_512x512px.jpg\",\"contentUrl\":\"https:\/\/swissmilitarywatches.ch\/wp-content\/uploads\/2020\/04\/cropped-SM_logo_512x512px.jpg\",\"width\":512,\"height\":512,\"caption\":\"Swiss Military by Chrono\"},\"image\":{\"@id\":\"https:\/\/swissmilitarywatches.ch\/de\/#\/schema\/logo\/image\/\"},\"sameAs\":[\"https:\/\/m.facebook.com\/swissmilitarybychronoofficial\/\",\"https:\/\/www.instagram.com\/swissmilitarybychrono\/\",\"https:\/\/www.pinterest.ch\/swissmilitarybychrono\/\"]}]}<\/script>\n<meta property=\"product:brand\" content=\"Swiss Military by Chrono\" \/>\n<meta property=\"product:price:amount\" content=\"229.00\" \/>\n<meta property=\"product:price:currency\" content=\"EUR\" \/>\n<meta property=\"og:availability\" content=\"instock\" \/>\n<meta property=\"product:availability\" content=\"instock\" \/>\n<meta property=\"product:retailer_item_id\" content=\"SM34094.01\" \/>\n<meta property=\"product:condition\" content=\"new\" \/>\n<!-- \/ Yoast SEO Premium plugin. -->","yoast_head_json":{"title":"Swiss Military SM34094.01 - Schweizer Edelstahluhr f\u00fcr Herren","description":"Diese Schweizer Herrenuhr aus Edelstahl ist perfekt f\u00fcr alle M\u00e4nner, die einen zuverl\u00e4ssigen Zeitmesser f\u00fcr ihr t\u00e4gliches Leben suchen. 5-Jahre-Garantie","robots":{"index":"index","follow":"follow","max-snippet":"max-snippet:-1","max-image-preview":"max-image-preview:large","max-video-preview":"max-video-preview:-1"},"canonical":"https:\/\/swissmilitarywatches.ch\/de\/shop\/swiss-military-sm34094-01-swiss-stainless-steel-watch-for-men-de\/","og_locale":"de_DE","og_type":"article","og_title":"Swiss Military SM34094.01 - Schweizer Edelstahluhr f\u00fcr Herren","og_description":"Diese Schweizer Herrenuhr aus Edelstahl ist perfekt f\u00fcr alle M\u00e4nner, die einen zuverl\u00e4ssigen Zeitmesser f\u00fcr ihr t\u00e4gliches Leben suchen. 5-Jahre-Garantie","og_url":"https:\/\/swissmilitarywatches.ch\/de\/shop\/swiss-military-sm34094-01-swiss-stainless-steel-watch-for-men-de\/","og_site_name":"Swiss Military by Chrono","article_publisher":"https:\/\/m.facebook.com\/swissmilitarybychronoofficial\/","article_modified_time":"2025-11-23T22:01:14+00:00","og_image":[{"width":1300,"height":1642,"url":"https:\/\/swissmilitarywatches.ch\/wp-content\/uploads\/2023\/03\/SM34094.01.png","type":"image\/png"}],"twitter_card":"summary_large_image","twitter_misc":{"Preis":"&euro;229.00 inkl. MwSt.","Verf\u00fcgbarkeit":"Auf Lager"},"schema":{"@context":"https:\/\/schema.org","@graph":[{"@type":"WebPage","@id":"https:\/\/swissmilitarywatches.ch\/de\/shop\/swiss-military-sm34094-01-swiss-stainless-steel-watch-for-men-de\/","url":"https:\/\/swissmilitarywatches.ch\/de\/shop\/swiss-military-sm34094-01-swiss-stainless-steel-watch-for-men-de\/","name":"Swiss Military SM34094.01 - Schweizer Edelstahluhr f\u00fcr Herren","isPartOf":{"@id":"https:\/\/swissmilitarywatches.ch\/de\/#website"},"primaryImageOfPage":{"@id":"https:\/\/swissmilitarywatches.ch\/de\/shop\/swiss-military-sm34094-01-swiss-stainless-steel-watch-for-men-de\/#primaryimage"},"image":{"@id":"https:\/\/swissmilitarywatches.ch\/de\/shop\/swiss-military-sm34094-01-swiss-stainless-steel-watch-for-men-de\/#primaryimage"},"thumbnailUrl":"https:\/\/swissmilitarywatches.ch\/wp-content\/uploads\/2023\/03\/SM34094.01.png","datePublished":"2023-03-29T07:35:43+00:00","dateModified":"2025-11-23T22:01:14+00:00","description":"Diese Schweizer Herrenuhr aus Edelstahl ist perfekt f\u00fcr alle M\u00e4nner, die einen zuverl\u00e4ssigen Zeitmesser f\u00fcr ihr t\u00e4gliches Leben suchen. 5-Jahre-Garantie","breadcrumb":{"@id":"https:\/\/swissmilitarywatches.ch\/de\/shop\/swiss-military-sm34094-01-swiss-stainless-steel-watch-for-men-de\/#breadcrumb"},"inLanguage":"de","potentialAction":[{"@type":"ReadAction","target":["https:\/\/swissmilitarywatches.ch\/de\/shop\/swiss-military-sm34094-01-swiss-stainless-steel-watch-for-men-de\/"]}]},{"@type":"ImageObject","inLanguage":"de","@id":"https:\/\/swissmilitarywatches.ch\/de\/shop\/swiss-military-sm34094-01-swiss-stainless-steel-watch-for-men-de\/#primaryimage","url":"https:\/\/swissmilitarywatches.ch\/wp-content\/uploads\/2023\/03\/SM34094.01.png","contentUrl":"https:\/\/swissmilitarywatches.ch\/wp-content\/uploads\/2023\/03\/SM34094.01.png","width":1300,"height":1642,"caption":"Swiss Military SM34094.01 - Black Swiss Watch for Men"},{"@type":"BreadcrumbList","@id":"https:\/\/swissmilitarywatches.ch\/de\/shop\/swiss-military-sm34094-01-swiss-stainless-steel-watch-for-men-de\/#breadcrumb","itemListElement":[{"@type":"ListItem","position":1,"name":"Home","item":"https:\/\/swissmilitarywatches.ch\/de\/home\/"},{"@type":"ListItem","position":2,"name":"Shop","item":"https:\/\/swissmilitarywatches.ch\/de\/shop\/"},{"@type":"ListItem","position":3,"name":"Alle Uhren","item":"https:\/\/swissmilitarywatches.ch\/de\/produkt-kategorie\/alle-uhren\/"},{"@type":"ListItem","position":4,"name":"Herrenuhren","item":"https:\/\/swissmilitarywatches.ch\/de\/produkt-kategorie\/alle-uhren\/herrenuhren\/"},{"@type":"ListItem","position":5,"name":"Quarzuhren","item":"https:\/\/swissmilitarywatches.ch\/de\/produkt-kategorie\/alle-uhren\/herrenuhren\/quarzuhren\/"},{"@type":"ListItem","position":6,"name":"Swiss Military SM34094.01 &#8211; Schweizer Edelstahluhr f\u00fcr Herren"}]},{"@type":"WebSite","@id":"https:\/\/swissmilitarywatches.ch\/de\/#website","url":"https:\/\/swissmilitarywatches.ch\/de\/","name":"Swiss Military by Chrono","description":"Official Licensed Product of the Swiss Confederation","publisher":{"@id":"https:\/\/swissmilitarywatches.ch\/de\/#organization"},"potentialAction":[{"@type":"SearchAction","target":{"@type":"EntryPoint","urlTemplate":"https:\/\/swissmilitarywatches.ch\/de\/?s={search_term_string}"},"query-input":{"@type":"PropertyValueSpecification","valueRequired":true,"valueName":"search_term_string"}}],"inLanguage":"de"},{"@type":"Organization","@id":"https:\/\/swissmilitarywatches.ch\/de\/#organization","name":"Swiss Military by Chrono","url":"https:\/\/swissmilitarywatches.ch\/de\/","logo":{"@type":"ImageObject","inLanguage":"de","@id":"https:\/\/swissmilitarywatches.ch\/de\/#\/schema\/logo\/image\/","url":"https:\/\/swissmilitarywatches.ch\/wp-content\/uploads\/2020\/04\/cropped-SM_logo_512x512px.jpg","contentUrl":"https:\/\/swissmilitarywatches.ch\/wp-content\/uploads\/2020\/04\/cropped-SM_logo_512x512px.jpg","width":512,"height":512,"caption":"Swiss Military by Chrono"},"image":{"@id":"https:\/\/swissmilitarywatches.ch\/de\/#\/schema\/logo\/image\/"},"sameAs":["https:\/\/m.facebook.com\/swissmilitarybychronoofficial\/","https:\/\/www.instagram.com\/swissmilitarybychrono\/","https:\/\/www.pinterest.ch\/swissmilitarybychrono\/"]}]},"product_brand":"Swiss Military by Chrono","product_price_amount":"229.00","product_price_currency":"EUR","og_availability":"instock","product_availability":"instock","product_retailer_item_id":"SM34094.01","product_condition":"new"},"jetpack_sharing_enabled":true,"_links":{"self":[{"href":"https:\/\/swissmilitarywatches.ch\/de\/wp-json\/wp\/v2\/product\/14124","targetHints":{"allow":["GET"]}}],"collection":[{"href":"https:\/\/swissmilitarywatches.ch\/de\/wp-json\/wp\/v2\/product"}],"about":[{"href":"https:\/\/swissmilitarywatches.ch\/de\/wp-json\/wp\/v2\/types\/product"}],"replies":[{"embeddable":true,"href":"https:\/\/swissmilitarywatches.ch\/de\/wp-json\/wp\/v2\/comments?post=14124"}],"wp:featuredmedia":[{"embeddable":true,"href":"https:\/\/swissmilitarywatches.ch\/de\/wp-json\/wp\/v2\/media\/13877"}],"wp:attachment":[{"href":"https:\/\/swissmilitarywatches.ch\/de\/wp-json\/wp\/v2\/media?parent=14124"}],"wp:term":[{"taxonomy":"product_brand","embeddable":true,"href":"https:\/\/swissmilitarywatches.ch\/de\/wp-json\/wp\/v2\/product_brand?post=14124"},{"taxonomy":"product_cat","embeddable":true,"href":"https:\/\/swissmilitarywatches.ch\/de\/wp-json\/wp\/v2\/product_cat?post=14124"},{"taxonomy":"product_tag","embeddable":true,"href":"https:\/\/swissmilitarywatches.ch\/de\/wp-json\/wp\/v2\/product_tag?post=14124"}],"curies":[{"name":"wp","href":"https:\/\/api.w.org\/{rel}","templated":true}]}}