{"id":13299,"date":"2023-01-25T10:35:49","date_gmt":"2023-01-25T08:35:49","guid":{"rendered":"https:\/\/swissmilitarywatches.ch\/?post_type=product&#038;p=13299"},"modified":"2024-12-10T11:21:37","modified_gmt":"2024-12-10T09:21:37","slug":"swiss-military-sm34095-05-de","status":"publish","type":"product","link":"https:\/\/swissmilitarywatches.ch\/de\/shop\/swiss-military-sm34095-05-de\/","title":{"rendered":"Swiss Military SM34095.05 &#8211; Swiss Made GMT Uhr f\u00fcr Herren"},"content":{"rendered":"<p>Die Swiss Made Swiss Military GMT-Uhr ist so konzipiert, dass sie die Zeit in zwei verschiedenen Zeitzonen gleichzeitig anzeigt und somit der ideale Begleiter f\u00fcr Weltentdecker ist. Zus\u00e4tzlich zu den herk\u00f6mmlichen Stunden-, Minuten- und Sekundenzeigern verf\u00fcgt diese GMT-Uhr mit zwei Zeitzonen \u00fcber einen farblich abgesetzten Zeiger in Pfeilspitzenform, der auf der L\u00fcnette die &#8222;Heimatzeit&#8220; anzeigt. Die beidseitig drehbare L\u00fcnette mit 24-Stunden-Anzeige ist zweifarbig designt, um somit die Tages- von der Nachtzeit unterscheiden zu k\u00f6nnen. Ein kratzfestes Saphirglas sch\u00fctzt das silberne Zifferblatt dieser Uhr mit zwei Zeitzonen. Diese Swiss Made GMT-Uhr ist ein Muss f\u00fcr Vielflieger und Globetrotter. Dar\u00fcber hinaus ist diese Swiss Made GMT Uhr f\u00fcr Herren vollgepackt mit hochwertigen Funktionen. Das Geh\u00e4use dieser Herren GMT Uhr ist aus robustem Edelstahl gefertigt und mit einem blauen Echtlederarmband kombiniert. Die gut ablesbaren Zeiger und Stundenmarkierungen sind fluoreszierend und leuchten im Dunkeln. Diese GMT-Uhr f\u00fcr Herren wird von einem Swiss-Made-Quarzwerk mit GMT-Funktion angetrieben und in unserem <a href=\"https:\/\/swissmilitarywatches.ch\/de\/die-marke\/\">hauseigenen Uhrmacheratelier<\/a> von Hand zusammengesetzt. Als Versprechen unserer Swiss-Military-Swiss-Made-Qualit\u00e4t gilt f\u00fcr diese Uhr eine <a href=\"https:\/\/swissmilitarywatches.ch\/de\/garantie\/\">internationale Garantie von 5 Jahren<\/a>.<\/p>\n","protected":false},"excerpt":{"rendered":"<h2><span style=\"font-size: 80%;\">Swiss Made GMT Uhr f\u00fcr Weltreisende<\/span><\/h2>\n<p> Die Swiss Made GMT-Uhr zeigt die Zeit in zwei verschiedenen Zeitzonen an und ist der ideale Begleiter f\u00fcr Globetrotter und Vielflieger. Dar\u00fcber hinaus ist diese funktionelle GMT-Uhr f\u00fcr Herren mit allen unseren Swiss Made-Qualit\u00e4tsmerkmalen ausgestattet: <\/p>\n<ul>\n<li>Swiss Made 24h GMT Uhrwerk<\/li>\n<li>Bidirektionale L\u00fcnette<\/li>\n<li>Edelstahl Geh\u00e4use<\/li>\n<li>Saphirglas<\/li>\n<li>Wasserdichtigkeit bis zu 100M\/10ATM<\/li>\n<li>Swiss Made Produktion in hauseigenem Uhrmacheratelier<\/li>\n<li>5 Jahre internationale Garantie<\/li>\n<\/ul>\n","protected":false},"featured_media":12679,"comment_status":"open","ping_status":"closed","template":"","meta":[],"product_brand":[],"product_cat":[2955,2305,1604,1607,1615,2131],"product_tag":[],"class_list":{"0":"post-13299","1":"product","2":"type-product","3":"status-publish","4":"has-post-thumbnail","6":"product_cat-sale-de","7":"product_cat-sm34095-de","8":"product_cat-alle-uhren","9":"product_cat-herrenuhren","10":"product_cat-quarzuhren","11":"product_cat-uhren-mit-sonderfunktion","12":"product_shipping_class-flexible-shipping-de","14":"first","15":"instock","16":"taxable","17":"shipping-taxable","18":"purchasable","19":"product-type-simple"},"yoast_head":"<!-- This site is optimized with the Yoast SEO Premium plugin v26.6 (Yoast SEO v26.6) - https:\/\/yoast.com\/wordpress\/plugins\/seo\/ -->\n<title>Swiss Military SM34095.05 - Swiss Made GMT Uhr f\u00fcr Herren<\/title>\n<meta name=\"description\" content=\"Diese Swiss Made GMT-Uhr mit Zeitzonenfunktion verf\u00fcgt \u00fcber eine beidseitig drehbare L\u00fcnette mit 24-Stunden-Anzeige, einen 4. Zeiger und hat eine 5-Jahres-Garantie.\" \/>\n<meta name=\"robots\" content=\"index, follow, max-snippet:-1, max-image-preview:large, max-video-preview:-1\" \/>\n<link rel=\"canonical\" href=\"https:\/\/swissmilitarywatches.ch\/de\/shop\/swiss-military-sm34095-05-de\/\" \/>\n<meta property=\"og:locale\" content=\"de_DE\" \/>\n<meta property=\"og:type\" content=\"article\" \/>\n<meta property=\"og:title\" content=\"Swiss Military SM34095.05 - Swiss Made GMT Uhr f\u00fcr Herren\" \/>\n<meta property=\"og:description\" content=\"Diese Swiss Made GMT-Uhr mit Zeitzonenfunktion verf\u00fcgt \u00fcber eine beidseitig drehbare L\u00fcnette mit 24-Stunden-Anzeige, einen 4. Zeiger und hat eine 5-Jahres-Garantie.\" \/>\n<meta property=\"og:url\" content=\"https:\/\/swissmilitarywatches.ch\/de\/shop\/swiss-military-sm34095-05-de\/\" \/>\n<meta property=\"og:site_name\" content=\"Swiss Military by Chrono\" \/>\n<meta property=\"article:publisher\" content=\"https:\/\/m.facebook.com\/swissmilitarybychronoofficial\/\" \/>\n<meta property=\"article:modified_time\" content=\"2024-12-10T09:21:37+00:00\" \/>\n<meta property=\"og:image\" content=\"https:\/\/swissmilitarywatches.ch\/wp-content\/uploads\/2023\/01\/SM34095.05.png\" \/>\n\t<meta property=\"og:image:width\" content=\"1300\" \/>\n\t<meta property=\"og:image:height\" content=\"1642\" \/>\n\t<meta property=\"og:image:type\" content=\"image\/png\" \/>\n<meta name=\"twitter:card\" content=\"summary_large_image\" \/>\n<meta name=\"twitter:label1\" content=\"Preis\" \/>\n\t<meta name=\"twitter:data1\" content=\"&euro;319.00 inkl. MwSt.\" \/>\n\t<meta name=\"twitter:label2\" content=\"Verf\u00fcgbarkeit\" \/>\n\t<meta name=\"twitter:data2\" content=\"Auf Lager\" \/>\n<script type=\"application\/ld+json\" class=\"yoast-schema-graph\">{\"@context\":\"https:\/\/schema.org\",\"@graph\":[{\"@type\":\"WebPage\",\"@id\":\"https:\/\/swissmilitarywatches.ch\/de\/shop\/swiss-military-sm34095-05-de\/\",\"url\":\"https:\/\/swissmilitarywatches.ch\/de\/shop\/swiss-military-sm34095-05-de\/\",\"name\":\"Swiss Military SM34095.05 - Swiss Made GMT Uhr f\u00fcr Herren\",\"isPartOf\":{\"@id\":\"https:\/\/swissmilitarywatches.ch\/de\/#website\"},\"primaryImageOfPage\":{\"@id\":\"https:\/\/swissmilitarywatches.ch\/de\/shop\/swiss-military-sm34095-05-de\/#primaryimage\"},\"image\":{\"@id\":\"https:\/\/swissmilitarywatches.ch\/de\/shop\/swiss-military-sm34095-05-de\/#primaryimage\"},\"thumbnailUrl\":\"https:\/\/swissmilitarywatches.ch\/wp-content\/uploads\/2023\/01\/SM34095.05.png\",\"datePublished\":\"2023-01-25T08:35:49+00:00\",\"dateModified\":\"2024-12-10T09:21:37+00:00\",\"description\":\"Diese Swiss Made GMT-Uhr mit Zeitzonenfunktion verf\u00fcgt \u00fcber eine beidseitig drehbare L\u00fcnette mit 24-Stunden-Anzeige, einen 4. Zeiger und hat eine 5-Jahres-Garantie.\",\"breadcrumb\":{\"@id\":\"https:\/\/swissmilitarywatches.ch\/de\/shop\/swiss-military-sm34095-05-de\/#breadcrumb\"},\"inLanguage\":\"de\",\"potentialAction\":[{\"@type\":\"ReadAction\",\"target\":[\"https:\/\/swissmilitarywatches.ch\/de\/shop\/swiss-military-sm34095-05-de\/\"]}]},{\"@type\":\"ImageObject\",\"inLanguage\":\"de\",\"@id\":\"https:\/\/swissmilitarywatches.ch\/de\/shop\/swiss-military-sm34095-05-de\/#primaryimage\",\"url\":\"https:\/\/swissmilitarywatches.ch\/wp-content\/uploads\/2023\/01\/SM34095.05.png\",\"contentUrl\":\"https:\/\/swissmilitarywatches.ch\/wp-content\/uploads\/2023\/01\/SM34095.05.png\",\"width\":1300,\"height\":1642,\"caption\":\"SM34095.05\"},{\"@type\":\"BreadcrumbList\",\"@id\":\"https:\/\/swissmilitarywatches.ch\/de\/shop\/swiss-military-sm34095-05-de\/#breadcrumb\",\"itemListElement\":[{\"@type\":\"ListItem\",\"position\":1,\"name\":\"Home\",\"item\":\"https:\/\/swissmilitarywatches.ch\/de\/home\/\"},{\"@type\":\"ListItem\",\"position\":2,\"name\":\"Shop\",\"item\":\"https:\/\/swissmilitarywatches.ch\/de\/shop\/\"},{\"@type\":\"ListItem\",\"position\":3,\"name\":\"Alle Uhren\",\"item\":\"https:\/\/swissmilitarywatches.ch\/de\/produkt-kategorie\/alle-uhren\/\"},{\"@type\":\"ListItem\",\"position\":4,\"name\":\"Herrenuhren\",\"item\":\"https:\/\/swissmilitarywatches.ch\/de\/produkt-kategorie\/alle-uhren\/herrenuhren\/\"},{\"@type\":\"ListItem\",\"position\":5,\"name\":\"Quarzuhren\",\"item\":\"https:\/\/swissmilitarywatches.ch\/de\/produkt-kategorie\/alle-uhren\/herrenuhren\/quarzuhren\/\"},{\"@type\":\"ListItem\",\"position\":6,\"name\":\"Swiss Military SM34095.05 &#8211; Swiss Made GMT Uhr f\u00fcr Herren\"}]},{\"@type\":\"WebSite\",\"@id\":\"https:\/\/swissmilitarywatches.ch\/de\/#website\",\"url\":\"https:\/\/swissmilitarywatches.ch\/de\/\",\"name\":\"Swiss Military by Chrono\",\"description\":\"Official Licensed Product of the Swiss Confederation\",\"publisher\":{\"@id\":\"https:\/\/swissmilitarywatches.ch\/de\/#organization\"},\"potentialAction\":[{\"@type\":\"SearchAction\",\"target\":{\"@type\":\"EntryPoint\",\"urlTemplate\":\"https:\/\/swissmilitarywatches.ch\/de\/?s={search_term_string}\"},\"query-input\":{\"@type\":\"PropertyValueSpecification\",\"valueRequired\":true,\"valueName\":\"search_term_string\"}}],\"inLanguage\":\"de\"},{\"@type\":\"Organization\",\"@id\":\"https:\/\/swissmilitarywatches.ch\/de\/#organization\",\"name\":\"Swiss Military by Chrono\",\"url\":\"https:\/\/swissmilitarywatches.ch\/de\/\",\"logo\":{\"@type\":\"ImageObject\",\"inLanguage\":\"de\",\"@id\":\"https:\/\/swissmilitarywatches.ch\/de\/#\/schema\/logo\/image\/\",\"url\":\"https:\/\/swissmilitarywatches.ch\/wp-content\/uploads\/2020\/04\/cropped-SM_logo_512x512px.jpg\",\"contentUrl\":\"https:\/\/swissmilitarywatches.ch\/wp-content\/uploads\/2020\/04\/cropped-SM_logo_512x512px.jpg\",\"width\":512,\"height\":512,\"caption\":\"Swiss Military by Chrono\"},\"image\":{\"@id\":\"https:\/\/swissmilitarywatches.ch\/de\/#\/schema\/logo\/image\/\"},\"sameAs\":[\"https:\/\/m.facebook.com\/swissmilitarybychronoofficial\/\",\"https:\/\/www.instagram.com\/swissmilitarybychrono\/\",\"https:\/\/www.pinterest.ch\/swissmilitarybychrono\/\"]}]}<\/script>\n<meta property=\"product:brand\" content=\"Swiss Military by Chrono\" \/>\n<meta property=\"product:price:amount\" content=\"319.00\" \/>\n<meta property=\"product:price:currency\" content=\"EUR\" \/>\n<meta property=\"og:availability\" content=\"instock\" \/>\n<meta property=\"product:availability\" content=\"instock\" \/>\n<meta property=\"product:retailer_item_id\" content=\"SM34095.05\" \/>\n<meta property=\"product:condition\" content=\"new\" \/>\n<!-- \/ Yoast SEO Premium plugin. -->","yoast_head_json":{"title":"Swiss Military SM34095.05 - Swiss Made GMT Uhr f\u00fcr Herren","description":"Diese Swiss Made GMT-Uhr mit Zeitzonenfunktion verf\u00fcgt \u00fcber eine beidseitig drehbare L\u00fcnette mit 24-Stunden-Anzeige, einen 4. Zeiger und hat eine 5-Jahres-Garantie.","robots":{"index":"index","follow":"follow","max-snippet":"max-snippet:-1","max-image-preview":"max-image-preview:large","max-video-preview":"max-video-preview:-1"},"canonical":"https:\/\/swissmilitarywatches.ch\/de\/shop\/swiss-military-sm34095-05-de\/","og_locale":"de_DE","og_type":"article","og_title":"Swiss Military SM34095.05 - Swiss Made GMT Uhr f\u00fcr Herren","og_description":"Diese Swiss Made GMT-Uhr mit Zeitzonenfunktion verf\u00fcgt \u00fcber eine beidseitig drehbare L\u00fcnette mit 24-Stunden-Anzeige, einen 4. Zeiger und hat eine 5-Jahres-Garantie.","og_url":"https:\/\/swissmilitarywatches.ch\/de\/shop\/swiss-military-sm34095-05-de\/","og_site_name":"Swiss Military by Chrono","article_publisher":"https:\/\/m.facebook.com\/swissmilitarybychronoofficial\/","article_modified_time":"2024-12-10T09:21:37+00:00","og_image":[{"width":1300,"height":1642,"url":"https:\/\/swissmilitarywatches.ch\/wp-content\/uploads\/2023\/01\/SM34095.05.png","type":"image\/png"}],"twitter_card":"summary_large_image","twitter_misc":{"Preis":"&euro;319.00 inkl. MwSt.","Verf\u00fcgbarkeit":"Auf Lager"},"schema":{"@context":"https:\/\/schema.org","@graph":[{"@type":"WebPage","@id":"https:\/\/swissmilitarywatches.ch\/de\/shop\/swiss-military-sm34095-05-de\/","url":"https:\/\/swissmilitarywatches.ch\/de\/shop\/swiss-military-sm34095-05-de\/","name":"Swiss Military SM34095.05 - Swiss Made GMT Uhr f\u00fcr Herren","isPartOf":{"@id":"https:\/\/swissmilitarywatches.ch\/de\/#website"},"primaryImageOfPage":{"@id":"https:\/\/swissmilitarywatches.ch\/de\/shop\/swiss-military-sm34095-05-de\/#primaryimage"},"image":{"@id":"https:\/\/swissmilitarywatches.ch\/de\/shop\/swiss-military-sm34095-05-de\/#primaryimage"},"thumbnailUrl":"https:\/\/swissmilitarywatches.ch\/wp-content\/uploads\/2023\/01\/SM34095.05.png","datePublished":"2023-01-25T08:35:49+00:00","dateModified":"2024-12-10T09:21:37+00:00","description":"Diese Swiss Made GMT-Uhr mit Zeitzonenfunktion verf\u00fcgt \u00fcber eine beidseitig drehbare L\u00fcnette mit 24-Stunden-Anzeige, einen 4. Zeiger und hat eine 5-Jahres-Garantie.","breadcrumb":{"@id":"https:\/\/swissmilitarywatches.ch\/de\/shop\/swiss-military-sm34095-05-de\/#breadcrumb"},"inLanguage":"de","potentialAction":[{"@type":"ReadAction","target":["https:\/\/swissmilitarywatches.ch\/de\/shop\/swiss-military-sm34095-05-de\/"]}]},{"@type":"ImageObject","inLanguage":"de","@id":"https:\/\/swissmilitarywatches.ch\/de\/shop\/swiss-military-sm34095-05-de\/#primaryimage","url":"https:\/\/swissmilitarywatches.ch\/wp-content\/uploads\/2023\/01\/SM34095.05.png","contentUrl":"https:\/\/swissmilitarywatches.ch\/wp-content\/uploads\/2023\/01\/SM34095.05.png","width":1300,"height":1642,"caption":"SM34095.05"},{"@type":"BreadcrumbList","@id":"https:\/\/swissmilitarywatches.ch\/de\/shop\/swiss-military-sm34095-05-de\/#breadcrumb","itemListElement":[{"@type":"ListItem","position":1,"name":"Home","item":"https:\/\/swissmilitarywatches.ch\/de\/home\/"},{"@type":"ListItem","position":2,"name":"Shop","item":"https:\/\/swissmilitarywatches.ch\/de\/shop\/"},{"@type":"ListItem","position":3,"name":"Alle Uhren","item":"https:\/\/swissmilitarywatches.ch\/de\/produkt-kategorie\/alle-uhren\/"},{"@type":"ListItem","position":4,"name":"Herrenuhren","item":"https:\/\/swissmilitarywatches.ch\/de\/produkt-kategorie\/alle-uhren\/herrenuhren\/"},{"@type":"ListItem","position":5,"name":"Quarzuhren","item":"https:\/\/swissmilitarywatches.ch\/de\/produkt-kategorie\/alle-uhren\/herrenuhren\/quarzuhren\/"},{"@type":"ListItem","position":6,"name":"Swiss Military SM34095.05 &#8211; Swiss Made GMT Uhr f\u00fcr Herren"}]},{"@type":"WebSite","@id":"https:\/\/swissmilitarywatches.ch\/de\/#website","url":"https:\/\/swissmilitarywatches.ch\/de\/","name":"Swiss Military by Chrono","description":"Official Licensed Product of the Swiss Confederation","publisher":{"@id":"https:\/\/swissmilitarywatches.ch\/de\/#organization"},"potentialAction":[{"@type":"SearchAction","target":{"@type":"EntryPoint","urlTemplate":"https:\/\/swissmilitarywatches.ch\/de\/?s={search_term_string}"},"query-input":{"@type":"PropertyValueSpecification","valueRequired":true,"valueName":"search_term_string"}}],"inLanguage":"de"},{"@type":"Organization","@id":"https:\/\/swissmilitarywatches.ch\/de\/#organization","name":"Swiss Military by Chrono","url":"https:\/\/swissmilitarywatches.ch\/de\/","logo":{"@type":"ImageObject","inLanguage":"de","@id":"https:\/\/swissmilitarywatches.ch\/de\/#\/schema\/logo\/image\/","url":"https:\/\/swissmilitarywatches.ch\/wp-content\/uploads\/2020\/04\/cropped-SM_logo_512x512px.jpg","contentUrl":"https:\/\/swissmilitarywatches.ch\/wp-content\/uploads\/2020\/04\/cropped-SM_logo_512x512px.jpg","width":512,"height":512,"caption":"Swiss Military by Chrono"},"image":{"@id":"https:\/\/swissmilitarywatches.ch\/de\/#\/schema\/logo\/image\/"},"sameAs":["https:\/\/m.facebook.com\/swissmilitarybychronoofficial\/","https:\/\/www.instagram.com\/swissmilitarybychrono\/","https:\/\/www.pinterest.ch\/swissmilitarybychrono\/"]}]},"product_brand":"Swiss Military by Chrono","product_price_amount":"319.00","product_price_currency":"EUR","og_availability":"instock","product_availability":"instock","product_retailer_item_id":"SM34095.05","product_condition":"new"},"jetpack_sharing_enabled":true,"_links":{"self":[{"href":"https:\/\/swissmilitarywatches.ch\/de\/wp-json\/wp\/v2\/product\/13299","targetHints":{"allow":["GET"]}}],"collection":[{"href":"https:\/\/swissmilitarywatches.ch\/de\/wp-json\/wp\/v2\/product"}],"about":[{"href":"https:\/\/swissmilitarywatches.ch\/de\/wp-json\/wp\/v2\/types\/product"}],"replies":[{"embeddable":true,"href":"https:\/\/swissmilitarywatches.ch\/de\/wp-json\/wp\/v2\/comments?post=13299"}],"wp:featuredmedia":[{"embeddable":true,"href":"https:\/\/swissmilitarywatches.ch\/de\/wp-json\/wp\/v2\/media\/12679"}],"wp:attachment":[{"href":"https:\/\/swissmilitarywatches.ch\/de\/wp-json\/wp\/v2\/media?parent=13299"}],"wp:term":[{"taxonomy":"product_brand","embeddable":true,"href":"https:\/\/swissmilitarywatches.ch\/de\/wp-json\/wp\/v2\/product_brand?post=13299"},{"taxonomy":"product_cat","embeddable":true,"href":"https:\/\/swissmilitarywatches.ch\/de\/wp-json\/wp\/v2\/product_cat?post=13299"},{"taxonomy":"product_tag","embeddable":true,"href":"https:\/\/swissmilitarywatches.ch\/de\/wp-json\/wp\/v2\/product_tag?post=13299"}],"curies":[{"name":"wp","href":"https:\/\/api.w.org\/{rel}","templated":true}]}}