{"id":11991,"date":"2022-10-13T10:43:54","date_gmt":"2022-10-13T08:43:54","guid":{"rendered":"https:\/\/swissmilitarywatches.ch\/shop\/swiss-military-sm34093-04-sport-chronograph-fuer-maenner\/"},"modified":"2025-11-24T00:01:04","modified_gmt":"2025-11-23T22:01:04","slug":"swiss-military-sm34093-04","status":"publish","type":"product","link":"https:\/\/swissmilitarywatches.ch\/de\/shop\/swiss-military-sm34093-04\/","title":{"rendered":"Swiss Military SM34093.04 &#8211; Sport-Chronograph f\u00fcr M\u00e4nner"},"content":{"rendered":"<p>Ablesbarkeit, Funktionalit\u00e4t, Genauigkeit und Zuverl\u00e4ssigkeit sind die Markenzeichen dieser robusten sportlichen Herrenuhr mit Chronographenfunktion. Das Design umfasst alle Funktionen, die ein echter Chronograph braucht, um Geschwindigkeit zu messen &#8211; sei es in der Luft oder am Boden. Die drei Subzifferbl\u00e4tter des Chronographenzifferblatts z\u00e4hlen Sekunden, Minuten und 1\/10 Sekunden, w\u00e4hrend das Tachymeter die Geschwindigkeit auf Basis der \u00fcber eine festgelegte Strecke zur\u00fcckgelegten Zeit misst. Doch diese vom milit\u00e4risch inspirierte Uhr hat nicht nur eine sportliche Seite. Das Stahldesign passt perfekt zu jeder Garderobe.<\/p>\n<p>Dar\u00fcber hinaus ist diese Schweizer Uhr vollgepackt mit hochwertigen Funktionen, die f\u00fcr eine milit\u00e4rische Sportuhr geeignet sind. Das Geh\u00e4use dieser robusten Herrenuhr besteht aus widerstandsf\u00e4higem Edelstahl und ist mit einem blauen Echtlederarmband ausgestattet. Ein Saphirglas sch\u00fctzt das blaue Zifferblatt. Die gut ablesbaren Zeiger und arabischen Ziffern leuchten in der Dunkelheit. Dieser robuste Sportchronograph f\u00fcr Herren wird von einem Swiss-Made-Chronographenwerk angetrieben und in unserem <a href=\"https:\/\/swissmilitarywatches.ch\/de\/die-marke\/#brand-swiss-made\">hauseigenen Uhrenatelier<\/a> von Hand zusammengesetzt. Als Versprechen unserer Swiss-Military-Swiss-Made-Qualit\u00e4t gilt f\u00fcr diese Uhr eine <a href=\"https:\/\/swissmilitarywatches.ch\/de\/garantie\/\">internationale Garantie von 5 Jahren<\/a>.<\/p>\n","protected":false},"excerpt":{"rendered":"<p>Dieser Sport-Chronograph ist als stilvolles, aber m\u00e4nnliches Zeitmessinstrument konzipiert. Lesbarkeit, Funktionalit\u00e4t, Genauigkeit und Zuverl\u00e4ssigkeit sind die Markenzeichen dieser dynamischen und robusten Chronographenuhr f\u00fcr Herren.<\/p>\n<p>Selbstverst\u00e4ndlich ist diese Chronographenuhr mit allen unseren Swiss Made-Qualit\u00e4tsmerkmalen ausgestattet:<\/p>\n<ul>\n<li>Swiss Made Produktion in hauseigenem Uhrmacheratelier<\/li>\n<li>Edelstahl Geh\u00e4use<\/li>\n<li>Saphirglas<\/li>\n<li>Wasserdicht bis 100M\/10ATM<\/li>\n<li>Swiss Made 1\/10 Chronographen-Uhrwerk<\/li>\n<li>5 Jahre internationale Garantie<\/li>\n<\/ul>\n","protected":false},"featured_media":11820,"comment_status":"open","ping_status":"closed","template":"","meta":[],"product_brand":[],"product_cat":[2177,1604,1607,1614],"product_tag":[],"class_list":{"0":"post-11991","1":"product","2":"type-product","3":"status-publish","4":"has-post-thumbnail","6":"product_cat-sm34093-de","7":"product_cat-alle-uhren","8":"product_cat-herrenuhren","9":"product_cat-chronographen","10":"product_shipping_class-flexible-shipping-de","12":"first","13":"instock","14":"taxable","15":"shipping-taxable","16":"purchasable","17":"product-type-simple"},"yoast_head":"<!-- This site is optimized with the Yoast SEO Premium plugin v26.6 (Yoast SEO v26.6) - https:\/\/yoast.com\/wordpress\/plugins\/seo\/ -->\n<title>Swiss Military SM34093.04 - Sport-Chronograph f\u00fcr M\u00e4nner<\/title>\n<meta name=\"description\" content=\"Robuster Sport Chronograph mit allen Funktionen f\u00fcr Geschwindigkeitsmessungen. 100 Meter wasserdicht, Saphirglas, 5 Jahre Garantie!\" \/>\n<meta name=\"robots\" content=\"index, follow, max-snippet:-1, max-image-preview:large, max-video-preview:-1\" \/>\n<link rel=\"canonical\" href=\"https:\/\/swissmilitarywatches.ch\/de\/shop\/swiss-military-sm34093-04\/\" \/>\n<meta property=\"og:locale\" content=\"de_DE\" \/>\n<meta property=\"og:type\" content=\"article\" \/>\n<meta property=\"og:title\" content=\"Swiss Military SM34093.04 - Sport-Chronograph f\u00fcr M\u00e4nner\" \/>\n<meta property=\"og:description\" content=\"Robuster Sport Chronograph mit allen Funktionen f\u00fcr Geschwindigkeitsmessungen. 100 Meter wasserdicht, Saphirglas, 5 Jahre Garantie!\" \/>\n<meta property=\"og:url\" content=\"https:\/\/swissmilitarywatches.ch\/de\/shop\/swiss-military-sm34093-04\/\" \/>\n<meta property=\"og:site_name\" content=\"Swiss Military by Chrono\" \/>\n<meta property=\"article:publisher\" content=\"https:\/\/m.facebook.com\/swissmilitarybychronoofficial\/\" \/>\n<meta property=\"article:modified_time\" content=\"2025-11-23T22:01:04+00:00\" \/>\n<meta property=\"og:image\" content=\"https:\/\/swissmilitarywatches.ch\/wp-content\/uploads\/2022\/10\/SM34093.04.png\" \/>\n\t<meta property=\"og:image:width\" content=\"1300\" \/>\n\t<meta property=\"og:image:height\" content=\"1642\" \/>\n\t<meta property=\"og:image:type\" content=\"image\/png\" \/>\n<meta name=\"twitter:card\" content=\"summary_large_image\" \/>\n<meta name=\"twitter:label1\" content=\"Preis\" \/>\n\t<meta name=\"twitter:data1\" content=\"&euro;409.00 inkl. MwSt.\" \/>\n\t<meta name=\"twitter:label2\" content=\"Verf\u00fcgbarkeit\" \/>\n\t<meta name=\"twitter:data2\" content=\"Auf Lager\" \/>\n<script type=\"application\/ld+json\" class=\"yoast-schema-graph\">{\"@context\":\"https:\/\/schema.org\",\"@graph\":[{\"@type\":\"WebPage\",\"@id\":\"https:\/\/swissmilitarywatches.ch\/de\/shop\/swiss-military-sm34093-04\/\",\"url\":\"https:\/\/swissmilitarywatches.ch\/de\/shop\/swiss-military-sm34093-04\/\",\"name\":\"Swiss Military SM34093.04 - Sport-Chronograph f\u00fcr M\u00e4nner\",\"isPartOf\":{\"@id\":\"https:\/\/swissmilitarywatches.ch\/de\/#website\"},\"primaryImageOfPage\":{\"@id\":\"https:\/\/swissmilitarywatches.ch\/de\/shop\/swiss-military-sm34093-04\/#primaryimage\"},\"image\":{\"@id\":\"https:\/\/swissmilitarywatches.ch\/de\/shop\/swiss-military-sm34093-04\/#primaryimage\"},\"thumbnailUrl\":\"https:\/\/swissmilitarywatches.ch\/wp-content\/uploads\/2022\/10\/SM34093.04.png\",\"datePublished\":\"2022-10-13T08:43:54+00:00\",\"dateModified\":\"2025-11-23T22:01:04+00:00\",\"description\":\"Robuster Sport Chronograph mit allen Funktionen f\u00fcr Geschwindigkeitsmessungen. 100 Meter wasserdicht, Saphirglas, 5 Jahre Garantie!\",\"breadcrumb\":{\"@id\":\"https:\/\/swissmilitarywatches.ch\/de\/shop\/swiss-military-sm34093-04\/#breadcrumb\"},\"inLanguage\":\"de\",\"potentialAction\":[{\"@type\":\"ReadAction\",\"target\":[\"https:\/\/swissmilitarywatches.ch\/de\/shop\/swiss-military-sm34093-04\/\"]}]},{\"@type\":\"ImageObject\",\"inLanguage\":\"de\",\"@id\":\"https:\/\/swissmilitarywatches.ch\/de\/shop\/swiss-military-sm34093-04\/#primaryimage\",\"url\":\"https:\/\/swissmilitarywatches.ch\/wp-content\/uploads\/2022\/10\/SM34093.04.png\",\"contentUrl\":\"https:\/\/swissmilitarywatches.ch\/wp-content\/uploads\/2022\/10\/SM34093.04.png\",\"width\":1300,\"height\":1642,\"caption\":\"Swiss Military SM34093.04 - Sport-Chronograph f\u00fcr M\u00e4nner\"},{\"@type\":\"BreadcrumbList\",\"@id\":\"https:\/\/swissmilitarywatches.ch\/de\/shop\/swiss-military-sm34093-04\/#breadcrumb\",\"itemListElement\":[{\"@type\":\"ListItem\",\"position\":1,\"name\":\"Home\",\"item\":\"https:\/\/swissmilitarywatches.ch\/de\/home\/\"},{\"@type\":\"ListItem\",\"position\":2,\"name\":\"Shop\",\"item\":\"https:\/\/swissmilitarywatches.ch\/de\/shop\/\"},{\"@type\":\"ListItem\",\"position\":3,\"name\":\"SM34093\",\"item\":\"https:\/\/swissmilitarywatches.ch\/de\/produkt-kategorie\/sm34093-de\/\"},{\"@type\":\"ListItem\",\"position\":4,\"name\":\"Swiss Military SM34093.04 &#8211; Sport-Chronograph f\u00fcr M\u00e4nner\"}]},{\"@type\":\"WebSite\",\"@id\":\"https:\/\/swissmilitarywatches.ch\/de\/#website\",\"url\":\"https:\/\/swissmilitarywatches.ch\/de\/\",\"name\":\"Swiss Military by Chrono\",\"description\":\"Official Licensed Product of the Swiss Confederation\",\"publisher\":{\"@id\":\"https:\/\/swissmilitarywatches.ch\/de\/#organization\"},\"potentialAction\":[{\"@type\":\"SearchAction\",\"target\":{\"@type\":\"EntryPoint\",\"urlTemplate\":\"https:\/\/swissmilitarywatches.ch\/de\/?s={search_term_string}\"},\"query-input\":{\"@type\":\"PropertyValueSpecification\",\"valueRequired\":true,\"valueName\":\"search_term_string\"}}],\"inLanguage\":\"de\"},{\"@type\":\"Organization\",\"@id\":\"https:\/\/swissmilitarywatches.ch\/de\/#organization\",\"name\":\"Swiss Military by Chrono\",\"url\":\"https:\/\/swissmilitarywatches.ch\/de\/\",\"logo\":{\"@type\":\"ImageObject\",\"inLanguage\":\"de\",\"@id\":\"https:\/\/swissmilitarywatches.ch\/de\/#\/schema\/logo\/image\/\",\"url\":\"https:\/\/swissmilitarywatches.ch\/wp-content\/uploads\/2020\/04\/cropped-SM_logo_512x512px.jpg\",\"contentUrl\":\"https:\/\/swissmilitarywatches.ch\/wp-content\/uploads\/2020\/04\/cropped-SM_logo_512x512px.jpg\",\"width\":512,\"height\":512,\"caption\":\"Swiss Military by Chrono\"},\"image\":{\"@id\":\"https:\/\/swissmilitarywatches.ch\/de\/#\/schema\/logo\/image\/\"},\"sameAs\":[\"https:\/\/m.facebook.com\/swissmilitarybychronoofficial\/\",\"https:\/\/www.instagram.com\/swissmilitarybychrono\/\",\"https:\/\/www.pinterest.ch\/swissmilitarybychrono\/\"]}]}<\/script>\n<meta property=\"product:brand\" content=\"Swiss Military by Chrono\" \/>\n<meta property=\"product:price:amount\" content=\"409.00\" \/>\n<meta property=\"product:price:currency\" content=\"EUR\" \/>\n<meta property=\"og:availability\" content=\"instock\" \/>\n<meta property=\"product:availability\" content=\"instock\" \/>\n<meta property=\"product:retailer_item_id\" content=\"SM34093.04\" \/>\n<meta property=\"product:condition\" content=\"new\" \/>\n<!-- \/ Yoast SEO Premium plugin. -->","yoast_head_json":{"title":"Swiss Military SM34093.04 - Sport-Chronograph f\u00fcr M\u00e4nner","description":"Robuster Sport Chronograph mit allen Funktionen f\u00fcr Geschwindigkeitsmessungen. 100 Meter wasserdicht, Saphirglas, 5 Jahre Garantie!","robots":{"index":"index","follow":"follow","max-snippet":"max-snippet:-1","max-image-preview":"max-image-preview:large","max-video-preview":"max-video-preview:-1"},"canonical":"https:\/\/swissmilitarywatches.ch\/de\/shop\/swiss-military-sm34093-04\/","og_locale":"de_DE","og_type":"article","og_title":"Swiss Military SM34093.04 - Sport-Chronograph f\u00fcr M\u00e4nner","og_description":"Robuster Sport Chronograph mit allen Funktionen f\u00fcr Geschwindigkeitsmessungen. 100 Meter wasserdicht, Saphirglas, 5 Jahre Garantie!","og_url":"https:\/\/swissmilitarywatches.ch\/de\/shop\/swiss-military-sm34093-04\/","og_site_name":"Swiss Military by Chrono","article_publisher":"https:\/\/m.facebook.com\/swissmilitarybychronoofficial\/","article_modified_time":"2025-11-23T22:01:04+00:00","og_image":[{"width":1300,"height":1642,"url":"https:\/\/swissmilitarywatches.ch\/wp-content\/uploads\/2022\/10\/SM34093.04.png","type":"image\/png"}],"twitter_card":"summary_large_image","twitter_misc":{"Preis":"&euro;409.00 inkl. MwSt.","Verf\u00fcgbarkeit":"Auf Lager"},"schema":{"@context":"https:\/\/schema.org","@graph":[{"@type":"WebPage","@id":"https:\/\/swissmilitarywatches.ch\/de\/shop\/swiss-military-sm34093-04\/","url":"https:\/\/swissmilitarywatches.ch\/de\/shop\/swiss-military-sm34093-04\/","name":"Swiss Military SM34093.04 - Sport-Chronograph f\u00fcr M\u00e4nner","isPartOf":{"@id":"https:\/\/swissmilitarywatches.ch\/de\/#website"},"primaryImageOfPage":{"@id":"https:\/\/swissmilitarywatches.ch\/de\/shop\/swiss-military-sm34093-04\/#primaryimage"},"image":{"@id":"https:\/\/swissmilitarywatches.ch\/de\/shop\/swiss-military-sm34093-04\/#primaryimage"},"thumbnailUrl":"https:\/\/swissmilitarywatches.ch\/wp-content\/uploads\/2022\/10\/SM34093.04.png","datePublished":"2022-10-13T08:43:54+00:00","dateModified":"2025-11-23T22:01:04+00:00","description":"Robuster Sport Chronograph mit allen Funktionen f\u00fcr Geschwindigkeitsmessungen. 100 Meter wasserdicht, Saphirglas, 5 Jahre Garantie!","breadcrumb":{"@id":"https:\/\/swissmilitarywatches.ch\/de\/shop\/swiss-military-sm34093-04\/#breadcrumb"},"inLanguage":"de","potentialAction":[{"@type":"ReadAction","target":["https:\/\/swissmilitarywatches.ch\/de\/shop\/swiss-military-sm34093-04\/"]}]},{"@type":"ImageObject","inLanguage":"de","@id":"https:\/\/swissmilitarywatches.ch\/de\/shop\/swiss-military-sm34093-04\/#primaryimage","url":"https:\/\/swissmilitarywatches.ch\/wp-content\/uploads\/2022\/10\/SM34093.04.png","contentUrl":"https:\/\/swissmilitarywatches.ch\/wp-content\/uploads\/2022\/10\/SM34093.04.png","width":1300,"height":1642,"caption":"Swiss Military SM34093.04 - Sport-Chronograph f\u00fcr M\u00e4nner"},{"@type":"BreadcrumbList","@id":"https:\/\/swissmilitarywatches.ch\/de\/shop\/swiss-military-sm34093-04\/#breadcrumb","itemListElement":[{"@type":"ListItem","position":1,"name":"Home","item":"https:\/\/swissmilitarywatches.ch\/de\/home\/"},{"@type":"ListItem","position":2,"name":"Shop","item":"https:\/\/swissmilitarywatches.ch\/de\/shop\/"},{"@type":"ListItem","position":3,"name":"SM34093","item":"https:\/\/swissmilitarywatches.ch\/de\/produkt-kategorie\/sm34093-de\/"},{"@type":"ListItem","position":4,"name":"Swiss Military SM34093.04 &#8211; Sport-Chronograph f\u00fcr M\u00e4nner"}]},{"@type":"WebSite","@id":"https:\/\/swissmilitarywatches.ch\/de\/#website","url":"https:\/\/swissmilitarywatches.ch\/de\/","name":"Swiss Military by Chrono","description":"Official Licensed Product of the Swiss Confederation","publisher":{"@id":"https:\/\/swissmilitarywatches.ch\/de\/#organization"},"potentialAction":[{"@type":"SearchAction","target":{"@type":"EntryPoint","urlTemplate":"https:\/\/swissmilitarywatches.ch\/de\/?s={search_term_string}"},"query-input":{"@type":"PropertyValueSpecification","valueRequired":true,"valueName":"search_term_string"}}],"inLanguage":"de"},{"@type":"Organization","@id":"https:\/\/swissmilitarywatches.ch\/de\/#organization","name":"Swiss Military by Chrono","url":"https:\/\/swissmilitarywatches.ch\/de\/","logo":{"@type":"ImageObject","inLanguage":"de","@id":"https:\/\/swissmilitarywatches.ch\/de\/#\/schema\/logo\/image\/","url":"https:\/\/swissmilitarywatches.ch\/wp-content\/uploads\/2020\/04\/cropped-SM_logo_512x512px.jpg","contentUrl":"https:\/\/swissmilitarywatches.ch\/wp-content\/uploads\/2020\/04\/cropped-SM_logo_512x512px.jpg","width":512,"height":512,"caption":"Swiss Military by Chrono"},"image":{"@id":"https:\/\/swissmilitarywatches.ch\/de\/#\/schema\/logo\/image\/"},"sameAs":["https:\/\/m.facebook.com\/swissmilitarybychronoofficial\/","https:\/\/www.instagram.com\/swissmilitarybychrono\/","https:\/\/www.pinterest.ch\/swissmilitarybychrono\/"]}]},"product_brand":"Swiss Military by Chrono","product_price_amount":"409.00","product_price_currency":"EUR","og_availability":"instock","product_availability":"instock","product_retailer_item_id":"SM34093.04","product_condition":"new"},"jetpack_sharing_enabled":true,"_links":{"self":[{"href":"https:\/\/swissmilitarywatches.ch\/de\/wp-json\/wp\/v2\/product\/11991","targetHints":{"allow":["GET"]}}],"collection":[{"href":"https:\/\/swissmilitarywatches.ch\/de\/wp-json\/wp\/v2\/product"}],"about":[{"href":"https:\/\/swissmilitarywatches.ch\/de\/wp-json\/wp\/v2\/types\/product"}],"replies":[{"embeddable":true,"href":"https:\/\/swissmilitarywatches.ch\/de\/wp-json\/wp\/v2\/comments?post=11991"}],"wp:featuredmedia":[{"embeddable":true,"href":"https:\/\/swissmilitarywatches.ch\/de\/wp-json\/wp\/v2\/media\/11820"}],"wp:attachment":[{"href":"https:\/\/swissmilitarywatches.ch\/de\/wp-json\/wp\/v2\/media?parent=11991"}],"wp:term":[{"taxonomy":"product_brand","embeddable":true,"href":"https:\/\/swissmilitarywatches.ch\/de\/wp-json\/wp\/v2\/product_brand?post=11991"},{"taxonomy":"product_cat","embeddable":true,"href":"https:\/\/swissmilitarywatches.ch\/de\/wp-json\/wp\/v2\/product_cat?post=11991"},{"taxonomy":"product_tag","embeddable":true,"href":"https:\/\/swissmilitarywatches.ch\/de\/wp-json\/wp\/v2\/product_tag?post=11991"}],"curies":[{"name":"wp","href":"https:\/\/api.w.org\/{rel}","templated":true}]}}