{"id":11914,"date":"2022-10-13T10:43:56","date_gmt":"2022-10-13T08:43:56","guid":{"rendered":"https:\/\/swissmilitarywatches.ch\/shop\/swiss-military-sm30207-07-elegante-chronographenuhr-fuer-frauen\/"},"modified":"2025-11-24T00:01:06","modified_gmt":"2025-11-23T22:01:06","slug":"swiss-military-sm30207-07","status":"publish","type":"product","link":"https:\/\/swissmilitarywatches.ch\/de\/shop\/swiss-military-sm30207-07\/","title":{"rendered":"Swiss Military SM30207.07 &#8211; Elegante Chronographenuhr f\u00fcr Frauen"},"content":{"rendered":"<p><span style=\"font-size: 100%;\">Diese elegante Chronographenuhr f\u00fcr Damen ist ein dynamischer Begleiter f\u00fcr alle, die modische Eleganz mit einem Hauch von Sportlichkeit sch\u00e4tzen. Perfekte Proportionen und sanft fliessende, feminine Formen verleihen diesem raffiniert gestalteten Damenchronographen seine harmonische Ausstrahlung. Das runde, klassische Geh\u00e4use ist mit einer eleganten, geriffelten L\u00fcnette versehen. Deises birgt ein wertvolles, einzigartiges Perlmuttzifferblatt, welches mit Kristallsteinen best\u00fcckt ist. Das edle Edelstahlarmband mit Faltschliesse ziert jedes Damenhandgelenk.<\/span><\/p>\n<p><span style=\"font-size: 100%;\">Dar\u00fcber hinaus ist diese Schweizer Uhr vollgepackt mit hochwertigen Funktionen, die einer Swiss Military-Uhr w\u00fcrdig sind. Das Geh\u00e4use dieser eleganten Chronographenuhr ist aus robustem Edelstahl gefertigt und mit einer hochwertigen goldenen PVD-Beschichtung versehen Ein Saphirglas bedeckt das wei\u00dfe Zifferblatt. Die eleganten Zeiger und Stundenmarkierungen leuchten im Dunkeln. Diese Damenuhr mit Echtlederarmband wird von einem Swiss-Made-Uhrwerk angetrieben und in unserem hauseigenen Uhrenatelier von <a href=\"https:\/\/swissmilitarywatches.ch\/de\/die-marke\/#brand-swiss-made\">Hand assembliert<\/a>. Als Versprechen unserer Swiss-Military-Swiss-Made-Qualit\u00e4t gilt f\u00fcr diese Uhr eine <a href=\"https:\/\/swissmilitarywatches.ch\/de\/garantie\/\">internationale Garantie von 5 Jahren<\/a>.<\/span><\/p>\n","protected":false},"excerpt":{"rendered":"<h2><span style=\"font-size: 80%;\">Kraftvolle Eleganz<\/span><\/h2>\n<p>Diese elegante Chronographenuhr f\u00fcr Damen ist ein dynamischer Begleiter f\u00fcr alle, die modische Eleganz mit einem Hauch von Sportlichkeit sch\u00e4tzen.<\/p>\n<p>This is why this chronograph watch for women is made with all of our Swiss Made quality features:<\/p>\n<ul>\n<li>Swiss Made Produktion in hauseigenem Uhrmacheratelier<\/li>\n<li>Edelstahl Geh\u00e4use<\/li>\n<li>Hochwertige goldene PVD-Beschichtung<\/li>\n<li>Saphirglas<\/li>\n<li>Wasserdicht bis 50M\/5ATM<\/li>\n<li>Swiss Made Uhrwerk<\/li>\n<li>5 Jahre internationale Garantie<\/li>\n<\/ul>\n","protected":false},"featured_media":11935,"comment_status":"open","ping_status":"closed","template":"","meta":[],"product_brand":[],"product_cat":[2176,1604,1611,2152],"product_tag":[],"class_list":{"0":"post-11914","1":"product","2":"type-product","3":"status-publish","4":"has-post-thumbnail","6":"product_cat-sm30207-de","7":"product_cat-alle-uhren","8":"product_cat-damenuhren","9":"product_cat-chronographen-w-de","10":"product_shipping_class-flexible-shipping-de","12":"first","13":"instock","14":"taxable","15":"shipping-taxable","16":"purchasable","17":"product-type-simple"},"yoast_head":"<!-- This site is optimized with the Yoast SEO Premium plugin v26.6 (Yoast SEO v26.6) - https:\/\/yoast.com\/wordpress\/plugins\/seo\/ -->\n<title>Swiss Military SM30207.07 - Elegante Chronographenuhr f\u00fcr Frauen<\/title>\n<meta name=\"description\" content=\"Diese elegante Chronographenuhr ist f\u00fcr Frauen, die modische Eleganz sch\u00e4tzen. 50 Meter wasserdicht, Saphirglas, 5 Jahre Garantie!\" \/>\n<meta name=\"robots\" content=\"index, follow, max-snippet:-1, max-image-preview:large, max-video-preview:-1\" \/>\n<link rel=\"canonical\" href=\"https:\/\/swissmilitarywatches.ch\/de\/shop\/swiss-military-sm30207-07\/\" \/>\n<meta property=\"og:locale\" content=\"de_DE\" \/>\n<meta property=\"og:type\" content=\"article\" \/>\n<meta property=\"og:title\" content=\"Swiss Military SM30207.07 - Elegante Chronographenuhr f\u00fcr Frauen\" \/>\n<meta property=\"og:description\" content=\"Diese elegante Chronographenuhr ist f\u00fcr Frauen, die modische Eleganz sch\u00e4tzen. 50 Meter wasserdicht, Saphirglas, 5 Jahre Garantie!\" \/>\n<meta property=\"og:url\" content=\"https:\/\/swissmilitarywatches.ch\/de\/shop\/swiss-military-sm30207-07\/\" \/>\n<meta property=\"og:site_name\" content=\"Swiss Military by Chrono\" \/>\n<meta property=\"article:publisher\" content=\"https:\/\/m.facebook.com\/swissmilitarybychronoofficial\/\" \/>\n<meta property=\"article:modified_time\" content=\"2025-11-23T22:01:06+00:00\" \/>\n<meta property=\"og:image\" content=\"https:\/\/swissmilitarywatches.ch\/wp-content\/uploads\/2022\/10\/SM30207.07.png\" \/>\n\t<meta property=\"og:image:width\" content=\"1300\" \/>\n\t<meta property=\"og:image:height\" content=\"1642\" \/>\n\t<meta property=\"og:image:type\" content=\"image\/png\" \/>\n<meta name=\"twitter:card\" content=\"summary_large_image\" \/>\n<meta name=\"twitter:label1\" content=\"Preis\" \/>\n\t<meta name=\"twitter:data1\" content=\"&euro;429.00 inkl. MwSt.\" \/>\n\t<meta name=\"twitter:label2\" content=\"Verf\u00fcgbarkeit\" \/>\n\t<meta name=\"twitter:data2\" content=\"Auf Lager\" \/>\n<script type=\"application\/ld+json\" class=\"yoast-schema-graph\">{\"@context\":\"https:\/\/schema.org\",\"@graph\":[{\"@type\":\"WebPage\",\"@id\":\"https:\/\/swissmilitarywatches.ch\/de\/shop\/swiss-military-sm30207-07\/\",\"url\":\"https:\/\/swissmilitarywatches.ch\/de\/shop\/swiss-military-sm30207-07\/\",\"name\":\"Swiss Military SM30207.07 - Elegante Chronographenuhr f\u00fcr Frauen\",\"isPartOf\":{\"@id\":\"https:\/\/swissmilitarywatches.ch\/de\/#website\"},\"primaryImageOfPage\":{\"@id\":\"https:\/\/swissmilitarywatches.ch\/de\/shop\/swiss-military-sm30207-07\/#primaryimage\"},\"image\":{\"@id\":\"https:\/\/swissmilitarywatches.ch\/de\/shop\/swiss-military-sm30207-07\/#primaryimage\"},\"thumbnailUrl\":\"https:\/\/swissmilitarywatches.ch\/wp-content\/uploads\/2022\/10\/SM30207.07.png\",\"datePublished\":\"2022-10-13T08:43:56+00:00\",\"dateModified\":\"2025-11-23T22:01:06+00:00\",\"description\":\"Diese elegante Chronographenuhr ist f\u00fcr Frauen, die modische Eleganz sch\u00e4tzen. 50 Meter wasserdicht, Saphirglas, 5 Jahre Garantie!\",\"breadcrumb\":{\"@id\":\"https:\/\/swissmilitarywatches.ch\/de\/shop\/swiss-military-sm30207-07\/#breadcrumb\"},\"inLanguage\":\"de\",\"potentialAction\":[{\"@type\":\"ReadAction\",\"target\":[\"https:\/\/swissmilitarywatches.ch\/de\/shop\/swiss-military-sm30207-07\/\"]}]},{\"@type\":\"ImageObject\",\"inLanguage\":\"de\",\"@id\":\"https:\/\/swissmilitarywatches.ch\/de\/shop\/swiss-military-sm30207-07\/#primaryimage\",\"url\":\"https:\/\/swissmilitarywatches.ch\/wp-content\/uploads\/2022\/10\/SM30207.07.png\",\"contentUrl\":\"https:\/\/swissmilitarywatches.ch\/wp-content\/uploads\/2022\/10\/SM30207.07.png\",\"width\":1300,\"height\":1642,\"caption\":\"Swiss Military SM30207.07 - Elegant Chronograph Watch for Women\"},{\"@type\":\"BreadcrumbList\",\"@id\":\"https:\/\/swissmilitarywatches.ch\/de\/shop\/swiss-military-sm30207-07\/#breadcrumb\",\"itemListElement\":[{\"@type\":\"ListItem\",\"position\":1,\"name\":\"Home\",\"item\":\"https:\/\/swissmilitarywatches.ch\/de\/home\/\"},{\"@type\":\"ListItem\",\"position\":2,\"name\":\"Shop\",\"item\":\"https:\/\/swissmilitarywatches.ch\/de\/shop\/\"},{\"@type\":\"ListItem\",\"position\":3,\"name\":\"Alle Uhren\",\"item\":\"https:\/\/swissmilitarywatches.ch\/de\/produkt-kategorie\/alle-uhren\/\"},{\"@type\":\"ListItem\",\"position\":4,\"name\":\"Damenuhren\",\"item\":\"https:\/\/swissmilitarywatches.ch\/de\/produkt-kategorie\/alle-uhren\/damenuhren\/\"},{\"@type\":\"ListItem\",\"position\":5,\"name\":\"Chronographen\",\"item\":\"https:\/\/swissmilitarywatches.ch\/de\/produkt-kategorie\/alle-uhren\/damenuhren\/chronographen-w-de\/\"},{\"@type\":\"ListItem\",\"position\":6,\"name\":\"Swiss Military SM30207.07 &#8211; Elegante Chronographenuhr f\u00fcr Frauen\"}]},{\"@type\":\"WebSite\",\"@id\":\"https:\/\/swissmilitarywatches.ch\/de\/#website\",\"url\":\"https:\/\/swissmilitarywatches.ch\/de\/\",\"name\":\"Swiss Military by Chrono\",\"description\":\"Official Licensed Product of the Swiss Confederation\",\"publisher\":{\"@id\":\"https:\/\/swissmilitarywatches.ch\/de\/#organization\"},\"potentialAction\":[{\"@type\":\"SearchAction\",\"target\":{\"@type\":\"EntryPoint\",\"urlTemplate\":\"https:\/\/swissmilitarywatches.ch\/de\/?s={search_term_string}\"},\"query-input\":{\"@type\":\"PropertyValueSpecification\",\"valueRequired\":true,\"valueName\":\"search_term_string\"}}],\"inLanguage\":\"de\"},{\"@type\":\"Organization\",\"@id\":\"https:\/\/swissmilitarywatches.ch\/de\/#organization\",\"name\":\"Swiss Military by Chrono\",\"url\":\"https:\/\/swissmilitarywatches.ch\/de\/\",\"logo\":{\"@type\":\"ImageObject\",\"inLanguage\":\"de\",\"@id\":\"https:\/\/swissmilitarywatches.ch\/de\/#\/schema\/logo\/image\/\",\"url\":\"https:\/\/swissmilitarywatches.ch\/wp-content\/uploads\/2020\/04\/cropped-SM_logo_512x512px.jpg\",\"contentUrl\":\"https:\/\/swissmilitarywatches.ch\/wp-content\/uploads\/2020\/04\/cropped-SM_logo_512x512px.jpg\",\"width\":512,\"height\":512,\"caption\":\"Swiss Military by Chrono\"},\"image\":{\"@id\":\"https:\/\/swissmilitarywatches.ch\/de\/#\/schema\/logo\/image\/\"},\"sameAs\":[\"https:\/\/m.facebook.com\/swissmilitarybychronoofficial\/\",\"https:\/\/www.instagram.com\/swissmilitarybychrono\/\",\"https:\/\/www.pinterest.ch\/swissmilitarybychrono\/\"]}]}<\/script>\n<meta property=\"product:brand\" content=\"Swiss Military by Chrono\" \/>\n<meta property=\"product:price:amount\" content=\"429.00\" \/>\n<meta property=\"product:price:currency\" content=\"EUR\" \/>\n<meta property=\"og:availability\" content=\"instock\" \/>\n<meta property=\"product:availability\" content=\"instock\" \/>\n<meta property=\"product:retailer_item_id\" content=\"SM30207.07\" \/>\n<meta property=\"product:condition\" content=\"new\" \/>\n<!-- \/ Yoast SEO Premium plugin. -->","yoast_head_json":{"title":"Swiss Military SM30207.07 - Elegante Chronographenuhr f\u00fcr Frauen","description":"Diese elegante Chronographenuhr ist f\u00fcr Frauen, die modische Eleganz sch\u00e4tzen. 50 Meter wasserdicht, Saphirglas, 5 Jahre Garantie!","robots":{"index":"index","follow":"follow","max-snippet":"max-snippet:-1","max-image-preview":"max-image-preview:large","max-video-preview":"max-video-preview:-1"},"canonical":"https:\/\/swissmilitarywatches.ch\/de\/shop\/swiss-military-sm30207-07\/","og_locale":"de_DE","og_type":"article","og_title":"Swiss Military SM30207.07 - Elegante Chronographenuhr f\u00fcr Frauen","og_description":"Diese elegante Chronographenuhr ist f\u00fcr Frauen, die modische Eleganz sch\u00e4tzen. 50 Meter wasserdicht, Saphirglas, 5 Jahre Garantie!","og_url":"https:\/\/swissmilitarywatches.ch\/de\/shop\/swiss-military-sm30207-07\/","og_site_name":"Swiss Military by Chrono","article_publisher":"https:\/\/m.facebook.com\/swissmilitarybychronoofficial\/","article_modified_time":"2025-11-23T22:01:06+00:00","og_image":[{"width":1300,"height":1642,"url":"https:\/\/swissmilitarywatches.ch\/wp-content\/uploads\/2022\/10\/SM30207.07.png","type":"image\/png"}],"twitter_card":"summary_large_image","twitter_misc":{"Preis":"&euro;429.00 inkl. MwSt.","Verf\u00fcgbarkeit":"Auf Lager"},"schema":{"@context":"https:\/\/schema.org","@graph":[{"@type":"WebPage","@id":"https:\/\/swissmilitarywatches.ch\/de\/shop\/swiss-military-sm30207-07\/","url":"https:\/\/swissmilitarywatches.ch\/de\/shop\/swiss-military-sm30207-07\/","name":"Swiss Military SM30207.07 - Elegante Chronographenuhr f\u00fcr Frauen","isPartOf":{"@id":"https:\/\/swissmilitarywatches.ch\/de\/#website"},"primaryImageOfPage":{"@id":"https:\/\/swissmilitarywatches.ch\/de\/shop\/swiss-military-sm30207-07\/#primaryimage"},"image":{"@id":"https:\/\/swissmilitarywatches.ch\/de\/shop\/swiss-military-sm30207-07\/#primaryimage"},"thumbnailUrl":"https:\/\/swissmilitarywatches.ch\/wp-content\/uploads\/2022\/10\/SM30207.07.png","datePublished":"2022-10-13T08:43:56+00:00","dateModified":"2025-11-23T22:01:06+00:00","description":"Diese elegante Chronographenuhr ist f\u00fcr Frauen, die modische Eleganz sch\u00e4tzen. 50 Meter wasserdicht, Saphirglas, 5 Jahre Garantie!","breadcrumb":{"@id":"https:\/\/swissmilitarywatches.ch\/de\/shop\/swiss-military-sm30207-07\/#breadcrumb"},"inLanguage":"de","potentialAction":[{"@type":"ReadAction","target":["https:\/\/swissmilitarywatches.ch\/de\/shop\/swiss-military-sm30207-07\/"]}]},{"@type":"ImageObject","inLanguage":"de","@id":"https:\/\/swissmilitarywatches.ch\/de\/shop\/swiss-military-sm30207-07\/#primaryimage","url":"https:\/\/swissmilitarywatches.ch\/wp-content\/uploads\/2022\/10\/SM30207.07.png","contentUrl":"https:\/\/swissmilitarywatches.ch\/wp-content\/uploads\/2022\/10\/SM30207.07.png","width":1300,"height":1642,"caption":"Swiss Military SM30207.07 - Elegant Chronograph Watch for Women"},{"@type":"BreadcrumbList","@id":"https:\/\/swissmilitarywatches.ch\/de\/shop\/swiss-military-sm30207-07\/#breadcrumb","itemListElement":[{"@type":"ListItem","position":1,"name":"Home","item":"https:\/\/swissmilitarywatches.ch\/de\/home\/"},{"@type":"ListItem","position":2,"name":"Shop","item":"https:\/\/swissmilitarywatches.ch\/de\/shop\/"},{"@type":"ListItem","position":3,"name":"Alle Uhren","item":"https:\/\/swissmilitarywatches.ch\/de\/produkt-kategorie\/alle-uhren\/"},{"@type":"ListItem","position":4,"name":"Damenuhren","item":"https:\/\/swissmilitarywatches.ch\/de\/produkt-kategorie\/alle-uhren\/damenuhren\/"},{"@type":"ListItem","position":5,"name":"Chronographen","item":"https:\/\/swissmilitarywatches.ch\/de\/produkt-kategorie\/alle-uhren\/damenuhren\/chronographen-w-de\/"},{"@type":"ListItem","position":6,"name":"Swiss Military SM30207.07 &#8211; Elegante Chronographenuhr f\u00fcr Frauen"}]},{"@type":"WebSite","@id":"https:\/\/swissmilitarywatches.ch\/de\/#website","url":"https:\/\/swissmilitarywatches.ch\/de\/","name":"Swiss Military by Chrono","description":"Official Licensed Product of the Swiss Confederation","publisher":{"@id":"https:\/\/swissmilitarywatches.ch\/de\/#organization"},"potentialAction":[{"@type":"SearchAction","target":{"@type":"EntryPoint","urlTemplate":"https:\/\/swissmilitarywatches.ch\/de\/?s={search_term_string}"},"query-input":{"@type":"PropertyValueSpecification","valueRequired":true,"valueName":"search_term_string"}}],"inLanguage":"de"},{"@type":"Organization","@id":"https:\/\/swissmilitarywatches.ch\/de\/#organization","name":"Swiss Military by Chrono","url":"https:\/\/swissmilitarywatches.ch\/de\/","logo":{"@type":"ImageObject","inLanguage":"de","@id":"https:\/\/swissmilitarywatches.ch\/de\/#\/schema\/logo\/image\/","url":"https:\/\/swissmilitarywatches.ch\/wp-content\/uploads\/2020\/04\/cropped-SM_logo_512x512px.jpg","contentUrl":"https:\/\/swissmilitarywatches.ch\/wp-content\/uploads\/2020\/04\/cropped-SM_logo_512x512px.jpg","width":512,"height":512,"caption":"Swiss Military by Chrono"},"image":{"@id":"https:\/\/swissmilitarywatches.ch\/de\/#\/schema\/logo\/image\/"},"sameAs":["https:\/\/m.facebook.com\/swissmilitarybychronoofficial\/","https:\/\/www.instagram.com\/swissmilitarybychrono\/","https:\/\/www.pinterest.ch\/swissmilitarybychrono\/"]}]},"product_brand":"Swiss Military by Chrono","product_price_amount":"429.00","product_price_currency":"EUR","og_availability":"instock","product_availability":"instock","product_retailer_item_id":"SM30207.07","product_condition":"new"},"jetpack_sharing_enabled":true,"_links":{"self":[{"href":"https:\/\/swissmilitarywatches.ch\/de\/wp-json\/wp\/v2\/product\/11914","targetHints":{"allow":["GET"]}}],"collection":[{"href":"https:\/\/swissmilitarywatches.ch\/de\/wp-json\/wp\/v2\/product"}],"about":[{"href":"https:\/\/swissmilitarywatches.ch\/de\/wp-json\/wp\/v2\/types\/product"}],"replies":[{"embeddable":true,"href":"https:\/\/swissmilitarywatches.ch\/de\/wp-json\/wp\/v2\/comments?post=11914"}],"wp:featuredmedia":[{"embeddable":true,"href":"https:\/\/swissmilitarywatches.ch\/de\/wp-json\/wp\/v2\/media\/11935"}],"wp:attachment":[{"href":"https:\/\/swissmilitarywatches.ch\/de\/wp-json\/wp\/v2\/media?parent=11914"}],"wp:term":[{"taxonomy":"product_brand","embeddable":true,"href":"https:\/\/swissmilitarywatches.ch\/de\/wp-json\/wp\/v2\/product_brand?post=11914"},{"taxonomy":"product_cat","embeddable":true,"href":"https:\/\/swissmilitarywatches.ch\/de\/wp-json\/wp\/v2\/product_cat?post=11914"},{"taxonomy":"product_tag","embeddable":true,"href":"https:\/\/swissmilitarywatches.ch\/de\/wp-json\/wp\/v2\/product_tag?post=11914"}],"curies":[{"name":"wp","href":"https:\/\/api.w.org\/{rel}","templated":true}]}}