{"id":10285,"date":"2022-02-01T12:34:25","date_gmt":"2022-02-01T10:34:25","guid":{"rendered":"https:\/\/swissmilitarywatches.ch\/product\/swiss-military-sm34087-04-vintage-herrenuhr\/"},"modified":"2025-11-24T00:00:56","modified_gmt":"2025-11-23T22:00:56","slug":"swiss-military-sm34087-04-de","status":"publish","type":"product","link":"https:\/\/swissmilitarywatches.ch\/de\/shop\/swiss-military-sm34087-04-de\/","title":{"rendered":"Swiss Military SM34087.04 &#8211; Vintage Herrenuhr"},"content":{"rendered":"<p>Diese von der Luftfahrt inspirierte Vintage-Uhr ist perfekt f\u00fcr alle M\u00e4nner, die einen zuverl\u00e4ssigen Zeitmesser f\u00fcr ihr t\u00e4gliches Leben suchen. Die abenteuerliche, aber m\u00fchelos elegante DNA dieser Herrenuhr passt perfekt zu Deinem Lifestyle, sei es im Beruf oder in der Freizeit. Das \u00e4u\u00dferlich elegante Stahldesign verf\u00fcgt \u00fcber ein sportliches schwarzes Zifferblatt im Fliegerstil mit einer markanten Datumsanzeige, die nicht nur das Datum, sondern auch den Wochentag anzeigt. Ein weiches schwarzes Echtlederband mit wei\u00dfen N\u00e4hten vervollst\u00e4ndigt das Design im Vintage-Stil.<\/p>\n<p>Das Geh\u00e4use dieser Vintage-Uhr ist aus robustem Edelstahl gefertigt. Ein extra geh\u00e4rtetes K1-Mineralglas mit Saphirbeschichtung sch\u00fctzt das schwarze Zifferblatt ab. Alle Stundenmarkierungen sowie der Stunden- und Minutenzeiger leuchten im Dunkeln. Diese Vintage-Uhr im Fliegerstil wird von einem Swiss-Made-Quarzwerk angetrieben und in unserem<a href=\"https:\/\/swissmilitarywatches.ch\/de\/die-marke\/#brand-swiss-made\" target=\"_blank\" rel=\"noopener noreferrer\">hauseigenen Uhrmacheratelier<\/a> von Hand zusammengesetzt. Als Versprechen unserer Swiss-Military-Swiss-Made-Qualit\u00e4t gilt f\u00fcr diese Uhr eine <a href=\"https:\/\/swissmilitarywatches.ch\/de\/garantie\/\" target=\"_blank\" rel=\"noopener noreferrer\">internationale Garantie von 5 Jahren<\/a>.<\/p>\n","protected":false},"excerpt":{"rendered":"<h2><span style=\"font-size: 80%;\">Von der Luftfahrt inspirierte Vintage-Uhr<\/span><\/h2>\n<p>Diese Vintage-Uhr ist perfekt f\u00fcr alle M\u00e4nner, die einen hervorragenden Zeitmesser f\u00fcr ihr t\u00e4gliches Leben suchen. Das schwarze Zifferblatt verf\u00fcgt \u00fcber sportliche Zeiger und Indexe im Fliegerstil sowie \u00fcber eine markante Datumsanzeige, die nicht nur das Datum, sondern auch den Wochentag anzeigt.<\/p>\n<p>Dar\u00fcber hinaus ist diese Herrenuhr mit allen unseren Swiss Made-Qualit\u00e4tsmerkmalen ausgestattet:<\/p>\n<ul>\n<li>Swiss Made Produktion in hauseigenem Uhrmacheratelier<\/li>\n<li>Edelstahl Geh\u00e4use<\/li>\n<li>Extra geh\u00e4rtetes K1 Mineralglas mit Saphirbeschichtung<\/li>\n<li>Wasserdicht bis zu 100M\/ 10ATM<\/li>\n<li>Tag\/Datum Anzeige<\/li>\n<li>Swiss Made Quarzuhrwerk<\/li>\n<li>5 Jahre internationale Garantie<\/li>\n<\/ul>\n","protected":false},"featured_media":9970,"comment_status":"open","ping_status":"closed","template":"","meta":[],"product_brand":[],"product_cat":[1604,1607,1615,1653],"product_tag":[],"class_list":{"0":"post-10285","1":"product","2":"type-product","3":"status-publish","4":"has-post-thumbnail","6":"product_cat-alle-uhren","7":"product_cat-herrenuhren","8":"product_cat-quarzuhren","9":"product_cat-sm34087-de","10":"product_shipping_class-flexible-shipping-de","12":"first","13":"instock","14":"taxable","15":"shipping-taxable","16":"purchasable","17":"product-type-simple"},"yoast_head":"<!-- This site is optimized with the Yoast SEO Premium plugin v26.6 (Yoast SEO v26.6) - https:\/\/yoast.com\/wordpress\/plugins\/seo\/ -->\n<title>Swiss Military SM34087.04 - Vintage Herrenuhr<\/title>\n<meta name=\"description\" content=\"Diese Vintage-Uhr f\u00fcr M\u00e4nner ist perfekt f\u00fcr alle M\u00e4nner, die einen zuverl\u00e4ssigen Zeitmesser f\u00fcr ihr t\u00e4gliches Leben suchen. 5 Jahre Garantie\" \/>\n<meta name=\"robots\" content=\"index, follow, max-snippet:-1, max-image-preview:large, max-video-preview:-1\" \/>\n<link rel=\"canonical\" href=\"https:\/\/swissmilitarywatches.ch\/de\/shop\/swiss-military-sm34087-04-de\/\" \/>\n<meta property=\"og:locale\" content=\"de_DE\" \/>\n<meta property=\"og:type\" content=\"article\" \/>\n<meta property=\"og:title\" content=\"Swiss Military SM34087.04 - Vintage Herrenuhr\" \/>\n<meta property=\"og:description\" content=\"Diese Vintage-Uhr f\u00fcr M\u00e4nner ist perfekt f\u00fcr alle M\u00e4nner, die einen zuverl\u00e4ssigen Zeitmesser f\u00fcr ihr t\u00e4gliches Leben suchen. 5 Jahre Garantie\" \/>\n<meta property=\"og:url\" content=\"https:\/\/swissmilitarywatches.ch\/de\/shop\/swiss-military-sm34087-04-de\/\" \/>\n<meta property=\"og:site_name\" content=\"Swiss Military by Chrono\" \/>\n<meta property=\"article:publisher\" content=\"https:\/\/m.facebook.com\/swissmilitarybychronoofficial\/\" \/>\n<meta property=\"article:modified_time\" content=\"2025-11-23T22:00:56+00:00\" \/>\n<meta property=\"og:image\" content=\"https:\/\/swissmilitarywatches.ch\/wp-content\/uploads\/2022\/02\/SM34087.04.png\" \/>\n\t<meta property=\"og:image:width\" content=\"1300\" \/>\n\t<meta property=\"og:image:height\" content=\"1642\" \/>\n\t<meta property=\"og:image:type\" content=\"image\/png\" \/>\n<meta name=\"twitter:card\" content=\"summary_large_image\" \/>\n<meta name=\"twitter:label1\" content=\"Preis\" \/>\n\t<meta name=\"twitter:data1\" content=\"&euro;269.00 inkl. MwSt.\" \/>\n\t<meta name=\"twitter:label2\" content=\"Verf\u00fcgbarkeit\" \/>\n\t<meta name=\"twitter:data2\" content=\"Auf Lager\" \/>\n<script type=\"application\/ld+json\" class=\"yoast-schema-graph\">{\"@context\":\"https:\/\/schema.org\",\"@graph\":[{\"@type\":\"WebPage\",\"@id\":\"https:\/\/swissmilitarywatches.ch\/de\/shop\/swiss-military-sm34087-04-de\/\",\"url\":\"https:\/\/swissmilitarywatches.ch\/de\/shop\/swiss-military-sm34087-04-de\/\",\"name\":\"Swiss Military SM34087.04 - Vintage Herrenuhr\",\"isPartOf\":{\"@id\":\"https:\/\/swissmilitarywatches.ch\/de\/#website\"},\"primaryImageOfPage\":{\"@id\":\"https:\/\/swissmilitarywatches.ch\/de\/shop\/swiss-military-sm34087-04-de\/#primaryimage\"},\"image\":{\"@id\":\"https:\/\/swissmilitarywatches.ch\/de\/shop\/swiss-military-sm34087-04-de\/#primaryimage\"},\"thumbnailUrl\":\"https:\/\/swissmilitarywatches.ch\/wp-content\/uploads\/2022\/02\/SM34087.04.png\",\"datePublished\":\"2022-02-01T10:34:25+00:00\",\"dateModified\":\"2025-11-23T22:00:56+00:00\",\"description\":\"Diese Vintage-Uhr f\u00fcr M\u00e4nner ist perfekt f\u00fcr alle M\u00e4nner, die einen zuverl\u00e4ssigen Zeitmesser f\u00fcr ihr t\u00e4gliches Leben suchen. 5 Jahre Garantie\",\"breadcrumb\":{\"@id\":\"https:\/\/swissmilitarywatches.ch\/de\/shop\/swiss-military-sm34087-04-de\/#breadcrumb\"},\"inLanguage\":\"de\",\"potentialAction\":[{\"@type\":\"ReadAction\",\"target\":[\"https:\/\/swissmilitarywatches.ch\/de\/shop\/swiss-military-sm34087-04-de\/\"]}]},{\"@type\":\"ImageObject\",\"inLanguage\":\"de\",\"@id\":\"https:\/\/swissmilitarywatches.ch\/de\/shop\/swiss-military-sm34087-04-de\/#primaryimage\",\"url\":\"https:\/\/swissmilitarywatches.ch\/wp-content\/uploads\/2022\/02\/SM34087.04.png\",\"contentUrl\":\"https:\/\/swissmilitarywatches.ch\/wp-content\/uploads\/2022\/02\/SM34087.04.png\",\"width\":1300,\"height\":1642,\"caption\":\"Swiss Military SM34087.04 - Vintage Herrenuhr\"},{\"@type\":\"BreadcrumbList\",\"@id\":\"https:\/\/swissmilitarywatches.ch\/de\/shop\/swiss-military-sm34087-04-de\/#breadcrumb\",\"itemListElement\":[{\"@type\":\"ListItem\",\"position\":1,\"name\":\"Home\",\"item\":\"https:\/\/swissmilitarywatches.ch\/de\/home\/\"},{\"@type\":\"ListItem\",\"position\":2,\"name\":\"Shop\",\"item\":\"https:\/\/swissmilitarywatches.ch\/de\/shop\/\"},{\"@type\":\"ListItem\",\"position\":3,\"name\":\"Alle Uhren\",\"item\":\"https:\/\/swissmilitarywatches.ch\/de\/produkt-kategorie\/alle-uhren\/\"},{\"@type\":\"ListItem\",\"position\":4,\"name\":\"Herrenuhren\",\"item\":\"https:\/\/swissmilitarywatches.ch\/de\/produkt-kategorie\/alle-uhren\/herrenuhren\/\"},{\"@type\":\"ListItem\",\"position\":5,\"name\":\"Quarzuhren\",\"item\":\"https:\/\/swissmilitarywatches.ch\/de\/produkt-kategorie\/alle-uhren\/herrenuhren\/quarzuhren\/\"},{\"@type\":\"ListItem\",\"position\":6,\"name\":\"Swiss Military SM34087.04 &#8211; Vintage Herrenuhr\"}]},{\"@type\":\"WebSite\",\"@id\":\"https:\/\/swissmilitarywatches.ch\/de\/#website\",\"url\":\"https:\/\/swissmilitarywatches.ch\/de\/\",\"name\":\"Swiss Military by Chrono\",\"description\":\"Official Licensed Product of the Swiss Confederation\",\"publisher\":{\"@id\":\"https:\/\/swissmilitarywatches.ch\/de\/#organization\"},\"potentialAction\":[{\"@type\":\"SearchAction\",\"target\":{\"@type\":\"EntryPoint\",\"urlTemplate\":\"https:\/\/swissmilitarywatches.ch\/de\/?s={search_term_string}\"},\"query-input\":{\"@type\":\"PropertyValueSpecification\",\"valueRequired\":true,\"valueName\":\"search_term_string\"}}],\"inLanguage\":\"de\"},{\"@type\":\"Organization\",\"@id\":\"https:\/\/swissmilitarywatches.ch\/de\/#organization\",\"name\":\"Swiss Military by Chrono\",\"url\":\"https:\/\/swissmilitarywatches.ch\/de\/\",\"logo\":{\"@type\":\"ImageObject\",\"inLanguage\":\"de\",\"@id\":\"https:\/\/swissmilitarywatches.ch\/de\/#\/schema\/logo\/image\/\",\"url\":\"https:\/\/swissmilitarywatches.ch\/wp-content\/uploads\/2020\/04\/cropped-SM_logo_512x512px.jpg\",\"contentUrl\":\"https:\/\/swissmilitarywatches.ch\/wp-content\/uploads\/2020\/04\/cropped-SM_logo_512x512px.jpg\",\"width\":512,\"height\":512,\"caption\":\"Swiss Military by Chrono\"},\"image\":{\"@id\":\"https:\/\/swissmilitarywatches.ch\/de\/#\/schema\/logo\/image\/\"},\"sameAs\":[\"https:\/\/m.facebook.com\/swissmilitarybychronoofficial\/\",\"https:\/\/www.instagram.com\/swissmilitarybychrono\/\",\"https:\/\/www.pinterest.ch\/swissmilitarybychrono\/\"]}]}<\/script>\n<meta property=\"product:brand\" content=\"Swiss Military by Chrono\" \/>\n<meta property=\"product:price:amount\" content=\"269.00\" \/>\n<meta property=\"product:price:currency\" content=\"EUR\" \/>\n<meta property=\"og:availability\" content=\"instock\" \/>\n<meta property=\"product:availability\" content=\"instock\" \/>\n<meta property=\"product:retailer_item_id\" content=\"SM34087.04\" \/>\n<meta property=\"product:condition\" content=\"new\" \/>\n<!-- \/ Yoast SEO Premium plugin. -->","yoast_head_json":{"title":"Swiss Military SM34087.04 - Vintage Herrenuhr","description":"Diese Vintage-Uhr f\u00fcr M\u00e4nner ist perfekt f\u00fcr alle M\u00e4nner, die einen zuverl\u00e4ssigen Zeitmesser f\u00fcr ihr t\u00e4gliches Leben suchen. 5 Jahre Garantie","robots":{"index":"index","follow":"follow","max-snippet":"max-snippet:-1","max-image-preview":"max-image-preview:large","max-video-preview":"max-video-preview:-1"},"canonical":"https:\/\/swissmilitarywatches.ch\/de\/shop\/swiss-military-sm34087-04-de\/","og_locale":"de_DE","og_type":"article","og_title":"Swiss Military SM34087.04 - Vintage Herrenuhr","og_description":"Diese Vintage-Uhr f\u00fcr M\u00e4nner ist perfekt f\u00fcr alle M\u00e4nner, die einen zuverl\u00e4ssigen Zeitmesser f\u00fcr ihr t\u00e4gliches Leben suchen. 5 Jahre Garantie","og_url":"https:\/\/swissmilitarywatches.ch\/de\/shop\/swiss-military-sm34087-04-de\/","og_site_name":"Swiss Military by Chrono","article_publisher":"https:\/\/m.facebook.com\/swissmilitarybychronoofficial\/","article_modified_time":"2025-11-23T22:00:56+00:00","og_image":[{"width":1300,"height":1642,"url":"https:\/\/swissmilitarywatches.ch\/wp-content\/uploads\/2022\/02\/SM34087.04.png","type":"image\/png"}],"twitter_card":"summary_large_image","twitter_misc":{"Preis":"&euro;269.00 inkl. MwSt.","Verf\u00fcgbarkeit":"Auf Lager"},"schema":{"@context":"https:\/\/schema.org","@graph":[{"@type":"WebPage","@id":"https:\/\/swissmilitarywatches.ch\/de\/shop\/swiss-military-sm34087-04-de\/","url":"https:\/\/swissmilitarywatches.ch\/de\/shop\/swiss-military-sm34087-04-de\/","name":"Swiss Military SM34087.04 - Vintage Herrenuhr","isPartOf":{"@id":"https:\/\/swissmilitarywatches.ch\/de\/#website"},"primaryImageOfPage":{"@id":"https:\/\/swissmilitarywatches.ch\/de\/shop\/swiss-military-sm34087-04-de\/#primaryimage"},"image":{"@id":"https:\/\/swissmilitarywatches.ch\/de\/shop\/swiss-military-sm34087-04-de\/#primaryimage"},"thumbnailUrl":"https:\/\/swissmilitarywatches.ch\/wp-content\/uploads\/2022\/02\/SM34087.04.png","datePublished":"2022-02-01T10:34:25+00:00","dateModified":"2025-11-23T22:00:56+00:00","description":"Diese Vintage-Uhr f\u00fcr M\u00e4nner ist perfekt f\u00fcr alle M\u00e4nner, die einen zuverl\u00e4ssigen Zeitmesser f\u00fcr ihr t\u00e4gliches Leben suchen. 5 Jahre Garantie","breadcrumb":{"@id":"https:\/\/swissmilitarywatches.ch\/de\/shop\/swiss-military-sm34087-04-de\/#breadcrumb"},"inLanguage":"de","potentialAction":[{"@type":"ReadAction","target":["https:\/\/swissmilitarywatches.ch\/de\/shop\/swiss-military-sm34087-04-de\/"]}]},{"@type":"ImageObject","inLanguage":"de","@id":"https:\/\/swissmilitarywatches.ch\/de\/shop\/swiss-military-sm34087-04-de\/#primaryimage","url":"https:\/\/swissmilitarywatches.ch\/wp-content\/uploads\/2022\/02\/SM34087.04.png","contentUrl":"https:\/\/swissmilitarywatches.ch\/wp-content\/uploads\/2022\/02\/SM34087.04.png","width":1300,"height":1642,"caption":"Swiss Military SM34087.04 - Vintage Herrenuhr"},{"@type":"BreadcrumbList","@id":"https:\/\/swissmilitarywatches.ch\/de\/shop\/swiss-military-sm34087-04-de\/#breadcrumb","itemListElement":[{"@type":"ListItem","position":1,"name":"Home","item":"https:\/\/swissmilitarywatches.ch\/de\/home\/"},{"@type":"ListItem","position":2,"name":"Shop","item":"https:\/\/swissmilitarywatches.ch\/de\/shop\/"},{"@type":"ListItem","position":3,"name":"Alle Uhren","item":"https:\/\/swissmilitarywatches.ch\/de\/produkt-kategorie\/alle-uhren\/"},{"@type":"ListItem","position":4,"name":"Herrenuhren","item":"https:\/\/swissmilitarywatches.ch\/de\/produkt-kategorie\/alle-uhren\/herrenuhren\/"},{"@type":"ListItem","position":5,"name":"Quarzuhren","item":"https:\/\/swissmilitarywatches.ch\/de\/produkt-kategorie\/alle-uhren\/herrenuhren\/quarzuhren\/"},{"@type":"ListItem","position":6,"name":"Swiss Military SM34087.04 &#8211; Vintage Herrenuhr"}]},{"@type":"WebSite","@id":"https:\/\/swissmilitarywatches.ch\/de\/#website","url":"https:\/\/swissmilitarywatches.ch\/de\/","name":"Swiss Military by Chrono","description":"Official Licensed Product of the Swiss Confederation","publisher":{"@id":"https:\/\/swissmilitarywatches.ch\/de\/#organization"},"potentialAction":[{"@type":"SearchAction","target":{"@type":"EntryPoint","urlTemplate":"https:\/\/swissmilitarywatches.ch\/de\/?s={search_term_string}"},"query-input":{"@type":"PropertyValueSpecification","valueRequired":true,"valueName":"search_term_string"}}],"inLanguage":"de"},{"@type":"Organization","@id":"https:\/\/swissmilitarywatches.ch\/de\/#organization","name":"Swiss Military by Chrono","url":"https:\/\/swissmilitarywatches.ch\/de\/","logo":{"@type":"ImageObject","inLanguage":"de","@id":"https:\/\/swissmilitarywatches.ch\/de\/#\/schema\/logo\/image\/","url":"https:\/\/swissmilitarywatches.ch\/wp-content\/uploads\/2020\/04\/cropped-SM_logo_512x512px.jpg","contentUrl":"https:\/\/swissmilitarywatches.ch\/wp-content\/uploads\/2020\/04\/cropped-SM_logo_512x512px.jpg","width":512,"height":512,"caption":"Swiss Military by Chrono"},"image":{"@id":"https:\/\/swissmilitarywatches.ch\/de\/#\/schema\/logo\/image\/"},"sameAs":["https:\/\/m.facebook.com\/swissmilitarybychronoofficial\/","https:\/\/www.instagram.com\/swissmilitarybychrono\/","https:\/\/www.pinterest.ch\/swissmilitarybychrono\/"]}]},"product_brand":"Swiss Military by Chrono","product_price_amount":"269.00","product_price_currency":"EUR","og_availability":"instock","product_availability":"instock","product_retailer_item_id":"SM34087.04","product_condition":"new"},"jetpack_sharing_enabled":true,"_links":{"self":[{"href":"https:\/\/swissmilitarywatches.ch\/de\/wp-json\/wp\/v2\/product\/10285","targetHints":{"allow":["GET"]}}],"collection":[{"href":"https:\/\/swissmilitarywatches.ch\/de\/wp-json\/wp\/v2\/product"}],"about":[{"href":"https:\/\/swissmilitarywatches.ch\/de\/wp-json\/wp\/v2\/types\/product"}],"replies":[{"embeddable":true,"href":"https:\/\/swissmilitarywatches.ch\/de\/wp-json\/wp\/v2\/comments?post=10285"}],"wp:featuredmedia":[{"embeddable":true,"href":"https:\/\/swissmilitarywatches.ch\/de\/wp-json\/wp\/v2\/media\/9970"}],"wp:attachment":[{"href":"https:\/\/swissmilitarywatches.ch\/de\/wp-json\/wp\/v2\/media?parent=10285"}],"wp:term":[{"taxonomy":"product_brand","embeddable":true,"href":"https:\/\/swissmilitarywatches.ch\/de\/wp-json\/wp\/v2\/product_brand?post=10285"},{"taxonomy":"product_cat","embeddable":true,"href":"https:\/\/swissmilitarywatches.ch\/de\/wp-json\/wp\/v2\/product_cat?post=10285"},{"taxonomy":"product_tag","embeddable":true,"href":"https:\/\/swissmilitarywatches.ch\/de\/wp-json\/wp\/v2\/product_tag?post=10285"}],"curies":[{"name":"wp","href":"https:\/\/api.w.org\/{rel}","templated":true}]}}