{"id":7360,"date":"2021-06-02T11:02:50","date_gmt":"2021-06-02T10:02:50","guid":{"rendered":"https:\/\/swissmilitarywatches.ch\/nutzungsrichtlinien\/"},"modified":"2021-09-02T11:54:46","modified_gmt":"2021-09-02T10:54:46","slug":"nutzungsrichtlinien","status":"publish","type":"page","link":"https:\/\/swissmilitarywatches.ch\/de\/nutzungsrichtlinien\/","title":{"rendered":"Nutzungsrichtlinien"},"content":{"rendered":"<h1>Nutzungsrichtlinien<\/h1>\r\n<p> <\/p>\r\n<p>Diese Website wird von der Chrono AG, ein Unternehmen nach schweizerischem Recht, Firmen-ID CHE-108.009.554, Weissensteinstrasse 49, 4502 Solothurn, Schweiz, zur Verf\u00fcgung gestellt. Chrono AG ist Inhaberin der Uhrenmarke Swiss Military by Chrono. Nachfolgend wird die Inhaberin der Website daher mit &#8222;Swiss Military by Chrono\u201d bezeichnet.<\/p>\r\n<p>Wir weisen darauf hin, dass die durchSwiss Military by Chrono im Internet zur Verf\u00fcgung gestellten Dienste kein Angebot zu einem Vertragsschluss mit den Nutzern der Website darstellen. Zustandekommen und Abwicklung von Kaufvertr\u00e4gen unterliegt den Allgemeinden Gesch\u00e4ftsbedingungen von Swiss Military by Chrono. Diese sind in der jeweils aktuellen Fassung auf dieser Website verf\u00fcgbar.<\/p>\r\n<p> <\/p>\r\n<p>Der Zutritt zu dieser Website unterliegt den nachfolgende aufgef\u00fchrten Nutzungsbedingungen:<\/p>\r\n<p> <\/p>\r\n<p>1.<\/p>\r\n<p>Alle Inhalte auf der Website swissmilitarywatches.ch (einschlie\u00dflich und ohne Einschr\u00e4nkung Bilder, Fotos, Design, Text, Logos, Grafiken, Symbole, Audio\/Video-Clips, Downloads, Schnittstellen, Informationen, Material, Code und Software sowie deren Auswahl und Anordnung) sind ausschlie\u00dfliches Eigentum von Swiss Military by Chrono, seinen Lizenzgebern oder seinen Inhaltsanbietern und sind durch Urheberrecht, Markenrecht und andere anwendbare Gesetze gesch\u00fctzt.<\/p>\r\n<p> <\/p>\r\n<p>2.<\/p>\r\n<p>Website-Benutzer d\u00fcrfen nur f\u00fcr den pers\u00f6nlichen und nicht gewerblichen Gebrauch auf die Inhalte der Website zugreifen, sie kopieren, herunterladen und ausdrucken, vorausgesetzt, dass die Benutzer keine Urheberrechts-, Marken- oder sonstigen Eigentumshinweise \u00e4ndern oder l\u00f6schen, die auf der Inhaltsseite erscheinen, auf die die Benutzer zugreifen, kopieren, herunterladen oder drucken. Jede andere Nutzung von Inhalten auf der Website, einschlie\u00dflich, aber nicht beschr\u00e4nkt auf die \u00c4nderung, Verteilung, \u00dcbertragung, Sendung, Ver\u00f6ffentlichung, Hochladen, Lizenzierung, Reverse Engineering, \u00dcbertragung oder Verkauf von oder die Erstellung von abgeleiteten Werken aus Inhalten, Produkten oder Dienstleistungen, die von der Website bezogen werden, oder die Nutzung der Website f\u00fcr Zwecke, die mit Swiss Military by Chrono konkurrieren, ist verboten.<\/p>\r\n<p> <\/p>\r\n<p>3.<\/p>\r\n<p>Obwohl Swiss Military by Chrono sicherstellt, dass auf dieser Website korrekte und aktuelle Informationen enthalten sind, \u00fcbernimmt das Unternehmen keine Gew\u00e4hr oder Zusicherung in Bezug auf den Inhalt der Website. Swiss Military by Chrono \u00fcbernimmt keine Haftung f\u00fcr die Richtigkeit, Aktualit\u00e4t oder Vollst\u00e4ndigkeit der auf der Website swissmilitarywatches.ch enthaltenen Informationen. Swiss Military by Chrono beh\u00e4lt sich das Recht vor, den Inhalt der Website swissmilitarywatches.ch in irgendeiner Weise, zu jeder Zeit, aus irgendeinem Grund und ohne vorherige Ank\u00fcndigung zu \u00e4ndern, und haftet in keiner Weise f\u00fcr m\u00f6gliche Folgen solcher \u00c4nderungen.<\/p>\r\n<p> <\/p>\r\n<p>4.<\/p>\r\n<p>Swiss Military by Chrono kann nicht f\u00fcr Sch\u00e4den, Kosten oder Verluste haftbar gemacht werden, die durch die Nutzung der Website swissmilitarywatches.ch und\/oder des Online-Shops, die Nutzung von Links und\/oder E-Mail-Adressen, die von Swiss Military by Chrono bereitgestellt werden, entstehen k\u00f6nnen.<\/p>\r\n<p> <\/p>\r\n<p>5.<\/p>\r\n<p>Diese Nutzungsbedingungen unterliegen, soweit gesetzlich zul\u00e4ssig, dem Schweizer Recht.<\/p>\r\n<p>Soweit gesetzlich zul\u00e4ssig, gilt f\u00fcr alle sich aus diesen Nutzungsbedingungen ergebenden Rechtsstreitigkeiten Solothurn\/Schweiz als Gerichtsstand. Swiss Military by Chrono ist zudem berechtigt, am Sitz des Kunden zu klagen.<\/p>\r\n<p> <\/p>\r\n","protected":false},"excerpt":{"rendered":"<p>Nutzungsrichtlinien Diese Website wird von der Chrono AG, ein Unternehmen nach schweizerischem Recht, Firmen-ID CHE-108.009.554, Weissensteinstrasse 49, 4502 Solothurn, Schweiz, zur Verf\u00fcgung gestellt. Chrono AG ist Inhaberin der Uhrenmarke Swiss Military by Chrono. Nachfolgend wird die Inhaberin der Website daher mit &#8222;Swiss Military by Chrono\u201d bezeichnet. Wir weisen darauf hin, dass die durchSwiss Military by [&#8230;]\n","protected":false},"author":2,"featured_media":0,"parent":0,"menu_order":0,"comment_status":"closed","ping_status":"closed","template":"","meta":{"footnotes":""},"class_list":["post-7360","page","type-page","status-publish","hentry"],"yoast_head":"<!-- This site is optimized with the Yoast SEO Premium plugin v26.6 (Yoast SEO v26.6) - https:\/\/yoast.com\/wordpress\/plugins\/seo\/ -->\n<title>Nutzungsrichtlinien - Swiss Military by Chrono<\/title>\n<meta name=\"robots\" content=\"noindex, nofollow\" \/>\n<meta property=\"og:locale\" content=\"de_DE\" \/>\n<meta property=\"og:type\" content=\"article\" \/>\n<meta property=\"og:title\" content=\"Nutzungsrichtlinien\" \/>\n<meta property=\"og:description\" content=\"Nutzungsrichtlinien Diese Website wird von der Chrono AG, ein Unternehmen nach schweizerischem Recht, Firmen-ID CHE-108.009.554, Weissensteinstrasse 49, 4502 Solothurn, Schweiz, zur Verf\u00fcgung gestellt. Chrono AG ist Inhaberin der Uhrenmarke Swiss Military by Chrono. Nachfolgend wird die Inhaberin der Website daher mit &#8222;Swiss Military by Chrono\u201d bezeichnet. Wir weisen darauf hin, dass die durchSwiss Military by [...]\" \/>\n<meta property=\"og:url\" content=\"https:\/\/swissmilitarywatches.ch\/de\/nutzungsrichtlinien\/\" \/>\n<meta property=\"og:site_name\" content=\"Swiss Military by Chrono\" \/>\n<meta property=\"article:publisher\" content=\"https:\/\/m.facebook.com\/swissmilitarybychronoofficial\/\" \/>\n<meta property=\"article:modified_time\" content=\"2021-09-02T10:54:46+00:00\" \/>\n<meta name=\"twitter:card\" content=\"summary_large_image\" \/>\n<meta name=\"twitter:label1\" content=\"Gesch\u00e4tzte Lesezeit\" \/>\n\t<meta name=\"twitter:data1\" content=\"2\u00a0Minuten\" \/>\n<script type=\"application\/ld+json\" class=\"yoast-schema-graph\">{\"@context\":\"https:\/\/schema.org\",\"@graph\":[{\"@type\":\"WebPage\",\"@id\":\"https:\/\/swissmilitarywatches.ch\/de\/nutzungsrichtlinien\/\",\"url\":\"https:\/\/swissmilitarywatches.ch\/de\/nutzungsrichtlinien\/\",\"name\":\"Nutzungsrichtlinien - Swiss Military by Chrono\",\"isPartOf\":{\"@id\":\"https:\/\/swissmilitarywatches.ch\/de\/#website\"},\"datePublished\":\"2021-06-02T10:02:50+00:00\",\"dateModified\":\"2021-09-02T10:54:46+00:00\",\"breadcrumb\":{\"@id\":\"https:\/\/swissmilitarywatches.ch\/de\/nutzungsrichtlinien\/#breadcrumb\"},\"inLanguage\":\"de\",\"potentialAction\":[{\"@type\":\"ReadAction\",\"target\":[\"https:\/\/swissmilitarywatches.ch\/de\/nutzungsrichtlinien\/\"]}]},{\"@type\":\"BreadcrumbList\",\"@id\":\"https:\/\/swissmilitarywatches.ch\/de\/nutzungsrichtlinien\/#breadcrumb\",\"itemListElement\":[{\"@type\":\"ListItem\",\"position\":1,\"name\":\"Home\",\"item\":\"https:\/\/swissmilitarywatches.ch\/de\/home\/\"},{\"@type\":\"ListItem\",\"position\":2,\"name\":\"Nutzungsrichtlinien\"}]},{\"@type\":\"WebSite\",\"@id\":\"https:\/\/swissmilitarywatches.ch\/de\/#website\",\"url\":\"https:\/\/swissmilitarywatches.ch\/de\/\",\"name\":\"Swiss Military by Chrono\",\"description\":\"Official Licensed Product of the Swiss Confederation\",\"publisher\":{\"@id\":\"https:\/\/swissmilitarywatches.ch\/de\/#organization\"},\"potentialAction\":[{\"@type\":\"SearchAction\",\"target\":{\"@type\":\"EntryPoint\",\"urlTemplate\":\"https:\/\/swissmilitarywatches.ch\/de\/?s={search_term_string}\"},\"query-input\":{\"@type\":\"PropertyValueSpecification\",\"valueRequired\":true,\"valueName\":\"search_term_string\"}}],\"inLanguage\":\"de\"},{\"@type\":\"Organization\",\"@id\":\"https:\/\/swissmilitarywatches.ch\/de\/#organization\",\"name\":\"Swiss Military by Chrono\",\"url\":\"https:\/\/swissmilitarywatches.ch\/de\/\",\"logo\":{\"@type\":\"ImageObject\",\"inLanguage\":\"de\",\"@id\":\"https:\/\/swissmilitarywatches.ch\/de\/#\/schema\/logo\/image\/\",\"url\":\"https:\/\/swissmilitarywatches.ch\/wp-content\/uploads\/2020\/04\/cropped-SM_logo_512x512px.jpg\",\"contentUrl\":\"https:\/\/swissmilitarywatches.ch\/wp-content\/uploads\/2020\/04\/cropped-SM_logo_512x512px.jpg\",\"width\":512,\"height\":512,\"caption\":\"Swiss Military by Chrono\"},\"image\":{\"@id\":\"https:\/\/swissmilitarywatches.ch\/de\/#\/schema\/logo\/image\/\"},\"sameAs\":[\"https:\/\/m.facebook.com\/swissmilitarybychronoofficial\/\",\"https:\/\/www.instagram.com\/swissmilitarybychrono\/\",\"https:\/\/www.pinterest.ch\/swissmilitarybychrono\/\"]}]}<\/script>\n<!-- \/ Yoast SEO Premium plugin. -->","yoast_head_json":{"title":"Nutzungsrichtlinien - Swiss Military by Chrono","robots":{"index":"noindex","follow":"nofollow"},"og_locale":"de_DE","og_type":"article","og_title":"Nutzungsrichtlinien","og_description":"Nutzungsrichtlinien Diese Website wird von der Chrono AG, ein Unternehmen nach schweizerischem Recht, Firmen-ID CHE-108.009.554, Weissensteinstrasse 49, 4502 Solothurn, Schweiz, zur Verf\u00fcgung gestellt. Chrono AG ist Inhaberin der Uhrenmarke Swiss Military by Chrono. Nachfolgend wird die Inhaberin der Website daher mit &#8222;Swiss Military by Chrono\u201d bezeichnet. Wir weisen darauf hin, dass die durchSwiss Military by [...]","og_url":"https:\/\/swissmilitarywatches.ch\/de\/nutzungsrichtlinien\/","og_site_name":"Swiss Military by Chrono","article_publisher":"https:\/\/m.facebook.com\/swissmilitarybychronoofficial\/","article_modified_time":"2021-09-02T10:54:46+00:00","twitter_card":"summary_large_image","twitter_misc":{"Gesch\u00e4tzte Lesezeit":"2\u00a0Minuten"},"schema":{"@context":"https:\/\/schema.org","@graph":[{"@type":"WebPage","@id":"https:\/\/swissmilitarywatches.ch\/de\/nutzungsrichtlinien\/","url":"https:\/\/swissmilitarywatches.ch\/de\/nutzungsrichtlinien\/","name":"Nutzungsrichtlinien - Swiss Military by Chrono","isPartOf":{"@id":"https:\/\/swissmilitarywatches.ch\/de\/#website"},"datePublished":"2021-06-02T10:02:50+00:00","dateModified":"2021-09-02T10:54:46+00:00","breadcrumb":{"@id":"https:\/\/swissmilitarywatches.ch\/de\/nutzungsrichtlinien\/#breadcrumb"},"inLanguage":"de","potentialAction":[{"@type":"ReadAction","target":["https:\/\/swissmilitarywatches.ch\/de\/nutzungsrichtlinien\/"]}]},{"@type":"BreadcrumbList","@id":"https:\/\/swissmilitarywatches.ch\/de\/nutzungsrichtlinien\/#breadcrumb","itemListElement":[{"@type":"ListItem","position":1,"name":"Home","item":"https:\/\/swissmilitarywatches.ch\/de\/home\/"},{"@type":"ListItem","position":2,"name":"Nutzungsrichtlinien"}]},{"@type":"WebSite","@id":"https:\/\/swissmilitarywatches.ch\/de\/#website","url":"https:\/\/swissmilitarywatches.ch\/de\/","name":"Swiss Military by Chrono","description":"Official Licensed Product of the Swiss Confederation","publisher":{"@id":"https:\/\/swissmilitarywatches.ch\/de\/#organization"},"potentialAction":[{"@type":"SearchAction","target":{"@type":"EntryPoint","urlTemplate":"https:\/\/swissmilitarywatches.ch\/de\/?s={search_term_string}"},"query-input":{"@type":"PropertyValueSpecification","valueRequired":true,"valueName":"search_term_string"}}],"inLanguage":"de"},{"@type":"Organization","@id":"https:\/\/swissmilitarywatches.ch\/de\/#organization","name":"Swiss Military by Chrono","url":"https:\/\/swissmilitarywatches.ch\/de\/","logo":{"@type":"ImageObject","inLanguage":"de","@id":"https:\/\/swissmilitarywatches.ch\/de\/#\/schema\/logo\/image\/","url":"https:\/\/swissmilitarywatches.ch\/wp-content\/uploads\/2020\/04\/cropped-SM_logo_512x512px.jpg","contentUrl":"https:\/\/swissmilitarywatches.ch\/wp-content\/uploads\/2020\/04\/cropped-SM_logo_512x512px.jpg","width":512,"height":512,"caption":"Swiss Military by Chrono"},"image":{"@id":"https:\/\/swissmilitarywatches.ch\/de\/#\/schema\/logo\/image\/"},"sameAs":["https:\/\/m.facebook.com\/swissmilitarybychronoofficial\/","https:\/\/www.instagram.com\/swissmilitarybychrono\/","https:\/\/www.pinterest.ch\/swissmilitarybychrono\/"]}]}},"jetpack_sharing_enabled":true,"_links":{"self":[{"href":"https:\/\/swissmilitarywatches.ch\/de\/wp-json\/wp\/v2\/pages\/7360","targetHints":{"allow":["GET"]}}],"collection":[{"href":"https:\/\/swissmilitarywatches.ch\/de\/wp-json\/wp\/v2\/pages"}],"about":[{"href":"https:\/\/swissmilitarywatches.ch\/de\/wp-json\/wp\/v2\/types\/page"}],"author":[{"embeddable":true,"href":"https:\/\/swissmilitarywatches.ch\/de\/wp-json\/wp\/v2\/users\/2"}],"replies":[{"embeddable":true,"href":"https:\/\/swissmilitarywatches.ch\/de\/wp-json\/wp\/v2\/comments?post=7360"}],"version-history":[{"count":0,"href":"https:\/\/swissmilitarywatches.ch\/de\/wp-json\/wp\/v2\/pages\/7360\/revisions"}],"wp:attachment":[{"href":"https:\/\/swissmilitarywatches.ch\/de\/wp-json\/wp\/v2\/media?parent=7360"}],"curies":[{"name":"wp","href":"https:\/\/api.w.org\/{rel}","templated":true}]}}