{"id":7358,"date":"2021-06-02T10:53:24","date_gmt":"2021-06-02T09:53:24","guid":{"rendered":"https:\/\/swissmilitarywatches.ch\/ruckgaberichtlinien\/"},"modified":"2025-09-09T10:28:49","modified_gmt":"2025-09-09T08:28:49","slug":"ruckgaberichtlinien","status":"publish","type":"page","link":"https:\/\/swissmilitarywatches.ch\/de\/ruckgaberichtlinien\/","title":{"rendered":"R\u00fcckgaberichtlinien"},"content":{"rendered":"\n<h1 style=\"text-align: left;\">R\u00fcckgaberichtlinien<\/h1>\n<p> <\/p>\n<p style=\"text-align: left;\">Sie haben das Recht, innerhalb von 14 Tagen ohne Angabe von Gr\u00fcnden bereits get\u00e4tigte Verkaufsvertr\u00e4ge zu widerrufen. Die Frist zum Widerruf betr\u00e4gt 14 Tage ab dem Tag, an dem Sie oder ein von Ihnen bezeichneter Dritter die Ware im Empfang genommen hat. Die Widerspruchsfrist ist gewahrt, wenn Sie uns die Mitteilung zur Aus\u00fcbung vor Ablauf der Widerrufsfrist absenden. Das Widerrufsrecht \u00fcben Sie aus, indem Sie uns mittels einer schriftlichen Erkl\u00e4rung (z.B. Brief, Email, Fax) informieren, dass Sie den Vertrag widerrufen. Bitte beachten Sie, dass die Ware ungetragen, unbesch\u00e4digt und original verpackt sein muss.<\/p>\n<p>Die vollst\u00e4ndigen Widerrufsbestimmungen entnehmen Sie bitte unseren <a href=\"https:\/\/swissmilitarywatches.ch\/de\/general-terms-conditions\/\">AGB Artikel 3.<\/a><\/p>\n<p>Ihre Widerrufserkl\u00e4rung richten Sie bitte an:<\/p>\n<p>Swiss Military by Chrono<br>Chrono AG<br>Weissensteinstrasse 49<br>4502 Solothurn<br>Switzerland<\/p>\n<p>Phone +41 032 624 14 14<br>Email: <a href=\"mailto:info@chrono-ag.ch\">info@chrono-ag.ch<\/a><\/p>\n<p> <\/p>\n<p><strong data-start=\"320\" data-end=\"368\">Kosten und Verantwortung f\u00fcr die R\u00fccksendung<\/strong><\/p>\n<p>Der Kunde tr\u00e4gt die unmittelbaren Kosten der R\u00fccksendung der Waren. Dar\u00fcber hinaus ist der Kunde daf\u00fcr verantwortlich, alle f\u00fcr die R\u00fccksendung erforderlichen Dokumente (z. B. Zollformulare, Versandetiketten, Rechnungen usw.) zu beschaffen und bereitzustellen.  Bitte beachten Sie, dass die Ware ungetragen, unbesch\u00e4digt und original verpackt sein muss.<\/p>\n<p>Wir empfehlen Ihnen, f\u00fcr die R\u00fccksendung<\/p>\n<p>1. die von uns zur Verf\u00fcgung gestellte Originalverpackung zu verwenden. Damit k\u00f6nnen Besch\u00e4digungen bei der Bef\u00f6rderung vermieden werden.<br><br style=\"text-align: left;\">2. das von uns bereitgestellte<a href=\"https:\/\/swissmilitarywatches.ch\/de\/rucksendeformular\/\"> R\u00fccksendeformular<\/a> zu verwenden.<br>3. den Versandnachweis aufzubewahren.<\/p>\n<p> <\/p>\n\n","protected":false},"excerpt":{"rendered":"","protected":false},"author":2,"featured_media":0,"parent":0,"menu_order":0,"comment_status":"closed","ping_status":"closed","template":"","meta":{"footnotes":""},"class_list":["post-7358","page","type-page","status-publish","hentry"],"yoast_head":"<!-- This site is optimized with the Yoast SEO Premium plugin v26.6 (Yoast SEO v26.6) - https:\/\/yoast.com\/wordpress\/plugins\/seo\/ -->\n<title>R\u00fcckgaberichtlinien - Swiss Military by Chrono<\/title>\n<meta name=\"robots\" content=\"index, follow, max-snippet:-1, max-image-preview:large, max-video-preview:-1\" \/>\n<link rel=\"canonical\" href=\"https:\/\/swissmilitarywatches.ch\/de\/ruckgaberichtlinien\/\" \/>\n<meta property=\"og:locale\" content=\"de_DE\" \/>\n<meta property=\"og:type\" content=\"article\" \/>\n<meta property=\"og:title\" content=\"R\u00fcckgaberichtlinien\" \/>\n<meta property=\"og:url\" content=\"https:\/\/swissmilitarywatches.ch\/de\/ruckgaberichtlinien\/\" \/>\n<meta property=\"og:site_name\" content=\"Swiss Military by Chrono\" \/>\n<meta property=\"article:publisher\" content=\"https:\/\/m.facebook.com\/swissmilitarybychronoofficial\/\" \/>\n<meta property=\"article:modified_time\" content=\"2025-09-09T08:28:49+00:00\" \/>\n<meta name=\"twitter:card\" content=\"summary_large_image\" \/>\n<meta name=\"twitter:label1\" content=\"Gesch\u00e4tzte Lesezeit\" \/>\n\t<meta name=\"twitter:data1\" content=\"1\u00a0Minute\" \/>\n<script type=\"application\/ld+json\" class=\"yoast-schema-graph\">{\"@context\":\"https:\/\/schema.org\",\"@graph\":[{\"@type\":\"WebPage\",\"@id\":\"https:\/\/swissmilitarywatches.ch\/de\/ruckgaberichtlinien\/\",\"url\":\"https:\/\/swissmilitarywatches.ch\/de\/ruckgaberichtlinien\/\",\"name\":\"R\u00fcckgaberichtlinien - Swiss Military by Chrono\",\"isPartOf\":{\"@id\":\"https:\/\/swissmilitarywatches.ch\/de\/#website\"},\"datePublished\":\"2021-06-02T09:53:24+00:00\",\"dateModified\":\"2025-09-09T08:28:49+00:00\",\"breadcrumb\":{\"@id\":\"https:\/\/swissmilitarywatches.ch\/de\/ruckgaberichtlinien\/#breadcrumb\"},\"inLanguage\":\"de\",\"potentialAction\":[{\"@type\":\"ReadAction\",\"target\":[\"https:\/\/swissmilitarywatches.ch\/de\/ruckgaberichtlinien\/\"]}]},{\"@type\":\"BreadcrumbList\",\"@id\":\"https:\/\/swissmilitarywatches.ch\/de\/ruckgaberichtlinien\/#breadcrumb\",\"itemListElement\":[{\"@type\":\"ListItem\",\"position\":1,\"name\":\"Home\",\"item\":\"https:\/\/swissmilitarywatches.ch\/de\/home\/\"},{\"@type\":\"ListItem\",\"position\":2,\"name\":\"R\u00fcckgaberichtlinien\"}]},{\"@type\":\"WebSite\",\"@id\":\"https:\/\/swissmilitarywatches.ch\/de\/#website\",\"url\":\"https:\/\/swissmilitarywatches.ch\/de\/\",\"name\":\"Swiss Military by Chrono\",\"description\":\"Official Licensed Product of the Swiss Confederation\",\"publisher\":{\"@id\":\"https:\/\/swissmilitarywatches.ch\/de\/#organization\"},\"potentialAction\":[{\"@type\":\"SearchAction\",\"target\":{\"@type\":\"EntryPoint\",\"urlTemplate\":\"https:\/\/swissmilitarywatches.ch\/de\/?s={search_term_string}\"},\"query-input\":{\"@type\":\"PropertyValueSpecification\",\"valueRequired\":true,\"valueName\":\"search_term_string\"}}],\"inLanguage\":\"de\"},{\"@type\":\"Organization\",\"@id\":\"https:\/\/swissmilitarywatches.ch\/de\/#organization\",\"name\":\"Swiss Military by Chrono\",\"url\":\"https:\/\/swissmilitarywatches.ch\/de\/\",\"logo\":{\"@type\":\"ImageObject\",\"inLanguage\":\"de\",\"@id\":\"https:\/\/swissmilitarywatches.ch\/de\/#\/schema\/logo\/image\/\",\"url\":\"https:\/\/swissmilitarywatches.ch\/wp-content\/uploads\/2020\/04\/cropped-SM_logo_512x512px.jpg\",\"contentUrl\":\"https:\/\/swissmilitarywatches.ch\/wp-content\/uploads\/2020\/04\/cropped-SM_logo_512x512px.jpg\",\"width\":512,\"height\":512,\"caption\":\"Swiss Military by Chrono\"},\"image\":{\"@id\":\"https:\/\/swissmilitarywatches.ch\/de\/#\/schema\/logo\/image\/\"},\"sameAs\":[\"https:\/\/m.facebook.com\/swissmilitarybychronoofficial\/\",\"https:\/\/www.instagram.com\/swissmilitarybychrono\/\",\"https:\/\/www.pinterest.ch\/swissmilitarybychrono\/\"]}]}<\/script>\n<!-- \/ Yoast SEO Premium plugin. -->","yoast_head_json":{"title":"R\u00fcckgaberichtlinien - Swiss Military by Chrono","robots":{"index":"index","follow":"follow","max-snippet":"max-snippet:-1","max-image-preview":"max-image-preview:large","max-video-preview":"max-video-preview:-1"},"canonical":"https:\/\/swissmilitarywatches.ch\/de\/ruckgaberichtlinien\/","og_locale":"de_DE","og_type":"article","og_title":"R\u00fcckgaberichtlinien","og_url":"https:\/\/swissmilitarywatches.ch\/de\/ruckgaberichtlinien\/","og_site_name":"Swiss Military by Chrono","article_publisher":"https:\/\/m.facebook.com\/swissmilitarybychronoofficial\/","article_modified_time":"2025-09-09T08:28:49+00:00","twitter_card":"summary_large_image","twitter_misc":{"Gesch\u00e4tzte Lesezeit":"1\u00a0Minute"},"schema":{"@context":"https:\/\/schema.org","@graph":[{"@type":"WebPage","@id":"https:\/\/swissmilitarywatches.ch\/de\/ruckgaberichtlinien\/","url":"https:\/\/swissmilitarywatches.ch\/de\/ruckgaberichtlinien\/","name":"R\u00fcckgaberichtlinien - Swiss Military by Chrono","isPartOf":{"@id":"https:\/\/swissmilitarywatches.ch\/de\/#website"},"datePublished":"2021-06-02T09:53:24+00:00","dateModified":"2025-09-09T08:28:49+00:00","breadcrumb":{"@id":"https:\/\/swissmilitarywatches.ch\/de\/ruckgaberichtlinien\/#breadcrumb"},"inLanguage":"de","potentialAction":[{"@type":"ReadAction","target":["https:\/\/swissmilitarywatches.ch\/de\/ruckgaberichtlinien\/"]}]},{"@type":"BreadcrumbList","@id":"https:\/\/swissmilitarywatches.ch\/de\/ruckgaberichtlinien\/#breadcrumb","itemListElement":[{"@type":"ListItem","position":1,"name":"Home","item":"https:\/\/swissmilitarywatches.ch\/de\/home\/"},{"@type":"ListItem","position":2,"name":"R\u00fcckgaberichtlinien"}]},{"@type":"WebSite","@id":"https:\/\/swissmilitarywatches.ch\/de\/#website","url":"https:\/\/swissmilitarywatches.ch\/de\/","name":"Swiss Military by Chrono","description":"Official Licensed Product of the Swiss Confederation","publisher":{"@id":"https:\/\/swissmilitarywatches.ch\/de\/#organization"},"potentialAction":[{"@type":"SearchAction","target":{"@type":"EntryPoint","urlTemplate":"https:\/\/swissmilitarywatches.ch\/de\/?s={search_term_string}"},"query-input":{"@type":"PropertyValueSpecification","valueRequired":true,"valueName":"search_term_string"}}],"inLanguage":"de"},{"@type":"Organization","@id":"https:\/\/swissmilitarywatches.ch\/de\/#organization","name":"Swiss Military by Chrono","url":"https:\/\/swissmilitarywatches.ch\/de\/","logo":{"@type":"ImageObject","inLanguage":"de","@id":"https:\/\/swissmilitarywatches.ch\/de\/#\/schema\/logo\/image\/","url":"https:\/\/swissmilitarywatches.ch\/wp-content\/uploads\/2020\/04\/cropped-SM_logo_512x512px.jpg","contentUrl":"https:\/\/swissmilitarywatches.ch\/wp-content\/uploads\/2020\/04\/cropped-SM_logo_512x512px.jpg","width":512,"height":512,"caption":"Swiss Military by Chrono"},"image":{"@id":"https:\/\/swissmilitarywatches.ch\/de\/#\/schema\/logo\/image\/"},"sameAs":["https:\/\/m.facebook.com\/swissmilitarybychronoofficial\/","https:\/\/www.instagram.com\/swissmilitarybychrono\/","https:\/\/www.pinterest.ch\/swissmilitarybychrono\/"]}]}},"jetpack_sharing_enabled":true,"_links":{"self":[{"href":"https:\/\/swissmilitarywatches.ch\/de\/wp-json\/wp\/v2\/pages\/7358","targetHints":{"allow":["GET"]}}],"collection":[{"href":"https:\/\/swissmilitarywatches.ch\/de\/wp-json\/wp\/v2\/pages"}],"about":[{"href":"https:\/\/swissmilitarywatches.ch\/de\/wp-json\/wp\/v2\/types\/page"}],"author":[{"embeddable":true,"href":"https:\/\/swissmilitarywatches.ch\/de\/wp-json\/wp\/v2\/users\/2"}],"replies":[{"embeddable":true,"href":"https:\/\/swissmilitarywatches.ch\/de\/wp-json\/wp\/v2\/comments?post=7358"}],"version-history":[{"count":5,"href":"https:\/\/swissmilitarywatches.ch\/de\/wp-json\/wp\/v2\/pages\/7358\/revisions"}],"predecessor-version":[{"id":22423,"href":"https:\/\/swissmilitarywatches.ch\/de\/wp-json\/wp\/v2\/pages\/7358\/revisions\/22423"}],"wp:attachment":[{"href":"https:\/\/swissmilitarywatches.ch\/de\/wp-json\/wp\/v2\/media?parent=7358"}],"curies":[{"name":"wp","href":"https:\/\/api.w.org\/{rel}","templated":true}]}}