{"id":7338,"date":"2021-06-02T10:28:15","date_gmt":"2021-06-02T09:28:15","guid":{"rendered":"https:\/\/swissmilitarywatches.ch\/versandrichtlinien\/"},"modified":"2025-02-24T12:38:18","modified_gmt":"2025-02-24T10:38:18","slug":"versandrichtlinien","status":"publish","type":"page","link":"https:\/\/swissmilitarywatches.ch\/de\/versandrichtlinien\/","title":{"rendered":"Versandrichtlinien"},"content":{"rendered":"\n<h1>Versandrichtlinien<\/h1>\n<h1> <\/h1>\n<h2>Lieferung<\/h2>\n<p>Die Produkte werden an die von Ihnen angegebene Lieferadresse zugestellt.<\/p>\n<p>Swiss Military by Chrono bietet den kostenlosen Versand f\u00fcr alle Produkte ab einem Mindestbestellwert von 199\u20ac \/ 199$ \/ 199CHF. Die Versandkosten f\u00fcr Bestellungen unter dem Mindestbestellwert betragen 8CHF innerhalb der Schweiz und 35\u20ac \/ 35$ f\u00fcr internationale Sendungen. In L\u00e4nder, die bei der Wahl der Lieferadresse nicht aufgelistet werden, versenden wir leider nicht.<\/p>\n<p>Falls wir die in der Auftragsbest\u00e4tigung angegebene voraussichtliche Lieferzeiten, die innerhalb Europas 5-7, international 7-9 Werktage betr\u00e4gt, nicht einhalten k\u00f6nnen, werden wir mit Ihnen unverz\u00fcglich Kontakt aufnehmen, um Ihnen einen sp\u00e4teren Liefertermin mitzuteilen. Falls Sie den neuen Liefertermin ablehnen, k\u00f6nnen Sie die Bestellung ohne Kosten stornieren und erhalten den Kaufpreis zur\u00fcckerstattet.<\/p>\n<p>Werden Waren mit offensichtlichen Transportsch\u00e4den angeliefert, so reklamieren Sie solche Fehler bitte m\u00f6glichst sofort beim Zusteller und nehmen Sie bitte unverz\u00fcglich Kontakt zu uns auf. Die Vers\u00e4umung einer Reklamation oder Kontaktaufnahme hat f\u00fcr Ihre gesetzlichen Anspr\u00fcche und deren Durchsetzung, insbesondere Ihre Gew\u00e4hrleistungsrechte, keinerlei Konsequenzen. Sie helfen uns aber, unsere eigenen Anspr\u00fcche gegen\u00fcber dem Frachtf\u00fchrer bzw. der Transportversicherung geltend machen zu k\u00f6nnen.<\/p>\n<p>Die vollst\u00e4ndigen Bestimmungen entnehmen Sie bitte den <a href=\"https:\/\/swissmilitarywatches.ch\/de\/general-terms-conditions\/\">AGB Artikel 2.<\/a><\/p>\n<p> <\/p>\n<h2>Lieferorte<\/h2>\n<p> <\/p>\n<p><strong>Wir versenden in die folgenden L\u00e4nder:<\/strong><\/p>\n<p>Andorra, Australien, \u00d6sterreich, Belgien, Kroatien, Zypern, Tschechische Republik, D\u00e4nemark, Estland, Finnland, Frankreich, Deutschland, Ungarn, Irland, Italien, Lettland, Liechtenstein, Litauen, Luxemburg, Monaco, Niederlande, Norwegen, Polen, Portugal, Rum\u00e4nien, San Marino, Spanien, Schweden, Schweiz, China, Hongkong, Indonesien, Japan, Singapur, Slowenien, S\u00fcdkorea, Taiwan, Thailand, Neuseeland, S\u00fcdafrika, Vereinigtes K\u00f6nigreich.<\/p>\n<p>Sollten wir nicht in Ihr Land liefern, <a href=\"https:\/\/swissmilitarywatches.ch\/de\/kontaktieren-sie-uns\/\">kontaktieren Sie uns<\/a> bitte direkt.<\/p>\n<p> <\/p>\n<p><strong>Lieferzeiten<\/strong><\/p>\n<p>&#8211; EU, Schweiz &amp; Norwegen: 5 &#8211; 7 Werktage<\/p>\n<p>&#8211; International: 7 &#8211; 14 Arbeitstage<\/p>\n<p> <\/p>\n<p><strong>Lieferunternehmen<\/strong><\/p>\n<p>&#8211; UPS: Internationale Sendungen<\/p>\n<p>&#8211; DHL: Sendungen in die Schweiz<\/p>\n\n","protected":false},"excerpt":{"rendered":"","protected":false},"author":2,"featured_media":0,"parent":0,"menu_order":0,"comment_status":"closed","ping_status":"closed","template":"","meta":{"footnotes":""},"class_list":["post-7338","page","type-page","status-publish","hentry"],"yoast_head":"<!-- This site is optimized with the Yoast SEO Premium plugin v26.6 (Yoast SEO v26.6) - https:\/\/yoast.com\/wordpress\/plugins\/seo\/ -->\n<title>Versandrichtlinien - Swiss Military by Chrono<\/title>\n<meta name=\"robots\" content=\"index, follow, max-snippet:-1, max-image-preview:large, max-video-preview:-1\" \/>\n<link rel=\"canonical\" href=\"https:\/\/swissmilitarywatches.ch\/de\/versandrichtlinien\/\" \/>\n<meta property=\"og:locale\" content=\"de_DE\" \/>\n<meta property=\"og:type\" content=\"article\" \/>\n<meta property=\"og:title\" content=\"Versandrichtlinien\" \/>\n<meta property=\"og:url\" content=\"https:\/\/swissmilitarywatches.ch\/de\/versandrichtlinien\/\" \/>\n<meta property=\"og:site_name\" content=\"Swiss Military by Chrono\" \/>\n<meta property=\"article:publisher\" content=\"https:\/\/m.facebook.com\/swissmilitarybychronoofficial\/\" \/>\n<meta property=\"article:modified_time\" content=\"2025-02-24T10:38:18+00:00\" \/>\n<meta name=\"twitter:card\" content=\"summary_large_image\" \/>\n<meta name=\"twitter:label1\" content=\"Gesch\u00e4tzte Lesezeit\" \/>\n\t<meta name=\"twitter:data1\" content=\"1\u00a0Minute\" \/>\n<script type=\"application\/ld+json\" class=\"yoast-schema-graph\">{\"@context\":\"https:\/\/schema.org\",\"@graph\":[{\"@type\":\"WebPage\",\"@id\":\"https:\/\/swissmilitarywatches.ch\/de\/versandrichtlinien\/\",\"url\":\"https:\/\/swissmilitarywatches.ch\/de\/versandrichtlinien\/\",\"name\":\"Versandrichtlinien - Swiss Military by Chrono\",\"isPartOf\":{\"@id\":\"https:\/\/swissmilitarywatches.ch\/de\/#website\"},\"datePublished\":\"2021-06-02T09:28:15+00:00\",\"dateModified\":\"2025-02-24T10:38:18+00:00\",\"breadcrumb\":{\"@id\":\"https:\/\/swissmilitarywatches.ch\/de\/versandrichtlinien\/#breadcrumb\"},\"inLanguage\":\"de\",\"potentialAction\":[{\"@type\":\"ReadAction\",\"target\":[\"https:\/\/swissmilitarywatches.ch\/de\/versandrichtlinien\/\"]}]},{\"@type\":\"BreadcrumbList\",\"@id\":\"https:\/\/swissmilitarywatches.ch\/de\/versandrichtlinien\/#breadcrumb\",\"itemListElement\":[{\"@type\":\"ListItem\",\"position\":1,\"name\":\"Home\",\"item\":\"https:\/\/swissmilitarywatches.ch\/de\/home\/\"},{\"@type\":\"ListItem\",\"position\":2,\"name\":\"Versandrichtlinien\"}]},{\"@type\":\"WebSite\",\"@id\":\"https:\/\/swissmilitarywatches.ch\/de\/#website\",\"url\":\"https:\/\/swissmilitarywatches.ch\/de\/\",\"name\":\"Swiss Military by Chrono\",\"description\":\"Official Licensed Product of the Swiss Confederation\",\"publisher\":{\"@id\":\"https:\/\/swissmilitarywatches.ch\/de\/#organization\"},\"potentialAction\":[{\"@type\":\"SearchAction\",\"target\":{\"@type\":\"EntryPoint\",\"urlTemplate\":\"https:\/\/swissmilitarywatches.ch\/de\/?s={search_term_string}\"},\"query-input\":{\"@type\":\"PropertyValueSpecification\",\"valueRequired\":true,\"valueName\":\"search_term_string\"}}],\"inLanguage\":\"de\"},{\"@type\":\"Organization\",\"@id\":\"https:\/\/swissmilitarywatches.ch\/de\/#organization\",\"name\":\"Swiss Military by Chrono\",\"url\":\"https:\/\/swissmilitarywatches.ch\/de\/\",\"logo\":{\"@type\":\"ImageObject\",\"inLanguage\":\"de\",\"@id\":\"https:\/\/swissmilitarywatches.ch\/de\/#\/schema\/logo\/image\/\",\"url\":\"https:\/\/swissmilitarywatches.ch\/wp-content\/uploads\/2020\/04\/cropped-SM_logo_512x512px.jpg\",\"contentUrl\":\"https:\/\/swissmilitarywatches.ch\/wp-content\/uploads\/2020\/04\/cropped-SM_logo_512x512px.jpg\",\"width\":512,\"height\":512,\"caption\":\"Swiss Military by Chrono\"},\"image\":{\"@id\":\"https:\/\/swissmilitarywatches.ch\/de\/#\/schema\/logo\/image\/\"},\"sameAs\":[\"https:\/\/m.facebook.com\/swissmilitarybychronoofficial\/\",\"https:\/\/www.instagram.com\/swissmilitarybychrono\/\",\"https:\/\/www.pinterest.ch\/swissmilitarybychrono\/\"]}]}<\/script>\n<!-- \/ Yoast SEO Premium plugin. -->","yoast_head_json":{"title":"Versandrichtlinien - Swiss Military by Chrono","robots":{"index":"index","follow":"follow","max-snippet":"max-snippet:-1","max-image-preview":"max-image-preview:large","max-video-preview":"max-video-preview:-1"},"canonical":"https:\/\/swissmilitarywatches.ch\/de\/versandrichtlinien\/","og_locale":"de_DE","og_type":"article","og_title":"Versandrichtlinien","og_url":"https:\/\/swissmilitarywatches.ch\/de\/versandrichtlinien\/","og_site_name":"Swiss Military by Chrono","article_publisher":"https:\/\/m.facebook.com\/swissmilitarybychronoofficial\/","article_modified_time":"2025-02-24T10:38:18+00:00","twitter_card":"summary_large_image","twitter_misc":{"Gesch\u00e4tzte Lesezeit":"1\u00a0Minute"},"schema":{"@context":"https:\/\/schema.org","@graph":[{"@type":"WebPage","@id":"https:\/\/swissmilitarywatches.ch\/de\/versandrichtlinien\/","url":"https:\/\/swissmilitarywatches.ch\/de\/versandrichtlinien\/","name":"Versandrichtlinien - Swiss Military by Chrono","isPartOf":{"@id":"https:\/\/swissmilitarywatches.ch\/de\/#website"},"datePublished":"2021-06-02T09:28:15+00:00","dateModified":"2025-02-24T10:38:18+00:00","breadcrumb":{"@id":"https:\/\/swissmilitarywatches.ch\/de\/versandrichtlinien\/#breadcrumb"},"inLanguage":"de","potentialAction":[{"@type":"ReadAction","target":["https:\/\/swissmilitarywatches.ch\/de\/versandrichtlinien\/"]}]},{"@type":"BreadcrumbList","@id":"https:\/\/swissmilitarywatches.ch\/de\/versandrichtlinien\/#breadcrumb","itemListElement":[{"@type":"ListItem","position":1,"name":"Home","item":"https:\/\/swissmilitarywatches.ch\/de\/home\/"},{"@type":"ListItem","position":2,"name":"Versandrichtlinien"}]},{"@type":"WebSite","@id":"https:\/\/swissmilitarywatches.ch\/de\/#website","url":"https:\/\/swissmilitarywatches.ch\/de\/","name":"Swiss Military by Chrono","description":"Official Licensed Product of the Swiss Confederation","publisher":{"@id":"https:\/\/swissmilitarywatches.ch\/de\/#organization"},"potentialAction":[{"@type":"SearchAction","target":{"@type":"EntryPoint","urlTemplate":"https:\/\/swissmilitarywatches.ch\/de\/?s={search_term_string}"},"query-input":{"@type":"PropertyValueSpecification","valueRequired":true,"valueName":"search_term_string"}}],"inLanguage":"de"},{"@type":"Organization","@id":"https:\/\/swissmilitarywatches.ch\/de\/#organization","name":"Swiss Military by Chrono","url":"https:\/\/swissmilitarywatches.ch\/de\/","logo":{"@type":"ImageObject","inLanguage":"de","@id":"https:\/\/swissmilitarywatches.ch\/de\/#\/schema\/logo\/image\/","url":"https:\/\/swissmilitarywatches.ch\/wp-content\/uploads\/2020\/04\/cropped-SM_logo_512x512px.jpg","contentUrl":"https:\/\/swissmilitarywatches.ch\/wp-content\/uploads\/2020\/04\/cropped-SM_logo_512x512px.jpg","width":512,"height":512,"caption":"Swiss Military by Chrono"},"image":{"@id":"https:\/\/swissmilitarywatches.ch\/de\/#\/schema\/logo\/image\/"},"sameAs":["https:\/\/m.facebook.com\/swissmilitarybychronoofficial\/","https:\/\/www.instagram.com\/swissmilitarybychrono\/","https:\/\/www.pinterest.ch\/swissmilitarybychrono\/"]}]}},"jetpack_sharing_enabled":true,"_links":{"self":[{"href":"https:\/\/swissmilitarywatches.ch\/de\/wp-json\/wp\/v2\/pages\/7338","targetHints":{"allow":["GET"]}}],"collection":[{"href":"https:\/\/swissmilitarywatches.ch\/de\/wp-json\/wp\/v2\/pages"}],"about":[{"href":"https:\/\/swissmilitarywatches.ch\/de\/wp-json\/wp\/v2\/types\/page"}],"author":[{"embeddable":true,"href":"https:\/\/swissmilitarywatches.ch\/de\/wp-json\/wp\/v2\/users\/2"}],"replies":[{"embeddable":true,"href":"https:\/\/swissmilitarywatches.ch\/de\/wp-json\/wp\/v2\/comments?post=7338"}],"version-history":[{"count":9,"href":"https:\/\/swissmilitarywatches.ch\/de\/wp-json\/wp\/v2\/pages\/7338\/revisions"}],"predecessor-version":[{"id":21458,"href":"https:\/\/swissmilitarywatches.ch\/de\/wp-json\/wp\/v2\/pages\/7338\/revisions\/21458"}],"wp:attachment":[{"href":"https:\/\/swissmilitarywatches.ch\/de\/wp-json\/wp\/v2\/media?parent=7338"}],"curies":[{"name":"wp","href":"https:\/\/api.w.org\/{rel}","templated":true}]}}