{"id":7241,"date":"2021-05-24T10:56:05","date_gmt":"2021-05-24T09:56:05","guid":{"rendered":"https:\/\/swissmilitarywatches.ch\/anmeldung-zum-newsletter\/"},"modified":"2022-11-29T08:38:00","modified_gmt":"2022-11-29T07:38:00","slug":"anmeldung-zum-newsletter","status":"publish","type":"page","link":"https:\/\/swissmilitarywatches.ch\/de\/anmeldung-zum-newsletter\/","title":{"rendered":"Anmeldung zum Newsletter"},"content":{"rendered":"\n<h2 class=\"wp-block-heading\" id=\"h-subscribe-now-and-get-15-off-on-your-first-order-with-swiss-military-by-chrono\">Abonniere unseren Newsletter und erhalte 15% Rabatt auf Deine erste Bestellung bei Swiss Military by Chrono!<\/h2>\n\n<h3 class=\"wp-block-heading\" id=\"h-and-don-t-miss-out-on-novelties-promotions-and-special-offers\">&#8230; und verpasse keine Infos \u00fcber Neuheiten, Promotionen und Spezialangebote!<br\/><\/h3>\n\n<!-- Begin Mailchimp Signup Form -->\n<div id=\"mc_embed_signup\">\n<form action=\"https:\/\/swissmilitarywatches.us4.list-manage.com\/subscribe\/post?u=0284495186600c478a80d1637&#038;id=0a5887348d\" method=\"post\" id=\"mc-embedded-subscribe-form\" name=\"mc-embedded-subscribe-form\" class=\"validate\" target=\"_blank\" novalidate=\"\">\n    <div id=\"mc_embed_signup_scroll\">\n<div class=\"mc-field-group\">\n\t<label for=\"mce-EMAIL\">E-Mail Adresse <span class=\"asterisk\">*<\/span>\n<\/label>\n\t<input type=\"email\" value=\"\" name=\"EMAIL\" class=\"required email\" id=\"mce-EMAIL\"\/><\/div>\n<div class=\"mc-field-group\">\n\t<label for=\"mce-FNAME\">Vorname <\/label>\n\t<input type=\"text\" value=\"\" name=\"FNAME\" class=\"\" id=\"mce-FNAME\"\/><\/div>\n<div class=\"mc-field-group\">\n\t<label for=\"mce-LNAME\">Nachname <\/label>\n\t<input type=\"text\" value=\"\" name=\"LNAME\" class=\"\" id=\"mce-LNAME\"\/><div class=\"indicates-required\"><span class=\"asterisk\">*<\/span> Informationen erforderlich<\/div>\n\n<\/div>\n<div id=\"mergeRow-gdpr\" class=\"mergeRow gdpr-mergeRow content__gdprBlock mc-field-group\">\n    <div class=\"content__gdpr\">\n        <label>Marketing-Berechtigungen<\/label>\n        <p>Bitte w\u00e4hlen Sie alle M\u00f6glichkeiten aus, wie Sie von Swiss Military by Chrono h\u00f6ren m\u00f6chten:<\/p>\n        <fieldset class=\"mc_fieldset gdprRequired mc-field-group\" name=\"interestgroup_field\"><label class=\"checkbox subfield\" for=\"gdpr_38743\"><input type=\"checkbox\" id=\"gdpr_38743\" name=\"gdpr[38743]\" value=\"Y\" class=\"av-checkbox gdpr\"\/><span>E-Mail<\/span> <\/label>\n        <\/fieldset><p>Sie k\u00f6nnen den Newsletter jederzeit abbestellen, indem Sie auf den Link in der Fusszeile unserer E-Mails klicken. F\u00fcr Informationen \u00fcber unsere Datenschutzpraktiken besuchen Sie bitte unsere Datenschutzbestimmungen auf unserer Website.<\/p>\n    <\/div>\n    <div class=\"content__gdprLegal\">\n        <p>Wir nutzen Mailchimp als unsere Marketing-Plattform. Indem Sie unten klicken, um den Newsletter zu abonnieren, best\u00e4tigen Sie, dass Ihre Daten zur Bearbeitung an Mailchimp \u00fcbertragen werden. <a href=\"https:\/\/mailchimp.com\/legal\/\" target=\"_blank\" rel=\"noopener\">Erfahren Sie hier mehr \u00fcber die Datenschutzpraktiken von Mailchimp.<\/a><\/p>\n    <\/div>\n<\/div>\n\t<div id=\"mce-responses\" class=\"clear\">\n\t\t<div class=\"response\" id=\"mce-error-response\" style=\"display:none\"><\/div>\n\t\t<div class=\"response\" id=\"mce-success-response\" style=\"display:none\"><\/div>\n\t<\/div>    <!-- real people should not fill this in and expect good things - do not remove this or risk form bot signups-->\n    <div style=\"position: absolute; left: -5000px;\" aria-hidden=\"true\"><input type=\"text\" name=\"b_0284495186600c478a80d1637_0a5887348d\" tabindex=\"-1\" value=\"\"\/><\/div>\n    <div class=\"clear\"><input type=\"submit\" value=\"Abonnieren\" name=\"subscribe\" id=\"mc-embedded-subscribe\" class=\"button\"\/><\/div>\n    <\/div>\n<\/form>\n<\/div>\n\n<!--End mc_embed_signup-->\n\n<p><\/p>\n","protected":false},"excerpt":{"rendered":"<p>Abonniere unseren Newsletter und erhalte 15% Rabatt auf Deine erste Bestellung bei Swiss Military by Chrono! &#8230; und verpasse keine Infos \u00fcber Neuheiten, Promotionen und Spezialangebote! E-Mail Adresse * Vorname Nachname * Informationen erforderlich Marketing-Berechtigungen Bitte w\u00e4hlen Sie alle M\u00f6glichkeiten aus, wie Sie von Swiss Military by Chrono h\u00f6ren m\u00f6chten: E-Mail Sie k\u00f6nnen den Newsletter [&#8230;]\n","protected":false},"author":2,"featured_media":0,"parent":0,"menu_order":0,"comment_status":"closed","ping_status":"closed","template":"","meta":{"footnotes":""},"class_list":["post-7241","page","type-page","status-publish","hentry"],"yoast_head":"<!-- This site is optimized with the Yoast SEO Premium plugin v26.6 (Yoast SEO v26.6) - https:\/\/yoast.com\/wordpress\/plugins\/seo\/ -->\n<title>Anmeldung zum Newsletter - Swiss Military by Chrono<\/title>\n<meta name=\"robots\" content=\"index, follow, max-snippet:-1, max-image-preview:large, max-video-preview:-1\" \/>\n<link rel=\"canonical\" href=\"https:\/\/swissmilitarywatches.ch\/de\/anmeldung-zum-newsletter\/\" \/>\n<meta property=\"og:locale\" content=\"de_DE\" \/>\n<meta property=\"og:type\" content=\"article\" \/>\n<meta property=\"og:title\" content=\"Anmeldung zum Newsletter\" \/>\n<meta property=\"og:description\" content=\"Abonniere unseren Newsletter und erhalte 15% Rabatt auf Deine erste Bestellung bei Swiss Military by Chrono! &#8230; und verpasse keine Infos \u00fcber Neuheiten, Promotionen und Spezialangebote! E-Mail Adresse * Vorname Nachname * Informationen erforderlich Marketing-Berechtigungen Bitte w\u00e4hlen Sie alle M\u00f6glichkeiten aus, wie Sie von Swiss Military by Chrono h\u00f6ren m\u00f6chten: E-Mail Sie k\u00f6nnen den Newsletter [...]\" \/>\n<meta property=\"og:url\" content=\"https:\/\/swissmilitarywatches.ch\/de\/anmeldung-zum-newsletter\/\" \/>\n<meta property=\"og:site_name\" content=\"Swiss Military by Chrono\" \/>\n<meta property=\"article:publisher\" content=\"https:\/\/m.facebook.com\/swissmilitarybychronoofficial\/\" \/>\n<meta property=\"article:modified_time\" content=\"2022-11-29T07:38:00+00:00\" \/>\n<meta name=\"twitter:card\" content=\"summary_large_image\" \/>\n<meta name=\"twitter:label1\" content=\"Gesch\u00e4tzte Lesezeit\" \/>\n\t<meta name=\"twitter:data1\" content=\"1\u00a0Minute\" \/>\n<script type=\"application\/ld+json\" class=\"yoast-schema-graph\">{\"@context\":\"https:\/\/schema.org\",\"@graph\":[{\"@type\":\"WebPage\",\"@id\":\"https:\/\/swissmilitarywatches.ch\/de\/anmeldung-zum-newsletter\/\",\"url\":\"https:\/\/swissmilitarywatches.ch\/de\/anmeldung-zum-newsletter\/\",\"name\":\"Anmeldung zum Newsletter - Swiss Military by Chrono\",\"isPartOf\":{\"@id\":\"https:\/\/swissmilitarywatches.ch\/de\/#website\"},\"datePublished\":\"2021-05-24T09:56:05+00:00\",\"dateModified\":\"2022-11-29T07:38:00+00:00\",\"breadcrumb\":{\"@id\":\"https:\/\/swissmilitarywatches.ch\/de\/anmeldung-zum-newsletter\/#breadcrumb\"},\"inLanguage\":\"de\",\"potentialAction\":[{\"@type\":\"ReadAction\",\"target\":[\"https:\/\/swissmilitarywatches.ch\/de\/anmeldung-zum-newsletter\/\"]}]},{\"@type\":\"BreadcrumbList\",\"@id\":\"https:\/\/swissmilitarywatches.ch\/de\/anmeldung-zum-newsletter\/#breadcrumb\",\"itemListElement\":[{\"@type\":\"ListItem\",\"position\":1,\"name\":\"Home\",\"item\":\"https:\/\/swissmilitarywatches.ch\/de\/home\/\"},{\"@type\":\"ListItem\",\"position\":2,\"name\":\"Anmeldung zum Newsletter\"}]},{\"@type\":\"WebSite\",\"@id\":\"https:\/\/swissmilitarywatches.ch\/de\/#website\",\"url\":\"https:\/\/swissmilitarywatches.ch\/de\/\",\"name\":\"Swiss Military by Chrono\",\"description\":\"Official Licensed Product of the Swiss Confederation\",\"publisher\":{\"@id\":\"https:\/\/swissmilitarywatches.ch\/de\/#organization\"},\"potentialAction\":[{\"@type\":\"SearchAction\",\"target\":{\"@type\":\"EntryPoint\",\"urlTemplate\":\"https:\/\/swissmilitarywatches.ch\/de\/?s={search_term_string}\"},\"query-input\":{\"@type\":\"PropertyValueSpecification\",\"valueRequired\":true,\"valueName\":\"search_term_string\"}}],\"inLanguage\":\"de\"},{\"@type\":\"Organization\",\"@id\":\"https:\/\/swissmilitarywatches.ch\/de\/#organization\",\"name\":\"Swiss Military by Chrono\",\"url\":\"https:\/\/swissmilitarywatches.ch\/de\/\",\"logo\":{\"@type\":\"ImageObject\",\"inLanguage\":\"de\",\"@id\":\"https:\/\/swissmilitarywatches.ch\/de\/#\/schema\/logo\/image\/\",\"url\":\"https:\/\/swissmilitarywatches.ch\/wp-content\/uploads\/2020\/04\/cropped-SM_logo_512x512px.jpg\",\"contentUrl\":\"https:\/\/swissmilitarywatches.ch\/wp-content\/uploads\/2020\/04\/cropped-SM_logo_512x512px.jpg\",\"width\":512,\"height\":512,\"caption\":\"Swiss Military by Chrono\"},\"image\":{\"@id\":\"https:\/\/swissmilitarywatches.ch\/de\/#\/schema\/logo\/image\/\"},\"sameAs\":[\"https:\/\/m.facebook.com\/swissmilitarybychronoofficial\/\",\"https:\/\/www.instagram.com\/swissmilitarybychrono\/\",\"https:\/\/www.pinterest.ch\/swissmilitarybychrono\/\"]}]}<\/script>\n<!-- \/ Yoast SEO Premium plugin. -->","yoast_head_json":{"title":"Anmeldung zum Newsletter - Swiss Military by Chrono","robots":{"index":"index","follow":"follow","max-snippet":"max-snippet:-1","max-image-preview":"max-image-preview:large","max-video-preview":"max-video-preview:-1"},"canonical":"https:\/\/swissmilitarywatches.ch\/de\/anmeldung-zum-newsletter\/","og_locale":"de_DE","og_type":"article","og_title":"Anmeldung zum Newsletter","og_description":"Abonniere unseren Newsletter und erhalte 15% Rabatt auf Deine erste Bestellung bei Swiss Military by Chrono! &#8230; und verpasse keine Infos \u00fcber Neuheiten, Promotionen und Spezialangebote! E-Mail Adresse * Vorname Nachname * Informationen erforderlich Marketing-Berechtigungen Bitte w\u00e4hlen Sie alle M\u00f6glichkeiten aus, wie Sie von Swiss Military by Chrono h\u00f6ren m\u00f6chten: E-Mail Sie k\u00f6nnen den Newsletter [...]","og_url":"https:\/\/swissmilitarywatches.ch\/de\/anmeldung-zum-newsletter\/","og_site_name":"Swiss Military by Chrono","article_publisher":"https:\/\/m.facebook.com\/swissmilitarybychronoofficial\/","article_modified_time":"2022-11-29T07:38:00+00:00","twitter_card":"summary_large_image","twitter_misc":{"Gesch\u00e4tzte Lesezeit":"1\u00a0Minute"},"schema":{"@context":"https:\/\/schema.org","@graph":[{"@type":"WebPage","@id":"https:\/\/swissmilitarywatches.ch\/de\/anmeldung-zum-newsletter\/","url":"https:\/\/swissmilitarywatches.ch\/de\/anmeldung-zum-newsletter\/","name":"Anmeldung zum Newsletter - Swiss Military by Chrono","isPartOf":{"@id":"https:\/\/swissmilitarywatches.ch\/de\/#website"},"datePublished":"2021-05-24T09:56:05+00:00","dateModified":"2022-11-29T07:38:00+00:00","breadcrumb":{"@id":"https:\/\/swissmilitarywatches.ch\/de\/anmeldung-zum-newsletter\/#breadcrumb"},"inLanguage":"de","potentialAction":[{"@type":"ReadAction","target":["https:\/\/swissmilitarywatches.ch\/de\/anmeldung-zum-newsletter\/"]}]},{"@type":"BreadcrumbList","@id":"https:\/\/swissmilitarywatches.ch\/de\/anmeldung-zum-newsletter\/#breadcrumb","itemListElement":[{"@type":"ListItem","position":1,"name":"Home","item":"https:\/\/swissmilitarywatches.ch\/de\/home\/"},{"@type":"ListItem","position":2,"name":"Anmeldung zum Newsletter"}]},{"@type":"WebSite","@id":"https:\/\/swissmilitarywatches.ch\/de\/#website","url":"https:\/\/swissmilitarywatches.ch\/de\/","name":"Swiss Military by Chrono","description":"Official Licensed Product of the Swiss Confederation","publisher":{"@id":"https:\/\/swissmilitarywatches.ch\/de\/#organization"},"potentialAction":[{"@type":"SearchAction","target":{"@type":"EntryPoint","urlTemplate":"https:\/\/swissmilitarywatches.ch\/de\/?s={search_term_string}"},"query-input":{"@type":"PropertyValueSpecification","valueRequired":true,"valueName":"search_term_string"}}],"inLanguage":"de"},{"@type":"Organization","@id":"https:\/\/swissmilitarywatches.ch\/de\/#organization","name":"Swiss Military by Chrono","url":"https:\/\/swissmilitarywatches.ch\/de\/","logo":{"@type":"ImageObject","inLanguage":"de","@id":"https:\/\/swissmilitarywatches.ch\/de\/#\/schema\/logo\/image\/","url":"https:\/\/swissmilitarywatches.ch\/wp-content\/uploads\/2020\/04\/cropped-SM_logo_512x512px.jpg","contentUrl":"https:\/\/swissmilitarywatches.ch\/wp-content\/uploads\/2020\/04\/cropped-SM_logo_512x512px.jpg","width":512,"height":512,"caption":"Swiss Military by Chrono"},"image":{"@id":"https:\/\/swissmilitarywatches.ch\/de\/#\/schema\/logo\/image\/"},"sameAs":["https:\/\/m.facebook.com\/swissmilitarybychronoofficial\/","https:\/\/www.instagram.com\/swissmilitarybychrono\/","https:\/\/www.pinterest.ch\/swissmilitarybychrono\/"]}]}},"jetpack_sharing_enabled":true,"_links":{"self":[{"href":"https:\/\/swissmilitarywatches.ch\/de\/wp-json\/wp\/v2\/pages\/7241","targetHints":{"allow":["GET"]}}],"collection":[{"href":"https:\/\/swissmilitarywatches.ch\/de\/wp-json\/wp\/v2\/pages"}],"about":[{"href":"https:\/\/swissmilitarywatches.ch\/de\/wp-json\/wp\/v2\/types\/page"}],"author":[{"embeddable":true,"href":"https:\/\/swissmilitarywatches.ch\/de\/wp-json\/wp\/v2\/users\/2"}],"replies":[{"embeddable":true,"href":"https:\/\/swissmilitarywatches.ch\/de\/wp-json\/wp\/v2\/comments?post=7241"}],"version-history":[{"count":6,"href":"https:\/\/swissmilitarywatches.ch\/de\/wp-json\/wp\/v2\/pages\/7241\/revisions"}],"predecessor-version":[{"id":12324,"href":"https:\/\/swissmilitarywatches.ch\/de\/wp-json\/wp\/v2\/pages\/7241\/revisions\/12324"}],"wp:attachment":[{"href":"https:\/\/swissmilitarywatches.ch\/de\/wp-json\/wp\/v2\/media?parent=7241"}],"curies":[{"name":"wp","href":"https:\/\/api.w.org\/{rel}","templated":true}]}}